{"id":9771,"date":"2019-08-17T10:51:55","date_gmt":"2019-08-17T07:51:55","guid":{"rendered":"https:\/\/creativityshop.eu\/?post_type=product&#038;p=9771"},"modified":"2026-01-28T02:11:47","modified_gmt":"2026-01-27T23:11:47","slug":"french-wire-cut-wire-1-mm-diameter-honey-orange-color-k4768","status":"publish","type":"product","link":"https:\/\/creativityshop.eu\/pl\/product\/french-wire-cut-wire-1-mm-diameter-honey-orange-color-k4768\/","title":{"rendered":"French Wire\/Cut Wire, 1 mm diameter, Honey Orange Color, K4768"},"content":{"rendered":"<p>Cut french wire or Dabka is widely used in hand embroidery and is very good for different ornaments of your fancy work. You can buy a wide range of cut french wire on www.creativityshop.eu<\/p>\n<p>Product images are for illustrative purposes only and may differ from the actual product. Due to differences in monitors and lightening, colors of products may also appear different to those shown on the site.<\/p>\n","protected":false},"excerpt":{"rendered":"<p><strong>Cut french wire\/Dabka wire for hand embroidery<\/strong><\/p>\n<p>Color: Honey Orange<br \/>\nAvailable diameters: 1 mm<br \/>\nMaterial: Copper<br \/>\nCountry of origin: India<br \/>\nPrice per 5 grams<\/p>\n","protected":false},"featured_media":9779,"template":"","meta":{"_acf_changed":false,"_exactmetrics_skip_tracking":false,"_exactmetrics_sitenote_active":false,"_exactmetrics_sitenote_note":"","_exactmetrics_sitenote_category":0},"product_brand":[],"product_cat":[213,232],"product_tag":[],"class_list":{"0":"post-9771","1":"product","2":"type-product","3":"status-publish","4":"has-post-thumbnail","6":"product_cat-french-wires","7":"product_cat-cut-wire","9":"first","10":"outofstock","11":"taxable","12":"shipping-taxable","13":"purchasable","14":"product-type-simple","15":"add-to-wishlist-after_add_to_cart"},"acf":[],"yoast_head":"<!-- This site is optimized with the Yoast SEO Premium plugin v27.0 (Yoast SEO v27.0) - https:\/\/yoast.com\/product\/yoast-seo-premium-wordpress\/ -->\n<title>French Wire\/Cut Wire, 1 mm diameter, Honey Orange Color, K4768 - CreativityShopEU<\/title>\n<meta name=\"robots\" content=\"noindex, follow\" \/>\n<meta property=\"og:locale\" content=\"pl_PL\" \/>\n<meta property=\"og:type\" content=\"article\" \/>\n<meta property=\"og:title\" content=\"French Wire\/Cut Wire, 1 mm diameter, Honey Orange Color, K4768\" \/>\n<meta property=\"og:description\" content=\"Cut french wire\/Dabka wire for hand embroidery  Color: Honey Orange Available diameters: 1 mm Material: Copper Country of origin: India Price per 5 grams\" \/>\n<meta property=\"og:url\" content=\"https:\/\/creativityshop.eu\/pl\/product\/french-wire-cut-wire-1-mm-diameter-honey-orange-color-k4768\/\" \/>\n<meta property=\"og:site_name\" content=\"CreativityShopEU\" \/>\n<meta property=\"article:modified_time\" content=\"2026-01-27T23:11:47+00:00\" \/>\n<meta property=\"og:image\" content=\"https:\/\/creativityshop.eu\/wp-content\/uploads\/2019\/08\/cut-french-wire-honey-orange-color-1mm-4768.jpg\" \/>\n\t<meta property=\"og:image:width\" content=\"768\" \/>\n\t<meta property=\"og:image:height\" content=\"768\" \/>\n\t<meta property=\"og:image:type\" content=\"image\/jpeg\" \/>\n<meta name=\"twitter:card\" content=\"summary_large_image\" \/>\n<meta name=\"twitter:label1\" content=\"Cena\" \/>\n\t<meta name=\"twitter:data1\" content=\"&#036;1.00\" \/>\n\t<meta name=\"twitter:label2\" content=\"Dost\u0119pno\u015b\u0107\" \/>\n\t<meta name=\"twitter:data2\" content=\"Brak w magazynie\" \/>\n<script type=\"application\/ld+json\" class=\"yoast-schema-graph\">{\"@context\":\"https:\/\/schema.org\",\"@graph\":[{\"@type\":\"WebPage\",\"@id\":\"https:\/\/creativityshop.eu\/pl\/product\/french-wire-cut-wire-1-mm-diameter-honey-orange-color-k4768\/\",\"url\":\"https:\/\/creativityshop.eu\/pl\/product\/french-wire-cut-wire-1-mm-diameter-honey-orange-color-k4768\/\",\"name\":\"French Wire\/Cut Wire, 1 mm diameter, Honey Orange Color, K4768 - CreativityShopEU\",\"isPartOf\":{\"@id\":\"https:\/\/creativityshop.eu\/pl\/#website\"},\"primaryImageOfPage\":{\"@id\":\"https:\/\/creativityshop.eu\/pl\/product\/french-wire-cut-wire-1-mm-diameter-honey-orange-color-k4768\/#primaryimage\"},\"image\":{\"@id\":\"https:\/\/creativityshop.eu\/pl\/product\/french-wire-cut-wire-1-mm-diameter-honey-orange-color-k4768\/#primaryimage\"},\"thumbnailUrl\":\"https:\/\/creativityshop.eu\/wp-content\/uploads\/2019\/08\/cut-french-wire-honey-orange-color-1mm-4768.jpg\",\"datePublished\":\"2019-08-17T07:51:55+00:00\",\"dateModified\":\"2026-01-27T23:11:47+00:00\",\"breadcrumb\":{\"@id\":\"https:\/\/creativityshop.eu\/pl\/product\/french-wire-cut-wire-1-mm-diameter-honey-orange-color-k4768\/#breadcrumb\"},\"inLanguage\":\"pl-PL\",\"potentialAction\":[{\"@type\":\"ReadAction\",\"target\":[\"https:\/\/creativityshop.eu\/pl\/product\/french-wire-cut-wire-1-mm-diameter-honey-orange-color-k4768\/\"]}]},{\"@type\":\"ImageObject\",\"inLanguage\":\"pl-PL\",\"@id\":\"https:\/\/creativityshop.eu\/pl\/product\/french-wire-cut-wire-1-mm-diameter-honey-orange-color-k4768\/#primaryimage\",\"url\":\"https:\/\/creativityshop.eu\/wp-content\/uploads\/2019\/08\/cut-french-wire-honey-orange-color-1mm-4768.jpg\",\"contentUrl\":\"https:\/\/creativityshop.eu\/wp-content\/uploads\/2019\/08\/cut-french-wire-honey-orange-color-1mm-4768.jpg\",\"width\":768,\"height\":768},{\"@type\":\"BreadcrumbList\",\"@id\":\"https:\/\/creativityshop.eu\/pl\/product\/french-wire-cut-wire-1-mm-diameter-honey-orange-color-k4768\/#breadcrumb\",\"itemListElement\":[{\"@type\":\"ListItem\",\"position\":1,\"name\":\"Home\",\"item\":\"https:\/\/creativityshop.eu\/pl\/\"},{\"@type\":\"ListItem\",\"position\":2,\"name\":\"Shop\",\"item\":\"https:\/\/creativityshop.eu\/shop\/\"},{\"@type\":\"ListItem\",\"position\":3,\"name\":\"French Wire\/Cut Wire, 1 mm diameter, Honey Orange Color, K4768\"}]},{\"@type\":\"WebSite\",\"@id\":\"https:\/\/creativityshop.eu\/pl\/#website\",\"url\":\"https:\/\/creativityshop.eu\/pl\/\",\"name\":\"CreativityShopEU\",\"description\":\"Embroidery and jewelry components\",\"publisher\":{\"@id\":\"https:\/\/creativityshop.eu\/pl\/#organization\"},\"potentialAction\":[{\"@type\":\"SearchAction\",\"target\":{\"@type\":\"EntryPoint\",\"urlTemplate\":\"https:\/\/creativityshop.eu\/pl\/?s={search_term_string}\"},\"query-input\":{\"@type\":\"PropertyValueSpecification\",\"valueRequired\":true,\"valueName\":\"search_term_string\"}}],\"inLanguage\":\"pl-PL\"},{\"@type\":\"Organization\",\"@id\":\"https:\/\/creativityshop.eu\/pl\/#organization\",\"name\":\"Creativity Shop OU\",\"url\":\"https:\/\/creativityshop.eu\/pl\/\",\"logo\":{\"@type\":\"ImageObject\",\"inLanguage\":\"pl-PL\",\"@id\":\"https:\/\/creativityshop.eu\/pl\/#\/schema\/logo\/image\/\",\"url\":\"https:\/\/creativityshop.eu\/wp-content\/uploads\/2018\/11\/creativity_shop_logosite2.png\",\"contentUrl\":\"https:\/\/creativityshop.eu\/wp-content\/uploads\/2018\/11\/creativity_shop_logosite2.png\",\"width\":2871,\"height\":1100,\"caption\":\"Creativity Shop OU\"},\"image\":{\"@id\":\"https:\/\/creativityshop.eu\/pl\/#\/schema\/logo\/image\/\"}}]}<\/script>\n<meta property=\"product:price:amount\" content=\"1.00\" \/>\n<meta property=\"product:price:currency\" content=\"USD\" \/>\n<meta property=\"og:availability\" content=\"out of stock\" \/>\n<meta property=\"product:availability\" content=\"out of stock\" \/>\n<meta property=\"product:retailer_item_id\" content=\"K4768\" \/>\n<meta property=\"product:condition\" content=\"new\" \/>\n<!-- \/ Yoast SEO Premium plugin. -->","yoast_head_json":{"title":"French Wire\/Cut Wire, 1 mm diameter, Honey Orange Color, K4768 - CreativityShopEU","robots":{"index":"noindex","follow":"follow"},"og_locale":"pl_PL","og_type":"article","og_title":"French Wire\/Cut Wire, 1 mm diameter, Honey Orange Color, K4768","og_description":"Cut french wire\/Dabka wire for hand embroidery  Color: Honey Orange Available diameters: 1 mm Material: Copper Country of origin: India Price per 5 grams","og_url":"https:\/\/creativityshop.eu\/pl\/product\/french-wire-cut-wire-1-mm-diameter-honey-orange-color-k4768\/","og_site_name":"CreativityShopEU","article_modified_time":"2026-01-27T23:11:47+00:00","og_image":[{"width":768,"height":768,"url":"https:\/\/creativityshop.eu\/wp-content\/uploads\/2019\/08\/cut-french-wire-honey-orange-color-1mm-4768.jpg","type":"image\/jpeg"}],"twitter_card":"summary_large_image","twitter_misc":{"Cena":"&#36;1.00","Dost\u0119pno\u015b\u0107":"Brak w magazynie"},"schema":{"@context":"https:\/\/schema.org","@graph":[{"@type":"WebPage","@id":"https:\/\/creativityshop.eu\/pl\/product\/french-wire-cut-wire-1-mm-diameter-honey-orange-color-k4768\/","url":"https:\/\/creativityshop.eu\/pl\/product\/french-wire-cut-wire-1-mm-diameter-honey-orange-color-k4768\/","name":"French Wire\/Cut Wire, 1 mm diameter, Honey Orange Color, K4768 - CreativityShopEU","isPartOf":{"@id":"https:\/\/creativityshop.eu\/pl\/#website"},"primaryImageOfPage":{"@id":"https:\/\/creativityshop.eu\/pl\/product\/french-wire-cut-wire-1-mm-diameter-honey-orange-color-k4768\/#primaryimage"},"image":{"@id":"https:\/\/creativityshop.eu\/pl\/product\/french-wire-cut-wire-1-mm-diameter-honey-orange-color-k4768\/#primaryimage"},"thumbnailUrl":"https:\/\/creativityshop.eu\/wp-content\/uploads\/2019\/08\/cut-french-wire-honey-orange-color-1mm-4768.jpg","datePublished":"2019-08-17T07:51:55+00:00","dateModified":"2026-01-27T23:11:47+00:00","breadcrumb":{"@id":"https:\/\/creativityshop.eu\/pl\/product\/french-wire-cut-wire-1-mm-diameter-honey-orange-color-k4768\/#breadcrumb"},"inLanguage":"pl-PL","potentialAction":[{"@type":"ReadAction","target":["https:\/\/creativityshop.eu\/pl\/product\/french-wire-cut-wire-1-mm-diameter-honey-orange-color-k4768\/"]}]},{"@type":"ImageObject","inLanguage":"pl-PL","@id":"https:\/\/creativityshop.eu\/pl\/product\/french-wire-cut-wire-1-mm-diameter-honey-orange-color-k4768\/#primaryimage","url":"https:\/\/creativityshop.eu\/wp-content\/uploads\/2019\/08\/cut-french-wire-honey-orange-color-1mm-4768.jpg","contentUrl":"https:\/\/creativityshop.eu\/wp-content\/uploads\/2019\/08\/cut-french-wire-honey-orange-color-1mm-4768.jpg","width":768,"height":768},{"@type":"BreadcrumbList","@id":"https:\/\/creativityshop.eu\/pl\/product\/french-wire-cut-wire-1-mm-diameter-honey-orange-color-k4768\/#breadcrumb","itemListElement":[{"@type":"ListItem","position":1,"name":"Home","item":"https:\/\/creativityshop.eu\/pl\/"},{"@type":"ListItem","position":2,"name":"Shop","item":"https:\/\/creativityshop.eu\/shop\/"},{"@type":"ListItem","position":3,"name":"French Wire\/Cut Wire, 1 mm diameter, Honey Orange Color, K4768"}]},{"@type":"WebSite","@id":"https:\/\/creativityshop.eu\/pl\/#website","url":"https:\/\/creativityshop.eu\/pl\/","name":"CreativityShopEU","description":"Embroidery and jewelry components","publisher":{"@id":"https:\/\/creativityshop.eu\/pl\/#organization"},"potentialAction":[{"@type":"SearchAction","target":{"@type":"EntryPoint","urlTemplate":"https:\/\/creativityshop.eu\/pl\/?s={search_term_string}"},"query-input":{"@type":"PropertyValueSpecification","valueRequired":true,"valueName":"search_term_string"}}],"inLanguage":"pl-PL"},{"@type":"Organization","@id":"https:\/\/creativityshop.eu\/pl\/#organization","name":"Creativity Shop OU","url":"https:\/\/creativityshop.eu\/pl\/","logo":{"@type":"ImageObject","inLanguage":"pl-PL","@id":"https:\/\/creativityshop.eu\/pl\/#\/schema\/logo\/image\/","url":"https:\/\/creativityshop.eu\/wp-content\/uploads\/2018\/11\/creativity_shop_logosite2.png","contentUrl":"https:\/\/creativityshop.eu\/wp-content\/uploads\/2018\/11\/creativity_shop_logosite2.png","width":2871,"height":1100,"caption":"Creativity Shop OU"},"image":{"@id":"https:\/\/creativityshop.eu\/pl\/#\/schema\/logo\/image\/"}}]},"product_price_amount":"1.00","product_price_currency":"USD","og_availability":"out of stock","product_availability":"out of stock","product_retailer_item_id":"K4768","product_condition":"new"},"_links":{"self":[{"href":"https:\/\/creativityshop.eu\/pl\/wp-json\/wp\/v2\/product\/9771","targetHints":{"allow":["GET"]}}],"collection":[{"href":"https:\/\/creativityshop.eu\/pl\/wp-json\/wp\/v2\/product"}],"about":[{"href":"https:\/\/creativityshop.eu\/pl\/wp-json\/wp\/v2\/types\/product"}],"wp:featuredmedia":[{"embeddable":true,"href":"https:\/\/creativityshop.eu\/pl\/wp-json\/wp\/v2\/media\/9779"}],"wp:attachment":[{"href":"https:\/\/creativityshop.eu\/pl\/wp-json\/wp\/v2\/media?parent=9771"}],"wp:term":[{"taxonomy":"product_brand","embeddable":true,"href":"https:\/\/creativityshop.eu\/pl\/wp-json\/wp\/v2\/product_brand?post=9771"},{"taxonomy":"product_cat","embeddable":true,"href":"https:\/\/creativityshop.eu\/pl\/wp-json\/wp\/v2\/product_cat?post=9771"},{"taxonomy":"product_tag","embeddable":true,"href":"https:\/\/creativityshop.eu\/pl\/wp-json\/wp\/v2\/product_tag?post=9771"}],"curies":[{"name":"wp","href":"https:\/\/api.w.org\/{rel}","templated":true}]}}