{"id":9716,"date":"2019-08-17T02:24:01","date_gmt":"2019-08-16T23:24:01","guid":{"rendered":"https:\/\/creativityshop.eu\/?post_type=product&#038;p=9716"},"modified":"2026-01-28T02:30:34","modified_gmt":"2026-01-27T23:30:34","slug":"stiff-french-wire-1-1-25-mm-diameter-yellow-gold-color","status":"publish","type":"product","link":"https:\/\/creativityshop.eu\/pl\/product\/stiff-french-wire-1-1-25-mm-diameter-yellow-gold-color\/","title":{"rendered":"Stiff French Wire 1-1.25 mm diameter Yellow Gold Color KS7478"},"content":{"rendered":"<p><strong>Stiff french wire\/bullion\/gimp wire for hand embroidery<\/strong><\/p>\n<p>Color: Yellow Gold (Lemon yellow)<br \/>\nAvailable diameters: 1 mm and 1.25 mm<br \/>\nMaterial: Copper<br \/>\nCountry of origin: India<br \/>\nPrice per 5 grams (app. 140 cm for 1 mm and app. 90 cm for 1.25 mm)<\/p>\n<p>This French wire is made for embroidery and jewelry making. The copper wire has a beautiful gloss and is coiled in a graceful spring manner. Spring copper metallic thread (French wire) is widely used in making traditional embroidery work and jewelry making. Wires are very flexible, expands into fine coil spring upon pull.<br \/>\nThis metallic wire for embroidery made in India. In India, French wire is called Dabka. Also known as bullion wire or Nakshi.<br \/>\nYou can find a wide range of embroidery wires and threads from www.creativityshop.eu<\/p>\n<p><strong>This a Gimp\/Stiff French wire<\/strong><\/p>\n<p>The wire which used for making Gimp\/Stiff Wire is more thick and stiff then regular French wire. Smooth French Wire and Gimp Wire are made by winding on round billets. Gimp Wire is ideal for creating a contour and getting a relief embroidery.<\/p>\n<p><strong>Instructions for the care of French wire embroidery<\/strong><\/p>\n<p>French wire metal embroideries are very delicate. They shouldn\u2019t be machine-washed nor dry-cleaned. Avoid all contact with water, acids or alcohol. Please, avoid long exposures to heat and light! To keep your embroideries glossy as long as possible, store them in the dark places.<br \/>\nTake a special attention to the scissors or wire cutter, when you are working with a French wire. Your tools must be very sharp and without notches, otherwise there will be hooks on the wire. Avoid stretching and deformation of the spring, when you embroidering.<\/p>\n","protected":false},"excerpt":{"rendered":"<p><strong>Stiff french wire\/bullion\/gimp wire for hand embroidery<\/strong><\/p>\n<p>Color: Yellow Gold (Lemon yellow)<br \/>\nAvailable diameters: 1 mm and 1.25 mm<br \/>\nMaterial: Copper<br \/>\nCountry of origin: India<br \/>\nPrice per 5 grams (app. 140 cm for 1 mm and app. 90 cm for 1.25 mm)<\/p>\n","protected":false},"featured_media":9722,"template":"","meta":{"_acf_changed":false,"_exactmetrics_skip_tracking":false,"_exactmetrics_sitenote_active":false,"_exactmetrics_sitenote_note":"","_exactmetrics_sitenote_category":0},"product_brand":[],"product_cat":[213,219],"product_tag":[],"class_list":{"0":"post-9716","1":"product","2":"type-product","3":"status-publish","4":"has-post-thumbnail","6":"product_cat-french-wires","7":"product_cat-stiff-french-wire","9":"first","10":"outofstock","11":"taxable","12":"shipping-taxable","13":"product-type-variable","14":"wvs-archive-product-wrapper","15":"add-to-wishlist-after_add_to_cart"},"acf":[],"yoast_head":"<!-- This site is optimized with the Yoast SEO Premium plugin v27.0 (Yoast SEO v27.0) - https:\/\/yoast.com\/product\/yoast-seo-premium-wordpress\/ -->\n<title>Stiff French Wire 1-1.25 mm diameter Yellow Gold Color KS7478 - CreativityShopEU<\/title>\n<meta name=\"robots\" content=\"noindex, follow\" \/>\n<meta property=\"og:locale\" content=\"pl_PL\" \/>\n<meta property=\"og:type\" content=\"article\" \/>\n<meta property=\"og:title\" content=\"Stiff French Wire 1-1.25 mm diameter Yellow Gold Color KS7478\" \/>\n<meta property=\"og:description\" content=\"Stiff french wire\/bullion\/gimp wire for hand embroidery  Color: Yellow Gold (Lemon yellow) Available diameters: 1 mm and 1.25 mm Material: Copper Country of origin: India Price per 5 grams (app. 140 cm for 1 mm and app. 90 cm for 1.25 mm)\" \/>\n<meta property=\"og:url\" content=\"https:\/\/creativityshop.eu\/pl\/product\/stiff-french-wire-1-1-25-mm-diameter-yellow-gold-color\/\" \/>\n<meta property=\"og:site_name\" content=\"CreativityShopEU\" \/>\n<meta property=\"article:modified_time\" content=\"2026-01-27T23:30:34+00:00\" \/>\n<meta property=\"og:image\" content=\"https:\/\/creativityshop.eu\/wp-content\/uploads\/2019\/08\/stiff-french-wire-1-125mm-yellow-lemon-gold-color.jpg\" \/>\n\t<meta property=\"og:image:width\" content=\"768\" \/>\n\t<meta property=\"og:image:height\" content=\"768\" \/>\n\t<meta property=\"og:image:type\" content=\"image\/jpeg\" \/>\n<meta name=\"twitter:card\" content=\"summary_large_image\" \/>\n<meta name=\"twitter:label1\" content=\"Dost\u0119pno\u015b\u0107\" \/>\n\t<meta name=\"twitter:data1\" content=\"Brak w magazynie\" \/>\n<script type=\"application\/ld+json\" class=\"yoast-schema-graph\">{\"@context\":\"https:\/\/schema.org\",\"@graph\":[{\"@type\":\"WebPage\",\"@id\":\"https:\/\/creativityshop.eu\/pl\/product\/stiff-french-wire-1-1-25-mm-diameter-yellow-gold-color\/\",\"url\":\"https:\/\/creativityshop.eu\/pl\/product\/stiff-french-wire-1-1-25-mm-diameter-yellow-gold-color\/\",\"name\":\"Stiff French Wire 1-1.25 mm diameter Yellow Gold Color KS7478 - CreativityShopEU\",\"isPartOf\":{\"@id\":\"https:\/\/creativityshop.eu\/pl\/#website\"},\"primaryImageOfPage\":{\"@id\":\"https:\/\/creativityshop.eu\/pl\/product\/stiff-french-wire-1-1-25-mm-diameter-yellow-gold-color\/#primaryimage\"},\"image\":{\"@id\":\"https:\/\/creativityshop.eu\/pl\/product\/stiff-french-wire-1-1-25-mm-diameter-yellow-gold-color\/#primaryimage\"},\"thumbnailUrl\":\"https:\/\/creativityshop.eu\/wp-content\/uploads\/2019\/08\/stiff-french-wire-1-125mm-yellow-lemon-gold-color.jpg\",\"datePublished\":\"2019-08-16T23:24:01+00:00\",\"dateModified\":\"2026-01-27T23:30:34+00:00\",\"breadcrumb\":{\"@id\":\"https:\/\/creativityshop.eu\/pl\/product\/stiff-french-wire-1-1-25-mm-diameter-yellow-gold-color\/#breadcrumb\"},\"inLanguage\":\"pl-PL\",\"potentialAction\":[{\"@type\":\"ReadAction\",\"target\":[\"https:\/\/creativityshop.eu\/pl\/product\/stiff-french-wire-1-1-25-mm-diameter-yellow-gold-color\/\"]}]},{\"@type\":\"ImageObject\",\"inLanguage\":\"pl-PL\",\"@id\":\"https:\/\/creativityshop.eu\/pl\/product\/stiff-french-wire-1-1-25-mm-diameter-yellow-gold-color\/#primaryimage\",\"url\":\"https:\/\/creativityshop.eu\/wp-content\/uploads\/2019\/08\/stiff-french-wire-1-125mm-yellow-lemon-gold-color.jpg\",\"contentUrl\":\"https:\/\/creativityshop.eu\/wp-content\/uploads\/2019\/08\/stiff-french-wire-1-125mm-yellow-lemon-gold-color.jpg\",\"width\":768,\"height\":768},{\"@type\":\"BreadcrumbList\",\"@id\":\"https:\/\/creativityshop.eu\/pl\/product\/stiff-french-wire-1-1-25-mm-diameter-yellow-gold-color\/#breadcrumb\",\"itemListElement\":[{\"@type\":\"ListItem\",\"position\":1,\"name\":\"Home\",\"item\":\"https:\/\/creativityshop.eu\/pl\/\"},{\"@type\":\"ListItem\",\"position\":2,\"name\":\"Shop\",\"item\":\"https:\/\/creativityshop.eu\/shop\/\"},{\"@type\":\"ListItem\",\"position\":3,\"name\":\"Stiff French Wire 1-1.25 mm diameter Yellow Gold Color KS7478\"}]},{\"@type\":\"WebSite\",\"@id\":\"https:\/\/creativityshop.eu\/pl\/#website\",\"url\":\"https:\/\/creativityshop.eu\/pl\/\",\"name\":\"CreativityShopEU\",\"description\":\"Embroidery and jewelry components\",\"publisher\":{\"@id\":\"https:\/\/creativityshop.eu\/pl\/#organization\"},\"potentialAction\":[{\"@type\":\"SearchAction\",\"target\":{\"@type\":\"EntryPoint\",\"urlTemplate\":\"https:\/\/creativityshop.eu\/pl\/?s={search_term_string}\"},\"query-input\":{\"@type\":\"PropertyValueSpecification\",\"valueRequired\":true,\"valueName\":\"search_term_string\"}}],\"inLanguage\":\"pl-PL\"},{\"@type\":\"Organization\",\"@id\":\"https:\/\/creativityshop.eu\/pl\/#organization\",\"name\":\"Creativity Shop OU\",\"url\":\"https:\/\/creativityshop.eu\/pl\/\",\"logo\":{\"@type\":\"ImageObject\",\"inLanguage\":\"pl-PL\",\"@id\":\"https:\/\/creativityshop.eu\/pl\/#\/schema\/logo\/image\/\",\"url\":\"https:\/\/creativityshop.eu\/wp-content\/uploads\/2018\/11\/creativity_shop_logosite2.png\",\"contentUrl\":\"https:\/\/creativityshop.eu\/wp-content\/uploads\/2018\/11\/creativity_shop_logosite2.png\",\"width\":2871,\"height\":1100,\"caption\":\"Creativity Shop OU\"},\"image\":{\"@id\":\"https:\/\/creativityshop.eu\/pl\/#\/schema\/logo\/image\/\"}}]}<\/script>\n<meta property=\"og:availability\" content=\"out of stock\" \/>\n<meta property=\"product:availability\" content=\"out of stock\" \/>\n<meta property=\"product:condition\" content=\"new\" \/>\n<!-- \/ Yoast SEO Premium plugin. -->","yoast_head_json":{"title":"Stiff French Wire 1-1.25 mm diameter Yellow Gold Color KS7478 - CreativityShopEU","robots":{"index":"noindex","follow":"follow"},"og_locale":"pl_PL","og_type":"article","og_title":"Stiff French Wire 1-1.25 mm diameter Yellow Gold Color KS7478","og_description":"Stiff french wire\/bullion\/gimp wire for hand embroidery  Color: Yellow Gold (Lemon yellow) Available diameters: 1 mm and 1.25 mm Material: Copper Country of origin: India Price per 5 grams (app. 140 cm for 1 mm and app. 90 cm for 1.25 mm)","og_url":"https:\/\/creativityshop.eu\/pl\/product\/stiff-french-wire-1-1-25-mm-diameter-yellow-gold-color\/","og_site_name":"CreativityShopEU","article_modified_time":"2026-01-27T23:30:34+00:00","og_image":[{"width":768,"height":768,"url":"https:\/\/creativityshop.eu\/wp-content\/uploads\/2019\/08\/stiff-french-wire-1-125mm-yellow-lemon-gold-color.jpg","type":"image\/jpeg"}],"twitter_card":"summary_large_image","twitter_misc":{"Dost\u0119pno\u015b\u0107":"Brak w magazynie"},"schema":{"@context":"https:\/\/schema.org","@graph":[{"@type":"WebPage","@id":"https:\/\/creativityshop.eu\/pl\/product\/stiff-french-wire-1-1-25-mm-diameter-yellow-gold-color\/","url":"https:\/\/creativityshop.eu\/pl\/product\/stiff-french-wire-1-1-25-mm-diameter-yellow-gold-color\/","name":"Stiff French Wire 1-1.25 mm diameter Yellow Gold Color KS7478 - CreativityShopEU","isPartOf":{"@id":"https:\/\/creativityshop.eu\/pl\/#website"},"primaryImageOfPage":{"@id":"https:\/\/creativityshop.eu\/pl\/product\/stiff-french-wire-1-1-25-mm-diameter-yellow-gold-color\/#primaryimage"},"image":{"@id":"https:\/\/creativityshop.eu\/pl\/product\/stiff-french-wire-1-1-25-mm-diameter-yellow-gold-color\/#primaryimage"},"thumbnailUrl":"https:\/\/creativityshop.eu\/wp-content\/uploads\/2019\/08\/stiff-french-wire-1-125mm-yellow-lemon-gold-color.jpg","datePublished":"2019-08-16T23:24:01+00:00","dateModified":"2026-01-27T23:30:34+00:00","breadcrumb":{"@id":"https:\/\/creativityshop.eu\/pl\/product\/stiff-french-wire-1-1-25-mm-diameter-yellow-gold-color\/#breadcrumb"},"inLanguage":"pl-PL","potentialAction":[{"@type":"ReadAction","target":["https:\/\/creativityshop.eu\/pl\/product\/stiff-french-wire-1-1-25-mm-diameter-yellow-gold-color\/"]}]},{"@type":"ImageObject","inLanguage":"pl-PL","@id":"https:\/\/creativityshop.eu\/pl\/product\/stiff-french-wire-1-1-25-mm-diameter-yellow-gold-color\/#primaryimage","url":"https:\/\/creativityshop.eu\/wp-content\/uploads\/2019\/08\/stiff-french-wire-1-125mm-yellow-lemon-gold-color.jpg","contentUrl":"https:\/\/creativityshop.eu\/wp-content\/uploads\/2019\/08\/stiff-french-wire-1-125mm-yellow-lemon-gold-color.jpg","width":768,"height":768},{"@type":"BreadcrumbList","@id":"https:\/\/creativityshop.eu\/pl\/product\/stiff-french-wire-1-1-25-mm-diameter-yellow-gold-color\/#breadcrumb","itemListElement":[{"@type":"ListItem","position":1,"name":"Home","item":"https:\/\/creativityshop.eu\/pl\/"},{"@type":"ListItem","position":2,"name":"Shop","item":"https:\/\/creativityshop.eu\/shop\/"},{"@type":"ListItem","position":3,"name":"Stiff French Wire 1-1.25 mm diameter Yellow Gold Color KS7478"}]},{"@type":"WebSite","@id":"https:\/\/creativityshop.eu\/pl\/#website","url":"https:\/\/creativityshop.eu\/pl\/","name":"CreativityShopEU","description":"Embroidery and jewelry components","publisher":{"@id":"https:\/\/creativityshop.eu\/pl\/#organization"},"potentialAction":[{"@type":"SearchAction","target":{"@type":"EntryPoint","urlTemplate":"https:\/\/creativityshop.eu\/pl\/?s={search_term_string}"},"query-input":{"@type":"PropertyValueSpecification","valueRequired":true,"valueName":"search_term_string"}}],"inLanguage":"pl-PL"},{"@type":"Organization","@id":"https:\/\/creativityshop.eu\/pl\/#organization","name":"Creativity Shop OU","url":"https:\/\/creativityshop.eu\/pl\/","logo":{"@type":"ImageObject","inLanguage":"pl-PL","@id":"https:\/\/creativityshop.eu\/pl\/#\/schema\/logo\/image\/","url":"https:\/\/creativityshop.eu\/wp-content\/uploads\/2018\/11\/creativity_shop_logosite2.png","contentUrl":"https:\/\/creativityshop.eu\/wp-content\/uploads\/2018\/11\/creativity_shop_logosite2.png","width":2871,"height":1100,"caption":"Creativity Shop OU"},"image":{"@id":"https:\/\/creativityshop.eu\/pl\/#\/schema\/logo\/image\/"}}]},"og_availability":"out of stock","product_availability":"out of stock","product_condition":"new"},"_links":{"self":[{"href":"https:\/\/creativityshop.eu\/pl\/wp-json\/wp\/v2\/product\/9716","targetHints":{"allow":["GET"]}}],"collection":[{"href":"https:\/\/creativityshop.eu\/pl\/wp-json\/wp\/v2\/product"}],"about":[{"href":"https:\/\/creativityshop.eu\/pl\/wp-json\/wp\/v2\/types\/product"}],"wp:featuredmedia":[{"embeddable":true,"href":"https:\/\/creativityshop.eu\/pl\/wp-json\/wp\/v2\/media\/9722"}],"wp:attachment":[{"href":"https:\/\/creativityshop.eu\/pl\/wp-json\/wp\/v2\/media?parent=9716"}],"wp:term":[{"taxonomy":"product_brand","embeddable":true,"href":"https:\/\/creativityshop.eu\/pl\/wp-json\/wp\/v2\/product_brand?post=9716"},{"taxonomy":"product_cat","embeddable":true,"href":"https:\/\/creativityshop.eu\/pl\/wp-json\/wp\/v2\/product_cat?post=9716"},{"taxonomy":"product_tag","embeddable":true,"href":"https:\/\/creativityshop.eu\/pl\/wp-json\/wp\/v2\/product_tag?post=9716"}],"curies":[{"name":"wp","href":"https:\/\/api.w.org\/{rel}","templated":true}]}}