{"id":9643,"date":"2019-08-14T01:11:09","date_gmt":"2019-08-13T22:11:09","guid":{"rendered":"https:\/\/creativityshop.eu\/?post_type=product&#038;p=9643"},"modified":"2024-02-14T04:14:13","modified_gmt":"2024-02-14T01:14:13","slug":"triangle-embossed-metal-strip-for-hand-embroidery-rose-gold-2mm-width","status":"publish","type":"product","link":"https:\/\/creativityshop.eu\/pl\/product\/triangle-embossed-metal-strip-for-hand-embroidery-rose-gold-2mm-width\/","title":{"rendered":"Triangle Embossed Metal Strip for Hand Embroidery, Rose Gold, 2mm width"},"content":{"rendered":"<p>These embossed metal strips are widely used in hand embroidery. Originally from India, they widely spread all over the world and now metal strips are very popular material for gold work.<\/p>\n<p>Product images are for illustrative purposes only and may differ from the actual product. Due to differences in monitors and lightening, colors of products may also appear different to those shown on the site.<\/p>\n","protected":false},"excerpt":{"rendered":"<p><strong>Triangle Embossed Metal Strip for hand embroidery<\/strong><\/p>\n<p>Color: Rose Gold<br \/>\nWidth: 2 mm<br \/>\nMaterial: Copper<br \/>\nCountry of origin: India<br \/>\nPrice per 3 meters<\/p>\n","protected":false},"featured_media":9648,"template":"","meta":{"_acf_changed":false,"_exactmetrics_skip_tracking":false,"_exactmetrics_sitenote_active":false,"_exactmetrics_sitenote_note":"","_exactmetrics_sitenote_category":0},"product_brand":[],"product_cat":[435],"product_tag":[],"class_list":{"0":"post-9643","1":"product","2":"type-product","3":"status-publish","4":"has-post-thumbnail","6":"product_cat-metal-strips","8":"first","9":"outofstock","10":"taxable","11":"shipping-taxable","12":"purchasable","13":"product-type-simple","14":"add-to-wishlist-after_add_to_cart"},"acf":[],"yoast_head":"<!-- This site is optimized with the Yoast SEO Premium plugin v27.0 (Yoast SEO v27.0) - https:\/\/yoast.com\/product\/yoast-seo-premium-wordpress\/ -->\n<title>Triangle Embossed Metal Strip for Hand Embroidery, Rose Gold, 2mm width - CreativityShopEU<\/title>\n<meta name=\"robots\" content=\"noindex, follow\" \/>\n<meta property=\"og:locale\" content=\"pl_PL\" \/>\n<meta property=\"og:type\" content=\"article\" \/>\n<meta property=\"og:title\" content=\"Triangle Embossed Metal Strip for Hand Embroidery, Rose Gold, 2mm width\" \/>\n<meta property=\"og:description\" content=\"Triangle Embossed Metal Strip for hand embroidery  Color: Rose Gold Width: 2 mm Material: Copper Country of origin: India Price per 3 meters\" \/>\n<meta property=\"og:url\" content=\"https:\/\/creativityshop.eu\/pl\/product\/triangle-embossed-metal-strip-for-hand-embroidery-rose-gold-2mm-width\/\" \/>\n<meta property=\"og:site_name\" content=\"CreativityShopEU\" \/>\n<meta property=\"article:modified_time\" content=\"2024-02-14T01:14:13+00:00\" \/>\n<meta property=\"og:image\" content=\"https:\/\/creativityshop.eu\/wp-content\/uploads\/2019\/08\/triangle-embossed-metal-strip-rose-gold-2mm-2.jpg\" \/>\n\t<meta property=\"og:image:width\" content=\"768\" \/>\n\t<meta property=\"og:image:height\" content=\"768\" \/>\n\t<meta property=\"og:image:type\" content=\"image\/jpeg\" \/>\n<meta name=\"twitter:card\" content=\"summary_large_image\" \/>\n<meta name=\"twitter:label1\" content=\"Cena\" \/>\n\t<meta name=\"twitter:data1\" content=\"&#036;0.55\" \/>\n\t<meta name=\"twitter:label2\" content=\"Dost\u0119pno\u015b\u0107\" \/>\n\t<meta name=\"twitter:data2\" content=\"Brak w magazynie\" \/>\n<script type=\"application\/ld+json\" class=\"yoast-schema-graph\">{\"@context\":\"https:\/\/schema.org\",\"@graph\":[{\"@type\":\"WebPage\",\"@id\":\"https:\/\/creativityshop.eu\/pl\/product\/triangle-embossed-metal-strip-for-hand-embroidery-rose-gold-2mm-width\/\",\"url\":\"https:\/\/creativityshop.eu\/pl\/product\/triangle-embossed-metal-strip-for-hand-embroidery-rose-gold-2mm-width\/\",\"name\":\"Triangle Embossed Metal Strip for Hand Embroidery, Rose Gold, 2mm width - CreativityShopEU\",\"isPartOf\":{\"@id\":\"https:\/\/creativityshop.eu\/pl\/#website\"},\"primaryImageOfPage\":{\"@id\":\"https:\/\/creativityshop.eu\/pl\/product\/triangle-embossed-metal-strip-for-hand-embroidery-rose-gold-2mm-width\/#primaryimage\"},\"image\":{\"@id\":\"https:\/\/creativityshop.eu\/pl\/product\/triangle-embossed-metal-strip-for-hand-embroidery-rose-gold-2mm-width\/#primaryimage\"},\"thumbnailUrl\":\"https:\/\/creativityshop.eu\/wp-content\/uploads\/2019\/08\/triangle-embossed-metal-strip-rose-gold-2mm-2.jpg\",\"datePublished\":\"2019-08-13T22:11:09+00:00\",\"dateModified\":\"2024-02-14T01:14:13+00:00\",\"breadcrumb\":{\"@id\":\"https:\/\/creativityshop.eu\/pl\/product\/triangle-embossed-metal-strip-for-hand-embroidery-rose-gold-2mm-width\/#breadcrumb\"},\"inLanguage\":\"pl-PL\",\"potentialAction\":[{\"@type\":\"ReadAction\",\"target\":[\"https:\/\/creativityshop.eu\/pl\/product\/triangle-embossed-metal-strip-for-hand-embroidery-rose-gold-2mm-width\/\"]}]},{\"@type\":\"ImageObject\",\"inLanguage\":\"pl-PL\",\"@id\":\"https:\/\/creativityshop.eu\/pl\/product\/triangle-embossed-metal-strip-for-hand-embroidery-rose-gold-2mm-width\/#primaryimage\",\"url\":\"https:\/\/creativityshop.eu\/wp-content\/uploads\/2019\/08\/triangle-embossed-metal-strip-rose-gold-2mm-2.jpg\",\"contentUrl\":\"https:\/\/creativityshop.eu\/wp-content\/uploads\/2019\/08\/triangle-embossed-metal-strip-rose-gold-2mm-2.jpg\",\"width\":768,\"height\":768},{\"@type\":\"BreadcrumbList\",\"@id\":\"https:\/\/creativityshop.eu\/pl\/product\/triangle-embossed-metal-strip-for-hand-embroidery-rose-gold-2mm-width\/#breadcrumb\",\"itemListElement\":[{\"@type\":\"ListItem\",\"position\":1,\"name\":\"Home\",\"item\":\"https:\/\/creativityshop.eu\/pl\/\"},{\"@type\":\"ListItem\",\"position\":2,\"name\":\"Shop\",\"item\":\"https:\/\/creativityshop.eu\/shop\/\"},{\"@type\":\"ListItem\",\"position\":3,\"name\":\"Triangle Embossed Metal Strip for Hand Embroidery, Rose Gold, 2mm width\"}]},{\"@type\":\"WebSite\",\"@id\":\"https:\/\/creativityshop.eu\/pl\/#website\",\"url\":\"https:\/\/creativityshop.eu\/pl\/\",\"name\":\"CreativityShopEU\",\"description\":\"Embroidery and jewelry components\",\"publisher\":{\"@id\":\"https:\/\/creativityshop.eu\/pl\/#organization\"},\"potentialAction\":[{\"@type\":\"SearchAction\",\"target\":{\"@type\":\"EntryPoint\",\"urlTemplate\":\"https:\/\/creativityshop.eu\/pl\/?s={search_term_string}\"},\"query-input\":{\"@type\":\"PropertyValueSpecification\",\"valueRequired\":true,\"valueName\":\"search_term_string\"}}],\"inLanguage\":\"pl-PL\"},{\"@type\":\"Organization\",\"@id\":\"https:\/\/creativityshop.eu\/pl\/#organization\",\"name\":\"Creativity Shop OU\",\"url\":\"https:\/\/creativityshop.eu\/pl\/\",\"logo\":{\"@type\":\"ImageObject\",\"inLanguage\":\"pl-PL\",\"@id\":\"https:\/\/creativityshop.eu\/pl\/#\/schema\/logo\/image\/\",\"url\":\"https:\/\/creativityshop.eu\/wp-content\/uploads\/2018\/11\/creativity_shop_logosite2.png\",\"contentUrl\":\"https:\/\/creativityshop.eu\/wp-content\/uploads\/2018\/11\/creativity_shop_logosite2.png\",\"width\":2871,\"height\":1100,\"caption\":\"Creativity Shop OU\"},\"image\":{\"@id\":\"https:\/\/creativityshop.eu\/pl\/#\/schema\/logo\/image\/\"}}]}<\/script>\n<meta property=\"product:price:amount\" content=\"0.55\" \/>\n<meta property=\"product:price:currency\" content=\"USD\" \/>\n<meta property=\"og:availability\" content=\"out of stock\" \/>\n<meta property=\"product:availability\" content=\"out of stock\" \/>\n<meta property=\"product:retailer_item_id\" content=\"EB7431A\" \/>\n<meta property=\"product:condition\" content=\"new\" \/>\n<!-- \/ Yoast SEO Premium plugin. -->","yoast_head_json":{"title":"Triangle Embossed Metal Strip for Hand Embroidery, Rose Gold, 2mm width - CreativityShopEU","robots":{"index":"noindex","follow":"follow"},"og_locale":"pl_PL","og_type":"article","og_title":"Triangle Embossed Metal Strip for Hand Embroidery, Rose Gold, 2mm width","og_description":"Triangle Embossed Metal Strip for hand embroidery  Color: Rose Gold Width: 2 mm Material: Copper Country of origin: India Price per 3 meters","og_url":"https:\/\/creativityshop.eu\/pl\/product\/triangle-embossed-metal-strip-for-hand-embroidery-rose-gold-2mm-width\/","og_site_name":"CreativityShopEU","article_modified_time":"2024-02-14T01:14:13+00:00","og_image":[{"width":768,"height":768,"url":"https:\/\/creativityshop.eu\/wp-content\/uploads\/2019\/08\/triangle-embossed-metal-strip-rose-gold-2mm-2.jpg","type":"image\/jpeg"}],"twitter_card":"summary_large_image","twitter_misc":{"Cena":"&#36;0.55","Dost\u0119pno\u015b\u0107":"Brak w magazynie"},"schema":{"@context":"https:\/\/schema.org","@graph":[{"@type":"WebPage","@id":"https:\/\/creativityshop.eu\/pl\/product\/triangle-embossed-metal-strip-for-hand-embroidery-rose-gold-2mm-width\/","url":"https:\/\/creativityshop.eu\/pl\/product\/triangle-embossed-metal-strip-for-hand-embroidery-rose-gold-2mm-width\/","name":"Triangle Embossed Metal Strip for Hand Embroidery, Rose Gold, 2mm width - CreativityShopEU","isPartOf":{"@id":"https:\/\/creativityshop.eu\/pl\/#website"},"primaryImageOfPage":{"@id":"https:\/\/creativityshop.eu\/pl\/product\/triangle-embossed-metal-strip-for-hand-embroidery-rose-gold-2mm-width\/#primaryimage"},"image":{"@id":"https:\/\/creativityshop.eu\/pl\/product\/triangle-embossed-metal-strip-for-hand-embroidery-rose-gold-2mm-width\/#primaryimage"},"thumbnailUrl":"https:\/\/creativityshop.eu\/wp-content\/uploads\/2019\/08\/triangle-embossed-metal-strip-rose-gold-2mm-2.jpg","datePublished":"2019-08-13T22:11:09+00:00","dateModified":"2024-02-14T01:14:13+00:00","breadcrumb":{"@id":"https:\/\/creativityshop.eu\/pl\/product\/triangle-embossed-metal-strip-for-hand-embroidery-rose-gold-2mm-width\/#breadcrumb"},"inLanguage":"pl-PL","potentialAction":[{"@type":"ReadAction","target":["https:\/\/creativityshop.eu\/pl\/product\/triangle-embossed-metal-strip-for-hand-embroidery-rose-gold-2mm-width\/"]}]},{"@type":"ImageObject","inLanguage":"pl-PL","@id":"https:\/\/creativityshop.eu\/pl\/product\/triangle-embossed-metal-strip-for-hand-embroidery-rose-gold-2mm-width\/#primaryimage","url":"https:\/\/creativityshop.eu\/wp-content\/uploads\/2019\/08\/triangle-embossed-metal-strip-rose-gold-2mm-2.jpg","contentUrl":"https:\/\/creativityshop.eu\/wp-content\/uploads\/2019\/08\/triangle-embossed-metal-strip-rose-gold-2mm-2.jpg","width":768,"height":768},{"@type":"BreadcrumbList","@id":"https:\/\/creativityshop.eu\/pl\/product\/triangle-embossed-metal-strip-for-hand-embroidery-rose-gold-2mm-width\/#breadcrumb","itemListElement":[{"@type":"ListItem","position":1,"name":"Home","item":"https:\/\/creativityshop.eu\/pl\/"},{"@type":"ListItem","position":2,"name":"Shop","item":"https:\/\/creativityshop.eu\/shop\/"},{"@type":"ListItem","position":3,"name":"Triangle Embossed Metal Strip for Hand Embroidery, Rose Gold, 2mm width"}]},{"@type":"WebSite","@id":"https:\/\/creativityshop.eu\/pl\/#website","url":"https:\/\/creativityshop.eu\/pl\/","name":"CreativityShopEU","description":"Embroidery and jewelry components","publisher":{"@id":"https:\/\/creativityshop.eu\/pl\/#organization"},"potentialAction":[{"@type":"SearchAction","target":{"@type":"EntryPoint","urlTemplate":"https:\/\/creativityshop.eu\/pl\/?s={search_term_string}"},"query-input":{"@type":"PropertyValueSpecification","valueRequired":true,"valueName":"search_term_string"}}],"inLanguage":"pl-PL"},{"@type":"Organization","@id":"https:\/\/creativityshop.eu\/pl\/#organization","name":"Creativity Shop OU","url":"https:\/\/creativityshop.eu\/pl\/","logo":{"@type":"ImageObject","inLanguage":"pl-PL","@id":"https:\/\/creativityshop.eu\/pl\/#\/schema\/logo\/image\/","url":"https:\/\/creativityshop.eu\/wp-content\/uploads\/2018\/11\/creativity_shop_logosite2.png","contentUrl":"https:\/\/creativityshop.eu\/wp-content\/uploads\/2018\/11\/creativity_shop_logosite2.png","width":2871,"height":1100,"caption":"Creativity Shop OU"},"image":{"@id":"https:\/\/creativityshop.eu\/pl\/#\/schema\/logo\/image\/"}}]},"product_price_amount":"0.55","product_price_currency":"USD","og_availability":"out of stock","product_availability":"out of stock","product_retailer_item_id":"EB7431A","product_condition":"new"},"_links":{"self":[{"href":"https:\/\/creativityshop.eu\/pl\/wp-json\/wp\/v2\/product\/9643","targetHints":{"allow":["GET"]}}],"collection":[{"href":"https:\/\/creativityshop.eu\/pl\/wp-json\/wp\/v2\/product"}],"about":[{"href":"https:\/\/creativityshop.eu\/pl\/wp-json\/wp\/v2\/types\/product"}],"wp:featuredmedia":[{"embeddable":true,"href":"https:\/\/creativityshop.eu\/pl\/wp-json\/wp\/v2\/media\/9648"}],"wp:attachment":[{"href":"https:\/\/creativityshop.eu\/pl\/wp-json\/wp\/v2\/media?parent=9643"}],"wp:term":[{"taxonomy":"product_brand","embeddable":true,"href":"https:\/\/creativityshop.eu\/pl\/wp-json\/wp\/v2\/product_brand?post=9643"},{"taxonomy":"product_cat","embeddable":true,"href":"https:\/\/creativityshop.eu\/pl\/wp-json\/wp\/v2\/product_cat?post=9643"},{"taxonomy":"product_tag","embeddable":true,"href":"https:\/\/creativityshop.eu\/pl\/wp-json\/wp\/v2\/product_tag?post=9643"}],"curies":[{"name":"wp","href":"https:\/\/api.w.org\/{rel}","templated":true}]}}