{"id":9568,"date":"2019-08-12T23:04:06","date_gmt":"2019-08-12T20:04:06","guid":{"rendered":"https:\/\/creativityshop.eu\/?post_type=product&#038;p=9568"},"modified":"2024-02-14T00:27:40","modified_gmt":"2024-02-13T21:27:40","slug":"japanese-brooch-butterfly-pin-lapel-pins-tie-tacks-gold-silver-10-mm-made-in-japan","status":"publish","type":"product","link":"https:\/\/creativityshop.eu\/pl\/product\/japanese-brooch-butterfly-pin-lapel-pins-tie-tacks-gold-silver-10-mm-made-in-japan\/","title":{"rendered":"Japanese Brooch Butterfly Pin, Lapel Pins, Tie Tacks, Gold\/Silver, 10 mm, Made in Japan"},"content":{"rendered":"<p>High quality Japanese Butterfly Brooch back or brooch pin. The famous brooch pins available in two colors:<\/p>\n<ul>\n<li>Gold plated<\/li>\n<li>Silver plated<\/li>\n<\/ul>\n<p>Product images are for illustrative purposes only and may differ from the actual product. Due to differences in monitors and lightening, colors of products may also appear different to those shown on the site.<\/p>\n","protected":false},"excerpt":{"rendered":"<p><strong>Butterfly Brooch Pin, Lapel Pin, Tie Tack pin of a premium quality<\/strong><\/p>\n<p>Size: Diameter &#8211; 10 mm; Needle &#8211; 11.5 mm<br \/>\nMaterial: Brass<br \/>\nCoating: Gold, Rhodium<br \/>\nCountry of origin: Japan<br \/>\nPrice per one piece<\/p>\n","protected":false},"featured_media":9610,"template":"","meta":{"_acf_changed":false,"_exactmetrics_skip_tracking":false,"_exactmetrics_sitenote_active":false,"_exactmetrics_sitenote_note":"","_exactmetrics_sitenote_category":0},"product_brand":[],"product_cat":[48],"product_tag":[],"class_list":{"0":"post-9568","1":"product","2":"type-product","3":"status-publish","4":"has-post-thumbnail","6":"product_cat-brooch-pins","8":"first","9":"outofstock","10":"taxable","11":"shipping-taxable","12":"product-type-variable","13":"has-default-attributes","14":"wvs-archive-product-wrapper","15":"add-to-wishlist-after_add_to_cart"},"acf":[],"yoast_head":"<!-- This site is optimized with the Yoast SEO Premium plugin v27.0 (Yoast SEO v27.0) - https:\/\/yoast.com\/product\/yoast-seo-premium-wordpress\/ -->\n<title>Japanese Brooch Butterfly Pin, Lapel Pins, Tie Tacks, Gold\/Silver, 10 mm, Made in Japan - CreativityShopEU<\/title>\n<meta name=\"robots\" content=\"noindex, follow\" \/>\n<meta property=\"og:locale\" content=\"pl_PL\" \/>\n<meta property=\"og:type\" content=\"article\" \/>\n<meta property=\"og:title\" content=\"Japanese Brooch Butterfly Pin, Lapel Pins, Tie Tacks, Gold\/Silver, 10 mm, Made in Japan\" \/>\n<meta property=\"og:description\" content=\"Butterfly Brooch Pin, Lapel Pin, Tie Tack pin of a premium quality  Size: Diameter - 10 mm; Needle - 11.5 mm Material: Brass Coating: Gold, Rhodium Country of origin: Japan Price per one piece\" \/>\n<meta property=\"og:url\" content=\"https:\/\/creativityshop.eu\/pl\/product\/japanese-brooch-butterfly-pin-lapel-pins-tie-tacks-gold-silver-10-mm-made-in-japan\/\" \/>\n<meta property=\"og:site_name\" content=\"CreativityShopEU\" \/>\n<meta property=\"article:modified_time\" content=\"2024-02-13T21:27:40+00:00\" \/>\n<meta property=\"og:image\" content=\"https:\/\/creativityshop.eu\/wp-content\/uploads\/2019\/08\/japanese-butterfly-brooch-pin-gold1.jpg\" \/>\n\t<meta property=\"og:image:width\" content=\"768\" \/>\n\t<meta property=\"og:image:height\" content=\"768\" \/>\n\t<meta property=\"og:image:type\" content=\"image\/jpeg\" \/>\n<meta name=\"twitter:card\" content=\"summary_large_image\" \/>\n<meta name=\"twitter:label1\" content=\"Dost\u0119pno\u015b\u0107\" \/>\n\t<meta name=\"twitter:data1\" content=\"Brak w magazynie\" \/>\n<script type=\"application\/ld+json\" class=\"yoast-schema-graph\">{\"@context\":\"https:\/\/schema.org\",\"@graph\":[{\"@type\":\"WebPage\",\"@id\":\"https:\/\/creativityshop.eu\/pl\/product\/japanese-brooch-butterfly-pin-lapel-pins-tie-tacks-gold-silver-10-mm-made-in-japan\/\",\"url\":\"https:\/\/creativityshop.eu\/pl\/product\/japanese-brooch-butterfly-pin-lapel-pins-tie-tacks-gold-silver-10-mm-made-in-japan\/\",\"name\":\"Japanese Brooch Butterfly Pin, Lapel Pins, Tie Tacks, Gold\/Silver, 10 mm, Made in Japan - CreativityShopEU\",\"isPartOf\":{\"@id\":\"https:\/\/creativityshop.eu\/pl\/#website\"},\"primaryImageOfPage\":{\"@id\":\"https:\/\/creativityshop.eu\/pl\/product\/japanese-brooch-butterfly-pin-lapel-pins-tie-tacks-gold-silver-10-mm-made-in-japan\/#primaryimage\"},\"image\":{\"@id\":\"https:\/\/creativityshop.eu\/pl\/product\/japanese-brooch-butterfly-pin-lapel-pins-tie-tacks-gold-silver-10-mm-made-in-japan\/#primaryimage\"},\"thumbnailUrl\":\"https:\/\/creativityshop.eu\/wp-content\/uploads\/2019\/08\/japanese-butterfly-brooch-pin-gold1.jpg\",\"datePublished\":\"2019-08-12T20:04:06+00:00\",\"dateModified\":\"2024-02-13T21:27:40+00:00\",\"breadcrumb\":{\"@id\":\"https:\/\/creativityshop.eu\/pl\/product\/japanese-brooch-butterfly-pin-lapel-pins-tie-tacks-gold-silver-10-mm-made-in-japan\/#breadcrumb\"},\"inLanguage\":\"pl-PL\",\"potentialAction\":[{\"@type\":\"ReadAction\",\"target\":[\"https:\/\/creativityshop.eu\/pl\/product\/japanese-brooch-butterfly-pin-lapel-pins-tie-tacks-gold-silver-10-mm-made-in-japan\/\"]}]},{\"@type\":\"ImageObject\",\"inLanguage\":\"pl-PL\",\"@id\":\"https:\/\/creativityshop.eu\/pl\/product\/japanese-brooch-butterfly-pin-lapel-pins-tie-tacks-gold-silver-10-mm-made-in-japan\/#primaryimage\",\"url\":\"https:\/\/creativityshop.eu\/wp-content\/uploads\/2019\/08\/japanese-butterfly-brooch-pin-gold1.jpg\",\"contentUrl\":\"https:\/\/creativityshop.eu\/wp-content\/uploads\/2019\/08\/japanese-butterfly-brooch-pin-gold1.jpg\",\"width\":768,\"height\":768},{\"@type\":\"BreadcrumbList\",\"@id\":\"https:\/\/creativityshop.eu\/pl\/product\/japanese-brooch-butterfly-pin-lapel-pins-tie-tacks-gold-silver-10-mm-made-in-japan\/#breadcrumb\",\"itemListElement\":[{\"@type\":\"ListItem\",\"position\":1,\"name\":\"Home\",\"item\":\"https:\/\/creativityshop.eu\/pl\/\"},{\"@type\":\"ListItem\",\"position\":2,\"name\":\"Shop\",\"item\":\"https:\/\/creativityshop.eu\/shop\/\"},{\"@type\":\"ListItem\",\"position\":3,\"name\":\"Japanese Brooch Butterfly Pin, Lapel Pins, Tie Tacks, Gold\/Silver, 10 mm, Made in Japan\"}]},{\"@type\":\"WebSite\",\"@id\":\"https:\/\/creativityshop.eu\/pl\/#website\",\"url\":\"https:\/\/creativityshop.eu\/pl\/\",\"name\":\"CreativityShopEU\",\"description\":\"Embroidery and jewelry components\",\"publisher\":{\"@id\":\"https:\/\/creativityshop.eu\/pl\/#organization\"},\"potentialAction\":[{\"@type\":\"SearchAction\",\"target\":{\"@type\":\"EntryPoint\",\"urlTemplate\":\"https:\/\/creativityshop.eu\/pl\/?s={search_term_string}\"},\"query-input\":{\"@type\":\"PropertyValueSpecification\",\"valueRequired\":true,\"valueName\":\"search_term_string\"}}],\"inLanguage\":\"pl-PL\"},{\"@type\":\"Organization\",\"@id\":\"https:\/\/creativityshop.eu\/pl\/#organization\",\"name\":\"Creativity Shop OU\",\"url\":\"https:\/\/creativityshop.eu\/pl\/\",\"logo\":{\"@type\":\"ImageObject\",\"inLanguage\":\"pl-PL\",\"@id\":\"https:\/\/creativityshop.eu\/pl\/#\/schema\/logo\/image\/\",\"url\":\"https:\/\/creativityshop.eu\/wp-content\/uploads\/2018\/11\/creativity_shop_logosite2.png\",\"contentUrl\":\"https:\/\/creativityshop.eu\/wp-content\/uploads\/2018\/11\/creativity_shop_logosite2.png\",\"width\":2871,\"height\":1100,\"caption\":\"Creativity Shop OU\"},\"image\":{\"@id\":\"https:\/\/creativityshop.eu\/pl\/#\/schema\/logo\/image\/\"}}]}<\/script>\n<meta property=\"og:availability\" content=\"out of stock\" \/>\n<meta property=\"product:availability\" content=\"out of stock\" \/>\n<meta property=\"product:condition\" content=\"new\" \/>\n<!-- \/ Yoast SEO Premium plugin. -->","yoast_head_json":{"title":"Japanese Brooch Butterfly Pin, Lapel Pins, Tie Tacks, Gold\/Silver, 10 mm, Made in Japan - CreativityShopEU","robots":{"index":"noindex","follow":"follow"},"og_locale":"pl_PL","og_type":"article","og_title":"Japanese Brooch Butterfly Pin, Lapel Pins, Tie Tacks, Gold\/Silver, 10 mm, Made in Japan","og_description":"Butterfly Brooch Pin, Lapel Pin, Tie Tack pin of a premium quality  Size: Diameter - 10 mm; Needle - 11.5 mm Material: Brass Coating: Gold, Rhodium Country of origin: Japan Price per one piece","og_url":"https:\/\/creativityshop.eu\/pl\/product\/japanese-brooch-butterfly-pin-lapel-pins-tie-tacks-gold-silver-10-mm-made-in-japan\/","og_site_name":"CreativityShopEU","article_modified_time":"2024-02-13T21:27:40+00:00","og_image":[{"width":768,"height":768,"url":"https:\/\/creativityshop.eu\/wp-content\/uploads\/2019\/08\/japanese-butterfly-brooch-pin-gold1.jpg","type":"image\/jpeg"}],"twitter_card":"summary_large_image","twitter_misc":{"Dost\u0119pno\u015b\u0107":"Brak w magazynie"},"schema":{"@context":"https:\/\/schema.org","@graph":[{"@type":"WebPage","@id":"https:\/\/creativityshop.eu\/pl\/product\/japanese-brooch-butterfly-pin-lapel-pins-tie-tacks-gold-silver-10-mm-made-in-japan\/","url":"https:\/\/creativityshop.eu\/pl\/product\/japanese-brooch-butterfly-pin-lapel-pins-tie-tacks-gold-silver-10-mm-made-in-japan\/","name":"Japanese Brooch Butterfly Pin, Lapel Pins, Tie Tacks, Gold\/Silver, 10 mm, Made in Japan - CreativityShopEU","isPartOf":{"@id":"https:\/\/creativityshop.eu\/pl\/#website"},"primaryImageOfPage":{"@id":"https:\/\/creativityshop.eu\/pl\/product\/japanese-brooch-butterfly-pin-lapel-pins-tie-tacks-gold-silver-10-mm-made-in-japan\/#primaryimage"},"image":{"@id":"https:\/\/creativityshop.eu\/pl\/product\/japanese-brooch-butterfly-pin-lapel-pins-tie-tacks-gold-silver-10-mm-made-in-japan\/#primaryimage"},"thumbnailUrl":"https:\/\/creativityshop.eu\/wp-content\/uploads\/2019\/08\/japanese-butterfly-brooch-pin-gold1.jpg","datePublished":"2019-08-12T20:04:06+00:00","dateModified":"2024-02-13T21:27:40+00:00","breadcrumb":{"@id":"https:\/\/creativityshop.eu\/pl\/product\/japanese-brooch-butterfly-pin-lapel-pins-tie-tacks-gold-silver-10-mm-made-in-japan\/#breadcrumb"},"inLanguage":"pl-PL","potentialAction":[{"@type":"ReadAction","target":["https:\/\/creativityshop.eu\/pl\/product\/japanese-brooch-butterfly-pin-lapel-pins-tie-tacks-gold-silver-10-mm-made-in-japan\/"]}]},{"@type":"ImageObject","inLanguage":"pl-PL","@id":"https:\/\/creativityshop.eu\/pl\/product\/japanese-brooch-butterfly-pin-lapel-pins-tie-tacks-gold-silver-10-mm-made-in-japan\/#primaryimage","url":"https:\/\/creativityshop.eu\/wp-content\/uploads\/2019\/08\/japanese-butterfly-brooch-pin-gold1.jpg","contentUrl":"https:\/\/creativityshop.eu\/wp-content\/uploads\/2019\/08\/japanese-butterfly-brooch-pin-gold1.jpg","width":768,"height":768},{"@type":"BreadcrumbList","@id":"https:\/\/creativityshop.eu\/pl\/product\/japanese-brooch-butterfly-pin-lapel-pins-tie-tacks-gold-silver-10-mm-made-in-japan\/#breadcrumb","itemListElement":[{"@type":"ListItem","position":1,"name":"Home","item":"https:\/\/creativityshop.eu\/pl\/"},{"@type":"ListItem","position":2,"name":"Shop","item":"https:\/\/creativityshop.eu\/shop\/"},{"@type":"ListItem","position":3,"name":"Japanese Brooch Butterfly Pin, Lapel Pins, Tie Tacks, Gold\/Silver, 10 mm, Made in Japan"}]},{"@type":"WebSite","@id":"https:\/\/creativityshop.eu\/pl\/#website","url":"https:\/\/creativityshop.eu\/pl\/","name":"CreativityShopEU","description":"Embroidery and jewelry components","publisher":{"@id":"https:\/\/creativityshop.eu\/pl\/#organization"},"potentialAction":[{"@type":"SearchAction","target":{"@type":"EntryPoint","urlTemplate":"https:\/\/creativityshop.eu\/pl\/?s={search_term_string}"},"query-input":{"@type":"PropertyValueSpecification","valueRequired":true,"valueName":"search_term_string"}}],"inLanguage":"pl-PL"},{"@type":"Organization","@id":"https:\/\/creativityshop.eu\/pl\/#organization","name":"Creativity Shop OU","url":"https:\/\/creativityshop.eu\/pl\/","logo":{"@type":"ImageObject","inLanguage":"pl-PL","@id":"https:\/\/creativityshop.eu\/pl\/#\/schema\/logo\/image\/","url":"https:\/\/creativityshop.eu\/wp-content\/uploads\/2018\/11\/creativity_shop_logosite2.png","contentUrl":"https:\/\/creativityshop.eu\/wp-content\/uploads\/2018\/11\/creativity_shop_logosite2.png","width":2871,"height":1100,"caption":"Creativity Shop OU"},"image":{"@id":"https:\/\/creativityshop.eu\/pl\/#\/schema\/logo\/image\/"}}]},"og_availability":"out of stock","product_availability":"out of stock","product_condition":"new"},"_links":{"self":[{"href":"https:\/\/creativityshop.eu\/pl\/wp-json\/wp\/v2\/product\/9568","targetHints":{"allow":["GET"]}}],"collection":[{"href":"https:\/\/creativityshop.eu\/pl\/wp-json\/wp\/v2\/product"}],"about":[{"href":"https:\/\/creativityshop.eu\/pl\/wp-json\/wp\/v2\/types\/product"}],"wp:featuredmedia":[{"embeddable":true,"href":"https:\/\/creativityshop.eu\/pl\/wp-json\/wp\/v2\/media\/9610"}],"wp:attachment":[{"href":"https:\/\/creativityshop.eu\/pl\/wp-json\/wp\/v2\/media?parent=9568"}],"wp:term":[{"taxonomy":"product_brand","embeddable":true,"href":"https:\/\/creativityshop.eu\/pl\/wp-json\/wp\/v2\/product_brand?post=9568"},{"taxonomy":"product_cat","embeddable":true,"href":"https:\/\/creativityshop.eu\/pl\/wp-json\/wp\/v2\/product_cat?post=9568"},{"taxonomy":"product_tag","embeddable":true,"href":"https:\/\/creativityshop.eu\/pl\/wp-json\/wp\/v2\/product_tag?post=9568"}],"curies":[{"name":"wp","href":"https:\/\/api.w.org\/{rel}","templated":true}]}}