{"id":9468,"date":"2019-08-11T16:47:32","date_gmt":"2019-08-11T13:47:32","guid":{"rendered":"https:\/\/creativityshop.eu\/?post_type=product&#038;p=9468"},"modified":"2026-01-28T02:01:00","modified_gmt":"2026-01-27T23:01:00","slug":"flat-metal-strips-for-hand-embroidery-gold-color-1mm-width","status":"publish","type":"product","link":"https:\/\/creativityshop.eu\/pl\/product\/flat-metal-strips-for-hand-embroidery-gold-color-1mm-width\/","title":{"rendered":"Flat Metal Strips for Hand Embroidery, Gold Color, 1mm width"},"content":{"rendered":"<p>These metal strips also called mukaish are widely used in hand embroidery. Originally from India and used for mukaish and badla work, they are widely spread worldwide and now metal strips are very popular material for gold work.<\/p>\n<p>Product images are for illustrative purposes only and may differ from the actual product. Due to differences in monitors and lighting, the colors of products may also appear different from those shown on the site.<\/p>\n","protected":false},"excerpt":{"rendered":"<p><strong>Metal strips for hand embroidery<\/strong><\/p>\n<p>Color: Gold<br \/>\nLength of a strip: app. 60 cm<br \/>\nWidth: 1 mm<br \/>\nMaterial: Copper<br \/>\nCountry of origin: India<br \/>\nPrice per 10 strips<\/p>\n","protected":false},"featured_media":9474,"template":"","meta":{"_acf_changed":false,"_exactmetrics_skip_tracking":false,"_exactmetrics_sitenote_active":false,"_exactmetrics_sitenote_note":"","_exactmetrics_sitenote_category":0},"product_brand":[],"product_cat":[435],"product_tag":[],"class_list":{"0":"post-9468","1":"product","2":"type-product","3":"status-publish","4":"has-post-thumbnail","6":"product_cat-metal-strips","8":"first","9":"outofstock","10":"taxable","11":"shipping-taxable","12":"purchasable","13":"product-type-simple","14":"add-to-wishlist-after_add_to_cart"},"acf":[],"yoast_head":"<!-- This site is optimized with the Yoast SEO Premium plugin v27.0 (Yoast SEO v27.0) - https:\/\/yoast.com\/product\/yoast-seo-premium-wordpress\/ -->\n<title>Flat Metal Strips for Hand Embroidery, Gold Color, 1mm width - CreativityShopEU<\/title>\n<meta name=\"robots\" content=\"noindex, follow\" \/>\n<meta property=\"og:locale\" content=\"pl_PL\" \/>\n<meta property=\"og:type\" content=\"article\" \/>\n<meta property=\"og:title\" content=\"Flat Metal Strips for Hand Embroidery, Gold Color, 1mm width\" \/>\n<meta property=\"og:description\" content=\"Metal strips for hand embroidery  Color: Gold Length of a strip: app. 60 cm Width: 1 mm Material: Copper Country of origin: India Price per 10 strips\" \/>\n<meta property=\"og:url\" content=\"https:\/\/creativityshop.eu\/pl\/product\/flat-metal-strips-for-hand-embroidery-gold-color-1mm-width\/\" \/>\n<meta property=\"og:site_name\" content=\"CreativityShopEU\" \/>\n<meta property=\"article:modified_time\" content=\"2026-01-27T23:01:00+00:00\" \/>\n<meta property=\"og:image\" content=\"https:\/\/creativityshop.eu\/wp-content\/uploads\/2019\/08\/metal-strips-mukiashi-gold-1mm-3.jpg\" \/>\n\t<meta property=\"og:image:width\" content=\"768\" \/>\n\t<meta property=\"og:image:height\" content=\"768\" \/>\n\t<meta property=\"og:image:type\" content=\"image\/jpeg\" \/>\n<meta name=\"twitter:card\" content=\"summary_large_image\" \/>\n<meta name=\"twitter:label1\" content=\"Cena\" \/>\n\t<meta name=\"twitter:data1\" content=\"&euro;0.55\" \/>\n\t<meta name=\"twitter:label2\" content=\"Dost\u0119pno\u015b\u0107\" \/>\n\t<meta name=\"twitter:data2\" content=\"Brak w magazynie\" \/>\n<script type=\"application\/ld+json\" class=\"yoast-schema-graph\">{\"@context\":\"https:\/\/schema.org\",\"@graph\":[{\"@type\":\"WebPage\",\"@id\":\"https:\/\/creativityshop.eu\/pl\/product\/flat-metal-strips-for-hand-embroidery-gold-color-1mm-width\/\",\"url\":\"https:\/\/creativityshop.eu\/pl\/product\/flat-metal-strips-for-hand-embroidery-gold-color-1mm-width\/\",\"name\":\"Flat Metal Strips for Hand Embroidery, Gold Color, 1mm width - CreativityShopEU\",\"isPartOf\":{\"@id\":\"https:\/\/creativityshop.eu\/pl\/#website\"},\"primaryImageOfPage\":{\"@id\":\"https:\/\/creativityshop.eu\/pl\/product\/flat-metal-strips-for-hand-embroidery-gold-color-1mm-width\/#primaryimage\"},\"image\":{\"@id\":\"https:\/\/creativityshop.eu\/pl\/product\/flat-metal-strips-for-hand-embroidery-gold-color-1mm-width\/#primaryimage\"},\"thumbnailUrl\":\"https:\/\/creativityshop.eu\/wp-content\/uploads\/2019\/08\/metal-strips-mukiashi-gold-1mm-3.jpg\",\"datePublished\":\"2019-08-11T13:47:32+00:00\",\"dateModified\":\"2026-01-27T23:01:00+00:00\",\"breadcrumb\":{\"@id\":\"https:\/\/creativityshop.eu\/pl\/product\/flat-metal-strips-for-hand-embroidery-gold-color-1mm-width\/#breadcrumb\"},\"inLanguage\":\"pl-PL\",\"potentialAction\":[{\"@type\":\"ReadAction\",\"target\":[\"https:\/\/creativityshop.eu\/pl\/product\/flat-metal-strips-for-hand-embroidery-gold-color-1mm-width\/\"]}]},{\"@type\":\"ImageObject\",\"inLanguage\":\"pl-PL\",\"@id\":\"https:\/\/creativityshop.eu\/pl\/product\/flat-metal-strips-for-hand-embroidery-gold-color-1mm-width\/#primaryimage\",\"url\":\"https:\/\/creativityshop.eu\/wp-content\/uploads\/2019\/08\/metal-strips-mukiashi-gold-1mm-3.jpg\",\"contentUrl\":\"https:\/\/creativityshop.eu\/wp-content\/uploads\/2019\/08\/metal-strips-mukiashi-gold-1mm-3.jpg\",\"width\":768,\"height\":768},{\"@type\":\"BreadcrumbList\",\"@id\":\"https:\/\/creativityshop.eu\/pl\/product\/flat-metal-strips-for-hand-embroidery-gold-color-1mm-width\/#breadcrumb\",\"itemListElement\":[{\"@type\":\"ListItem\",\"position\":1,\"name\":\"Home\",\"item\":\"https:\/\/creativityshop.eu\/pl\/\"},{\"@type\":\"ListItem\",\"position\":2,\"name\":\"Shop\",\"item\":\"https:\/\/creativityshop.eu\/shop\/\"},{\"@type\":\"ListItem\",\"position\":3,\"name\":\"Flat Metal Strips for Hand Embroidery, Gold Color, 1mm width\"}]},{\"@type\":\"WebSite\",\"@id\":\"https:\/\/creativityshop.eu\/pl\/#website\",\"url\":\"https:\/\/creativityshop.eu\/pl\/\",\"name\":\"CreativityShopEU\",\"description\":\"Embroidery and jewelry components\",\"publisher\":{\"@id\":\"https:\/\/creativityshop.eu\/pl\/#organization\"},\"potentialAction\":[{\"@type\":\"SearchAction\",\"target\":{\"@type\":\"EntryPoint\",\"urlTemplate\":\"https:\/\/creativityshop.eu\/pl\/?s={search_term_string}\"},\"query-input\":{\"@type\":\"PropertyValueSpecification\",\"valueRequired\":true,\"valueName\":\"search_term_string\"}}],\"inLanguage\":\"pl-PL\"},{\"@type\":\"Organization\",\"@id\":\"https:\/\/creativityshop.eu\/pl\/#organization\",\"name\":\"Creativity Shop OU\",\"url\":\"https:\/\/creativityshop.eu\/pl\/\",\"logo\":{\"@type\":\"ImageObject\",\"inLanguage\":\"pl-PL\",\"@id\":\"https:\/\/creativityshop.eu\/pl\/#\/schema\/logo\/image\/\",\"url\":\"https:\/\/creativityshop.eu\/wp-content\/uploads\/2018\/11\/creativity_shop_logosite2.png\",\"contentUrl\":\"https:\/\/creativityshop.eu\/wp-content\/uploads\/2018\/11\/creativity_shop_logosite2.png\",\"width\":2871,\"height\":1100,\"caption\":\"Creativity Shop OU\"},\"image\":{\"@id\":\"https:\/\/creativityshop.eu\/pl\/#\/schema\/logo\/image\/\"}}]}<\/script>\n<meta property=\"product:price:amount\" content=\"0.55\" \/>\n<meta property=\"product:price:currency\" content=\"EUR\" \/>\n<meta property=\"og:availability\" content=\"out of stock\" \/>\n<meta property=\"product:availability\" content=\"out of stock\" \/>\n<meta property=\"product:retailer_item_id\" content=\"B351\" \/>\n<meta property=\"product:condition\" content=\"new\" \/>\n<!-- \/ Yoast SEO Premium plugin. -->","yoast_head_json":{"title":"Flat Metal Strips for Hand Embroidery, Gold Color, 1mm width - CreativityShopEU","robots":{"index":"noindex","follow":"follow"},"og_locale":"pl_PL","og_type":"article","og_title":"Flat Metal Strips for Hand Embroidery, Gold Color, 1mm width","og_description":"Metal strips for hand embroidery  Color: Gold Length of a strip: app. 60 cm Width: 1 mm Material: Copper Country of origin: India Price per 10 strips","og_url":"https:\/\/creativityshop.eu\/pl\/product\/flat-metal-strips-for-hand-embroidery-gold-color-1mm-width\/","og_site_name":"CreativityShopEU","article_modified_time":"2026-01-27T23:01:00+00:00","og_image":[{"width":768,"height":768,"url":"https:\/\/creativityshop.eu\/wp-content\/uploads\/2019\/08\/metal-strips-mukiashi-gold-1mm-3.jpg","type":"image\/jpeg"}],"twitter_card":"summary_large_image","twitter_misc":{"Cena":"&euro;0.55","Dost\u0119pno\u015b\u0107":"Brak w magazynie"},"schema":{"@context":"https:\/\/schema.org","@graph":[{"@type":"WebPage","@id":"https:\/\/creativityshop.eu\/pl\/product\/flat-metal-strips-for-hand-embroidery-gold-color-1mm-width\/","url":"https:\/\/creativityshop.eu\/pl\/product\/flat-metal-strips-for-hand-embroidery-gold-color-1mm-width\/","name":"Flat Metal Strips for Hand Embroidery, Gold Color, 1mm width - CreativityShopEU","isPartOf":{"@id":"https:\/\/creativityshop.eu\/pl\/#website"},"primaryImageOfPage":{"@id":"https:\/\/creativityshop.eu\/pl\/product\/flat-metal-strips-for-hand-embroidery-gold-color-1mm-width\/#primaryimage"},"image":{"@id":"https:\/\/creativityshop.eu\/pl\/product\/flat-metal-strips-for-hand-embroidery-gold-color-1mm-width\/#primaryimage"},"thumbnailUrl":"https:\/\/creativityshop.eu\/wp-content\/uploads\/2019\/08\/metal-strips-mukiashi-gold-1mm-3.jpg","datePublished":"2019-08-11T13:47:32+00:00","dateModified":"2026-01-27T23:01:00+00:00","breadcrumb":{"@id":"https:\/\/creativityshop.eu\/pl\/product\/flat-metal-strips-for-hand-embroidery-gold-color-1mm-width\/#breadcrumb"},"inLanguage":"pl-PL","potentialAction":[{"@type":"ReadAction","target":["https:\/\/creativityshop.eu\/pl\/product\/flat-metal-strips-for-hand-embroidery-gold-color-1mm-width\/"]}]},{"@type":"ImageObject","inLanguage":"pl-PL","@id":"https:\/\/creativityshop.eu\/pl\/product\/flat-metal-strips-for-hand-embroidery-gold-color-1mm-width\/#primaryimage","url":"https:\/\/creativityshop.eu\/wp-content\/uploads\/2019\/08\/metal-strips-mukiashi-gold-1mm-3.jpg","contentUrl":"https:\/\/creativityshop.eu\/wp-content\/uploads\/2019\/08\/metal-strips-mukiashi-gold-1mm-3.jpg","width":768,"height":768},{"@type":"BreadcrumbList","@id":"https:\/\/creativityshop.eu\/pl\/product\/flat-metal-strips-for-hand-embroidery-gold-color-1mm-width\/#breadcrumb","itemListElement":[{"@type":"ListItem","position":1,"name":"Home","item":"https:\/\/creativityshop.eu\/pl\/"},{"@type":"ListItem","position":2,"name":"Shop","item":"https:\/\/creativityshop.eu\/shop\/"},{"@type":"ListItem","position":3,"name":"Flat Metal Strips for Hand Embroidery, Gold Color, 1mm width"}]},{"@type":"WebSite","@id":"https:\/\/creativityshop.eu\/pl\/#website","url":"https:\/\/creativityshop.eu\/pl\/","name":"CreativityShopEU","description":"Embroidery and jewelry components","publisher":{"@id":"https:\/\/creativityshop.eu\/pl\/#organization"},"potentialAction":[{"@type":"SearchAction","target":{"@type":"EntryPoint","urlTemplate":"https:\/\/creativityshop.eu\/pl\/?s={search_term_string}"},"query-input":{"@type":"PropertyValueSpecification","valueRequired":true,"valueName":"search_term_string"}}],"inLanguage":"pl-PL"},{"@type":"Organization","@id":"https:\/\/creativityshop.eu\/pl\/#organization","name":"Creativity Shop OU","url":"https:\/\/creativityshop.eu\/pl\/","logo":{"@type":"ImageObject","inLanguage":"pl-PL","@id":"https:\/\/creativityshop.eu\/pl\/#\/schema\/logo\/image\/","url":"https:\/\/creativityshop.eu\/wp-content\/uploads\/2018\/11\/creativity_shop_logosite2.png","contentUrl":"https:\/\/creativityshop.eu\/wp-content\/uploads\/2018\/11\/creativity_shop_logosite2.png","width":2871,"height":1100,"caption":"Creativity Shop OU"},"image":{"@id":"https:\/\/creativityshop.eu\/pl\/#\/schema\/logo\/image\/"}}]},"product_price_amount":"0.55","product_price_currency":"EUR","og_availability":"out of stock","product_availability":"out of stock","product_retailer_item_id":"B351","product_condition":"new"},"_links":{"self":[{"href":"https:\/\/creativityshop.eu\/pl\/wp-json\/wp\/v2\/product\/9468","targetHints":{"allow":["GET"]}}],"collection":[{"href":"https:\/\/creativityshop.eu\/pl\/wp-json\/wp\/v2\/product"}],"about":[{"href":"https:\/\/creativityshop.eu\/pl\/wp-json\/wp\/v2\/types\/product"}],"wp:featuredmedia":[{"embeddable":true,"href":"https:\/\/creativityshop.eu\/pl\/wp-json\/wp\/v2\/media\/9474"}],"wp:attachment":[{"href":"https:\/\/creativityshop.eu\/pl\/wp-json\/wp\/v2\/media?parent=9468"}],"wp:term":[{"taxonomy":"product_brand","embeddable":true,"href":"https:\/\/creativityshop.eu\/pl\/wp-json\/wp\/v2\/product_brand?post=9468"},{"taxonomy":"product_cat","embeddable":true,"href":"https:\/\/creativityshop.eu\/pl\/wp-json\/wp\/v2\/product_cat?post=9468"},{"taxonomy":"product_tag","embeddable":true,"href":"https:\/\/creativityshop.eu\/pl\/wp-json\/wp\/v2\/product_tag?post=9468"}],"curies":[{"name":"wp","href":"https:\/\/api.w.org\/{rel}","templated":true}]}}