{"id":8919,"date":"2019-07-19T12:02:33","date_gmt":"2019-07-19T09:02:33","guid":{"rendered":"https:\/\/creativityshop.eu\/?post_type=product&#038;p=8919"},"modified":"2024-02-14T02:44:04","modified_gmt":"2024-02-13T23:44:04","slug":"swarovski-crystal-head-pins-silver-plated-light-rose-pp18-2-5-mm","status":"publish","type":"product","link":"https:\/\/creativityshop.eu\/pl\/product\/swarovski-crystal-head-pins-silver-plated-light-rose-pp18-2-5-mm\/","title":{"rendered":"Swarovski Crystal Head Pins, Silver Plated, Light Rose, PP18 (2.5 mm)"},"content":{"rendered":"<p>Swarovski Single Stone Settings 117704P1800E F1H 1088 F 223<\/p>\n<p>Product images are for illustrative purposes only and may differ from the actual product. Due to differences in monitors and lightening, colors of products may also appear different to those shown on the site.<\/p>\n","protected":false},"excerpt":{"rendered":"<p><strong>Premium Quality Swarovski 1088 Xirius Chaton Crystal Head Pins. Anti nickel allergenic.<\/strong><\/p>\n<p>Plating: Rhodium<br \/>\nCrystal: 1088 Xirius Chaton, Light Rose Color<br \/>\nPin size: 40 mm<br \/>\nHead size: PP18 (app. 2.5 mm)<br \/>\nBrand: Swarovski<br \/>\nCountry of origin: USA<br \/>\nPrice per 1 piece<\/p>\n","protected":false},"featured_media":8921,"template":"","meta":{"_acf_changed":false,"_exactmetrics_skip_tracking":false,"_exactmetrics_sitenote_active":false,"_exactmetrics_sitenote_note":"","_exactmetrics_sitenote_category":0},"product_brand":[],"product_cat":[427,416],"product_tag":[],"class_list":{"0":"post-8919","1":"product","2":"type-product","3":"status-publish","4":"has-post-thumbnail","6":"product_cat-crystal-pins","7":"product_cat-pins","9":"first","10":"outofstock","11":"taxable","12":"shipping-taxable","13":"purchasable","14":"product-type-simple","15":"add-to-wishlist-after_add_to_cart"},"acf":[],"yoast_head":"<!-- This site is optimized with the Yoast SEO Premium plugin v27.0 (Yoast SEO v27.0) - https:\/\/yoast.com\/product\/yoast-seo-premium-wordpress\/ -->\n<title>Swarovski Crystal Head Pins, Silver Plated, Light Rose, PP18 (2.5 mm) - CreativityShopEU<\/title>\n<meta name=\"robots\" content=\"noindex, follow\" \/>\n<meta property=\"og:locale\" content=\"pl_PL\" \/>\n<meta property=\"og:type\" content=\"article\" \/>\n<meta property=\"og:title\" content=\"Swarovski Crystal Head Pins, Silver Plated, Light Rose, PP18 (2.5 mm)\" \/>\n<meta property=\"og:description\" content=\"Premium Quality Swarovski 1088 Xirius Chaton Crystal Head Pins. Anti nickel allergenic.  Plating: Rhodium Crystal: 1088 Xirius Chaton, Light Rose Color Pin size: 40 mm Head size: PP18 (app. 2.5 mm) Brand: Swarovski Country of origin: USA Price per 1 piece\" \/>\n<meta property=\"og:url\" content=\"https:\/\/creativityshop.eu\/pl\/product\/swarovski-crystal-head-pins-silver-plated-light-rose-pp18-2-5-mm\/\" \/>\n<meta property=\"og:site_name\" content=\"CreativityShopEU\" \/>\n<meta property=\"article:modified_time\" content=\"2024-02-13T23:44:04+00:00\" \/>\n<meta property=\"og:image\" content=\"https:\/\/creativityshop.eu\/wp-content\/uploads\/2019\/07\/swarovski-head-pins-silver-light-pink-pp18.jpg\" \/>\n\t<meta property=\"og:image:width\" content=\"768\" \/>\n\t<meta property=\"og:image:height\" content=\"768\" \/>\n\t<meta property=\"og:image:type\" content=\"image\/jpeg\" \/>\n<meta name=\"twitter:card\" content=\"summary_large_image\" \/>\n<meta name=\"twitter:label1\" content=\"Cena\" \/>\n\t<meta name=\"twitter:data1\" content=\"&#036;0.22\" \/>\n\t<meta name=\"twitter:label2\" content=\"Dost\u0119pno\u015b\u0107\" \/>\n\t<meta name=\"twitter:data2\" content=\"Brak w magazynie\" \/>\n<script type=\"application\/ld+json\" class=\"yoast-schema-graph\">{\"@context\":\"https:\/\/schema.org\",\"@graph\":[{\"@type\":\"WebPage\",\"@id\":\"https:\/\/creativityshop.eu\/pl\/product\/swarovski-crystal-head-pins-silver-plated-light-rose-pp18-2-5-mm\/\",\"url\":\"https:\/\/creativityshop.eu\/pl\/product\/swarovski-crystal-head-pins-silver-plated-light-rose-pp18-2-5-mm\/\",\"name\":\"Swarovski Crystal Head Pins, Silver Plated, Light Rose, PP18 (2.5 mm) - CreativityShopEU\",\"isPartOf\":{\"@id\":\"https:\/\/creativityshop.eu\/pl\/#website\"},\"primaryImageOfPage\":{\"@id\":\"https:\/\/creativityshop.eu\/pl\/product\/swarovski-crystal-head-pins-silver-plated-light-rose-pp18-2-5-mm\/#primaryimage\"},\"image\":{\"@id\":\"https:\/\/creativityshop.eu\/pl\/product\/swarovski-crystal-head-pins-silver-plated-light-rose-pp18-2-5-mm\/#primaryimage\"},\"thumbnailUrl\":\"https:\/\/creativityshop.eu\/wp-content\/uploads\/2019\/07\/swarovski-head-pins-silver-light-pink-pp18.jpg\",\"datePublished\":\"2019-07-19T09:02:33+00:00\",\"dateModified\":\"2024-02-13T23:44:04+00:00\",\"breadcrumb\":{\"@id\":\"https:\/\/creativityshop.eu\/pl\/product\/swarovski-crystal-head-pins-silver-plated-light-rose-pp18-2-5-mm\/#breadcrumb\"},\"inLanguage\":\"pl-PL\",\"potentialAction\":[{\"@type\":\"ReadAction\",\"target\":[\"https:\/\/creativityshop.eu\/pl\/product\/swarovski-crystal-head-pins-silver-plated-light-rose-pp18-2-5-mm\/\"]}]},{\"@type\":\"ImageObject\",\"inLanguage\":\"pl-PL\",\"@id\":\"https:\/\/creativityshop.eu\/pl\/product\/swarovski-crystal-head-pins-silver-plated-light-rose-pp18-2-5-mm\/#primaryimage\",\"url\":\"https:\/\/creativityshop.eu\/wp-content\/uploads\/2019\/07\/swarovski-head-pins-silver-light-pink-pp18.jpg\",\"contentUrl\":\"https:\/\/creativityshop.eu\/wp-content\/uploads\/2019\/07\/swarovski-head-pins-silver-light-pink-pp18.jpg\",\"width\":768,\"height\":768},{\"@type\":\"BreadcrumbList\",\"@id\":\"https:\/\/creativityshop.eu\/pl\/product\/swarovski-crystal-head-pins-silver-plated-light-rose-pp18-2-5-mm\/#breadcrumb\",\"itemListElement\":[{\"@type\":\"ListItem\",\"position\":1,\"name\":\"Home\",\"item\":\"https:\/\/creativityshop.eu\/pl\/\"},{\"@type\":\"ListItem\",\"position\":2,\"name\":\"Shop\",\"item\":\"https:\/\/creativityshop.eu\/shop\/\"},{\"@type\":\"ListItem\",\"position\":3,\"name\":\"Swarovski Crystal Head Pins, Silver Plated, Light Rose, PP18 (2.5 mm)\"}]},{\"@type\":\"WebSite\",\"@id\":\"https:\/\/creativityshop.eu\/pl\/#website\",\"url\":\"https:\/\/creativityshop.eu\/pl\/\",\"name\":\"CreativityShopEU\",\"description\":\"Embroidery and jewelry components\",\"publisher\":{\"@id\":\"https:\/\/creativityshop.eu\/pl\/#organization\"},\"potentialAction\":[{\"@type\":\"SearchAction\",\"target\":{\"@type\":\"EntryPoint\",\"urlTemplate\":\"https:\/\/creativityshop.eu\/pl\/?s={search_term_string}\"},\"query-input\":{\"@type\":\"PropertyValueSpecification\",\"valueRequired\":true,\"valueName\":\"search_term_string\"}}],\"inLanguage\":\"pl-PL\"},{\"@type\":\"Organization\",\"@id\":\"https:\/\/creativityshop.eu\/pl\/#organization\",\"name\":\"Creativity Shop OU\",\"url\":\"https:\/\/creativityshop.eu\/pl\/\",\"logo\":{\"@type\":\"ImageObject\",\"inLanguage\":\"pl-PL\",\"@id\":\"https:\/\/creativityshop.eu\/pl\/#\/schema\/logo\/image\/\",\"url\":\"https:\/\/creativityshop.eu\/wp-content\/uploads\/2018\/11\/creativity_shop_logosite2.png\",\"contentUrl\":\"https:\/\/creativityshop.eu\/wp-content\/uploads\/2018\/11\/creativity_shop_logosite2.png\",\"width\":2871,\"height\":1100,\"caption\":\"Creativity Shop OU\"},\"image\":{\"@id\":\"https:\/\/creativityshop.eu\/pl\/#\/schema\/logo\/image\/\"}}]}<\/script>\n<meta property=\"product:price:amount\" content=\"0.22\" \/>\n<meta property=\"product:price:currency\" content=\"USD\" \/>\n<meta property=\"og:availability\" content=\"out of stock\" \/>\n<meta property=\"product:availability\" content=\"out of stock\" \/>\n<meta property=\"product:retailer_item_id\" content=\"1469465\" \/>\n<meta property=\"product:condition\" content=\"new\" \/>\n<!-- \/ Yoast SEO Premium plugin. -->","yoast_head_json":{"title":"Swarovski Crystal Head Pins, Silver Plated, Light Rose, PP18 (2.5 mm) - CreativityShopEU","robots":{"index":"noindex","follow":"follow"},"og_locale":"pl_PL","og_type":"article","og_title":"Swarovski Crystal Head Pins, Silver Plated, Light Rose, PP18 (2.5 mm)","og_description":"Premium Quality Swarovski 1088 Xirius Chaton Crystal Head Pins. Anti nickel allergenic.  Plating: Rhodium Crystal: 1088 Xirius Chaton, Light Rose Color Pin size: 40 mm Head size: PP18 (app. 2.5 mm) Brand: Swarovski Country of origin: USA Price per 1 piece","og_url":"https:\/\/creativityshop.eu\/pl\/product\/swarovski-crystal-head-pins-silver-plated-light-rose-pp18-2-5-mm\/","og_site_name":"CreativityShopEU","article_modified_time":"2024-02-13T23:44:04+00:00","og_image":[{"width":768,"height":768,"url":"https:\/\/creativityshop.eu\/wp-content\/uploads\/2019\/07\/swarovski-head-pins-silver-light-pink-pp18.jpg","type":"image\/jpeg"}],"twitter_card":"summary_large_image","twitter_misc":{"Cena":"&#36;0.22","Dost\u0119pno\u015b\u0107":"Brak w magazynie"},"schema":{"@context":"https:\/\/schema.org","@graph":[{"@type":"WebPage","@id":"https:\/\/creativityshop.eu\/pl\/product\/swarovski-crystal-head-pins-silver-plated-light-rose-pp18-2-5-mm\/","url":"https:\/\/creativityshop.eu\/pl\/product\/swarovski-crystal-head-pins-silver-plated-light-rose-pp18-2-5-mm\/","name":"Swarovski Crystal Head Pins, Silver Plated, Light Rose, PP18 (2.5 mm) - CreativityShopEU","isPartOf":{"@id":"https:\/\/creativityshop.eu\/pl\/#website"},"primaryImageOfPage":{"@id":"https:\/\/creativityshop.eu\/pl\/product\/swarovski-crystal-head-pins-silver-plated-light-rose-pp18-2-5-mm\/#primaryimage"},"image":{"@id":"https:\/\/creativityshop.eu\/pl\/product\/swarovski-crystal-head-pins-silver-plated-light-rose-pp18-2-5-mm\/#primaryimage"},"thumbnailUrl":"https:\/\/creativityshop.eu\/wp-content\/uploads\/2019\/07\/swarovski-head-pins-silver-light-pink-pp18.jpg","datePublished":"2019-07-19T09:02:33+00:00","dateModified":"2024-02-13T23:44:04+00:00","breadcrumb":{"@id":"https:\/\/creativityshop.eu\/pl\/product\/swarovski-crystal-head-pins-silver-plated-light-rose-pp18-2-5-mm\/#breadcrumb"},"inLanguage":"pl-PL","potentialAction":[{"@type":"ReadAction","target":["https:\/\/creativityshop.eu\/pl\/product\/swarovski-crystal-head-pins-silver-plated-light-rose-pp18-2-5-mm\/"]}]},{"@type":"ImageObject","inLanguage":"pl-PL","@id":"https:\/\/creativityshop.eu\/pl\/product\/swarovski-crystal-head-pins-silver-plated-light-rose-pp18-2-5-mm\/#primaryimage","url":"https:\/\/creativityshop.eu\/wp-content\/uploads\/2019\/07\/swarovski-head-pins-silver-light-pink-pp18.jpg","contentUrl":"https:\/\/creativityshop.eu\/wp-content\/uploads\/2019\/07\/swarovski-head-pins-silver-light-pink-pp18.jpg","width":768,"height":768},{"@type":"BreadcrumbList","@id":"https:\/\/creativityshop.eu\/pl\/product\/swarovski-crystal-head-pins-silver-plated-light-rose-pp18-2-5-mm\/#breadcrumb","itemListElement":[{"@type":"ListItem","position":1,"name":"Home","item":"https:\/\/creativityshop.eu\/pl\/"},{"@type":"ListItem","position":2,"name":"Shop","item":"https:\/\/creativityshop.eu\/shop\/"},{"@type":"ListItem","position":3,"name":"Swarovski Crystal Head Pins, Silver Plated, Light Rose, PP18 (2.5 mm)"}]},{"@type":"WebSite","@id":"https:\/\/creativityshop.eu\/pl\/#website","url":"https:\/\/creativityshop.eu\/pl\/","name":"CreativityShopEU","description":"Embroidery and jewelry components","publisher":{"@id":"https:\/\/creativityshop.eu\/pl\/#organization"},"potentialAction":[{"@type":"SearchAction","target":{"@type":"EntryPoint","urlTemplate":"https:\/\/creativityshop.eu\/pl\/?s={search_term_string}"},"query-input":{"@type":"PropertyValueSpecification","valueRequired":true,"valueName":"search_term_string"}}],"inLanguage":"pl-PL"},{"@type":"Organization","@id":"https:\/\/creativityshop.eu\/pl\/#organization","name":"Creativity Shop OU","url":"https:\/\/creativityshop.eu\/pl\/","logo":{"@type":"ImageObject","inLanguage":"pl-PL","@id":"https:\/\/creativityshop.eu\/pl\/#\/schema\/logo\/image\/","url":"https:\/\/creativityshop.eu\/wp-content\/uploads\/2018\/11\/creativity_shop_logosite2.png","contentUrl":"https:\/\/creativityshop.eu\/wp-content\/uploads\/2018\/11\/creativity_shop_logosite2.png","width":2871,"height":1100,"caption":"Creativity Shop OU"},"image":{"@id":"https:\/\/creativityshop.eu\/pl\/#\/schema\/logo\/image\/"}}]},"product_price_amount":"0.22","product_price_currency":"USD","og_availability":"out of stock","product_availability":"out of stock","product_retailer_item_id":"1469465","product_condition":"new"},"_links":{"self":[{"href":"https:\/\/creativityshop.eu\/pl\/wp-json\/wp\/v2\/product\/8919","targetHints":{"allow":["GET"]}}],"collection":[{"href":"https:\/\/creativityshop.eu\/pl\/wp-json\/wp\/v2\/product"}],"about":[{"href":"https:\/\/creativityshop.eu\/pl\/wp-json\/wp\/v2\/types\/product"}],"wp:featuredmedia":[{"embeddable":true,"href":"https:\/\/creativityshop.eu\/pl\/wp-json\/wp\/v2\/media\/8921"}],"wp:attachment":[{"href":"https:\/\/creativityshop.eu\/pl\/wp-json\/wp\/v2\/media?parent=8919"}],"wp:term":[{"taxonomy":"product_brand","embeddable":true,"href":"https:\/\/creativityshop.eu\/pl\/wp-json\/wp\/v2\/product_brand?post=8919"},{"taxonomy":"product_cat","embeddable":true,"href":"https:\/\/creativityshop.eu\/pl\/wp-json\/wp\/v2\/product_cat?post=8919"},{"taxonomy":"product_tag","embeddable":true,"href":"https:\/\/creativityshop.eu\/pl\/wp-json\/wp\/v2\/product_tag?post=8919"}],"curies":[{"name":"wp","href":"https:\/\/api.w.org\/{rel}","templated":true}]}}