{"id":8265,"date":"2019-06-15T00:02:44","date_gmt":"2019-06-14T21:02:44","guid":{"rendered":"https:\/\/creativityshop.eu\/?post_type=product&#038;p=8265"},"modified":"2025-05-29T18:30:06","modified_gmt":"2025-05-29T15:30:06","slug":"embroidery-scissors-hemline-stork-scissors-premium-quality-9cm-3-5-in","status":"publish","type":"product","link":"https:\/\/creativityshop.eu\/pl\/product\/embroidery-scissors-hemline-stork-scissors-premium-quality-9cm-3-5-in\/","title":{"rendered":"Embroidery Scissors Hemline, Stork Scissors, Premium Quality 9cm\/3.5 in"},"content":{"rendered":"<p>Product images are for illustrative purposes only and may differ from the actual product. Due to differences in monitors and lightening, colors of products may also appear different to those shown on the site.<\/p>\n","protected":false},"excerpt":{"rendered":"<p><strong>Embroidery Scissors of a Premium Quality<\/strong><br \/>\nAdjustable blades with sharp, fine points. Specially designed for embroidery and hand-needle work. Ideal for detailed cutting, suitable for general hobby and craft projects.<br \/>\nSize: 3.5 inches (9 cm)<br \/>\nMaterial: Stainless Steel<br \/>\nBrand: Hemline<br \/>\nSold per: 1 piece<\/p>\n","protected":false},"featured_media":8267,"template":"","meta":{"_acf_changed":false,"_exactmetrics_skip_tracking":false,"_exactmetrics_sitenote_active":false,"_exactmetrics_sitenote_note":"","_exactmetrics_sitenote_category":0},"product_brand":[],"product_cat":[404,412],"product_tag":[],"class_list":{"0":"post-8265","1":"product","2":"type-product","3":"status-publish","4":"has-post-thumbnail","6":"product_cat-tools","7":"product_cat-scissors","9":"first","10":"instock","11":"taxable","12":"shipping-taxable","13":"purchasable","14":"product-type-simple","15":"add-to-wishlist-after_add_to_cart"},"acf":[],"yoast_head":"<!-- This site is optimized with the Yoast SEO Premium plugin v27.0 (Yoast SEO v27.0) - https:\/\/yoast.com\/product\/yoast-seo-premium-wordpress\/ -->\n<title>Embroidery Scissors Hemline, Stork Scissors, Premium Quality 9cm\/3.5 in - CreativityShopEU<\/title>\n<meta name=\"robots\" content=\"noindex, follow\" \/>\n<meta property=\"og:locale\" content=\"pl_PL\" \/>\n<meta property=\"og:type\" content=\"article\" \/>\n<meta property=\"og:title\" content=\"Embroidery Scissors Hemline, Stork Scissors, Premium Quality 9cm\/3.5 in\" \/>\n<meta property=\"og:description\" content=\"Embroidery Scissors of a Premium Quality Adjustable blades with sharp, fine points. Specially designed for embroidery and hand-needle work. Ideal for detailed cutting, suitable for general hobby and craft projects. Size: 3.5 inches (9 cm) Material: Stainless Steel Brand: Hemline Sold per: 1 piece\" \/>\n<meta property=\"og:url\" content=\"https:\/\/creativityshop.eu\/pl\/product\/embroidery-scissors-hemline-stork-scissors-premium-quality-9cm-3-5-in\/\" \/>\n<meta property=\"og:site_name\" content=\"CreativityShopEU\" \/>\n<meta property=\"article:modified_time\" content=\"2025-05-29T15:30:06+00:00\" \/>\n<meta property=\"og:image\" content=\"https:\/\/creativityshop.eu\/wp-content\/uploads\/2019\/06\/embroidery-scissors-hemline.jpg\" \/>\n\t<meta property=\"og:image:width\" content=\"768\" \/>\n\t<meta property=\"og:image:height\" content=\"768\" \/>\n\t<meta property=\"og:image:type\" content=\"image\/jpeg\" \/>\n<meta name=\"twitter:card\" content=\"summary_large_image\" \/>\n<meta name=\"twitter:label1\" content=\"Cena\" \/>\n\t<meta name=\"twitter:data1\" content=\"&euro;9.50\" \/>\n\t<meta name=\"twitter:label2\" content=\"Dost\u0119pno\u015b\u0107\" \/>\n\t<meta name=\"twitter:data2\" content=\"Dost\u0119pny\" \/>\n<script type=\"application\/ld+json\" class=\"yoast-schema-graph\">{\"@context\":\"https:\/\/schema.org\",\"@graph\":[{\"@type\":\"WebPage\",\"@id\":\"https:\/\/creativityshop.eu\/pl\/product\/embroidery-scissors-hemline-stork-scissors-premium-quality-9cm-3-5-in\/\",\"url\":\"https:\/\/creativityshop.eu\/pl\/product\/embroidery-scissors-hemline-stork-scissors-premium-quality-9cm-3-5-in\/\",\"name\":\"Embroidery Scissors Hemline, Stork Scissors, Premium Quality 9cm\/3.5 in - CreativityShopEU\",\"isPartOf\":{\"@id\":\"https:\/\/creativityshop.eu\/pl\/#website\"},\"primaryImageOfPage\":{\"@id\":\"https:\/\/creativityshop.eu\/pl\/product\/embroidery-scissors-hemline-stork-scissors-premium-quality-9cm-3-5-in\/#primaryimage\"},\"image\":{\"@id\":\"https:\/\/creativityshop.eu\/pl\/product\/embroidery-scissors-hemline-stork-scissors-premium-quality-9cm-3-5-in\/#primaryimage\"},\"thumbnailUrl\":\"https:\/\/creativityshop.eu\/wp-content\/uploads\/2019\/06\/embroidery-scissors-hemline.jpg\",\"datePublished\":\"2019-06-14T21:02:44+00:00\",\"dateModified\":\"2025-05-29T15:30:06+00:00\",\"breadcrumb\":{\"@id\":\"https:\/\/creativityshop.eu\/pl\/product\/embroidery-scissors-hemline-stork-scissors-premium-quality-9cm-3-5-in\/#breadcrumb\"},\"inLanguage\":\"pl-PL\",\"potentialAction\":[{\"@type\":\"ReadAction\",\"target\":[\"https:\/\/creativityshop.eu\/pl\/product\/embroidery-scissors-hemline-stork-scissors-premium-quality-9cm-3-5-in\/\"]}]},{\"@type\":\"ImageObject\",\"inLanguage\":\"pl-PL\",\"@id\":\"https:\/\/creativityshop.eu\/pl\/product\/embroidery-scissors-hemline-stork-scissors-premium-quality-9cm-3-5-in\/#primaryimage\",\"url\":\"https:\/\/creativityshop.eu\/wp-content\/uploads\/2019\/06\/embroidery-scissors-hemline.jpg\",\"contentUrl\":\"https:\/\/creativityshop.eu\/wp-content\/uploads\/2019\/06\/embroidery-scissors-hemline.jpg\",\"width\":768,\"height\":768},{\"@type\":\"BreadcrumbList\",\"@id\":\"https:\/\/creativityshop.eu\/pl\/product\/embroidery-scissors-hemline-stork-scissors-premium-quality-9cm-3-5-in\/#breadcrumb\",\"itemListElement\":[{\"@type\":\"ListItem\",\"position\":1,\"name\":\"Home\",\"item\":\"https:\/\/creativityshop.eu\/pl\/\"},{\"@type\":\"ListItem\",\"position\":2,\"name\":\"Shop\",\"item\":\"https:\/\/creativityshop.eu\/shop\/\"},{\"@type\":\"ListItem\",\"position\":3,\"name\":\"Embroidery Scissors Hemline, Stork Scissors, Premium Quality 9cm\/3.5 in\"}]},{\"@type\":\"WebSite\",\"@id\":\"https:\/\/creativityshop.eu\/pl\/#website\",\"url\":\"https:\/\/creativityshop.eu\/pl\/\",\"name\":\"CreativityShopEU\",\"description\":\"Embroidery and jewelry components\",\"publisher\":{\"@id\":\"https:\/\/creativityshop.eu\/pl\/#organization\"},\"potentialAction\":[{\"@type\":\"SearchAction\",\"target\":{\"@type\":\"EntryPoint\",\"urlTemplate\":\"https:\/\/creativityshop.eu\/pl\/?s={search_term_string}\"},\"query-input\":{\"@type\":\"PropertyValueSpecification\",\"valueRequired\":true,\"valueName\":\"search_term_string\"}}],\"inLanguage\":\"pl-PL\"},{\"@type\":\"Organization\",\"@id\":\"https:\/\/creativityshop.eu\/pl\/#organization\",\"name\":\"Creativity Shop OU\",\"url\":\"https:\/\/creativityshop.eu\/pl\/\",\"logo\":{\"@type\":\"ImageObject\",\"inLanguage\":\"pl-PL\",\"@id\":\"https:\/\/creativityshop.eu\/pl\/#\/schema\/logo\/image\/\",\"url\":\"https:\/\/creativityshop.eu\/wp-content\/uploads\/2018\/11\/creativity_shop_logosite2.png\",\"contentUrl\":\"https:\/\/creativityshop.eu\/wp-content\/uploads\/2018\/11\/creativity_shop_logosite2.png\",\"width\":2871,\"height\":1100,\"caption\":\"Creativity Shop OU\"},\"image\":{\"@id\":\"https:\/\/creativityshop.eu\/pl\/#\/schema\/logo\/image\/\"}}]}<\/script>\n<meta property=\"product:price:amount\" content=\"9.50\" \/>\n<meta property=\"product:price:currency\" content=\"EUR\" \/>\n<meta property=\"og:availability\" content=\"instock\" \/>\n<meta property=\"product:availability\" content=\"instock\" \/>\n<meta property=\"product:retailer_item_id\" content=\"B5427\" \/>\n<meta property=\"product:condition\" content=\"new\" \/>\n<!-- \/ Yoast SEO Premium plugin. -->","yoast_head_json":{"title":"Embroidery Scissors Hemline, Stork Scissors, Premium Quality 9cm\/3.5 in - CreativityShopEU","robots":{"index":"noindex","follow":"follow"},"og_locale":"pl_PL","og_type":"article","og_title":"Embroidery Scissors Hemline, Stork Scissors, Premium Quality 9cm\/3.5 in","og_description":"Embroidery Scissors of a Premium Quality Adjustable blades with sharp, fine points. Specially designed for embroidery and hand-needle work. Ideal for detailed cutting, suitable for general hobby and craft projects. Size: 3.5 inches (9 cm) Material: Stainless Steel Brand: Hemline Sold per: 1 piece","og_url":"https:\/\/creativityshop.eu\/pl\/product\/embroidery-scissors-hemline-stork-scissors-premium-quality-9cm-3-5-in\/","og_site_name":"CreativityShopEU","article_modified_time":"2025-05-29T15:30:06+00:00","og_image":[{"width":768,"height":768,"url":"https:\/\/creativityshop.eu\/wp-content\/uploads\/2019\/06\/embroidery-scissors-hemline.jpg","type":"image\/jpeg"}],"twitter_card":"summary_large_image","twitter_misc":{"Cena":"&euro;9.50","Dost\u0119pno\u015b\u0107":"Dost\u0119pny"},"schema":{"@context":"https:\/\/schema.org","@graph":[{"@type":"WebPage","@id":"https:\/\/creativityshop.eu\/pl\/product\/embroidery-scissors-hemline-stork-scissors-premium-quality-9cm-3-5-in\/","url":"https:\/\/creativityshop.eu\/pl\/product\/embroidery-scissors-hemline-stork-scissors-premium-quality-9cm-3-5-in\/","name":"Embroidery Scissors Hemline, Stork Scissors, Premium Quality 9cm\/3.5 in - CreativityShopEU","isPartOf":{"@id":"https:\/\/creativityshop.eu\/pl\/#website"},"primaryImageOfPage":{"@id":"https:\/\/creativityshop.eu\/pl\/product\/embroidery-scissors-hemline-stork-scissors-premium-quality-9cm-3-5-in\/#primaryimage"},"image":{"@id":"https:\/\/creativityshop.eu\/pl\/product\/embroidery-scissors-hemline-stork-scissors-premium-quality-9cm-3-5-in\/#primaryimage"},"thumbnailUrl":"https:\/\/creativityshop.eu\/wp-content\/uploads\/2019\/06\/embroidery-scissors-hemline.jpg","datePublished":"2019-06-14T21:02:44+00:00","dateModified":"2025-05-29T15:30:06+00:00","breadcrumb":{"@id":"https:\/\/creativityshop.eu\/pl\/product\/embroidery-scissors-hemline-stork-scissors-premium-quality-9cm-3-5-in\/#breadcrumb"},"inLanguage":"pl-PL","potentialAction":[{"@type":"ReadAction","target":["https:\/\/creativityshop.eu\/pl\/product\/embroidery-scissors-hemline-stork-scissors-premium-quality-9cm-3-5-in\/"]}]},{"@type":"ImageObject","inLanguage":"pl-PL","@id":"https:\/\/creativityshop.eu\/pl\/product\/embroidery-scissors-hemline-stork-scissors-premium-quality-9cm-3-5-in\/#primaryimage","url":"https:\/\/creativityshop.eu\/wp-content\/uploads\/2019\/06\/embroidery-scissors-hemline.jpg","contentUrl":"https:\/\/creativityshop.eu\/wp-content\/uploads\/2019\/06\/embroidery-scissors-hemline.jpg","width":768,"height":768},{"@type":"BreadcrumbList","@id":"https:\/\/creativityshop.eu\/pl\/product\/embroidery-scissors-hemline-stork-scissors-premium-quality-9cm-3-5-in\/#breadcrumb","itemListElement":[{"@type":"ListItem","position":1,"name":"Home","item":"https:\/\/creativityshop.eu\/pl\/"},{"@type":"ListItem","position":2,"name":"Shop","item":"https:\/\/creativityshop.eu\/shop\/"},{"@type":"ListItem","position":3,"name":"Embroidery Scissors Hemline, Stork Scissors, Premium Quality 9cm\/3.5 in"}]},{"@type":"WebSite","@id":"https:\/\/creativityshop.eu\/pl\/#website","url":"https:\/\/creativityshop.eu\/pl\/","name":"CreativityShopEU","description":"Embroidery and jewelry components","publisher":{"@id":"https:\/\/creativityshop.eu\/pl\/#organization"},"potentialAction":[{"@type":"SearchAction","target":{"@type":"EntryPoint","urlTemplate":"https:\/\/creativityshop.eu\/pl\/?s={search_term_string}"},"query-input":{"@type":"PropertyValueSpecification","valueRequired":true,"valueName":"search_term_string"}}],"inLanguage":"pl-PL"},{"@type":"Organization","@id":"https:\/\/creativityshop.eu\/pl\/#organization","name":"Creativity Shop OU","url":"https:\/\/creativityshop.eu\/pl\/","logo":{"@type":"ImageObject","inLanguage":"pl-PL","@id":"https:\/\/creativityshop.eu\/pl\/#\/schema\/logo\/image\/","url":"https:\/\/creativityshop.eu\/wp-content\/uploads\/2018\/11\/creativity_shop_logosite2.png","contentUrl":"https:\/\/creativityshop.eu\/wp-content\/uploads\/2018\/11\/creativity_shop_logosite2.png","width":2871,"height":1100,"caption":"Creativity Shop OU"},"image":{"@id":"https:\/\/creativityshop.eu\/pl\/#\/schema\/logo\/image\/"}}]},"product_price_amount":"9.50","product_price_currency":"EUR","og_availability":"instock","product_availability":"instock","product_retailer_item_id":"B5427","product_condition":"new"},"_links":{"self":[{"href":"https:\/\/creativityshop.eu\/pl\/wp-json\/wp\/v2\/product\/8265","targetHints":{"allow":["GET"]}}],"collection":[{"href":"https:\/\/creativityshop.eu\/pl\/wp-json\/wp\/v2\/product"}],"about":[{"href":"https:\/\/creativityshop.eu\/pl\/wp-json\/wp\/v2\/types\/product"}],"wp:featuredmedia":[{"embeddable":true,"href":"https:\/\/creativityshop.eu\/pl\/wp-json\/wp\/v2\/media\/8267"}],"wp:attachment":[{"href":"https:\/\/creativityshop.eu\/pl\/wp-json\/wp\/v2\/media?parent=8265"}],"wp:term":[{"taxonomy":"product_brand","embeddable":true,"href":"https:\/\/creativityshop.eu\/pl\/wp-json\/wp\/v2\/product_brand?post=8265"},{"taxonomy":"product_cat","embeddable":true,"href":"https:\/\/creativityshop.eu\/pl\/wp-json\/wp\/v2\/product_cat?post=8265"},{"taxonomy":"product_tag","embeddable":true,"href":"https:\/\/creativityshop.eu\/pl\/wp-json\/wp\/v2\/product_tag?post=8265"}],"curies":[{"name":"wp","href":"https:\/\/api.w.org\/{rel}","templated":true}]}}