{"id":8113,"date":"2019-05-30T23:04:41","date_gmt":"2019-05-30T20:04:41","guid":{"rendered":"https:\/\/creativityshop.eu\/?post_type=product&#038;p=8113"},"modified":"2026-02-08T18:41:11","modified_gmt":"2026-02-08T15:41:11","slug":"italian-flat-sequins-paillettes-fuchsia-with-metallic-aspect-4019-4-mm-by-andrea-bilics","status":"publish","type":"product","link":"https:\/\/creativityshop.eu\/pl\/product\/italian-flat-sequins-paillettes-fuchsia-with-metallic-aspect-4019-4-mm-by-andrea-bilics\/","title":{"rendered":"Italian Flat Sequins\/Paillettes, Fuchsia with Metallic Aspect #4019, 3 mm, 4 mm, by Andrea Bilics"},"content":{"rendered":"<p>Andrea Bilics sequins have been manufactured in Milan, Italy since 1946. These sequins are famous for their precise and consistent shape and colors.<\/p>\n<p>The sequins&#8217; metallic (Metal) color is one of the most popular. The sequins have a glossy and shiny effect.<\/p>\n<p><strong>Sequins Laundry Care<\/strong><\/p>\n<ul>\n<li>Wash at 30\u00b0 max<\/li>\n<li>Do not use bleach<\/li>\n<li>Do not dry with a drier<\/li>\n<li>Iron temperature &#8211; 120\u00b0 max<\/li>\n<li>Dry cleanable<\/li>\n<\/ul>\n<p>Product images are for illustrative purposes only and may differ from the actual product. Due to differences in monitors and lighting, the colors of products may also appear different from those shown on the site.<\/p>\n","protected":false},"excerpt":{"rendered":"<p><strong>Italian Flat Sequins\/Paillettes with one hole in the center<\/strong><br \/>\nSize: 3 mm, 4 mm<br \/>\nColor: Fuchsia with metallic aspect #4019<br \/>\nProduced in: Italy, Andrea Bilics<br \/>\nSold per: 3 grams (app. 1000 pcs)<\/p>\n","protected":false},"featured_media":8086,"template":"","meta":{"_acf_changed":false,"_exactmetrics_skip_tracking":false,"_exactmetrics_sitenote_active":false,"_exactmetrics_sitenote_note":"","_exactmetrics_sitenote_category":0},"product_brand":[],"product_cat":[274,276],"product_tag":[580],"class_list":{"0":"post-8113","1":"product","2":"type-product","3":"status-publish","4":"has-post-thumbnail","6":"product_cat-sequins","7":"product_cat-flat-sequins","8":"product_tag-loose-sequins","10":"first","11":"instock","12":"taxable","13":"shipping-taxable","14":"purchasable","15":"product-type-variable","16":"wvs-archive-product-wrapper","17":"add-to-wishlist-after_add_to_cart"},"acf":[],"yoast_head":"<!-- This site is optimized with the Yoast SEO Premium plugin v27.0 (Yoast SEO v27.0) - https:\/\/yoast.com\/product\/yoast-seo-premium-wordpress\/ -->\n<title>Italian Flat Sequins\/Paillettes, Fuchsia with Metallic Aspect #4019, 3 mm, 4 mm, by Andrea Bilics - CreativityShopEU<\/title>\n<meta name=\"robots\" content=\"noindex, follow\" \/>\n<meta property=\"og:locale\" content=\"pl_PL\" \/>\n<meta property=\"og:type\" content=\"article\" \/>\n<meta property=\"og:title\" content=\"Italian Flat Sequins\/Paillettes, Fuchsia with Metallic Aspect #4019, 3 mm, 4 mm, by Andrea Bilics\" \/>\n<meta property=\"og:description\" content=\"Italian Flat Sequins\/Paillettes with one hole in the center Size: 3 mm, 4 mm Color: Fuchsia with metallic aspect #4019 Produced in: Italy, Andrea Bilics Sold per: 3 grams (app. 1000 pcs)\" \/>\n<meta property=\"og:url\" content=\"https:\/\/creativityshop.eu\/pl\/product\/italian-flat-sequins-paillettes-fuchsia-with-metallic-aspect-4019-4-mm-by-andrea-bilics\/\" \/>\n<meta property=\"og:site_name\" content=\"CreativityShopEU\" \/>\n<meta property=\"article:modified_time\" content=\"2026-02-08T15:41:11+00:00\" \/>\n<meta property=\"og:image\" content=\"https:\/\/creativityshop.eu\/wp-content\/uploads\/2019\/05\/andrea-bilics-flat-sequins-fuchsia-metal-4019.jpg\" \/>\n\t<meta property=\"og:image:width\" content=\"768\" \/>\n\t<meta property=\"og:image:height\" content=\"768\" \/>\n\t<meta property=\"og:image:type\" content=\"image\/jpeg\" \/>\n<meta name=\"twitter:card\" content=\"summary_large_image\" \/>\n<meta name=\"twitter:label1\" content=\"Dost\u0119pno\u015b\u0107\" \/>\n\t<meta name=\"twitter:data1\" content=\"Dost\u0119pny\" \/>\n<script type=\"application\/ld+json\" class=\"yoast-schema-graph\">{\"@context\":\"https:\/\/schema.org\",\"@graph\":[{\"@type\":\"WebPage\",\"@id\":\"https:\/\/creativityshop.eu\/pl\/product\/italian-flat-sequins-paillettes-fuchsia-with-metallic-aspect-4019-4-mm-by-andrea-bilics\/\",\"url\":\"https:\/\/creativityshop.eu\/pl\/product\/italian-flat-sequins-paillettes-fuchsia-with-metallic-aspect-4019-4-mm-by-andrea-bilics\/\",\"name\":\"Italian Flat Sequins\/Paillettes, Fuchsia with Metallic Aspect #4019, 3 mm, 4 mm, by Andrea Bilics - CreativityShopEU\",\"isPartOf\":{\"@id\":\"https:\/\/creativityshop.eu\/pl\/#website\"},\"primaryImageOfPage\":{\"@id\":\"https:\/\/creativityshop.eu\/pl\/product\/italian-flat-sequins-paillettes-fuchsia-with-metallic-aspect-4019-4-mm-by-andrea-bilics\/#primaryimage\"},\"image\":{\"@id\":\"https:\/\/creativityshop.eu\/pl\/product\/italian-flat-sequins-paillettes-fuchsia-with-metallic-aspect-4019-4-mm-by-andrea-bilics\/#primaryimage\"},\"thumbnailUrl\":\"https:\/\/creativityshop.eu\/wp-content\/uploads\/2019\/05\/andrea-bilics-flat-sequins-fuchsia-metal-4019.jpg\",\"datePublished\":\"2019-05-30T20:04:41+00:00\",\"dateModified\":\"2026-02-08T15:41:11+00:00\",\"breadcrumb\":{\"@id\":\"https:\/\/creativityshop.eu\/pl\/product\/italian-flat-sequins-paillettes-fuchsia-with-metallic-aspect-4019-4-mm-by-andrea-bilics\/#breadcrumb\"},\"inLanguage\":\"pl-PL\",\"potentialAction\":[{\"@type\":\"ReadAction\",\"target\":[\"https:\/\/creativityshop.eu\/pl\/product\/italian-flat-sequins-paillettes-fuchsia-with-metallic-aspect-4019-4-mm-by-andrea-bilics\/\"]}]},{\"@type\":\"ImageObject\",\"inLanguage\":\"pl-PL\",\"@id\":\"https:\/\/creativityshop.eu\/pl\/product\/italian-flat-sequins-paillettes-fuchsia-with-metallic-aspect-4019-4-mm-by-andrea-bilics\/#primaryimage\",\"url\":\"https:\/\/creativityshop.eu\/wp-content\/uploads\/2019\/05\/andrea-bilics-flat-sequins-fuchsia-metal-4019.jpg\",\"contentUrl\":\"https:\/\/creativityshop.eu\/wp-content\/uploads\/2019\/05\/andrea-bilics-flat-sequins-fuchsia-metal-4019.jpg\",\"width\":768,\"height\":768},{\"@type\":\"BreadcrumbList\",\"@id\":\"https:\/\/creativityshop.eu\/pl\/product\/italian-flat-sequins-paillettes-fuchsia-with-metallic-aspect-4019-4-mm-by-andrea-bilics\/#breadcrumb\",\"itemListElement\":[{\"@type\":\"ListItem\",\"position\":1,\"name\":\"Home\",\"item\":\"https:\/\/creativityshop.eu\/pl\/\"},{\"@type\":\"ListItem\",\"position\":2,\"name\":\"Shop\",\"item\":\"https:\/\/creativityshop.eu\/shop\/\"},{\"@type\":\"ListItem\",\"position\":3,\"name\":\"Italian Flat Sequins\/Paillettes, Fuchsia with Metallic Aspect #4019, 3 mm, 4 mm, by Andrea Bilics\"}]},{\"@type\":\"WebSite\",\"@id\":\"https:\/\/creativityshop.eu\/pl\/#website\",\"url\":\"https:\/\/creativityshop.eu\/pl\/\",\"name\":\"CreativityShopEU\",\"description\":\"Embroidery and jewelry components\",\"publisher\":{\"@id\":\"https:\/\/creativityshop.eu\/pl\/#organization\"},\"potentialAction\":[{\"@type\":\"SearchAction\",\"target\":{\"@type\":\"EntryPoint\",\"urlTemplate\":\"https:\/\/creativityshop.eu\/pl\/?s={search_term_string}\"},\"query-input\":{\"@type\":\"PropertyValueSpecification\",\"valueRequired\":true,\"valueName\":\"search_term_string\"}}],\"inLanguage\":\"pl-PL\"},{\"@type\":\"Organization\",\"@id\":\"https:\/\/creativityshop.eu\/pl\/#organization\",\"name\":\"Creativity Shop OU\",\"url\":\"https:\/\/creativityshop.eu\/pl\/\",\"logo\":{\"@type\":\"ImageObject\",\"inLanguage\":\"pl-PL\",\"@id\":\"https:\/\/creativityshop.eu\/pl\/#\/schema\/logo\/image\/\",\"url\":\"https:\/\/creativityshop.eu\/wp-content\/uploads\/2018\/11\/creativity_shop_logosite2.png\",\"contentUrl\":\"https:\/\/creativityshop.eu\/wp-content\/uploads\/2018\/11\/creativity_shop_logosite2.png\",\"width\":2871,\"height\":1100,\"caption\":\"Creativity Shop OU\"},\"image\":{\"@id\":\"https:\/\/creativityshop.eu\/pl\/#\/schema\/logo\/image\/\"}}]}<\/script>\n<meta property=\"og:availability\" content=\"instock\" \/>\n<meta property=\"product:availability\" content=\"instock\" \/>\n<meta property=\"product:condition\" content=\"new\" \/>\n<!-- \/ Yoast SEO Premium plugin. -->","yoast_head_json":{"title":"Italian Flat Sequins\/Paillettes, Fuchsia with Metallic Aspect #4019, 3 mm, 4 mm, by Andrea Bilics - CreativityShopEU","robots":{"index":"noindex","follow":"follow"},"og_locale":"pl_PL","og_type":"article","og_title":"Italian Flat Sequins\/Paillettes, Fuchsia with Metallic Aspect #4019, 3 mm, 4 mm, by Andrea Bilics","og_description":"Italian Flat Sequins\/Paillettes with one hole in the center Size: 3 mm, 4 mm Color: Fuchsia with metallic aspect #4019 Produced in: Italy, Andrea Bilics Sold per: 3 grams (app. 1000 pcs)","og_url":"https:\/\/creativityshop.eu\/pl\/product\/italian-flat-sequins-paillettes-fuchsia-with-metallic-aspect-4019-4-mm-by-andrea-bilics\/","og_site_name":"CreativityShopEU","article_modified_time":"2026-02-08T15:41:11+00:00","og_image":[{"width":768,"height":768,"url":"https:\/\/creativityshop.eu\/wp-content\/uploads\/2019\/05\/andrea-bilics-flat-sequins-fuchsia-metal-4019.jpg","type":"image\/jpeg"}],"twitter_card":"summary_large_image","twitter_misc":{"Dost\u0119pno\u015b\u0107":"Dost\u0119pny"},"schema":{"@context":"https:\/\/schema.org","@graph":[{"@type":"WebPage","@id":"https:\/\/creativityshop.eu\/pl\/product\/italian-flat-sequins-paillettes-fuchsia-with-metallic-aspect-4019-4-mm-by-andrea-bilics\/","url":"https:\/\/creativityshop.eu\/pl\/product\/italian-flat-sequins-paillettes-fuchsia-with-metallic-aspect-4019-4-mm-by-andrea-bilics\/","name":"Italian Flat Sequins\/Paillettes, Fuchsia with Metallic Aspect #4019, 3 mm, 4 mm, by Andrea Bilics - CreativityShopEU","isPartOf":{"@id":"https:\/\/creativityshop.eu\/pl\/#website"},"primaryImageOfPage":{"@id":"https:\/\/creativityshop.eu\/pl\/product\/italian-flat-sequins-paillettes-fuchsia-with-metallic-aspect-4019-4-mm-by-andrea-bilics\/#primaryimage"},"image":{"@id":"https:\/\/creativityshop.eu\/pl\/product\/italian-flat-sequins-paillettes-fuchsia-with-metallic-aspect-4019-4-mm-by-andrea-bilics\/#primaryimage"},"thumbnailUrl":"https:\/\/creativityshop.eu\/wp-content\/uploads\/2019\/05\/andrea-bilics-flat-sequins-fuchsia-metal-4019.jpg","datePublished":"2019-05-30T20:04:41+00:00","dateModified":"2026-02-08T15:41:11+00:00","breadcrumb":{"@id":"https:\/\/creativityshop.eu\/pl\/product\/italian-flat-sequins-paillettes-fuchsia-with-metallic-aspect-4019-4-mm-by-andrea-bilics\/#breadcrumb"},"inLanguage":"pl-PL","potentialAction":[{"@type":"ReadAction","target":["https:\/\/creativityshop.eu\/pl\/product\/italian-flat-sequins-paillettes-fuchsia-with-metallic-aspect-4019-4-mm-by-andrea-bilics\/"]}]},{"@type":"ImageObject","inLanguage":"pl-PL","@id":"https:\/\/creativityshop.eu\/pl\/product\/italian-flat-sequins-paillettes-fuchsia-with-metallic-aspect-4019-4-mm-by-andrea-bilics\/#primaryimage","url":"https:\/\/creativityshop.eu\/wp-content\/uploads\/2019\/05\/andrea-bilics-flat-sequins-fuchsia-metal-4019.jpg","contentUrl":"https:\/\/creativityshop.eu\/wp-content\/uploads\/2019\/05\/andrea-bilics-flat-sequins-fuchsia-metal-4019.jpg","width":768,"height":768},{"@type":"BreadcrumbList","@id":"https:\/\/creativityshop.eu\/pl\/product\/italian-flat-sequins-paillettes-fuchsia-with-metallic-aspect-4019-4-mm-by-andrea-bilics\/#breadcrumb","itemListElement":[{"@type":"ListItem","position":1,"name":"Home","item":"https:\/\/creativityshop.eu\/pl\/"},{"@type":"ListItem","position":2,"name":"Shop","item":"https:\/\/creativityshop.eu\/shop\/"},{"@type":"ListItem","position":3,"name":"Italian Flat Sequins\/Paillettes, Fuchsia with Metallic Aspect #4019, 3 mm, 4 mm, by Andrea Bilics"}]},{"@type":"WebSite","@id":"https:\/\/creativityshop.eu\/pl\/#website","url":"https:\/\/creativityshop.eu\/pl\/","name":"CreativityShopEU","description":"Embroidery and jewelry components","publisher":{"@id":"https:\/\/creativityshop.eu\/pl\/#organization"},"potentialAction":[{"@type":"SearchAction","target":{"@type":"EntryPoint","urlTemplate":"https:\/\/creativityshop.eu\/pl\/?s={search_term_string}"},"query-input":{"@type":"PropertyValueSpecification","valueRequired":true,"valueName":"search_term_string"}}],"inLanguage":"pl-PL"},{"@type":"Organization","@id":"https:\/\/creativityshop.eu\/pl\/#organization","name":"Creativity Shop OU","url":"https:\/\/creativityshop.eu\/pl\/","logo":{"@type":"ImageObject","inLanguage":"pl-PL","@id":"https:\/\/creativityshop.eu\/pl\/#\/schema\/logo\/image\/","url":"https:\/\/creativityshop.eu\/wp-content\/uploads\/2018\/11\/creativity_shop_logosite2.png","contentUrl":"https:\/\/creativityshop.eu\/wp-content\/uploads\/2018\/11\/creativity_shop_logosite2.png","width":2871,"height":1100,"caption":"Creativity Shop OU"},"image":{"@id":"https:\/\/creativityshop.eu\/pl\/#\/schema\/logo\/image\/"}}]},"og_availability":"instock","product_availability":"instock","product_condition":"new"},"_links":{"self":[{"href":"https:\/\/creativityshop.eu\/pl\/wp-json\/wp\/v2\/product\/8113","targetHints":{"allow":["GET"]}}],"collection":[{"href":"https:\/\/creativityshop.eu\/pl\/wp-json\/wp\/v2\/product"}],"about":[{"href":"https:\/\/creativityshop.eu\/pl\/wp-json\/wp\/v2\/types\/product"}],"wp:featuredmedia":[{"embeddable":true,"href":"https:\/\/creativityshop.eu\/pl\/wp-json\/wp\/v2\/media\/8086"}],"wp:attachment":[{"href":"https:\/\/creativityshop.eu\/pl\/wp-json\/wp\/v2\/media?parent=8113"}],"wp:term":[{"taxonomy":"product_brand","embeddable":true,"href":"https:\/\/creativityshop.eu\/pl\/wp-json\/wp\/v2\/product_brand?post=8113"},{"taxonomy":"product_cat","embeddable":true,"href":"https:\/\/creativityshop.eu\/pl\/wp-json\/wp\/v2\/product_cat?post=8113"},{"taxonomy":"product_tag","embeddable":true,"href":"https:\/\/creativityshop.eu\/pl\/wp-json\/wp\/v2\/product_tag?post=8113"}],"curies":[{"name":"wp","href":"https:\/\/api.w.org\/{rel}","templated":true}]}}