{"id":809,"date":"2018-12-17T00:02:01","date_gmt":"2018-12-16T21:02:01","guid":{"rendered":"https:\/\/creativityshop.eu\/product\/french-wire-cut-wire-2-mm-diameter-silver-color-k1180\/"},"modified":"2026-01-28T02:11:49","modified_gmt":"2026-01-27T23:11:49","slug":"french-wire-cut-wire-2-mm-diameter-silver-color-k1180","status":"publish","type":"product","link":"https:\/\/creativityshop.eu\/pl\/product\/french-wire-cut-wire-2-mm-diameter-silver-color-k1180\/","title":{"rendered":"French Wire Cut Wire 2 mm diameter Silver Color K1180"},"content":{"rendered":"<p>Color: Silver<br \/>\nAvailable diameters: 2 mm<br \/>\nMaterial: Copper<br \/>\nCountry of origin: India<br \/>\nPrice per 5 grams<\/p>\n<p>This French wire is made for embroidery and jewelry making. The copper wire has a beautiful gloss and is coiled in a graceful spring manner. Spring copper metallic thread (French wire) is widely used in making traditional embroidery work and jewelry making. Wires are very flexible, expands into fine coil spring upon pull.<br \/>\nThis metallic wire for embroidery made in India. In India, French wire is called Dabka. Also known as bullion wire or Nakshi.<br \/>\nYou can find a wide range of embroidery wires and threads from www.creativityshop.eu<\/p>\n<p><strong>This a Twisted French wire<\/strong><\/p>\n<p>Twisted French wire has a ribbed surface and is made of wire by winding on polygonal billets. But unlike Bullion wire Twisted French wire can be made both from flatted wires and from round wires. Twisted French wire has facets that strongly refract light and it\u2019s combined perfectly with other types of metal embroidery threads.<\/p>\n<p><strong>Instructions for the care of French wire embroidery<\/strong><\/p>\n<p>French wire metal embroideries are very delicate. They shouldn\u2019t be machine-washed nor dry-cleaned. Avoid all contact with water, acids or alcohol. Please, avoid long exposures to heat and light! To keep your embroideries glossy as long as possible, store them in the dark places.<br \/>\nTake a special attention to the scissors or wire cutter, when you are working with a French wire. Your tools must be very sharp and without notches, otherwise there will be hooks on the wire. Avoid stretching and deformation of the spring, when you embroidering.<\/p>\n","protected":false},"excerpt":{"rendered":"<p>Color: Silver<br \/>\nAvailable diameters: 2 mm<br \/>\nMaterial: Copper<br \/>\nCountry of origin: India<br \/>\nPrice per 5 grams<\/p>\n<p>French wire, cut bullion wire of silver colour. It has 2 mm in diameter. Sold per 5 gramms. SKU: K1180<\/p>\n","protected":false},"featured_media":1261,"template":"","meta":{"_acf_changed":false,"_exactmetrics_skip_tracking":false,"_exactmetrics_sitenote_active":false,"_exactmetrics_sitenote_note":"","_exactmetrics_sitenote_category":0},"product_brand":[],"product_cat":[213,232],"product_tag":[],"class_list":{"0":"post-809","1":"product","2":"type-product","3":"status-publish","4":"has-post-thumbnail","6":"product_cat-french-wires","7":"product_cat-cut-wire","9":"first","10":"outofstock","11":"taxable","12":"shipping-taxable","13":"purchasable","14":"product-type-simple","15":"add-to-wishlist-after_add_to_cart"},"acf":[],"yoast_head":"<!-- This site is optimized with the Yoast SEO Premium plugin v27.0 (Yoast SEO v27.0) - https:\/\/yoast.com\/product\/yoast-seo-premium-wordpress\/ -->\n<title>French Wire Cut Wire 2 mm diameter Silver Color K1180 - CreativityShopEU<\/title>\n<meta name=\"robots\" content=\"noindex, follow\" \/>\n<meta property=\"og:locale\" content=\"pl_PL\" \/>\n<meta property=\"og:type\" content=\"article\" \/>\n<meta property=\"og:title\" content=\"French Wire Cut Wire 2 mm diameter Silver Color K1180\" \/>\n<meta property=\"og:description\" content=\"Color: Silver Available diameters: 2 mm Material: Copper Country of origin: India Price per 5 grams  French wire, cut bullion wire of silver colour. It has 2 mm in diameter. Sold per 5 gramms. SKU: K1180\" \/>\n<meta property=\"og:url\" content=\"https:\/\/creativityshop.eu\/pl\/product\/french-wire-cut-wire-2-mm-diameter-silver-color-k1180\/\" \/>\n<meta property=\"og:site_name\" content=\"CreativityShopEU\" \/>\n<meta property=\"article:modified_time\" content=\"2026-01-27T23:11:49+00:00\" \/>\n<meta property=\"og:image\" content=\"https:\/\/creativityshop.eu\/wp-content\/uploads\/2018\/12\/french-wire-k1180_2.jpg\" \/>\n\t<meta property=\"og:image:width\" content=\"768\" \/>\n\t<meta property=\"og:image:height\" content=\"768\" \/>\n\t<meta property=\"og:image:type\" content=\"image\/jpeg\" \/>\n<meta name=\"twitter:card\" content=\"summary_large_image\" \/>\n<meta name=\"twitter:label1\" content=\"Cena\" \/>\n\t<meta name=\"twitter:data1\" content=\"&#036;1.00\" \/>\n\t<meta name=\"twitter:label2\" content=\"Dost\u0119pno\u015b\u0107\" \/>\n\t<meta name=\"twitter:data2\" content=\"Brak w magazynie\" \/>\n<script type=\"application\/ld+json\" class=\"yoast-schema-graph\">{\"@context\":\"https:\/\/schema.org\",\"@graph\":[{\"@type\":\"WebPage\",\"@id\":\"https:\/\/creativityshop.eu\/pl\/product\/french-wire-cut-wire-2-mm-diameter-silver-color-k1180\/\",\"url\":\"https:\/\/creativityshop.eu\/pl\/product\/french-wire-cut-wire-2-mm-diameter-silver-color-k1180\/\",\"name\":\"French Wire Cut Wire 2 mm diameter Silver Color K1180 - CreativityShopEU\",\"isPartOf\":{\"@id\":\"https:\/\/creativityshop.eu\/pl\/#website\"},\"primaryImageOfPage\":{\"@id\":\"https:\/\/creativityshop.eu\/pl\/product\/french-wire-cut-wire-2-mm-diameter-silver-color-k1180\/#primaryimage\"},\"image\":{\"@id\":\"https:\/\/creativityshop.eu\/pl\/product\/french-wire-cut-wire-2-mm-diameter-silver-color-k1180\/#primaryimage\"},\"thumbnailUrl\":\"https:\/\/creativityshop.eu\/wp-content\/uploads\/2018\/12\/french-wire-k1180_2.jpg\",\"datePublished\":\"2018-12-16T21:02:01+00:00\",\"dateModified\":\"2026-01-27T23:11:49+00:00\",\"breadcrumb\":{\"@id\":\"https:\/\/creativityshop.eu\/pl\/product\/french-wire-cut-wire-2-mm-diameter-silver-color-k1180\/#breadcrumb\"},\"inLanguage\":\"pl-PL\",\"potentialAction\":[{\"@type\":\"ReadAction\",\"target\":[\"https:\/\/creativityshop.eu\/pl\/product\/french-wire-cut-wire-2-mm-diameter-silver-color-k1180\/\"]}]},{\"@type\":\"ImageObject\",\"inLanguage\":\"pl-PL\",\"@id\":\"https:\/\/creativityshop.eu\/pl\/product\/french-wire-cut-wire-2-mm-diameter-silver-color-k1180\/#primaryimage\",\"url\":\"https:\/\/creativityshop.eu\/wp-content\/uploads\/2018\/12\/french-wire-k1180_2.jpg\",\"contentUrl\":\"https:\/\/creativityshop.eu\/wp-content\/uploads\/2018\/12\/french-wire-k1180_2.jpg\",\"width\":768,\"height\":768},{\"@type\":\"BreadcrumbList\",\"@id\":\"https:\/\/creativityshop.eu\/pl\/product\/french-wire-cut-wire-2-mm-diameter-silver-color-k1180\/#breadcrumb\",\"itemListElement\":[{\"@type\":\"ListItem\",\"position\":1,\"name\":\"Home\",\"item\":\"https:\/\/creativityshop.eu\/pl\/\"},{\"@type\":\"ListItem\",\"position\":2,\"name\":\"Shop\",\"item\":\"https:\/\/creativityshop.eu\/shop\/\"},{\"@type\":\"ListItem\",\"position\":3,\"name\":\"French Wire Cut Wire 2 mm diameter Silver Color K1180\"}]},{\"@type\":\"WebSite\",\"@id\":\"https:\/\/creativityshop.eu\/pl\/#website\",\"url\":\"https:\/\/creativityshop.eu\/pl\/\",\"name\":\"CreativityShopEU\",\"description\":\"Embroidery and jewelry components\",\"publisher\":{\"@id\":\"https:\/\/creativityshop.eu\/pl\/#organization\"},\"potentialAction\":[{\"@type\":\"SearchAction\",\"target\":{\"@type\":\"EntryPoint\",\"urlTemplate\":\"https:\/\/creativityshop.eu\/pl\/?s={search_term_string}\"},\"query-input\":{\"@type\":\"PropertyValueSpecification\",\"valueRequired\":true,\"valueName\":\"search_term_string\"}}],\"inLanguage\":\"pl-PL\"},{\"@type\":\"Organization\",\"@id\":\"https:\/\/creativityshop.eu\/pl\/#organization\",\"name\":\"Creativity Shop OU\",\"url\":\"https:\/\/creativityshop.eu\/pl\/\",\"logo\":{\"@type\":\"ImageObject\",\"inLanguage\":\"pl-PL\",\"@id\":\"https:\/\/creativityshop.eu\/pl\/#\/schema\/logo\/image\/\",\"url\":\"https:\/\/creativityshop.eu\/wp-content\/uploads\/2018\/11\/creativity_shop_logosite2.png\",\"contentUrl\":\"https:\/\/creativityshop.eu\/wp-content\/uploads\/2018\/11\/creativity_shop_logosite2.png\",\"width\":2871,\"height\":1100,\"caption\":\"Creativity Shop OU\"},\"image\":{\"@id\":\"https:\/\/creativityshop.eu\/pl\/#\/schema\/logo\/image\/\"}}]}<\/script>\n<meta property=\"product:price:amount\" content=\"1.00\" \/>\n<meta property=\"product:price:currency\" content=\"USD\" \/>\n<meta property=\"og:availability\" content=\"out of stock\" \/>\n<meta property=\"product:availability\" content=\"out of stock\" \/>\n<meta property=\"product:retailer_item_id\" content=\"K1180\" \/>\n<meta property=\"product:condition\" content=\"new\" \/>\n<!-- \/ Yoast SEO Premium plugin. -->","yoast_head_json":{"title":"French Wire Cut Wire 2 mm diameter Silver Color K1180 - CreativityShopEU","robots":{"index":"noindex","follow":"follow"},"og_locale":"pl_PL","og_type":"article","og_title":"French Wire Cut Wire 2 mm diameter Silver Color K1180","og_description":"Color: Silver Available diameters: 2 mm Material: Copper Country of origin: India Price per 5 grams  French wire, cut bullion wire of silver colour. It has 2 mm in diameter. Sold per 5 gramms. SKU: K1180","og_url":"https:\/\/creativityshop.eu\/pl\/product\/french-wire-cut-wire-2-mm-diameter-silver-color-k1180\/","og_site_name":"CreativityShopEU","article_modified_time":"2026-01-27T23:11:49+00:00","og_image":[{"width":768,"height":768,"url":"https:\/\/creativityshop.eu\/wp-content\/uploads\/2018\/12\/french-wire-k1180_2.jpg","type":"image\/jpeg"}],"twitter_card":"summary_large_image","twitter_misc":{"Cena":"&#36;1.00","Dost\u0119pno\u015b\u0107":"Brak w magazynie"},"schema":{"@context":"https:\/\/schema.org","@graph":[{"@type":"WebPage","@id":"https:\/\/creativityshop.eu\/pl\/product\/french-wire-cut-wire-2-mm-diameter-silver-color-k1180\/","url":"https:\/\/creativityshop.eu\/pl\/product\/french-wire-cut-wire-2-mm-diameter-silver-color-k1180\/","name":"French Wire Cut Wire 2 mm diameter Silver Color K1180 - CreativityShopEU","isPartOf":{"@id":"https:\/\/creativityshop.eu\/pl\/#website"},"primaryImageOfPage":{"@id":"https:\/\/creativityshop.eu\/pl\/product\/french-wire-cut-wire-2-mm-diameter-silver-color-k1180\/#primaryimage"},"image":{"@id":"https:\/\/creativityshop.eu\/pl\/product\/french-wire-cut-wire-2-mm-diameter-silver-color-k1180\/#primaryimage"},"thumbnailUrl":"https:\/\/creativityshop.eu\/wp-content\/uploads\/2018\/12\/french-wire-k1180_2.jpg","datePublished":"2018-12-16T21:02:01+00:00","dateModified":"2026-01-27T23:11:49+00:00","breadcrumb":{"@id":"https:\/\/creativityshop.eu\/pl\/product\/french-wire-cut-wire-2-mm-diameter-silver-color-k1180\/#breadcrumb"},"inLanguage":"pl-PL","potentialAction":[{"@type":"ReadAction","target":["https:\/\/creativityshop.eu\/pl\/product\/french-wire-cut-wire-2-mm-diameter-silver-color-k1180\/"]}]},{"@type":"ImageObject","inLanguage":"pl-PL","@id":"https:\/\/creativityshop.eu\/pl\/product\/french-wire-cut-wire-2-mm-diameter-silver-color-k1180\/#primaryimage","url":"https:\/\/creativityshop.eu\/wp-content\/uploads\/2018\/12\/french-wire-k1180_2.jpg","contentUrl":"https:\/\/creativityshop.eu\/wp-content\/uploads\/2018\/12\/french-wire-k1180_2.jpg","width":768,"height":768},{"@type":"BreadcrumbList","@id":"https:\/\/creativityshop.eu\/pl\/product\/french-wire-cut-wire-2-mm-diameter-silver-color-k1180\/#breadcrumb","itemListElement":[{"@type":"ListItem","position":1,"name":"Home","item":"https:\/\/creativityshop.eu\/pl\/"},{"@type":"ListItem","position":2,"name":"Shop","item":"https:\/\/creativityshop.eu\/shop\/"},{"@type":"ListItem","position":3,"name":"French Wire Cut Wire 2 mm diameter Silver Color K1180"}]},{"@type":"WebSite","@id":"https:\/\/creativityshop.eu\/pl\/#website","url":"https:\/\/creativityshop.eu\/pl\/","name":"CreativityShopEU","description":"Embroidery and jewelry components","publisher":{"@id":"https:\/\/creativityshop.eu\/pl\/#organization"},"potentialAction":[{"@type":"SearchAction","target":{"@type":"EntryPoint","urlTemplate":"https:\/\/creativityshop.eu\/pl\/?s={search_term_string}"},"query-input":{"@type":"PropertyValueSpecification","valueRequired":true,"valueName":"search_term_string"}}],"inLanguage":"pl-PL"},{"@type":"Organization","@id":"https:\/\/creativityshop.eu\/pl\/#organization","name":"Creativity Shop OU","url":"https:\/\/creativityshop.eu\/pl\/","logo":{"@type":"ImageObject","inLanguage":"pl-PL","@id":"https:\/\/creativityshop.eu\/pl\/#\/schema\/logo\/image\/","url":"https:\/\/creativityshop.eu\/wp-content\/uploads\/2018\/11\/creativity_shop_logosite2.png","contentUrl":"https:\/\/creativityshop.eu\/wp-content\/uploads\/2018\/11\/creativity_shop_logosite2.png","width":2871,"height":1100,"caption":"Creativity Shop OU"},"image":{"@id":"https:\/\/creativityshop.eu\/pl\/#\/schema\/logo\/image\/"}}]},"product_price_amount":"1.00","product_price_currency":"USD","og_availability":"out of stock","product_availability":"out of stock","product_retailer_item_id":"K1180","product_condition":"new"},"_links":{"self":[{"href":"https:\/\/creativityshop.eu\/pl\/wp-json\/wp\/v2\/product\/809","targetHints":{"allow":["GET"]}}],"collection":[{"href":"https:\/\/creativityshop.eu\/pl\/wp-json\/wp\/v2\/product"}],"about":[{"href":"https:\/\/creativityshop.eu\/pl\/wp-json\/wp\/v2\/types\/product"}],"wp:featuredmedia":[{"embeddable":true,"href":"https:\/\/creativityshop.eu\/pl\/wp-json\/wp\/v2\/media\/1261"}],"wp:attachment":[{"href":"https:\/\/creativityshop.eu\/pl\/wp-json\/wp\/v2\/media?parent=809"}],"wp:term":[{"taxonomy":"product_brand","embeddable":true,"href":"https:\/\/creativityshop.eu\/pl\/wp-json\/wp\/v2\/product_brand?post=809"},{"taxonomy":"product_cat","embeddable":true,"href":"https:\/\/creativityshop.eu\/pl\/wp-json\/wp\/v2\/product_cat?post=809"},{"taxonomy":"product_tag","embeddable":true,"href":"https:\/\/creativityshop.eu\/pl\/wp-json\/wp\/v2\/product_tag?post=809"}],"curies":[{"name":"wp","href":"https:\/\/api.w.org\/{rel}","templated":true}]}}