{"id":7906,"date":"2019-05-25T01:54:05","date_gmt":"2019-05-24T22:54:05","guid":{"rendered":"https:\/\/creativityshop.eu\/?post_type=product&#038;p=7906"},"modified":"2026-01-28T02:21:50","modified_gmt":"2026-01-27T23:21:50","slug":"1122-s-swarovski-round-rivoli-settings-rhodium-plated-12-mm","status":"publish","type":"product","link":"https:\/\/creativityshop.eu\/pl\/product\/1122-s-swarovski-round-rivoli-settings-rhodium-plated-12-mm\/","title":{"rendered":"1122\/S-1400\/S Swarovski Round Rivoli\/Dome Settings Rhodium Plated, 12 mm"},"content":{"rendered":"<p>Rivoli is a simple yet elegant Swarovski Crystal.\u00a0 Rivoli are very popular due to their moderate price and excellent visual effects. They are widely used in jewelry and embroidery.<\/p>\n<p>Creativity Shop is a direct reseller of Swarovski in the EU. You can buy a wide range of fancy stones at www.creativityshop.eu.<br \/>\nProduct images are for illustrative purposes only and may differ from the actual product. Due to differences in monitors and lighting, the colors of products may also appear different from those shown on the site.<\/p>\n","protected":false},"excerpt":{"rendered":"<p><strong>1122\/S and 1400\/S Settings for Swarovski Round Stones<\/strong><br \/>\nShape: Round<br \/>\nType: Rivoli and Dome<br \/>\nPlating: Rhodium Plated<br \/>\nSize: 12mm<br \/>\nManufactured in: Austria<\/p>\n","protected":false},"featured_media":7340,"template":"","meta":{"_acf_changed":false,"_exactmetrics_skip_tracking":false,"_exactmetrics_sitenote_active":false,"_exactmetrics_sitenote_note":"","_exactmetrics_sitenote_category":0},"product_brand":[],"product_cat":[538,385],"product_tag":[],"class_list":{"0":"post-7906","1":"product","2":"type-product","3":"status-publish","4":"has-post-thumbnail","6":"product_cat-1400-swarovski-stone","7":"product_cat-1122-round-rivoli","9":"first","10":"outofstock","11":"taxable","12":"shipping-taxable","13":"purchasable","14":"product-type-simple","15":"add-to-wishlist-after_add_to_cart"},"acf":[],"yoast_head":"<!-- This site is optimized with the Yoast SEO Premium plugin v27.0 (Yoast SEO v27.0) - https:\/\/yoast.com\/product\/yoast-seo-premium-wordpress\/ -->\n<title>1122\/S-1400\/S Swarovski Round Rivoli\/Dome Settings Rhodium Plated, 12 mm - CreativityShopEU<\/title>\n<meta name=\"robots\" content=\"noindex, follow\" \/>\n<meta property=\"og:locale\" content=\"pl_PL\" \/>\n<meta property=\"og:type\" content=\"article\" \/>\n<meta property=\"og:title\" content=\"1122\/S-1400\/S Swarovski Round Rivoli\/Dome Settings Rhodium Plated, 12 mm\" \/>\n<meta property=\"og:description\" content=\"1122\/S and 1400\/S Settings for Swarovski Round Stones Shape: Round Type: Rivoli and Dome Plating: Rhodium Plated Size: 12mm Manufactured in: Austria\" \/>\n<meta property=\"og:url\" content=\"https:\/\/creativityshop.eu\/pl\/product\/1122-s-swarovski-round-rivoli-settings-rhodium-plated-12-mm\/\" \/>\n<meta property=\"og:site_name\" content=\"CreativityShopEU\" \/>\n<meta property=\"article:modified_time\" content=\"2026-01-27T23:21:50+00:00\" \/>\n<meta property=\"og:image\" content=\"https:\/\/creativityshop.eu\/wp-content\/uploads\/2019\/05\/1122s-swarovski-settings-silver-plated-12mm.jpg\" \/>\n\t<meta property=\"og:image:width\" content=\"420\" \/>\n\t<meta property=\"og:image:height\" content=\"420\" \/>\n\t<meta property=\"og:image:type\" content=\"image\/jpeg\" \/>\n<meta name=\"twitter:card\" content=\"summary_large_image\" \/>\n<meta name=\"twitter:label1\" content=\"Cena\" \/>\n\t<meta name=\"twitter:data1\" content=\"&#036;0.83\" \/>\n\t<meta name=\"twitter:label2\" content=\"Dost\u0119pno\u015b\u0107\" \/>\n\t<meta name=\"twitter:data2\" content=\"Brak w magazynie\" \/>\n<script type=\"application\/ld+json\" class=\"yoast-schema-graph\">{\"@context\":\"https:\/\/schema.org\",\"@graph\":[{\"@type\":\"WebPage\",\"@id\":\"https:\/\/creativityshop.eu\/pl\/product\/1122-s-swarovski-round-rivoli-settings-rhodium-plated-12-mm\/\",\"url\":\"https:\/\/creativityshop.eu\/pl\/product\/1122-s-swarovski-round-rivoli-settings-rhodium-plated-12-mm\/\",\"name\":\"1122\/S-1400\/S Swarovski Round Rivoli\/Dome Settings Rhodium Plated, 12 mm - CreativityShopEU\",\"isPartOf\":{\"@id\":\"https:\/\/creativityshop.eu\/pl\/#website\"},\"primaryImageOfPage\":{\"@id\":\"https:\/\/creativityshop.eu\/pl\/product\/1122-s-swarovski-round-rivoli-settings-rhodium-plated-12-mm\/#primaryimage\"},\"image\":{\"@id\":\"https:\/\/creativityshop.eu\/pl\/product\/1122-s-swarovski-round-rivoli-settings-rhodium-plated-12-mm\/#primaryimage\"},\"thumbnailUrl\":\"https:\/\/creativityshop.eu\/wp-content\/uploads\/2019\/05\/1122s-swarovski-settings-silver-plated-12mm.jpg\",\"datePublished\":\"2019-05-24T22:54:05+00:00\",\"dateModified\":\"2026-01-27T23:21:50+00:00\",\"breadcrumb\":{\"@id\":\"https:\/\/creativityshop.eu\/pl\/product\/1122-s-swarovski-round-rivoli-settings-rhodium-plated-12-mm\/#breadcrumb\"},\"inLanguage\":\"pl-PL\",\"potentialAction\":[{\"@type\":\"ReadAction\",\"target\":[\"https:\/\/creativityshop.eu\/pl\/product\/1122-s-swarovski-round-rivoli-settings-rhodium-plated-12-mm\/\"]}]},{\"@type\":\"ImageObject\",\"inLanguage\":\"pl-PL\",\"@id\":\"https:\/\/creativityshop.eu\/pl\/product\/1122-s-swarovski-round-rivoli-settings-rhodium-plated-12-mm\/#primaryimage\",\"url\":\"https:\/\/creativityshop.eu\/wp-content\/uploads\/2019\/05\/1122s-swarovski-settings-silver-plated-12mm.jpg\",\"contentUrl\":\"https:\/\/creativityshop.eu\/wp-content\/uploads\/2019\/05\/1122s-swarovski-settings-silver-plated-12mm.jpg\",\"width\":420,\"height\":420},{\"@type\":\"BreadcrumbList\",\"@id\":\"https:\/\/creativityshop.eu\/pl\/product\/1122-s-swarovski-round-rivoli-settings-rhodium-plated-12-mm\/#breadcrumb\",\"itemListElement\":[{\"@type\":\"ListItem\",\"position\":1,\"name\":\"Home\",\"item\":\"https:\/\/creativityshop.eu\/pl\/\"},{\"@type\":\"ListItem\",\"position\":2,\"name\":\"Shop\",\"item\":\"https:\/\/creativityshop.eu\/shop\/\"},{\"@type\":\"ListItem\",\"position\":3,\"name\":\"1122\/S-1400\/S Swarovski Round Rivoli\/Dome Settings Rhodium Plated, 12 mm\"}]},{\"@type\":\"WebSite\",\"@id\":\"https:\/\/creativityshop.eu\/pl\/#website\",\"url\":\"https:\/\/creativityshop.eu\/pl\/\",\"name\":\"CreativityShopEU\",\"description\":\"Embroidery and jewelry components\",\"publisher\":{\"@id\":\"https:\/\/creativityshop.eu\/pl\/#organization\"},\"potentialAction\":[{\"@type\":\"SearchAction\",\"target\":{\"@type\":\"EntryPoint\",\"urlTemplate\":\"https:\/\/creativityshop.eu\/pl\/?s={search_term_string}\"},\"query-input\":{\"@type\":\"PropertyValueSpecification\",\"valueRequired\":true,\"valueName\":\"search_term_string\"}}],\"inLanguage\":\"pl-PL\"},{\"@type\":\"Organization\",\"@id\":\"https:\/\/creativityshop.eu\/pl\/#organization\",\"name\":\"Creativity Shop OU\",\"url\":\"https:\/\/creativityshop.eu\/pl\/\",\"logo\":{\"@type\":\"ImageObject\",\"inLanguage\":\"pl-PL\",\"@id\":\"https:\/\/creativityshop.eu\/pl\/#\/schema\/logo\/image\/\",\"url\":\"https:\/\/creativityshop.eu\/wp-content\/uploads\/2018\/11\/creativity_shop_logosite2.png\",\"contentUrl\":\"https:\/\/creativityshop.eu\/wp-content\/uploads\/2018\/11\/creativity_shop_logosite2.png\",\"width\":2871,\"height\":1100,\"caption\":\"Creativity Shop OU\"},\"image\":{\"@id\":\"https:\/\/creativityshop.eu\/pl\/#\/schema\/logo\/image\/\"}}]}<\/script>\n<meta property=\"product:price:amount\" content=\"0.83\" \/>\n<meta property=\"product:price:currency\" content=\"USD\" \/>\n<meta property=\"og:availability\" content=\"out of stock\" \/>\n<meta property=\"product:availability\" content=\"out of stock\" \/>\n<meta property=\"product:retailer_item_id\" content=\"5355877\" \/>\n<meta property=\"product:condition\" content=\"new\" \/>\n<!-- \/ Yoast SEO Premium plugin. -->","yoast_head_json":{"title":"1122\/S-1400\/S Swarovski Round Rivoli\/Dome Settings Rhodium Plated, 12 mm - CreativityShopEU","robots":{"index":"noindex","follow":"follow"},"og_locale":"pl_PL","og_type":"article","og_title":"1122\/S-1400\/S Swarovski Round Rivoli\/Dome Settings Rhodium Plated, 12 mm","og_description":"1122\/S and 1400\/S Settings for Swarovski Round Stones Shape: Round Type: Rivoli and Dome Plating: Rhodium Plated Size: 12mm Manufactured in: Austria","og_url":"https:\/\/creativityshop.eu\/pl\/product\/1122-s-swarovski-round-rivoli-settings-rhodium-plated-12-mm\/","og_site_name":"CreativityShopEU","article_modified_time":"2026-01-27T23:21:50+00:00","og_image":[{"width":420,"height":420,"url":"https:\/\/creativityshop.eu\/wp-content\/uploads\/2019\/05\/1122s-swarovski-settings-silver-plated-12mm.jpg","type":"image\/jpeg"}],"twitter_card":"summary_large_image","twitter_misc":{"Cena":"&#36;0.83","Dost\u0119pno\u015b\u0107":"Brak w magazynie"},"schema":{"@context":"https:\/\/schema.org","@graph":[{"@type":"WebPage","@id":"https:\/\/creativityshop.eu\/pl\/product\/1122-s-swarovski-round-rivoli-settings-rhodium-plated-12-mm\/","url":"https:\/\/creativityshop.eu\/pl\/product\/1122-s-swarovski-round-rivoli-settings-rhodium-plated-12-mm\/","name":"1122\/S-1400\/S Swarovski Round Rivoli\/Dome Settings Rhodium Plated, 12 mm - CreativityShopEU","isPartOf":{"@id":"https:\/\/creativityshop.eu\/pl\/#website"},"primaryImageOfPage":{"@id":"https:\/\/creativityshop.eu\/pl\/product\/1122-s-swarovski-round-rivoli-settings-rhodium-plated-12-mm\/#primaryimage"},"image":{"@id":"https:\/\/creativityshop.eu\/pl\/product\/1122-s-swarovski-round-rivoli-settings-rhodium-plated-12-mm\/#primaryimage"},"thumbnailUrl":"https:\/\/creativityshop.eu\/wp-content\/uploads\/2019\/05\/1122s-swarovski-settings-silver-plated-12mm.jpg","datePublished":"2019-05-24T22:54:05+00:00","dateModified":"2026-01-27T23:21:50+00:00","breadcrumb":{"@id":"https:\/\/creativityshop.eu\/pl\/product\/1122-s-swarovski-round-rivoli-settings-rhodium-plated-12-mm\/#breadcrumb"},"inLanguage":"pl-PL","potentialAction":[{"@type":"ReadAction","target":["https:\/\/creativityshop.eu\/pl\/product\/1122-s-swarovski-round-rivoli-settings-rhodium-plated-12-mm\/"]}]},{"@type":"ImageObject","inLanguage":"pl-PL","@id":"https:\/\/creativityshop.eu\/pl\/product\/1122-s-swarovski-round-rivoli-settings-rhodium-plated-12-mm\/#primaryimage","url":"https:\/\/creativityshop.eu\/wp-content\/uploads\/2019\/05\/1122s-swarovski-settings-silver-plated-12mm.jpg","contentUrl":"https:\/\/creativityshop.eu\/wp-content\/uploads\/2019\/05\/1122s-swarovski-settings-silver-plated-12mm.jpg","width":420,"height":420},{"@type":"BreadcrumbList","@id":"https:\/\/creativityshop.eu\/pl\/product\/1122-s-swarovski-round-rivoli-settings-rhodium-plated-12-mm\/#breadcrumb","itemListElement":[{"@type":"ListItem","position":1,"name":"Home","item":"https:\/\/creativityshop.eu\/pl\/"},{"@type":"ListItem","position":2,"name":"Shop","item":"https:\/\/creativityshop.eu\/shop\/"},{"@type":"ListItem","position":3,"name":"1122\/S-1400\/S Swarovski Round Rivoli\/Dome Settings Rhodium Plated, 12 mm"}]},{"@type":"WebSite","@id":"https:\/\/creativityshop.eu\/pl\/#website","url":"https:\/\/creativityshop.eu\/pl\/","name":"CreativityShopEU","description":"Embroidery and jewelry components","publisher":{"@id":"https:\/\/creativityshop.eu\/pl\/#organization"},"potentialAction":[{"@type":"SearchAction","target":{"@type":"EntryPoint","urlTemplate":"https:\/\/creativityshop.eu\/pl\/?s={search_term_string}"},"query-input":{"@type":"PropertyValueSpecification","valueRequired":true,"valueName":"search_term_string"}}],"inLanguage":"pl-PL"},{"@type":"Organization","@id":"https:\/\/creativityshop.eu\/pl\/#organization","name":"Creativity Shop OU","url":"https:\/\/creativityshop.eu\/pl\/","logo":{"@type":"ImageObject","inLanguage":"pl-PL","@id":"https:\/\/creativityshop.eu\/pl\/#\/schema\/logo\/image\/","url":"https:\/\/creativityshop.eu\/wp-content\/uploads\/2018\/11\/creativity_shop_logosite2.png","contentUrl":"https:\/\/creativityshop.eu\/wp-content\/uploads\/2018\/11\/creativity_shop_logosite2.png","width":2871,"height":1100,"caption":"Creativity Shop OU"},"image":{"@id":"https:\/\/creativityshop.eu\/pl\/#\/schema\/logo\/image\/"}}]},"product_price_amount":"0.83","product_price_currency":"USD","og_availability":"out of stock","product_availability":"out of stock","product_retailer_item_id":"5355877","product_condition":"new"},"_links":{"self":[{"href":"https:\/\/creativityshop.eu\/pl\/wp-json\/wp\/v2\/product\/7906","targetHints":{"allow":["GET"]}}],"collection":[{"href":"https:\/\/creativityshop.eu\/pl\/wp-json\/wp\/v2\/product"}],"about":[{"href":"https:\/\/creativityshop.eu\/pl\/wp-json\/wp\/v2\/types\/product"}],"wp:featuredmedia":[{"embeddable":true,"href":"https:\/\/creativityshop.eu\/pl\/wp-json\/wp\/v2\/media\/7340"}],"wp:attachment":[{"href":"https:\/\/creativityshop.eu\/pl\/wp-json\/wp\/v2\/media?parent=7906"}],"wp:term":[{"taxonomy":"product_brand","embeddable":true,"href":"https:\/\/creativityshop.eu\/pl\/wp-json\/wp\/v2\/product_brand?post=7906"},{"taxonomy":"product_cat","embeddable":true,"href":"https:\/\/creativityshop.eu\/pl\/wp-json\/wp\/v2\/product_cat?post=7906"},{"taxonomy":"product_tag","embeddable":true,"href":"https:\/\/creativityshop.eu\/pl\/wp-json\/wp\/v2\/product_tag?post=7906"}],"curies":[{"name":"wp","href":"https:\/\/api.w.org\/{rel}","templated":true}]}}