{"id":7518,"date":"2019-05-20T01:03:54","date_gmt":"2019-05-19T22:03:54","guid":{"rendered":"https:\/\/creativityshop.eu\/?post_type=product&#038;p=7518"},"modified":"2026-01-28T01:56:07","modified_gmt":"2026-01-27T22:56:07","slug":"5810-swarovski-crystal-pearl-pastel-blue","status":"publish","type":"product","link":"https:\/\/creativityshop.eu\/pl\/product\/5810-swarovski-crystal-pearl-pastel-blue\/","title":{"rendered":"5810 Swarovski Crystal Pearl Pastel Blue"},"content":{"rendered":"<p>Classic, round, with a full hole placed in the center, this pearl has all a designer could ask for. With its crystal core and flawless coating, this component truly resembles a genuine pearl. Thanks to its traditional and elegant appeal, it is the perfect match for a wide variety of crystal elements. Choose from a range of colors and sizes and apply it by sewing, knitting, crocheting, beading, threading, weaving, knotting, or wire working.<br \/>\nProduct images are for illustrative purposes only and may differ from the actual product. Due to differences in monitors and lightening, colours of products may also appear different to those shown on the site.<\/p>\n","protected":false},"excerpt":{"rendered":"<p><strong>5810 Crystal Round Pearl<\/strong><br \/>\nShape: Round<br \/>\nType: Pearl<br \/>\nColor: Pastel Blue<br \/>\nAvailable sizes: 2, 3, 4, 5, 6 mm<br \/>\nOrigin: Austria<br \/>\nPrice for 5 pieces<\/p>\n","protected":false},"featured_media":7460,"template":"","meta":{"_acf_changed":false,"_exactmetrics_skip_tracking":false,"_exactmetrics_sitenote_active":false,"_exactmetrics_sitenote_note":"","_exactmetrics_sitenote_category":0},"product_brand":[],"product_cat":[39],"product_tag":[],"class_list":{"0":"post-7518","1":"product","2":"type-product","3":"status-publish","4":"has-post-thumbnail","6":"product_cat-swarovski-pearls","8":"first","9":"outofstock","10":"taxable","11":"shipping-taxable","12":"purchasable","13":"product-type-variable","14":"wvs-archive-product-wrapper","15":"add-to-wishlist-after_add_to_cart"},"acf":[],"yoast_head":"<!-- This site is optimized with the Yoast SEO Premium plugin v27.0 (Yoast SEO v27.0) - https:\/\/yoast.com\/product\/yoast-seo-premium-wordpress\/ -->\n<title>5810 Swarovski Crystal Pearl Pastel Blue - CreativityShopEU<\/title>\n<meta name=\"robots\" content=\"noindex, follow\" \/>\n<meta property=\"og:locale\" content=\"pl_PL\" \/>\n<meta property=\"og:type\" content=\"article\" \/>\n<meta property=\"og:title\" content=\"5810 Swarovski Crystal Pearl Pastel Blue\" \/>\n<meta property=\"og:description\" content=\"5810 Crystal Round Pearl Shape: Round Type: Pearl Color: Pastel Blue Available sizes: 2, 3, 4, 5, 6 mm Origin: Austria Price for 5 pieces\" \/>\n<meta property=\"og:url\" content=\"https:\/\/creativityshop.eu\/pl\/product\/5810-swarovski-crystal-pearl-pastel-blue\/\" \/>\n<meta property=\"og:site_name\" content=\"CreativityShopEU\" \/>\n<meta property=\"article:modified_time\" content=\"2026-01-27T22:56:07+00:00\" \/>\n<meta property=\"og:image\" content=\"https:\/\/creativityshop.eu\/wp-content\/uploads\/2019\/05\/swarovski-pearls-5810-pastel-blue.jpg\" \/>\n\t<meta property=\"og:image:width\" content=\"768\" \/>\n\t<meta property=\"og:image:height\" content=\"768\" \/>\n\t<meta property=\"og:image:type\" content=\"image\/jpeg\" \/>\n<meta name=\"twitter:card\" content=\"summary_large_image\" \/>\n<meta name=\"twitter:label1\" content=\"Dost\u0119pno\u015b\u0107\" \/>\n\t<meta name=\"twitter:data1\" content=\"Brak w magazynie\" \/>\n<script type=\"application\/ld+json\" class=\"yoast-schema-graph\">{\"@context\":\"https:\/\/schema.org\",\"@graph\":[{\"@type\":\"WebPage\",\"@id\":\"https:\/\/creativityshop.eu\/pl\/product\/5810-swarovski-crystal-pearl-pastel-blue\/\",\"url\":\"https:\/\/creativityshop.eu\/pl\/product\/5810-swarovski-crystal-pearl-pastel-blue\/\",\"name\":\"5810 Swarovski Crystal Pearl Pastel Blue - CreativityShopEU\",\"isPartOf\":{\"@id\":\"https:\/\/creativityshop.eu\/pl\/#website\"},\"primaryImageOfPage\":{\"@id\":\"https:\/\/creativityshop.eu\/pl\/product\/5810-swarovski-crystal-pearl-pastel-blue\/#primaryimage\"},\"image\":{\"@id\":\"https:\/\/creativityshop.eu\/pl\/product\/5810-swarovski-crystal-pearl-pastel-blue\/#primaryimage\"},\"thumbnailUrl\":\"https:\/\/creativityshop.eu\/wp-content\/uploads\/2019\/05\/swarovski-pearls-5810-pastel-blue.jpg\",\"datePublished\":\"2019-05-19T22:03:54+00:00\",\"dateModified\":\"2026-01-27T22:56:07+00:00\",\"breadcrumb\":{\"@id\":\"https:\/\/creativityshop.eu\/pl\/product\/5810-swarovski-crystal-pearl-pastel-blue\/#breadcrumb\"},\"inLanguage\":\"pl-PL\",\"potentialAction\":[{\"@type\":\"ReadAction\",\"target\":[\"https:\/\/creativityshop.eu\/pl\/product\/5810-swarovski-crystal-pearl-pastel-blue\/\"]}]},{\"@type\":\"ImageObject\",\"inLanguage\":\"pl-PL\",\"@id\":\"https:\/\/creativityshop.eu\/pl\/product\/5810-swarovski-crystal-pearl-pastel-blue\/#primaryimage\",\"url\":\"https:\/\/creativityshop.eu\/wp-content\/uploads\/2019\/05\/swarovski-pearls-5810-pastel-blue.jpg\",\"contentUrl\":\"https:\/\/creativityshop.eu\/wp-content\/uploads\/2019\/05\/swarovski-pearls-5810-pastel-blue.jpg\",\"width\":768,\"height\":768},{\"@type\":\"BreadcrumbList\",\"@id\":\"https:\/\/creativityshop.eu\/pl\/product\/5810-swarovski-crystal-pearl-pastel-blue\/#breadcrumb\",\"itemListElement\":[{\"@type\":\"ListItem\",\"position\":1,\"name\":\"Home\",\"item\":\"https:\/\/creativityshop.eu\/pl\/\"},{\"@type\":\"ListItem\",\"position\":2,\"name\":\"Shop\",\"item\":\"https:\/\/creativityshop.eu\/shop\/\"},{\"@type\":\"ListItem\",\"position\":3,\"name\":\"5810 Swarovski Crystal Pearl Pastel Blue\"}]},{\"@type\":\"WebSite\",\"@id\":\"https:\/\/creativityshop.eu\/pl\/#website\",\"url\":\"https:\/\/creativityshop.eu\/pl\/\",\"name\":\"CreativityShopEU\",\"description\":\"Embroidery and jewelry components\",\"publisher\":{\"@id\":\"https:\/\/creativityshop.eu\/pl\/#organization\"},\"potentialAction\":[{\"@type\":\"SearchAction\",\"target\":{\"@type\":\"EntryPoint\",\"urlTemplate\":\"https:\/\/creativityshop.eu\/pl\/?s={search_term_string}\"},\"query-input\":{\"@type\":\"PropertyValueSpecification\",\"valueRequired\":true,\"valueName\":\"search_term_string\"}}],\"inLanguage\":\"pl-PL\"},{\"@type\":\"Organization\",\"@id\":\"https:\/\/creativityshop.eu\/pl\/#organization\",\"name\":\"Creativity Shop OU\",\"url\":\"https:\/\/creativityshop.eu\/pl\/\",\"logo\":{\"@type\":\"ImageObject\",\"inLanguage\":\"pl-PL\",\"@id\":\"https:\/\/creativityshop.eu\/pl\/#\/schema\/logo\/image\/\",\"url\":\"https:\/\/creativityshop.eu\/wp-content\/uploads\/2018\/11\/creativity_shop_logosite2.png\",\"contentUrl\":\"https:\/\/creativityshop.eu\/wp-content\/uploads\/2018\/11\/creativity_shop_logosite2.png\",\"width\":2871,\"height\":1100,\"caption\":\"Creativity Shop OU\"},\"image\":{\"@id\":\"https:\/\/creativityshop.eu\/pl\/#\/schema\/logo\/image\/\"}}]}<\/script>\n<meta property=\"og:availability\" content=\"out of stock\" \/>\n<meta property=\"product:availability\" content=\"out of stock\" \/>\n<meta property=\"product:condition\" content=\"new\" \/>\n<!-- \/ Yoast SEO Premium plugin. -->","yoast_head_json":{"title":"5810 Swarovski Crystal Pearl Pastel Blue - CreativityShopEU","robots":{"index":"noindex","follow":"follow"},"og_locale":"pl_PL","og_type":"article","og_title":"5810 Swarovski Crystal Pearl Pastel Blue","og_description":"5810 Crystal Round Pearl Shape: Round Type: Pearl Color: Pastel Blue Available sizes: 2, 3, 4, 5, 6 mm Origin: Austria Price for 5 pieces","og_url":"https:\/\/creativityshop.eu\/pl\/product\/5810-swarovski-crystal-pearl-pastel-blue\/","og_site_name":"CreativityShopEU","article_modified_time":"2026-01-27T22:56:07+00:00","og_image":[{"width":768,"height":768,"url":"https:\/\/creativityshop.eu\/wp-content\/uploads\/2019\/05\/swarovski-pearls-5810-pastel-blue.jpg","type":"image\/jpeg"}],"twitter_card":"summary_large_image","twitter_misc":{"Dost\u0119pno\u015b\u0107":"Brak w magazynie"},"schema":{"@context":"https:\/\/schema.org","@graph":[{"@type":"WebPage","@id":"https:\/\/creativityshop.eu\/pl\/product\/5810-swarovski-crystal-pearl-pastel-blue\/","url":"https:\/\/creativityshop.eu\/pl\/product\/5810-swarovski-crystal-pearl-pastel-blue\/","name":"5810 Swarovski Crystal Pearl Pastel Blue - CreativityShopEU","isPartOf":{"@id":"https:\/\/creativityshop.eu\/pl\/#website"},"primaryImageOfPage":{"@id":"https:\/\/creativityshop.eu\/pl\/product\/5810-swarovski-crystal-pearl-pastel-blue\/#primaryimage"},"image":{"@id":"https:\/\/creativityshop.eu\/pl\/product\/5810-swarovski-crystal-pearl-pastel-blue\/#primaryimage"},"thumbnailUrl":"https:\/\/creativityshop.eu\/wp-content\/uploads\/2019\/05\/swarovski-pearls-5810-pastel-blue.jpg","datePublished":"2019-05-19T22:03:54+00:00","dateModified":"2026-01-27T22:56:07+00:00","breadcrumb":{"@id":"https:\/\/creativityshop.eu\/pl\/product\/5810-swarovski-crystal-pearl-pastel-blue\/#breadcrumb"},"inLanguage":"pl-PL","potentialAction":[{"@type":"ReadAction","target":["https:\/\/creativityshop.eu\/pl\/product\/5810-swarovski-crystal-pearl-pastel-blue\/"]}]},{"@type":"ImageObject","inLanguage":"pl-PL","@id":"https:\/\/creativityshop.eu\/pl\/product\/5810-swarovski-crystal-pearl-pastel-blue\/#primaryimage","url":"https:\/\/creativityshop.eu\/wp-content\/uploads\/2019\/05\/swarovski-pearls-5810-pastel-blue.jpg","contentUrl":"https:\/\/creativityshop.eu\/wp-content\/uploads\/2019\/05\/swarovski-pearls-5810-pastel-blue.jpg","width":768,"height":768},{"@type":"BreadcrumbList","@id":"https:\/\/creativityshop.eu\/pl\/product\/5810-swarovski-crystal-pearl-pastel-blue\/#breadcrumb","itemListElement":[{"@type":"ListItem","position":1,"name":"Home","item":"https:\/\/creativityshop.eu\/pl\/"},{"@type":"ListItem","position":2,"name":"Shop","item":"https:\/\/creativityshop.eu\/shop\/"},{"@type":"ListItem","position":3,"name":"5810 Swarovski Crystal Pearl Pastel Blue"}]},{"@type":"WebSite","@id":"https:\/\/creativityshop.eu\/pl\/#website","url":"https:\/\/creativityshop.eu\/pl\/","name":"CreativityShopEU","description":"Embroidery and jewelry components","publisher":{"@id":"https:\/\/creativityshop.eu\/pl\/#organization"},"potentialAction":[{"@type":"SearchAction","target":{"@type":"EntryPoint","urlTemplate":"https:\/\/creativityshop.eu\/pl\/?s={search_term_string}"},"query-input":{"@type":"PropertyValueSpecification","valueRequired":true,"valueName":"search_term_string"}}],"inLanguage":"pl-PL"},{"@type":"Organization","@id":"https:\/\/creativityshop.eu\/pl\/#organization","name":"Creativity Shop OU","url":"https:\/\/creativityshop.eu\/pl\/","logo":{"@type":"ImageObject","inLanguage":"pl-PL","@id":"https:\/\/creativityshop.eu\/pl\/#\/schema\/logo\/image\/","url":"https:\/\/creativityshop.eu\/wp-content\/uploads\/2018\/11\/creativity_shop_logosite2.png","contentUrl":"https:\/\/creativityshop.eu\/wp-content\/uploads\/2018\/11\/creativity_shop_logosite2.png","width":2871,"height":1100,"caption":"Creativity Shop OU"},"image":{"@id":"https:\/\/creativityshop.eu\/pl\/#\/schema\/logo\/image\/"}}]},"og_availability":"out of stock","product_availability":"out of stock","product_condition":"new"},"_links":{"self":[{"href":"https:\/\/creativityshop.eu\/pl\/wp-json\/wp\/v2\/product\/7518","targetHints":{"allow":["GET"]}}],"collection":[{"href":"https:\/\/creativityshop.eu\/pl\/wp-json\/wp\/v2\/product"}],"about":[{"href":"https:\/\/creativityshop.eu\/pl\/wp-json\/wp\/v2\/types\/product"}],"wp:featuredmedia":[{"embeddable":true,"href":"https:\/\/creativityshop.eu\/pl\/wp-json\/wp\/v2\/media\/7460"}],"wp:attachment":[{"href":"https:\/\/creativityshop.eu\/pl\/wp-json\/wp\/v2\/media?parent=7518"}],"wp:term":[{"taxonomy":"product_brand","embeddable":true,"href":"https:\/\/creativityshop.eu\/pl\/wp-json\/wp\/v2\/product_brand?post=7518"},{"taxonomy":"product_cat","embeddable":true,"href":"https:\/\/creativityshop.eu\/pl\/wp-json\/wp\/v2\/product_cat?post=7518"},{"taxonomy":"product_tag","embeddable":true,"href":"https:\/\/creativityshop.eu\/pl\/wp-json\/wp\/v2\/product_tag?post=7518"}],"curies":[{"name":"wp","href":"https:\/\/api.w.org\/{rel}","templated":true}]}}