{"id":6742,"date":"2019-04-04T22:51:48","date_gmt":"2019-04-04T19:51:48","guid":{"rendered":"https:\/\/creativityshop.eu\/?post_type=product&#038;p=6742"},"modified":"2026-01-31T14:58:29","modified_gmt":"2026-01-31T11:58:29","slug":"two-cut-preciosa-beads-stranded-11-0-size-85091-orange-color","status":"publish","type":"product","link":"https:\/\/creativityshop.eu\/pl\/product\/two-cut-preciosa-beads-stranded-11-0-size-85091-orange-color\/","title":{"rendered":"Two-cut Preciosa Beads, Stranded, 11\/0 size, 85091 Orange color"},"content":{"rendered":"","protected":false},"excerpt":{"rendered":"<p>Two-Cut Preciosa Beads<\/p>\n<p>Shape: Two-cut<br \/>\nMaterial: Glass<br \/>\nColor: Orange\u00a0 (85091)<br \/>\nSize: 11\/0<br \/>\nOrigin: Czech Republic<br \/>\nQuantity per order: 1 strand (50cm\/2.60gr).<\/p>\n","protected":false},"featured_media":6619,"template":"","meta":{"_acf_changed":false,"_exactmetrics_skip_tracking":false,"_exactmetrics_sitenote_active":false,"_exactmetrics_sitenote_note":"","_exactmetrics_sitenote_category":0},"product_brand":[],"product_cat":[370],"product_tag":[],"class_list":{"0":"post-6742","1":"product","2":"type-product","3":"status-publish","4":"has-post-thumbnail","6":"product_cat-two-cut-beads","8":"first","9":"instock","10":"taxable","11":"shipping-taxable","12":"purchasable","13":"product-type-simple","14":"add-to-wishlist-after_add_to_cart"},"acf":[],"yoast_head":"<!-- This site is optimized with the Yoast SEO Premium plugin v27.0 (Yoast SEO v27.0) - https:\/\/yoast.com\/product\/yoast-seo-premium-wordpress\/ -->\n<title>Two-cut Preciosa Beads, Stranded, 11\/0 size, 85091 Orange color - CreativityShopEU<\/title>\n<meta name=\"robots\" content=\"noindex, follow\" \/>\n<meta property=\"og:locale\" content=\"pl_PL\" \/>\n<meta property=\"og:type\" content=\"article\" \/>\n<meta property=\"og:title\" content=\"Two-cut Preciosa Beads, Stranded, 11\/0 size, 85091 Orange color\" \/>\n<meta property=\"og:description\" content=\"Two-Cut Preciosa Beads  Shape: Two-cut Material: Glass Color: Orange\u00a0 (85091) Size: 11\/0 Origin: Czech Republic Quantity per order: 1 strand (50cm\/2.60gr).\" \/>\n<meta property=\"og:url\" content=\"https:\/\/creativityshop.eu\/pl\/product\/two-cut-preciosa-beads-stranded-11-0-size-85091-orange-color\/\" \/>\n<meta property=\"og:site_name\" content=\"CreativityShopEU\" \/>\n<meta property=\"article:modified_time\" content=\"2026-01-31T11:58:29+00:00\" \/>\n<meta property=\"og:image\" content=\"https:\/\/creativityshop.eu\/wp-content\/uploads\/2019\/04\/two-cut-beads-85091-2.jpg\" \/>\n\t<meta property=\"og:image:width\" content=\"768\" \/>\n\t<meta property=\"og:image:height\" content=\"768\" \/>\n\t<meta property=\"og:image:type\" content=\"image\/jpeg\" \/>\n<meta name=\"twitter:card\" content=\"summary_large_image\" \/>\n<meta name=\"twitter:label1\" content=\"Cena\" \/>\n\t<meta name=\"twitter:data1\" content=\"&euro;0.75\" \/>\n\t<meta name=\"twitter:label2\" content=\"Dost\u0119pno\u015b\u0107\" \/>\n\t<meta name=\"twitter:data2\" content=\"Dost\u0119pny\" \/>\n<script type=\"application\/ld+json\" class=\"yoast-schema-graph\">{\"@context\":\"https:\/\/schema.org\",\"@graph\":[{\"@type\":\"WebPage\",\"@id\":\"https:\/\/creativityshop.eu\/pl\/product\/two-cut-preciosa-beads-stranded-11-0-size-85091-orange-color\/\",\"url\":\"https:\/\/creativityshop.eu\/pl\/product\/two-cut-preciosa-beads-stranded-11-0-size-85091-orange-color\/\",\"name\":\"Two-cut Preciosa Beads, Stranded, 11\/0 size, 85091 Orange color - CreativityShopEU\",\"isPartOf\":{\"@id\":\"https:\/\/creativityshop.eu\/pl\/#website\"},\"primaryImageOfPage\":{\"@id\":\"https:\/\/creativityshop.eu\/pl\/product\/two-cut-preciosa-beads-stranded-11-0-size-85091-orange-color\/#primaryimage\"},\"image\":{\"@id\":\"https:\/\/creativityshop.eu\/pl\/product\/two-cut-preciosa-beads-stranded-11-0-size-85091-orange-color\/#primaryimage\"},\"thumbnailUrl\":\"https:\/\/creativityshop.eu\/wp-content\/uploads\/2019\/04\/two-cut-beads-85091-2.jpg\",\"datePublished\":\"2019-04-04T19:51:48+00:00\",\"dateModified\":\"2026-01-31T11:58:29+00:00\",\"breadcrumb\":{\"@id\":\"https:\/\/creativityshop.eu\/pl\/product\/two-cut-preciosa-beads-stranded-11-0-size-85091-orange-color\/#breadcrumb\"},\"inLanguage\":\"pl-PL\",\"potentialAction\":[{\"@type\":\"ReadAction\",\"target\":[\"https:\/\/creativityshop.eu\/pl\/product\/two-cut-preciosa-beads-stranded-11-0-size-85091-orange-color\/\"]}]},{\"@type\":\"ImageObject\",\"inLanguage\":\"pl-PL\",\"@id\":\"https:\/\/creativityshop.eu\/pl\/product\/two-cut-preciosa-beads-stranded-11-0-size-85091-orange-color\/#primaryimage\",\"url\":\"https:\/\/creativityshop.eu\/wp-content\/uploads\/2019\/04\/two-cut-beads-85091-2.jpg\",\"contentUrl\":\"https:\/\/creativityshop.eu\/wp-content\/uploads\/2019\/04\/two-cut-beads-85091-2.jpg\",\"width\":768,\"height\":768},{\"@type\":\"BreadcrumbList\",\"@id\":\"https:\/\/creativityshop.eu\/pl\/product\/two-cut-preciosa-beads-stranded-11-0-size-85091-orange-color\/#breadcrumb\",\"itemListElement\":[{\"@type\":\"ListItem\",\"position\":1,\"name\":\"Home\",\"item\":\"https:\/\/creativityshop.eu\/pl\/\"},{\"@type\":\"ListItem\",\"position\":2,\"name\":\"Shop\",\"item\":\"https:\/\/creativityshop.eu\/shop\/\"},{\"@type\":\"ListItem\",\"position\":3,\"name\":\"Two-cut Preciosa Beads, Stranded, 11\/0 size, 85091 Orange color\"}]},{\"@type\":\"WebSite\",\"@id\":\"https:\/\/creativityshop.eu\/pl\/#website\",\"url\":\"https:\/\/creativityshop.eu\/pl\/\",\"name\":\"CreativityShopEU\",\"description\":\"Embroidery and jewelry components\",\"publisher\":{\"@id\":\"https:\/\/creativityshop.eu\/pl\/#organization\"},\"potentialAction\":[{\"@type\":\"SearchAction\",\"target\":{\"@type\":\"EntryPoint\",\"urlTemplate\":\"https:\/\/creativityshop.eu\/pl\/?s={search_term_string}\"},\"query-input\":{\"@type\":\"PropertyValueSpecification\",\"valueRequired\":true,\"valueName\":\"search_term_string\"}}],\"inLanguage\":\"pl-PL\"},{\"@type\":\"Organization\",\"@id\":\"https:\/\/creativityshop.eu\/pl\/#organization\",\"name\":\"Creativity Shop OU\",\"url\":\"https:\/\/creativityshop.eu\/pl\/\",\"logo\":{\"@type\":\"ImageObject\",\"inLanguage\":\"pl-PL\",\"@id\":\"https:\/\/creativityshop.eu\/pl\/#\/schema\/logo\/image\/\",\"url\":\"https:\/\/creativityshop.eu\/wp-content\/uploads\/2018\/11\/creativity_shop_logosite2.png\",\"contentUrl\":\"https:\/\/creativityshop.eu\/wp-content\/uploads\/2018\/11\/creativity_shop_logosite2.png\",\"width\":2871,\"height\":1100,\"caption\":\"Creativity Shop OU\"},\"image\":{\"@id\":\"https:\/\/creativityshop.eu\/pl\/#\/schema\/logo\/image\/\"}}]}<\/script>\n<meta property=\"product:price:amount\" content=\"0.75\" \/>\n<meta property=\"product:price:currency\" content=\"EUR\" \/>\n<meta property=\"og:availability\" content=\"instock\" \/>\n<meta property=\"product:availability\" content=\"instock\" \/>\n<meta property=\"product:retailer_item_id\" content=\"2C13\" \/>\n<meta property=\"product:condition\" content=\"new\" \/>\n<!-- \/ Yoast SEO Premium plugin. -->","yoast_head_json":{"title":"Two-cut Preciosa Beads, Stranded, 11\/0 size, 85091 Orange color - CreativityShopEU","robots":{"index":"noindex","follow":"follow"},"og_locale":"pl_PL","og_type":"article","og_title":"Two-cut Preciosa Beads, Stranded, 11\/0 size, 85091 Orange color","og_description":"Two-Cut Preciosa Beads  Shape: Two-cut Material: Glass Color: Orange\u00a0 (85091) Size: 11\/0 Origin: Czech Republic Quantity per order: 1 strand (50cm\/2.60gr).","og_url":"https:\/\/creativityshop.eu\/pl\/product\/two-cut-preciosa-beads-stranded-11-0-size-85091-orange-color\/","og_site_name":"CreativityShopEU","article_modified_time":"2026-01-31T11:58:29+00:00","og_image":[{"width":768,"height":768,"url":"https:\/\/creativityshop.eu\/wp-content\/uploads\/2019\/04\/two-cut-beads-85091-2.jpg","type":"image\/jpeg"}],"twitter_card":"summary_large_image","twitter_misc":{"Cena":"&euro;0.75","Dost\u0119pno\u015b\u0107":"Dost\u0119pny"},"schema":{"@context":"https:\/\/schema.org","@graph":[{"@type":"WebPage","@id":"https:\/\/creativityshop.eu\/pl\/product\/two-cut-preciosa-beads-stranded-11-0-size-85091-orange-color\/","url":"https:\/\/creativityshop.eu\/pl\/product\/two-cut-preciosa-beads-stranded-11-0-size-85091-orange-color\/","name":"Two-cut Preciosa Beads, Stranded, 11\/0 size, 85091 Orange color - CreativityShopEU","isPartOf":{"@id":"https:\/\/creativityshop.eu\/pl\/#website"},"primaryImageOfPage":{"@id":"https:\/\/creativityshop.eu\/pl\/product\/two-cut-preciosa-beads-stranded-11-0-size-85091-orange-color\/#primaryimage"},"image":{"@id":"https:\/\/creativityshop.eu\/pl\/product\/two-cut-preciosa-beads-stranded-11-0-size-85091-orange-color\/#primaryimage"},"thumbnailUrl":"https:\/\/creativityshop.eu\/wp-content\/uploads\/2019\/04\/two-cut-beads-85091-2.jpg","datePublished":"2019-04-04T19:51:48+00:00","dateModified":"2026-01-31T11:58:29+00:00","breadcrumb":{"@id":"https:\/\/creativityshop.eu\/pl\/product\/two-cut-preciosa-beads-stranded-11-0-size-85091-orange-color\/#breadcrumb"},"inLanguage":"pl-PL","potentialAction":[{"@type":"ReadAction","target":["https:\/\/creativityshop.eu\/pl\/product\/two-cut-preciosa-beads-stranded-11-0-size-85091-orange-color\/"]}]},{"@type":"ImageObject","inLanguage":"pl-PL","@id":"https:\/\/creativityshop.eu\/pl\/product\/two-cut-preciosa-beads-stranded-11-0-size-85091-orange-color\/#primaryimage","url":"https:\/\/creativityshop.eu\/wp-content\/uploads\/2019\/04\/two-cut-beads-85091-2.jpg","contentUrl":"https:\/\/creativityshop.eu\/wp-content\/uploads\/2019\/04\/two-cut-beads-85091-2.jpg","width":768,"height":768},{"@type":"BreadcrumbList","@id":"https:\/\/creativityshop.eu\/pl\/product\/two-cut-preciosa-beads-stranded-11-0-size-85091-orange-color\/#breadcrumb","itemListElement":[{"@type":"ListItem","position":1,"name":"Home","item":"https:\/\/creativityshop.eu\/pl\/"},{"@type":"ListItem","position":2,"name":"Shop","item":"https:\/\/creativityshop.eu\/shop\/"},{"@type":"ListItem","position":3,"name":"Two-cut Preciosa Beads, Stranded, 11\/0 size, 85091 Orange color"}]},{"@type":"WebSite","@id":"https:\/\/creativityshop.eu\/pl\/#website","url":"https:\/\/creativityshop.eu\/pl\/","name":"CreativityShopEU","description":"Embroidery and jewelry components","publisher":{"@id":"https:\/\/creativityshop.eu\/pl\/#organization"},"potentialAction":[{"@type":"SearchAction","target":{"@type":"EntryPoint","urlTemplate":"https:\/\/creativityshop.eu\/pl\/?s={search_term_string}"},"query-input":{"@type":"PropertyValueSpecification","valueRequired":true,"valueName":"search_term_string"}}],"inLanguage":"pl-PL"},{"@type":"Organization","@id":"https:\/\/creativityshop.eu\/pl\/#organization","name":"Creativity Shop OU","url":"https:\/\/creativityshop.eu\/pl\/","logo":{"@type":"ImageObject","inLanguage":"pl-PL","@id":"https:\/\/creativityshop.eu\/pl\/#\/schema\/logo\/image\/","url":"https:\/\/creativityshop.eu\/wp-content\/uploads\/2018\/11\/creativity_shop_logosite2.png","contentUrl":"https:\/\/creativityshop.eu\/wp-content\/uploads\/2018\/11\/creativity_shop_logosite2.png","width":2871,"height":1100,"caption":"Creativity Shop OU"},"image":{"@id":"https:\/\/creativityshop.eu\/pl\/#\/schema\/logo\/image\/"}}]},"product_price_amount":"0.75","product_price_currency":"EUR","og_availability":"instock","product_availability":"instock","product_retailer_item_id":"2C13","product_condition":"new"},"_links":{"self":[{"href":"https:\/\/creativityshop.eu\/pl\/wp-json\/wp\/v2\/product\/6742","targetHints":{"allow":["GET"]}}],"collection":[{"href":"https:\/\/creativityshop.eu\/pl\/wp-json\/wp\/v2\/product"}],"about":[{"href":"https:\/\/creativityshop.eu\/pl\/wp-json\/wp\/v2\/types\/product"}],"wp:featuredmedia":[{"embeddable":true,"href":"https:\/\/creativityshop.eu\/pl\/wp-json\/wp\/v2\/media\/6619"}],"wp:attachment":[{"href":"https:\/\/creativityshop.eu\/pl\/wp-json\/wp\/v2\/media?parent=6742"}],"wp:term":[{"taxonomy":"product_brand","embeddable":true,"href":"https:\/\/creativityshop.eu\/pl\/wp-json\/wp\/v2\/product_brand?post=6742"},{"taxonomy":"product_cat","embeddable":true,"href":"https:\/\/creativityshop.eu\/pl\/wp-json\/wp\/v2\/product_cat?post=6742"},{"taxonomy":"product_tag","embeddable":true,"href":"https:\/\/creativityshop.eu\/pl\/wp-json\/wp\/v2\/product_tag?post=6742"}],"curies":[{"name":"wp","href":"https:\/\/api.w.org\/{rel}","templated":true}]}}