{"id":6596,"date":"2019-04-02T18:18:28","date_gmt":"2019-04-02T15:18:28","guid":{"rendered":"https:\/\/creativityshop.eu\/?post_type=product&#038;p=6596"},"modified":"2026-02-08T18:43:09","modified_gmt":"2026-02-08T15:43:09","slug":"french-flat-sequins-paillettes-glossy-porcelain-blue-grey-11030-sequins-3-mm-langlois-martin","status":"publish","type":"product","link":"https:\/\/creativityshop.eu\/pl\/product\/french-flat-sequins-paillettes-glossy-porcelain-blue-grey-11030-sequins-3-mm-langlois-martin\/","title":{"rendered":"French Flat Sequins\/Paillettes, Glossy Porcelain Blue Grey #11030 sequins 3 mm and 4 mm, Langlois-Martin"},"content":{"rendered":"<p>Here you can buy french flat round blue grey sequins\/paillettes from &#8222;Glossy Porcelain&#8221; series. These are 3 mm and 4 mm in diameter with one hole in the center made by Langlois-Martin.<br \/>\nLanglois-Martin sequins are very popular for their high quality and unique colors. They are widely used in embroidery and jewelry making. You can always shop online for a wide range of French sequins with worldwide delivery, and experience a great service at Creativity Shop.<br \/>\nProduct images are for illustrative purposes only and may differ from the actual product. Due to differences in monitors and lightening, colors of products may also appear different to those shown on the site.<\/p>\n","protected":false},"excerpt":{"rendered":"<p>Glossy Porcelain style flat sequins with one hole in the center.<br \/>\nSize: 3 mm, 4 mm<br \/>\nColor: Blue-grey with glossy porcelain aspect (11030)<br \/>\nProduced in: France, Langlois-Martin<br \/>\nSold per: 1000 pieces \/ One strand<\/p>\n","protected":false},"featured_media":6432,"template":"","meta":{"_acf_changed":false,"_exactmetrics_skip_tracking":false,"_exactmetrics_sitenote_active":false,"_exactmetrics_sitenote_note":"","_exactmetrics_sitenote_category":0},"product_brand":[],"product_cat":[274,276],"product_tag":[578],"class_list":{"0":"post-6596","1":"product","2":"type-product","3":"status-publish","4":"has-post-thumbnail","6":"product_cat-sequins","7":"product_cat-flat-sequins","8":"product_tag-strung-sequins","10":"first","11":"instock","12":"taxable","13":"shipping-taxable","14":"purchasable","15":"product-type-variable","16":"wvs-archive-product-wrapper","17":"add-to-wishlist-after_add_to_cart"},"acf":[],"yoast_head":"<!-- This site is optimized with the Yoast SEO Premium plugin v27.0 (Yoast SEO v27.0) - https:\/\/yoast.com\/product\/yoast-seo-premium-wordpress\/ -->\n<title>French Flat Sequins\/Paillettes, Glossy Porcelain Blue Grey #11030 sequins 3 mm and 4 mm, Langlois-Martin - CreativityShopEU<\/title>\n<meta name=\"robots\" content=\"noindex, follow\" \/>\n<meta property=\"og:locale\" content=\"pl_PL\" \/>\n<meta property=\"og:type\" content=\"article\" \/>\n<meta property=\"og:title\" content=\"French Flat Sequins\/Paillettes, Glossy Porcelain Blue Grey #11030 sequins 3 mm and 4 mm, Langlois-Martin\" \/>\n<meta property=\"og:description\" content=\"Glossy Porcelain style flat sequins with one hole in the center. Size: 3 mm, 4 mm Color: Blue-grey with glossy porcelain aspect (11030) Produced in: France, Langlois-Martin Sold per: 1000 pieces \/ One strand\" \/>\n<meta property=\"og:url\" content=\"https:\/\/creativityshop.eu\/pl\/product\/french-flat-sequins-paillettes-glossy-porcelain-blue-grey-11030-sequins-3-mm-langlois-martin\/\" \/>\n<meta property=\"og:site_name\" content=\"CreativityShopEU\" \/>\n<meta property=\"article:modified_time\" content=\"2026-02-08T15:43:09+00:00\" \/>\n<meta property=\"og:image\" content=\"https:\/\/creativityshop.eu\/wp-content\/uploads\/2019\/03\/frencch-sequins-langlois-martin-11030.jpg\" \/>\n\t<meta property=\"og:image:width\" content=\"768\" \/>\n\t<meta property=\"og:image:height\" content=\"768\" \/>\n\t<meta property=\"og:image:type\" content=\"image\/jpeg\" \/>\n<meta name=\"twitter:card\" content=\"summary_large_image\" \/>\n<meta name=\"twitter:label1\" content=\"Dost\u0119pno\u015b\u0107\" \/>\n\t<meta name=\"twitter:data1\" content=\"Dost\u0119pny\" \/>\n<script type=\"application\/ld+json\" class=\"yoast-schema-graph\">{\"@context\":\"https:\/\/schema.org\",\"@graph\":[{\"@type\":\"WebPage\",\"@id\":\"https:\/\/creativityshop.eu\/pl\/product\/french-flat-sequins-paillettes-glossy-porcelain-blue-grey-11030-sequins-3-mm-langlois-martin\/\",\"url\":\"https:\/\/creativityshop.eu\/pl\/product\/french-flat-sequins-paillettes-glossy-porcelain-blue-grey-11030-sequins-3-mm-langlois-martin\/\",\"name\":\"French Flat Sequins\/Paillettes, Glossy Porcelain Blue Grey #11030 sequins 3 mm and 4 mm, Langlois-Martin - CreativityShopEU\",\"isPartOf\":{\"@id\":\"https:\/\/creativityshop.eu\/pl\/#website\"},\"primaryImageOfPage\":{\"@id\":\"https:\/\/creativityshop.eu\/pl\/product\/french-flat-sequins-paillettes-glossy-porcelain-blue-grey-11030-sequins-3-mm-langlois-martin\/#primaryimage\"},\"image\":{\"@id\":\"https:\/\/creativityshop.eu\/pl\/product\/french-flat-sequins-paillettes-glossy-porcelain-blue-grey-11030-sequins-3-mm-langlois-martin\/#primaryimage\"},\"thumbnailUrl\":\"https:\/\/creativityshop.eu\/wp-content\/uploads\/2019\/03\/frencch-sequins-langlois-martin-11030.jpg\",\"datePublished\":\"2019-04-02T15:18:28+00:00\",\"dateModified\":\"2026-02-08T15:43:09+00:00\",\"breadcrumb\":{\"@id\":\"https:\/\/creativityshop.eu\/pl\/product\/french-flat-sequins-paillettes-glossy-porcelain-blue-grey-11030-sequins-3-mm-langlois-martin\/#breadcrumb\"},\"inLanguage\":\"pl-PL\",\"potentialAction\":[{\"@type\":\"ReadAction\",\"target\":[\"https:\/\/creativityshop.eu\/pl\/product\/french-flat-sequins-paillettes-glossy-porcelain-blue-grey-11030-sequins-3-mm-langlois-martin\/\"]}]},{\"@type\":\"ImageObject\",\"inLanguage\":\"pl-PL\",\"@id\":\"https:\/\/creativityshop.eu\/pl\/product\/french-flat-sequins-paillettes-glossy-porcelain-blue-grey-11030-sequins-3-mm-langlois-martin\/#primaryimage\",\"url\":\"https:\/\/creativityshop.eu\/wp-content\/uploads\/2019\/03\/frencch-sequins-langlois-martin-11030.jpg\",\"contentUrl\":\"https:\/\/creativityshop.eu\/wp-content\/uploads\/2019\/03\/frencch-sequins-langlois-martin-11030.jpg\",\"width\":768,\"height\":768},{\"@type\":\"BreadcrumbList\",\"@id\":\"https:\/\/creativityshop.eu\/pl\/product\/french-flat-sequins-paillettes-glossy-porcelain-blue-grey-11030-sequins-3-mm-langlois-martin\/#breadcrumb\",\"itemListElement\":[{\"@type\":\"ListItem\",\"position\":1,\"name\":\"Home\",\"item\":\"https:\/\/creativityshop.eu\/pl\/\"},{\"@type\":\"ListItem\",\"position\":2,\"name\":\"Shop\",\"item\":\"https:\/\/creativityshop.eu\/shop\/\"},{\"@type\":\"ListItem\",\"position\":3,\"name\":\"French Flat Sequins\/Paillettes, Glossy Porcelain Blue Grey #11030 sequins 3 mm and 4 mm, Langlois-Martin\"}]},{\"@type\":\"WebSite\",\"@id\":\"https:\/\/creativityshop.eu\/pl\/#website\",\"url\":\"https:\/\/creativityshop.eu\/pl\/\",\"name\":\"CreativityShopEU\",\"description\":\"Embroidery and jewelry components\",\"publisher\":{\"@id\":\"https:\/\/creativityshop.eu\/pl\/#organization\"},\"potentialAction\":[{\"@type\":\"SearchAction\",\"target\":{\"@type\":\"EntryPoint\",\"urlTemplate\":\"https:\/\/creativityshop.eu\/pl\/?s={search_term_string}\"},\"query-input\":{\"@type\":\"PropertyValueSpecification\",\"valueRequired\":true,\"valueName\":\"search_term_string\"}}],\"inLanguage\":\"pl-PL\"},{\"@type\":\"Organization\",\"@id\":\"https:\/\/creativityshop.eu\/pl\/#organization\",\"name\":\"Creativity Shop OU\",\"url\":\"https:\/\/creativityshop.eu\/pl\/\",\"logo\":{\"@type\":\"ImageObject\",\"inLanguage\":\"pl-PL\",\"@id\":\"https:\/\/creativityshop.eu\/pl\/#\/schema\/logo\/image\/\",\"url\":\"https:\/\/creativityshop.eu\/wp-content\/uploads\/2018\/11\/creativity_shop_logosite2.png\",\"contentUrl\":\"https:\/\/creativityshop.eu\/wp-content\/uploads\/2018\/11\/creativity_shop_logosite2.png\",\"width\":2871,\"height\":1100,\"caption\":\"Creativity Shop OU\"},\"image\":{\"@id\":\"https:\/\/creativityshop.eu\/pl\/#\/schema\/logo\/image\/\"}}]}<\/script>\n<meta property=\"og:availability\" content=\"instock\" \/>\n<meta property=\"product:availability\" content=\"instock\" \/>\n<meta property=\"product:condition\" content=\"new\" \/>\n<!-- \/ Yoast SEO Premium plugin. -->","yoast_head_json":{"title":"French Flat Sequins\/Paillettes, Glossy Porcelain Blue Grey #11030 sequins 3 mm and 4 mm, Langlois-Martin - CreativityShopEU","robots":{"index":"noindex","follow":"follow"},"og_locale":"pl_PL","og_type":"article","og_title":"French Flat Sequins\/Paillettes, Glossy Porcelain Blue Grey #11030 sequins 3 mm and 4 mm, Langlois-Martin","og_description":"Glossy Porcelain style flat sequins with one hole in the center. Size: 3 mm, 4 mm Color: Blue-grey with glossy porcelain aspect (11030) Produced in: France, Langlois-Martin Sold per: 1000 pieces \/ One strand","og_url":"https:\/\/creativityshop.eu\/pl\/product\/french-flat-sequins-paillettes-glossy-porcelain-blue-grey-11030-sequins-3-mm-langlois-martin\/","og_site_name":"CreativityShopEU","article_modified_time":"2026-02-08T15:43:09+00:00","og_image":[{"width":768,"height":768,"url":"https:\/\/creativityshop.eu\/wp-content\/uploads\/2019\/03\/frencch-sequins-langlois-martin-11030.jpg","type":"image\/jpeg"}],"twitter_card":"summary_large_image","twitter_misc":{"Dost\u0119pno\u015b\u0107":"Dost\u0119pny"},"schema":{"@context":"https:\/\/schema.org","@graph":[{"@type":"WebPage","@id":"https:\/\/creativityshop.eu\/pl\/product\/french-flat-sequins-paillettes-glossy-porcelain-blue-grey-11030-sequins-3-mm-langlois-martin\/","url":"https:\/\/creativityshop.eu\/pl\/product\/french-flat-sequins-paillettes-glossy-porcelain-blue-grey-11030-sequins-3-mm-langlois-martin\/","name":"French Flat Sequins\/Paillettes, Glossy Porcelain Blue Grey #11030 sequins 3 mm and 4 mm, Langlois-Martin - CreativityShopEU","isPartOf":{"@id":"https:\/\/creativityshop.eu\/pl\/#website"},"primaryImageOfPage":{"@id":"https:\/\/creativityshop.eu\/pl\/product\/french-flat-sequins-paillettes-glossy-porcelain-blue-grey-11030-sequins-3-mm-langlois-martin\/#primaryimage"},"image":{"@id":"https:\/\/creativityshop.eu\/pl\/product\/french-flat-sequins-paillettes-glossy-porcelain-blue-grey-11030-sequins-3-mm-langlois-martin\/#primaryimage"},"thumbnailUrl":"https:\/\/creativityshop.eu\/wp-content\/uploads\/2019\/03\/frencch-sequins-langlois-martin-11030.jpg","datePublished":"2019-04-02T15:18:28+00:00","dateModified":"2026-02-08T15:43:09+00:00","breadcrumb":{"@id":"https:\/\/creativityshop.eu\/pl\/product\/french-flat-sequins-paillettes-glossy-porcelain-blue-grey-11030-sequins-3-mm-langlois-martin\/#breadcrumb"},"inLanguage":"pl-PL","potentialAction":[{"@type":"ReadAction","target":["https:\/\/creativityshop.eu\/pl\/product\/french-flat-sequins-paillettes-glossy-porcelain-blue-grey-11030-sequins-3-mm-langlois-martin\/"]}]},{"@type":"ImageObject","inLanguage":"pl-PL","@id":"https:\/\/creativityshop.eu\/pl\/product\/french-flat-sequins-paillettes-glossy-porcelain-blue-grey-11030-sequins-3-mm-langlois-martin\/#primaryimage","url":"https:\/\/creativityshop.eu\/wp-content\/uploads\/2019\/03\/frencch-sequins-langlois-martin-11030.jpg","contentUrl":"https:\/\/creativityshop.eu\/wp-content\/uploads\/2019\/03\/frencch-sequins-langlois-martin-11030.jpg","width":768,"height":768},{"@type":"BreadcrumbList","@id":"https:\/\/creativityshop.eu\/pl\/product\/french-flat-sequins-paillettes-glossy-porcelain-blue-grey-11030-sequins-3-mm-langlois-martin\/#breadcrumb","itemListElement":[{"@type":"ListItem","position":1,"name":"Home","item":"https:\/\/creativityshop.eu\/pl\/"},{"@type":"ListItem","position":2,"name":"Shop","item":"https:\/\/creativityshop.eu\/shop\/"},{"@type":"ListItem","position":3,"name":"French Flat Sequins\/Paillettes, Glossy Porcelain Blue Grey #11030 sequins 3 mm and 4 mm, Langlois-Martin"}]},{"@type":"WebSite","@id":"https:\/\/creativityshop.eu\/pl\/#website","url":"https:\/\/creativityshop.eu\/pl\/","name":"CreativityShopEU","description":"Embroidery and jewelry components","publisher":{"@id":"https:\/\/creativityshop.eu\/pl\/#organization"},"potentialAction":[{"@type":"SearchAction","target":{"@type":"EntryPoint","urlTemplate":"https:\/\/creativityshop.eu\/pl\/?s={search_term_string}"},"query-input":{"@type":"PropertyValueSpecification","valueRequired":true,"valueName":"search_term_string"}}],"inLanguage":"pl-PL"},{"@type":"Organization","@id":"https:\/\/creativityshop.eu\/pl\/#organization","name":"Creativity Shop OU","url":"https:\/\/creativityshop.eu\/pl\/","logo":{"@type":"ImageObject","inLanguage":"pl-PL","@id":"https:\/\/creativityshop.eu\/pl\/#\/schema\/logo\/image\/","url":"https:\/\/creativityshop.eu\/wp-content\/uploads\/2018\/11\/creativity_shop_logosite2.png","contentUrl":"https:\/\/creativityshop.eu\/wp-content\/uploads\/2018\/11\/creativity_shop_logosite2.png","width":2871,"height":1100,"caption":"Creativity Shop OU"},"image":{"@id":"https:\/\/creativityshop.eu\/pl\/#\/schema\/logo\/image\/"}}]},"og_availability":"instock","product_availability":"instock","product_condition":"new"},"_links":{"self":[{"href":"https:\/\/creativityshop.eu\/pl\/wp-json\/wp\/v2\/product\/6596","targetHints":{"allow":["GET"]}}],"collection":[{"href":"https:\/\/creativityshop.eu\/pl\/wp-json\/wp\/v2\/product"}],"about":[{"href":"https:\/\/creativityshop.eu\/pl\/wp-json\/wp\/v2\/types\/product"}],"wp:featuredmedia":[{"embeddable":true,"href":"https:\/\/creativityshop.eu\/pl\/wp-json\/wp\/v2\/media\/6432"}],"wp:attachment":[{"href":"https:\/\/creativityshop.eu\/pl\/wp-json\/wp\/v2\/media?parent=6596"}],"wp:term":[{"taxonomy":"product_brand","embeddable":true,"href":"https:\/\/creativityshop.eu\/pl\/wp-json\/wp\/v2\/product_brand?post=6596"},{"taxonomy":"product_cat","embeddable":true,"href":"https:\/\/creativityshop.eu\/pl\/wp-json\/wp\/v2\/product_cat?post=6596"},{"taxonomy":"product_tag","embeddable":true,"href":"https:\/\/creativityshop.eu\/pl\/wp-json\/wp\/v2\/product_tag?post=6596"}],"curies":[{"name":"wp","href":"https:\/\/api.w.org\/{rel}","templated":true}]}}