{"id":5586,"date":"2019-03-03T23:38:06","date_gmt":"2019-03-03T20:38:06","guid":{"rendered":"https:\/\/creativityshop.eu\/product\/1088-swarovski-xirius-chaton-crystal-graphite-ss39\/"},"modified":"2025-11-30T13:53:08","modified_gmt":"2025-11-30T10:53:08","slug":"1088-swarovski-xirius-chaton-crystal-graphite-ss39","status":"publish","type":"product","link":"https:\/\/creativityshop.eu\/pl\/product\/1088-swarovski-xirius-chaton-crystal-graphite-ss39\/","title":{"rendered":"1088 Swarovski Xirius Chaton Crystal Graphite SS39"},"content":{"rendered":"<p>The brightest star of all, Sirius has lent its name to Swarovski&#8217;s Xirius chaton. Its revolutionary cut brings this highly resistant crystal product one step closer to the diamond. Unmatched brilliance and the highest level of precision make this crystal a versatile component for myriad applications, and is the ideal alternative to precious stones.<br \/>\nProduct images are for illustrative purposes only and may differ from the actual product. Due to differences in monitors and lightening, colours of products may also appear different to those shown on the site.<\/p>\n","protected":false},"excerpt":{"rendered":"<p>1088 Xirius Swarovski Crystal Chaton<br \/>\nShape: Xirius Round<br \/>\nType: Chaton<br \/>\nColor: Graphite<br \/>\nSize: SS39 (app. 8.2 mm)<br \/>\nFoiling: Platinum-colored Pro Foiling<br \/>\nManufactured in: Austria<\/p>\n","protected":false},"featured_media":5229,"template":"","meta":{"_acf_changed":false,"_exactmetrics_skip_tracking":false,"_exactmetrics_sitenote_active":false,"_exactmetrics_sitenote_note":"","_exactmetrics_sitenote_category":0},"product_brand":[],"product_cat":[316],"product_tag":[],"class_list":{"0":"post-5586","1":"product","2":"type-product","3":"status-publish","4":"has-post-thumbnail","6":"product_cat-1088-xirius-chaton-ss39","8":"first","9":"instock","10":"taxable","11":"shipping-taxable","12":"purchasable","13":"product-type-simple","14":"add-to-wishlist-after_add_to_cart"},"acf":[],"yoast_head":"<!-- This site is optimized with the Yoast SEO Premium plugin v27.0 (Yoast SEO v27.0) - https:\/\/yoast.com\/product\/yoast-seo-premium-wordpress\/ -->\n<title>1088 Swarovski Xirius Chaton Crystal Graphite SS39 - CreativityShopEU<\/title>\n<meta name=\"robots\" content=\"noindex, follow\" \/>\n<meta property=\"og:locale\" content=\"pl_PL\" \/>\n<meta property=\"og:type\" content=\"article\" \/>\n<meta property=\"og:title\" content=\"1088 Swarovski Xirius Chaton Crystal Graphite SS39\" \/>\n<meta property=\"og:description\" content=\"1088 Xirius Swarovski Crystal Chaton Shape: Xirius Round Type: Chaton Color: Graphite Size: SS39 (app. 8.2 mm) Foiling: Platinum-colored Pro Foiling Manufactured in: Austria\" \/>\n<meta property=\"og:url\" content=\"https:\/\/creativityshop.eu\/pl\/product\/1088-swarovski-xirius-chaton-crystal-graphite-ss39\/\" \/>\n<meta property=\"og:site_name\" content=\"CreativityShopEU\" \/>\n<meta property=\"article:modified_time\" content=\"2025-11-30T10:53:08+00:00\" \/>\n<meta property=\"og:image\" content=\"https:\/\/creativityshop.eu\/wp-content\/uploads\/2019\/03\/1088-ss24-swarovski-crystal-graphite-1.jpg\" \/>\n\t<meta property=\"og:image:width\" content=\"768\" \/>\n\t<meta property=\"og:image:height\" content=\"768\" \/>\n\t<meta property=\"og:image:type\" content=\"image\/jpeg\" \/>\n<meta name=\"twitter:card\" content=\"summary_large_image\" \/>\n<meta name=\"twitter:label1\" content=\"Cena\" \/>\n\t<meta name=\"twitter:data1\" content=\"&euro;0.37\" \/>\n\t<meta name=\"twitter:label2\" content=\"Dost\u0119pno\u015b\u0107\" \/>\n\t<meta name=\"twitter:data2\" content=\"Dost\u0119pny\" \/>\n<script type=\"application\/ld+json\" class=\"yoast-schema-graph\">{\"@context\":\"https:\/\/schema.org\",\"@graph\":[{\"@type\":\"WebPage\",\"@id\":\"https:\/\/creativityshop.eu\/pl\/product\/1088-swarovski-xirius-chaton-crystal-graphite-ss39\/\",\"url\":\"https:\/\/creativityshop.eu\/pl\/product\/1088-swarovski-xirius-chaton-crystal-graphite-ss39\/\",\"name\":\"1088 Swarovski Xirius Chaton Crystal Graphite SS39 - CreativityShopEU\",\"isPartOf\":{\"@id\":\"https:\/\/creativityshop.eu\/pl\/#website\"},\"primaryImageOfPage\":{\"@id\":\"https:\/\/creativityshop.eu\/pl\/product\/1088-swarovski-xirius-chaton-crystal-graphite-ss39\/#primaryimage\"},\"image\":{\"@id\":\"https:\/\/creativityshop.eu\/pl\/product\/1088-swarovski-xirius-chaton-crystal-graphite-ss39\/#primaryimage\"},\"thumbnailUrl\":\"https:\/\/creativityshop.eu\/wp-content\/uploads\/2019\/03\/1088-ss24-swarovski-crystal-graphite-1.jpg\",\"datePublished\":\"2019-03-03T20:38:06+00:00\",\"dateModified\":\"2025-11-30T10:53:08+00:00\",\"breadcrumb\":{\"@id\":\"https:\/\/creativityshop.eu\/pl\/product\/1088-swarovski-xirius-chaton-crystal-graphite-ss39\/#breadcrumb\"},\"inLanguage\":\"pl-PL\",\"potentialAction\":[{\"@type\":\"ReadAction\",\"target\":[\"https:\/\/creativityshop.eu\/pl\/product\/1088-swarovski-xirius-chaton-crystal-graphite-ss39\/\"]}]},{\"@type\":\"ImageObject\",\"inLanguage\":\"pl-PL\",\"@id\":\"https:\/\/creativityshop.eu\/pl\/product\/1088-swarovski-xirius-chaton-crystal-graphite-ss39\/#primaryimage\",\"url\":\"https:\/\/creativityshop.eu\/wp-content\/uploads\/2019\/03\/1088-ss24-swarovski-crystal-graphite-1.jpg\",\"contentUrl\":\"https:\/\/creativityshop.eu\/wp-content\/uploads\/2019\/03\/1088-ss24-swarovski-crystal-graphite-1.jpg\",\"width\":768,\"height\":768},{\"@type\":\"BreadcrumbList\",\"@id\":\"https:\/\/creativityshop.eu\/pl\/product\/1088-swarovski-xirius-chaton-crystal-graphite-ss39\/#breadcrumb\",\"itemListElement\":[{\"@type\":\"ListItem\",\"position\":1,\"name\":\"Home\",\"item\":\"https:\/\/creativityshop.eu\/pl\/\"},{\"@type\":\"ListItem\",\"position\":2,\"name\":\"Shop\",\"item\":\"https:\/\/creativityshop.eu\/shop\/\"},{\"@type\":\"ListItem\",\"position\":3,\"name\":\"1088 Swarovski Xirius Chaton Crystal Graphite SS39\"}]},{\"@type\":\"WebSite\",\"@id\":\"https:\/\/creativityshop.eu\/pl\/#website\",\"url\":\"https:\/\/creativityshop.eu\/pl\/\",\"name\":\"CreativityShopEU\",\"description\":\"Embroidery and jewelry components\",\"publisher\":{\"@id\":\"https:\/\/creativityshop.eu\/pl\/#organization\"},\"potentialAction\":[{\"@type\":\"SearchAction\",\"target\":{\"@type\":\"EntryPoint\",\"urlTemplate\":\"https:\/\/creativityshop.eu\/pl\/?s={search_term_string}\"},\"query-input\":{\"@type\":\"PropertyValueSpecification\",\"valueRequired\":true,\"valueName\":\"search_term_string\"}}],\"inLanguage\":\"pl-PL\"},{\"@type\":\"Organization\",\"@id\":\"https:\/\/creativityshop.eu\/pl\/#organization\",\"name\":\"Creativity Shop OU\",\"url\":\"https:\/\/creativityshop.eu\/pl\/\",\"logo\":{\"@type\":\"ImageObject\",\"inLanguage\":\"pl-PL\",\"@id\":\"https:\/\/creativityshop.eu\/pl\/#\/schema\/logo\/image\/\",\"url\":\"https:\/\/creativityshop.eu\/wp-content\/uploads\/2018\/11\/creativity_shop_logosite2.png\",\"contentUrl\":\"https:\/\/creativityshop.eu\/wp-content\/uploads\/2018\/11\/creativity_shop_logosite2.png\",\"width\":2871,\"height\":1100,\"caption\":\"Creativity Shop OU\"},\"image\":{\"@id\":\"https:\/\/creativityshop.eu\/pl\/#\/schema\/logo\/image\/\"}}]}<\/script>\n<meta property=\"product:price:amount\" content=\"0.37\" \/>\n<meta property=\"product:price:currency\" content=\"EUR\" \/>\n<meta property=\"og:availability\" content=\"instock\" \/>\n<meta property=\"product:availability\" content=\"instock\" \/>\n<meta property=\"product:retailer_item_id\" content=\"5193765\" \/>\n<meta property=\"product:condition\" content=\"new\" \/>\n<!-- \/ Yoast SEO Premium plugin. -->","yoast_head_json":{"title":"1088 Swarovski Xirius Chaton Crystal Graphite SS39 - CreativityShopEU","robots":{"index":"noindex","follow":"follow"},"og_locale":"pl_PL","og_type":"article","og_title":"1088 Swarovski Xirius Chaton Crystal Graphite SS39","og_description":"1088 Xirius Swarovski Crystal Chaton Shape: Xirius Round Type: Chaton Color: Graphite Size: SS39 (app. 8.2 mm) Foiling: Platinum-colored Pro Foiling Manufactured in: Austria","og_url":"https:\/\/creativityshop.eu\/pl\/product\/1088-swarovski-xirius-chaton-crystal-graphite-ss39\/","og_site_name":"CreativityShopEU","article_modified_time":"2025-11-30T10:53:08+00:00","og_image":[{"width":768,"height":768,"url":"https:\/\/creativityshop.eu\/wp-content\/uploads\/2019\/03\/1088-ss24-swarovski-crystal-graphite-1.jpg","type":"image\/jpeg"}],"twitter_card":"summary_large_image","twitter_misc":{"Cena":"&euro;0.37","Dost\u0119pno\u015b\u0107":"Dost\u0119pny"},"schema":{"@context":"https:\/\/schema.org","@graph":[{"@type":"WebPage","@id":"https:\/\/creativityshop.eu\/pl\/product\/1088-swarovski-xirius-chaton-crystal-graphite-ss39\/","url":"https:\/\/creativityshop.eu\/pl\/product\/1088-swarovski-xirius-chaton-crystal-graphite-ss39\/","name":"1088 Swarovski Xirius Chaton Crystal Graphite SS39 - CreativityShopEU","isPartOf":{"@id":"https:\/\/creativityshop.eu\/pl\/#website"},"primaryImageOfPage":{"@id":"https:\/\/creativityshop.eu\/pl\/product\/1088-swarovski-xirius-chaton-crystal-graphite-ss39\/#primaryimage"},"image":{"@id":"https:\/\/creativityshop.eu\/pl\/product\/1088-swarovski-xirius-chaton-crystal-graphite-ss39\/#primaryimage"},"thumbnailUrl":"https:\/\/creativityshop.eu\/wp-content\/uploads\/2019\/03\/1088-ss24-swarovski-crystal-graphite-1.jpg","datePublished":"2019-03-03T20:38:06+00:00","dateModified":"2025-11-30T10:53:08+00:00","breadcrumb":{"@id":"https:\/\/creativityshop.eu\/pl\/product\/1088-swarovski-xirius-chaton-crystal-graphite-ss39\/#breadcrumb"},"inLanguage":"pl-PL","potentialAction":[{"@type":"ReadAction","target":["https:\/\/creativityshop.eu\/pl\/product\/1088-swarovski-xirius-chaton-crystal-graphite-ss39\/"]}]},{"@type":"ImageObject","inLanguage":"pl-PL","@id":"https:\/\/creativityshop.eu\/pl\/product\/1088-swarovski-xirius-chaton-crystal-graphite-ss39\/#primaryimage","url":"https:\/\/creativityshop.eu\/wp-content\/uploads\/2019\/03\/1088-ss24-swarovski-crystal-graphite-1.jpg","contentUrl":"https:\/\/creativityshop.eu\/wp-content\/uploads\/2019\/03\/1088-ss24-swarovski-crystal-graphite-1.jpg","width":768,"height":768},{"@type":"BreadcrumbList","@id":"https:\/\/creativityshop.eu\/pl\/product\/1088-swarovski-xirius-chaton-crystal-graphite-ss39\/#breadcrumb","itemListElement":[{"@type":"ListItem","position":1,"name":"Home","item":"https:\/\/creativityshop.eu\/pl\/"},{"@type":"ListItem","position":2,"name":"Shop","item":"https:\/\/creativityshop.eu\/shop\/"},{"@type":"ListItem","position":3,"name":"1088 Swarovski Xirius Chaton Crystal Graphite SS39"}]},{"@type":"WebSite","@id":"https:\/\/creativityshop.eu\/pl\/#website","url":"https:\/\/creativityshop.eu\/pl\/","name":"CreativityShopEU","description":"Embroidery and jewelry components","publisher":{"@id":"https:\/\/creativityshop.eu\/pl\/#organization"},"potentialAction":[{"@type":"SearchAction","target":{"@type":"EntryPoint","urlTemplate":"https:\/\/creativityshop.eu\/pl\/?s={search_term_string}"},"query-input":{"@type":"PropertyValueSpecification","valueRequired":true,"valueName":"search_term_string"}}],"inLanguage":"pl-PL"},{"@type":"Organization","@id":"https:\/\/creativityshop.eu\/pl\/#organization","name":"Creativity Shop OU","url":"https:\/\/creativityshop.eu\/pl\/","logo":{"@type":"ImageObject","inLanguage":"pl-PL","@id":"https:\/\/creativityshop.eu\/pl\/#\/schema\/logo\/image\/","url":"https:\/\/creativityshop.eu\/wp-content\/uploads\/2018\/11\/creativity_shop_logosite2.png","contentUrl":"https:\/\/creativityshop.eu\/wp-content\/uploads\/2018\/11\/creativity_shop_logosite2.png","width":2871,"height":1100,"caption":"Creativity Shop OU"},"image":{"@id":"https:\/\/creativityshop.eu\/pl\/#\/schema\/logo\/image\/"}}]},"product_price_amount":"0.37","product_price_currency":"EUR","og_availability":"instock","product_availability":"instock","product_retailer_item_id":"5193765","product_condition":"new"},"_links":{"self":[{"href":"https:\/\/creativityshop.eu\/pl\/wp-json\/wp\/v2\/product\/5586","targetHints":{"allow":["GET"]}}],"collection":[{"href":"https:\/\/creativityshop.eu\/pl\/wp-json\/wp\/v2\/product"}],"about":[{"href":"https:\/\/creativityshop.eu\/pl\/wp-json\/wp\/v2\/types\/product"}],"wp:featuredmedia":[{"embeddable":true,"href":"https:\/\/creativityshop.eu\/pl\/wp-json\/wp\/v2\/media\/5229"}],"wp:attachment":[{"href":"https:\/\/creativityshop.eu\/pl\/wp-json\/wp\/v2\/media?parent=5586"}],"wp:term":[{"taxonomy":"product_brand","embeddable":true,"href":"https:\/\/creativityshop.eu\/pl\/wp-json\/wp\/v2\/product_brand?post=5586"},{"taxonomy":"product_cat","embeddable":true,"href":"https:\/\/creativityshop.eu\/pl\/wp-json\/wp\/v2\/product_cat?post=5586"},{"taxonomy":"product_tag","embeddable":true,"href":"https:\/\/creativityshop.eu\/pl\/wp-json\/wp\/v2\/product_tag?post=5586"}],"curies":[{"name":"wp","href":"https:\/\/api.w.org\/{rel}","templated":true}]}}