{"id":5570,"date":"2019-03-03T23:38:00","date_gmt":"2019-03-03T20:38:00","guid":{"rendered":"https:\/\/creativityshop.eu\/product\/1088-swarovski-xirius-chaton-crystal-light-chrome-ss24\/"},"modified":"2024-02-13T18:28:41","modified_gmt":"2024-02-13T15:28:41","slug":"1088-swarovski-xirius-chaton-crystal-light-chrome-ss24","status":"publish","type":"product","link":"https:\/\/creativityshop.eu\/pl\/product\/1088-swarovski-xirius-chaton-crystal-light-chrome-ss24\/","title":{"rendered":"1088 Swarovski Xirius Chaton Crystal Light Chrome SS24"},"content":{"rendered":"<p>Sirius, the brightest star of all, has lent its name to Swarovski&#8217;s Xirius chaton. Its revolutionary cut brings this highly resistant crystal product closer to the diamond. Unmatched brilliance and the highest level of precision make this crystal a versatile component for myriad applications, and it is the ideal alternative to precious stones.<\/p>\n<p>Product images are for illustrative purposes only and may differ from the actual product. Due to differences in monitors and lighting, the colors of products may also appear different from those shown on the site.<\/p>\n","protected":false},"excerpt":{"rendered":"<p><strong>1088 Xirius Swarovski Crystal Chaton<\/strong><br \/>\nShape: Xirius Round<br \/>\nType: Chaton<br \/>\nColor: Light Chrome<br \/>\nSize: SS24 (app. 5.3 mm)<br \/>\nFoiling: Platinum-colored Pro Foiling<\/p>\n<p><strong>Variations:<\/strong> Stone Without Setting, Stone + Rhodium Plated Setting, Stone + No Plated Setting, Stone + Gold Plated Setting<\/p>\n<p>Manufactured in Austria<\/p>\n","protected":false},"featured_media":5241,"template":"","meta":{"_acf_changed":false,"_exactmetrics_skip_tracking":false,"_exactmetrics_sitenote_active":false,"_exactmetrics_sitenote_note":"","_exactmetrics_sitenote_category":0},"product_brand":[],"product_cat":[312],"product_tag":[],"class_list":{"0":"post-5570","1":"product","2":"type-product","3":"status-publish","4":"has-post-thumbnail","6":"product_cat-1088-xirius-chaton-ss24","8":"first","9":"outofstock","10":"taxable","11":"shipping-taxable","12":"product-type-variable","13":"wvs-archive-product-wrapper","14":"add-to-wishlist-after_add_to_cart"},"acf":[],"yoast_head":"<!-- This site is optimized with the Yoast SEO Premium plugin v27.0 (Yoast SEO v27.0) - https:\/\/yoast.com\/product\/yoast-seo-premium-wordpress\/ -->\n<title>1088 Swarovski Xirius Chaton Crystal Light Chrome SS24 - CreativityShopEU<\/title>\n<meta name=\"robots\" content=\"noindex, follow\" \/>\n<meta property=\"og:locale\" content=\"pl_PL\" \/>\n<meta property=\"og:type\" content=\"article\" \/>\n<meta property=\"og:title\" content=\"1088 Swarovski Xirius Chaton Crystal Light Chrome SS24\" \/>\n<meta property=\"og:description\" content=\"1088 Xirius Swarovski Crystal Chaton Shape: Xirius Round Type: Chaton Color: Light Chrome Size: SS24 (app. 5.3 mm) Foiling: Platinum-colored Pro Foiling  Variations: Stone Without Setting, Stone + Rhodium Plated Setting, Stone + No Plated Setting, Stone + Gold Plated Setting  Manufactured in Austria\" \/>\n<meta property=\"og:url\" content=\"https:\/\/creativityshop.eu\/pl\/product\/1088-swarovski-xirius-chaton-crystal-light-chrome-ss24\/\" \/>\n<meta property=\"og:site_name\" content=\"CreativityShopEU\" \/>\n<meta property=\"article:modified_time\" content=\"2024-02-13T15:28:41+00:00\" \/>\n<meta property=\"og:image\" content=\"https:\/\/creativityshop.eu\/wp-content\/uploads\/2019\/03\/1088-ss24-swarovski-crystal-light-chrome-1.jpg\" \/>\n\t<meta property=\"og:image:width\" content=\"768\" \/>\n\t<meta property=\"og:image:height\" content=\"768\" \/>\n\t<meta property=\"og:image:type\" content=\"image\/jpeg\" \/>\n<meta name=\"twitter:card\" content=\"summary_large_image\" \/>\n<meta name=\"twitter:label1\" content=\"Dost\u0119pno\u015b\u0107\" \/>\n\t<meta name=\"twitter:data1\" content=\"Brak w magazynie\" \/>\n<script type=\"application\/ld+json\" class=\"yoast-schema-graph\">{\"@context\":\"https:\/\/schema.org\",\"@graph\":[{\"@type\":\"WebPage\",\"@id\":\"https:\/\/creativityshop.eu\/pl\/product\/1088-swarovski-xirius-chaton-crystal-light-chrome-ss24\/\",\"url\":\"https:\/\/creativityshop.eu\/pl\/product\/1088-swarovski-xirius-chaton-crystal-light-chrome-ss24\/\",\"name\":\"1088 Swarovski Xirius Chaton Crystal Light Chrome SS24 - CreativityShopEU\",\"isPartOf\":{\"@id\":\"https:\/\/creativityshop.eu\/pl\/#website\"},\"primaryImageOfPage\":{\"@id\":\"https:\/\/creativityshop.eu\/pl\/product\/1088-swarovski-xirius-chaton-crystal-light-chrome-ss24\/#primaryimage\"},\"image\":{\"@id\":\"https:\/\/creativityshop.eu\/pl\/product\/1088-swarovski-xirius-chaton-crystal-light-chrome-ss24\/#primaryimage\"},\"thumbnailUrl\":\"https:\/\/creativityshop.eu\/wp-content\/uploads\/2019\/03\/1088-ss24-swarovski-crystal-light-chrome-1.jpg\",\"datePublished\":\"2019-03-03T20:38:00+00:00\",\"dateModified\":\"2024-02-13T15:28:41+00:00\",\"breadcrumb\":{\"@id\":\"https:\/\/creativityshop.eu\/pl\/product\/1088-swarovski-xirius-chaton-crystal-light-chrome-ss24\/#breadcrumb\"},\"inLanguage\":\"pl-PL\",\"potentialAction\":[{\"@type\":\"ReadAction\",\"target\":[\"https:\/\/creativityshop.eu\/pl\/product\/1088-swarovski-xirius-chaton-crystal-light-chrome-ss24\/\"]}]},{\"@type\":\"ImageObject\",\"inLanguage\":\"pl-PL\",\"@id\":\"https:\/\/creativityshop.eu\/pl\/product\/1088-swarovski-xirius-chaton-crystal-light-chrome-ss24\/#primaryimage\",\"url\":\"https:\/\/creativityshop.eu\/wp-content\/uploads\/2019\/03\/1088-ss24-swarovski-crystal-light-chrome-1.jpg\",\"contentUrl\":\"https:\/\/creativityshop.eu\/wp-content\/uploads\/2019\/03\/1088-ss24-swarovski-crystal-light-chrome-1.jpg\",\"width\":768,\"height\":768},{\"@type\":\"BreadcrumbList\",\"@id\":\"https:\/\/creativityshop.eu\/pl\/product\/1088-swarovski-xirius-chaton-crystal-light-chrome-ss24\/#breadcrumb\",\"itemListElement\":[{\"@type\":\"ListItem\",\"position\":1,\"name\":\"Home\",\"item\":\"https:\/\/creativityshop.eu\/pl\/\"},{\"@type\":\"ListItem\",\"position\":2,\"name\":\"Shop\",\"item\":\"https:\/\/creativityshop.eu\/shop\/\"},{\"@type\":\"ListItem\",\"position\":3,\"name\":\"1088 Swarovski Xirius Chaton Crystal Light Chrome SS24\"}]},{\"@type\":\"WebSite\",\"@id\":\"https:\/\/creativityshop.eu\/pl\/#website\",\"url\":\"https:\/\/creativityshop.eu\/pl\/\",\"name\":\"CreativityShopEU\",\"description\":\"Embroidery and jewelry components\",\"publisher\":{\"@id\":\"https:\/\/creativityshop.eu\/pl\/#organization\"},\"potentialAction\":[{\"@type\":\"SearchAction\",\"target\":{\"@type\":\"EntryPoint\",\"urlTemplate\":\"https:\/\/creativityshop.eu\/pl\/?s={search_term_string}\"},\"query-input\":{\"@type\":\"PropertyValueSpecification\",\"valueRequired\":true,\"valueName\":\"search_term_string\"}}],\"inLanguage\":\"pl-PL\"},{\"@type\":\"Organization\",\"@id\":\"https:\/\/creativityshop.eu\/pl\/#organization\",\"name\":\"Creativity Shop OU\",\"url\":\"https:\/\/creativityshop.eu\/pl\/\",\"logo\":{\"@type\":\"ImageObject\",\"inLanguage\":\"pl-PL\",\"@id\":\"https:\/\/creativityshop.eu\/pl\/#\/schema\/logo\/image\/\",\"url\":\"https:\/\/creativityshop.eu\/wp-content\/uploads\/2018\/11\/creativity_shop_logosite2.png\",\"contentUrl\":\"https:\/\/creativityshop.eu\/wp-content\/uploads\/2018\/11\/creativity_shop_logosite2.png\",\"width\":2871,\"height\":1100,\"caption\":\"Creativity Shop OU\"},\"image\":{\"@id\":\"https:\/\/creativityshop.eu\/pl\/#\/schema\/logo\/image\/\"}}]}<\/script>\n<meta property=\"og:availability\" content=\"out of stock\" \/>\n<meta property=\"product:availability\" content=\"out of stock\" \/>\n<meta property=\"product:condition\" content=\"new\" \/>\n<!-- \/ Yoast SEO Premium plugin. -->","yoast_head_json":{"title":"1088 Swarovski Xirius Chaton Crystal Light Chrome SS24 - CreativityShopEU","robots":{"index":"noindex","follow":"follow"},"og_locale":"pl_PL","og_type":"article","og_title":"1088 Swarovski Xirius Chaton Crystal Light Chrome SS24","og_description":"1088 Xirius Swarovski Crystal Chaton Shape: Xirius Round Type: Chaton Color: Light Chrome Size: SS24 (app. 5.3 mm) Foiling: Platinum-colored Pro Foiling  Variations: Stone Without Setting, Stone + Rhodium Plated Setting, Stone + No Plated Setting, Stone + Gold Plated Setting  Manufactured in Austria","og_url":"https:\/\/creativityshop.eu\/pl\/product\/1088-swarovski-xirius-chaton-crystal-light-chrome-ss24\/","og_site_name":"CreativityShopEU","article_modified_time":"2024-02-13T15:28:41+00:00","og_image":[{"width":768,"height":768,"url":"https:\/\/creativityshop.eu\/wp-content\/uploads\/2019\/03\/1088-ss24-swarovski-crystal-light-chrome-1.jpg","type":"image\/jpeg"}],"twitter_card":"summary_large_image","twitter_misc":{"Dost\u0119pno\u015b\u0107":"Brak w magazynie"},"schema":{"@context":"https:\/\/schema.org","@graph":[{"@type":"WebPage","@id":"https:\/\/creativityshop.eu\/pl\/product\/1088-swarovski-xirius-chaton-crystal-light-chrome-ss24\/","url":"https:\/\/creativityshop.eu\/pl\/product\/1088-swarovski-xirius-chaton-crystal-light-chrome-ss24\/","name":"1088 Swarovski Xirius Chaton Crystal Light Chrome SS24 - CreativityShopEU","isPartOf":{"@id":"https:\/\/creativityshop.eu\/pl\/#website"},"primaryImageOfPage":{"@id":"https:\/\/creativityshop.eu\/pl\/product\/1088-swarovski-xirius-chaton-crystal-light-chrome-ss24\/#primaryimage"},"image":{"@id":"https:\/\/creativityshop.eu\/pl\/product\/1088-swarovski-xirius-chaton-crystal-light-chrome-ss24\/#primaryimage"},"thumbnailUrl":"https:\/\/creativityshop.eu\/wp-content\/uploads\/2019\/03\/1088-ss24-swarovski-crystal-light-chrome-1.jpg","datePublished":"2019-03-03T20:38:00+00:00","dateModified":"2024-02-13T15:28:41+00:00","breadcrumb":{"@id":"https:\/\/creativityshop.eu\/pl\/product\/1088-swarovski-xirius-chaton-crystal-light-chrome-ss24\/#breadcrumb"},"inLanguage":"pl-PL","potentialAction":[{"@type":"ReadAction","target":["https:\/\/creativityshop.eu\/pl\/product\/1088-swarovski-xirius-chaton-crystal-light-chrome-ss24\/"]}]},{"@type":"ImageObject","inLanguage":"pl-PL","@id":"https:\/\/creativityshop.eu\/pl\/product\/1088-swarovski-xirius-chaton-crystal-light-chrome-ss24\/#primaryimage","url":"https:\/\/creativityshop.eu\/wp-content\/uploads\/2019\/03\/1088-ss24-swarovski-crystal-light-chrome-1.jpg","contentUrl":"https:\/\/creativityshop.eu\/wp-content\/uploads\/2019\/03\/1088-ss24-swarovski-crystal-light-chrome-1.jpg","width":768,"height":768},{"@type":"BreadcrumbList","@id":"https:\/\/creativityshop.eu\/pl\/product\/1088-swarovski-xirius-chaton-crystal-light-chrome-ss24\/#breadcrumb","itemListElement":[{"@type":"ListItem","position":1,"name":"Home","item":"https:\/\/creativityshop.eu\/pl\/"},{"@type":"ListItem","position":2,"name":"Shop","item":"https:\/\/creativityshop.eu\/shop\/"},{"@type":"ListItem","position":3,"name":"1088 Swarovski Xirius Chaton Crystal Light Chrome SS24"}]},{"@type":"WebSite","@id":"https:\/\/creativityshop.eu\/pl\/#website","url":"https:\/\/creativityshop.eu\/pl\/","name":"CreativityShopEU","description":"Embroidery and jewelry components","publisher":{"@id":"https:\/\/creativityshop.eu\/pl\/#organization"},"potentialAction":[{"@type":"SearchAction","target":{"@type":"EntryPoint","urlTemplate":"https:\/\/creativityshop.eu\/pl\/?s={search_term_string}"},"query-input":{"@type":"PropertyValueSpecification","valueRequired":true,"valueName":"search_term_string"}}],"inLanguage":"pl-PL"},{"@type":"Organization","@id":"https:\/\/creativityshop.eu\/pl\/#organization","name":"Creativity Shop OU","url":"https:\/\/creativityshop.eu\/pl\/","logo":{"@type":"ImageObject","inLanguage":"pl-PL","@id":"https:\/\/creativityshop.eu\/pl\/#\/schema\/logo\/image\/","url":"https:\/\/creativityshop.eu\/wp-content\/uploads\/2018\/11\/creativity_shop_logosite2.png","contentUrl":"https:\/\/creativityshop.eu\/wp-content\/uploads\/2018\/11\/creativity_shop_logosite2.png","width":2871,"height":1100,"caption":"Creativity Shop OU"},"image":{"@id":"https:\/\/creativityshop.eu\/pl\/#\/schema\/logo\/image\/"}}]},"og_availability":"out of stock","product_availability":"out of stock","product_condition":"new"},"_links":{"self":[{"href":"https:\/\/creativityshop.eu\/pl\/wp-json\/wp\/v2\/product\/5570","targetHints":{"allow":["GET"]}}],"collection":[{"href":"https:\/\/creativityshop.eu\/pl\/wp-json\/wp\/v2\/product"}],"about":[{"href":"https:\/\/creativityshop.eu\/pl\/wp-json\/wp\/v2\/types\/product"}],"wp:featuredmedia":[{"embeddable":true,"href":"https:\/\/creativityshop.eu\/pl\/wp-json\/wp\/v2\/media\/5241"}],"wp:attachment":[{"href":"https:\/\/creativityshop.eu\/pl\/wp-json\/wp\/v2\/media?parent=5570"}],"wp:term":[{"taxonomy":"product_brand","embeddable":true,"href":"https:\/\/creativityshop.eu\/pl\/wp-json\/wp\/v2\/product_brand?post=5570"},{"taxonomy":"product_cat","embeddable":true,"href":"https:\/\/creativityshop.eu\/pl\/wp-json\/wp\/v2\/product_cat?post=5570"},{"taxonomy":"product_tag","embeddable":true,"href":"https:\/\/creativityshop.eu\/pl\/wp-json\/wp\/v2\/product_tag?post=5570"}],"curies":[{"name":"wp","href":"https:\/\/api.w.org\/{rel}","templated":true}]}}