{"id":43049,"date":"2024-06-12T16:55:44","date_gmt":"2024-06-12T13:55:44","guid":{"rendered":"https:\/\/creativityshop.eu\/?post_type=product&#038;p=43049"},"modified":"2024-06-12T17:11:34","modified_gmt":"2024-06-12T14:11:34","slug":"preciosa-ornela-glass-tube-seed-beads-2-cut-hex-2-mm-bugle-tubes-transparent-crystal-color-48102","status":"publish","type":"product","link":"https:\/\/creativityshop.eu\/pl\/product\/preciosa-ornela-glass-tube-seed-beads-2-cut-hex-2-mm-bugle-tubes-transparent-crystal-color-48102\/","title":{"rendered":"Preciosa-Ornela Glass Tube Seed Beads, 2 Cut Hex, 2 mm Bugle Tubes, Transparent Crystal Color #48102"},"content":{"rendered":"","protected":false},"excerpt":{"rendered":"<div id=\"detail\">\n<div class=\"dp09\">\n<p><strong>Preciosa-Ornela Glass Tube Seed Beads, 2 Cut Hex, 2 mm Bugle Tubes, Transparent Crystal Color #48102<\/strong><\/p>\n<p>\u25cf\u00a0 Color: Transparent Crystal<br \/>\n\u25cf\u00a0 Sold by 1 thread, length: 50cm<br \/>\n\u25cf\u00a0 Made in the Czech Republic<\/p>\n<\/div>\n<\/div>\n<p class=\"btn_pos\">\n","protected":false},"featured_media":43051,"template":"","meta":{"_acf_changed":false,"_exactmetrics_skip_tracking":false,"_exactmetrics_sitenote_active":false,"_exactmetrics_sitenote_note":"","_exactmetrics_sitenote_category":0},"product_brand":[],"product_cat":[1149],"product_tag":[],"class_list":{"0":"post-43049","1":"product","2":"type-product","3":"status-publish","4":"has-post-thumbnail","6":"product_cat-preciosa-ornela-seed-beads","8":"first","9":"instock","10":"taxable","11":"shipping-taxable","12":"purchasable","13":"product-type-simple","14":"add-to-wishlist-after_add_to_cart"},"acf":[],"yoast_head":"<!-- This site is optimized with the Yoast SEO Premium plugin v27.0 (Yoast SEO v27.0) - https:\/\/yoast.com\/product\/yoast-seo-premium-wordpress\/ -->\n<title>Preciosa-Ornela Glass Tube Seed Beads, 2 Cut Hex, 2 mm Bugle Tubes, Transparent Crystal Color #48102 - CreativityShopEU<\/title>\n<meta name=\"robots\" content=\"noindex, follow\" \/>\n<meta property=\"og:locale\" content=\"pl_PL\" \/>\n<meta property=\"og:type\" content=\"article\" \/>\n<meta property=\"og:title\" content=\"Preciosa-Ornela Glass Tube Seed Beads, 2 Cut Hex, 2 mm Bugle Tubes, Transparent Crystal Color #48102\" \/>\n<meta property=\"og:description\" content=\"Preciosa-Ornela Glass Tube Seed Beads, 2 Cut Hex, 2 mm Bugle Tubes, Transparent Crystal Color #48102  \u25cf\u00a0 Color: Transparent Crystal \u25cf\u00a0 Sold by 1 thread, length: 50cm \u25cf\u00a0 Made in the Czech Republic\" \/>\n<meta property=\"og:url\" content=\"https:\/\/creativityshop.eu\/pl\/product\/preciosa-ornela-glass-tube-seed-beads-2-cut-hex-2-mm-bugle-tubes-transparent-crystal-color-48102\/\" \/>\n<meta property=\"og:site_name\" content=\"CreativityShopEU\" \/>\n<meta property=\"article:modified_time\" content=\"2024-06-12T14:11:34+00:00\" \/>\n<meta property=\"og:image\" content=\"https:\/\/creativityshop.eu\/wp-content\/uploads\/2024\/06\/img_20240611_154250-1-scaled.jpg\" \/>\n\t<meta property=\"og:image:width\" content=\"2560\" \/>\n\t<meta property=\"og:image:height\" content=\"2560\" \/>\n\t<meta property=\"og:image:type\" content=\"image\/jpeg\" \/>\n<meta name=\"twitter:card\" content=\"summary_large_image\" \/>\n<meta name=\"twitter:label1\" content=\"Cena\" \/>\n\t<meta name=\"twitter:data1\" content=\"&euro;0.73\" \/>\n\t<meta name=\"twitter:label2\" content=\"Dost\u0119pno\u015b\u0107\" \/>\n\t<meta name=\"twitter:data2\" content=\"Dost\u0119pny\" \/>\n<script type=\"application\/ld+json\" class=\"yoast-schema-graph\">{\"@context\":\"https:\/\/schema.org\",\"@graph\":[{\"@type\":\"WebPage\",\"@id\":\"https:\/\/creativityshop.eu\/pl\/product\/preciosa-ornela-glass-tube-seed-beads-2-cut-hex-2-mm-bugle-tubes-transparent-crystal-color-48102\/\",\"url\":\"https:\/\/creativityshop.eu\/pl\/product\/preciosa-ornela-glass-tube-seed-beads-2-cut-hex-2-mm-bugle-tubes-transparent-crystal-color-48102\/\",\"name\":\"Preciosa-Ornela Glass Tube Seed Beads, 2 Cut Hex, 2 mm Bugle Tubes, Transparent Crystal Color #48102 - CreativityShopEU\",\"isPartOf\":{\"@id\":\"https:\/\/creativityshop.eu\/pl\/#website\"},\"primaryImageOfPage\":{\"@id\":\"https:\/\/creativityshop.eu\/pl\/product\/preciosa-ornela-glass-tube-seed-beads-2-cut-hex-2-mm-bugle-tubes-transparent-crystal-color-48102\/#primaryimage\"},\"image\":{\"@id\":\"https:\/\/creativityshop.eu\/pl\/product\/preciosa-ornela-glass-tube-seed-beads-2-cut-hex-2-mm-bugle-tubes-transparent-crystal-color-48102\/#primaryimage\"},\"thumbnailUrl\":\"https:\/\/creativityshop.eu\/wp-content\/uploads\/2024\/06\/img_20240611_154250-1-scaled.jpg\",\"datePublished\":\"2024-06-12T13:55:44+00:00\",\"dateModified\":\"2024-06-12T14:11:34+00:00\",\"breadcrumb\":{\"@id\":\"https:\/\/creativityshop.eu\/pl\/product\/preciosa-ornela-glass-tube-seed-beads-2-cut-hex-2-mm-bugle-tubes-transparent-crystal-color-48102\/#breadcrumb\"},\"inLanguage\":\"pl-PL\",\"potentialAction\":[{\"@type\":\"ReadAction\",\"target\":[\"https:\/\/creativityshop.eu\/pl\/product\/preciosa-ornela-glass-tube-seed-beads-2-cut-hex-2-mm-bugle-tubes-transparent-crystal-color-48102\/\"]}]},{\"@type\":\"ImageObject\",\"inLanguage\":\"pl-PL\",\"@id\":\"https:\/\/creativityshop.eu\/pl\/product\/preciosa-ornela-glass-tube-seed-beads-2-cut-hex-2-mm-bugle-tubes-transparent-crystal-color-48102\/#primaryimage\",\"url\":\"https:\/\/creativityshop.eu\/wp-content\/uploads\/2024\/06\/img_20240611_154250-1-scaled.jpg\",\"contentUrl\":\"https:\/\/creativityshop.eu\/wp-content\/uploads\/2024\/06\/img_20240611_154250-1-scaled.jpg\",\"width\":2560,\"height\":2560,\"caption\":\"Preciosa-Ornela Glass Tube Seed Beads, 2 Cut Hex, 2 mm Bugle Tubes, Transparent Crystal Color #48102\"},{\"@type\":\"BreadcrumbList\",\"@id\":\"https:\/\/creativityshop.eu\/pl\/product\/preciosa-ornela-glass-tube-seed-beads-2-cut-hex-2-mm-bugle-tubes-transparent-crystal-color-48102\/#breadcrumb\",\"itemListElement\":[{\"@type\":\"ListItem\",\"position\":1,\"name\":\"Home\",\"item\":\"https:\/\/creativityshop.eu\/pl\/\"},{\"@type\":\"ListItem\",\"position\":2,\"name\":\"Shop\",\"item\":\"https:\/\/creativityshop.eu\/shop\/\"},{\"@type\":\"ListItem\",\"position\":3,\"name\":\"Preciosa-Ornela Glass Tube Seed Beads, 2 Cut Hex, 2 mm Bugle Tubes, Transparent Crystal Color #48102\"}]},{\"@type\":\"WebSite\",\"@id\":\"https:\/\/creativityshop.eu\/pl\/#website\",\"url\":\"https:\/\/creativityshop.eu\/pl\/\",\"name\":\"CreativityShopEU\",\"description\":\"Embroidery and jewelry components\",\"publisher\":{\"@id\":\"https:\/\/creativityshop.eu\/pl\/#organization\"},\"potentialAction\":[{\"@type\":\"SearchAction\",\"target\":{\"@type\":\"EntryPoint\",\"urlTemplate\":\"https:\/\/creativityshop.eu\/pl\/?s={search_term_string}\"},\"query-input\":{\"@type\":\"PropertyValueSpecification\",\"valueRequired\":true,\"valueName\":\"search_term_string\"}}],\"inLanguage\":\"pl-PL\"},{\"@type\":\"Organization\",\"@id\":\"https:\/\/creativityshop.eu\/pl\/#organization\",\"name\":\"Creativity Shop OU\",\"url\":\"https:\/\/creativityshop.eu\/pl\/\",\"logo\":{\"@type\":\"ImageObject\",\"inLanguage\":\"pl-PL\",\"@id\":\"https:\/\/creativityshop.eu\/pl\/#\/schema\/logo\/image\/\",\"url\":\"https:\/\/creativityshop.eu\/wp-content\/uploads\/2018\/11\/creativity_shop_logosite2.png\",\"contentUrl\":\"https:\/\/creativityshop.eu\/wp-content\/uploads\/2018\/11\/creativity_shop_logosite2.png\",\"width\":2871,\"height\":1100,\"caption\":\"Creativity Shop OU\"},\"image\":{\"@id\":\"https:\/\/creativityshop.eu\/pl\/#\/schema\/logo\/image\/\"}}]}<\/script>\n<meta property=\"product:price:amount\" content=\"0.73\" \/>\n<meta property=\"product:price:currency\" content=\"EUR\" \/>\n<meta property=\"og:availability\" content=\"instock\" \/>\n<meta property=\"product:availability\" content=\"instock\" \/>\n<meta property=\"product:retailer_item_id\" content=\"TB-48102\" \/>\n<meta property=\"product:condition\" content=\"new\" \/>\n<!-- \/ Yoast SEO Premium plugin. -->","yoast_head_json":{"title":"Preciosa-Ornela Glass Tube Seed Beads, 2 Cut Hex, 2 mm Bugle Tubes, Transparent Crystal Color #48102 - CreativityShopEU","robots":{"index":"noindex","follow":"follow"},"og_locale":"pl_PL","og_type":"article","og_title":"Preciosa-Ornela Glass Tube Seed Beads, 2 Cut Hex, 2 mm Bugle Tubes, Transparent Crystal Color #48102","og_description":"Preciosa-Ornela Glass Tube Seed Beads, 2 Cut Hex, 2 mm Bugle Tubes, Transparent Crystal Color #48102  \u25cf\u00a0 Color: Transparent Crystal \u25cf\u00a0 Sold by 1 thread, length: 50cm \u25cf\u00a0 Made in the Czech Republic","og_url":"https:\/\/creativityshop.eu\/pl\/product\/preciosa-ornela-glass-tube-seed-beads-2-cut-hex-2-mm-bugle-tubes-transparent-crystal-color-48102\/","og_site_name":"CreativityShopEU","article_modified_time":"2024-06-12T14:11:34+00:00","og_image":[{"width":2560,"height":2560,"url":"https:\/\/creativityshop.eu\/wp-content\/uploads\/2024\/06\/img_20240611_154250-1-scaled.jpg","type":"image\/jpeg"}],"twitter_card":"summary_large_image","twitter_misc":{"Cena":"&euro;0.73","Dost\u0119pno\u015b\u0107":"Dost\u0119pny"},"schema":{"@context":"https:\/\/schema.org","@graph":[{"@type":"WebPage","@id":"https:\/\/creativityshop.eu\/pl\/product\/preciosa-ornela-glass-tube-seed-beads-2-cut-hex-2-mm-bugle-tubes-transparent-crystal-color-48102\/","url":"https:\/\/creativityshop.eu\/pl\/product\/preciosa-ornela-glass-tube-seed-beads-2-cut-hex-2-mm-bugle-tubes-transparent-crystal-color-48102\/","name":"Preciosa-Ornela Glass Tube Seed Beads, 2 Cut Hex, 2 mm Bugle Tubes, Transparent Crystal Color #48102 - CreativityShopEU","isPartOf":{"@id":"https:\/\/creativityshop.eu\/pl\/#website"},"primaryImageOfPage":{"@id":"https:\/\/creativityshop.eu\/pl\/product\/preciosa-ornela-glass-tube-seed-beads-2-cut-hex-2-mm-bugle-tubes-transparent-crystal-color-48102\/#primaryimage"},"image":{"@id":"https:\/\/creativityshop.eu\/pl\/product\/preciosa-ornela-glass-tube-seed-beads-2-cut-hex-2-mm-bugle-tubes-transparent-crystal-color-48102\/#primaryimage"},"thumbnailUrl":"https:\/\/creativityshop.eu\/wp-content\/uploads\/2024\/06\/img_20240611_154250-1-scaled.jpg","datePublished":"2024-06-12T13:55:44+00:00","dateModified":"2024-06-12T14:11:34+00:00","breadcrumb":{"@id":"https:\/\/creativityshop.eu\/pl\/product\/preciosa-ornela-glass-tube-seed-beads-2-cut-hex-2-mm-bugle-tubes-transparent-crystal-color-48102\/#breadcrumb"},"inLanguage":"pl-PL","potentialAction":[{"@type":"ReadAction","target":["https:\/\/creativityshop.eu\/pl\/product\/preciosa-ornela-glass-tube-seed-beads-2-cut-hex-2-mm-bugle-tubes-transparent-crystal-color-48102\/"]}]},{"@type":"ImageObject","inLanguage":"pl-PL","@id":"https:\/\/creativityshop.eu\/pl\/product\/preciosa-ornela-glass-tube-seed-beads-2-cut-hex-2-mm-bugle-tubes-transparent-crystal-color-48102\/#primaryimage","url":"https:\/\/creativityshop.eu\/wp-content\/uploads\/2024\/06\/img_20240611_154250-1-scaled.jpg","contentUrl":"https:\/\/creativityshop.eu\/wp-content\/uploads\/2024\/06\/img_20240611_154250-1-scaled.jpg","width":2560,"height":2560,"caption":"Preciosa-Ornela Glass Tube Seed Beads, 2 Cut Hex, 2 mm Bugle Tubes, Transparent Crystal Color #48102"},{"@type":"BreadcrumbList","@id":"https:\/\/creativityshop.eu\/pl\/product\/preciosa-ornela-glass-tube-seed-beads-2-cut-hex-2-mm-bugle-tubes-transparent-crystal-color-48102\/#breadcrumb","itemListElement":[{"@type":"ListItem","position":1,"name":"Home","item":"https:\/\/creativityshop.eu\/pl\/"},{"@type":"ListItem","position":2,"name":"Shop","item":"https:\/\/creativityshop.eu\/shop\/"},{"@type":"ListItem","position":3,"name":"Preciosa-Ornela Glass Tube Seed Beads, 2 Cut Hex, 2 mm Bugle Tubes, Transparent Crystal Color #48102"}]},{"@type":"WebSite","@id":"https:\/\/creativityshop.eu\/pl\/#website","url":"https:\/\/creativityshop.eu\/pl\/","name":"CreativityShopEU","description":"Embroidery and jewelry components","publisher":{"@id":"https:\/\/creativityshop.eu\/pl\/#organization"},"potentialAction":[{"@type":"SearchAction","target":{"@type":"EntryPoint","urlTemplate":"https:\/\/creativityshop.eu\/pl\/?s={search_term_string}"},"query-input":{"@type":"PropertyValueSpecification","valueRequired":true,"valueName":"search_term_string"}}],"inLanguage":"pl-PL"},{"@type":"Organization","@id":"https:\/\/creativityshop.eu\/pl\/#organization","name":"Creativity Shop OU","url":"https:\/\/creativityshop.eu\/pl\/","logo":{"@type":"ImageObject","inLanguage":"pl-PL","@id":"https:\/\/creativityshop.eu\/pl\/#\/schema\/logo\/image\/","url":"https:\/\/creativityshop.eu\/wp-content\/uploads\/2018\/11\/creativity_shop_logosite2.png","contentUrl":"https:\/\/creativityshop.eu\/wp-content\/uploads\/2018\/11\/creativity_shop_logosite2.png","width":2871,"height":1100,"caption":"Creativity Shop OU"},"image":{"@id":"https:\/\/creativityshop.eu\/pl\/#\/schema\/logo\/image\/"}}]},"product_price_amount":"0.73","product_price_currency":"EUR","og_availability":"instock","product_availability":"instock","product_retailer_item_id":"TB-48102","product_condition":"new"},"_links":{"self":[{"href":"https:\/\/creativityshop.eu\/pl\/wp-json\/wp\/v2\/product\/43049","targetHints":{"allow":["GET"]}}],"collection":[{"href":"https:\/\/creativityshop.eu\/pl\/wp-json\/wp\/v2\/product"}],"about":[{"href":"https:\/\/creativityshop.eu\/pl\/wp-json\/wp\/v2\/types\/product"}],"wp:featuredmedia":[{"embeddable":true,"href":"https:\/\/creativityshop.eu\/pl\/wp-json\/wp\/v2\/media\/43051"}],"wp:attachment":[{"href":"https:\/\/creativityshop.eu\/pl\/wp-json\/wp\/v2\/media?parent=43049"}],"wp:term":[{"taxonomy":"product_brand","embeddable":true,"href":"https:\/\/creativityshop.eu\/pl\/wp-json\/wp\/v2\/product_brand?post=43049"},{"taxonomy":"product_cat","embeddable":true,"href":"https:\/\/creativityshop.eu\/pl\/wp-json\/wp\/v2\/product_cat?post=43049"},{"taxonomy":"product_tag","embeddable":true,"href":"https:\/\/creativityshop.eu\/pl\/wp-json\/wp\/v2\/product_tag?post=43049"}],"curies":[{"name":"wp","href":"https:\/\/api.w.org\/{rel}","templated":true}]}}