{"id":42889,"date":"2024-06-07T13:02:51","date_gmt":"2024-06-07T10:02:51","guid":{"rendered":"https:\/\/creativityshop.eu\/?post_type=product&#038;p=42889"},"modified":"2024-06-07T13:09:23","modified_gmt":"2024-06-07T10:09:23","slug":"fantasy-sequins-paillettes-light-grey-perliane-colour-volumetric-flower-styled-sequins-14-mm-made-in-france-by-langlois-martin-10-pieces","status":"publish","type":"product","link":"https:\/\/creativityshop.eu\/pl\/product\/fantasy-sequins-paillettes-light-grey-perliane-colour-volumetric-flower-styled-sequins-14-mm-made-in-france-by-langlois-martin-10-pieces\/","title":{"rendered":"Fantasy Sequins\/Paillettes, Light Grey Perliane colour, &#8222;Volumetric Flower&#8221; styled Sequins 14 mm, Made in France by Langlois-Martin, 10 pieces"},"content":{"rendered":"<p>Here you can buy french sequins\/paillettes, &#8222;Volumetric Flower&#8221; style light purple perliane coloured sequins\/paillettes from &#8222;Fantasy&#8221; series. These are 14 mm in diameter with one hole in the center made by Langlois-Martin.<br \/>\nLanglois-Martin sequins are very popular for their high quality and unique colors. They are widely used in embroidery and jewelry making. You can always shop online for a wide range of French sequins and experience a great service and a worldwide delivery at Creativity Shop.<br \/>\nProduct images are for illustrative purposes only and may differ from the actual product. Due to differences in monitors and lightening, colours of products may also appear different to those shown on the site.<\/p>\n","protected":false},"excerpt":{"rendered":"<p>&#8222;Fantasy&#8221; series &#8222;Volumetric flower&#8221; styled sequins. Size: 14 mm Color: Light Grey Perliane Produced in France, Langlois-Martin Sold per 10 pieces<\/p>\n","protected":false},"featured_media":42891,"template":"","meta":{"_acf_changed":false,"_exactmetrics_skip_tracking":false,"_exactmetrics_sitenote_active":false,"_exactmetrics_sitenote_note":"","_exactmetrics_sitenote_category":0},"product_brand":[],"product_cat":[274,275],"product_tag":[],"class_list":{"0":"post-42889","1":"product","2":"type-product","3":"status-publish","4":"has-post-thumbnail","6":"product_cat-sequins","7":"product_cat-fantasy-sequins","9":"first","10":"instock","11":"taxable","12":"shipping-taxable","13":"purchasable","14":"product-type-simple","15":"add-to-wishlist-after_add_to_cart"},"acf":[],"yoast_head":"<!-- This site is optimized with the Yoast SEO Premium plugin v27.0 (Yoast SEO v27.0) - https:\/\/yoast.com\/product\/yoast-seo-premium-wordpress\/ -->\n<title>Fantasy Sequins\/Paillettes, Light Grey Perliane colour, &quot;Volumetric Flower&quot; styled Sequins 14 mm, Made in France by Langlois-Martin, 10 pieces - CreativityShopEU<\/title>\n<meta name=\"robots\" content=\"noindex, follow\" \/>\n<meta property=\"og:locale\" content=\"pl_PL\" \/>\n<meta property=\"og:type\" content=\"article\" \/>\n<meta property=\"og:title\" content=\"Fantasy Sequins\/Paillettes, Light Grey Perliane colour, &quot;Volumetric Flower&quot; styled Sequins 14 mm, Made in France by Langlois-Martin, 10 pieces\" \/>\n<meta property=\"og:description\" content=\"&quot;Fantasy&quot; series &quot;Volumetric flower&quot; styled sequins. Size: 14 mm Color: Light Grey Perliane Produced in France, Langlois-Martin Sold per 10 pieces\" \/>\n<meta property=\"og:url\" content=\"https:\/\/creativityshop.eu\/pl\/product\/fantasy-sequins-paillettes-light-grey-perliane-colour-volumetric-flower-styled-sequins-14-mm-made-in-france-by-langlois-martin-10-pieces\/\" \/>\n<meta property=\"og:site_name\" content=\"CreativityShopEU\" \/>\n<meta property=\"article:modified_time\" content=\"2024-06-07T10:09:23+00:00\" \/>\n<meta property=\"og:image\" content=\"https:\/\/creativityshop.eu\/wp-content\/uploads\/2024\/06\/img_20240607_120708-scaled.jpg\" \/>\n\t<meta property=\"og:image:width\" content=\"2560\" \/>\n\t<meta property=\"og:image:height\" content=\"2560\" \/>\n\t<meta property=\"og:image:type\" content=\"image\/jpeg\" \/>\n<meta name=\"twitter:card\" content=\"summary_large_image\" \/>\n<meta name=\"twitter:label1\" content=\"Cena\" \/>\n\t<meta name=\"twitter:data1\" content=\"&euro;2.50\" \/>\n\t<meta name=\"twitter:label2\" content=\"Dost\u0119pno\u015b\u0107\" \/>\n\t<meta name=\"twitter:data2\" content=\"Dost\u0119pny\" \/>\n<script type=\"application\/ld+json\" class=\"yoast-schema-graph\">{\"@context\":\"https:\/\/schema.org\",\"@graph\":[{\"@type\":\"WebPage\",\"@id\":\"https:\/\/creativityshop.eu\/pl\/product\/fantasy-sequins-paillettes-light-grey-perliane-colour-volumetric-flower-styled-sequins-14-mm-made-in-france-by-langlois-martin-10-pieces\/\",\"url\":\"https:\/\/creativityshop.eu\/pl\/product\/fantasy-sequins-paillettes-light-grey-perliane-colour-volumetric-flower-styled-sequins-14-mm-made-in-france-by-langlois-martin-10-pieces\/\",\"name\":\"Fantasy Sequins\/Paillettes, Light Grey Perliane colour, \\\"Volumetric Flower\\\" styled Sequins 14 mm, Made in France by Langlois-Martin, 10 pieces - CreativityShopEU\",\"isPartOf\":{\"@id\":\"https:\/\/creativityshop.eu\/pl\/#website\"},\"primaryImageOfPage\":{\"@id\":\"https:\/\/creativityshop.eu\/pl\/product\/fantasy-sequins-paillettes-light-grey-perliane-colour-volumetric-flower-styled-sequins-14-mm-made-in-france-by-langlois-martin-10-pieces\/#primaryimage\"},\"image\":{\"@id\":\"https:\/\/creativityshop.eu\/pl\/product\/fantasy-sequins-paillettes-light-grey-perliane-colour-volumetric-flower-styled-sequins-14-mm-made-in-france-by-langlois-martin-10-pieces\/#primaryimage\"},\"thumbnailUrl\":\"https:\/\/creativityshop.eu\/wp-content\/uploads\/2024\/06\/img_20240607_120708-scaled.jpg\",\"datePublished\":\"2024-06-07T10:02:51+00:00\",\"dateModified\":\"2024-06-07T10:09:23+00:00\",\"breadcrumb\":{\"@id\":\"https:\/\/creativityshop.eu\/pl\/product\/fantasy-sequins-paillettes-light-grey-perliane-colour-volumetric-flower-styled-sequins-14-mm-made-in-france-by-langlois-martin-10-pieces\/#breadcrumb\"},\"inLanguage\":\"pl-PL\",\"potentialAction\":[{\"@type\":\"ReadAction\",\"target\":[\"https:\/\/creativityshop.eu\/pl\/product\/fantasy-sequins-paillettes-light-grey-perliane-colour-volumetric-flower-styled-sequins-14-mm-made-in-france-by-langlois-martin-10-pieces\/\"]}]},{\"@type\":\"ImageObject\",\"inLanguage\":\"pl-PL\",\"@id\":\"https:\/\/creativityshop.eu\/pl\/product\/fantasy-sequins-paillettes-light-grey-perliane-colour-volumetric-flower-styled-sequins-14-mm-made-in-france-by-langlois-martin-10-pieces\/#primaryimage\",\"url\":\"https:\/\/creativityshop.eu\/wp-content\/uploads\/2024\/06\/img_20240607_120708-scaled.jpg\",\"contentUrl\":\"https:\/\/creativityshop.eu\/wp-content\/uploads\/2024\/06\/img_20240607_120708-scaled.jpg\",\"width\":2560,\"height\":2560,\"caption\":\"Fantasy Sequins\/Paillettes, Light Grey Perliane colour, \\\"Volumetric Flower\\\" styled Sequins 14 mm, Made in France by Langlois-Martin, 10 pieces\"},{\"@type\":\"BreadcrumbList\",\"@id\":\"https:\/\/creativityshop.eu\/pl\/product\/fantasy-sequins-paillettes-light-grey-perliane-colour-volumetric-flower-styled-sequins-14-mm-made-in-france-by-langlois-martin-10-pieces\/#breadcrumb\",\"itemListElement\":[{\"@type\":\"ListItem\",\"position\":1,\"name\":\"Home\",\"item\":\"https:\/\/creativityshop.eu\/pl\/\"},{\"@type\":\"ListItem\",\"position\":2,\"name\":\"Shop\",\"item\":\"https:\/\/creativityshop.eu\/shop\/\"},{\"@type\":\"ListItem\",\"position\":3,\"name\":\"Fantasy Sequins\/Paillettes, Light Grey Perliane colour, &#8220;Volumetric Flower&#8221; styled Sequins 14 mm, Made in France by Langlois-Martin, 10 pieces\"}]},{\"@type\":\"WebSite\",\"@id\":\"https:\/\/creativityshop.eu\/pl\/#website\",\"url\":\"https:\/\/creativityshop.eu\/pl\/\",\"name\":\"CreativityShopEU\",\"description\":\"Embroidery and jewelry components\",\"publisher\":{\"@id\":\"https:\/\/creativityshop.eu\/pl\/#organization\"},\"potentialAction\":[{\"@type\":\"SearchAction\",\"target\":{\"@type\":\"EntryPoint\",\"urlTemplate\":\"https:\/\/creativityshop.eu\/pl\/?s={search_term_string}\"},\"query-input\":{\"@type\":\"PropertyValueSpecification\",\"valueRequired\":true,\"valueName\":\"search_term_string\"}}],\"inLanguage\":\"pl-PL\"},{\"@type\":\"Organization\",\"@id\":\"https:\/\/creativityshop.eu\/pl\/#organization\",\"name\":\"Creativity Shop OU\",\"url\":\"https:\/\/creativityshop.eu\/pl\/\",\"logo\":{\"@type\":\"ImageObject\",\"inLanguage\":\"pl-PL\",\"@id\":\"https:\/\/creativityshop.eu\/pl\/#\/schema\/logo\/image\/\",\"url\":\"https:\/\/creativityshop.eu\/wp-content\/uploads\/2018\/11\/creativity_shop_logosite2.png\",\"contentUrl\":\"https:\/\/creativityshop.eu\/wp-content\/uploads\/2018\/11\/creativity_shop_logosite2.png\",\"width\":2871,\"height\":1100,\"caption\":\"Creativity Shop OU\"},\"image\":{\"@id\":\"https:\/\/creativityshop.eu\/pl\/#\/schema\/logo\/image\/\"}}]}<\/script>\n<meta property=\"product:price:amount\" content=\"2.50\" \/>\n<meta property=\"product:price:currency\" content=\"EUR\" \/>\n<meta property=\"og:availability\" content=\"instock\" \/>\n<meta property=\"product:availability\" content=\"instock\" \/>\n<meta property=\"product:retailer_item_id\" content=\"SVF02-5\" \/>\n<meta property=\"product:condition\" content=\"new\" \/>\n<!-- \/ Yoast SEO Premium plugin. -->","yoast_head_json":{"title":"Fantasy Sequins\/Paillettes, Light Grey Perliane colour, \"Volumetric Flower\" styled Sequins 14 mm, Made in France by Langlois-Martin, 10 pieces - CreativityShopEU","robots":{"index":"noindex","follow":"follow"},"og_locale":"pl_PL","og_type":"article","og_title":"Fantasy Sequins\/Paillettes, Light Grey Perliane colour, \"Volumetric Flower\" styled Sequins 14 mm, Made in France by Langlois-Martin, 10 pieces","og_description":"\"Fantasy\" series \"Volumetric flower\" styled sequins. Size: 14 mm Color: Light Grey Perliane Produced in France, Langlois-Martin Sold per 10 pieces","og_url":"https:\/\/creativityshop.eu\/pl\/product\/fantasy-sequins-paillettes-light-grey-perliane-colour-volumetric-flower-styled-sequins-14-mm-made-in-france-by-langlois-martin-10-pieces\/","og_site_name":"CreativityShopEU","article_modified_time":"2024-06-07T10:09:23+00:00","og_image":[{"width":2560,"height":2560,"url":"https:\/\/creativityshop.eu\/wp-content\/uploads\/2024\/06\/img_20240607_120708-scaled.jpg","type":"image\/jpeg"}],"twitter_card":"summary_large_image","twitter_misc":{"Cena":"&euro;2.50","Dost\u0119pno\u015b\u0107":"Dost\u0119pny"},"schema":{"@context":"https:\/\/schema.org","@graph":[{"@type":"WebPage","@id":"https:\/\/creativityshop.eu\/pl\/product\/fantasy-sequins-paillettes-light-grey-perliane-colour-volumetric-flower-styled-sequins-14-mm-made-in-france-by-langlois-martin-10-pieces\/","url":"https:\/\/creativityshop.eu\/pl\/product\/fantasy-sequins-paillettes-light-grey-perliane-colour-volumetric-flower-styled-sequins-14-mm-made-in-france-by-langlois-martin-10-pieces\/","name":"Fantasy Sequins\/Paillettes, Light Grey Perliane colour, \"Volumetric Flower\" styled Sequins 14 mm, Made in France by Langlois-Martin, 10 pieces - CreativityShopEU","isPartOf":{"@id":"https:\/\/creativityshop.eu\/pl\/#website"},"primaryImageOfPage":{"@id":"https:\/\/creativityshop.eu\/pl\/product\/fantasy-sequins-paillettes-light-grey-perliane-colour-volumetric-flower-styled-sequins-14-mm-made-in-france-by-langlois-martin-10-pieces\/#primaryimage"},"image":{"@id":"https:\/\/creativityshop.eu\/pl\/product\/fantasy-sequins-paillettes-light-grey-perliane-colour-volumetric-flower-styled-sequins-14-mm-made-in-france-by-langlois-martin-10-pieces\/#primaryimage"},"thumbnailUrl":"https:\/\/creativityshop.eu\/wp-content\/uploads\/2024\/06\/img_20240607_120708-scaled.jpg","datePublished":"2024-06-07T10:02:51+00:00","dateModified":"2024-06-07T10:09:23+00:00","breadcrumb":{"@id":"https:\/\/creativityshop.eu\/pl\/product\/fantasy-sequins-paillettes-light-grey-perliane-colour-volumetric-flower-styled-sequins-14-mm-made-in-france-by-langlois-martin-10-pieces\/#breadcrumb"},"inLanguage":"pl-PL","potentialAction":[{"@type":"ReadAction","target":["https:\/\/creativityshop.eu\/pl\/product\/fantasy-sequins-paillettes-light-grey-perliane-colour-volumetric-flower-styled-sequins-14-mm-made-in-france-by-langlois-martin-10-pieces\/"]}]},{"@type":"ImageObject","inLanguage":"pl-PL","@id":"https:\/\/creativityshop.eu\/pl\/product\/fantasy-sequins-paillettes-light-grey-perliane-colour-volumetric-flower-styled-sequins-14-mm-made-in-france-by-langlois-martin-10-pieces\/#primaryimage","url":"https:\/\/creativityshop.eu\/wp-content\/uploads\/2024\/06\/img_20240607_120708-scaled.jpg","contentUrl":"https:\/\/creativityshop.eu\/wp-content\/uploads\/2024\/06\/img_20240607_120708-scaled.jpg","width":2560,"height":2560,"caption":"Fantasy Sequins\/Paillettes, Light Grey Perliane colour, \"Volumetric Flower\" styled Sequins 14 mm, Made in France by Langlois-Martin, 10 pieces"},{"@type":"BreadcrumbList","@id":"https:\/\/creativityshop.eu\/pl\/product\/fantasy-sequins-paillettes-light-grey-perliane-colour-volumetric-flower-styled-sequins-14-mm-made-in-france-by-langlois-martin-10-pieces\/#breadcrumb","itemListElement":[{"@type":"ListItem","position":1,"name":"Home","item":"https:\/\/creativityshop.eu\/pl\/"},{"@type":"ListItem","position":2,"name":"Shop","item":"https:\/\/creativityshop.eu\/shop\/"},{"@type":"ListItem","position":3,"name":"Fantasy Sequins\/Paillettes, Light Grey Perliane colour, &#8220;Volumetric Flower&#8221; styled Sequins 14 mm, Made in France by Langlois-Martin, 10 pieces"}]},{"@type":"WebSite","@id":"https:\/\/creativityshop.eu\/pl\/#website","url":"https:\/\/creativityshop.eu\/pl\/","name":"CreativityShopEU","description":"Embroidery and jewelry components","publisher":{"@id":"https:\/\/creativityshop.eu\/pl\/#organization"},"potentialAction":[{"@type":"SearchAction","target":{"@type":"EntryPoint","urlTemplate":"https:\/\/creativityshop.eu\/pl\/?s={search_term_string}"},"query-input":{"@type":"PropertyValueSpecification","valueRequired":true,"valueName":"search_term_string"}}],"inLanguage":"pl-PL"},{"@type":"Organization","@id":"https:\/\/creativityshop.eu\/pl\/#organization","name":"Creativity Shop OU","url":"https:\/\/creativityshop.eu\/pl\/","logo":{"@type":"ImageObject","inLanguage":"pl-PL","@id":"https:\/\/creativityshop.eu\/pl\/#\/schema\/logo\/image\/","url":"https:\/\/creativityshop.eu\/wp-content\/uploads\/2018\/11\/creativity_shop_logosite2.png","contentUrl":"https:\/\/creativityshop.eu\/wp-content\/uploads\/2018\/11\/creativity_shop_logosite2.png","width":2871,"height":1100,"caption":"Creativity Shop OU"},"image":{"@id":"https:\/\/creativityshop.eu\/pl\/#\/schema\/logo\/image\/"}}]},"product_price_amount":"2.50","product_price_currency":"EUR","og_availability":"instock","product_availability":"instock","product_retailer_item_id":"SVF02-5","product_condition":"new"},"_links":{"self":[{"href":"https:\/\/creativityshop.eu\/pl\/wp-json\/wp\/v2\/product\/42889","targetHints":{"allow":["GET"]}}],"collection":[{"href":"https:\/\/creativityshop.eu\/pl\/wp-json\/wp\/v2\/product"}],"about":[{"href":"https:\/\/creativityshop.eu\/pl\/wp-json\/wp\/v2\/types\/product"}],"wp:featuredmedia":[{"embeddable":true,"href":"https:\/\/creativityshop.eu\/pl\/wp-json\/wp\/v2\/media\/42891"}],"wp:attachment":[{"href":"https:\/\/creativityshop.eu\/pl\/wp-json\/wp\/v2\/media?parent=42889"}],"wp:term":[{"taxonomy":"product_brand","embeddable":true,"href":"https:\/\/creativityshop.eu\/pl\/wp-json\/wp\/v2\/product_brand?post=42889"},{"taxonomy":"product_cat","embeddable":true,"href":"https:\/\/creativityshop.eu\/pl\/wp-json\/wp\/v2\/product_cat?post=42889"},{"taxonomy":"product_tag","embeddable":true,"href":"https:\/\/creativityshop.eu\/pl\/wp-json\/wp\/v2\/product_tag?post=42889"}],"curies":[{"name":"wp","href":"https:\/\/api.w.org\/{rel}","templated":true}]}}