{"id":42864,"date":"2024-06-06T15:13:36","date_gmt":"2024-06-06T12:13:36","guid":{"rendered":"https:\/\/creativityshop.eu\/?post_type=product&#038;p=42864"},"modified":"2026-02-06T01:27:35","modified_gmt":"2026-02-05T22:27:35","slug":"fantasy-sequins-pailettes-iridescent-transparent-3001-bike-wheels-style-sequins-made-in-france-sequins-by-langlois-martin","status":"publish","type":"product","link":"https:\/\/creativityshop.eu\/pl\/product\/fantasy-sequins-pailettes-iridescent-transparent-3001-bike-wheels-style-sequins-made-in-france-sequins-by-langlois-martin\/","title":{"rendered":"Fantasy sequins, Pailettes, Iridescent Transparent (#3001), Bike Wheels Style Sequins, Made in France sequins by Langlois-Martin"},"content":{"rendered":"<p>Here you can buy French flat round bike wheels style glossy crystal sequins\/paillettes from the &#8222;Fantasy&#8221; series. These are 4 mm in diameter with one hole in the center made by Langlois-Martin.<\/p>\n<p>Langlois-Martin sequins are trendy for their high quality and unique colors. They are widely used in embroidery and jewelry making. You can always shop online for a wide range of French sequins and experience excellent service and worldwide delivery at Creativity Shop.<\/p>\n<p>Product images are for illustrative purposes only and may differ from the actual product. Due to differences in monitors and lighting, the colors of products may also appear different from those shown on the site.<\/p>\n","protected":false},"excerpt":{"rendered":"<p><strong>Bike Wheels style flat sequins with 1 hole in the center<\/strong><br \/>\nAvailable Sizes: 4 mm<br \/>\nColor: Iridescent Transparent (#3001)<br \/>\nOrigin: France, Langlois-Martin<br \/>\nPrice for 1\/2 strand (app. 500 pcs)<\/p>\n","protected":false},"featured_media":42858,"template":"","meta":{"_acf_changed":false,"_exactmetrics_skip_tracking":false,"_exactmetrics_sitenote_active":false,"_exactmetrics_sitenote_note":"","_exactmetrics_sitenote_category":0},"product_brand":[],"product_cat":[274,275],"product_tag":[],"class_list":{"0":"post-42864","1":"product","2":"type-product","3":"status-publish","4":"has-post-thumbnail","6":"product_cat-sequins","7":"product_cat-fantasy-sequins","9":"first","10":"instock","11":"taxable","12":"shipping-taxable","13":"purchasable","14":"product-type-simple","15":"add-to-wishlist-after_add_to_cart"},"acf":[],"yoast_head":"<!-- This site is optimized with the Yoast SEO Premium plugin v27.0 (Yoast SEO v27.0) - https:\/\/yoast.com\/product\/yoast-seo-premium-wordpress\/ -->\n<title>Fantasy sequins, Pailettes, Iridescent Transparent (#3001), Bike Wheels Style Sequins, Made in France sequins by Langlois-Martin - CreativityShopEU<\/title>\n<meta name=\"robots\" content=\"noindex, follow\" \/>\n<meta property=\"og:locale\" content=\"pl_PL\" \/>\n<meta property=\"og:type\" content=\"article\" \/>\n<meta property=\"og:title\" content=\"Fantasy sequins, Pailettes, Iridescent Transparent (#3001), Bike Wheels Style Sequins, Made in France sequins by Langlois-Martin\" \/>\n<meta property=\"og:description\" content=\"Bike Wheels style flat sequins with 1 hole in the center Available Sizes: 4 mm Color: Iridescent Transparent (#3001) Origin: France, Langlois-Martin Price for 1\/2 strand (app. 500 pcs)\" \/>\n<meta property=\"og:url\" content=\"https:\/\/creativityshop.eu\/pl\/product\/fantasy-sequins-pailettes-iridescent-transparent-3001-bike-wheels-style-sequins-made-in-france-sequins-by-langlois-martin\/\" \/>\n<meta property=\"og:site_name\" content=\"CreativityShopEU\" \/>\n<meta property=\"article:modified_time\" content=\"2026-02-05T22:27:35+00:00\" \/>\n<meta property=\"og:image\" content=\"https:\/\/creativityshop.eu\/wp-content\/uploads\/2024\/06\/img_20240605_155359-scaled.jpg\" \/>\n\t<meta property=\"og:image:width\" content=\"2560\" \/>\n\t<meta property=\"og:image:height\" content=\"2560\" \/>\n\t<meta property=\"og:image:type\" content=\"image\/jpeg\" \/>\n<meta name=\"twitter:card\" content=\"summary_large_image\" \/>\n<meta name=\"twitter:label1\" content=\"Cena\" \/>\n\t<meta name=\"twitter:data1\" content=\"&euro;5.60\" \/>\n\t<meta name=\"twitter:label2\" content=\"Dost\u0119pno\u015b\u0107\" \/>\n\t<meta name=\"twitter:data2\" content=\"Dost\u0119pny\" \/>\n<script type=\"application\/ld+json\" class=\"yoast-schema-graph\">{\"@context\":\"https:\/\/schema.org\",\"@graph\":[{\"@type\":\"WebPage\",\"@id\":\"https:\/\/creativityshop.eu\/pl\/product\/fantasy-sequins-pailettes-iridescent-transparent-3001-bike-wheels-style-sequins-made-in-france-sequins-by-langlois-martin\/\",\"url\":\"https:\/\/creativityshop.eu\/pl\/product\/fantasy-sequins-pailettes-iridescent-transparent-3001-bike-wheels-style-sequins-made-in-france-sequins-by-langlois-martin\/\",\"name\":\"Fantasy sequins, Pailettes, Iridescent Transparent (#3001), Bike Wheels Style Sequins, Made in France sequins by Langlois-Martin - CreativityShopEU\",\"isPartOf\":{\"@id\":\"https:\/\/creativityshop.eu\/pl\/#website\"},\"primaryImageOfPage\":{\"@id\":\"https:\/\/creativityshop.eu\/pl\/product\/fantasy-sequins-pailettes-iridescent-transparent-3001-bike-wheels-style-sequins-made-in-france-sequins-by-langlois-martin\/#primaryimage\"},\"image\":{\"@id\":\"https:\/\/creativityshop.eu\/pl\/product\/fantasy-sequins-pailettes-iridescent-transparent-3001-bike-wheels-style-sequins-made-in-france-sequins-by-langlois-martin\/#primaryimage\"},\"thumbnailUrl\":\"https:\/\/creativityshop.eu\/wp-content\/uploads\/2024\/06\/img_20240605_155359-scaled.jpg\",\"datePublished\":\"2024-06-06T12:13:36+00:00\",\"dateModified\":\"2026-02-05T22:27:35+00:00\",\"breadcrumb\":{\"@id\":\"https:\/\/creativityshop.eu\/pl\/product\/fantasy-sequins-pailettes-iridescent-transparent-3001-bike-wheels-style-sequins-made-in-france-sequins-by-langlois-martin\/#breadcrumb\"},\"inLanguage\":\"pl-PL\",\"potentialAction\":[{\"@type\":\"ReadAction\",\"target\":[\"https:\/\/creativityshop.eu\/pl\/product\/fantasy-sequins-pailettes-iridescent-transparent-3001-bike-wheels-style-sequins-made-in-france-sequins-by-langlois-martin\/\"]}]},{\"@type\":\"ImageObject\",\"inLanguage\":\"pl-PL\",\"@id\":\"https:\/\/creativityshop.eu\/pl\/product\/fantasy-sequins-pailettes-iridescent-transparent-3001-bike-wheels-style-sequins-made-in-france-sequins-by-langlois-martin\/#primaryimage\",\"url\":\"https:\/\/creativityshop.eu\/wp-content\/uploads\/2024\/06\/img_20240605_155359-scaled.jpg\",\"contentUrl\":\"https:\/\/creativityshop.eu\/wp-content\/uploads\/2024\/06\/img_20240605_155359-scaled.jpg\",\"width\":2560,\"height\":2560,\"caption\":\"Fantasy sequins, Pailettes, Glossy Porcelain White (#11002), Bike Wheels Style Sequins, Made in France sequins by Langlois-Martin\"},{\"@type\":\"BreadcrumbList\",\"@id\":\"https:\/\/creativityshop.eu\/pl\/product\/fantasy-sequins-pailettes-iridescent-transparent-3001-bike-wheels-style-sequins-made-in-france-sequins-by-langlois-martin\/#breadcrumb\",\"itemListElement\":[{\"@type\":\"ListItem\",\"position\":1,\"name\":\"Home\",\"item\":\"https:\/\/creativityshop.eu\/pl\/\"},{\"@type\":\"ListItem\",\"position\":2,\"name\":\"Shop\",\"item\":\"https:\/\/creativityshop.eu\/shop\/\"},{\"@type\":\"ListItem\",\"position\":3,\"name\":\"Fantasy sequins, Pailettes, Iridescent Transparent (#3001), Bike Wheels Style Sequins, Made in France sequins by Langlois-Martin\"}]},{\"@type\":\"WebSite\",\"@id\":\"https:\/\/creativityshop.eu\/pl\/#website\",\"url\":\"https:\/\/creativityshop.eu\/pl\/\",\"name\":\"CreativityShopEU\",\"description\":\"Embroidery and jewelry components\",\"publisher\":{\"@id\":\"https:\/\/creativityshop.eu\/pl\/#organization\"},\"potentialAction\":[{\"@type\":\"SearchAction\",\"target\":{\"@type\":\"EntryPoint\",\"urlTemplate\":\"https:\/\/creativityshop.eu\/pl\/?s={search_term_string}\"},\"query-input\":{\"@type\":\"PropertyValueSpecification\",\"valueRequired\":true,\"valueName\":\"search_term_string\"}}],\"inLanguage\":\"pl-PL\"},{\"@type\":\"Organization\",\"@id\":\"https:\/\/creativityshop.eu\/pl\/#organization\",\"name\":\"Creativity Shop OU\",\"url\":\"https:\/\/creativityshop.eu\/pl\/\",\"logo\":{\"@type\":\"ImageObject\",\"inLanguage\":\"pl-PL\",\"@id\":\"https:\/\/creativityshop.eu\/pl\/#\/schema\/logo\/image\/\",\"url\":\"https:\/\/creativityshop.eu\/wp-content\/uploads\/2018\/11\/creativity_shop_logosite2.png\",\"contentUrl\":\"https:\/\/creativityshop.eu\/wp-content\/uploads\/2018\/11\/creativity_shop_logosite2.png\",\"width\":2871,\"height\":1100,\"caption\":\"Creativity Shop OU\"},\"image\":{\"@id\":\"https:\/\/creativityshop.eu\/pl\/#\/schema\/logo\/image\/\"}}]}<\/script>\n<meta property=\"product:price:amount\" content=\"5.60\" \/>\n<meta property=\"product:price:currency\" content=\"EUR\" \/>\n<meta property=\"og:availability\" content=\"instock\" \/>\n<meta property=\"product:availability\" content=\"instock\" \/>\n<meta property=\"product:retailer_item_id\" content=\"LM-BWP4-3001\" \/>\n<meta property=\"product:condition\" content=\"new\" \/>\n<!-- \/ Yoast SEO Premium plugin. -->","yoast_head_json":{"title":"Fantasy sequins, Pailettes, Iridescent Transparent (#3001), Bike Wheels Style Sequins, Made in France sequins by Langlois-Martin - CreativityShopEU","robots":{"index":"noindex","follow":"follow"},"og_locale":"pl_PL","og_type":"article","og_title":"Fantasy sequins, Pailettes, Iridescent Transparent (#3001), Bike Wheels Style Sequins, Made in France sequins by Langlois-Martin","og_description":"Bike Wheels style flat sequins with 1 hole in the center Available Sizes: 4 mm Color: Iridescent Transparent (#3001) Origin: France, Langlois-Martin Price for 1\/2 strand (app. 500 pcs)","og_url":"https:\/\/creativityshop.eu\/pl\/product\/fantasy-sequins-pailettes-iridescent-transparent-3001-bike-wheels-style-sequins-made-in-france-sequins-by-langlois-martin\/","og_site_name":"CreativityShopEU","article_modified_time":"2026-02-05T22:27:35+00:00","og_image":[{"width":2560,"height":2560,"url":"https:\/\/creativityshop.eu\/wp-content\/uploads\/2024\/06\/img_20240605_155359-scaled.jpg","type":"image\/jpeg"}],"twitter_card":"summary_large_image","twitter_misc":{"Cena":"&euro;5.60","Dost\u0119pno\u015b\u0107":"Dost\u0119pny"},"schema":{"@context":"https:\/\/schema.org","@graph":[{"@type":"WebPage","@id":"https:\/\/creativityshop.eu\/pl\/product\/fantasy-sequins-pailettes-iridescent-transparent-3001-bike-wheels-style-sequins-made-in-france-sequins-by-langlois-martin\/","url":"https:\/\/creativityshop.eu\/pl\/product\/fantasy-sequins-pailettes-iridescent-transparent-3001-bike-wheels-style-sequins-made-in-france-sequins-by-langlois-martin\/","name":"Fantasy sequins, Pailettes, Iridescent Transparent (#3001), Bike Wheels Style Sequins, Made in France sequins by Langlois-Martin - CreativityShopEU","isPartOf":{"@id":"https:\/\/creativityshop.eu\/pl\/#website"},"primaryImageOfPage":{"@id":"https:\/\/creativityshop.eu\/pl\/product\/fantasy-sequins-pailettes-iridescent-transparent-3001-bike-wheels-style-sequins-made-in-france-sequins-by-langlois-martin\/#primaryimage"},"image":{"@id":"https:\/\/creativityshop.eu\/pl\/product\/fantasy-sequins-pailettes-iridescent-transparent-3001-bike-wheels-style-sequins-made-in-france-sequins-by-langlois-martin\/#primaryimage"},"thumbnailUrl":"https:\/\/creativityshop.eu\/wp-content\/uploads\/2024\/06\/img_20240605_155359-scaled.jpg","datePublished":"2024-06-06T12:13:36+00:00","dateModified":"2026-02-05T22:27:35+00:00","breadcrumb":{"@id":"https:\/\/creativityshop.eu\/pl\/product\/fantasy-sequins-pailettes-iridescent-transparent-3001-bike-wheels-style-sequins-made-in-france-sequins-by-langlois-martin\/#breadcrumb"},"inLanguage":"pl-PL","potentialAction":[{"@type":"ReadAction","target":["https:\/\/creativityshop.eu\/pl\/product\/fantasy-sequins-pailettes-iridescent-transparent-3001-bike-wheels-style-sequins-made-in-france-sequins-by-langlois-martin\/"]}]},{"@type":"ImageObject","inLanguage":"pl-PL","@id":"https:\/\/creativityshop.eu\/pl\/product\/fantasy-sequins-pailettes-iridescent-transparent-3001-bike-wheels-style-sequins-made-in-france-sequins-by-langlois-martin\/#primaryimage","url":"https:\/\/creativityshop.eu\/wp-content\/uploads\/2024\/06\/img_20240605_155359-scaled.jpg","contentUrl":"https:\/\/creativityshop.eu\/wp-content\/uploads\/2024\/06\/img_20240605_155359-scaled.jpg","width":2560,"height":2560,"caption":"Fantasy sequins, Pailettes, Glossy Porcelain White (#11002), Bike Wheels Style Sequins, Made in France sequins by Langlois-Martin"},{"@type":"BreadcrumbList","@id":"https:\/\/creativityshop.eu\/pl\/product\/fantasy-sequins-pailettes-iridescent-transparent-3001-bike-wheels-style-sequins-made-in-france-sequins-by-langlois-martin\/#breadcrumb","itemListElement":[{"@type":"ListItem","position":1,"name":"Home","item":"https:\/\/creativityshop.eu\/pl\/"},{"@type":"ListItem","position":2,"name":"Shop","item":"https:\/\/creativityshop.eu\/shop\/"},{"@type":"ListItem","position":3,"name":"Fantasy sequins, Pailettes, Iridescent Transparent (#3001), Bike Wheels Style Sequins, Made in France sequins by Langlois-Martin"}]},{"@type":"WebSite","@id":"https:\/\/creativityshop.eu\/pl\/#website","url":"https:\/\/creativityshop.eu\/pl\/","name":"CreativityShopEU","description":"Embroidery and jewelry components","publisher":{"@id":"https:\/\/creativityshop.eu\/pl\/#organization"},"potentialAction":[{"@type":"SearchAction","target":{"@type":"EntryPoint","urlTemplate":"https:\/\/creativityshop.eu\/pl\/?s={search_term_string}"},"query-input":{"@type":"PropertyValueSpecification","valueRequired":true,"valueName":"search_term_string"}}],"inLanguage":"pl-PL"},{"@type":"Organization","@id":"https:\/\/creativityshop.eu\/pl\/#organization","name":"Creativity Shop OU","url":"https:\/\/creativityshop.eu\/pl\/","logo":{"@type":"ImageObject","inLanguage":"pl-PL","@id":"https:\/\/creativityshop.eu\/pl\/#\/schema\/logo\/image\/","url":"https:\/\/creativityshop.eu\/wp-content\/uploads\/2018\/11\/creativity_shop_logosite2.png","contentUrl":"https:\/\/creativityshop.eu\/wp-content\/uploads\/2018\/11\/creativity_shop_logosite2.png","width":2871,"height":1100,"caption":"Creativity Shop OU"},"image":{"@id":"https:\/\/creativityshop.eu\/pl\/#\/schema\/logo\/image\/"}}]},"product_price_amount":"5.60","product_price_currency":"EUR","og_availability":"instock","product_availability":"instock","product_retailer_item_id":"LM-BWP4-3001","product_condition":"new"},"_links":{"self":[{"href":"https:\/\/creativityshop.eu\/pl\/wp-json\/wp\/v2\/product\/42864","targetHints":{"allow":["GET"]}}],"collection":[{"href":"https:\/\/creativityshop.eu\/pl\/wp-json\/wp\/v2\/product"}],"about":[{"href":"https:\/\/creativityshop.eu\/pl\/wp-json\/wp\/v2\/types\/product"}],"wp:featuredmedia":[{"embeddable":true,"href":"https:\/\/creativityshop.eu\/pl\/wp-json\/wp\/v2\/media\/42858"}],"wp:attachment":[{"href":"https:\/\/creativityshop.eu\/pl\/wp-json\/wp\/v2\/media?parent=42864"}],"wp:term":[{"taxonomy":"product_brand","embeddable":true,"href":"https:\/\/creativityshop.eu\/pl\/wp-json\/wp\/v2\/product_brand?post=42864"},{"taxonomy":"product_cat","embeddable":true,"href":"https:\/\/creativityshop.eu\/pl\/wp-json\/wp\/v2\/product_cat?post=42864"},{"taxonomy":"product_tag","embeddable":true,"href":"https:\/\/creativityshop.eu\/pl\/wp-json\/wp\/v2\/product_tag?post=42864"}],"curies":[{"name":"wp","href":"https:\/\/api.w.org\/{rel}","templated":true}]}}