{"id":42754,"date":"2024-05-24T16:15:47","date_gmt":"2024-05-24T13:15:47","guid":{"rendered":"https:\/\/creativityshop.eu\/?post_type=product&#038;p=42754"},"modified":"2026-02-09T16:42:37","modified_gmt":"2026-02-09T13:42:37","slug":"toho-demi-round-beads-11-0-2-2mm-opaque-frosted-jet-tn-11-49f","status":"publish","type":"product","link":"https:\/\/creativityshop.eu\/pl\/product\/toho-demi-round-beads-11-0-2-2mm-opaque-frosted-jet-tn-11-49f\/","title":{"rendered":"TOHO Demi Round Beads 11\/0 2.2mm Opaque-Frosted Jet, TN-11-49F"},"content":{"rendered":"<h3>TOHO Demi Round seed beads TN-11-49F<\/h3>\n<p>Color: Opaque-Frosted Jet<br \/>\nSize: 11\/0<br \/>\nHole size: 0.8 mm<br \/>\nOrigin: Japan<br \/>\nPrice for 5 g<\/p>\n<p>TOHO Demi-Round 11\/0 are high-quality Japanese seed beads in the shape of a ring that are lighter and thinner by half compared to TOHO Round 11\/0. They will be best strung on the NYMO beading thread. Because of their precise shape, TOHO seed beads are ideal for bead weaving and bezeled jewellery<br \/>\nProduct images are for illustrative purposes only and may differ from the actual product. Due to differences in monitors and lightening, colours of products may also appear different to those shown on the site.<\/p>\n","protected":false},"excerpt":{"rendered":"<p><strong>TOHO Demi Round seed beads TN-11-49F<\/strong><br \/>\nColor: Opaque-Frosted Jet<br \/>\nSize: 11\/0<br \/>\nHole size: 0.8 mm<br \/>\nOrigin: Japan<br \/>\nPrice for 5 g<\/p>\n","protected":false},"featured_media":42756,"template":"","meta":{"_acf_changed":false,"_exactmetrics_skip_tracking":false,"_exactmetrics_sitenote_active":false,"_exactmetrics_sitenote_note":"","_exactmetrics_sitenote_category":0},"product_brand":[],"product_cat":[244,245],"product_tag":[],"class_list":{"0":"post-42754","1":"product","2":"type-product","3":"status-publish","4":"has-post-thumbnail","6":"product_cat-toho-beads","7":"product_cat-toho-demi-round-11-0","9":"first","10":"instock","11":"taxable","12":"shipping-taxable","13":"purchasable","14":"product-type-simple","15":"add-to-wishlist-after_add_to_cart"},"acf":[],"yoast_head":"<!-- This site is optimized with the Yoast SEO Premium plugin v27.0 (Yoast SEO v27.0) - https:\/\/yoast.com\/product\/yoast-seo-premium-wordpress\/ -->\n<title>TOHO Demi Round Beads 11\/0 2.2mm Opaque-Frosted Jet, TN-11-49F - CreativityShopEU<\/title>\n<meta name=\"robots\" content=\"noindex, follow\" \/>\n<meta property=\"og:locale\" content=\"pl_PL\" \/>\n<meta property=\"og:type\" content=\"article\" \/>\n<meta property=\"og:title\" content=\"TOHO Demi Round Beads 11\/0 2.2mm Opaque-Frosted Jet, TN-11-49F\" \/>\n<meta property=\"og:description\" content=\"TOHO Demi Round seed beads TN-11-49F Color: Opaque-Frosted Jet Size: 11\/0 Hole size: 0.8 mm Origin: Japan Price for 5 g\" \/>\n<meta property=\"og:url\" content=\"https:\/\/creativityshop.eu\/pl\/product\/toho-demi-round-beads-11-0-2-2mm-opaque-frosted-jet-tn-11-49f\/\" \/>\n<meta property=\"og:site_name\" content=\"CreativityShopEU\" \/>\n<meta property=\"article:modified_time\" content=\"2026-02-09T13:42:37+00:00\" \/>\n<meta property=\"og:image\" content=\"https:\/\/creativityshop.eu\/wp-content\/uploads\/2024\/05\/screenshot-2024-05-24-162318.png\" \/>\n\t<meta property=\"og:image:width\" content=\"802\" \/>\n\t<meta property=\"og:image:height\" content=\"801\" \/>\n\t<meta property=\"og:image:type\" content=\"image\/png\" \/>\n<meta name=\"twitter:card\" content=\"summary_large_image\" \/>\n<meta name=\"twitter:label1\" content=\"Cena\" \/>\n\t<meta name=\"twitter:data1\" content=\"&euro;1.94\" \/>\n\t<meta name=\"twitter:label2\" content=\"Dost\u0119pno\u015b\u0107\" \/>\n\t<meta name=\"twitter:data2\" content=\"Dost\u0119pny\" \/>\n<script type=\"application\/ld+json\" class=\"yoast-schema-graph\">{\"@context\":\"https:\/\/schema.org\",\"@graph\":[{\"@type\":\"WebPage\",\"@id\":\"https:\/\/creativityshop.eu\/pl\/product\/toho-demi-round-beads-11-0-2-2mm-opaque-frosted-jet-tn-11-49f\/\",\"url\":\"https:\/\/creativityshop.eu\/pl\/product\/toho-demi-round-beads-11-0-2-2mm-opaque-frosted-jet-tn-11-49f\/\",\"name\":\"TOHO Demi Round Beads 11\/0 2.2mm Opaque-Frosted Jet, TN-11-49F - CreativityShopEU\",\"isPartOf\":{\"@id\":\"https:\/\/creativityshop.eu\/pl\/#website\"},\"primaryImageOfPage\":{\"@id\":\"https:\/\/creativityshop.eu\/pl\/product\/toho-demi-round-beads-11-0-2-2mm-opaque-frosted-jet-tn-11-49f\/#primaryimage\"},\"image\":{\"@id\":\"https:\/\/creativityshop.eu\/pl\/product\/toho-demi-round-beads-11-0-2-2mm-opaque-frosted-jet-tn-11-49f\/#primaryimage\"},\"thumbnailUrl\":\"https:\/\/creativityshop.eu\/wp-content\/uploads\/2024\/05\/screenshot-2024-05-24-162318.png\",\"datePublished\":\"2024-05-24T13:15:47+00:00\",\"dateModified\":\"2026-02-09T13:42:37+00:00\",\"breadcrumb\":{\"@id\":\"https:\/\/creativityshop.eu\/pl\/product\/toho-demi-round-beads-11-0-2-2mm-opaque-frosted-jet-tn-11-49f\/#breadcrumb\"},\"inLanguage\":\"pl-PL\",\"potentialAction\":[{\"@type\":\"ReadAction\",\"target\":[\"https:\/\/creativityshop.eu\/pl\/product\/toho-demi-round-beads-11-0-2-2mm-opaque-frosted-jet-tn-11-49f\/\"]}]},{\"@type\":\"ImageObject\",\"inLanguage\":\"pl-PL\",\"@id\":\"https:\/\/creativityshop.eu\/pl\/product\/toho-demi-round-beads-11-0-2-2mm-opaque-frosted-jet-tn-11-49f\/#primaryimage\",\"url\":\"https:\/\/creativityshop.eu\/wp-content\/uploads\/2024\/05\/screenshot-2024-05-24-162318.png\",\"contentUrl\":\"https:\/\/creativityshop.eu\/wp-content\/uploads\/2024\/05\/screenshot-2024-05-24-162318.png\",\"width\":802,\"height\":801,\"caption\":\"TN-11-49F\"},{\"@type\":\"BreadcrumbList\",\"@id\":\"https:\/\/creativityshop.eu\/pl\/product\/toho-demi-round-beads-11-0-2-2mm-opaque-frosted-jet-tn-11-49f\/#breadcrumb\",\"itemListElement\":[{\"@type\":\"ListItem\",\"position\":1,\"name\":\"Home\",\"item\":\"https:\/\/creativityshop.eu\/pl\/\"},{\"@type\":\"ListItem\",\"position\":2,\"name\":\"Shop\",\"item\":\"https:\/\/creativityshop.eu\/shop\/\"},{\"@type\":\"ListItem\",\"position\":3,\"name\":\"TOHO Demi Round Beads 11\/0 2.2mm Opaque-Frosted Jet, TN-11-49F\"}]},{\"@type\":\"WebSite\",\"@id\":\"https:\/\/creativityshop.eu\/pl\/#website\",\"url\":\"https:\/\/creativityshop.eu\/pl\/\",\"name\":\"CreativityShopEU\",\"description\":\"Embroidery and jewelry components\",\"publisher\":{\"@id\":\"https:\/\/creativityshop.eu\/pl\/#organization\"},\"potentialAction\":[{\"@type\":\"SearchAction\",\"target\":{\"@type\":\"EntryPoint\",\"urlTemplate\":\"https:\/\/creativityshop.eu\/pl\/?s={search_term_string}\"},\"query-input\":{\"@type\":\"PropertyValueSpecification\",\"valueRequired\":true,\"valueName\":\"search_term_string\"}}],\"inLanguage\":\"pl-PL\"},{\"@type\":\"Organization\",\"@id\":\"https:\/\/creativityshop.eu\/pl\/#organization\",\"name\":\"Creativity Shop OU\",\"url\":\"https:\/\/creativityshop.eu\/pl\/\",\"logo\":{\"@type\":\"ImageObject\",\"inLanguage\":\"pl-PL\",\"@id\":\"https:\/\/creativityshop.eu\/pl\/#\/schema\/logo\/image\/\",\"url\":\"https:\/\/creativityshop.eu\/wp-content\/uploads\/2018\/11\/creativity_shop_logosite2.png\",\"contentUrl\":\"https:\/\/creativityshop.eu\/wp-content\/uploads\/2018\/11\/creativity_shop_logosite2.png\",\"width\":2871,\"height\":1100,\"caption\":\"Creativity Shop OU\"},\"image\":{\"@id\":\"https:\/\/creativityshop.eu\/pl\/#\/schema\/logo\/image\/\"}}]}<\/script>\n<meta property=\"product:price:amount\" content=\"1.94\" \/>\n<meta property=\"product:price:currency\" content=\"EUR\" \/>\n<meta property=\"og:availability\" content=\"instock\" \/>\n<meta property=\"product:availability\" content=\"instock\" \/>\n<meta property=\"product:retailer_item_id\" content=\"TN-11-49F\" \/>\n<meta property=\"product:condition\" content=\"new\" \/>\n<!-- \/ Yoast SEO Premium plugin. -->","yoast_head_json":{"title":"TOHO Demi Round Beads 11\/0 2.2mm Opaque-Frosted Jet, TN-11-49F - CreativityShopEU","robots":{"index":"noindex","follow":"follow"},"og_locale":"pl_PL","og_type":"article","og_title":"TOHO Demi Round Beads 11\/0 2.2mm Opaque-Frosted Jet, TN-11-49F","og_description":"TOHO Demi Round seed beads TN-11-49F Color: Opaque-Frosted Jet Size: 11\/0 Hole size: 0.8 mm Origin: Japan Price for 5 g","og_url":"https:\/\/creativityshop.eu\/pl\/product\/toho-demi-round-beads-11-0-2-2mm-opaque-frosted-jet-tn-11-49f\/","og_site_name":"CreativityShopEU","article_modified_time":"2026-02-09T13:42:37+00:00","og_image":[{"width":802,"height":801,"url":"https:\/\/creativityshop.eu\/wp-content\/uploads\/2024\/05\/screenshot-2024-05-24-162318.png","type":"image\/png"}],"twitter_card":"summary_large_image","twitter_misc":{"Cena":"&euro;1.94","Dost\u0119pno\u015b\u0107":"Dost\u0119pny"},"schema":{"@context":"https:\/\/schema.org","@graph":[{"@type":"WebPage","@id":"https:\/\/creativityshop.eu\/pl\/product\/toho-demi-round-beads-11-0-2-2mm-opaque-frosted-jet-tn-11-49f\/","url":"https:\/\/creativityshop.eu\/pl\/product\/toho-demi-round-beads-11-0-2-2mm-opaque-frosted-jet-tn-11-49f\/","name":"TOHO Demi Round Beads 11\/0 2.2mm Opaque-Frosted Jet, TN-11-49F - CreativityShopEU","isPartOf":{"@id":"https:\/\/creativityshop.eu\/pl\/#website"},"primaryImageOfPage":{"@id":"https:\/\/creativityshop.eu\/pl\/product\/toho-demi-round-beads-11-0-2-2mm-opaque-frosted-jet-tn-11-49f\/#primaryimage"},"image":{"@id":"https:\/\/creativityshop.eu\/pl\/product\/toho-demi-round-beads-11-0-2-2mm-opaque-frosted-jet-tn-11-49f\/#primaryimage"},"thumbnailUrl":"https:\/\/creativityshop.eu\/wp-content\/uploads\/2024\/05\/screenshot-2024-05-24-162318.png","datePublished":"2024-05-24T13:15:47+00:00","dateModified":"2026-02-09T13:42:37+00:00","breadcrumb":{"@id":"https:\/\/creativityshop.eu\/pl\/product\/toho-demi-round-beads-11-0-2-2mm-opaque-frosted-jet-tn-11-49f\/#breadcrumb"},"inLanguage":"pl-PL","potentialAction":[{"@type":"ReadAction","target":["https:\/\/creativityshop.eu\/pl\/product\/toho-demi-round-beads-11-0-2-2mm-opaque-frosted-jet-tn-11-49f\/"]}]},{"@type":"ImageObject","inLanguage":"pl-PL","@id":"https:\/\/creativityshop.eu\/pl\/product\/toho-demi-round-beads-11-0-2-2mm-opaque-frosted-jet-tn-11-49f\/#primaryimage","url":"https:\/\/creativityshop.eu\/wp-content\/uploads\/2024\/05\/screenshot-2024-05-24-162318.png","contentUrl":"https:\/\/creativityshop.eu\/wp-content\/uploads\/2024\/05\/screenshot-2024-05-24-162318.png","width":802,"height":801,"caption":"TN-11-49F"},{"@type":"BreadcrumbList","@id":"https:\/\/creativityshop.eu\/pl\/product\/toho-demi-round-beads-11-0-2-2mm-opaque-frosted-jet-tn-11-49f\/#breadcrumb","itemListElement":[{"@type":"ListItem","position":1,"name":"Home","item":"https:\/\/creativityshop.eu\/pl\/"},{"@type":"ListItem","position":2,"name":"Shop","item":"https:\/\/creativityshop.eu\/shop\/"},{"@type":"ListItem","position":3,"name":"TOHO Demi Round Beads 11\/0 2.2mm Opaque-Frosted Jet, TN-11-49F"}]},{"@type":"WebSite","@id":"https:\/\/creativityshop.eu\/pl\/#website","url":"https:\/\/creativityshop.eu\/pl\/","name":"CreativityShopEU","description":"Embroidery and jewelry components","publisher":{"@id":"https:\/\/creativityshop.eu\/pl\/#organization"},"potentialAction":[{"@type":"SearchAction","target":{"@type":"EntryPoint","urlTemplate":"https:\/\/creativityshop.eu\/pl\/?s={search_term_string}"},"query-input":{"@type":"PropertyValueSpecification","valueRequired":true,"valueName":"search_term_string"}}],"inLanguage":"pl-PL"},{"@type":"Organization","@id":"https:\/\/creativityshop.eu\/pl\/#organization","name":"Creativity Shop OU","url":"https:\/\/creativityshop.eu\/pl\/","logo":{"@type":"ImageObject","inLanguage":"pl-PL","@id":"https:\/\/creativityshop.eu\/pl\/#\/schema\/logo\/image\/","url":"https:\/\/creativityshop.eu\/wp-content\/uploads\/2018\/11\/creativity_shop_logosite2.png","contentUrl":"https:\/\/creativityshop.eu\/wp-content\/uploads\/2018\/11\/creativity_shop_logosite2.png","width":2871,"height":1100,"caption":"Creativity Shop OU"},"image":{"@id":"https:\/\/creativityshop.eu\/pl\/#\/schema\/logo\/image\/"}}]},"product_price_amount":"1.94","product_price_currency":"EUR","og_availability":"instock","product_availability":"instock","product_retailer_item_id":"TN-11-49F","product_condition":"new"},"_links":{"self":[{"href":"https:\/\/creativityshop.eu\/pl\/wp-json\/wp\/v2\/product\/42754","targetHints":{"allow":["GET"]}}],"collection":[{"href":"https:\/\/creativityshop.eu\/pl\/wp-json\/wp\/v2\/product"}],"about":[{"href":"https:\/\/creativityshop.eu\/pl\/wp-json\/wp\/v2\/types\/product"}],"wp:featuredmedia":[{"embeddable":true,"href":"https:\/\/creativityshop.eu\/pl\/wp-json\/wp\/v2\/media\/42756"}],"wp:attachment":[{"href":"https:\/\/creativityshop.eu\/pl\/wp-json\/wp\/v2\/media?parent=42754"}],"wp:term":[{"taxonomy":"product_brand","embeddable":true,"href":"https:\/\/creativityshop.eu\/pl\/wp-json\/wp\/v2\/product_brand?post=42754"},{"taxonomy":"product_cat","embeddable":true,"href":"https:\/\/creativityshop.eu\/pl\/wp-json\/wp\/v2\/product_cat?post=42754"},{"taxonomy":"product_tag","embeddable":true,"href":"https:\/\/creativityshop.eu\/pl\/wp-json\/wp\/v2\/product_tag?post=42754"}],"curies":[{"name":"wp","href":"https:\/\/api.w.org\/{rel}","templated":true}]}}