{"id":42570,"date":"2024-04-17T13:20:01","date_gmt":"2024-04-17T10:20:01","guid":{"rendered":"https:\/\/creativityshop.eu\/?post_type=product&#038;p=42570"},"modified":"2026-02-06T01:27:36","modified_gmt":"2026-02-05T22:27:36","slug":"rose-gold-plated-cup-chain-with-white-opal-rhinestones-ss6-2mm","status":"publish","type":"product","link":"https:\/\/creativityshop.eu\/pl\/product\/rose-gold-plated-cup-chain-with-white-opal-rhinestones-ss6-2mm\/","title":{"rendered":"Rose Gold Plated Cup Chain with White Opal Rhinestones, SS6 (2mm)"},"content":{"rendered":"<p>The chain is set with round chatons which are faceted stones and have a pointed back. The back of the stone is foiled to add a stunning brilliance and sparkle to the stone.<br \/>\nProduct images are for illustrative purposes only and may differ from the actual product. Due to differences in monitors and lightening, colours of products may also appear different to those shown on the site.<\/p>\n","protected":false},"excerpt":{"rendered":"<p><strong>Rhinestone Cup Chain<\/strong><br \/>\nStone size: SS6 (2 mm)<br \/>\nStone color: White Opal<br \/>\nBase color: Rose Gold<br \/>\nSold per: 1 meter<\/p>\n","protected":false},"featured_media":42572,"template":"","meta":{"_acf_changed":false,"_exactmetrics_skip_tracking":false,"_exactmetrics_sitenote_active":false,"_exactmetrics_sitenote_note":"","_exactmetrics_sitenote_category":0},"product_brand":[],"product_cat":[250],"product_tag":[],"class_list":{"0":"post-42570","1":"product","2":"type-product","3":"status-publish","4":"has-post-thumbnail","6":"product_cat-cup-chains","8":"first","9":"instock","10":"taxable","11":"shipping-taxable","12":"purchasable","13":"product-type-simple","14":"add-to-wishlist-after_add_to_cart"},"acf":[],"yoast_head":"<!-- This site is optimized with the Yoast SEO Premium plugin v27.0 (Yoast SEO v27.0) - https:\/\/yoast.com\/product\/yoast-seo-premium-wordpress\/ -->\n<title>Rose Gold Plated Cup Chain with White Opal Rhinestones, SS6 (2mm) - CreativityShopEU<\/title>\n<meta name=\"robots\" content=\"noindex, follow\" \/>\n<meta property=\"og:locale\" content=\"pl_PL\" \/>\n<meta property=\"og:type\" content=\"article\" \/>\n<meta property=\"og:title\" content=\"Rose Gold Plated Cup Chain with White Opal Rhinestones, SS6 (2mm)\" \/>\n<meta property=\"og:description\" content=\"Rhinestone Cup Chain Stone size: SS6 (2 mm) Stone color: White Opal Base color: Rose Gold Sold per: 1 meter\" \/>\n<meta property=\"og:url\" content=\"https:\/\/creativityshop.eu\/pl\/product\/rose-gold-plated-cup-chain-with-white-opal-rhinestones-ss6-2mm\/\" \/>\n<meta property=\"og:site_name\" content=\"CreativityShopEU\" \/>\n<meta property=\"article:modified_time\" content=\"2026-02-05T22:27:36+00:00\" \/>\n<meta property=\"og:image\" content=\"https:\/\/creativityshop.eu\/wp-content\/uploads\/2024\/04\/img_20240416_174031-scaled.jpg\" \/>\n\t<meta property=\"og:image:width\" content=\"2560\" \/>\n\t<meta property=\"og:image:height\" content=\"2560\" \/>\n\t<meta property=\"og:image:type\" content=\"image\/jpeg\" \/>\n<meta name=\"twitter:card\" content=\"summary_large_image\" \/>\n<meta name=\"twitter:label1\" content=\"Cena\" \/>\n\t<meta name=\"twitter:data1\" content=\"&euro;2.50\" \/>\n\t<meta name=\"twitter:label2\" content=\"Dost\u0119pno\u015b\u0107\" \/>\n\t<meta name=\"twitter:data2\" content=\"Dost\u0119pny\" \/>\n<script type=\"application\/ld+json\" class=\"yoast-schema-graph\">{\"@context\":\"https:\/\/schema.org\",\"@graph\":[{\"@type\":\"WebPage\",\"@id\":\"https:\/\/creativityshop.eu\/pl\/product\/rose-gold-plated-cup-chain-with-white-opal-rhinestones-ss6-2mm\/\",\"url\":\"https:\/\/creativityshop.eu\/pl\/product\/rose-gold-plated-cup-chain-with-white-opal-rhinestones-ss6-2mm\/\",\"name\":\"Rose Gold Plated Cup Chain with White Opal Rhinestones, SS6 (2mm) - CreativityShopEU\",\"isPartOf\":{\"@id\":\"https:\/\/creativityshop.eu\/pl\/#website\"},\"primaryImageOfPage\":{\"@id\":\"https:\/\/creativityshop.eu\/pl\/product\/rose-gold-plated-cup-chain-with-white-opal-rhinestones-ss6-2mm\/#primaryimage\"},\"image\":{\"@id\":\"https:\/\/creativityshop.eu\/pl\/product\/rose-gold-plated-cup-chain-with-white-opal-rhinestones-ss6-2mm\/#primaryimage\"},\"thumbnailUrl\":\"https:\/\/creativityshop.eu\/wp-content\/uploads\/2024\/04\/img_20240416_174031-scaled.jpg\",\"datePublished\":\"2024-04-17T10:20:01+00:00\",\"dateModified\":\"2026-02-05T22:27:36+00:00\",\"breadcrumb\":{\"@id\":\"https:\/\/creativityshop.eu\/pl\/product\/rose-gold-plated-cup-chain-with-white-opal-rhinestones-ss6-2mm\/#breadcrumb\"},\"inLanguage\":\"pl-PL\",\"potentialAction\":[{\"@type\":\"ReadAction\",\"target\":[\"https:\/\/creativityshop.eu\/pl\/product\/rose-gold-plated-cup-chain-with-white-opal-rhinestones-ss6-2mm\/\"]}]},{\"@type\":\"ImageObject\",\"inLanguage\":\"pl-PL\",\"@id\":\"https:\/\/creativityshop.eu\/pl\/product\/rose-gold-plated-cup-chain-with-white-opal-rhinestones-ss6-2mm\/#primaryimage\",\"url\":\"https:\/\/creativityshop.eu\/wp-content\/uploads\/2024\/04\/img_20240416_174031-scaled.jpg\",\"contentUrl\":\"https:\/\/creativityshop.eu\/wp-content\/uploads\/2024\/04\/img_20240416_174031-scaled.jpg\",\"width\":2560,\"height\":2560,\"caption\":\"Rose Gold Plated Cup Chain with White Opal Rhinestones, SS6 (2mm)\"},{\"@type\":\"BreadcrumbList\",\"@id\":\"https:\/\/creativityshop.eu\/pl\/product\/rose-gold-plated-cup-chain-with-white-opal-rhinestones-ss6-2mm\/#breadcrumb\",\"itemListElement\":[{\"@type\":\"ListItem\",\"position\":1,\"name\":\"Home\",\"item\":\"https:\/\/creativityshop.eu\/pl\/\"},{\"@type\":\"ListItem\",\"position\":2,\"name\":\"Shop\",\"item\":\"https:\/\/creativityshop.eu\/shop\/\"},{\"@type\":\"ListItem\",\"position\":3,\"name\":\"Rose Gold Plated Cup Chain with White Opal Rhinestones, SS6 (2mm)\"}]},{\"@type\":\"WebSite\",\"@id\":\"https:\/\/creativityshop.eu\/pl\/#website\",\"url\":\"https:\/\/creativityshop.eu\/pl\/\",\"name\":\"CreativityShopEU\",\"description\":\"Embroidery and jewelry components\",\"publisher\":{\"@id\":\"https:\/\/creativityshop.eu\/pl\/#organization\"},\"potentialAction\":[{\"@type\":\"SearchAction\",\"target\":{\"@type\":\"EntryPoint\",\"urlTemplate\":\"https:\/\/creativityshop.eu\/pl\/?s={search_term_string}\"},\"query-input\":{\"@type\":\"PropertyValueSpecification\",\"valueRequired\":true,\"valueName\":\"search_term_string\"}}],\"inLanguage\":\"pl-PL\"},{\"@type\":\"Organization\",\"@id\":\"https:\/\/creativityshop.eu\/pl\/#organization\",\"name\":\"Creativity Shop OU\",\"url\":\"https:\/\/creativityshop.eu\/pl\/\",\"logo\":{\"@type\":\"ImageObject\",\"inLanguage\":\"pl-PL\",\"@id\":\"https:\/\/creativityshop.eu\/pl\/#\/schema\/logo\/image\/\",\"url\":\"https:\/\/creativityshop.eu\/wp-content\/uploads\/2018\/11\/creativity_shop_logosite2.png\",\"contentUrl\":\"https:\/\/creativityshop.eu\/wp-content\/uploads\/2018\/11\/creativity_shop_logosite2.png\",\"width\":2871,\"height\":1100,\"caption\":\"Creativity Shop OU\"},\"image\":{\"@id\":\"https:\/\/creativityshop.eu\/pl\/#\/schema\/logo\/image\/\"}}]}<\/script>\n<meta property=\"product:price:amount\" content=\"2.50\" \/>\n<meta property=\"product:price:currency\" content=\"EUR\" \/>\n<meta property=\"og:availability\" content=\"instock\" \/>\n<meta property=\"product:availability\" content=\"instock\" \/>\n<meta property=\"product:retailer_item_id\" content=\"CC206\" \/>\n<meta property=\"product:condition\" content=\"new\" \/>\n<!-- \/ Yoast SEO Premium plugin. -->","yoast_head_json":{"title":"Rose Gold Plated Cup Chain with White Opal Rhinestones, SS6 (2mm) - CreativityShopEU","robots":{"index":"noindex","follow":"follow"},"og_locale":"pl_PL","og_type":"article","og_title":"Rose Gold Plated Cup Chain with White Opal Rhinestones, SS6 (2mm)","og_description":"Rhinestone Cup Chain Stone size: SS6 (2 mm) Stone color: White Opal Base color: Rose Gold Sold per: 1 meter","og_url":"https:\/\/creativityshop.eu\/pl\/product\/rose-gold-plated-cup-chain-with-white-opal-rhinestones-ss6-2mm\/","og_site_name":"CreativityShopEU","article_modified_time":"2026-02-05T22:27:36+00:00","og_image":[{"width":2560,"height":2560,"url":"https:\/\/creativityshop.eu\/wp-content\/uploads\/2024\/04\/img_20240416_174031-scaled.jpg","type":"image\/jpeg"}],"twitter_card":"summary_large_image","twitter_misc":{"Cena":"&euro;2.50","Dost\u0119pno\u015b\u0107":"Dost\u0119pny"},"schema":{"@context":"https:\/\/schema.org","@graph":[{"@type":"WebPage","@id":"https:\/\/creativityshop.eu\/pl\/product\/rose-gold-plated-cup-chain-with-white-opal-rhinestones-ss6-2mm\/","url":"https:\/\/creativityshop.eu\/pl\/product\/rose-gold-plated-cup-chain-with-white-opal-rhinestones-ss6-2mm\/","name":"Rose Gold Plated Cup Chain with White Opal Rhinestones, SS6 (2mm) - CreativityShopEU","isPartOf":{"@id":"https:\/\/creativityshop.eu\/pl\/#website"},"primaryImageOfPage":{"@id":"https:\/\/creativityshop.eu\/pl\/product\/rose-gold-plated-cup-chain-with-white-opal-rhinestones-ss6-2mm\/#primaryimage"},"image":{"@id":"https:\/\/creativityshop.eu\/pl\/product\/rose-gold-plated-cup-chain-with-white-opal-rhinestones-ss6-2mm\/#primaryimage"},"thumbnailUrl":"https:\/\/creativityshop.eu\/wp-content\/uploads\/2024\/04\/img_20240416_174031-scaled.jpg","datePublished":"2024-04-17T10:20:01+00:00","dateModified":"2026-02-05T22:27:36+00:00","breadcrumb":{"@id":"https:\/\/creativityshop.eu\/pl\/product\/rose-gold-plated-cup-chain-with-white-opal-rhinestones-ss6-2mm\/#breadcrumb"},"inLanguage":"pl-PL","potentialAction":[{"@type":"ReadAction","target":["https:\/\/creativityshop.eu\/pl\/product\/rose-gold-plated-cup-chain-with-white-opal-rhinestones-ss6-2mm\/"]}]},{"@type":"ImageObject","inLanguage":"pl-PL","@id":"https:\/\/creativityshop.eu\/pl\/product\/rose-gold-plated-cup-chain-with-white-opal-rhinestones-ss6-2mm\/#primaryimage","url":"https:\/\/creativityshop.eu\/wp-content\/uploads\/2024\/04\/img_20240416_174031-scaled.jpg","contentUrl":"https:\/\/creativityshop.eu\/wp-content\/uploads\/2024\/04\/img_20240416_174031-scaled.jpg","width":2560,"height":2560,"caption":"Rose Gold Plated Cup Chain with White Opal Rhinestones, SS6 (2mm)"},{"@type":"BreadcrumbList","@id":"https:\/\/creativityshop.eu\/pl\/product\/rose-gold-plated-cup-chain-with-white-opal-rhinestones-ss6-2mm\/#breadcrumb","itemListElement":[{"@type":"ListItem","position":1,"name":"Home","item":"https:\/\/creativityshop.eu\/pl\/"},{"@type":"ListItem","position":2,"name":"Shop","item":"https:\/\/creativityshop.eu\/shop\/"},{"@type":"ListItem","position":3,"name":"Rose Gold Plated Cup Chain with White Opal Rhinestones, SS6 (2mm)"}]},{"@type":"WebSite","@id":"https:\/\/creativityshop.eu\/pl\/#website","url":"https:\/\/creativityshop.eu\/pl\/","name":"CreativityShopEU","description":"Embroidery and jewelry components","publisher":{"@id":"https:\/\/creativityshop.eu\/pl\/#organization"},"potentialAction":[{"@type":"SearchAction","target":{"@type":"EntryPoint","urlTemplate":"https:\/\/creativityshop.eu\/pl\/?s={search_term_string}"},"query-input":{"@type":"PropertyValueSpecification","valueRequired":true,"valueName":"search_term_string"}}],"inLanguage":"pl-PL"},{"@type":"Organization","@id":"https:\/\/creativityshop.eu\/pl\/#organization","name":"Creativity Shop OU","url":"https:\/\/creativityshop.eu\/pl\/","logo":{"@type":"ImageObject","inLanguage":"pl-PL","@id":"https:\/\/creativityshop.eu\/pl\/#\/schema\/logo\/image\/","url":"https:\/\/creativityshop.eu\/wp-content\/uploads\/2018\/11\/creativity_shop_logosite2.png","contentUrl":"https:\/\/creativityshop.eu\/wp-content\/uploads\/2018\/11\/creativity_shop_logosite2.png","width":2871,"height":1100,"caption":"Creativity Shop OU"},"image":{"@id":"https:\/\/creativityshop.eu\/pl\/#\/schema\/logo\/image\/"}}]},"product_price_amount":"2.50","product_price_currency":"EUR","og_availability":"instock","product_availability":"instock","product_retailer_item_id":"CC206","product_condition":"new"},"_links":{"self":[{"href":"https:\/\/creativityshop.eu\/pl\/wp-json\/wp\/v2\/product\/42570","targetHints":{"allow":["GET"]}}],"collection":[{"href":"https:\/\/creativityshop.eu\/pl\/wp-json\/wp\/v2\/product"}],"about":[{"href":"https:\/\/creativityshop.eu\/pl\/wp-json\/wp\/v2\/types\/product"}],"wp:featuredmedia":[{"embeddable":true,"href":"https:\/\/creativityshop.eu\/pl\/wp-json\/wp\/v2\/media\/42572"}],"wp:attachment":[{"href":"https:\/\/creativityshop.eu\/pl\/wp-json\/wp\/v2\/media?parent=42570"}],"wp:term":[{"taxonomy":"product_brand","embeddable":true,"href":"https:\/\/creativityshop.eu\/pl\/wp-json\/wp\/v2\/product_brand?post=42570"},{"taxonomy":"product_cat","embeddable":true,"href":"https:\/\/creativityshop.eu\/pl\/wp-json\/wp\/v2\/product_cat?post=42570"},{"taxonomy":"product_tag","embeddable":true,"href":"https:\/\/creativityshop.eu\/pl\/wp-json\/wp\/v2\/product_tag?post=42570"}],"curies":[{"name":"wp","href":"https:\/\/api.w.org\/{rel}","templated":true}]}}