{"id":42268,"date":"2024-02-16T11:10:21","date_gmt":"2024-02-16T08:10:21","guid":{"rendered":"https:\/\/creativityshop.eu\/?post_type=product&#038;p=42268"},"modified":"2024-03-01T11:33:50","modified_gmt":"2024-03-01T08:33:50","slug":"flat-glitter-sequins-paillettes-brown-color-4-mm","status":"publish","type":"product","link":"https:\/\/creativityshop.eu\/pl\/product\/flat-glitter-sequins-paillettes-brown-color-4-mm\/","title":{"rendered":"Flat Glitter Sequins\/Paillettes, Brown Color, 4 mm"},"content":{"rendered":"","protected":false},"excerpt":{"rendered":"<p><strong>Flat sequins with glitter effect with one hole in the center<\/strong><br \/>\nSize: 4 mm<br \/>\nColor: Brown with a glitter effect<br \/>\nSold per: 3 gr<\/p>\n","protected":false},"featured_media":42270,"template":"","meta":{"_acf_changed":false,"_exactmetrics_skip_tracking":false,"_exactmetrics_sitenote_active":false,"_exactmetrics_sitenote_note":"","_exactmetrics_sitenote_category":0},"product_brand":[],"product_cat":[274,276],"product_tag":[580],"class_list":{"0":"post-42268","1":"product","2":"type-product","3":"status-publish","4":"has-post-thumbnail","6":"product_cat-sequins","7":"product_cat-flat-sequins","8":"product_tag-loose-sequins","10":"first","11":"instock","12":"taxable","13":"shipping-taxable","14":"purchasable","15":"product-type-simple","16":"add-to-wishlist-after_add_to_cart"},"acf":[],"yoast_head":"<!-- This site is optimized with the Yoast SEO Premium plugin v27.0 (Yoast SEO v27.0) - https:\/\/yoast.com\/product\/yoast-seo-premium-wordpress\/ -->\n<title>Flat Glitter Sequins\/Paillettes, Brown Color, 4 mm - CreativityShopEU<\/title>\n<meta name=\"robots\" content=\"noindex, follow\" \/>\n<meta property=\"og:locale\" content=\"pl_PL\" \/>\n<meta property=\"og:type\" content=\"article\" \/>\n<meta property=\"og:title\" content=\"Flat Glitter Sequins\/Paillettes, Brown Color, 4 mm\" \/>\n<meta property=\"og:description\" content=\"Flat sequins with glitter effect with one hole in the center Size: 4 mm Color: Brown with a glitter effect Sold per: 3 gr\" \/>\n<meta property=\"og:url\" content=\"https:\/\/creativityshop.eu\/pl\/product\/flat-glitter-sequins-paillettes-brown-color-4-mm\/\" \/>\n<meta property=\"og:site_name\" content=\"CreativityShopEU\" \/>\n<meta property=\"article:modified_time\" content=\"2024-03-01T08:33:50+00:00\" \/>\n<meta property=\"og:image\" content=\"https:\/\/creativityshop.eu\/wp-content\/uploads\/2024\/02\/img_20240215_173117-1-scaled.jpg\" \/>\n\t<meta property=\"og:image:width\" content=\"2560\" \/>\n\t<meta property=\"og:image:height\" content=\"2432\" \/>\n\t<meta property=\"og:image:type\" content=\"image\/jpeg\" \/>\n<meta name=\"twitter:card\" content=\"summary_large_image\" \/>\n<meta name=\"twitter:label1\" content=\"Cena\" \/>\n\t<meta name=\"twitter:data1\" content=\"&euro;1.00\" \/>\n\t<meta name=\"twitter:label2\" content=\"Dost\u0119pno\u015b\u0107\" \/>\n\t<meta name=\"twitter:data2\" content=\"Dost\u0119pny\" \/>\n<script type=\"application\/ld+json\" class=\"yoast-schema-graph\">{\"@context\":\"https:\/\/schema.org\",\"@graph\":[{\"@type\":\"WebPage\",\"@id\":\"https:\/\/creativityshop.eu\/pl\/product\/flat-glitter-sequins-paillettes-brown-color-4-mm\/\",\"url\":\"https:\/\/creativityshop.eu\/pl\/product\/flat-glitter-sequins-paillettes-brown-color-4-mm\/\",\"name\":\"Flat Glitter Sequins\/Paillettes, Brown Color, 4 mm - CreativityShopEU\",\"isPartOf\":{\"@id\":\"https:\/\/creativityshop.eu\/pl\/#website\"},\"primaryImageOfPage\":{\"@id\":\"https:\/\/creativityshop.eu\/pl\/product\/flat-glitter-sequins-paillettes-brown-color-4-mm\/#primaryimage\"},\"image\":{\"@id\":\"https:\/\/creativityshop.eu\/pl\/product\/flat-glitter-sequins-paillettes-brown-color-4-mm\/#primaryimage\"},\"thumbnailUrl\":\"https:\/\/creativityshop.eu\/wp-content\/uploads\/2024\/02\/img_20240215_173117-1-scaled.jpg\",\"datePublished\":\"2024-02-16T08:10:21+00:00\",\"dateModified\":\"2024-03-01T08:33:50+00:00\",\"breadcrumb\":{\"@id\":\"https:\/\/creativityshop.eu\/pl\/product\/flat-glitter-sequins-paillettes-brown-color-4-mm\/#breadcrumb\"},\"inLanguage\":\"pl-PL\",\"potentialAction\":[{\"@type\":\"ReadAction\",\"target\":[\"https:\/\/creativityshop.eu\/pl\/product\/flat-glitter-sequins-paillettes-brown-color-4-mm\/\"]}]},{\"@type\":\"ImageObject\",\"inLanguage\":\"pl-PL\",\"@id\":\"https:\/\/creativityshop.eu\/pl\/product\/flat-glitter-sequins-paillettes-brown-color-4-mm\/#primaryimage\",\"url\":\"https:\/\/creativityshop.eu\/wp-content\/uploads\/2024\/02\/img_20240215_173117-1-scaled.jpg\",\"contentUrl\":\"https:\/\/creativityshop.eu\/wp-content\/uploads\/2024\/02\/img_20240215_173117-1-scaled.jpg\",\"width\":2560,\"height\":2432,\"caption\":\"Flat Glitter Sequins\/Paillettes, Brown Color, 4 mm\"},{\"@type\":\"BreadcrumbList\",\"@id\":\"https:\/\/creativityshop.eu\/pl\/product\/flat-glitter-sequins-paillettes-brown-color-4-mm\/#breadcrumb\",\"itemListElement\":[{\"@type\":\"ListItem\",\"position\":1,\"name\":\"Home\",\"item\":\"https:\/\/creativityshop.eu\/pl\/\"},{\"@type\":\"ListItem\",\"position\":2,\"name\":\"Shop\",\"item\":\"https:\/\/creativityshop.eu\/shop\/\"},{\"@type\":\"ListItem\",\"position\":3,\"name\":\"Flat Glitter Sequins\/Paillettes, Brown Color, 4 mm\"}]},{\"@type\":\"WebSite\",\"@id\":\"https:\/\/creativityshop.eu\/pl\/#website\",\"url\":\"https:\/\/creativityshop.eu\/pl\/\",\"name\":\"CreativityShopEU\",\"description\":\"Embroidery and jewelry components\",\"publisher\":{\"@id\":\"https:\/\/creativityshop.eu\/pl\/#organization\"},\"potentialAction\":[{\"@type\":\"SearchAction\",\"target\":{\"@type\":\"EntryPoint\",\"urlTemplate\":\"https:\/\/creativityshop.eu\/pl\/?s={search_term_string}\"},\"query-input\":{\"@type\":\"PropertyValueSpecification\",\"valueRequired\":true,\"valueName\":\"search_term_string\"}}],\"inLanguage\":\"pl-PL\"},{\"@type\":\"Organization\",\"@id\":\"https:\/\/creativityshop.eu\/pl\/#organization\",\"name\":\"Creativity Shop OU\",\"url\":\"https:\/\/creativityshop.eu\/pl\/\",\"logo\":{\"@type\":\"ImageObject\",\"inLanguage\":\"pl-PL\",\"@id\":\"https:\/\/creativityshop.eu\/pl\/#\/schema\/logo\/image\/\",\"url\":\"https:\/\/creativityshop.eu\/wp-content\/uploads\/2018\/11\/creativity_shop_logosite2.png\",\"contentUrl\":\"https:\/\/creativityshop.eu\/wp-content\/uploads\/2018\/11\/creativity_shop_logosite2.png\",\"width\":2871,\"height\":1100,\"caption\":\"Creativity Shop OU\"},\"image\":{\"@id\":\"https:\/\/creativityshop.eu\/pl\/#\/schema\/logo\/image\/\"}}]}<\/script>\n<meta property=\"product:price:amount\" content=\"1.00\" \/>\n<meta property=\"product:price:currency\" content=\"EUR\" \/>\n<meta property=\"og:availability\" content=\"instock\" \/>\n<meta property=\"product:availability\" content=\"instock\" \/>\n<meta property=\"product:retailer_item_id\" content=\"GS022\" \/>\n<meta property=\"product:condition\" content=\"new\" \/>\n<!-- \/ Yoast SEO Premium plugin. -->","yoast_head_json":{"title":"Flat Glitter Sequins\/Paillettes, Brown Color, 4 mm - CreativityShopEU","robots":{"index":"noindex","follow":"follow"},"og_locale":"pl_PL","og_type":"article","og_title":"Flat Glitter Sequins\/Paillettes, Brown Color, 4 mm","og_description":"Flat sequins with glitter effect with one hole in the center Size: 4 mm Color: Brown with a glitter effect Sold per: 3 gr","og_url":"https:\/\/creativityshop.eu\/pl\/product\/flat-glitter-sequins-paillettes-brown-color-4-mm\/","og_site_name":"CreativityShopEU","article_modified_time":"2024-03-01T08:33:50+00:00","og_image":[{"width":2560,"height":2432,"url":"https:\/\/creativityshop.eu\/wp-content\/uploads\/2024\/02\/img_20240215_173117-1-scaled.jpg","type":"image\/jpeg"}],"twitter_card":"summary_large_image","twitter_misc":{"Cena":"&euro;1.00","Dost\u0119pno\u015b\u0107":"Dost\u0119pny"},"schema":{"@context":"https:\/\/schema.org","@graph":[{"@type":"WebPage","@id":"https:\/\/creativityshop.eu\/pl\/product\/flat-glitter-sequins-paillettes-brown-color-4-mm\/","url":"https:\/\/creativityshop.eu\/pl\/product\/flat-glitter-sequins-paillettes-brown-color-4-mm\/","name":"Flat Glitter Sequins\/Paillettes, Brown Color, 4 mm - CreativityShopEU","isPartOf":{"@id":"https:\/\/creativityshop.eu\/pl\/#website"},"primaryImageOfPage":{"@id":"https:\/\/creativityshop.eu\/pl\/product\/flat-glitter-sequins-paillettes-brown-color-4-mm\/#primaryimage"},"image":{"@id":"https:\/\/creativityshop.eu\/pl\/product\/flat-glitter-sequins-paillettes-brown-color-4-mm\/#primaryimage"},"thumbnailUrl":"https:\/\/creativityshop.eu\/wp-content\/uploads\/2024\/02\/img_20240215_173117-1-scaled.jpg","datePublished":"2024-02-16T08:10:21+00:00","dateModified":"2024-03-01T08:33:50+00:00","breadcrumb":{"@id":"https:\/\/creativityshop.eu\/pl\/product\/flat-glitter-sequins-paillettes-brown-color-4-mm\/#breadcrumb"},"inLanguage":"pl-PL","potentialAction":[{"@type":"ReadAction","target":["https:\/\/creativityshop.eu\/pl\/product\/flat-glitter-sequins-paillettes-brown-color-4-mm\/"]}]},{"@type":"ImageObject","inLanguage":"pl-PL","@id":"https:\/\/creativityshop.eu\/pl\/product\/flat-glitter-sequins-paillettes-brown-color-4-mm\/#primaryimage","url":"https:\/\/creativityshop.eu\/wp-content\/uploads\/2024\/02\/img_20240215_173117-1-scaled.jpg","contentUrl":"https:\/\/creativityshop.eu\/wp-content\/uploads\/2024\/02\/img_20240215_173117-1-scaled.jpg","width":2560,"height":2432,"caption":"Flat Glitter Sequins\/Paillettes, Brown Color, 4 mm"},{"@type":"BreadcrumbList","@id":"https:\/\/creativityshop.eu\/pl\/product\/flat-glitter-sequins-paillettes-brown-color-4-mm\/#breadcrumb","itemListElement":[{"@type":"ListItem","position":1,"name":"Home","item":"https:\/\/creativityshop.eu\/pl\/"},{"@type":"ListItem","position":2,"name":"Shop","item":"https:\/\/creativityshop.eu\/shop\/"},{"@type":"ListItem","position":3,"name":"Flat Glitter Sequins\/Paillettes, Brown Color, 4 mm"}]},{"@type":"WebSite","@id":"https:\/\/creativityshop.eu\/pl\/#website","url":"https:\/\/creativityshop.eu\/pl\/","name":"CreativityShopEU","description":"Embroidery and jewelry components","publisher":{"@id":"https:\/\/creativityshop.eu\/pl\/#organization"},"potentialAction":[{"@type":"SearchAction","target":{"@type":"EntryPoint","urlTemplate":"https:\/\/creativityshop.eu\/pl\/?s={search_term_string}"},"query-input":{"@type":"PropertyValueSpecification","valueRequired":true,"valueName":"search_term_string"}}],"inLanguage":"pl-PL"},{"@type":"Organization","@id":"https:\/\/creativityshop.eu\/pl\/#organization","name":"Creativity Shop OU","url":"https:\/\/creativityshop.eu\/pl\/","logo":{"@type":"ImageObject","inLanguage":"pl-PL","@id":"https:\/\/creativityshop.eu\/pl\/#\/schema\/logo\/image\/","url":"https:\/\/creativityshop.eu\/wp-content\/uploads\/2018\/11\/creativity_shop_logosite2.png","contentUrl":"https:\/\/creativityshop.eu\/wp-content\/uploads\/2018\/11\/creativity_shop_logosite2.png","width":2871,"height":1100,"caption":"Creativity Shop OU"},"image":{"@id":"https:\/\/creativityshop.eu\/pl\/#\/schema\/logo\/image\/"}}]},"product_price_amount":"1.00","product_price_currency":"EUR","og_availability":"instock","product_availability":"instock","product_retailer_item_id":"GS022","product_condition":"new"},"_links":{"self":[{"href":"https:\/\/creativityshop.eu\/pl\/wp-json\/wp\/v2\/product\/42268","targetHints":{"allow":["GET"]}}],"collection":[{"href":"https:\/\/creativityshop.eu\/pl\/wp-json\/wp\/v2\/product"}],"about":[{"href":"https:\/\/creativityshop.eu\/pl\/wp-json\/wp\/v2\/types\/product"}],"wp:featuredmedia":[{"embeddable":true,"href":"https:\/\/creativityshop.eu\/pl\/wp-json\/wp\/v2\/media\/42270"}],"wp:attachment":[{"href":"https:\/\/creativityshop.eu\/pl\/wp-json\/wp\/v2\/media?parent=42268"}],"wp:term":[{"taxonomy":"product_brand","embeddable":true,"href":"https:\/\/creativityshop.eu\/pl\/wp-json\/wp\/v2\/product_brand?post=42268"},{"taxonomy":"product_cat","embeddable":true,"href":"https:\/\/creativityshop.eu\/pl\/wp-json\/wp\/v2\/product_cat?post=42268"},{"taxonomy":"product_tag","embeddable":true,"href":"https:\/\/creativityshop.eu\/pl\/wp-json\/wp\/v2\/product_tag?post=42268"}],"curies":[{"name":"wp","href":"https:\/\/api.w.org\/{rel}","templated":true}]}}