{"id":4147,"date":"2019-01-15T02:18:53","date_gmt":"2019-01-14T23:18:53","guid":{"rendered":"https:\/\/creativityshop.eu\/product\/french-flat-sequins-paillettes-oriental-light-chartreuse-colour-sequins-4-mm-made-in-france-by-langlois-martin\/"},"modified":"2026-03-09T16:22:13","modified_gmt":"2026-03-09T13:22:13","slug":"french-flat-sequins-paillettes-oriental-light-chartreuse-5050-sequins-made-in-france-by-langlois-martin","status":"publish","type":"product","link":"https:\/\/creativityshop.eu\/pl\/product\/french-flat-sequins-paillettes-oriental-light-chartreuse-5050-sequins-made-in-france-by-langlois-martin\/","title":{"rendered":"French Flat Sequins\/Paillettes, Oriental Light Chartreuse (#5050) sequins, Made in France by Langlois-Martin"},"content":{"rendered":"<p>Here you can buy french flat round light chartreuse coloured sequins\/paillettes from &#8222;Oriental&#8221; series. These are 4 mm in diameter with one hole in the center made by Langlois-Martin.<br \/>\nLanglois-Martin sequins are very popular for their high quality and unique colors. They are widely used in embroidery and jewelry making. You can always shop online for a wide range of French sequins with worldwide delivery, and experience a great service at Creativity Shop.<br \/>\nProduct images are for illustrative purposes only and may differ from the actual product. Due to differences in monitors and lightening, colours of products may also appear different to those shown on the site.<\/p>\n","protected":false},"excerpt":{"rendered":"<p><strong>Oriental-style flat sequins with 1 hole in the center<\/strong><br \/>\nSize: 3 mm, 4 mm<br \/>\nColor: Light Chartreuse with rainbow aspect (#5050)<br \/>\nProduced in: France, Langlois-Martin<br \/>\nSold per: 1000 pieces \/ One strand<\/p>\n","protected":false},"featured_media":3469,"template":"","meta":{"_acf_changed":false,"_exactmetrics_skip_tracking":false,"_exactmetrics_sitenote_active":false,"_exactmetrics_sitenote_note":"","_exactmetrics_sitenote_category":0},"product_brand":[],"product_cat":[274,276],"product_tag":[578],"class_list":{"0":"post-4147","1":"product","2":"type-product","3":"status-publish","4":"has-post-thumbnail","6":"product_cat-sequins","7":"product_cat-flat-sequins","8":"product_tag-strung-sequins","10":"first","11":"instock","12":"taxable","13":"shipping-taxable","14":"purchasable","15":"product-type-variable","16":"wvs-archive-product-wrapper","17":"add-to-wishlist-after_add_to_cart"},"acf":[],"yoast_head":"<!-- This site is optimized with the Yoast SEO Premium plugin v27.0 (Yoast SEO v27.0) - https:\/\/yoast.com\/product\/yoast-seo-premium-wordpress\/ -->\n<title>French Flat Sequins\/Paillettes, Oriental Light Chartreuse (#5050) sequins, Made in France by Langlois-Martin - CreativityShopEU<\/title>\n<meta name=\"robots\" content=\"noindex, follow\" \/>\n<meta property=\"og:locale\" content=\"pl_PL\" \/>\n<meta property=\"og:type\" content=\"article\" \/>\n<meta property=\"og:title\" content=\"French Flat Sequins\/Paillettes, Oriental Light Chartreuse (#5050) sequins, Made in France by Langlois-Martin\" \/>\n<meta property=\"og:description\" content=\"Oriental-style flat sequins with 1 hole in the center Size: 3 mm, 4 mm Color: Light Chartreuse with rainbow aspect (#5050) Produced in: France, Langlois-Martin Sold per: 1000 pieces \/ One strand\" \/>\n<meta property=\"og:url\" content=\"https:\/\/creativityshop.eu\/pl\/product\/french-flat-sequins-paillettes-oriental-light-chartreuse-5050-sequins-made-in-france-by-langlois-martin\/\" \/>\n<meta property=\"og:site_name\" content=\"CreativityShopEU\" \/>\n<meta property=\"article:modified_time\" content=\"2026-03-09T13:22:13+00:00\" \/>\n<meta property=\"og:image\" content=\"https:\/\/creativityshop.eu\/wp-content\/uploads\/2019\/01\/french-oriental-sequins-langlois-martin-sfo17.jpg\" \/>\n\t<meta property=\"og:image:width\" content=\"768\" \/>\n\t<meta property=\"og:image:height\" content=\"768\" \/>\n\t<meta property=\"og:image:type\" content=\"image\/jpeg\" \/>\n<meta name=\"twitter:card\" content=\"summary_large_image\" \/>\n<meta name=\"twitter:label1\" content=\"Dost\u0119pno\u015b\u0107\" \/>\n\t<meta name=\"twitter:data1\" content=\"Dost\u0119pny\" \/>\n<script type=\"application\/ld+json\" class=\"yoast-schema-graph\">{\"@context\":\"https:\/\/schema.org\",\"@graph\":[{\"@type\":\"WebPage\",\"@id\":\"https:\/\/creativityshop.eu\/pl\/product\/french-flat-sequins-paillettes-oriental-light-chartreuse-5050-sequins-made-in-france-by-langlois-martin\/\",\"url\":\"https:\/\/creativityshop.eu\/pl\/product\/french-flat-sequins-paillettes-oriental-light-chartreuse-5050-sequins-made-in-france-by-langlois-martin\/\",\"name\":\"French Flat Sequins\/Paillettes, Oriental Light Chartreuse (#5050) sequins, Made in France by Langlois-Martin - CreativityShopEU\",\"isPartOf\":{\"@id\":\"https:\/\/creativityshop.eu\/pl\/#website\"},\"primaryImageOfPage\":{\"@id\":\"https:\/\/creativityshop.eu\/pl\/product\/french-flat-sequins-paillettes-oriental-light-chartreuse-5050-sequins-made-in-france-by-langlois-martin\/#primaryimage\"},\"image\":{\"@id\":\"https:\/\/creativityshop.eu\/pl\/product\/french-flat-sequins-paillettes-oriental-light-chartreuse-5050-sequins-made-in-france-by-langlois-martin\/#primaryimage\"},\"thumbnailUrl\":\"https:\/\/creativityshop.eu\/wp-content\/uploads\/2019\/01\/french-oriental-sequins-langlois-martin-sfo17.jpg\",\"datePublished\":\"2019-01-14T23:18:53+00:00\",\"dateModified\":\"2026-03-09T13:22:13+00:00\",\"breadcrumb\":{\"@id\":\"https:\/\/creativityshop.eu\/pl\/product\/french-flat-sequins-paillettes-oriental-light-chartreuse-5050-sequins-made-in-france-by-langlois-martin\/#breadcrumb\"},\"inLanguage\":\"pl-PL\",\"potentialAction\":[{\"@type\":\"ReadAction\",\"target\":[\"https:\/\/creativityshop.eu\/pl\/product\/french-flat-sequins-paillettes-oriental-light-chartreuse-5050-sequins-made-in-france-by-langlois-martin\/\"]}]},{\"@type\":\"ImageObject\",\"inLanguage\":\"pl-PL\",\"@id\":\"https:\/\/creativityshop.eu\/pl\/product\/french-flat-sequins-paillettes-oriental-light-chartreuse-5050-sequins-made-in-france-by-langlois-martin\/#primaryimage\",\"url\":\"https:\/\/creativityshop.eu\/wp-content\/uploads\/2019\/01\/french-oriental-sequins-langlois-martin-sfo17.jpg\",\"contentUrl\":\"https:\/\/creativityshop.eu\/wp-content\/uploads\/2019\/01\/french-oriental-sequins-langlois-martin-sfo17.jpg\",\"width\":768,\"height\":768},{\"@type\":\"BreadcrumbList\",\"@id\":\"https:\/\/creativityshop.eu\/pl\/product\/french-flat-sequins-paillettes-oriental-light-chartreuse-5050-sequins-made-in-france-by-langlois-martin\/#breadcrumb\",\"itemListElement\":[{\"@type\":\"ListItem\",\"position\":1,\"name\":\"Home\",\"item\":\"https:\/\/creativityshop.eu\/pl\/\"},{\"@type\":\"ListItem\",\"position\":2,\"name\":\"Shop\",\"item\":\"https:\/\/creativityshop.eu\/shop\/\"},{\"@type\":\"ListItem\",\"position\":3,\"name\":\"French Flat Sequins\/Paillettes, Oriental Light Chartreuse (#5050) sequins, Made in France by Langlois-Martin\"}]},{\"@type\":\"WebSite\",\"@id\":\"https:\/\/creativityshop.eu\/pl\/#website\",\"url\":\"https:\/\/creativityshop.eu\/pl\/\",\"name\":\"CreativityShopEU\",\"description\":\"Embroidery and jewelry components\",\"publisher\":{\"@id\":\"https:\/\/creativityshop.eu\/pl\/#organization\"},\"potentialAction\":[{\"@type\":\"SearchAction\",\"target\":{\"@type\":\"EntryPoint\",\"urlTemplate\":\"https:\/\/creativityshop.eu\/pl\/?s={search_term_string}\"},\"query-input\":{\"@type\":\"PropertyValueSpecification\",\"valueRequired\":true,\"valueName\":\"search_term_string\"}}],\"inLanguage\":\"pl-PL\"},{\"@type\":\"Organization\",\"@id\":\"https:\/\/creativityshop.eu\/pl\/#organization\",\"name\":\"Creativity Shop OU\",\"url\":\"https:\/\/creativityshop.eu\/pl\/\",\"logo\":{\"@type\":\"ImageObject\",\"inLanguage\":\"pl-PL\",\"@id\":\"https:\/\/creativityshop.eu\/pl\/#\/schema\/logo\/image\/\",\"url\":\"https:\/\/creativityshop.eu\/wp-content\/uploads\/2018\/11\/creativity_shop_logosite2.png\",\"contentUrl\":\"https:\/\/creativityshop.eu\/wp-content\/uploads\/2018\/11\/creativity_shop_logosite2.png\",\"width\":2871,\"height\":1100,\"caption\":\"Creativity Shop OU\"},\"image\":{\"@id\":\"https:\/\/creativityshop.eu\/pl\/#\/schema\/logo\/image\/\"}}]}<\/script>\n<meta property=\"og:availability\" content=\"instock\" \/>\n<meta property=\"product:availability\" content=\"instock\" \/>\n<meta property=\"product:retailer_item_id\" content=\"SFO17\" \/>\n<meta property=\"product:condition\" content=\"new\" \/>\n<!-- \/ Yoast SEO Premium plugin. -->","yoast_head_json":{"title":"French Flat Sequins\/Paillettes, Oriental Light Chartreuse (#5050) sequins, Made in France by Langlois-Martin - CreativityShopEU","robots":{"index":"noindex","follow":"follow"},"og_locale":"pl_PL","og_type":"article","og_title":"French Flat Sequins\/Paillettes, Oriental Light Chartreuse (#5050) sequins, Made in France by Langlois-Martin","og_description":"Oriental-style flat sequins with 1 hole in the center Size: 3 mm, 4 mm Color: Light Chartreuse with rainbow aspect (#5050) Produced in: France, Langlois-Martin Sold per: 1000 pieces \/ One strand","og_url":"https:\/\/creativityshop.eu\/pl\/product\/french-flat-sequins-paillettes-oriental-light-chartreuse-5050-sequins-made-in-france-by-langlois-martin\/","og_site_name":"CreativityShopEU","article_modified_time":"2026-03-09T13:22:13+00:00","og_image":[{"width":768,"height":768,"url":"https:\/\/creativityshop.eu\/wp-content\/uploads\/2019\/01\/french-oriental-sequins-langlois-martin-sfo17.jpg","type":"image\/jpeg"}],"twitter_card":"summary_large_image","twitter_misc":{"Dost\u0119pno\u015b\u0107":"Dost\u0119pny"},"schema":{"@context":"https:\/\/schema.org","@graph":[{"@type":"WebPage","@id":"https:\/\/creativityshop.eu\/pl\/product\/french-flat-sequins-paillettes-oriental-light-chartreuse-5050-sequins-made-in-france-by-langlois-martin\/","url":"https:\/\/creativityshop.eu\/pl\/product\/french-flat-sequins-paillettes-oriental-light-chartreuse-5050-sequins-made-in-france-by-langlois-martin\/","name":"French Flat Sequins\/Paillettes, Oriental Light Chartreuse (#5050) sequins, Made in France by Langlois-Martin - CreativityShopEU","isPartOf":{"@id":"https:\/\/creativityshop.eu\/pl\/#website"},"primaryImageOfPage":{"@id":"https:\/\/creativityshop.eu\/pl\/product\/french-flat-sequins-paillettes-oriental-light-chartreuse-5050-sequins-made-in-france-by-langlois-martin\/#primaryimage"},"image":{"@id":"https:\/\/creativityshop.eu\/pl\/product\/french-flat-sequins-paillettes-oriental-light-chartreuse-5050-sequins-made-in-france-by-langlois-martin\/#primaryimage"},"thumbnailUrl":"https:\/\/creativityshop.eu\/wp-content\/uploads\/2019\/01\/french-oriental-sequins-langlois-martin-sfo17.jpg","datePublished":"2019-01-14T23:18:53+00:00","dateModified":"2026-03-09T13:22:13+00:00","breadcrumb":{"@id":"https:\/\/creativityshop.eu\/pl\/product\/french-flat-sequins-paillettes-oriental-light-chartreuse-5050-sequins-made-in-france-by-langlois-martin\/#breadcrumb"},"inLanguage":"pl-PL","potentialAction":[{"@type":"ReadAction","target":["https:\/\/creativityshop.eu\/pl\/product\/french-flat-sequins-paillettes-oriental-light-chartreuse-5050-sequins-made-in-france-by-langlois-martin\/"]}]},{"@type":"ImageObject","inLanguage":"pl-PL","@id":"https:\/\/creativityshop.eu\/pl\/product\/french-flat-sequins-paillettes-oriental-light-chartreuse-5050-sequins-made-in-france-by-langlois-martin\/#primaryimage","url":"https:\/\/creativityshop.eu\/wp-content\/uploads\/2019\/01\/french-oriental-sequins-langlois-martin-sfo17.jpg","contentUrl":"https:\/\/creativityshop.eu\/wp-content\/uploads\/2019\/01\/french-oriental-sequins-langlois-martin-sfo17.jpg","width":768,"height":768},{"@type":"BreadcrumbList","@id":"https:\/\/creativityshop.eu\/pl\/product\/french-flat-sequins-paillettes-oriental-light-chartreuse-5050-sequins-made-in-france-by-langlois-martin\/#breadcrumb","itemListElement":[{"@type":"ListItem","position":1,"name":"Home","item":"https:\/\/creativityshop.eu\/pl\/"},{"@type":"ListItem","position":2,"name":"Shop","item":"https:\/\/creativityshop.eu\/shop\/"},{"@type":"ListItem","position":3,"name":"French Flat Sequins\/Paillettes, Oriental Light Chartreuse (#5050) sequins, Made in France by Langlois-Martin"}]},{"@type":"WebSite","@id":"https:\/\/creativityshop.eu\/pl\/#website","url":"https:\/\/creativityshop.eu\/pl\/","name":"CreativityShopEU","description":"Embroidery and jewelry components","publisher":{"@id":"https:\/\/creativityshop.eu\/pl\/#organization"},"potentialAction":[{"@type":"SearchAction","target":{"@type":"EntryPoint","urlTemplate":"https:\/\/creativityshop.eu\/pl\/?s={search_term_string}"},"query-input":{"@type":"PropertyValueSpecification","valueRequired":true,"valueName":"search_term_string"}}],"inLanguage":"pl-PL"},{"@type":"Organization","@id":"https:\/\/creativityshop.eu\/pl\/#organization","name":"Creativity Shop OU","url":"https:\/\/creativityshop.eu\/pl\/","logo":{"@type":"ImageObject","inLanguage":"pl-PL","@id":"https:\/\/creativityshop.eu\/pl\/#\/schema\/logo\/image\/","url":"https:\/\/creativityshop.eu\/wp-content\/uploads\/2018\/11\/creativity_shop_logosite2.png","contentUrl":"https:\/\/creativityshop.eu\/wp-content\/uploads\/2018\/11\/creativity_shop_logosite2.png","width":2871,"height":1100,"caption":"Creativity Shop OU"},"image":{"@id":"https:\/\/creativityshop.eu\/pl\/#\/schema\/logo\/image\/"}}]},"og_availability":"instock","product_availability":"instock","product_retailer_item_id":"SFO17","product_condition":"new"},"_links":{"self":[{"href":"https:\/\/creativityshop.eu\/pl\/wp-json\/wp\/v2\/product\/4147","targetHints":{"allow":["GET"]}}],"collection":[{"href":"https:\/\/creativityshop.eu\/pl\/wp-json\/wp\/v2\/product"}],"about":[{"href":"https:\/\/creativityshop.eu\/pl\/wp-json\/wp\/v2\/types\/product"}],"wp:featuredmedia":[{"embeddable":true,"href":"https:\/\/creativityshop.eu\/pl\/wp-json\/wp\/v2\/media\/3469"}],"wp:attachment":[{"href":"https:\/\/creativityshop.eu\/pl\/wp-json\/wp\/v2\/media?parent=4147"}],"wp:term":[{"taxonomy":"product_brand","embeddable":true,"href":"https:\/\/creativityshop.eu\/pl\/wp-json\/wp\/v2\/product_brand?post=4147"},{"taxonomy":"product_cat","embeddable":true,"href":"https:\/\/creativityshop.eu\/pl\/wp-json\/wp\/v2\/product_cat?post=4147"},{"taxonomy":"product_tag","embeddable":true,"href":"https:\/\/creativityshop.eu\/pl\/wp-json\/wp\/v2\/product_tag?post=4147"}],"curies":[{"name":"wp","href":"https:\/\/api.w.org\/{rel}","templated":true}]}}