{"id":40730,"date":"2024-01-11T12:03:57","date_gmt":"2024-01-11T09:03:57","guid":{"rendered":"https:\/\/creativityshop.eu\/?post_type=product&#038;p=40730"},"modified":"2026-03-06T15:38:29","modified_gmt":"2026-03-06T12:38:29","slug":"hemline-rose-gold-premium-embroidery-scissors-6-7-cm-or-2-5","status":"publish","type":"product","link":"https:\/\/creativityshop.eu\/pl\/product\/hemline-rose-gold-premium-embroidery-scissors-6-7-cm-or-2-5\/","title":{"rendered":"Hemline Rose Gold Premium Embroidery Scissors, 6.7 cm or 2.5&#8243;"},"content":{"rendered":"<p>Product images are for illustrative purposes only and may differ from the actual product. Due to differences in monitors and lighting, the colors of products may also appear different from those shown on the site.<\/p>\n","protected":false},"excerpt":{"rendered":"<p><strong>Hemline Rose Gold Premium Embroidery Scissors<\/strong><\/p>\n<p>Size: 2.5 inches (6.7 cm)<br \/>\nMaterial: Stainless Steel<br \/>\nBrand: Hemline<br \/>\nPrice for 1 piece<\/p>\n","protected":false},"featured_media":40732,"template":"","meta":{"_acf_changed":false,"_exactmetrics_skip_tracking":false,"_exactmetrics_sitenote_active":false,"_exactmetrics_sitenote_note":"","_exactmetrics_sitenote_category":0},"product_brand":[],"product_cat":[404,412],"product_tag":[],"class_list":{"0":"post-40730","1":"product","2":"type-product","3":"status-publish","4":"has-post-thumbnail","6":"product_cat-tools","7":"product_cat-scissors","9":"first","10":"instock","11":"taxable","12":"shipping-taxable","13":"purchasable","14":"product-type-simple","15":"add-to-wishlist-after_add_to_cart"},"acf":[],"yoast_head":"<!-- This site is optimized with the Yoast SEO Premium plugin v27.0 (Yoast SEO v27.0) - https:\/\/yoast.com\/product\/yoast-seo-premium-wordpress\/ -->\n<title>Hemline Rose Gold Premium Embroidery Scissors, 6.7 cm or 2.5&quot; - CreativityShopEU<\/title>\n<meta name=\"robots\" content=\"noindex, follow\" \/>\n<meta property=\"og:locale\" content=\"pl_PL\" \/>\n<meta property=\"og:type\" content=\"article\" \/>\n<meta property=\"og:title\" content=\"Hemline Rose Gold Premium Embroidery Scissors, 6.7 cm or 2.5&quot;\" \/>\n<meta property=\"og:description\" content=\"Hemline Rose Gold Premium Embroidery Scissors  Size: 2.5 inches (6.7 cm) Material: Stainless Steel Brand: Hemline Price for 1 piece\" \/>\n<meta property=\"og:url\" content=\"https:\/\/creativityshop.eu\/pl\/product\/hemline-rose-gold-premium-embroidery-scissors-6-7-cm-or-2-5\/\" \/>\n<meta property=\"og:site_name\" content=\"CreativityShopEU\" \/>\n<meta property=\"article:modified_time\" content=\"2026-03-06T12:38:29+00:00\" \/>\n<meta property=\"og:image\" content=\"https:\/\/creativityshop.eu\/wp-content\/uploads\/2024\/01\/hemline-rose-gold-premium-embroidery-scissors-lg.jpg\" \/>\n\t<meta property=\"og:image:width\" content=\"600\" \/>\n\t<meta property=\"og:image:height\" content=\"600\" \/>\n\t<meta property=\"og:image:type\" content=\"image\/jpeg\" \/>\n<meta name=\"twitter:card\" content=\"summary_large_image\" \/>\n<meta name=\"twitter:label1\" content=\"Cena\" \/>\n\t<meta name=\"twitter:data1\" content=\"&euro;8.40\" \/>\n\t<meta name=\"twitter:label2\" content=\"Dost\u0119pno\u015b\u0107\" \/>\n\t<meta name=\"twitter:data2\" content=\"Dost\u0119pny\" \/>\n<script type=\"application\/ld+json\" class=\"yoast-schema-graph\">{\"@context\":\"https:\/\/schema.org\",\"@graph\":[{\"@type\":\"WebPage\",\"@id\":\"https:\/\/creativityshop.eu\/pl\/product\/hemline-rose-gold-premium-embroidery-scissors-6-7-cm-or-2-5\/\",\"url\":\"https:\/\/creativityshop.eu\/pl\/product\/hemline-rose-gold-premium-embroidery-scissors-6-7-cm-or-2-5\/\",\"name\":\"Hemline Rose Gold Premium Embroidery Scissors, 6.7 cm or 2.5\\\" - CreativityShopEU\",\"isPartOf\":{\"@id\":\"https:\/\/creativityshop.eu\/pl\/#website\"},\"primaryImageOfPage\":{\"@id\":\"https:\/\/creativityshop.eu\/pl\/product\/hemline-rose-gold-premium-embroidery-scissors-6-7-cm-or-2-5\/#primaryimage\"},\"image\":{\"@id\":\"https:\/\/creativityshop.eu\/pl\/product\/hemline-rose-gold-premium-embroidery-scissors-6-7-cm-or-2-5\/#primaryimage\"},\"thumbnailUrl\":\"https:\/\/creativityshop.eu\/wp-content\/uploads\/2024\/01\/hemline-rose-gold-premium-embroidery-scissors-lg.jpg\",\"datePublished\":\"2024-01-11T09:03:57+00:00\",\"dateModified\":\"2026-03-06T12:38:29+00:00\",\"breadcrumb\":{\"@id\":\"https:\/\/creativityshop.eu\/pl\/product\/hemline-rose-gold-premium-embroidery-scissors-6-7-cm-or-2-5\/#breadcrumb\"},\"inLanguage\":\"pl-PL\",\"potentialAction\":[{\"@type\":\"ReadAction\",\"target\":[\"https:\/\/creativityshop.eu\/pl\/product\/hemline-rose-gold-premium-embroidery-scissors-6-7-cm-or-2-5\/\"]}]},{\"@type\":\"ImageObject\",\"inLanguage\":\"pl-PL\",\"@id\":\"https:\/\/creativityshop.eu\/pl\/product\/hemline-rose-gold-premium-embroidery-scissors-6-7-cm-or-2-5\/#primaryimage\",\"url\":\"https:\/\/creativityshop.eu\/wp-content\/uploads\/2024\/01\/hemline-rose-gold-premium-embroidery-scissors-lg.jpg\",\"contentUrl\":\"https:\/\/creativityshop.eu\/wp-content\/uploads\/2024\/01\/hemline-rose-gold-premium-embroidery-scissors-lg.jpg\",\"width\":600,\"height\":600,\"caption\":\"Hemline Rose Gold Premium Embroidery Scissors, 6.7 cm or 2.5\\\"\"},{\"@type\":\"BreadcrumbList\",\"@id\":\"https:\/\/creativityshop.eu\/pl\/product\/hemline-rose-gold-premium-embroidery-scissors-6-7-cm-or-2-5\/#breadcrumb\",\"itemListElement\":[{\"@type\":\"ListItem\",\"position\":1,\"name\":\"Home\",\"item\":\"https:\/\/creativityshop.eu\/pl\/\"},{\"@type\":\"ListItem\",\"position\":2,\"name\":\"Shop\",\"item\":\"https:\/\/creativityshop.eu\/shop\/\"},{\"@type\":\"ListItem\",\"position\":3,\"name\":\"Hemline Rose Gold Premium Embroidery Scissors, 6.7 cm or 2.5&#8243;\"}]},{\"@type\":\"WebSite\",\"@id\":\"https:\/\/creativityshop.eu\/pl\/#website\",\"url\":\"https:\/\/creativityshop.eu\/pl\/\",\"name\":\"CreativityShopEU\",\"description\":\"Embroidery and jewelry components\",\"publisher\":{\"@id\":\"https:\/\/creativityshop.eu\/pl\/#organization\"},\"potentialAction\":[{\"@type\":\"SearchAction\",\"target\":{\"@type\":\"EntryPoint\",\"urlTemplate\":\"https:\/\/creativityshop.eu\/pl\/?s={search_term_string}\"},\"query-input\":{\"@type\":\"PropertyValueSpecification\",\"valueRequired\":true,\"valueName\":\"search_term_string\"}}],\"inLanguage\":\"pl-PL\"},{\"@type\":\"Organization\",\"@id\":\"https:\/\/creativityshop.eu\/pl\/#organization\",\"name\":\"Creativity Shop OU\",\"url\":\"https:\/\/creativityshop.eu\/pl\/\",\"logo\":{\"@type\":\"ImageObject\",\"inLanguage\":\"pl-PL\",\"@id\":\"https:\/\/creativityshop.eu\/pl\/#\/schema\/logo\/image\/\",\"url\":\"https:\/\/creativityshop.eu\/wp-content\/uploads\/2018\/11\/creativity_shop_logosite2.png\",\"contentUrl\":\"https:\/\/creativityshop.eu\/wp-content\/uploads\/2018\/11\/creativity_shop_logosite2.png\",\"width\":2871,\"height\":1100,\"caption\":\"Creativity Shop OU\"},\"image\":{\"@id\":\"https:\/\/creativityshop.eu\/pl\/#\/schema\/logo\/image\/\"}}]}<\/script>\n<meta property=\"product:price:amount\" content=\"8.40\" \/>\n<meta property=\"product:price:currency\" content=\"EUR\" \/>\n<meta property=\"og:availability\" content=\"instock\" \/>\n<meta property=\"product:availability\" content=\"instock\" \/>\n<meta property=\"product:retailer_item_id\" content=\"B5439\" \/>\n<meta property=\"product:condition\" content=\"new\" \/>\n<!-- \/ Yoast SEO Premium plugin. -->","yoast_head_json":{"title":"Hemline Rose Gold Premium Embroidery Scissors, 6.7 cm or 2.5\" - CreativityShopEU","robots":{"index":"noindex","follow":"follow"},"og_locale":"pl_PL","og_type":"article","og_title":"Hemline Rose Gold Premium Embroidery Scissors, 6.7 cm or 2.5\"","og_description":"Hemline Rose Gold Premium Embroidery Scissors  Size: 2.5 inches (6.7 cm) Material: Stainless Steel Brand: Hemline Price for 1 piece","og_url":"https:\/\/creativityshop.eu\/pl\/product\/hemline-rose-gold-premium-embroidery-scissors-6-7-cm-or-2-5\/","og_site_name":"CreativityShopEU","article_modified_time":"2026-03-06T12:38:29+00:00","og_image":[{"width":600,"height":600,"url":"https:\/\/creativityshop.eu\/wp-content\/uploads\/2024\/01\/hemline-rose-gold-premium-embroidery-scissors-lg.jpg","type":"image\/jpeg"}],"twitter_card":"summary_large_image","twitter_misc":{"Cena":"&euro;8.40","Dost\u0119pno\u015b\u0107":"Dost\u0119pny"},"schema":{"@context":"https:\/\/schema.org","@graph":[{"@type":"WebPage","@id":"https:\/\/creativityshop.eu\/pl\/product\/hemline-rose-gold-premium-embroidery-scissors-6-7-cm-or-2-5\/","url":"https:\/\/creativityshop.eu\/pl\/product\/hemline-rose-gold-premium-embroidery-scissors-6-7-cm-or-2-5\/","name":"Hemline Rose Gold Premium Embroidery Scissors, 6.7 cm or 2.5\" - CreativityShopEU","isPartOf":{"@id":"https:\/\/creativityshop.eu\/pl\/#website"},"primaryImageOfPage":{"@id":"https:\/\/creativityshop.eu\/pl\/product\/hemline-rose-gold-premium-embroidery-scissors-6-7-cm-or-2-5\/#primaryimage"},"image":{"@id":"https:\/\/creativityshop.eu\/pl\/product\/hemline-rose-gold-premium-embroidery-scissors-6-7-cm-or-2-5\/#primaryimage"},"thumbnailUrl":"https:\/\/creativityshop.eu\/wp-content\/uploads\/2024\/01\/hemline-rose-gold-premium-embroidery-scissors-lg.jpg","datePublished":"2024-01-11T09:03:57+00:00","dateModified":"2026-03-06T12:38:29+00:00","breadcrumb":{"@id":"https:\/\/creativityshop.eu\/pl\/product\/hemline-rose-gold-premium-embroidery-scissors-6-7-cm-or-2-5\/#breadcrumb"},"inLanguage":"pl-PL","potentialAction":[{"@type":"ReadAction","target":["https:\/\/creativityshop.eu\/pl\/product\/hemline-rose-gold-premium-embroidery-scissors-6-7-cm-or-2-5\/"]}]},{"@type":"ImageObject","inLanguage":"pl-PL","@id":"https:\/\/creativityshop.eu\/pl\/product\/hemline-rose-gold-premium-embroidery-scissors-6-7-cm-or-2-5\/#primaryimage","url":"https:\/\/creativityshop.eu\/wp-content\/uploads\/2024\/01\/hemline-rose-gold-premium-embroidery-scissors-lg.jpg","contentUrl":"https:\/\/creativityshop.eu\/wp-content\/uploads\/2024\/01\/hemline-rose-gold-premium-embroidery-scissors-lg.jpg","width":600,"height":600,"caption":"Hemline Rose Gold Premium Embroidery Scissors, 6.7 cm or 2.5\""},{"@type":"BreadcrumbList","@id":"https:\/\/creativityshop.eu\/pl\/product\/hemline-rose-gold-premium-embroidery-scissors-6-7-cm-or-2-5\/#breadcrumb","itemListElement":[{"@type":"ListItem","position":1,"name":"Home","item":"https:\/\/creativityshop.eu\/pl\/"},{"@type":"ListItem","position":2,"name":"Shop","item":"https:\/\/creativityshop.eu\/shop\/"},{"@type":"ListItem","position":3,"name":"Hemline Rose Gold Premium Embroidery Scissors, 6.7 cm or 2.5&#8243;"}]},{"@type":"WebSite","@id":"https:\/\/creativityshop.eu\/pl\/#website","url":"https:\/\/creativityshop.eu\/pl\/","name":"CreativityShopEU","description":"Embroidery and jewelry components","publisher":{"@id":"https:\/\/creativityshop.eu\/pl\/#organization"},"potentialAction":[{"@type":"SearchAction","target":{"@type":"EntryPoint","urlTemplate":"https:\/\/creativityshop.eu\/pl\/?s={search_term_string}"},"query-input":{"@type":"PropertyValueSpecification","valueRequired":true,"valueName":"search_term_string"}}],"inLanguage":"pl-PL"},{"@type":"Organization","@id":"https:\/\/creativityshop.eu\/pl\/#organization","name":"Creativity Shop OU","url":"https:\/\/creativityshop.eu\/pl\/","logo":{"@type":"ImageObject","inLanguage":"pl-PL","@id":"https:\/\/creativityshop.eu\/pl\/#\/schema\/logo\/image\/","url":"https:\/\/creativityshop.eu\/wp-content\/uploads\/2018\/11\/creativity_shop_logosite2.png","contentUrl":"https:\/\/creativityshop.eu\/wp-content\/uploads\/2018\/11\/creativity_shop_logosite2.png","width":2871,"height":1100,"caption":"Creativity Shop OU"},"image":{"@id":"https:\/\/creativityshop.eu\/pl\/#\/schema\/logo\/image\/"}}]},"product_price_amount":"8.40","product_price_currency":"EUR","og_availability":"instock","product_availability":"instock","product_retailer_item_id":"B5439","product_condition":"new"},"_links":{"self":[{"href":"https:\/\/creativityshop.eu\/pl\/wp-json\/wp\/v2\/product\/40730","targetHints":{"allow":["GET"]}}],"collection":[{"href":"https:\/\/creativityshop.eu\/pl\/wp-json\/wp\/v2\/product"}],"about":[{"href":"https:\/\/creativityshop.eu\/pl\/wp-json\/wp\/v2\/types\/product"}],"wp:featuredmedia":[{"embeddable":true,"href":"https:\/\/creativityshop.eu\/pl\/wp-json\/wp\/v2\/media\/40732"}],"wp:attachment":[{"href":"https:\/\/creativityshop.eu\/pl\/wp-json\/wp\/v2\/media?parent=40730"}],"wp:term":[{"taxonomy":"product_brand","embeddable":true,"href":"https:\/\/creativityshop.eu\/pl\/wp-json\/wp\/v2\/product_brand?post=40730"},{"taxonomy":"product_cat","embeddable":true,"href":"https:\/\/creativityshop.eu\/pl\/wp-json\/wp\/v2\/product_cat?post=40730"},{"taxonomy":"product_tag","embeddable":true,"href":"https:\/\/creativityshop.eu\/pl\/wp-json\/wp\/v2\/product_tag?post=40730"}],"curies":[{"name":"wp","href":"https:\/\/api.w.org\/{rel}","templated":true}]}}