{"id":40721,"date":"2024-01-10T18:39:43","date_gmt":"2024-01-10T15:39:43","guid":{"rendered":"https:\/\/creativityshop.eu\/?post_type=product&#038;p=40721"},"modified":"2024-05-31T11:29:07","modified_gmt":"2024-05-31T08:29:07","slug":"madeira-22ct-gold-plated-stork-embroidery-scissors-9-cm-or-8","status":"publish","type":"product","link":"https:\/\/creativityshop.eu\/pl\/product\/madeira-22ct-gold-plated-stork-embroidery-scissors-9-cm-or-8\/","title":{"rendered":"Madeira 22ct Gold Plated Stork Embroidery Scissors, 9 cm or 8&#8243;"},"content":{"rendered":"<p>Product images are for illustrative purposes only and may differ from the actual product. Due to differences in monitors and lighting, the colors of products may also appear different from those shown on the site.<\/p>\n","protected":false},"excerpt":{"rendered":"<p><strong>Madeira 22ct Gold Plated Stork Embroidery Scissors<\/strong><\/p>\n<p>Straight Blades, nickel-free. Precise cutting to the points. Perfect for all types of needlework.<br \/>\nSize: 8 inches (9 cm)<br \/>\nMaterial: Stainless Steel, Gold Plated<br \/>\nBrand: Madeira<br \/>\nPrice for 1 piece<\/p>\n","protected":false},"featured_media":40723,"template":"","meta":{"_acf_changed":false,"_exactmetrics_skip_tracking":false,"_exactmetrics_sitenote_active":false,"_exactmetrics_sitenote_note":"","_exactmetrics_sitenote_category":0},"product_brand":[],"product_cat":[404,412],"product_tag":[],"class_list":{"0":"post-40721","1":"product","2":"type-product","3":"status-publish","4":"has-post-thumbnail","6":"product_cat-tools","7":"product_cat-scissors","9":"first","10":"instock","11":"taxable","12":"shipping-taxable","13":"purchasable","14":"product-type-simple","15":"add-to-wishlist-after_add_to_cart"},"acf":[],"yoast_head":"<!-- This site is optimized with the Yoast SEO Premium plugin v27.0 (Yoast SEO v27.0) - https:\/\/yoast.com\/product\/yoast-seo-premium-wordpress\/ -->\n<title>Madeira 22ct Gold Plated Stork Embroidery Scissors, 9 cm or 8&quot; - CreativityShopEU<\/title>\n<meta name=\"robots\" content=\"noindex, follow\" \/>\n<meta property=\"og:locale\" content=\"pl_PL\" \/>\n<meta property=\"og:type\" content=\"article\" \/>\n<meta property=\"og:title\" content=\"Madeira 22ct Gold Plated Stork Embroidery Scissors, 9 cm or 8&quot;\" \/>\n<meta property=\"og:description\" content=\"Madeira 22ct Gold Plated Stork Embroidery Scissors  Straight Blades, nickel-free. Precise cutting to the points. Perfect for all types of needlework. Size: 8 inches (9 cm) Material: Stainless Steel, Gold Plated Brand: Madeira Price for 1 piece\" \/>\n<meta property=\"og:url\" content=\"https:\/\/creativityshop.eu\/pl\/product\/madeira-22ct-gold-plated-stork-embroidery-scissors-9-cm-or-8\/\" \/>\n<meta property=\"og:site_name\" content=\"CreativityShopEU\" \/>\n<meta property=\"article:modified_time\" content=\"2024-05-31T08:29:07+00:00\" \/>\n<meta property=\"og:image\" content=\"https:\/\/creativityshop.eu\/wp-content\/uploads\/2024\/01\/2182111-stork-scissors.jpg\" \/>\n\t<meta property=\"og:image:width\" content=\"600\" \/>\n\t<meta property=\"og:image:height\" content=\"600\" \/>\n\t<meta property=\"og:image:type\" content=\"image\/jpeg\" \/>\n<meta name=\"twitter:card\" content=\"summary_large_image\" \/>\n<meta name=\"twitter:label1\" content=\"Cena\" \/>\n\t<meta name=\"twitter:data1\" content=\"&euro;11.50\" \/>\n\t<meta name=\"twitter:label2\" content=\"Dost\u0119pno\u015b\u0107\" \/>\n\t<meta name=\"twitter:data2\" content=\"Dost\u0119pny\" \/>\n<script type=\"application\/ld+json\" class=\"yoast-schema-graph\">{\"@context\":\"https:\/\/schema.org\",\"@graph\":[{\"@type\":\"WebPage\",\"@id\":\"https:\/\/creativityshop.eu\/pl\/product\/madeira-22ct-gold-plated-stork-embroidery-scissors-9-cm-or-8\/\",\"url\":\"https:\/\/creativityshop.eu\/pl\/product\/madeira-22ct-gold-plated-stork-embroidery-scissors-9-cm-or-8\/\",\"name\":\"Madeira 22ct Gold Plated Stork Embroidery Scissors, 9 cm or 8\\\" - CreativityShopEU\",\"isPartOf\":{\"@id\":\"https:\/\/creativityshop.eu\/pl\/#website\"},\"primaryImageOfPage\":{\"@id\":\"https:\/\/creativityshop.eu\/pl\/product\/madeira-22ct-gold-plated-stork-embroidery-scissors-9-cm-or-8\/#primaryimage\"},\"image\":{\"@id\":\"https:\/\/creativityshop.eu\/pl\/product\/madeira-22ct-gold-plated-stork-embroidery-scissors-9-cm-or-8\/#primaryimage\"},\"thumbnailUrl\":\"https:\/\/creativityshop.eu\/wp-content\/uploads\/2024\/01\/2182111-stork-scissors.jpg\",\"datePublished\":\"2024-01-10T15:39:43+00:00\",\"dateModified\":\"2024-05-31T08:29:07+00:00\",\"breadcrumb\":{\"@id\":\"https:\/\/creativityshop.eu\/pl\/product\/madeira-22ct-gold-plated-stork-embroidery-scissors-9-cm-or-8\/#breadcrumb\"},\"inLanguage\":\"pl-PL\",\"potentialAction\":[{\"@type\":\"ReadAction\",\"target\":[\"https:\/\/creativityshop.eu\/pl\/product\/madeira-22ct-gold-plated-stork-embroidery-scissors-9-cm-or-8\/\"]}]},{\"@type\":\"ImageObject\",\"inLanguage\":\"pl-PL\",\"@id\":\"https:\/\/creativityshop.eu\/pl\/product\/madeira-22ct-gold-plated-stork-embroidery-scissors-9-cm-or-8\/#primaryimage\",\"url\":\"https:\/\/creativityshop.eu\/wp-content\/uploads\/2024\/01\/2182111-stork-scissors.jpg\",\"contentUrl\":\"https:\/\/creativityshop.eu\/wp-content\/uploads\/2024\/01\/2182111-stork-scissors.jpg\",\"width\":600,\"height\":600,\"caption\":\"Madeira 22ct Gold Plated Stork Embroidery Scissors, 9 cm or 8\\\"\"},{\"@type\":\"BreadcrumbList\",\"@id\":\"https:\/\/creativityshop.eu\/pl\/product\/madeira-22ct-gold-plated-stork-embroidery-scissors-9-cm-or-8\/#breadcrumb\",\"itemListElement\":[{\"@type\":\"ListItem\",\"position\":1,\"name\":\"Home\",\"item\":\"https:\/\/creativityshop.eu\/pl\/\"},{\"@type\":\"ListItem\",\"position\":2,\"name\":\"Shop\",\"item\":\"https:\/\/creativityshop.eu\/shop\/\"},{\"@type\":\"ListItem\",\"position\":3,\"name\":\"Madeira 22ct Gold Plated Stork Embroidery Scissors, 9 cm or 8&#8243;\"}]},{\"@type\":\"WebSite\",\"@id\":\"https:\/\/creativityshop.eu\/pl\/#website\",\"url\":\"https:\/\/creativityshop.eu\/pl\/\",\"name\":\"CreativityShopEU\",\"description\":\"Embroidery and jewelry components\",\"publisher\":{\"@id\":\"https:\/\/creativityshop.eu\/pl\/#organization\"},\"potentialAction\":[{\"@type\":\"SearchAction\",\"target\":{\"@type\":\"EntryPoint\",\"urlTemplate\":\"https:\/\/creativityshop.eu\/pl\/?s={search_term_string}\"},\"query-input\":{\"@type\":\"PropertyValueSpecification\",\"valueRequired\":true,\"valueName\":\"search_term_string\"}}],\"inLanguage\":\"pl-PL\"},{\"@type\":\"Organization\",\"@id\":\"https:\/\/creativityshop.eu\/pl\/#organization\",\"name\":\"Creativity Shop OU\",\"url\":\"https:\/\/creativityshop.eu\/pl\/\",\"logo\":{\"@type\":\"ImageObject\",\"inLanguage\":\"pl-PL\",\"@id\":\"https:\/\/creativityshop.eu\/pl\/#\/schema\/logo\/image\/\",\"url\":\"https:\/\/creativityshop.eu\/wp-content\/uploads\/2018\/11\/creativity_shop_logosite2.png\",\"contentUrl\":\"https:\/\/creativityshop.eu\/wp-content\/uploads\/2018\/11\/creativity_shop_logosite2.png\",\"width\":2871,\"height\":1100,\"caption\":\"Creativity Shop OU\"},\"image\":{\"@id\":\"https:\/\/creativityshop.eu\/pl\/#\/schema\/logo\/image\/\"}}]}<\/script>\n<meta property=\"product:price:amount\" content=\"11.50\" \/>\n<meta property=\"product:price:currency\" content=\"EUR\" \/>\n<meta property=\"og:availability\" content=\"instock\" \/>\n<meta property=\"product:availability\" content=\"instock\" \/>\n<meta property=\"product:retailer_item_id\" content=\"9479\" \/>\n<meta property=\"product:condition\" content=\"new\" \/>\n<!-- \/ Yoast SEO Premium plugin. -->","yoast_head_json":{"title":"Madeira 22ct Gold Plated Stork Embroidery Scissors, 9 cm or 8\" - CreativityShopEU","robots":{"index":"noindex","follow":"follow"},"og_locale":"pl_PL","og_type":"article","og_title":"Madeira 22ct Gold Plated Stork Embroidery Scissors, 9 cm or 8\"","og_description":"Madeira 22ct Gold Plated Stork Embroidery Scissors  Straight Blades, nickel-free. Precise cutting to the points. Perfect for all types of needlework. Size: 8 inches (9 cm) Material: Stainless Steel, Gold Plated Brand: Madeira Price for 1 piece","og_url":"https:\/\/creativityshop.eu\/pl\/product\/madeira-22ct-gold-plated-stork-embroidery-scissors-9-cm-or-8\/","og_site_name":"CreativityShopEU","article_modified_time":"2024-05-31T08:29:07+00:00","og_image":[{"width":600,"height":600,"url":"https:\/\/creativityshop.eu\/wp-content\/uploads\/2024\/01\/2182111-stork-scissors.jpg","type":"image\/jpeg"}],"twitter_card":"summary_large_image","twitter_misc":{"Cena":"&euro;11.50","Dost\u0119pno\u015b\u0107":"Dost\u0119pny"},"schema":{"@context":"https:\/\/schema.org","@graph":[{"@type":"WebPage","@id":"https:\/\/creativityshop.eu\/pl\/product\/madeira-22ct-gold-plated-stork-embroidery-scissors-9-cm-or-8\/","url":"https:\/\/creativityshop.eu\/pl\/product\/madeira-22ct-gold-plated-stork-embroidery-scissors-9-cm-or-8\/","name":"Madeira 22ct Gold Plated Stork Embroidery Scissors, 9 cm or 8\" - CreativityShopEU","isPartOf":{"@id":"https:\/\/creativityshop.eu\/pl\/#website"},"primaryImageOfPage":{"@id":"https:\/\/creativityshop.eu\/pl\/product\/madeira-22ct-gold-plated-stork-embroidery-scissors-9-cm-or-8\/#primaryimage"},"image":{"@id":"https:\/\/creativityshop.eu\/pl\/product\/madeira-22ct-gold-plated-stork-embroidery-scissors-9-cm-or-8\/#primaryimage"},"thumbnailUrl":"https:\/\/creativityshop.eu\/wp-content\/uploads\/2024\/01\/2182111-stork-scissors.jpg","datePublished":"2024-01-10T15:39:43+00:00","dateModified":"2024-05-31T08:29:07+00:00","breadcrumb":{"@id":"https:\/\/creativityshop.eu\/pl\/product\/madeira-22ct-gold-plated-stork-embroidery-scissors-9-cm-or-8\/#breadcrumb"},"inLanguage":"pl-PL","potentialAction":[{"@type":"ReadAction","target":["https:\/\/creativityshop.eu\/pl\/product\/madeira-22ct-gold-plated-stork-embroidery-scissors-9-cm-or-8\/"]}]},{"@type":"ImageObject","inLanguage":"pl-PL","@id":"https:\/\/creativityshop.eu\/pl\/product\/madeira-22ct-gold-plated-stork-embroidery-scissors-9-cm-or-8\/#primaryimage","url":"https:\/\/creativityshop.eu\/wp-content\/uploads\/2024\/01\/2182111-stork-scissors.jpg","contentUrl":"https:\/\/creativityshop.eu\/wp-content\/uploads\/2024\/01\/2182111-stork-scissors.jpg","width":600,"height":600,"caption":"Madeira 22ct Gold Plated Stork Embroidery Scissors, 9 cm or 8\""},{"@type":"BreadcrumbList","@id":"https:\/\/creativityshop.eu\/pl\/product\/madeira-22ct-gold-plated-stork-embroidery-scissors-9-cm-or-8\/#breadcrumb","itemListElement":[{"@type":"ListItem","position":1,"name":"Home","item":"https:\/\/creativityshop.eu\/pl\/"},{"@type":"ListItem","position":2,"name":"Shop","item":"https:\/\/creativityshop.eu\/shop\/"},{"@type":"ListItem","position":3,"name":"Madeira 22ct Gold Plated Stork Embroidery Scissors, 9 cm or 8&#8243;"}]},{"@type":"WebSite","@id":"https:\/\/creativityshop.eu\/pl\/#website","url":"https:\/\/creativityshop.eu\/pl\/","name":"CreativityShopEU","description":"Embroidery and jewelry components","publisher":{"@id":"https:\/\/creativityshop.eu\/pl\/#organization"},"potentialAction":[{"@type":"SearchAction","target":{"@type":"EntryPoint","urlTemplate":"https:\/\/creativityshop.eu\/pl\/?s={search_term_string}"},"query-input":{"@type":"PropertyValueSpecification","valueRequired":true,"valueName":"search_term_string"}}],"inLanguage":"pl-PL"},{"@type":"Organization","@id":"https:\/\/creativityshop.eu\/pl\/#organization","name":"Creativity Shop OU","url":"https:\/\/creativityshop.eu\/pl\/","logo":{"@type":"ImageObject","inLanguage":"pl-PL","@id":"https:\/\/creativityshop.eu\/pl\/#\/schema\/logo\/image\/","url":"https:\/\/creativityshop.eu\/wp-content\/uploads\/2018\/11\/creativity_shop_logosite2.png","contentUrl":"https:\/\/creativityshop.eu\/wp-content\/uploads\/2018\/11\/creativity_shop_logosite2.png","width":2871,"height":1100,"caption":"Creativity Shop OU"},"image":{"@id":"https:\/\/creativityshop.eu\/pl\/#\/schema\/logo\/image\/"}}]},"product_price_amount":"11.50","product_price_currency":"EUR","og_availability":"instock","product_availability":"instock","product_retailer_item_id":"9479","product_condition":"new"},"_links":{"self":[{"href":"https:\/\/creativityshop.eu\/pl\/wp-json\/wp\/v2\/product\/40721","targetHints":{"allow":["GET"]}}],"collection":[{"href":"https:\/\/creativityshop.eu\/pl\/wp-json\/wp\/v2\/product"}],"about":[{"href":"https:\/\/creativityshop.eu\/pl\/wp-json\/wp\/v2\/types\/product"}],"wp:featuredmedia":[{"embeddable":true,"href":"https:\/\/creativityshop.eu\/pl\/wp-json\/wp\/v2\/media\/40723"}],"wp:attachment":[{"href":"https:\/\/creativityshop.eu\/pl\/wp-json\/wp\/v2\/media?parent=40721"}],"wp:term":[{"taxonomy":"product_brand","embeddable":true,"href":"https:\/\/creativityshop.eu\/pl\/wp-json\/wp\/v2\/product_brand?post=40721"},{"taxonomy":"product_cat","embeddable":true,"href":"https:\/\/creativityshop.eu\/pl\/wp-json\/wp\/v2\/product_cat?post=40721"},{"taxonomy":"product_tag","embeddable":true,"href":"https:\/\/creativityshop.eu\/pl\/wp-json\/wp\/v2\/product_tag?post=40721"}],"curies":[{"name":"wp","href":"https:\/\/api.w.org\/{rel}","templated":true}]}}