{"id":38805,"date":"2023-10-11T13:08:50","date_gmt":"2023-10-11T10:08:50","guid":{"rendered":"https:\/\/creativityshop.eu\/?post_type=product&#038;p=38805"},"modified":"2024-02-14T03:21:11","modified_gmt":"2024-02-14T00:21:11","slug":"toho-round-beads-8-0-inside-color-luster-crystal-caribbean-blue-tr-08-189","status":"publish","type":"product","link":"https:\/\/creativityshop.eu\/pl\/product\/toho-round-beads-8-0-inside-color-luster-crystal-caribbean-blue-tr-08-189\/","title":{"rendered":"TOHO Round Beads 8\/0 Inside-Color Luster Crystal\/Caribbean Blue TR-08-189"},"content":{"rendered":"<p>TOHO Round 8\/0 are high-quality Japanese seed beads with perfectly regular shapes and larger hole diameters. They would be best strung on NYMO beading thread. Their precise shape makes TOHO seed beads ideal for bead weaving and bezeling cabochons or rivoli.<\/p>\n<p>Product images are for illustrative purposes only and may differ from the actual product. Due to differences in monitors and lighting, the colors of products may also appear different from those shown on the site.<\/p>\n","protected":false},"excerpt":{"rendered":"<p><strong>TOHO round seed beads TR-08-189<\/strong><br \/>\nColor: Inside-Color Luster Crystal\/Caribbean Blue<br \/>\nSize: 8\/0<br \/>\nHole size: 1.3 mm<br \/>\nMade in: Japan<br \/>\nSold per: 10 g<\/p>\n","protected":false},"featured_media":38807,"template":"","meta":{"_acf_changed":false,"_exactmetrics_skip_tracking":false,"_exactmetrics_sitenote_active":false,"_exactmetrics_sitenote_note":"","_exactmetrics_sitenote_category":0},"product_brand":[],"product_cat":[244,246],"product_tag":[],"class_list":{"0":"post-38805","1":"product","2":"type-product","3":"status-publish","4":"has-post-thumbnail","6":"product_cat-toho-beads","7":"product_cat-toho-round-seed-beads-8-0","9":"first","10":"instock","11":"taxable","12":"shipping-taxable","13":"purchasable","14":"product-type-simple","15":"add-to-wishlist-after_add_to_cart"},"acf":[],"yoast_head":"<!-- This site is optimized with the Yoast SEO Premium plugin v27.0 (Yoast SEO v27.0) - https:\/\/yoast.com\/product\/yoast-seo-premium-wordpress\/ -->\n<title>TOHO Round Beads 8\/0 Inside-Color Luster Crystal\/Caribbean Blue TR-08-189 - CreativityShopEU<\/title>\n<meta name=\"robots\" content=\"noindex, follow\" \/>\n<meta property=\"og:locale\" content=\"pl_PL\" \/>\n<meta property=\"og:type\" content=\"article\" \/>\n<meta property=\"og:title\" content=\"TOHO Round Beads 8\/0 Inside-Color Luster Crystal\/Caribbean Blue TR-08-189\" \/>\n<meta property=\"og:description\" content=\"TOHO round seed beads TR-08-189 Color: Inside-Color Luster Crystal\/Caribbean Blue Size: 8\/0 Hole size: 1.3 mm Made in: Japan Sold per: 10 g\" \/>\n<meta property=\"og:url\" content=\"https:\/\/creativityshop.eu\/pl\/product\/toho-round-beads-8-0-inside-color-luster-crystal-caribbean-blue-tr-08-189\/\" \/>\n<meta property=\"og:site_name\" content=\"CreativityShopEU\" \/>\n<meta property=\"article:modified_time\" content=\"2024-02-14T00:21:11+00:00\" \/>\n<meta property=\"og:image\" content=\"https:\/\/creativityshop.eu\/wp-content\/uploads\/2023\/10\/tr-08-189.jpg\" \/>\n\t<meta property=\"og:image:width\" content=\"509\" \/>\n\t<meta property=\"og:image:height\" content=\"509\" \/>\n\t<meta property=\"og:image:type\" content=\"image\/jpeg\" \/>\n<meta name=\"twitter:card\" content=\"summary_large_image\" \/>\n<meta name=\"twitter:label1\" content=\"Cena\" \/>\n\t<meta name=\"twitter:data1\" content=\"&euro;0.96\" \/>\n\t<meta name=\"twitter:label2\" content=\"Dost\u0119pno\u015b\u0107\" \/>\n\t<meta name=\"twitter:data2\" content=\"Dost\u0119pny\" \/>\n<script type=\"application\/ld+json\" class=\"yoast-schema-graph\">{\"@context\":\"https:\/\/schema.org\",\"@graph\":[{\"@type\":\"WebPage\",\"@id\":\"https:\/\/creativityshop.eu\/pl\/product\/toho-round-beads-8-0-inside-color-luster-crystal-caribbean-blue-tr-08-189\/\",\"url\":\"https:\/\/creativityshop.eu\/pl\/product\/toho-round-beads-8-0-inside-color-luster-crystal-caribbean-blue-tr-08-189\/\",\"name\":\"TOHO Round Beads 8\/0 Inside-Color Luster Crystal\/Caribbean Blue TR-08-189 - CreativityShopEU\",\"isPartOf\":{\"@id\":\"https:\/\/creativityshop.eu\/pl\/#website\"},\"primaryImageOfPage\":{\"@id\":\"https:\/\/creativityshop.eu\/pl\/product\/toho-round-beads-8-0-inside-color-luster-crystal-caribbean-blue-tr-08-189\/#primaryimage\"},\"image\":{\"@id\":\"https:\/\/creativityshop.eu\/pl\/product\/toho-round-beads-8-0-inside-color-luster-crystal-caribbean-blue-tr-08-189\/#primaryimage\"},\"thumbnailUrl\":\"https:\/\/creativityshop.eu\/wp-content\/uploads\/2023\/10\/tr-08-189.jpg\",\"datePublished\":\"2023-10-11T10:08:50+00:00\",\"dateModified\":\"2024-02-14T00:21:11+00:00\",\"breadcrumb\":{\"@id\":\"https:\/\/creativityshop.eu\/pl\/product\/toho-round-beads-8-0-inside-color-luster-crystal-caribbean-blue-tr-08-189\/#breadcrumb\"},\"inLanguage\":\"pl-PL\",\"potentialAction\":[{\"@type\":\"ReadAction\",\"target\":[\"https:\/\/creativityshop.eu\/pl\/product\/toho-round-beads-8-0-inside-color-luster-crystal-caribbean-blue-tr-08-189\/\"]}]},{\"@type\":\"ImageObject\",\"inLanguage\":\"pl-PL\",\"@id\":\"https:\/\/creativityshop.eu\/pl\/product\/toho-round-beads-8-0-inside-color-luster-crystal-caribbean-blue-tr-08-189\/#primaryimage\",\"url\":\"https:\/\/creativityshop.eu\/wp-content\/uploads\/2023\/10\/tr-08-189.jpg\",\"contentUrl\":\"https:\/\/creativityshop.eu\/wp-content\/uploads\/2023\/10\/tr-08-189.jpg\",\"width\":509,\"height\":509,\"caption\":\"TOHO Round Beads 8\/0 Inside-Color Luster Crystal\/Caribbean Blue TR-08-189\"},{\"@type\":\"BreadcrumbList\",\"@id\":\"https:\/\/creativityshop.eu\/pl\/product\/toho-round-beads-8-0-inside-color-luster-crystal-caribbean-blue-tr-08-189\/#breadcrumb\",\"itemListElement\":[{\"@type\":\"ListItem\",\"position\":1,\"name\":\"Home\",\"item\":\"https:\/\/creativityshop.eu\/pl\/\"},{\"@type\":\"ListItem\",\"position\":2,\"name\":\"Shop\",\"item\":\"https:\/\/creativityshop.eu\/shop\/\"},{\"@type\":\"ListItem\",\"position\":3,\"name\":\"TOHO Round Beads 8\/0 Inside-Color Luster Crystal\/Caribbean Blue TR-08-189\"}]},{\"@type\":\"WebSite\",\"@id\":\"https:\/\/creativityshop.eu\/pl\/#website\",\"url\":\"https:\/\/creativityshop.eu\/pl\/\",\"name\":\"CreativityShopEU\",\"description\":\"Embroidery and jewelry components\",\"publisher\":{\"@id\":\"https:\/\/creativityshop.eu\/pl\/#organization\"},\"potentialAction\":[{\"@type\":\"SearchAction\",\"target\":{\"@type\":\"EntryPoint\",\"urlTemplate\":\"https:\/\/creativityshop.eu\/pl\/?s={search_term_string}\"},\"query-input\":{\"@type\":\"PropertyValueSpecification\",\"valueRequired\":true,\"valueName\":\"search_term_string\"}}],\"inLanguage\":\"pl-PL\"},{\"@type\":\"Organization\",\"@id\":\"https:\/\/creativityshop.eu\/pl\/#organization\",\"name\":\"Creativity Shop OU\",\"url\":\"https:\/\/creativityshop.eu\/pl\/\",\"logo\":{\"@type\":\"ImageObject\",\"inLanguage\":\"pl-PL\",\"@id\":\"https:\/\/creativityshop.eu\/pl\/#\/schema\/logo\/image\/\",\"url\":\"https:\/\/creativityshop.eu\/wp-content\/uploads\/2018\/11\/creativity_shop_logosite2.png\",\"contentUrl\":\"https:\/\/creativityshop.eu\/wp-content\/uploads\/2018\/11\/creativity_shop_logosite2.png\",\"width\":2871,\"height\":1100,\"caption\":\"Creativity Shop OU\"},\"image\":{\"@id\":\"https:\/\/creativityshop.eu\/pl\/#\/schema\/logo\/image\/\"}}]}<\/script>\n<meta property=\"product:price:amount\" content=\"0.96\" \/>\n<meta property=\"product:price:currency\" content=\"EUR\" \/>\n<meta property=\"og:availability\" content=\"instock\" \/>\n<meta property=\"product:availability\" content=\"instock\" \/>\n<meta property=\"product:retailer_item_id\" content=\"TR-08-189\" \/>\n<meta property=\"product:condition\" content=\"new\" \/>\n<!-- \/ Yoast SEO Premium plugin. -->","yoast_head_json":{"title":"TOHO Round Beads 8\/0 Inside-Color Luster Crystal\/Caribbean Blue TR-08-189 - CreativityShopEU","robots":{"index":"noindex","follow":"follow"},"og_locale":"pl_PL","og_type":"article","og_title":"TOHO Round Beads 8\/0 Inside-Color Luster Crystal\/Caribbean Blue TR-08-189","og_description":"TOHO round seed beads TR-08-189 Color: Inside-Color Luster Crystal\/Caribbean Blue Size: 8\/0 Hole size: 1.3 mm Made in: Japan Sold per: 10 g","og_url":"https:\/\/creativityshop.eu\/pl\/product\/toho-round-beads-8-0-inside-color-luster-crystal-caribbean-blue-tr-08-189\/","og_site_name":"CreativityShopEU","article_modified_time":"2024-02-14T00:21:11+00:00","og_image":[{"width":509,"height":509,"url":"https:\/\/creativityshop.eu\/wp-content\/uploads\/2023\/10\/tr-08-189.jpg","type":"image\/jpeg"}],"twitter_card":"summary_large_image","twitter_misc":{"Cena":"&euro;0.96","Dost\u0119pno\u015b\u0107":"Dost\u0119pny"},"schema":{"@context":"https:\/\/schema.org","@graph":[{"@type":"WebPage","@id":"https:\/\/creativityshop.eu\/pl\/product\/toho-round-beads-8-0-inside-color-luster-crystal-caribbean-blue-tr-08-189\/","url":"https:\/\/creativityshop.eu\/pl\/product\/toho-round-beads-8-0-inside-color-luster-crystal-caribbean-blue-tr-08-189\/","name":"TOHO Round Beads 8\/0 Inside-Color Luster Crystal\/Caribbean Blue TR-08-189 - CreativityShopEU","isPartOf":{"@id":"https:\/\/creativityshop.eu\/pl\/#website"},"primaryImageOfPage":{"@id":"https:\/\/creativityshop.eu\/pl\/product\/toho-round-beads-8-0-inside-color-luster-crystal-caribbean-blue-tr-08-189\/#primaryimage"},"image":{"@id":"https:\/\/creativityshop.eu\/pl\/product\/toho-round-beads-8-0-inside-color-luster-crystal-caribbean-blue-tr-08-189\/#primaryimage"},"thumbnailUrl":"https:\/\/creativityshop.eu\/wp-content\/uploads\/2023\/10\/tr-08-189.jpg","datePublished":"2023-10-11T10:08:50+00:00","dateModified":"2024-02-14T00:21:11+00:00","breadcrumb":{"@id":"https:\/\/creativityshop.eu\/pl\/product\/toho-round-beads-8-0-inside-color-luster-crystal-caribbean-blue-tr-08-189\/#breadcrumb"},"inLanguage":"pl-PL","potentialAction":[{"@type":"ReadAction","target":["https:\/\/creativityshop.eu\/pl\/product\/toho-round-beads-8-0-inside-color-luster-crystal-caribbean-blue-tr-08-189\/"]}]},{"@type":"ImageObject","inLanguage":"pl-PL","@id":"https:\/\/creativityshop.eu\/pl\/product\/toho-round-beads-8-0-inside-color-luster-crystal-caribbean-blue-tr-08-189\/#primaryimage","url":"https:\/\/creativityshop.eu\/wp-content\/uploads\/2023\/10\/tr-08-189.jpg","contentUrl":"https:\/\/creativityshop.eu\/wp-content\/uploads\/2023\/10\/tr-08-189.jpg","width":509,"height":509,"caption":"TOHO Round Beads 8\/0 Inside-Color Luster Crystal\/Caribbean Blue TR-08-189"},{"@type":"BreadcrumbList","@id":"https:\/\/creativityshop.eu\/pl\/product\/toho-round-beads-8-0-inside-color-luster-crystal-caribbean-blue-tr-08-189\/#breadcrumb","itemListElement":[{"@type":"ListItem","position":1,"name":"Home","item":"https:\/\/creativityshop.eu\/pl\/"},{"@type":"ListItem","position":2,"name":"Shop","item":"https:\/\/creativityshop.eu\/shop\/"},{"@type":"ListItem","position":3,"name":"TOHO Round Beads 8\/0 Inside-Color Luster Crystal\/Caribbean Blue TR-08-189"}]},{"@type":"WebSite","@id":"https:\/\/creativityshop.eu\/pl\/#website","url":"https:\/\/creativityshop.eu\/pl\/","name":"CreativityShopEU","description":"Embroidery and jewelry components","publisher":{"@id":"https:\/\/creativityshop.eu\/pl\/#organization"},"potentialAction":[{"@type":"SearchAction","target":{"@type":"EntryPoint","urlTemplate":"https:\/\/creativityshop.eu\/pl\/?s={search_term_string}"},"query-input":{"@type":"PropertyValueSpecification","valueRequired":true,"valueName":"search_term_string"}}],"inLanguage":"pl-PL"},{"@type":"Organization","@id":"https:\/\/creativityshop.eu\/pl\/#organization","name":"Creativity Shop OU","url":"https:\/\/creativityshop.eu\/pl\/","logo":{"@type":"ImageObject","inLanguage":"pl-PL","@id":"https:\/\/creativityshop.eu\/pl\/#\/schema\/logo\/image\/","url":"https:\/\/creativityshop.eu\/wp-content\/uploads\/2018\/11\/creativity_shop_logosite2.png","contentUrl":"https:\/\/creativityshop.eu\/wp-content\/uploads\/2018\/11\/creativity_shop_logosite2.png","width":2871,"height":1100,"caption":"Creativity Shop OU"},"image":{"@id":"https:\/\/creativityshop.eu\/pl\/#\/schema\/logo\/image\/"}}]},"product_price_amount":"0.96","product_price_currency":"EUR","og_availability":"instock","product_availability":"instock","product_retailer_item_id":"TR-08-189","product_condition":"new"},"_links":{"self":[{"href":"https:\/\/creativityshop.eu\/pl\/wp-json\/wp\/v2\/product\/38805","targetHints":{"allow":["GET"]}}],"collection":[{"href":"https:\/\/creativityshop.eu\/pl\/wp-json\/wp\/v2\/product"}],"about":[{"href":"https:\/\/creativityshop.eu\/pl\/wp-json\/wp\/v2\/types\/product"}],"wp:featuredmedia":[{"embeddable":true,"href":"https:\/\/creativityshop.eu\/pl\/wp-json\/wp\/v2\/media\/38807"}],"wp:attachment":[{"href":"https:\/\/creativityshop.eu\/pl\/wp-json\/wp\/v2\/media?parent=38805"}],"wp:term":[{"taxonomy":"product_brand","embeddable":true,"href":"https:\/\/creativityshop.eu\/pl\/wp-json\/wp\/v2\/product_brand?post=38805"},{"taxonomy":"product_cat","embeddable":true,"href":"https:\/\/creativityshop.eu\/pl\/wp-json\/wp\/v2\/product_cat?post=38805"},{"taxonomy":"product_tag","embeddable":true,"href":"https:\/\/creativityshop.eu\/pl\/wp-json\/wp\/v2\/product_tag?post=38805"}],"curies":[{"name":"wp","href":"https:\/\/api.w.org\/{rel}","templated":true}]}}