{"id":38137,"date":"2023-09-28T16:19:58","date_gmt":"2023-09-28T13:19:58","guid":{"rendered":"https:\/\/creativityshop.eu\/?post_type=product&#038;p=38137"},"modified":"2026-04-08T21:08:32","modified_gmt":"2026-04-08T18:08:32","slug":"italian-flat-sequins-paillettes-green-with-iridescent-transparent-aspect-123-andrea-bilics","status":"publish","type":"product","link":"https:\/\/creativityshop.eu\/pl\/product\/italian-flat-sequins-paillettes-green-with-iridescent-transparent-aspect-123-andrea-bilics\/","title":{"rendered":"Italian Flat Sequins\/Paillettes, Green With Iridescent Transparent Aspect #123, Andrea Bilics"},"content":{"rendered":"<p>Andrea Bilics sequins have been manufactured in Milan, Italy since 1946. These sequins are famous for their precise and consistent shape and colors.<\/p>\n<p>Satin (Satinati) color of the sequins is one of the most popular. The sequins have mat effect with a silk touch.<\/p>\n<p><strong>Sequins Laundry Care<\/strong><\/p>\n<ul>\n<li>Wash at 30\u00b0 max<\/li>\n<li>Do not use bleach<\/li>\n<li>Do not dry with a drier<\/li>\n<li>Iron temperature &#8211; 120\u00b0 max<\/li>\n<li>Dry cleanable<\/li>\n<\/ul>\n<p>Product images are for illustrative purposes only and may differ from the actual product. Due to differences in monitors and lighting, the colors of products may also appear different from those shown on the site.<\/p>\n","protected":false},"excerpt":{"rendered":"<p><strong>Italian Flat Sequins\/Paillettes with one hole in the center. Premium Quality.<\/strong><br \/>\nSize: 3 mm, 4 mm<br \/>\nColor: Green with iridescent transparent aspect #123<br \/>\nBrand: Andrea Bilics<br \/>\nOrigin: Italy<br \/>\nSold per: 3 grams (app. 3,400 pcs for 2mm; app. 1,700 pcs for 3mm; app. 1,000 pcs for 4mm)<\/p>\n","protected":false},"featured_media":38166,"template":"","meta":{"_acf_changed":false,"_exactmetrics_skip_tracking":false,"_exactmetrics_sitenote_active":false,"_exactmetrics_sitenote_note":"","_exactmetrics_sitenote_category":0},"product_brand":[],"product_cat":[274,276],"product_tag":[580],"class_list":{"0":"post-38137","1":"product","2":"type-product","3":"status-publish","4":"has-post-thumbnail","6":"product_cat-sequins","7":"product_cat-flat-sequins","8":"product_tag-loose-sequins","10":"first","11":"instock","12":"taxable","13":"shipping-taxable","14":"purchasable","15":"product-type-variable","16":"wvs-archive-product-wrapper","17":"add-to-wishlist-after_add_to_cart"},"acf":[],"yoast_head":"<!-- This site is optimized with the Yoast SEO Premium plugin v27.0 (Yoast SEO v27.0) - https:\/\/yoast.com\/product\/yoast-seo-premium-wordpress\/ -->\n<title>Italian Flat Sequins\/Paillettes, Green With Iridescent Transparent Aspect #123, Andrea Bilics - CreativityShopEU<\/title>\n<meta name=\"robots\" content=\"noindex, follow\" \/>\n<meta property=\"og:locale\" content=\"pl_PL\" \/>\n<meta property=\"og:type\" content=\"article\" \/>\n<meta property=\"og:title\" content=\"Italian Flat Sequins\/Paillettes, Green With Iridescent Transparent Aspect #123, Andrea Bilics\" \/>\n<meta property=\"og:description\" content=\"Italian Flat Sequins\/Paillettes with one hole in the center. Premium Quality. Size: 3 mm, 4 mm Color: Green with iridescent transparent aspect #123 Brand: Andrea Bilics Origin: Italy Sold per: 3 grams (app. 3,400 pcs for 2mm; app. 1,700 pcs for 3mm; app. 1,000 pcs for 4mm)\" \/>\n<meta property=\"og:url\" content=\"https:\/\/creativityshop.eu\/pl\/product\/italian-flat-sequins-paillettes-green-with-iridescent-transparent-aspect-123-andrea-bilics\/\" \/>\n<meta property=\"og:site_name\" content=\"CreativityShopEU\" \/>\n<meta property=\"article:modified_time\" content=\"2026-04-08T18:08:32+00:00\" \/>\n<meta property=\"og:image\" content=\"https:\/\/creativityshop.eu\/wp-content\/uploads\/2023\/09\/img_20230928_155537-1.jpg\" \/>\n\t<meta property=\"og:image:width\" content=\"1962\" \/>\n\t<meta property=\"og:image:height\" content=\"1890\" \/>\n\t<meta property=\"og:image:type\" content=\"image\/jpeg\" \/>\n<meta name=\"twitter:card\" content=\"summary_large_image\" \/>\n<meta name=\"twitter:label1\" content=\"Dost\u0119pno\u015b\u0107\" \/>\n\t<meta name=\"twitter:data1\" content=\"Dost\u0119pny\" \/>\n<script type=\"application\/ld+json\" class=\"yoast-schema-graph\">{\"@context\":\"https:\/\/schema.org\",\"@graph\":[{\"@type\":\"WebPage\",\"@id\":\"https:\/\/creativityshop.eu\/pl\/product\/italian-flat-sequins-paillettes-green-with-iridescent-transparent-aspect-123-andrea-bilics\/\",\"url\":\"https:\/\/creativityshop.eu\/pl\/product\/italian-flat-sequins-paillettes-green-with-iridescent-transparent-aspect-123-andrea-bilics\/\",\"name\":\"Italian Flat Sequins\/Paillettes, Green With Iridescent Transparent Aspect #123, Andrea Bilics - CreativityShopEU\",\"isPartOf\":{\"@id\":\"https:\/\/creativityshop.eu\/pl\/#website\"},\"primaryImageOfPage\":{\"@id\":\"https:\/\/creativityshop.eu\/pl\/product\/italian-flat-sequins-paillettes-green-with-iridescent-transparent-aspect-123-andrea-bilics\/#primaryimage\"},\"image\":{\"@id\":\"https:\/\/creativityshop.eu\/pl\/product\/italian-flat-sequins-paillettes-green-with-iridescent-transparent-aspect-123-andrea-bilics\/#primaryimage\"},\"thumbnailUrl\":\"https:\/\/creativityshop.eu\/wp-content\/uploads\/2023\/09\/img_20230928_155537-1.jpg\",\"datePublished\":\"2023-09-28T13:19:58+00:00\",\"dateModified\":\"2026-04-08T18:08:32+00:00\",\"breadcrumb\":{\"@id\":\"https:\/\/creativityshop.eu\/pl\/product\/italian-flat-sequins-paillettes-green-with-iridescent-transparent-aspect-123-andrea-bilics\/#breadcrumb\"},\"inLanguage\":\"pl-PL\",\"potentialAction\":[{\"@type\":\"ReadAction\",\"target\":[\"https:\/\/creativityshop.eu\/pl\/product\/italian-flat-sequins-paillettes-green-with-iridescent-transparent-aspect-123-andrea-bilics\/\"]}]},{\"@type\":\"ImageObject\",\"inLanguage\":\"pl-PL\",\"@id\":\"https:\/\/creativityshop.eu\/pl\/product\/italian-flat-sequins-paillettes-green-with-iridescent-transparent-aspect-123-andrea-bilics\/#primaryimage\",\"url\":\"https:\/\/creativityshop.eu\/wp-content\/uploads\/2023\/09\/img_20230928_155537-1.jpg\",\"contentUrl\":\"https:\/\/creativityshop.eu\/wp-content\/uploads\/2023\/09\/img_20230928_155537-1.jpg\",\"width\":1962,\"height\":1890,\"caption\":\"Italian Flat Sequins\/Paillettes, Green With Iridescent Transparent Aspect #123, Andrea Bilics\"},{\"@type\":\"BreadcrumbList\",\"@id\":\"https:\/\/creativityshop.eu\/pl\/product\/italian-flat-sequins-paillettes-green-with-iridescent-transparent-aspect-123-andrea-bilics\/#breadcrumb\",\"itemListElement\":[{\"@type\":\"ListItem\",\"position\":1,\"name\":\"Home\",\"item\":\"https:\/\/creativityshop.eu\/pl\/\"},{\"@type\":\"ListItem\",\"position\":2,\"name\":\"Shop\",\"item\":\"https:\/\/creativityshop.eu\/shop\/\"},{\"@type\":\"ListItem\",\"position\":3,\"name\":\"Italian Flat Sequins\/Paillettes, Green With Iridescent Transparent Aspect #123, Andrea Bilics\"}]},{\"@type\":\"WebSite\",\"@id\":\"https:\/\/creativityshop.eu\/pl\/#website\",\"url\":\"https:\/\/creativityshop.eu\/pl\/\",\"name\":\"CreativityShopEU\",\"description\":\"Embroidery and jewelry components\",\"publisher\":{\"@id\":\"https:\/\/creativityshop.eu\/pl\/#organization\"},\"potentialAction\":[{\"@type\":\"SearchAction\",\"target\":{\"@type\":\"EntryPoint\",\"urlTemplate\":\"https:\/\/creativityshop.eu\/pl\/?s={search_term_string}\"},\"query-input\":{\"@type\":\"PropertyValueSpecification\",\"valueRequired\":true,\"valueName\":\"search_term_string\"}}],\"inLanguage\":\"pl-PL\"},{\"@type\":\"Organization\",\"@id\":\"https:\/\/creativityshop.eu\/pl\/#organization\",\"name\":\"Creativity Shop OU\",\"url\":\"https:\/\/creativityshop.eu\/pl\/\",\"logo\":{\"@type\":\"ImageObject\",\"inLanguage\":\"pl-PL\",\"@id\":\"https:\/\/creativityshop.eu\/pl\/#\/schema\/logo\/image\/\",\"url\":\"https:\/\/creativityshop.eu\/wp-content\/uploads\/2018\/11\/creativity_shop_logosite2.png\",\"contentUrl\":\"https:\/\/creativityshop.eu\/wp-content\/uploads\/2018\/11\/creativity_shop_logosite2.png\",\"width\":2871,\"height\":1100,\"caption\":\"Creativity Shop OU\"},\"image\":{\"@id\":\"https:\/\/creativityshop.eu\/pl\/#\/schema\/logo\/image\/\"}}]}<\/script>\n<meta property=\"og:availability\" content=\"instock\" \/>\n<meta property=\"product:availability\" content=\"instock\" \/>\n<meta property=\"product:condition\" content=\"new\" \/>\n<!-- \/ Yoast SEO Premium plugin. -->","yoast_head_json":{"title":"Italian Flat Sequins\/Paillettes, Green With Iridescent Transparent Aspect #123, Andrea Bilics - CreativityShopEU","robots":{"index":"noindex","follow":"follow"},"og_locale":"pl_PL","og_type":"article","og_title":"Italian Flat Sequins\/Paillettes, Green With Iridescent Transparent Aspect #123, Andrea Bilics","og_description":"Italian Flat Sequins\/Paillettes with one hole in the center. Premium Quality. Size: 3 mm, 4 mm Color: Green with iridescent transparent aspect #123 Brand: Andrea Bilics Origin: Italy Sold per: 3 grams (app. 3,400 pcs for 2mm; app. 1,700 pcs for 3mm; app. 1,000 pcs for 4mm)","og_url":"https:\/\/creativityshop.eu\/pl\/product\/italian-flat-sequins-paillettes-green-with-iridescent-transparent-aspect-123-andrea-bilics\/","og_site_name":"CreativityShopEU","article_modified_time":"2026-04-08T18:08:32+00:00","og_image":[{"width":1962,"height":1890,"url":"https:\/\/creativityshop.eu\/wp-content\/uploads\/2023\/09\/img_20230928_155537-1.jpg","type":"image\/jpeg"}],"twitter_card":"summary_large_image","twitter_misc":{"Dost\u0119pno\u015b\u0107":"Dost\u0119pny"},"schema":{"@context":"https:\/\/schema.org","@graph":[{"@type":"WebPage","@id":"https:\/\/creativityshop.eu\/pl\/product\/italian-flat-sequins-paillettes-green-with-iridescent-transparent-aspect-123-andrea-bilics\/","url":"https:\/\/creativityshop.eu\/pl\/product\/italian-flat-sequins-paillettes-green-with-iridescent-transparent-aspect-123-andrea-bilics\/","name":"Italian Flat Sequins\/Paillettes, Green With Iridescent Transparent Aspect #123, Andrea Bilics - CreativityShopEU","isPartOf":{"@id":"https:\/\/creativityshop.eu\/pl\/#website"},"primaryImageOfPage":{"@id":"https:\/\/creativityshop.eu\/pl\/product\/italian-flat-sequins-paillettes-green-with-iridescent-transparent-aspect-123-andrea-bilics\/#primaryimage"},"image":{"@id":"https:\/\/creativityshop.eu\/pl\/product\/italian-flat-sequins-paillettes-green-with-iridescent-transparent-aspect-123-andrea-bilics\/#primaryimage"},"thumbnailUrl":"https:\/\/creativityshop.eu\/wp-content\/uploads\/2023\/09\/img_20230928_155537-1.jpg","datePublished":"2023-09-28T13:19:58+00:00","dateModified":"2026-04-08T18:08:32+00:00","breadcrumb":{"@id":"https:\/\/creativityshop.eu\/pl\/product\/italian-flat-sequins-paillettes-green-with-iridescent-transparent-aspect-123-andrea-bilics\/#breadcrumb"},"inLanguage":"pl-PL","potentialAction":[{"@type":"ReadAction","target":["https:\/\/creativityshop.eu\/pl\/product\/italian-flat-sequins-paillettes-green-with-iridescent-transparent-aspect-123-andrea-bilics\/"]}]},{"@type":"ImageObject","inLanguage":"pl-PL","@id":"https:\/\/creativityshop.eu\/pl\/product\/italian-flat-sequins-paillettes-green-with-iridescent-transparent-aspect-123-andrea-bilics\/#primaryimage","url":"https:\/\/creativityshop.eu\/wp-content\/uploads\/2023\/09\/img_20230928_155537-1.jpg","contentUrl":"https:\/\/creativityshop.eu\/wp-content\/uploads\/2023\/09\/img_20230928_155537-1.jpg","width":1962,"height":1890,"caption":"Italian Flat Sequins\/Paillettes, Green With Iridescent Transparent Aspect #123, Andrea Bilics"},{"@type":"BreadcrumbList","@id":"https:\/\/creativityshop.eu\/pl\/product\/italian-flat-sequins-paillettes-green-with-iridescent-transparent-aspect-123-andrea-bilics\/#breadcrumb","itemListElement":[{"@type":"ListItem","position":1,"name":"Home","item":"https:\/\/creativityshop.eu\/pl\/"},{"@type":"ListItem","position":2,"name":"Shop","item":"https:\/\/creativityshop.eu\/shop\/"},{"@type":"ListItem","position":3,"name":"Italian Flat Sequins\/Paillettes, Green With Iridescent Transparent Aspect #123, Andrea Bilics"}]},{"@type":"WebSite","@id":"https:\/\/creativityshop.eu\/pl\/#website","url":"https:\/\/creativityshop.eu\/pl\/","name":"CreativityShopEU","description":"Embroidery and jewelry components","publisher":{"@id":"https:\/\/creativityshop.eu\/pl\/#organization"},"potentialAction":[{"@type":"SearchAction","target":{"@type":"EntryPoint","urlTemplate":"https:\/\/creativityshop.eu\/pl\/?s={search_term_string}"},"query-input":{"@type":"PropertyValueSpecification","valueRequired":true,"valueName":"search_term_string"}}],"inLanguage":"pl-PL"},{"@type":"Organization","@id":"https:\/\/creativityshop.eu\/pl\/#organization","name":"Creativity Shop OU","url":"https:\/\/creativityshop.eu\/pl\/","logo":{"@type":"ImageObject","inLanguage":"pl-PL","@id":"https:\/\/creativityshop.eu\/pl\/#\/schema\/logo\/image\/","url":"https:\/\/creativityshop.eu\/wp-content\/uploads\/2018\/11\/creativity_shop_logosite2.png","contentUrl":"https:\/\/creativityshop.eu\/wp-content\/uploads\/2018\/11\/creativity_shop_logosite2.png","width":2871,"height":1100,"caption":"Creativity Shop OU"},"image":{"@id":"https:\/\/creativityshop.eu\/pl\/#\/schema\/logo\/image\/"}}]},"og_availability":"instock","product_availability":"instock","product_condition":"new"},"_links":{"self":[{"href":"https:\/\/creativityshop.eu\/pl\/wp-json\/wp\/v2\/product\/38137","targetHints":{"allow":["GET"]}}],"collection":[{"href":"https:\/\/creativityshop.eu\/pl\/wp-json\/wp\/v2\/product"}],"about":[{"href":"https:\/\/creativityshop.eu\/pl\/wp-json\/wp\/v2\/types\/product"}],"wp:featuredmedia":[{"embeddable":true,"href":"https:\/\/creativityshop.eu\/pl\/wp-json\/wp\/v2\/media\/38166"}],"wp:attachment":[{"href":"https:\/\/creativityshop.eu\/pl\/wp-json\/wp\/v2\/media?parent=38137"}],"wp:term":[{"taxonomy":"product_brand","embeddable":true,"href":"https:\/\/creativityshop.eu\/pl\/wp-json\/wp\/v2\/product_brand?post=38137"},{"taxonomy":"product_cat","embeddable":true,"href":"https:\/\/creativityshop.eu\/pl\/wp-json\/wp\/v2\/product_cat?post=38137"},{"taxonomy":"product_tag","embeddable":true,"href":"https:\/\/creativityshop.eu\/pl\/wp-json\/wp\/v2\/product_tag?post=38137"}],"curies":[{"name":"wp","href":"https:\/\/api.w.org\/{rel}","templated":true}]}}