{"id":37407,"date":"2023-09-22T13:43:43","date_gmt":"2023-09-22T10:43:43","guid":{"rendered":"https:\/\/creativityshop.eu\/?post_type=product&#038;p=37407"},"modified":"2025-11-30T18:04:02","modified_gmt":"2025-11-30T15:04:02","slug":"fantasy-sequins-paillettes-grass-green-color-7041-bike-wheels-style-sequins-5-mm-made-in-italy-by-andrea-bilics","status":"publish","type":"product","link":"https:\/\/creativityshop.eu\/pl\/product\/fantasy-sequins-paillettes-grass-green-color-7041-bike-wheels-style-sequins-5-mm-made-in-italy-by-andrea-bilics\/","title":{"rendered":"Fantasy Sequins\/Paillettes, Grass Green Color #7041, Bike Wheels Style Sequins, 5 mm, Made in Italy by Andrea Bilics"},"content":{"rendered":"<p>Andrea Bilics sequins have been manufactured in Milan, Italy since 1946. These sequins are famous for their precise and consistent shape and colors.<\/p>\n<p><strong>Sequins Laundry Care<\/strong><\/p>\n<ul>\n<li>Wash at 30\u00b0 max<\/li>\n<li>Do not use bleach<\/li>\n<li>Do not dry with a drier<\/li>\n<li>Iron temperature &#8211; 120\u00b0 max<\/li>\n<li>Dry cleanable<\/li>\n<\/ul>\n<p>Product images are for illustrative purposes only and may differ from the actual product. Due to differences in monitors and lighting, the colors of products may also appear different from those shown on the site.<\/p>\n","protected":false},"excerpt":{"rendered":"<p><strong>Bike Wheels Style Flat Sequins With 1 Hole in the Center<\/strong><\/p>\n<p>Size: 5 mm<br \/>\nColor: Grass Green<br \/>\nProduced in: Italy by Andrea Bilics<br \/>\nSold per: 3 grams (app. 3,400 pcs for 2mm; app. 1,700 pcs for 3mm; app. 1,000 pcs for 4mm, 950 pcs for 5 mm)<\/p>\n","protected":false},"featured_media":37409,"template":"","meta":{"_acf_changed":false,"_exactmetrics_skip_tracking":false,"_exactmetrics_sitenote_active":false,"_exactmetrics_sitenote_note":"","_exactmetrics_sitenote_category":0},"product_brand":[],"product_cat":[274,275],"product_tag":[],"class_list":{"0":"post-37407","1":"product","2":"type-product","3":"status-publish","4":"has-post-thumbnail","6":"product_cat-sequins","7":"product_cat-fantasy-sequins","9":"first","10":"instock","11":"taxable","12":"shipping-taxable","13":"purchasable","14":"product-type-simple","15":"add-to-wishlist-after_add_to_cart"},"acf":[],"yoast_head":"<!-- This site is optimized with the Yoast SEO Premium plugin v27.0 (Yoast SEO v27.0) - https:\/\/yoast.com\/product\/yoast-seo-premium-wordpress\/ -->\n<title>Fantasy Sequins\/Paillettes, Grass Green Color #7041, Bike Wheels Style Sequins, 5 mm, Made in Italy by Andrea Bilics - CreativityShopEU<\/title>\n<meta name=\"robots\" content=\"noindex, follow\" \/>\n<meta property=\"og:locale\" content=\"pl_PL\" \/>\n<meta property=\"og:type\" content=\"article\" \/>\n<meta property=\"og:title\" content=\"Fantasy Sequins\/Paillettes, Grass Green Color #7041, Bike Wheels Style Sequins, 5 mm, Made in Italy by Andrea Bilics\" \/>\n<meta property=\"og:description\" content=\"Bike Wheels Style Flat Sequins With 1 Hole in the Center  Size: 5 mm Color: Grass Green Produced in: Italy by Andrea Bilics Sold per: 3 grams (app. 3,400 pcs for 2mm; app. 1,700 pcs for 3mm; app. 1,000 pcs for 4mm, 950 pcs for 5 mm)\" \/>\n<meta property=\"og:url\" content=\"https:\/\/creativityshop.eu\/pl\/product\/fantasy-sequins-paillettes-grass-green-color-7041-bike-wheels-style-sequins-5-mm-made-in-italy-by-andrea-bilics\/\" \/>\n<meta property=\"og:site_name\" content=\"CreativityShopEU\" \/>\n<meta property=\"article:modified_time\" content=\"2025-11-30T15:04:02+00:00\" \/>\n<meta property=\"og:image\" content=\"https:\/\/creativityshop.eu\/wp-content\/uploads\/2023\/09\/1695375461213.jpg\" \/>\n\t<meta property=\"og:image:width\" content=\"2016\" \/>\n\t<meta property=\"og:image:height\" content=\"2015\" \/>\n\t<meta property=\"og:image:type\" content=\"image\/jpeg\" \/>\n<meta name=\"twitter:card\" content=\"summary_large_image\" \/>\n<meta name=\"twitter:label1\" content=\"Cena\" \/>\n\t<meta name=\"twitter:data1\" content=\"&euro;1.50\" \/>\n\t<meta name=\"twitter:label2\" content=\"Dost\u0119pno\u015b\u0107\" \/>\n\t<meta name=\"twitter:data2\" content=\"Dost\u0119pny\" \/>\n<script type=\"application\/ld+json\" class=\"yoast-schema-graph\">{\"@context\":\"https:\/\/schema.org\",\"@graph\":[{\"@type\":\"WebPage\",\"@id\":\"https:\/\/creativityshop.eu\/pl\/product\/fantasy-sequins-paillettes-grass-green-color-7041-bike-wheels-style-sequins-5-mm-made-in-italy-by-andrea-bilics\/\",\"url\":\"https:\/\/creativityshop.eu\/pl\/product\/fantasy-sequins-paillettes-grass-green-color-7041-bike-wheels-style-sequins-5-mm-made-in-italy-by-andrea-bilics\/\",\"name\":\"Fantasy Sequins\/Paillettes, Grass Green Color #7041, Bike Wheels Style Sequins, 5 mm, Made in Italy by Andrea Bilics - CreativityShopEU\",\"isPartOf\":{\"@id\":\"https:\/\/creativityshop.eu\/pl\/#website\"},\"primaryImageOfPage\":{\"@id\":\"https:\/\/creativityshop.eu\/pl\/product\/fantasy-sequins-paillettes-grass-green-color-7041-bike-wheels-style-sequins-5-mm-made-in-italy-by-andrea-bilics\/#primaryimage\"},\"image\":{\"@id\":\"https:\/\/creativityshop.eu\/pl\/product\/fantasy-sequins-paillettes-grass-green-color-7041-bike-wheels-style-sequins-5-mm-made-in-italy-by-andrea-bilics\/#primaryimage\"},\"thumbnailUrl\":\"https:\/\/creativityshop.eu\/wp-content\/uploads\/2023\/09\/1695375461213.jpg\",\"datePublished\":\"2023-09-22T10:43:43+00:00\",\"dateModified\":\"2025-11-30T15:04:02+00:00\",\"breadcrumb\":{\"@id\":\"https:\/\/creativityshop.eu\/pl\/product\/fantasy-sequins-paillettes-grass-green-color-7041-bike-wheels-style-sequins-5-mm-made-in-italy-by-andrea-bilics\/#breadcrumb\"},\"inLanguage\":\"pl-PL\",\"potentialAction\":[{\"@type\":\"ReadAction\",\"target\":[\"https:\/\/creativityshop.eu\/pl\/product\/fantasy-sequins-paillettes-grass-green-color-7041-bike-wheels-style-sequins-5-mm-made-in-italy-by-andrea-bilics\/\"]}]},{\"@type\":\"ImageObject\",\"inLanguage\":\"pl-PL\",\"@id\":\"https:\/\/creativityshop.eu\/pl\/product\/fantasy-sequins-paillettes-grass-green-color-7041-bike-wheels-style-sequins-5-mm-made-in-italy-by-andrea-bilics\/#primaryimage\",\"url\":\"https:\/\/creativityshop.eu\/wp-content\/uploads\/2023\/09\/1695375461213.jpg\",\"contentUrl\":\"https:\/\/creativityshop.eu\/wp-content\/uploads\/2023\/09\/1695375461213.jpg\",\"width\":2016,\"height\":2015,\"caption\":\"Fantasy Sequins\/Paillettes, Grass Green Color #7041, Bike Wheels Style Sequins, 5 mm, Made in Italy by Andrea Bilics\"},{\"@type\":\"BreadcrumbList\",\"@id\":\"https:\/\/creativityshop.eu\/pl\/product\/fantasy-sequins-paillettes-grass-green-color-7041-bike-wheels-style-sequins-5-mm-made-in-italy-by-andrea-bilics\/#breadcrumb\",\"itemListElement\":[{\"@type\":\"ListItem\",\"position\":1,\"name\":\"Home\",\"item\":\"https:\/\/creativityshop.eu\/pl\/\"},{\"@type\":\"ListItem\",\"position\":2,\"name\":\"Shop\",\"item\":\"https:\/\/creativityshop.eu\/shop\/\"},{\"@type\":\"ListItem\",\"position\":3,\"name\":\"Fantasy Sequins\/Paillettes, Grass Green Color #7041, Bike Wheels Style Sequins, 5 mm, Made in Italy by Andrea Bilics\"}]},{\"@type\":\"WebSite\",\"@id\":\"https:\/\/creativityshop.eu\/pl\/#website\",\"url\":\"https:\/\/creativityshop.eu\/pl\/\",\"name\":\"CreativityShopEU\",\"description\":\"Embroidery and jewelry components\",\"publisher\":{\"@id\":\"https:\/\/creativityshop.eu\/pl\/#organization\"},\"potentialAction\":[{\"@type\":\"SearchAction\",\"target\":{\"@type\":\"EntryPoint\",\"urlTemplate\":\"https:\/\/creativityshop.eu\/pl\/?s={search_term_string}\"},\"query-input\":{\"@type\":\"PropertyValueSpecification\",\"valueRequired\":true,\"valueName\":\"search_term_string\"}}],\"inLanguage\":\"pl-PL\"},{\"@type\":\"Organization\",\"@id\":\"https:\/\/creativityshop.eu\/pl\/#organization\",\"name\":\"Creativity Shop OU\",\"url\":\"https:\/\/creativityshop.eu\/pl\/\",\"logo\":{\"@type\":\"ImageObject\",\"inLanguage\":\"pl-PL\",\"@id\":\"https:\/\/creativityshop.eu\/pl\/#\/schema\/logo\/image\/\",\"url\":\"https:\/\/creativityshop.eu\/wp-content\/uploads\/2018\/11\/creativity_shop_logosite2.png\",\"contentUrl\":\"https:\/\/creativityshop.eu\/wp-content\/uploads\/2018\/11\/creativity_shop_logosite2.png\",\"width\":2871,\"height\":1100,\"caption\":\"Creativity Shop OU\"},\"image\":{\"@id\":\"https:\/\/creativityshop.eu\/pl\/#\/schema\/logo\/image\/\"}}]}<\/script>\n<meta property=\"product:price:amount\" content=\"1.50\" \/>\n<meta property=\"product:price:currency\" content=\"EUR\" \/>\n<meta property=\"og:availability\" content=\"instock\" \/>\n<meta property=\"product:availability\" content=\"instock\" \/>\n<meta property=\"product:retailer_item_id\" content=\"MD6-7041\" \/>\n<meta property=\"product:condition\" content=\"new\" \/>\n<!-- \/ Yoast SEO Premium plugin. -->","yoast_head_json":{"title":"Fantasy Sequins\/Paillettes, Grass Green Color #7041, Bike Wheels Style Sequins, 5 mm, Made in Italy by Andrea Bilics - CreativityShopEU","robots":{"index":"noindex","follow":"follow"},"og_locale":"pl_PL","og_type":"article","og_title":"Fantasy Sequins\/Paillettes, Grass Green Color #7041, Bike Wheels Style Sequins, 5 mm, Made in Italy by Andrea Bilics","og_description":"Bike Wheels Style Flat Sequins With 1 Hole in the Center  Size: 5 mm Color: Grass Green Produced in: Italy by Andrea Bilics Sold per: 3 grams (app. 3,400 pcs for 2mm; app. 1,700 pcs for 3mm; app. 1,000 pcs for 4mm, 950 pcs for 5 mm)","og_url":"https:\/\/creativityshop.eu\/pl\/product\/fantasy-sequins-paillettes-grass-green-color-7041-bike-wheels-style-sequins-5-mm-made-in-italy-by-andrea-bilics\/","og_site_name":"CreativityShopEU","article_modified_time":"2025-11-30T15:04:02+00:00","og_image":[{"width":2016,"height":2015,"url":"https:\/\/creativityshop.eu\/wp-content\/uploads\/2023\/09\/1695375461213.jpg","type":"image\/jpeg"}],"twitter_card":"summary_large_image","twitter_misc":{"Cena":"&euro;1.50","Dost\u0119pno\u015b\u0107":"Dost\u0119pny"},"schema":{"@context":"https:\/\/schema.org","@graph":[{"@type":"WebPage","@id":"https:\/\/creativityshop.eu\/pl\/product\/fantasy-sequins-paillettes-grass-green-color-7041-bike-wheels-style-sequins-5-mm-made-in-italy-by-andrea-bilics\/","url":"https:\/\/creativityshop.eu\/pl\/product\/fantasy-sequins-paillettes-grass-green-color-7041-bike-wheels-style-sequins-5-mm-made-in-italy-by-andrea-bilics\/","name":"Fantasy Sequins\/Paillettes, Grass Green Color #7041, Bike Wheels Style Sequins, 5 mm, Made in Italy by Andrea Bilics - CreativityShopEU","isPartOf":{"@id":"https:\/\/creativityshop.eu\/pl\/#website"},"primaryImageOfPage":{"@id":"https:\/\/creativityshop.eu\/pl\/product\/fantasy-sequins-paillettes-grass-green-color-7041-bike-wheels-style-sequins-5-mm-made-in-italy-by-andrea-bilics\/#primaryimage"},"image":{"@id":"https:\/\/creativityshop.eu\/pl\/product\/fantasy-sequins-paillettes-grass-green-color-7041-bike-wheels-style-sequins-5-mm-made-in-italy-by-andrea-bilics\/#primaryimage"},"thumbnailUrl":"https:\/\/creativityshop.eu\/wp-content\/uploads\/2023\/09\/1695375461213.jpg","datePublished":"2023-09-22T10:43:43+00:00","dateModified":"2025-11-30T15:04:02+00:00","breadcrumb":{"@id":"https:\/\/creativityshop.eu\/pl\/product\/fantasy-sequins-paillettes-grass-green-color-7041-bike-wheels-style-sequins-5-mm-made-in-italy-by-andrea-bilics\/#breadcrumb"},"inLanguage":"pl-PL","potentialAction":[{"@type":"ReadAction","target":["https:\/\/creativityshop.eu\/pl\/product\/fantasy-sequins-paillettes-grass-green-color-7041-bike-wheels-style-sequins-5-mm-made-in-italy-by-andrea-bilics\/"]}]},{"@type":"ImageObject","inLanguage":"pl-PL","@id":"https:\/\/creativityshop.eu\/pl\/product\/fantasy-sequins-paillettes-grass-green-color-7041-bike-wheels-style-sequins-5-mm-made-in-italy-by-andrea-bilics\/#primaryimage","url":"https:\/\/creativityshop.eu\/wp-content\/uploads\/2023\/09\/1695375461213.jpg","contentUrl":"https:\/\/creativityshop.eu\/wp-content\/uploads\/2023\/09\/1695375461213.jpg","width":2016,"height":2015,"caption":"Fantasy Sequins\/Paillettes, Grass Green Color #7041, Bike Wheels Style Sequins, 5 mm, Made in Italy by Andrea Bilics"},{"@type":"BreadcrumbList","@id":"https:\/\/creativityshop.eu\/pl\/product\/fantasy-sequins-paillettes-grass-green-color-7041-bike-wheels-style-sequins-5-mm-made-in-italy-by-andrea-bilics\/#breadcrumb","itemListElement":[{"@type":"ListItem","position":1,"name":"Home","item":"https:\/\/creativityshop.eu\/pl\/"},{"@type":"ListItem","position":2,"name":"Shop","item":"https:\/\/creativityshop.eu\/shop\/"},{"@type":"ListItem","position":3,"name":"Fantasy Sequins\/Paillettes, Grass Green Color #7041, Bike Wheels Style Sequins, 5 mm, Made in Italy by Andrea Bilics"}]},{"@type":"WebSite","@id":"https:\/\/creativityshop.eu\/pl\/#website","url":"https:\/\/creativityshop.eu\/pl\/","name":"CreativityShopEU","description":"Embroidery and jewelry components","publisher":{"@id":"https:\/\/creativityshop.eu\/pl\/#organization"},"potentialAction":[{"@type":"SearchAction","target":{"@type":"EntryPoint","urlTemplate":"https:\/\/creativityshop.eu\/pl\/?s={search_term_string}"},"query-input":{"@type":"PropertyValueSpecification","valueRequired":true,"valueName":"search_term_string"}}],"inLanguage":"pl-PL"},{"@type":"Organization","@id":"https:\/\/creativityshop.eu\/pl\/#organization","name":"Creativity Shop OU","url":"https:\/\/creativityshop.eu\/pl\/","logo":{"@type":"ImageObject","inLanguage":"pl-PL","@id":"https:\/\/creativityshop.eu\/pl\/#\/schema\/logo\/image\/","url":"https:\/\/creativityshop.eu\/wp-content\/uploads\/2018\/11\/creativity_shop_logosite2.png","contentUrl":"https:\/\/creativityshop.eu\/wp-content\/uploads\/2018\/11\/creativity_shop_logosite2.png","width":2871,"height":1100,"caption":"Creativity Shop OU"},"image":{"@id":"https:\/\/creativityshop.eu\/pl\/#\/schema\/logo\/image\/"}}]},"product_price_amount":"1.50","product_price_currency":"EUR","og_availability":"instock","product_availability":"instock","product_retailer_item_id":"MD6-7041","product_condition":"new"},"_links":{"self":[{"href":"https:\/\/creativityshop.eu\/pl\/wp-json\/wp\/v2\/product\/37407","targetHints":{"allow":["GET"]}}],"collection":[{"href":"https:\/\/creativityshop.eu\/pl\/wp-json\/wp\/v2\/product"}],"about":[{"href":"https:\/\/creativityshop.eu\/pl\/wp-json\/wp\/v2\/types\/product"}],"wp:featuredmedia":[{"embeddable":true,"href":"https:\/\/creativityshop.eu\/pl\/wp-json\/wp\/v2\/media\/37409"}],"wp:attachment":[{"href":"https:\/\/creativityshop.eu\/pl\/wp-json\/wp\/v2\/media?parent=37407"}],"wp:term":[{"taxonomy":"product_brand","embeddable":true,"href":"https:\/\/creativityshop.eu\/pl\/wp-json\/wp\/v2\/product_brand?post=37407"},{"taxonomy":"product_cat","embeddable":true,"href":"https:\/\/creativityshop.eu\/pl\/wp-json\/wp\/v2\/product_cat?post=37407"},{"taxonomy":"product_tag","embeddable":true,"href":"https:\/\/creativityshop.eu\/pl\/wp-json\/wp\/v2\/product_tag?post=37407"}],"curies":[{"name":"wp","href":"https:\/\/api.w.org\/{rel}","templated":true}]}}