{"id":36984,"date":"2023-09-14T12:03:22","date_gmt":"2023-09-14T09:03:22","guid":{"rendered":"https:\/\/creativityshop.eu\/?post_type=product&#038;p=36984"},"modified":"2024-05-14T23:07:34","modified_gmt":"2024-05-14T20:07:34","slug":"toho-treasure-1-beads-11-0-silver-lined-frosted-rosaline","status":"publish","type":"product","link":"https:\/\/creativityshop.eu\/pl\/product\/toho-treasure-1-beads-11-0-silver-lined-frosted-rosaline\/","title":{"rendered":"TOHO Treasure #1 Beads 11\/0 Silver-Lined Frosted Rosaline"},"content":{"rendered":"<p>TOHO Treasure 11\/0 are high-quality Japanese seed beads with precise shapes and larger hole diameters. Thanks to that, one can string them on NYMO beading thread, beading string, lycra elastic yarn, or wire. Because of their precise shape, TOHO seed beads are ideal for bead weaving.<\/p>\n<p>Product images are for illustrative purposes only and may differ from the actual product. Due to differences in monitors and lighting, the colors of products may also appear different from those shown on the site.<\/p>\n<p>&nbsp;<\/p>\n","protected":false},"excerpt":{"rendered":"<p><strong>TOHO Treasure seed beads TT-01-31F<\/strong><br \/>\nColor: Silver-Lined Frosted Rosaline<br \/>\nSize: 11\/0<br \/>\nHole size: 0.9 mm<br \/>\nMade in: Japan<br \/>\nSold per: 5 g<\/p>\n","protected":false},"featured_media":36986,"template":"","meta":{"_acf_changed":false,"_exactmetrics_skip_tracking":false,"_exactmetrics_sitenote_active":false,"_exactmetrics_sitenote_note":"","_exactmetrics_sitenote_category":0},"product_brand":[],"product_cat":[244,249],"product_tag":[],"class_list":{"0":"post-36984","1":"product","2":"type-product","3":"status-publish","4":"has-post-thumbnail","6":"product_cat-toho-beads","7":"product_cat-toho-treasure-seed-beads-11-0","9":"first","10":"instock","11":"taxable","12":"shipping-taxable","13":"purchasable","14":"product-type-simple","15":"add-to-wishlist-after_add_to_cart"},"acf":[],"yoast_head":"<!-- This site is optimized with the Yoast SEO Premium plugin v27.0 (Yoast SEO v27.0) - https:\/\/yoast.com\/product\/yoast-seo-premium-wordpress\/ -->\n<title>TOHO Treasure #1 Beads 11\/0 Silver-Lined Frosted Rosaline - CreativityShopEU<\/title>\n<meta name=\"robots\" content=\"noindex, follow\" \/>\n<meta property=\"og:locale\" content=\"pl_PL\" \/>\n<meta property=\"og:type\" content=\"article\" \/>\n<meta property=\"og:title\" content=\"TOHO Treasure #1 Beads 11\/0 Silver-Lined Frosted Rosaline\" \/>\n<meta property=\"og:description\" content=\"TOHO Treasure seed beads TT-01-31F Color: Silver-Lined Frosted Rosaline Size: 11\/0 Hole size: 0.9 mm Made in: Japan Sold per: 5 g\" \/>\n<meta property=\"og:url\" content=\"https:\/\/creativityshop.eu\/pl\/product\/toho-treasure-1-beads-11-0-silver-lined-frosted-rosaline\/\" \/>\n<meta property=\"og:site_name\" content=\"CreativityShopEU\" \/>\n<meta property=\"article:modified_time\" content=\"2024-05-14T20:07:34+00:00\" \/>\n<meta property=\"og:image\" content=\"https:\/\/creativityshop.eu\/wp-content\/uploads\/2023\/09\/tt-01-31f.png\" \/>\n\t<meta property=\"og:image:width\" content=\"807\" \/>\n\t<meta property=\"og:image:height\" content=\"807\" \/>\n\t<meta property=\"og:image:type\" content=\"image\/png\" \/>\n<meta name=\"twitter:card\" content=\"summary_large_image\" \/>\n<meta name=\"twitter:label1\" content=\"Cena\" \/>\n\t<meta name=\"twitter:data1\" content=\"&euro;2.13\" \/>\n\t<meta name=\"twitter:label2\" content=\"Dost\u0119pno\u015b\u0107\" \/>\n\t<meta name=\"twitter:data2\" content=\"Dost\u0119pny\" \/>\n<script type=\"application\/ld+json\" class=\"yoast-schema-graph\">{\"@context\":\"https:\/\/schema.org\",\"@graph\":[{\"@type\":\"WebPage\",\"@id\":\"https:\/\/creativityshop.eu\/pl\/product\/toho-treasure-1-beads-11-0-silver-lined-frosted-rosaline\/\",\"url\":\"https:\/\/creativityshop.eu\/pl\/product\/toho-treasure-1-beads-11-0-silver-lined-frosted-rosaline\/\",\"name\":\"TOHO Treasure #1 Beads 11\/0 Silver-Lined Frosted Rosaline - CreativityShopEU\",\"isPartOf\":{\"@id\":\"https:\/\/creativityshop.eu\/pl\/#website\"},\"primaryImageOfPage\":{\"@id\":\"https:\/\/creativityshop.eu\/pl\/product\/toho-treasure-1-beads-11-0-silver-lined-frosted-rosaline\/#primaryimage\"},\"image\":{\"@id\":\"https:\/\/creativityshop.eu\/pl\/product\/toho-treasure-1-beads-11-0-silver-lined-frosted-rosaline\/#primaryimage\"},\"thumbnailUrl\":\"https:\/\/creativityshop.eu\/wp-content\/uploads\/2023\/09\/tt-01-31f.png\",\"datePublished\":\"2023-09-14T09:03:22+00:00\",\"dateModified\":\"2024-05-14T20:07:34+00:00\",\"breadcrumb\":{\"@id\":\"https:\/\/creativityshop.eu\/pl\/product\/toho-treasure-1-beads-11-0-silver-lined-frosted-rosaline\/#breadcrumb\"},\"inLanguage\":\"pl-PL\",\"potentialAction\":[{\"@type\":\"ReadAction\",\"target\":[\"https:\/\/creativityshop.eu\/pl\/product\/toho-treasure-1-beads-11-0-silver-lined-frosted-rosaline\/\"]}]},{\"@type\":\"ImageObject\",\"inLanguage\":\"pl-PL\",\"@id\":\"https:\/\/creativityshop.eu\/pl\/product\/toho-treasure-1-beads-11-0-silver-lined-frosted-rosaline\/#primaryimage\",\"url\":\"https:\/\/creativityshop.eu\/wp-content\/uploads\/2023\/09\/tt-01-31f.png\",\"contentUrl\":\"https:\/\/creativityshop.eu\/wp-content\/uploads\/2023\/09\/tt-01-31f.png\",\"width\":807,\"height\":807,\"caption\":\"TOHO Treasure 11\/0 Beads TT-01-31F Silver-Lined Frosted Rosaline\"},{\"@type\":\"BreadcrumbList\",\"@id\":\"https:\/\/creativityshop.eu\/pl\/product\/toho-treasure-1-beads-11-0-silver-lined-frosted-rosaline\/#breadcrumb\",\"itemListElement\":[{\"@type\":\"ListItem\",\"position\":1,\"name\":\"Home\",\"item\":\"https:\/\/creativityshop.eu\/pl\/\"},{\"@type\":\"ListItem\",\"position\":2,\"name\":\"Shop\",\"item\":\"https:\/\/creativityshop.eu\/shop\/\"},{\"@type\":\"ListItem\",\"position\":3,\"name\":\"TOHO Treasure #1 Beads 11\/0 Silver-Lined Frosted Rosaline\"}]},{\"@type\":\"WebSite\",\"@id\":\"https:\/\/creativityshop.eu\/pl\/#website\",\"url\":\"https:\/\/creativityshop.eu\/pl\/\",\"name\":\"CreativityShopEU\",\"description\":\"Embroidery and jewelry components\",\"publisher\":{\"@id\":\"https:\/\/creativityshop.eu\/pl\/#organization\"},\"potentialAction\":[{\"@type\":\"SearchAction\",\"target\":{\"@type\":\"EntryPoint\",\"urlTemplate\":\"https:\/\/creativityshop.eu\/pl\/?s={search_term_string}\"},\"query-input\":{\"@type\":\"PropertyValueSpecification\",\"valueRequired\":true,\"valueName\":\"search_term_string\"}}],\"inLanguage\":\"pl-PL\"},{\"@type\":\"Organization\",\"@id\":\"https:\/\/creativityshop.eu\/pl\/#organization\",\"name\":\"Creativity Shop OU\",\"url\":\"https:\/\/creativityshop.eu\/pl\/\",\"logo\":{\"@type\":\"ImageObject\",\"inLanguage\":\"pl-PL\",\"@id\":\"https:\/\/creativityshop.eu\/pl\/#\/schema\/logo\/image\/\",\"url\":\"https:\/\/creativityshop.eu\/wp-content\/uploads\/2018\/11\/creativity_shop_logosite2.png\",\"contentUrl\":\"https:\/\/creativityshop.eu\/wp-content\/uploads\/2018\/11\/creativity_shop_logosite2.png\",\"width\":2871,\"height\":1100,\"caption\":\"Creativity Shop OU\"},\"image\":{\"@id\":\"https:\/\/creativityshop.eu\/pl\/#\/schema\/logo\/image\/\"}}]}<\/script>\n<meta property=\"product:price:amount\" content=\"2.13\" \/>\n<meta property=\"product:price:currency\" content=\"EUR\" \/>\n<meta property=\"og:availability\" content=\"instock\" \/>\n<meta property=\"product:availability\" content=\"instock\" \/>\n<meta property=\"product:retailer_item_id\" content=\"TT-01-31F\" \/>\n<meta property=\"product:condition\" content=\"new\" \/>\n<!-- \/ Yoast SEO Premium plugin. -->","yoast_head_json":{"title":"TOHO Treasure #1 Beads 11\/0 Silver-Lined Frosted Rosaline - CreativityShopEU","robots":{"index":"noindex","follow":"follow"},"og_locale":"pl_PL","og_type":"article","og_title":"TOHO Treasure #1 Beads 11\/0 Silver-Lined Frosted Rosaline","og_description":"TOHO Treasure seed beads TT-01-31F Color: Silver-Lined Frosted Rosaline Size: 11\/0 Hole size: 0.9 mm Made in: Japan Sold per: 5 g","og_url":"https:\/\/creativityshop.eu\/pl\/product\/toho-treasure-1-beads-11-0-silver-lined-frosted-rosaline\/","og_site_name":"CreativityShopEU","article_modified_time":"2024-05-14T20:07:34+00:00","og_image":[{"width":807,"height":807,"url":"https:\/\/creativityshop.eu\/wp-content\/uploads\/2023\/09\/tt-01-31f.png","type":"image\/png"}],"twitter_card":"summary_large_image","twitter_misc":{"Cena":"&euro;2.13","Dost\u0119pno\u015b\u0107":"Dost\u0119pny"},"schema":{"@context":"https:\/\/schema.org","@graph":[{"@type":"WebPage","@id":"https:\/\/creativityshop.eu\/pl\/product\/toho-treasure-1-beads-11-0-silver-lined-frosted-rosaline\/","url":"https:\/\/creativityshop.eu\/pl\/product\/toho-treasure-1-beads-11-0-silver-lined-frosted-rosaline\/","name":"TOHO Treasure #1 Beads 11\/0 Silver-Lined Frosted Rosaline - CreativityShopEU","isPartOf":{"@id":"https:\/\/creativityshop.eu\/pl\/#website"},"primaryImageOfPage":{"@id":"https:\/\/creativityshop.eu\/pl\/product\/toho-treasure-1-beads-11-0-silver-lined-frosted-rosaline\/#primaryimage"},"image":{"@id":"https:\/\/creativityshop.eu\/pl\/product\/toho-treasure-1-beads-11-0-silver-lined-frosted-rosaline\/#primaryimage"},"thumbnailUrl":"https:\/\/creativityshop.eu\/wp-content\/uploads\/2023\/09\/tt-01-31f.png","datePublished":"2023-09-14T09:03:22+00:00","dateModified":"2024-05-14T20:07:34+00:00","breadcrumb":{"@id":"https:\/\/creativityshop.eu\/pl\/product\/toho-treasure-1-beads-11-0-silver-lined-frosted-rosaline\/#breadcrumb"},"inLanguage":"pl-PL","potentialAction":[{"@type":"ReadAction","target":["https:\/\/creativityshop.eu\/pl\/product\/toho-treasure-1-beads-11-0-silver-lined-frosted-rosaline\/"]}]},{"@type":"ImageObject","inLanguage":"pl-PL","@id":"https:\/\/creativityshop.eu\/pl\/product\/toho-treasure-1-beads-11-0-silver-lined-frosted-rosaline\/#primaryimage","url":"https:\/\/creativityshop.eu\/wp-content\/uploads\/2023\/09\/tt-01-31f.png","contentUrl":"https:\/\/creativityshop.eu\/wp-content\/uploads\/2023\/09\/tt-01-31f.png","width":807,"height":807,"caption":"TOHO Treasure 11\/0 Beads TT-01-31F Silver-Lined Frosted Rosaline"},{"@type":"BreadcrumbList","@id":"https:\/\/creativityshop.eu\/pl\/product\/toho-treasure-1-beads-11-0-silver-lined-frosted-rosaline\/#breadcrumb","itemListElement":[{"@type":"ListItem","position":1,"name":"Home","item":"https:\/\/creativityshop.eu\/pl\/"},{"@type":"ListItem","position":2,"name":"Shop","item":"https:\/\/creativityshop.eu\/shop\/"},{"@type":"ListItem","position":3,"name":"TOHO Treasure #1 Beads 11\/0 Silver-Lined Frosted Rosaline"}]},{"@type":"WebSite","@id":"https:\/\/creativityshop.eu\/pl\/#website","url":"https:\/\/creativityshop.eu\/pl\/","name":"CreativityShopEU","description":"Embroidery and jewelry components","publisher":{"@id":"https:\/\/creativityshop.eu\/pl\/#organization"},"potentialAction":[{"@type":"SearchAction","target":{"@type":"EntryPoint","urlTemplate":"https:\/\/creativityshop.eu\/pl\/?s={search_term_string}"},"query-input":{"@type":"PropertyValueSpecification","valueRequired":true,"valueName":"search_term_string"}}],"inLanguage":"pl-PL"},{"@type":"Organization","@id":"https:\/\/creativityshop.eu\/pl\/#organization","name":"Creativity Shop OU","url":"https:\/\/creativityshop.eu\/pl\/","logo":{"@type":"ImageObject","inLanguage":"pl-PL","@id":"https:\/\/creativityshop.eu\/pl\/#\/schema\/logo\/image\/","url":"https:\/\/creativityshop.eu\/wp-content\/uploads\/2018\/11\/creativity_shop_logosite2.png","contentUrl":"https:\/\/creativityshop.eu\/wp-content\/uploads\/2018\/11\/creativity_shop_logosite2.png","width":2871,"height":1100,"caption":"Creativity Shop OU"},"image":{"@id":"https:\/\/creativityshop.eu\/pl\/#\/schema\/logo\/image\/"}}]},"product_price_amount":"2.13","product_price_currency":"EUR","og_availability":"instock","product_availability":"instock","product_retailer_item_id":"TT-01-31F","product_condition":"new"},"_links":{"self":[{"href":"https:\/\/creativityshop.eu\/pl\/wp-json\/wp\/v2\/product\/36984","targetHints":{"allow":["GET"]}}],"collection":[{"href":"https:\/\/creativityshop.eu\/pl\/wp-json\/wp\/v2\/product"}],"about":[{"href":"https:\/\/creativityshop.eu\/pl\/wp-json\/wp\/v2\/types\/product"}],"wp:featuredmedia":[{"embeddable":true,"href":"https:\/\/creativityshop.eu\/pl\/wp-json\/wp\/v2\/media\/36986"}],"wp:attachment":[{"href":"https:\/\/creativityshop.eu\/pl\/wp-json\/wp\/v2\/media?parent=36984"}],"wp:term":[{"taxonomy":"product_brand","embeddable":true,"href":"https:\/\/creativityshop.eu\/pl\/wp-json\/wp\/v2\/product_brand?post=36984"},{"taxonomy":"product_cat","embeddable":true,"href":"https:\/\/creativityshop.eu\/pl\/wp-json\/wp\/v2\/product_cat?post=36984"},{"taxonomy":"product_tag","embeddable":true,"href":"https:\/\/creativityshop.eu\/pl\/wp-json\/wp\/v2\/product_tag?post=36984"}],"curies":[{"name":"wp","href":"https:\/\/api.w.org\/{rel}","templated":true}]}}