{"id":36606,"date":"2023-09-04T14:19:37","date_gmt":"2023-09-04T11:19:37","guid":{"rendered":"https:\/\/creativityshop.eu\/?post_type=product&#038;p=36606"},"modified":"2024-06-12T12:52:51","modified_gmt":"2024-06-12T09:52:51","slug":"same-color-rhinestone-cup-chain-royal-blue-color-ss6","status":"publish","type":"product","link":"https:\/\/creativityshop.eu\/pl\/product\/same-color-rhinestone-cup-chain-royal-blue-color-ss6\/","title":{"rendered":"Same color Rhinestone Cup Chain, Royal Blue Color, SS6"},"content":{"rendered":"<p>The chain is set with round chatons with faceted stones and a pointed back. The back of the stone is foiled to add stunning brilliance and sparkle to the stone.<\/p>\n<p>Product images are for illustrative purposes only and may differ from the actual product. Due to differences in monitors and lighting, the colors of products may also appear different from those shown on the site.<\/p>\n","protected":false},"excerpt":{"rendered":"<p><strong>Rhinestone Cup Chain<\/strong><br \/>\nStone size: SS6 (2 mm)<br \/>\nStone color: Royal Blue<br \/>\nBase color: Blue<br \/>\nSold per: 1 meter<\/p>\n","protected":false},"featured_media":36608,"template":"","meta":{"_acf_changed":false,"_exactmetrics_skip_tracking":false,"_exactmetrics_sitenote_active":false,"_exactmetrics_sitenote_note":"","_exactmetrics_sitenote_category":0},"product_brand":[],"product_cat":[250],"product_tag":[],"class_list":{"0":"post-36606","1":"product","2":"type-product","3":"status-publish","4":"has-post-thumbnail","6":"product_cat-cup-chains","8":"first","9":"instock","10":"taxable","11":"shipping-taxable","12":"purchasable","13":"product-type-simple","14":"add-to-wishlist-after_add_to_cart"},"acf":[],"yoast_head":"<!-- This site is optimized with the Yoast SEO Premium plugin v27.0 (Yoast SEO v27.0) - https:\/\/yoast.com\/product\/yoast-seo-premium-wordpress\/ -->\n<title>Same color Rhinestone Cup Chain, Royal Blue Color, SS6 - CreativityShopEU<\/title>\n<meta name=\"robots\" content=\"noindex, follow\" \/>\n<meta property=\"og:locale\" content=\"pl_PL\" \/>\n<meta property=\"og:type\" content=\"article\" \/>\n<meta property=\"og:title\" content=\"Same color Rhinestone Cup Chain, Royal Blue Color, SS6\" \/>\n<meta property=\"og:description\" content=\"Rhinestone Cup Chain Stone size: SS6 (2 mm) Stone color: Royal Blue Base color: Blue Sold per: 1 meter\" \/>\n<meta property=\"og:url\" content=\"https:\/\/creativityshop.eu\/pl\/product\/same-color-rhinestone-cup-chain-royal-blue-color-ss6\/\" \/>\n<meta property=\"og:site_name\" content=\"CreativityShopEU\" \/>\n<meta property=\"article:modified_time\" content=\"2024-06-12T09:52:51+00:00\" \/>\n<meta property=\"og:image\" content=\"https:\/\/creativityshop.eu\/wp-content\/uploads\/2023\/09\/img_20230904_135733.jpg\" \/>\n\t<meta property=\"og:image:width\" content=\"2016\" \/>\n\t<meta property=\"og:image:height\" content=\"2294\" \/>\n\t<meta property=\"og:image:type\" content=\"image\/jpeg\" \/>\n<meta name=\"twitter:card\" content=\"summary_large_image\" \/>\n<meta name=\"twitter:label1\" content=\"Cena\" \/>\n\t<meta name=\"twitter:data1\" content=\"&euro;2.40\" \/>\n\t<meta name=\"twitter:label2\" content=\"Dost\u0119pno\u015b\u0107\" \/>\n\t<meta name=\"twitter:data2\" content=\"Dost\u0119pny\" \/>\n<script type=\"application\/ld+json\" class=\"yoast-schema-graph\">{\"@context\":\"https:\/\/schema.org\",\"@graph\":[{\"@type\":\"WebPage\",\"@id\":\"https:\/\/creativityshop.eu\/pl\/product\/same-color-rhinestone-cup-chain-royal-blue-color-ss6\/\",\"url\":\"https:\/\/creativityshop.eu\/pl\/product\/same-color-rhinestone-cup-chain-royal-blue-color-ss6\/\",\"name\":\"Same color Rhinestone Cup Chain, Royal Blue Color, SS6 - CreativityShopEU\",\"isPartOf\":{\"@id\":\"https:\/\/creativityshop.eu\/pl\/#website\"},\"primaryImageOfPage\":{\"@id\":\"https:\/\/creativityshop.eu\/pl\/product\/same-color-rhinestone-cup-chain-royal-blue-color-ss6\/#primaryimage\"},\"image\":{\"@id\":\"https:\/\/creativityshop.eu\/pl\/product\/same-color-rhinestone-cup-chain-royal-blue-color-ss6\/#primaryimage\"},\"thumbnailUrl\":\"https:\/\/creativityshop.eu\/wp-content\/uploads\/2023\/09\/img_20230904_135733.jpg\",\"datePublished\":\"2023-09-04T11:19:37+00:00\",\"dateModified\":\"2024-06-12T09:52:51+00:00\",\"breadcrumb\":{\"@id\":\"https:\/\/creativityshop.eu\/pl\/product\/same-color-rhinestone-cup-chain-royal-blue-color-ss6\/#breadcrumb\"},\"inLanguage\":\"pl-PL\",\"potentialAction\":[{\"@type\":\"ReadAction\",\"target\":[\"https:\/\/creativityshop.eu\/pl\/product\/same-color-rhinestone-cup-chain-royal-blue-color-ss6\/\"]}]},{\"@type\":\"ImageObject\",\"inLanguage\":\"pl-PL\",\"@id\":\"https:\/\/creativityshop.eu\/pl\/product\/same-color-rhinestone-cup-chain-royal-blue-color-ss6\/#primaryimage\",\"url\":\"https:\/\/creativityshop.eu\/wp-content\/uploads\/2023\/09\/img_20230904_135733.jpg\",\"contentUrl\":\"https:\/\/creativityshop.eu\/wp-content\/uploads\/2023\/09\/img_20230904_135733.jpg\",\"width\":2016,\"height\":2294,\"caption\":\"Rhinestone Cup Chain Royal Blue Color\"},{\"@type\":\"BreadcrumbList\",\"@id\":\"https:\/\/creativityshop.eu\/pl\/product\/same-color-rhinestone-cup-chain-royal-blue-color-ss6\/#breadcrumb\",\"itemListElement\":[{\"@type\":\"ListItem\",\"position\":1,\"name\":\"Home\",\"item\":\"https:\/\/creativityshop.eu\/pl\/\"},{\"@type\":\"ListItem\",\"position\":2,\"name\":\"Shop\",\"item\":\"https:\/\/creativityshop.eu\/shop\/\"},{\"@type\":\"ListItem\",\"position\":3,\"name\":\"Same color Rhinestone Cup Chain, Royal Blue Color, SS6\"}]},{\"@type\":\"WebSite\",\"@id\":\"https:\/\/creativityshop.eu\/pl\/#website\",\"url\":\"https:\/\/creativityshop.eu\/pl\/\",\"name\":\"CreativityShopEU\",\"description\":\"Embroidery and jewelry components\",\"publisher\":{\"@id\":\"https:\/\/creativityshop.eu\/pl\/#organization\"},\"potentialAction\":[{\"@type\":\"SearchAction\",\"target\":{\"@type\":\"EntryPoint\",\"urlTemplate\":\"https:\/\/creativityshop.eu\/pl\/?s={search_term_string}\"},\"query-input\":{\"@type\":\"PropertyValueSpecification\",\"valueRequired\":true,\"valueName\":\"search_term_string\"}}],\"inLanguage\":\"pl-PL\"},{\"@type\":\"Organization\",\"@id\":\"https:\/\/creativityshop.eu\/pl\/#organization\",\"name\":\"Creativity Shop OU\",\"url\":\"https:\/\/creativityshop.eu\/pl\/\",\"logo\":{\"@type\":\"ImageObject\",\"inLanguage\":\"pl-PL\",\"@id\":\"https:\/\/creativityshop.eu\/pl\/#\/schema\/logo\/image\/\",\"url\":\"https:\/\/creativityshop.eu\/wp-content\/uploads\/2018\/11\/creativity_shop_logosite2.png\",\"contentUrl\":\"https:\/\/creativityshop.eu\/wp-content\/uploads\/2018\/11\/creativity_shop_logosite2.png\",\"width\":2871,\"height\":1100,\"caption\":\"Creativity Shop OU\"},\"image\":{\"@id\":\"https:\/\/creativityshop.eu\/pl\/#\/schema\/logo\/image\/\"}}]}<\/script>\n<meta property=\"product:price:amount\" content=\"2.40\" \/>\n<meta property=\"product:price:currency\" content=\"EUR\" \/>\n<meta property=\"og:availability\" content=\"instock\" \/>\n<meta property=\"product:availability\" content=\"instock\" \/>\n<meta property=\"product:retailer_item_id\" content=\"CC98\" \/>\n<meta property=\"product:condition\" content=\"new\" \/>\n<!-- \/ Yoast SEO Premium plugin. -->","yoast_head_json":{"title":"Same color Rhinestone Cup Chain, Royal Blue Color, SS6 - CreativityShopEU","robots":{"index":"noindex","follow":"follow"},"og_locale":"pl_PL","og_type":"article","og_title":"Same color Rhinestone Cup Chain, Royal Blue Color, SS6","og_description":"Rhinestone Cup Chain Stone size: SS6 (2 mm) Stone color: Royal Blue Base color: Blue Sold per: 1 meter","og_url":"https:\/\/creativityshop.eu\/pl\/product\/same-color-rhinestone-cup-chain-royal-blue-color-ss6\/","og_site_name":"CreativityShopEU","article_modified_time":"2024-06-12T09:52:51+00:00","og_image":[{"width":2016,"height":2294,"url":"https:\/\/creativityshop.eu\/wp-content\/uploads\/2023\/09\/img_20230904_135733.jpg","type":"image\/jpeg"}],"twitter_card":"summary_large_image","twitter_misc":{"Cena":"&euro;2.40","Dost\u0119pno\u015b\u0107":"Dost\u0119pny"},"schema":{"@context":"https:\/\/schema.org","@graph":[{"@type":"WebPage","@id":"https:\/\/creativityshop.eu\/pl\/product\/same-color-rhinestone-cup-chain-royal-blue-color-ss6\/","url":"https:\/\/creativityshop.eu\/pl\/product\/same-color-rhinestone-cup-chain-royal-blue-color-ss6\/","name":"Same color Rhinestone Cup Chain, Royal Blue Color, SS6 - CreativityShopEU","isPartOf":{"@id":"https:\/\/creativityshop.eu\/pl\/#website"},"primaryImageOfPage":{"@id":"https:\/\/creativityshop.eu\/pl\/product\/same-color-rhinestone-cup-chain-royal-blue-color-ss6\/#primaryimage"},"image":{"@id":"https:\/\/creativityshop.eu\/pl\/product\/same-color-rhinestone-cup-chain-royal-blue-color-ss6\/#primaryimage"},"thumbnailUrl":"https:\/\/creativityshop.eu\/wp-content\/uploads\/2023\/09\/img_20230904_135733.jpg","datePublished":"2023-09-04T11:19:37+00:00","dateModified":"2024-06-12T09:52:51+00:00","breadcrumb":{"@id":"https:\/\/creativityshop.eu\/pl\/product\/same-color-rhinestone-cup-chain-royal-blue-color-ss6\/#breadcrumb"},"inLanguage":"pl-PL","potentialAction":[{"@type":"ReadAction","target":["https:\/\/creativityshop.eu\/pl\/product\/same-color-rhinestone-cup-chain-royal-blue-color-ss6\/"]}]},{"@type":"ImageObject","inLanguage":"pl-PL","@id":"https:\/\/creativityshop.eu\/pl\/product\/same-color-rhinestone-cup-chain-royal-blue-color-ss6\/#primaryimage","url":"https:\/\/creativityshop.eu\/wp-content\/uploads\/2023\/09\/img_20230904_135733.jpg","contentUrl":"https:\/\/creativityshop.eu\/wp-content\/uploads\/2023\/09\/img_20230904_135733.jpg","width":2016,"height":2294,"caption":"Rhinestone Cup Chain Royal Blue Color"},{"@type":"BreadcrumbList","@id":"https:\/\/creativityshop.eu\/pl\/product\/same-color-rhinestone-cup-chain-royal-blue-color-ss6\/#breadcrumb","itemListElement":[{"@type":"ListItem","position":1,"name":"Home","item":"https:\/\/creativityshop.eu\/pl\/"},{"@type":"ListItem","position":2,"name":"Shop","item":"https:\/\/creativityshop.eu\/shop\/"},{"@type":"ListItem","position":3,"name":"Same color Rhinestone Cup Chain, Royal Blue Color, SS6"}]},{"@type":"WebSite","@id":"https:\/\/creativityshop.eu\/pl\/#website","url":"https:\/\/creativityshop.eu\/pl\/","name":"CreativityShopEU","description":"Embroidery and jewelry components","publisher":{"@id":"https:\/\/creativityshop.eu\/pl\/#organization"},"potentialAction":[{"@type":"SearchAction","target":{"@type":"EntryPoint","urlTemplate":"https:\/\/creativityshop.eu\/pl\/?s={search_term_string}"},"query-input":{"@type":"PropertyValueSpecification","valueRequired":true,"valueName":"search_term_string"}}],"inLanguage":"pl-PL"},{"@type":"Organization","@id":"https:\/\/creativityshop.eu\/pl\/#organization","name":"Creativity Shop OU","url":"https:\/\/creativityshop.eu\/pl\/","logo":{"@type":"ImageObject","inLanguage":"pl-PL","@id":"https:\/\/creativityshop.eu\/pl\/#\/schema\/logo\/image\/","url":"https:\/\/creativityshop.eu\/wp-content\/uploads\/2018\/11\/creativity_shop_logosite2.png","contentUrl":"https:\/\/creativityshop.eu\/wp-content\/uploads\/2018\/11\/creativity_shop_logosite2.png","width":2871,"height":1100,"caption":"Creativity Shop OU"},"image":{"@id":"https:\/\/creativityshop.eu\/pl\/#\/schema\/logo\/image\/"}}]},"product_price_amount":"2.40","product_price_currency":"EUR","og_availability":"instock","product_availability":"instock","product_retailer_item_id":"CC98","product_condition":"new"},"_links":{"self":[{"href":"https:\/\/creativityshop.eu\/pl\/wp-json\/wp\/v2\/product\/36606","targetHints":{"allow":["GET"]}}],"collection":[{"href":"https:\/\/creativityshop.eu\/pl\/wp-json\/wp\/v2\/product"}],"about":[{"href":"https:\/\/creativityshop.eu\/pl\/wp-json\/wp\/v2\/types\/product"}],"wp:featuredmedia":[{"embeddable":true,"href":"https:\/\/creativityshop.eu\/pl\/wp-json\/wp\/v2\/media\/36608"}],"wp:attachment":[{"href":"https:\/\/creativityshop.eu\/pl\/wp-json\/wp\/v2\/media?parent=36606"}],"wp:term":[{"taxonomy":"product_brand","embeddable":true,"href":"https:\/\/creativityshop.eu\/pl\/wp-json\/wp\/v2\/product_brand?post=36606"},{"taxonomy":"product_cat","embeddable":true,"href":"https:\/\/creativityshop.eu\/pl\/wp-json\/wp\/v2\/product_cat?post=36606"},{"taxonomy":"product_tag","embeddable":true,"href":"https:\/\/creativityshop.eu\/pl\/wp-json\/wp\/v2\/product_tag?post=36606"}],"curies":[{"name":"wp","href":"https:\/\/api.w.org\/{rel}","templated":true}]}}