{"id":36023,"date":"2023-07-13T16:56:56","date_gmt":"2023-07-13T13:56:56","guid":{"rendered":"https:\/\/creativityshop.eu\/?post_type=product&#038;p=36023"},"modified":"2026-01-28T02:23:49","modified_gmt":"2026-01-27T23:23:49","slug":"matryoshka-doll-face-glass-cabochon-with-flat-back-white-skin-tone-blond-hair-blue-eyes-red-lips","status":"publish","type":"product","link":"https:\/\/creativityshop.eu\/pl\/product\/matryoshka-doll-face-glass-cabochon-with-flat-back-white-skin-tone-blond-hair-blue-eyes-red-lips\/","title":{"rendered":"Matryoshka Doll Face Glass Cabochon with Flat Back, White Skin Tone, Blond Hair, Blue Eyes, Red Lips"},"content":{"rendered":"","protected":false},"excerpt":{"rendered":"<p><strong>Matryoshka Doll Face Glass Cabochon with Flat Back<\/strong><br \/>\nShape: Round with self-adhesive flat back<br \/>\nMaterial: Glass<br \/>\nColor: white skin tone, blue eyes, blond hair, red lips<br \/>\nDiameter: 20 mm<br \/>\nPrice per 1 piece<\/p>\n","protected":false},"featured_media":36025,"template":"","meta":{"_acf_changed":false,"_exactmetrics_skip_tracking":false,"_exactmetrics_sitenote_active":false,"_exactmetrics_sitenote_note":"","_exactmetrics_sitenote_category":0},"product_brand":[],"product_cat":[383],"product_tag":[],"class_list":{"0":"post-36023","1":"product","2":"type-product","3":"status-publish","4":"has-post-thumbnail","6":"product_cat-cabochons","8":"first","9":"outofstock","10":"taxable","11":"shipping-taxable","12":"purchasable","13":"product-type-simple","14":"add-to-wishlist-after_add_to_cart"},"acf":[],"yoast_head":"<!-- This site is optimized with the Yoast SEO Premium plugin v27.0 (Yoast SEO v27.0) - https:\/\/yoast.com\/product\/yoast-seo-premium-wordpress\/ -->\n<title>Matryoshka Doll Face Glass Cabochon with Flat Back, White Skin Tone, Blond Hair, Blue Eyes, Red Lips - CreativityShopEU<\/title>\n<meta name=\"robots\" content=\"noindex, follow\" \/>\n<meta property=\"og:locale\" content=\"pl_PL\" \/>\n<meta property=\"og:type\" content=\"article\" \/>\n<meta property=\"og:title\" content=\"Matryoshka Doll Face Glass Cabochon with Flat Back, White Skin Tone, Blond Hair, Blue Eyes, Red Lips\" \/>\n<meta property=\"og:description\" content=\"Matryoshka Doll Face Glass Cabochon with Flat Back Shape: Round with self-adhesive flat back Material: Glass Color: white skin tone, blue eyes, blond hair, red lips Diameter: 20 mm Price per 1 piece\" \/>\n<meta property=\"og:url\" content=\"https:\/\/creativityshop.eu\/pl\/product\/matryoshka-doll-face-glass-cabochon-with-flat-back-white-skin-tone-blond-hair-blue-eyes-red-lips\/\" \/>\n<meta property=\"og:site_name\" content=\"CreativityShopEU\" \/>\n<meta property=\"article:modified_time\" content=\"2026-01-27T23:23:49+00:00\" \/>\n<meta property=\"og:image\" content=\"https:\/\/creativityshop.eu\/wp-content\/uploads\/2023\/07\/red-lips-matruoshka-face-cabochon.jpg\" \/>\n\t<meta property=\"og:image:width\" content=\"1748\" \/>\n\t<meta property=\"og:image:height\" content=\"1748\" \/>\n\t<meta property=\"og:image:type\" content=\"image\/jpeg\" \/>\n<meta name=\"twitter:card\" content=\"summary_large_image\" \/>\n<meta name=\"twitter:label1\" content=\"Cena\" \/>\n\t<meta name=\"twitter:data1\" content=\"&#036;0.55\" \/>\n\t<meta name=\"twitter:label2\" content=\"Dost\u0119pno\u015b\u0107\" \/>\n\t<meta name=\"twitter:data2\" content=\"Brak w magazynie\" \/>\n<script type=\"application\/ld+json\" class=\"yoast-schema-graph\">{\"@context\":\"https:\/\/schema.org\",\"@graph\":[{\"@type\":\"WebPage\",\"@id\":\"https:\/\/creativityshop.eu\/pl\/product\/matryoshka-doll-face-glass-cabochon-with-flat-back-white-skin-tone-blond-hair-blue-eyes-red-lips\/\",\"url\":\"https:\/\/creativityshop.eu\/pl\/product\/matryoshka-doll-face-glass-cabochon-with-flat-back-white-skin-tone-blond-hair-blue-eyes-red-lips\/\",\"name\":\"Matryoshka Doll Face Glass Cabochon with Flat Back, White Skin Tone, Blond Hair, Blue Eyes, Red Lips - CreativityShopEU\",\"isPartOf\":{\"@id\":\"https:\/\/creativityshop.eu\/pl\/#website\"},\"primaryImageOfPage\":{\"@id\":\"https:\/\/creativityshop.eu\/pl\/product\/matryoshka-doll-face-glass-cabochon-with-flat-back-white-skin-tone-blond-hair-blue-eyes-red-lips\/#primaryimage\"},\"image\":{\"@id\":\"https:\/\/creativityshop.eu\/pl\/product\/matryoshka-doll-face-glass-cabochon-with-flat-back-white-skin-tone-blond-hair-blue-eyes-red-lips\/#primaryimage\"},\"thumbnailUrl\":\"https:\/\/creativityshop.eu\/wp-content\/uploads\/2023\/07\/red-lips-matruoshka-face-cabochon.jpg\",\"datePublished\":\"2023-07-13T13:56:56+00:00\",\"dateModified\":\"2026-01-27T23:23:49+00:00\",\"breadcrumb\":{\"@id\":\"https:\/\/creativityshop.eu\/pl\/product\/matryoshka-doll-face-glass-cabochon-with-flat-back-white-skin-tone-blond-hair-blue-eyes-red-lips\/#breadcrumb\"},\"inLanguage\":\"pl-PL\",\"potentialAction\":[{\"@type\":\"ReadAction\",\"target\":[\"https:\/\/creativityshop.eu\/pl\/product\/matryoshka-doll-face-glass-cabochon-with-flat-back-white-skin-tone-blond-hair-blue-eyes-red-lips\/\"]}]},{\"@type\":\"ImageObject\",\"inLanguage\":\"pl-PL\",\"@id\":\"https:\/\/creativityshop.eu\/pl\/product\/matryoshka-doll-face-glass-cabochon-with-flat-back-white-skin-tone-blond-hair-blue-eyes-red-lips\/#primaryimage\",\"url\":\"https:\/\/creativityshop.eu\/wp-content\/uploads\/2023\/07\/red-lips-matruoshka-face-cabochon.jpg\",\"contentUrl\":\"https:\/\/creativityshop.eu\/wp-content\/uploads\/2023\/07\/red-lips-matruoshka-face-cabochon.jpg\",\"width\":1748,\"height\":1748,\"caption\":\"Red Lips Matryoshka Face Cabochon\"},{\"@type\":\"BreadcrumbList\",\"@id\":\"https:\/\/creativityshop.eu\/pl\/product\/matryoshka-doll-face-glass-cabochon-with-flat-back-white-skin-tone-blond-hair-blue-eyes-red-lips\/#breadcrumb\",\"itemListElement\":[{\"@type\":\"ListItem\",\"position\":1,\"name\":\"Home\",\"item\":\"https:\/\/creativityshop.eu\/pl\/\"},{\"@type\":\"ListItem\",\"position\":2,\"name\":\"Shop\",\"item\":\"https:\/\/creativityshop.eu\/shop\/\"},{\"@type\":\"ListItem\",\"position\":3,\"name\":\"Matryoshka Doll Face Glass Cabochon with Flat Back, White Skin Tone, Blond Hair, Blue Eyes, Red Lips\"}]},{\"@type\":\"WebSite\",\"@id\":\"https:\/\/creativityshop.eu\/pl\/#website\",\"url\":\"https:\/\/creativityshop.eu\/pl\/\",\"name\":\"CreativityShopEU\",\"description\":\"Embroidery and jewelry components\",\"publisher\":{\"@id\":\"https:\/\/creativityshop.eu\/pl\/#organization\"},\"potentialAction\":[{\"@type\":\"SearchAction\",\"target\":{\"@type\":\"EntryPoint\",\"urlTemplate\":\"https:\/\/creativityshop.eu\/pl\/?s={search_term_string}\"},\"query-input\":{\"@type\":\"PropertyValueSpecification\",\"valueRequired\":true,\"valueName\":\"search_term_string\"}}],\"inLanguage\":\"pl-PL\"},{\"@type\":\"Organization\",\"@id\":\"https:\/\/creativityshop.eu\/pl\/#organization\",\"name\":\"Creativity Shop OU\",\"url\":\"https:\/\/creativityshop.eu\/pl\/\",\"logo\":{\"@type\":\"ImageObject\",\"inLanguage\":\"pl-PL\",\"@id\":\"https:\/\/creativityshop.eu\/pl\/#\/schema\/logo\/image\/\",\"url\":\"https:\/\/creativityshop.eu\/wp-content\/uploads\/2018\/11\/creativity_shop_logosite2.png\",\"contentUrl\":\"https:\/\/creativityshop.eu\/wp-content\/uploads\/2018\/11\/creativity_shop_logosite2.png\",\"width\":2871,\"height\":1100,\"caption\":\"Creativity Shop OU\"},\"image\":{\"@id\":\"https:\/\/creativityshop.eu\/pl\/#\/schema\/logo\/image\/\"}}]}<\/script>\n<meta property=\"product:price:amount\" content=\"0.55\" \/>\n<meta property=\"product:price:currency\" content=\"USD\" \/>\n<meta property=\"og:availability\" content=\"out of stock\" \/>\n<meta property=\"product:availability\" content=\"out of stock\" \/>\n<meta property=\"product:retailer_item_id\" content=\"FC007\" \/>\n<meta property=\"product:condition\" content=\"new\" \/>\n<!-- \/ Yoast SEO Premium plugin. -->","yoast_head_json":{"title":"Matryoshka Doll Face Glass Cabochon with Flat Back, White Skin Tone, Blond Hair, Blue Eyes, Red Lips - CreativityShopEU","robots":{"index":"noindex","follow":"follow"},"og_locale":"pl_PL","og_type":"article","og_title":"Matryoshka Doll Face Glass Cabochon with Flat Back, White Skin Tone, Blond Hair, Blue Eyes, Red Lips","og_description":"Matryoshka Doll Face Glass Cabochon with Flat Back Shape: Round with self-adhesive flat back Material: Glass Color: white skin tone, blue eyes, blond hair, red lips Diameter: 20 mm Price per 1 piece","og_url":"https:\/\/creativityshop.eu\/pl\/product\/matryoshka-doll-face-glass-cabochon-with-flat-back-white-skin-tone-blond-hair-blue-eyes-red-lips\/","og_site_name":"CreativityShopEU","article_modified_time":"2026-01-27T23:23:49+00:00","og_image":[{"width":1748,"height":1748,"url":"https:\/\/creativityshop.eu\/wp-content\/uploads\/2023\/07\/red-lips-matruoshka-face-cabochon.jpg","type":"image\/jpeg"}],"twitter_card":"summary_large_image","twitter_misc":{"Cena":"&#36;0.55","Dost\u0119pno\u015b\u0107":"Brak w magazynie"},"schema":{"@context":"https:\/\/schema.org","@graph":[{"@type":"WebPage","@id":"https:\/\/creativityshop.eu\/pl\/product\/matryoshka-doll-face-glass-cabochon-with-flat-back-white-skin-tone-blond-hair-blue-eyes-red-lips\/","url":"https:\/\/creativityshop.eu\/pl\/product\/matryoshka-doll-face-glass-cabochon-with-flat-back-white-skin-tone-blond-hair-blue-eyes-red-lips\/","name":"Matryoshka Doll Face Glass Cabochon with Flat Back, White Skin Tone, Blond Hair, Blue Eyes, Red Lips - CreativityShopEU","isPartOf":{"@id":"https:\/\/creativityshop.eu\/pl\/#website"},"primaryImageOfPage":{"@id":"https:\/\/creativityshop.eu\/pl\/product\/matryoshka-doll-face-glass-cabochon-with-flat-back-white-skin-tone-blond-hair-blue-eyes-red-lips\/#primaryimage"},"image":{"@id":"https:\/\/creativityshop.eu\/pl\/product\/matryoshka-doll-face-glass-cabochon-with-flat-back-white-skin-tone-blond-hair-blue-eyes-red-lips\/#primaryimage"},"thumbnailUrl":"https:\/\/creativityshop.eu\/wp-content\/uploads\/2023\/07\/red-lips-matruoshka-face-cabochon.jpg","datePublished":"2023-07-13T13:56:56+00:00","dateModified":"2026-01-27T23:23:49+00:00","breadcrumb":{"@id":"https:\/\/creativityshop.eu\/pl\/product\/matryoshka-doll-face-glass-cabochon-with-flat-back-white-skin-tone-blond-hair-blue-eyes-red-lips\/#breadcrumb"},"inLanguage":"pl-PL","potentialAction":[{"@type":"ReadAction","target":["https:\/\/creativityshop.eu\/pl\/product\/matryoshka-doll-face-glass-cabochon-with-flat-back-white-skin-tone-blond-hair-blue-eyes-red-lips\/"]}]},{"@type":"ImageObject","inLanguage":"pl-PL","@id":"https:\/\/creativityshop.eu\/pl\/product\/matryoshka-doll-face-glass-cabochon-with-flat-back-white-skin-tone-blond-hair-blue-eyes-red-lips\/#primaryimage","url":"https:\/\/creativityshop.eu\/wp-content\/uploads\/2023\/07\/red-lips-matruoshka-face-cabochon.jpg","contentUrl":"https:\/\/creativityshop.eu\/wp-content\/uploads\/2023\/07\/red-lips-matruoshka-face-cabochon.jpg","width":1748,"height":1748,"caption":"Red Lips Matryoshka Face Cabochon"},{"@type":"BreadcrumbList","@id":"https:\/\/creativityshop.eu\/pl\/product\/matryoshka-doll-face-glass-cabochon-with-flat-back-white-skin-tone-blond-hair-blue-eyes-red-lips\/#breadcrumb","itemListElement":[{"@type":"ListItem","position":1,"name":"Home","item":"https:\/\/creativityshop.eu\/pl\/"},{"@type":"ListItem","position":2,"name":"Shop","item":"https:\/\/creativityshop.eu\/shop\/"},{"@type":"ListItem","position":3,"name":"Matryoshka Doll Face Glass Cabochon with Flat Back, White Skin Tone, Blond Hair, Blue Eyes, Red Lips"}]},{"@type":"WebSite","@id":"https:\/\/creativityshop.eu\/pl\/#website","url":"https:\/\/creativityshop.eu\/pl\/","name":"CreativityShopEU","description":"Embroidery and jewelry components","publisher":{"@id":"https:\/\/creativityshop.eu\/pl\/#organization"},"potentialAction":[{"@type":"SearchAction","target":{"@type":"EntryPoint","urlTemplate":"https:\/\/creativityshop.eu\/pl\/?s={search_term_string}"},"query-input":{"@type":"PropertyValueSpecification","valueRequired":true,"valueName":"search_term_string"}}],"inLanguage":"pl-PL"},{"@type":"Organization","@id":"https:\/\/creativityshop.eu\/pl\/#organization","name":"Creativity Shop OU","url":"https:\/\/creativityshop.eu\/pl\/","logo":{"@type":"ImageObject","inLanguage":"pl-PL","@id":"https:\/\/creativityshop.eu\/pl\/#\/schema\/logo\/image\/","url":"https:\/\/creativityshop.eu\/wp-content\/uploads\/2018\/11\/creativity_shop_logosite2.png","contentUrl":"https:\/\/creativityshop.eu\/wp-content\/uploads\/2018\/11\/creativity_shop_logosite2.png","width":2871,"height":1100,"caption":"Creativity Shop OU"},"image":{"@id":"https:\/\/creativityshop.eu\/pl\/#\/schema\/logo\/image\/"}}]},"product_price_amount":"0.55","product_price_currency":"USD","og_availability":"out of stock","product_availability":"out of stock","product_retailer_item_id":"FC007","product_condition":"new"},"_links":{"self":[{"href":"https:\/\/creativityshop.eu\/pl\/wp-json\/wp\/v2\/product\/36023","targetHints":{"allow":["GET"]}}],"collection":[{"href":"https:\/\/creativityshop.eu\/pl\/wp-json\/wp\/v2\/product"}],"about":[{"href":"https:\/\/creativityshop.eu\/pl\/wp-json\/wp\/v2\/types\/product"}],"wp:featuredmedia":[{"embeddable":true,"href":"https:\/\/creativityshop.eu\/pl\/wp-json\/wp\/v2\/media\/36025"}],"wp:attachment":[{"href":"https:\/\/creativityshop.eu\/pl\/wp-json\/wp\/v2\/media?parent=36023"}],"wp:term":[{"taxonomy":"product_brand","embeddable":true,"href":"https:\/\/creativityshop.eu\/pl\/wp-json\/wp\/v2\/product_brand?post=36023"},{"taxonomy":"product_cat","embeddable":true,"href":"https:\/\/creativityshop.eu\/pl\/wp-json\/wp\/v2\/product_cat?post=36023"},{"taxonomy":"product_tag","embeddable":true,"href":"https:\/\/creativityshop.eu\/pl\/wp-json\/wp\/v2\/product_tag?post=36023"}],"curies":[{"name":"wp","href":"https:\/\/api.w.org\/{rel}","templated":true}]}}