{"id":35824,"date":"2023-06-27T10:41:15","date_gmt":"2023-06-27T07:41:15","guid":{"rendered":"https:\/\/creativityshop.eu\/?post_type=product&#038;p=35824"},"modified":"2026-01-28T02:06:36","modified_gmt":"2026-01-27T23:06:36","slug":"fantasy-sequins-paillettes-mixed-and-matched-purple-color-volumetric-iris-styled-sequins-16x13-mm-made-in-france-by-langlois-martin-30-pieces","status":"publish","type":"product","link":"https:\/\/creativityshop.eu\/pl\/product\/fantasy-sequins-paillettes-mixed-and-matched-purple-color-volumetric-iris-styled-sequins-16x13-mm-made-in-france-by-langlois-martin-30-pieces\/","title":{"rendered":"Fantasy Sequins\/Paillettes, Mixed and matched Purple color, &#8222;Volumetric Iris&#8221; styled Sequins 16&#215;13 mm, Made in France by Langlois-Martin, 30 pieces"},"content":{"rendered":"<p>Here you can buy French sequins\/paillettes, &#8222;Volumetric Iris&#8221; style mixed and matched purple colored sequins\/paillettes from the &#8222;Fantasy&#8221; series. These are 16&#215;3 mm in size with one hole made by Langlois-Martin.<br \/>\nLanglois-Martin sequins are trendy for their high quality and unique colors. They are widely used in embroidery and jewelry making. You can always shop online for a wide range of French sequins and experience excellent service and worldwide delivery at Creativity Shop.<br \/>\nProduct images are for illustrative purposes only and may differ from the actual product. Due to differences in monitors and lighting, the colors of products may also appear different from those shown on the site.<\/p>\n","protected":false},"excerpt":{"rendered":"<ul>\n<li>&#8222;Fantasy&#8221; series &#8222;Volumetric Iris&#8221; styled sequins<\/li>\n<li>Size: 16&#215;13 mm<\/li>\n<li>Color: Mixed and matched Purple<\/li>\n<li>Produced in: France, Langlois-Martin<\/li>\n<li>Sold per: 30 pieces<\/li>\n<\/ul>\n","protected":false},"featured_media":35850,"template":"","meta":{"_acf_changed":false,"_exactmetrics_skip_tracking":false,"_exactmetrics_sitenote_active":false,"_exactmetrics_sitenote_note":"","_exactmetrics_sitenote_category":0},"product_brand":[],"product_cat":[274,275],"product_tag":[],"class_list":{"0":"post-35824","1":"product","2":"type-product","3":"status-publish","4":"has-post-thumbnail","6":"product_cat-sequins","7":"product_cat-fantasy-sequins","9":"first","10":"outofstock","11":"taxable","12":"shipping-taxable","13":"purchasable","14":"product-type-simple","15":"add-to-wishlist-after_add_to_cart"},"acf":[],"yoast_head":"<!-- This site is optimized with the Yoast SEO Premium plugin v27.0 (Yoast SEO v27.0) - https:\/\/yoast.com\/product\/yoast-seo-premium-wordpress\/ -->\n<title>Fantasy Sequins\/Paillettes, Mixed and matched Purple color, &quot;Volumetric Iris&quot; styled Sequins 16x13 mm, Made in France by Langlois-Martin, 30 pieces - CreativityShopEU<\/title>\n<meta name=\"robots\" content=\"noindex, follow\" \/>\n<meta property=\"og:locale\" content=\"pl_PL\" \/>\n<meta property=\"og:type\" content=\"article\" \/>\n<meta property=\"og:title\" content=\"Fantasy Sequins\/Paillettes, Mixed and matched Purple color, &quot;Volumetric Iris&quot; styled Sequins 16x13 mm, Made in France by Langlois-Martin, 30 pieces\" \/>\n<meta property=\"og:description\" content=\"&quot;Fantasy&quot; series &quot;Volumetric Iris&quot; styled sequins  Size: 16x13 mm  Color: Mixed and matched Purple  Produced in: France, Langlois-Martin  Sold per: 30 pieces\" \/>\n<meta property=\"og:url\" content=\"https:\/\/creativityshop.eu\/pl\/product\/fantasy-sequins-paillettes-mixed-and-matched-purple-color-volumetric-iris-styled-sequins-16x13-mm-made-in-france-by-langlois-martin-30-pieces\/\" \/>\n<meta property=\"og:site_name\" content=\"CreativityShopEU\" \/>\n<meta property=\"article:modified_time\" content=\"2026-01-27T23:06:36+00:00\" \/>\n<meta property=\"og:image\" content=\"https:\/\/creativityshop.eu\/wp-content\/uploads\/2023\/06\/purple-volumetric-iris-creativity-shop1.jpg\" \/>\n\t<meta property=\"og:image:width\" content=\"1530\" \/>\n\t<meta property=\"og:image:height\" content=\"1504\" \/>\n\t<meta property=\"og:image:type\" content=\"image\/jpeg\" \/>\n<meta name=\"twitter:card\" content=\"summary_large_image\" \/>\n<meta name=\"twitter:label1\" content=\"Cena\" \/>\n\t<meta name=\"twitter:data1\" content=\"&#036;4.82\" \/>\n\t<meta name=\"twitter:label2\" content=\"Dost\u0119pno\u015b\u0107\" \/>\n\t<meta name=\"twitter:data2\" content=\"Brak w magazynie\" \/>\n<script type=\"application\/ld+json\" class=\"yoast-schema-graph\">{\"@context\":\"https:\/\/schema.org\",\"@graph\":[{\"@type\":\"WebPage\",\"@id\":\"https:\/\/creativityshop.eu\/pl\/product\/fantasy-sequins-paillettes-mixed-and-matched-purple-color-volumetric-iris-styled-sequins-16x13-mm-made-in-france-by-langlois-martin-30-pieces\/\",\"url\":\"https:\/\/creativityshop.eu\/pl\/product\/fantasy-sequins-paillettes-mixed-and-matched-purple-color-volumetric-iris-styled-sequins-16x13-mm-made-in-france-by-langlois-martin-30-pieces\/\",\"name\":\"Fantasy Sequins\/Paillettes, Mixed and matched Purple color, \\\"Volumetric Iris\\\" styled Sequins 16x13 mm, Made in France by Langlois-Martin, 30 pieces - CreativityShopEU\",\"isPartOf\":{\"@id\":\"https:\/\/creativityshop.eu\/pl\/#website\"},\"primaryImageOfPage\":{\"@id\":\"https:\/\/creativityshop.eu\/pl\/product\/fantasy-sequins-paillettes-mixed-and-matched-purple-color-volumetric-iris-styled-sequins-16x13-mm-made-in-france-by-langlois-martin-30-pieces\/#primaryimage\"},\"image\":{\"@id\":\"https:\/\/creativityshop.eu\/pl\/product\/fantasy-sequins-paillettes-mixed-and-matched-purple-color-volumetric-iris-styled-sequins-16x13-mm-made-in-france-by-langlois-martin-30-pieces\/#primaryimage\"},\"thumbnailUrl\":\"https:\/\/creativityshop.eu\/wp-content\/uploads\/2023\/06\/purple-volumetric-iris-creativity-shop1.jpg\",\"datePublished\":\"2023-06-27T07:41:15+00:00\",\"dateModified\":\"2026-01-27T23:06:36+00:00\",\"breadcrumb\":{\"@id\":\"https:\/\/creativityshop.eu\/pl\/product\/fantasy-sequins-paillettes-mixed-and-matched-purple-color-volumetric-iris-styled-sequins-16x13-mm-made-in-france-by-langlois-martin-30-pieces\/#breadcrumb\"},\"inLanguage\":\"pl-PL\",\"potentialAction\":[{\"@type\":\"ReadAction\",\"target\":[\"https:\/\/creativityshop.eu\/pl\/product\/fantasy-sequins-paillettes-mixed-and-matched-purple-color-volumetric-iris-styled-sequins-16x13-mm-made-in-france-by-langlois-martin-30-pieces\/\"]}]},{\"@type\":\"ImageObject\",\"inLanguage\":\"pl-PL\",\"@id\":\"https:\/\/creativityshop.eu\/pl\/product\/fantasy-sequins-paillettes-mixed-and-matched-purple-color-volumetric-iris-styled-sequins-16x13-mm-made-in-france-by-langlois-martin-30-pieces\/#primaryimage\",\"url\":\"https:\/\/creativityshop.eu\/wp-content\/uploads\/2023\/06\/purple-volumetric-iris-creativity-shop1.jpg\",\"contentUrl\":\"https:\/\/creativityshop.eu\/wp-content\/uploads\/2023\/06\/purple-volumetric-iris-creativity-shop1.jpg\",\"width\":1530,\"height\":1504},{\"@type\":\"BreadcrumbList\",\"@id\":\"https:\/\/creativityshop.eu\/pl\/product\/fantasy-sequins-paillettes-mixed-and-matched-purple-color-volumetric-iris-styled-sequins-16x13-mm-made-in-france-by-langlois-martin-30-pieces\/#breadcrumb\",\"itemListElement\":[{\"@type\":\"ListItem\",\"position\":1,\"name\":\"Home\",\"item\":\"https:\/\/creativityshop.eu\/pl\/\"},{\"@type\":\"ListItem\",\"position\":2,\"name\":\"Shop\",\"item\":\"https:\/\/creativityshop.eu\/shop\/\"},{\"@type\":\"ListItem\",\"position\":3,\"name\":\"Fantasy Sequins\/Paillettes, Mixed and matched Purple color, &#8220;Volumetric Iris&#8221; styled Sequins 16&#215;13 mm, Made in France by Langlois-Martin, 30 pieces\"}]},{\"@type\":\"WebSite\",\"@id\":\"https:\/\/creativityshop.eu\/pl\/#website\",\"url\":\"https:\/\/creativityshop.eu\/pl\/\",\"name\":\"CreativityShopEU\",\"description\":\"Embroidery and jewelry components\",\"publisher\":{\"@id\":\"https:\/\/creativityshop.eu\/pl\/#organization\"},\"potentialAction\":[{\"@type\":\"SearchAction\",\"target\":{\"@type\":\"EntryPoint\",\"urlTemplate\":\"https:\/\/creativityshop.eu\/pl\/?s={search_term_string}\"},\"query-input\":{\"@type\":\"PropertyValueSpecification\",\"valueRequired\":true,\"valueName\":\"search_term_string\"}}],\"inLanguage\":\"pl-PL\"},{\"@type\":\"Organization\",\"@id\":\"https:\/\/creativityshop.eu\/pl\/#organization\",\"name\":\"Creativity Shop OU\",\"url\":\"https:\/\/creativityshop.eu\/pl\/\",\"logo\":{\"@type\":\"ImageObject\",\"inLanguage\":\"pl-PL\",\"@id\":\"https:\/\/creativityshop.eu\/pl\/#\/schema\/logo\/image\/\",\"url\":\"https:\/\/creativityshop.eu\/wp-content\/uploads\/2018\/11\/creativity_shop_logosite2.png\",\"contentUrl\":\"https:\/\/creativityshop.eu\/wp-content\/uploads\/2018\/11\/creativity_shop_logosite2.png\",\"width\":2871,\"height\":1100,\"caption\":\"Creativity Shop OU\"},\"image\":{\"@id\":\"https:\/\/creativityshop.eu\/pl\/#\/schema\/logo\/image\/\"}}]}<\/script>\n<meta property=\"product:price:amount\" content=\"4.82\" \/>\n<meta property=\"product:price:currency\" content=\"USD\" \/>\n<meta property=\"og:availability\" content=\"out of stock\" \/>\n<meta property=\"product:availability\" content=\"out of stock\" \/>\n<meta property=\"product:retailer_item_id\" content=\"SI010\" \/>\n<meta property=\"product:condition\" content=\"new\" \/>\n<!-- \/ Yoast SEO Premium plugin. -->","yoast_head_json":{"title":"Fantasy Sequins\/Paillettes, Mixed and matched Purple color, \"Volumetric Iris\" styled Sequins 16x13 mm, Made in France by Langlois-Martin, 30 pieces - CreativityShopEU","robots":{"index":"noindex","follow":"follow"},"og_locale":"pl_PL","og_type":"article","og_title":"Fantasy Sequins\/Paillettes, Mixed and matched Purple color, \"Volumetric Iris\" styled Sequins 16x13 mm, Made in France by Langlois-Martin, 30 pieces","og_description":"\"Fantasy\" series \"Volumetric Iris\" styled sequins  Size: 16x13 mm  Color: Mixed and matched Purple  Produced in: France, Langlois-Martin  Sold per: 30 pieces","og_url":"https:\/\/creativityshop.eu\/pl\/product\/fantasy-sequins-paillettes-mixed-and-matched-purple-color-volumetric-iris-styled-sequins-16x13-mm-made-in-france-by-langlois-martin-30-pieces\/","og_site_name":"CreativityShopEU","article_modified_time":"2026-01-27T23:06:36+00:00","og_image":[{"width":1530,"height":1504,"url":"https:\/\/creativityshop.eu\/wp-content\/uploads\/2023\/06\/purple-volumetric-iris-creativity-shop1.jpg","type":"image\/jpeg"}],"twitter_card":"summary_large_image","twitter_misc":{"Cena":"&#36;4.82","Dost\u0119pno\u015b\u0107":"Brak w magazynie"},"schema":{"@context":"https:\/\/schema.org","@graph":[{"@type":"WebPage","@id":"https:\/\/creativityshop.eu\/pl\/product\/fantasy-sequins-paillettes-mixed-and-matched-purple-color-volumetric-iris-styled-sequins-16x13-mm-made-in-france-by-langlois-martin-30-pieces\/","url":"https:\/\/creativityshop.eu\/pl\/product\/fantasy-sequins-paillettes-mixed-and-matched-purple-color-volumetric-iris-styled-sequins-16x13-mm-made-in-france-by-langlois-martin-30-pieces\/","name":"Fantasy Sequins\/Paillettes, Mixed and matched Purple color, \"Volumetric Iris\" styled Sequins 16x13 mm, Made in France by Langlois-Martin, 30 pieces - CreativityShopEU","isPartOf":{"@id":"https:\/\/creativityshop.eu\/pl\/#website"},"primaryImageOfPage":{"@id":"https:\/\/creativityshop.eu\/pl\/product\/fantasy-sequins-paillettes-mixed-and-matched-purple-color-volumetric-iris-styled-sequins-16x13-mm-made-in-france-by-langlois-martin-30-pieces\/#primaryimage"},"image":{"@id":"https:\/\/creativityshop.eu\/pl\/product\/fantasy-sequins-paillettes-mixed-and-matched-purple-color-volumetric-iris-styled-sequins-16x13-mm-made-in-france-by-langlois-martin-30-pieces\/#primaryimage"},"thumbnailUrl":"https:\/\/creativityshop.eu\/wp-content\/uploads\/2023\/06\/purple-volumetric-iris-creativity-shop1.jpg","datePublished":"2023-06-27T07:41:15+00:00","dateModified":"2026-01-27T23:06:36+00:00","breadcrumb":{"@id":"https:\/\/creativityshop.eu\/pl\/product\/fantasy-sequins-paillettes-mixed-and-matched-purple-color-volumetric-iris-styled-sequins-16x13-mm-made-in-france-by-langlois-martin-30-pieces\/#breadcrumb"},"inLanguage":"pl-PL","potentialAction":[{"@type":"ReadAction","target":["https:\/\/creativityshop.eu\/pl\/product\/fantasy-sequins-paillettes-mixed-and-matched-purple-color-volumetric-iris-styled-sequins-16x13-mm-made-in-france-by-langlois-martin-30-pieces\/"]}]},{"@type":"ImageObject","inLanguage":"pl-PL","@id":"https:\/\/creativityshop.eu\/pl\/product\/fantasy-sequins-paillettes-mixed-and-matched-purple-color-volumetric-iris-styled-sequins-16x13-mm-made-in-france-by-langlois-martin-30-pieces\/#primaryimage","url":"https:\/\/creativityshop.eu\/wp-content\/uploads\/2023\/06\/purple-volumetric-iris-creativity-shop1.jpg","contentUrl":"https:\/\/creativityshop.eu\/wp-content\/uploads\/2023\/06\/purple-volumetric-iris-creativity-shop1.jpg","width":1530,"height":1504},{"@type":"BreadcrumbList","@id":"https:\/\/creativityshop.eu\/pl\/product\/fantasy-sequins-paillettes-mixed-and-matched-purple-color-volumetric-iris-styled-sequins-16x13-mm-made-in-france-by-langlois-martin-30-pieces\/#breadcrumb","itemListElement":[{"@type":"ListItem","position":1,"name":"Home","item":"https:\/\/creativityshop.eu\/pl\/"},{"@type":"ListItem","position":2,"name":"Shop","item":"https:\/\/creativityshop.eu\/shop\/"},{"@type":"ListItem","position":3,"name":"Fantasy Sequins\/Paillettes, Mixed and matched Purple color, &#8220;Volumetric Iris&#8221; styled Sequins 16&#215;13 mm, Made in France by Langlois-Martin, 30 pieces"}]},{"@type":"WebSite","@id":"https:\/\/creativityshop.eu\/pl\/#website","url":"https:\/\/creativityshop.eu\/pl\/","name":"CreativityShopEU","description":"Embroidery and jewelry components","publisher":{"@id":"https:\/\/creativityshop.eu\/pl\/#organization"},"potentialAction":[{"@type":"SearchAction","target":{"@type":"EntryPoint","urlTemplate":"https:\/\/creativityshop.eu\/pl\/?s={search_term_string}"},"query-input":{"@type":"PropertyValueSpecification","valueRequired":true,"valueName":"search_term_string"}}],"inLanguage":"pl-PL"},{"@type":"Organization","@id":"https:\/\/creativityshop.eu\/pl\/#organization","name":"Creativity Shop OU","url":"https:\/\/creativityshop.eu\/pl\/","logo":{"@type":"ImageObject","inLanguage":"pl-PL","@id":"https:\/\/creativityshop.eu\/pl\/#\/schema\/logo\/image\/","url":"https:\/\/creativityshop.eu\/wp-content\/uploads\/2018\/11\/creativity_shop_logosite2.png","contentUrl":"https:\/\/creativityshop.eu\/wp-content\/uploads\/2018\/11\/creativity_shop_logosite2.png","width":2871,"height":1100,"caption":"Creativity Shop OU"},"image":{"@id":"https:\/\/creativityshop.eu\/pl\/#\/schema\/logo\/image\/"}}]},"product_price_amount":"4.82","product_price_currency":"USD","og_availability":"out of stock","product_availability":"out of stock","product_retailer_item_id":"SI010","product_condition":"new"},"_links":{"self":[{"href":"https:\/\/creativityshop.eu\/pl\/wp-json\/wp\/v2\/product\/35824","targetHints":{"allow":["GET"]}}],"collection":[{"href":"https:\/\/creativityshop.eu\/pl\/wp-json\/wp\/v2\/product"}],"about":[{"href":"https:\/\/creativityshop.eu\/pl\/wp-json\/wp\/v2\/types\/product"}],"wp:featuredmedia":[{"embeddable":true,"href":"https:\/\/creativityshop.eu\/pl\/wp-json\/wp\/v2\/media\/35850"}],"wp:attachment":[{"href":"https:\/\/creativityshop.eu\/pl\/wp-json\/wp\/v2\/media?parent=35824"}],"wp:term":[{"taxonomy":"product_brand","embeddable":true,"href":"https:\/\/creativityshop.eu\/pl\/wp-json\/wp\/v2\/product_brand?post=35824"},{"taxonomy":"product_cat","embeddable":true,"href":"https:\/\/creativityshop.eu\/pl\/wp-json\/wp\/v2\/product_cat?post=35824"},{"taxonomy":"product_tag","embeddable":true,"href":"https:\/\/creativityshop.eu\/pl\/wp-json\/wp\/v2\/product_tag?post=35824"}],"curies":[{"name":"wp","href":"https:\/\/api.w.org\/{rel}","templated":true}]}}