{"id":34944,"date":"2023-03-13T17:26:25","date_gmt":"2023-03-13T14:26:25","guid":{"rendered":"https:\/\/creativityshop.eu\/?post_type=product&#038;p=34944"},"modified":"2026-01-28T02:05:22","modified_gmt":"2026-01-27T23:05:22","slug":"ear-cuff-earring-findings-mounting-setting-jewelry-making-components-plating-gold-rhodium-2-7-x-0-3-7-0-8-cm","status":"publish","type":"product","link":"https:\/\/creativityshop.eu\/pl\/product\/ear-cuff-earring-findings-mounting-setting-jewelry-making-components-plating-gold-rhodium-2-7-x-0-3-7-0-8-cm\/","title":{"rendered":"Ear cuff Earring Findings Mounting Setting Jewelry making components Plating: Gold\/Rhodium; 2.7 x 0.3&#8243;\/7\u00d70.8 cm"},"content":{"rendered":"<p><strong>Material:<\/strong> Brass<br \/>\n<strong>Plating:<\/strong> Gold\/Rhodium<br \/>\n<strong>Type of backing:<\/strong> Cuff<br \/>\n<strong>Size:<\/strong> 2.7 x 0.3&#8243;\/7\u00d70.8 cm<br \/>\nPrice per 1 piece<\/p>\n<p>Ear cuffs are designed to give that earring look without a piercing. To wear cuffs you haven&#8217;t got your ears pierced. Just place cuffs over the desired portion of the ear. Once placed, they are secured by squeezing so that the natural pressure of the metal shape holds them where they are.<br \/>\nCuff earrings are a great way to experiment with your sense of style. You can find cuff earrings in many different styles, from chunky cuffs with chains that hang around and below your ear to wraparound styles that closely hug the edge of your ear with embellished designs and more. Our store www.creativityshop.eu offers a wide selection of high-quality findings for creating beautiful jewelry.<\/p>\n<p><strong>Recommendations for the care.<\/strong><\/p>\n<p>To make your jewelry last longer avoid contact with hairspray, perfumes, deodorants, sea, and chlorinated water. Moisture, as well as chlorine and sweat, can discolor your jewelry.<br \/>\nKeep your jewelry in careful storage to prevent damage and discoloration. To avoid scratches, damage, and getting jewelry entangled with one another, it is recommended to store each piece of jewelry separately or in one box without touching each other.<br \/>\nIt is necessary to put on jewelry when you are already dressed.<br \/>\nTake off the jewelry before going to bed or sports.<br \/>\nDo not overheat in the sun or in the sauna.<\/p>\n<p><em>Product images are for illustrative purposes only and may differ from the actual product. Due to differences in monitors and lighting, the colors of products may also appear different from those shown on the site.<\/em><\/p>\n","protected":false},"excerpt":{"rendered":"<p><strong>Ear cuffs are designed to give that earring look without a piercing. Just place cuffs over the desired portion of the ear and press lightly.<\/strong><br \/>\n<em>Hypoallergenic. No lead.<\/em><\/p>\n<p><strong>Material:<\/strong> Brass<br \/>\n<strong>Plating:<\/strong> Gold\/Rhodium<br \/>\n<strong>Type of backing:<\/strong> Cuff<br \/>\n<strong>Size:<\/strong> 2.7 x 0.3&#8243;\/7\u00d70.8 cm<br \/>\nPrice per 1 piece<\/p>\n","protected":false},"featured_media":34952,"template":"","meta":{"_acf_changed":false,"_exactmetrics_skip_tracking":false,"_exactmetrics_sitenote_active":false,"_exactmetrics_sitenote_note":"","_exactmetrics_sitenote_category":0},"product_brand":[],"product_cat":[43,44],"product_tag":[],"class_list":{"0":"post-34944","1":"product","2":"type-product","3":"status-publish","4":"has-post-thumbnail","6":"product_cat-jewelry-components","7":"product_cat-earring-components","9":"first","10":"outofstock","11":"taxable","12":"shipping-taxable","13":"product-type-variable","14":"wvs-archive-product-wrapper","15":"add-to-wishlist-after_add_to_cart"},"acf":[],"yoast_head":"<!-- This site is optimized with the Yoast SEO Premium plugin v27.0 (Yoast SEO v27.0) - https:\/\/yoast.com\/product\/yoast-seo-premium-wordpress\/ -->\n<title>Ear cuff Earring Findings Mounting Setting Jewelry making components Plating: Gold\/Rhodium; 2.7 x 0.3&quot;\/7\u00d70.8 cm - CreativityShopEU<\/title>\n<meta name=\"robots\" content=\"noindex, follow\" \/>\n<meta property=\"og:locale\" content=\"pl_PL\" \/>\n<meta property=\"og:type\" content=\"article\" \/>\n<meta property=\"og:title\" content=\"Ear cuff Earring Findings Mounting Setting Jewelry making components Plating: Gold\/Rhodium; 2.7 x 0.3&quot;\/7\u00d70.8 cm\" \/>\n<meta property=\"og:description\" content=\"Ear cuffs are designed to give that earring look without a piercing. Just place cuffs over the desired portion of the ear and press lightly. Hypoallergenic. No lead.  Material: Brass Plating: Gold\/Rhodium Type of backing: Cuff Size: 2.7 x 0.3&quot;\/7\u00d70.8 cm Price per 1 piece\" \/>\n<meta property=\"og:url\" content=\"https:\/\/creativityshop.eu\/pl\/product\/ear-cuff-earring-findings-mounting-setting-jewelry-making-components-plating-gold-rhodium-2-7-x-0-3-7-0-8-cm\/\" \/>\n<meta property=\"og:site_name\" content=\"CreativityShopEU\" \/>\n<meta property=\"article:modified_time\" content=\"2026-01-27T23:05:22+00:00\" \/>\n<meta property=\"og:image\" content=\"https:\/\/creativityshop.eu\/wp-content\/uploads\/2023\/03\/ec117_01_768.jpg\" \/>\n\t<meta property=\"og:image:width\" content=\"768\" \/>\n\t<meta property=\"og:image:height\" content=\"768\" \/>\n\t<meta property=\"og:image:type\" content=\"image\/jpeg\" \/>\n<meta name=\"twitter:card\" content=\"summary_large_image\" \/>\n<meta name=\"twitter:label1\" content=\"Dost\u0119pno\u015b\u0107\" \/>\n\t<meta name=\"twitter:data1\" content=\"Brak w magazynie\" \/>\n<script type=\"application\/ld+json\" class=\"yoast-schema-graph\">{\"@context\":\"https:\/\/schema.org\",\"@graph\":[{\"@type\":\"WebPage\",\"@id\":\"https:\/\/creativityshop.eu\/pl\/product\/ear-cuff-earring-findings-mounting-setting-jewelry-making-components-plating-gold-rhodium-2-7-x-0-3-7-0-8-cm\/\",\"url\":\"https:\/\/creativityshop.eu\/pl\/product\/ear-cuff-earring-findings-mounting-setting-jewelry-making-components-plating-gold-rhodium-2-7-x-0-3-7-0-8-cm\/\",\"name\":\"Ear cuff Earring Findings Mounting Setting Jewelry making components Plating: Gold\/Rhodium; 2.7 x 0.3\\\"\/7\u00d70.8 cm - CreativityShopEU\",\"isPartOf\":{\"@id\":\"https:\/\/creativityshop.eu\/pl\/#website\"},\"primaryImageOfPage\":{\"@id\":\"https:\/\/creativityshop.eu\/pl\/product\/ear-cuff-earring-findings-mounting-setting-jewelry-making-components-plating-gold-rhodium-2-7-x-0-3-7-0-8-cm\/#primaryimage\"},\"image\":{\"@id\":\"https:\/\/creativityshop.eu\/pl\/product\/ear-cuff-earring-findings-mounting-setting-jewelry-making-components-plating-gold-rhodium-2-7-x-0-3-7-0-8-cm\/#primaryimage\"},\"thumbnailUrl\":\"https:\/\/creativityshop.eu\/wp-content\/uploads\/2023\/03\/ec117_01_768.jpg\",\"datePublished\":\"2023-03-13T14:26:25+00:00\",\"dateModified\":\"2026-01-27T23:05:22+00:00\",\"breadcrumb\":{\"@id\":\"https:\/\/creativityshop.eu\/pl\/product\/ear-cuff-earring-findings-mounting-setting-jewelry-making-components-plating-gold-rhodium-2-7-x-0-3-7-0-8-cm\/#breadcrumb\"},\"inLanguage\":\"pl-PL\",\"potentialAction\":[{\"@type\":\"ReadAction\",\"target\":[\"https:\/\/creativityshop.eu\/pl\/product\/ear-cuff-earring-findings-mounting-setting-jewelry-making-components-plating-gold-rhodium-2-7-x-0-3-7-0-8-cm\/\"]}]},{\"@type\":\"ImageObject\",\"inLanguage\":\"pl-PL\",\"@id\":\"https:\/\/creativityshop.eu\/pl\/product\/ear-cuff-earring-findings-mounting-setting-jewelry-making-components-plating-gold-rhodium-2-7-x-0-3-7-0-8-cm\/#primaryimage\",\"url\":\"https:\/\/creativityshop.eu\/wp-content\/uploads\/2023\/03\/ec117_01_768.jpg\",\"contentUrl\":\"https:\/\/creativityshop.eu\/wp-content\/uploads\/2023\/03\/ec117_01_768.jpg\",\"width\":768,\"height\":768,\"caption\":\"Ear cuff EC117\"},{\"@type\":\"BreadcrumbList\",\"@id\":\"https:\/\/creativityshop.eu\/pl\/product\/ear-cuff-earring-findings-mounting-setting-jewelry-making-components-plating-gold-rhodium-2-7-x-0-3-7-0-8-cm\/#breadcrumb\",\"itemListElement\":[{\"@type\":\"ListItem\",\"position\":1,\"name\":\"Home\",\"item\":\"https:\/\/creativityshop.eu\/pl\/\"},{\"@type\":\"ListItem\",\"position\":2,\"name\":\"Shop\",\"item\":\"https:\/\/creativityshop.eu\/shop\/\"},{\"@type\":\"ListItem\",\"position\":3,\"name\":\"Ear cuff Earring Findings Mounting Setting Jewelry making components Plating: Gold\/Rhodium; 2.7 x 0.3&#8243;\/7\u00d70.8 cm\"}]},{\"@type\":\"WebSite\",\"@id\":\"https:\/\/creativityshop.eu\/pl\/#website\",\"url\":\"https:\/\/creativityshop.eu\/pl\/\",\"name\":\"CreativityShopEU\",\"description\":\"Embroidery and jewelry components\",\"publisher\":{\"@id\":\"https:\/\/creativityshop.eu\/pl\/#organization\"},\"potentialAction\":[{\"@type\":\"SearchAction\",\"target\":{\"@type\":\"EntryPoint\",\"urlTemplate\":\"https:\/\/creativityshop.eu\/pl\/?s={search_term_string}\"},\"query-input\":{\"@type\":\"PropertyValueSpecification\",\"valueRequired\":true,\"valueName\":\"search_term_string\"}}],\"inLanguage\":\"pl-PL\"},{\"@type\":\"Organization\",\"@id\":\"https:\/\/creativityshop.eu\/pl\/#organization\",\"name\":\"Creativity Shop OU\",\"url\":\"https:\/\/creativityshop.eu\/pl\/\",\"logo\":{\"@type\":\"ImageObject\",\"inLanguage\":\"pl-PL\",\"@id\":\"https:\/\/creativityshop.eu\/pl\/#\/schema\/logo\/image\/\",\"url\":\"https:\/\/creativityshop.eu\/wp-content\/uploads\/2018\/11\/creativity_shop_logosite2.png\",\"contentUrl\":\"https:\/\/creativityshop.eu\/wp-content\/uploads\/2018\/11\/creativity_shop_logosite2.png\",\"width\":2871,\"height\":1100,\"caption\":\"Creativity Shop OU\"},\"image\":{\"@id\":\"https:\/\/creativityshop.eu\/pl\/#\/schema\/logo\/image\/\"}}]}<\/script>\n<meta property=\"og:availability\" content=\"out of stock\" \/>\n<meta property=\"product:availability\" content=\"out of stock\" \/>\n<meta property=\"product:condition\" content=\"new\" \/>\n<!-- \/ Yoast SEO Premium plugin. -->","yoast_head_json":{"title":"Ear cuff Earring Findings Mounting Setting Jewelry making components Plating: Gold\/Rhodium; 2.7 x 0.3\"\/7\u00d70.8 cm - CreativityShopEU","robots":{"index":"noindex","follow":"follow"},"og_locale":"pl_PL","og_type":"article","og_title":"Ear cuff Earring Findings Mounting Setting Jewelry making components Plating: Gold\/Rhodium; 2.7 x 0.3\"\/7\u00d70.8 cm","og_description":"Ear cuffs are designed to give that earring look without a piercing. Just place cuffs over the desired portion of the ear and press lightly. Hypoallergenic. No lead.  Material: Brass Plating: Gold\/Rhodium Type of backing: Cuff Size: 2.7 x 0.3\"\/7\u00d70.8 cm Price per 1 piece","og_url":"https:\/\/creativityshop.eu\/pl\/product\/ear-cuff-earring-findings-mounting-setting-jewelry-making-components-plating-gold-rhodium-2-7-x-0-3-7-0-8-cm\/","og_site_name":"CreativityShopEU","article_modified_time":"2026-01-27T23:05:22+00:00","og_image":[{"width":768,"height":768,"url":"https:\/\/creativityshop.eu\/wp-content\/uploads\/2023\/03\/ec117_01_768.jpg","type":"image\/jpeg"}],"twitter_card":"summary_large_image","twitter_misc":{"Dost\u0119pno\u015b\u0107":"Brak w magazynie"},"schema":{"@context":"https:\/\/schema.org","@graph":[{"@type":"WebPage","@id":"https:\/\/creativityshop.eu\/pl\/product\/ear-cuff-earring-findings-mounting-setting-jewelry-making-components-plating-gold-rhodium-2-7-x-0-3-7-0-8-cm\/","url":"https:\/\/creativityshop.eu\/pl\/product\/ear-cuff-earring-findings-mounting-setting-jewelry-making-components-plating-gold-rhodium-2-7-x-0-3-7-0-8-cm\/","name":"Ear cuff Earring Findings Mounting Setting Jewelry making components Plating: Gold\/Rhodium; 2.7 x 0.3\"\/7\u00d70.8 cm - CreativityShopEU","isPartOf":{"@id":"https:\/\/creativityshop.eu\/pl\/#website"},"primaryImageOfPage":{"@id":"https:\/\/creativityshop.eu\/pl\/product\/ear-cuff-earring-findings-mounting-setting-jewelry-making-components-plating-gold-rhodium-2-7-x-0-3-7-0-8-cm\/#primaryimage"},"image":{"@id":"https:\/\/creativityshop.eu\/pl\/product\/ear-cuff-earring-findings-mounting-setting-jewelry-making-components-plating-gold-rhodium-2-7-x-0-3-7-0-8-cm\/#primaryimage"},"thumbnailUrl":"https:\/\/creativityshop.eu\/wp-content\/uploads\/2023\/03\/ec117_01_768.jpg","datePublished":"2023-03-13T14:26:25+00:00","dateModified":"2026-01-27T23:05:22+00:00","breadcrumb":{"@id":"https:\/\/creativityshop.eu\/pl\/product\/ear-cuff-earring-findings-mounting-setting-jewelry-making-components-plating-gold-rhodium-2-7-x-0-3-7-0-8-cm\/#breadcrumb"},"inLanguage":"pl-PL","potentialAction":[{"@type":"ReadAction","target":["https:\/\/creativityshop.eu\/pl\/product\/ear-cuff-earring-findings-mounting-setting-jewelry-making-components-plating-gold-rhodium-2-7-x-0-3-7-0-8-cm\/"]}]},{"@type":"ImageObject","inLanguage":"pl-PL","@id":"https:\/\/creativityshop.eu\/pl\/product\/ear-cuff-earring-findings-mounting-setting-jewelry-making-components-plating-gold-rhodium-2-7-x-0-3-7-0-8-cm\/#primaryimage","url":"https:\/\/creativityshop.eu\/wp-content\/uploads\/2023\/03\/ec117_01_768.jpg","contentUrl":"https:\/\/creativityshop.eu\/wp-content\/uploads\/2023\/03\/ec117_01_768.jpg","width":768,"height":768,"caption":"Ear cuff EC117"},{"@type":"BreadcrumbList","@id":"https:\/\/creativityshop.eu\/pl\/product\/ear-cuff-earring-findings-mounting-setting-jewelry-making-components-plating-gold-rhodium-2-7-x-0-3-7-0-8-cm\/#breadcrumb","itemListElement":[{"@type":"ListItem","position":1,"name":"Home","item":"https:\/\/creativityshop.eu\/pl\/"},{"@type":"ListItem","position":2,"name":"Shop","item":"https:\/\/creativityshop.eu\/shop\/"},{"@type":"ListItem","position":3,"name":"Ear cuff Earring Findings Mounting Setting Jewelry making components Plating: Gold\/Rhodium; 2.7 x 0.3&#8243;\/7\u00d70.8 cm"}]},{"@type":"WebSite","@id":"https:\/\/creativityshop.eu\/pl\/#website","url":"https:\/\/creativityshop.eu\/pl\/","name":"CreativityShopEU","description":"Embroidery and jewelry components","publisher":{"@id":"https:\/\/creativityshop.eu\/pl\/#organization"},"potentialAction":[{"@type":"SearchAction","target":{"@type":"EntryPoint","urlTemplate":"https:\/\/creativityshop.eu\/pl\/?s={search_term_string}"},"query-input":{"@type":"PropertyValueSpecification","valueRequired":true,"valueName":"search_term_string"}}],"inLanguage":"pl-PL"},{"@type":"Organization","@id":"https:\/\/creativityshop.eu\/pl\/#organization","name":"Creativity Shop OU","url":"https:\/\/creativityshop.eu\/pl\/","logo":{"@type":"ImageObject","inLanguage":"pl-PL","@id":"https:\/\/creativityshop.eu\/pl\/#\/schema\/logo\/image\/","url":"https:\/\/creativityshop.eu\/wp-content\/uploads\/2018\/11\/creativity_shop_logosite2.png","contentUrl":"https:\/\/creativityshop.eu\/wp-content\/uploads\/2018\/11\/creativity_shop_logosite2.png","width":2871,"height":1100,"caption":"Creativity Shop OU"},"image":{"@id":"https:\/\/creativityshop.eu\/pl\/#\/schema\/logo\/image\/"}}]},"og_availability":"out of stock","product_availability":"out of stock","product_condition":"new"},"_links":{"self":[{"href":"https:\/\/creativityshop.eu\/pl\/wp-json\/wp\/v2\/product\/34944","targetHints":{"allow":["GET"]}}],"collection":[{"href":"https:\/\/creativityshop.eu\/pl\/wp-json\/wp\/v2\/product"}],"about":[{"href":"https:\/\/creativityshop.eu\/pl\/wp-json\/wp\/v2\/types\/product"}],"wp:featuredmedia":[{"embeddable":true,"href":"https:\/\/creativityshop.eu\/pl\/wp-json\/wp\/v2\/media\/34952"}],"wp:attachment":[{"href":"https:\/\/creativityshop.eu\/pl\/wp-json\/wp\/v2\/media?parent=34944"}],"wp:term":[{"taxonomy":"product_brand","embeddable":true,"href":"https:\/\/creativityshop.eu\/pl\/wp-json\/wp\/v2\/product_brand?post=34944"},{"taxonomy":"product_cat","embeddable":true,"href":"https:\/\/creativityshop.eu\/pl\/wp-json\/wp\/v2\/product_cat?post=34944"},{"taxonomy":"product_tag","embeddable":true,"href":"https:\/\/creativityshop.eu\/pl\/wp-json\/wp\/v2\/product_tag?post=34944"}],"curies":[{"name":"wp","href":"https:\/\/api.w.org\/{rel}","templated":true}]}}