{"id":34849,"date":"2023-03-13T14:08:03","date_gmt":"2023-03-13T11:08:03","guid":{"rendered":"https:\/\/creativityshop.eu\/?post_type=product&#038;p=34849"},"modified":"2026-01-28T02:27:40","modified_gmt":"2026-01-27T23:27:40","slug":"push-back-square-earring-findings-post-earrings-mounting-setting-jewelry-making-components-plated-rhodium-gold-0-6-x-0-6-1-5-1-5-cm","status":"publish","type":"product","link":"https:\/\/creativityshop.eu\/pl\/product\/push-back-square-earring-findings-post-earrings-mounting-setting-jewelry-making-components-plated-rhodium-gold-0-6-x-0-6-1-5-1-5-cm\/","title":{"rendered":"Push Back Square Earring Findings Post earrings Mounting Setting Jewelry making components Plated: Rhodium\/Gold; 0.6 x 0.6&#8243;\/1.5 \u00d71.5 cm"},"content":{"rendered":"<p><strong>Earring finding with push back closure (post earrings) is the most common type of earring back. This type of earring back simply slides onto a straight earring post and holds your earring in place.<\/strong><br \/>\n<em>Hypoallergenic. No lead.<\/em><\/p>\n<p><strong>Material:<\/strong> Brass<br \/>\n<strong>Plating:<\/strong> Gold\/Rhodium<br \/>\n<strong>Type of backing:<\/strong> Push Back<br \/>\n<strong>Size:<\/strong> 0.6 x 0.6&#8243;\/1.5 \u00d71.5 cm<br \/>\nPrice per 1 pair<\/p>\n<p>Findings &#8211; there are small metal components used in jewelry making. In jewelry making, the earring finding is the metallic post that goes through the ear and then the other decor (gemstone, beads, jewels) could be attached to it. The earring findings could be a different types such as clasps, pins, hooks, tabs, etc. Our store www.creativityshop.eu offers a wide selection of high-quality findings for creating a beautiful jewelry.<\/p>\n<p><strong>Recommendations for the care.<\/strong><\/p>\n<p>To make your jewelry last longer avoid contact from of hairspray, perfumes, deodorants, sea and chlorinated water. Moisture, as well as the chlorine and sweat can discolor your jewelry.<br \/>\nKeep your jewelry in careful storage to prevent damage and discoloration. To avoid scratches, damage and getting jewelry entangled with one another, it is recommended to store each piece of jewelry separately or in one box without touching each other.<br \/>\nIt is necessary to put on jewelry, when you are already dressed.<br \/>\nTake off the jewelry before going to bed or sports.<br \/>\nDo not overheat in the sun or in the sauna.<\/p>\n<p><em>Product images are for illustrative purposes only and may differ from the actual product. Due to differences in monitors and lightening, colors of products may also appear different to those shown on the site.<\/em><\/p>\n","protected":false},"excerpt":{"rendered":"<p><strong>Earring finding with push back closure is very secure and comfortable. The push back is easy to put on and it will not fall off.<\/strong><br \/>\n<em>Hypoallergenic. No lead.<\/em><\/p>\n<p><strong>Material:<\/strong> Brass<br \/>\n<strong>Plating:<\/strong> Gold\/Rhodium<br \/>\n<strong>Type of backing:<\/strong> Push Back<br \/>\n<strong>Size:<\/strong> 0.6 x 0.6&#8243;\/1.5 \u00d71.5 cm<br \/>\nPrice per 1 pair<\/p>\n","protected":false},"featured_media":34857,"template":"","meta":{"_acf_changed":false,"_exactmetrics_skip_tracking":false,"_exactmetrics_sitenote_active":false,"_exactmetrics_sitenote_note":"","_exactmetrics_sitenote_category":0},"product_brand":[],"product_cat":[43,44],"product_tag":[],"class_list":{"0":"post-34849","1":"product","2":"type-product","3":"status-publish","4":"has-post-thumbnail","6":"product_cat-jewelry-components","7":"product_cat-earring-components","9":"first","10":"outofstock","11":"taxable","12":"shipping-taxable","13":"product-type-variable","14":"wvs-archive-product-wrapper","15":"add-to-wishlist-after_add_to_cart"},"acf":[],"yoast_head":"<!-- This site is optimized with the Yoast SEO Premium plugin v27.0 (Yoast SEO v27.0) - https:\/\/yoast.com\/product\/yoast-seo-premium-wordpress\/ -->\n<title>Push Back Square Earring Findings Post earrings Mounting Setting Jewelry making components Plated: Rhodium\/Gold; 0.6 x 0.6&quot;\/1.5 \u00d71.5 cm - CreativityShopEU<\/title>\n<meta name=\"robots\" content=\"noindex, follow\" \/>\n<meta property=\"og:locale\" content=\"pl_PL\" \/>\n<meta property=\"og:type\" content=\"article\" \/>\n<meta property=\"og:title\" content=\"Push Back Square Earring Findings Post earrings Mounting Setting Jewelry making components Plated: Rhodium\/Gold; 0.6 x 0.6&quot;\/1.5 \u00d71.5 cm\" \/>\n<meta property=\"og:description\" content=\"Earring finding with push back closure is very secure and comfortable. The push back is easy to put on and it will not fall off. Hypoallergenic. No lead.  Material: Brass Plating: Gold\/Rhodium Type of backing: Push Back Size: 0.6 x 0.6&quot;\/1.5 \u00d71.5 cm Price per 1 pair\" \/>\n<meta property=\"og:url\" content=\"https:\/\/creativityshop.eu\/pl\/product\/push-back-square-earring-findings-post-earrings-mounting-setting-jewelry-making-components-plated-rhodium-gold-0-6-x-0-6-1-5-1-5-cm\/\" \/>\n<meta property=\"og:site_name\" content=\"CreativityShopEU\" \/>\n<meta property=\"article:modified_time\" content=\"2026-01-27T23:27:40+00:00\" \/>\n<meta property=\"og:image\" content=\"https:\/\/creativityshop.eu\/wp-content\/uploads\/2023\/03\/ec101_2_768.jpg\" \/>\n\t<meta property=\"og:image:width\" content=\"768\" \/>\n\t<meta property=\"og:image:height\" content=\"768\" \/>\n\t<meta property=\"og:image:type\" content=\"image\/jpeg\" \/>\n<meta name=\"twitter:card\" content=\"summary_large_image\" \/>\n<meta name=\"twitter:label1\" content=\"Dost\u0119pno\u015b\u0107\" \/>\n\t<meta name=\"twitter:data1\" content=\"Brak w magazynie\" \/>\n<script type=\"application\/ld+json\" class=\"yoast-schema-graph\">{\"@context\":\"https:\/\/schema.org\",\"@graph\":[{\"@type\":\"WebPage\",\"@id\":\"https:\/\/creativityshop.eu\/pl\/product\/push-back-square-earring-findings-post-earrings-mounting-setting-jewelry-making-components-plated-rhodium-gold-0-6-x-0-6-1-5-1-5-cm\/\",\"url\":\"https:\/\/creativityshop.eu\/pl\/product\/push-back-square-earring-findings-post-earrings-mounting-setting-jewelry-making-components-plated-rhodium-gold-0-6-x-0-6-1-5-1-5-cm\/\",\"name\":\"Push Back Square Earring Findings Post earrings Mounting Setting Jewelry making components Plated: Rhodium\/Gold; 0.6 x 0.6\\\"\/1.5 \u00d71.5 cm - CreativityShopEU\",\"isPartOf\":{\"@id\":\"https:\/\/creativityshop.eu\/pl\/#website\"},\"primaryImageOfPage\":{\"@id\":\"https:\/\/creativityshop.eu\/pl\/product\/push-back-square-earring-findings-post-earrings-mounting-setting-jewelry-making-components-plated-rhodium-gold-0-6-x-0-6-1-5-1-5-cm\/#primaryimage\"},\"image\":{\"@id\":\"https:\/\/creativityshop.eu\/pl\/product\/push-back-square-earring-findings-post-earrings-mounting-setting-jewelry-making-components-plated-rhodium-gold-0-6-x-0-6-1-5-1-5-cm\/#primaryimage\"},\"thumbnailUrl\":\"https:\/\/creativityshop.eu\/wp-content\/uploads\/2023\/03\/ec101_2_768.jpg\",\"datePublished\":\"2023-03-13T11:08:03+00:00\",\"dateModified\":\"2026-01-27T23:27:40+00:00\",\"breadcrumb\":{\"@id\":\"https:\/\/creativityshop.eu\/pl\/product\/push-back-square-earring-findings-post-earrings-mounting-setting-jewelry-making-components-plated-rhodium-gold-0-6-x-0-6-1-5-1-5-cm\/#breadcrumb\"},\"inLanguage\":\"pl-PL\",\"potentialAction\":[{\"@type\":\"ReadAction\",\"target\":[\"https:\/\/creativityshop.eu\/pl\/product\/push-back-square-earring-findings-post-earrings-mounting-setting-jewelry-making-components-plated-rhodium-gold-0-6-x-0-6-1-5-1-5-cm\/\"]}]},{\"@type\":\"ImageObject\",\"inLanguage\":\"pl-PL\",\"@id\":\"https:\/\/creativityshop.eu\/pl\/product\/push-back-square-earring-findings-post-earrings-mounting-setting-jewelry-making-components-plated-rhodium-gold-0-6-x-0-6-1-5-1-5-cm\/#primaryimage\",\"url\":\"https:\/\/creativityshop.eu\/wp-content\/uploads\/2023\/03\/ec101_2_768.jpg\",\"contentUrl\":\"https:\/\/creativityshop.eu\/wp-content\/uploads\/2023\/03\/ec101_2_768.jpg\",\"width\":768,\"height\":768,\"caption\":\"Earring finding EC101\"},{\"@type\":\"BreadcrumbList\",\"@id\":\"https:\/\/creativityshop.eu\/pl\/product\/push-back-square-earring-findings-post-earrings-mounting-setting-jewelry-making-components-plated-rhodium-gold-0-6-x-0-6-1-5-1-5-cm\/#breadcrumb\",\"itemListElement\":[{\"@type\":\"ListItem\",\"position\":1,\"name\":\"Home\",\"item\":\"https:\/\/creativityshop.eu\/pl\/\"},{\"@type\":\"ListItem\",\"position\":2,\"name\":\"Shop\",\"item\":\"https:\/\/creativityshop.eu\/shop\/\"},{\"@type\":\"ListItem\",\"position\":3,\"name\":\"Push Back Square Earring Findings Post earrings Mounting Setting Jewelry making components Plated: Rhodium\/Gold; 0.6 x 0.6&#8243;\/1.5 \u00d71.5 cm\"}]},{\"@type\":\"WebSite\",\"@id\":\"https:\/\/creativityshop.eu\/pl\/#website\",\"url\":\"https:\/\/creativityshop.eu\/pl\/\",\"name\":\"CreativityShopEU\",\"description\":\"Embroidery and jewelry components\",\"publisher\":{\"@id\":\"https:\/\/creativityshop.eu\/pl\/#organization\"},\"potentialAction\":[{\"@type\":\"SearchAction\",\"target\":{\"@type\":\"EntryPoint\",\"urlTemplate\":\"https:\/\/creativityshop.eu\/pl\/?s={search_term_string}\"},\"query-input\":{\"@type\":\"PropertyValueSpecification\",\"valueRequired\":true,\"valueName\":\"search_term_string\"}}],\"inLanguage\":\"pl-PL\"},{\"@type\":\"Organization\",\"@id\":\"https:\/\/creativityshop.eu\/pl\/#organization\",\"name\":\"Creativity Shop OU\",\"url\":\"https:\/\/creativityshop.eu\/pl\/\",\"logo\":{\"@type\":\"ImageObject\",\"inLanguage\":\"pl-PL\",\"@id\":\"https:\/\/creativityshop.eu\/pl\/#\/schema\/logo\/image\/\",\"url\":\"https:\/\/creativityshop.eu\/wp-content\/uploads\/2018\/11\/creativity_shop_logosite2.png\",\"contentUrl\":\"https:\/\/creativityshop.eu\/wp-content\/uploads\/2018\/11\/creativity_shop_logosite2.png\",\"width\":2871,\"height\":1100,\"caption\":\"Creativity Shop OU\"},\"image\":{\"@id\":\"https:\/\/creativityshop.eu\/pl\/#\/schema\/logo\/image\/\"}}]}<\/script>\n<meta property=\"og:availability\" content=\"out of stock\" \/>\n<meta property=\"product:availability\" content=\"out of stock\" \/>\n<meta property=\"product:condition\" content=\"new\" \/>\n<!-- \/ Yoast SEO Premium plugin. -->","yoast_head_json":{"title":"Push Back Square Earring Findings Post earrings Mounting Setting Jewelry making components Plated: Rhodium\/Gold; 0.6 x 0.6\"\/1.5 \u00d71.5 cm - CreativityShopEU","robots":{"index":"noindex","follow":"follow"},"og_locale":"pl_PL","og_type":"article","og_title":"Push Back Square Earring Findings Post earrings Mounting Setting Jewelry making components Plated: Rhodium\/Gold; 0.6 x 0.6\"\/1.5 \u00d71.5 cm","og_description":"Earring finding with push back closure is very secure and comfortable. The push back is easy to put on and it will not fall off. Hypoallergenic. No lead.  Material: Brass Plating: Gold\/Rhodium Type of backing: Push Back Size: 0.6 x 0.6\"\/1.5 \u00d71.5 cm Price per 1 pair","og_url":"https:\/\/creativityshop.eu\/pl\/product\/push-back-square-earring-findings-post-earrings-mounting-setting-jewelry-making-components-plated-rhodium-gold-0-6-x-0-6-1-5-1-5-cm\/","og_site_name":"CreativityShopEU","article_modified_time":"2026-01-27T23:27:40+00:00","og_image":[{"width":768,"height":768,"url":"https:\/\/creativityshop.eu\/wp-content\/uploads\/2023\/03\/ec101_2_768.jpg","type":"image\/jpeg"}],"twitter_card":"summary_large_image","twitter_misc":{"Dost\u0119pno\u015b\u0107":"Brak w magazynie"},"schema":{"@context":"https:\/\/schema.org","@graph":[{"@type":"WebPage","@id":"https:\/\/creativityshop.eu\/pl\/product\/push-back-square-earring-findings-post-earrings-mounting-setting-jewelry-making-components-plated-rhodium-gold-0-6-x-0-6-1-5-1-5-cm\/","url":"https:\/\/creativityshop.eu\/pl\/product\/push-back-square-earring-findings-post-earrings-mounting-setting-jewelry-making-components-plated-rhodium-gold-0-6-x-0-6-1-5-1-5-cm\/","name":"Push Back Square Earring Findings Post earrings Mounting Setting Jewelry making components Plated: Rhodium\/Gold; 0.6 x 0.6\"\/1.5 \u00d71.5 cm - CreativityShopEU","isPartOf":{"@id":"https:\/\/creativityshop.eu\/pl\/#website"},"primaryImageOfPage":{"@id":"https:\/\/creativityshop.eu\/pl\/product\/push-back-square-earring-findings-post-earrings-mounting-setting-jewelry-making-components-plated-rhodium-gold-0-6-x-0-6-1-5-1-5-cm\/#primaryimage"},"image":{"@id":"https:\/\/creativityshop.eu\/pl\/product\/push-back-square-earring-findings-post-earrings-mounting-setting-jewelry-making-components-plated-rhodium-gold-0-6-x-0-6-1-5-1-5-cm\/#primaryimage"},"thumbnailUrl":"https:\/\/creativityshop.eu\/wp-content\/uploads\/2023\/03\/ec101_2_768.jpg","datePublished":"2023-03-13T11:08:03+00:00","dateModified":"2026-01-27T23:27:40+00:00","breadcrumb":{"@id":"https:\/\/creativityshop.eu\/pl\/product\/push-back-square-earring-findings-post-earrings-mounting-setting-jewelry-making-components-plated-rhodium-gold-0-6-x-0-6-1-5-1-5-cm\/#breadcrumb"},"inLanguage":"pl-PL","potentialAction":[{"@type":"ReadAction","target":["https:\/\/creativityshop.eu\/pl\/product\/push-back-square-earring-findings-post-earrings-mounting-setting-jewelry-making-components-plated-rhodium-gold-0-6-x-0-6-1-5-1-5-cm\/"]}]},{"@type":"ImageObject","inLanguage":"pl-PL","@id":"https:\/\/creativityshop.eu\/pl\/product\/push-back-square-earring-findings-post-earrings-mounting-setting-jewelry-making-components-plated-rhodium-gold-0-6-x-0-6-1-5-1-5-cm\/#primaryimage","url":"https:\/\/creativityshop.eu\/wp-content\/uploads\/2023\/03\/ec101_2_768.jpg","contentUrl":"https:\/\/creativityshop.eu\/wp-content\/uploads\/2023\/03\/ec101_2_768.jpg","width":768,"height":768,"caption":"Earring finding EC101"},{"@type":"BreadcrumbList","@id":"https:\/\/creativityshop.eu\/pl\/product\/push-back-square-earring-findings-post-earrings-mounting-setting-jewelry-making-components-plated-rhodium-gold-0-6-x-0-6-1-5-1-5-cm\/#breadcrumb","itemListElement":[{"@type":"ListItem","position":1,"name":"Home","item":"https:\/\/creativityshop.eu\/pl\/"},{"@type":"ListItem","position":2,"name":"Shop","item":"https:\/\/creativityshop.eu\/shop\/"},{"@type":"ListItem","position":3,"name":"Push Back Square Earring Findings Post earrings Mounting Setting Jewelry making components Plated: Rhodium\/Gold; 0.6 x 0.6&#8243;\/1.5 \u00d71.5 cm"}]},{"@type":"WebSite","@id":"https:\/\/creativityshop.eu\/pl\/#website","url":"https:\/\/creativityshop.eu\/pl\/","name":"CreativityShopEU","description":"Embroidery and jewelry components","publisher":{"@id":"https:\/\/creativityshop.eu\/pl\/#organization"},"potentialAction":[{"@type":"SearchAction","target":{"@type":"EntryPoint","urlTemplate":"https:\/\/creativityshop.eu\/pl\/?s={search_term_string}"},"query-input":{"@type":"PropertyValueSpecification","valueRequired":true,"valueName":"search_term_string"}}],"inLanguage":"pl-PL"},{"@type":"Organization","@id":"https:\/\/creativityshop.eu\/pl\/#organization","name":"Creativity Shop OU","url":"https:\/\/creativityshop.eu\/pl\/","logo":{"@type":"ImageObject","inLanguage":"pl-PL","@id":"https:\/\/creativityshop.eu\/pl\/#\/schema\/logo\/image\/","url":"https:\/\/creativityshop.eu\/wp-content\/uploads\/2018\/11\/creativity_shop_logosite2.png","contentUrl":"https:\/\/creativityshop.eu\/wp-content\/uploads\/2018\/11\/creativity_shop_logosite2.png","width":2871,"height":1100,"caption":"Creativity Shop OU"},"image":{"@id":"https:\/\/creativityshop.eu\/pl\/#\/schema\/logo\/image\/"}}]},"og_availability":"out of stock","product_availability":"out of stock","product_condition":"new"},"_links":{"self":[{"href":"https:\/\/creativityshop.eu\/pl\/wp-json\/wp\/v2\/product\/34849","targetHints":{"allow":["GET"]}}],"collection":[{"href":"https:\/\/creativityshop.eu\/pl\/wp-json\/wp\/v2\/product"}],"about":[{"href":"https:\/\/creativityshop.eu\/pl\/wp-json\/wp\/v2\/types\/product"}],"wp:featuredmedia":[{"embeddable":true,"href":"https:\/\/creativityshop.eu\/pl\/wp-json\/wp\/v2\/media\/34857"}],"wp:attachment":[{"href":"https:\/\/creativityshop.eu\/pl\/wp-json\/wp\/v2\/media?parent=34849"}],"wp:term":[{"taxonomy":"product_brand","embeddable":true,"href":"https:\/\/creativityshop.eu\/pl\/wp-json\/wp\/v2\/product_brand?post=34849"},{"taxonomy":"product_cat","embeddable":true,"href":"https:\/\/creativityshop.eu\/pl\/wp-json\/wp\/v2\/product_cat?post=34849"},{"taxonomy":"product_tag","embeddable":true,"href":"https:\/\/creativityshop.eu\/pl\/wp-json\/wp\/v2\/product_tag?post=34849"}],"curies":[{"name":"wp","href":"https:\/\/api.w.org\/{rel}","templated":true}]}}