{"id":34673,"date":"2023-03-09T12:23:37","date_gmt":"2023-03-09T09:23:37","guid":{"rendered":"https:\/\/creativityshop.eu\/?post_type=product&#038;p=34673"},"modified":"2026-01-28T02:31:29","modified_gmt":"2026-01-27T23:31:29","slug":"triggerless-oval-spring-slasp-accessory-for-jewelry-making-plate-rhodium-gold-0-6-x-0-4-1-5-x-0-9-cm","status":"publish","type":"product","link":"https:\/\/creativityshop.eu\/pl\/product\/triggerless-oval-spring-slasp-accessory-for-jewelry-making-plate-rhodium-gold-0-6-x-0-4-1-5-x-0-9-cm\/","title":{"rendered":"Triggerless Oval Spring \u0421lasp Accessory for jewelry making Plate: Rhodium; Gold; 0.6 x 0.4&#8243;\/1.5 x 0.9 cm"},"content":{"rendered":"<p><strong>High quality brass triggerless oval spring clasp.<\/strong><br \/>\n<em>Hypoallergenic. No lead.<\/em><\/p>\n<p><strong>Material:<\/strong> Brass<br \/>\n<strong>Plating:<\/strong> Rhodium\/Gold<br \/>\n<strong>Shape:<\/strong> Oval<br \/>\n<strong>Size:<\/strong> 0.6 x 0.4&#8243;\/1.5 x 0.9 cm<br \/>\n<strong>Price for 1 pcs.<\/strong><\/p>\n<p>These hook-free fasteners provide a strong connection that does not cause inconvenience. This lock will never unbutton on its own. In order to open the lock, just click on the side of the fastener. This clasp is made of brass plated with gold or rhodium, so they are durable and free of nickel and lead. Clasps are widely used in the creating of handmade jewelry, they can be used to create original bracelets and necklaces. Our store www.creativityshop.eu offers a wide selection of high-quality pendants and other accessories to create beautiful jewelry..<\/p>\n<p><strong>Recommendations for the care.<\/strong><\/p>\n<p>To make your jewelry last longer avoid contact from of hairspray, perfumes, deodorants, sea and chlorinated water. Moisture, as well as the chlorine and sweat can discolor your jewelry.<br \/>\nKeep your jewelry in careful storage to prevent damage and discoloration. To avoid scratches, damage and getting jewelry entangled with one another, it is recommended to store each piece of jewelry separately or in one box without touching each other.<br \/>\nIt is necessary to put on jewelry, when you are already dressed.<br \/>\nTake off the jewelry before going to bed or sports.<br \/>\nDo not overheat in the sun or in the sauna.<\/p>\n<p><em>Product images are for illustrative purposes only and may differ from the actual product. Due to differences in monitors and lightening, colors of products may also appear different to those shown on the site.<\/em><\/p>\n","protected":false},"excerpt":{"rendered":"<p><strong>Triggerless clasps sturdy connecting your necklaces and bracelets without any fiddly. Those clasps never open up by itself! <\/strong><strong>Hypoallergenic. No lead.<\/strong><\/p>\n<p><strong>Material:<\/strong> Brass<br \/>\n<strong>Plating:<\/strong> Rhodium\/Gold<br \/>\n<strong>Shape:<\/strong> Oval<br \/>\n<strong>Size:<\/strong> 0.6 x 0.4&#8243;\/1.5 x 0.9 cm<br \/>\n<strong>Price for 1 pcs.<\/strong><\/p>\n","protected":false},"featured_media":34681,"template":"","meta":{"_acf_changed":false,"_exactmetrics_skip_tracking":false,"_exactmetrics_sitenote_active":false,"_exactmetrics_sitenote_note":"","_exactmetrics_sitenote_category":0},"product_brand":[],"product_cat":[961,43],"product_tag":[],"class_list":{"0":"post-34673","1":"product","2":"type-product","3":"status-publish","4":"has-post-thumbnail","6":"product_cat-clasps-clamps-closures","7":"product_cat-jewelry-components","9":"first","10":"outofstock","11":"taxable","12":"shipping-taxable","13":"product-type-variable","14":"wvs-archive-product-wrapper","15":"add-to-wishlist-after_add_to_cart"},"acf":[],"yoast_head":"<!-- This site is optimized with the Yoast SEO Premium plugin v27.0 (Yoast SEO v27.0) - https:\/\/yoast.com\/product\/yoast-seo-premium-wordpress\/ -->\n<title>Triggerless Oval Spring \u0421lasp Accessory for jewelry making Plate: Rhodium; Gold; 0.6 x 0.4&quot;\/1.5 x 0.9 cm - CreativityShopEU<\/title>\n<meta name=\"robots\" content=\"noindex, follow\" \/>\n<meta property=\"og:locale\" content=\"pl_PL\" \/>\n<meta property=\"og:type\" content=\"article\" \/>\n<meta property=\"og:title\" content=\"Triggerless Oval Spring \u0421lasp Accessory for jewelry making Plate: Rhodium; Gold; 0.6 x 0.4&quot;\/1.5 x 0.9 cm\" \/>\n<meta property=\"og:description\" content=\"Triggerless clasps sturdy connecting your necklaces and bracelets without any fiddly. Those clasps never open up by itself! Hypoallergenic. No lead.  Material: Brass Plating: Rhodium\/Gold Shape: Oval Size: 0.6 x 0.4&quot;\/1.5 x 0.9 cm Price for 1 pcs.\" \/>\n<meta property=\"og:url\" content=\"https:\/\/creativityshop.eu\/pl\/product\/triggerless-oval-spring-slasp-accessory-for-jewelry-making-plate-rhodium-gold-0-6-x-0-4-1-5-x-0-9-cm\/\" \/>\n<meta property=\"og:site_name\" content=\"CreativityShopEU\" \/>\n<meta property=\"article:modified_time\" content=\"2026-01-27T23:31:29+00:00\" \/>\n<meta property=\"og:image\" content=\"https:\/\/creativityshop.eu\/wp-content\/uploads\/2023\/03\/jcc018_ecc015_768.jpg\" \/>\n\t<meta property=\"og:image:width\" content=\"768\" \/>\n\t<meta property=\"og:image:height\" content=\"768\" \/>\n\t<meta property=\"og:image:type\" content=\"image\/jpeg\" \/>\n<meta name=\"twitter:card\" content=\"summary_large_image\" \/>\n<meta name=\"twitter:label1\" content=\"Dost\u0119pno\u015b\u0107\" \/>\n\t<meta name=\"twitter:data1\" content=\"Brak w magazynie\" \/>\n<script type=\"application\/ld+json\" class=\"yoast-schema-graph\">{\"@context\":\"https:\/\/schema.org\",\"@graph\":[{\"@type\":\"WebPage\",\"@id\":\"https:\/\/creativityshop.eu\/pl\/product\/triggerless-oval-spring-slasp-accessory-for-jewelry-making-plate-rhodium-gold-0-6-x-0-4-1-5-x-0-9-cm\/\",\"url\":\"https:\/\/creativityshop.eu\/pl\/product\/triggerless-oval-spring-slasp-accessory-for-jewelry-making-plate-rhodium-gold-0-6-x-0-4-1-5-x-0-9-cm\/\",\"name\":\"Triggerless Oval Spring \u0421lasp Accessory for jewelry making Plate: Rhodium; Gold; 0.6 x 0.4\\\"\/1.5 x 0.9 cm - CreativityShopEU\",\"isPartOf\":{\"@id\":\"https:\/\/creativityshop.eu\/pl\/#website\"},\"primaryImageOfPage\":{\"@id\":\"https:\/\/creativityshop.eu\/pl\/product\/triggerless-oval-spring-slasp-accessory-for-jewelry-making-plate-rhodium-gold-0-6-x-0-4-1-5-x-0-9-cm\/#primaryimage\"},\"image\":{\"@id\":\"https:\/\/creativityshop.eu\/pl\/product\/triggerless-oval-spring-slasp-accessory-for-jewelry-making-plate-rhodium-gold-0-6-x-0-4-1-5-x-0-9-cm\/#primaryimage\"},\"thumbnailUrl\":\"https:\/\/creativityshop.eu\/wp-content\/uploads\/2023\/03\/jcc018_ecc015_768.jpg\",\"datePublished\":\"2023-03-09T09:23:37+00:00\",\"dateModified\":\"2026-01-27T23:31:29+00:00\",\"breadcrumb\":{\"@id\":\"https:\/\/creativityshop.eu\/pl\/product\/triggerless-oval-spring-slasp-accessory-for-jewelry-making-plate-rhodium-gold-0-6-x-0-4-1-5-x-0-9-cm\/#breadcrumb\"},\"inLanguage\":\"pl-PL\",\"potentialAction\":[{\"@type\":\"ReadAction\",\"target\":[\"https:\/\/creativityshop.eu\/pl\/product\/triggerless-oval-spring-slasp-accessory-for-jewelry-making-plate-rhodium-gold-0-6-x-0-4-1-5-x-0-9-cm\/\"]}]},{\"@type\":\"ImageObject\",\"inLanguage\":\"pl-PL\",\"@id\":\"https:\/\/creativityshop.eu\/pl\/product\/triggerless-oval-spring-slasp-accessory-for-jewelry-making-plate-rhodium-gold-0-6-x-0-4-1-5-x-0-9-cm\/#primaryimage\",\"url\":\"https:\/\/creativityshop.eu\/wp-content\/uploads\/2023\/03\/jcc018_ecc015_768.jpg\",\"contentUrl\":\"https:\/\/creativityshop.eu\/wp-content\/uploads\/2023\/03\/jcc018_ecc015_768.jpg\",\"width\":768,\"height\":768,\"caption\":\"Triggerless clasp JCC018_ECC015\"},{\"@type\":\"BreadcrumbList\",\"@id\":\"https:\/\/creativityshop.eu\/pl\/product\/triggerless-oval-spring-slasp-accessory-for-jewelry-making-plate-rhodium-gold-0-6-x-0-4-1-5-x-0-9-cm\/#breadcrumb\",\"itemListElement\":[{\"@type\":\"ListItem\",\"position\":1,\"name\":\"Home\",\"item\":\"https:\/\/creativityshop.eu\/pl\/\"},{\"@type\":\"ListItem\",\"position\":2,\"name\":\"Shop\",\"item\":\"https:\/\/creativityshop.eu\/shop\/\"},{\"@type\":\"ListItem\",\"position\":3,\"name\":\"Triggerless Oval Spring \u0421lasp Accessory for jewelry making Plate: Rhodium; Gold; 0.6 x 0.4&#8243;\/1.5 x 0.9 cm\"}]},{\"@type\":\"WebSite\",\"@id\":\"https:\/\/creativityshop.eu\/pl\/#website\",\"url\":\"https:\/\/creativityshop.eu\/pl\/\",\"name\":\"CreativityShopEU\",\"description\":\"Embroidery and jewelry components\",\"publisher\":{\"@id\":\"https:\/\/creativityshop.eu\/pl\/#organization\"},\"potentialAction\":[{\"@type\":\"SearchAction\",\"target\":{\"@type\":\"EntryPoint\",\"urlTemplate\":\"https:\/\/creativityshop.eu\/pl\/?s={search_term_string}\"},\"query-input\":{\"@type\":\"PropertyValueSpecification\",\"valueRequired\":true,\"valueName\":\"search_term_string\"}}],\"inLanguage\":\"pl-PL\"},{\"@type\":\"Organization\",\"@id\":\"https:\/\/creativityshop.eu\/pl\/#organization\",\"name\":\"Creativity Shop OU\",\"url\":\"https:\/\/creativityshop.eu\/pl\/\",\"logo\":{\"@type\":\"ImageObject\",\"inLanguage\":\"pl-PL\",\"@id\":\"https:\/\/creativityshop.eu\/pl\/#\/schema\/logo\/image\/\",\"url\":\"https:\/\/creativityshop.eu\/wp-content\/uploads\/2018\/11\/creativity_shop_logosite2.png\",\"contentUrl\":\"https:\/\/creativityshop.eu\/wp-content\/uploads\/2018\/11\/creativity_shop_logosite2.png\",\"width\":2871,\"height\":1100,\"caption\":\"Creativity Shop OU\"},\"image\":{\"@id\":\"https:\/\/creativityshop.eu\/pl\/#\/schema\/logo\/image\/\"}}]}<\/script>\n<meta property=\"og:availability\" content=\"out of stock\" \/>\n<meta property=\"product:availability\" content=\"out of stock\" \/>\n<meta property=\"product:condition\" content=\"new\" \/>\n<!-- \/ Yoast SEO Premium plugin. -->","yoast_head_json":{"title":"Triggerless Oval Spring \u0421lasp Accessory for jewelry making Plate: Rhodium; Gold; 0.6 x 0.4\"\/1.5 x 0.9 cm - CreativityShopEU","robots":{"index":"noindex","follow":"follow"},"og_locale":"pl_PL","og_type":"article","og_title":"Triggerless Oval Spring \u0421lasp Accessory for jewelry making Plate: Rhodium; Gold; 0.6 x 0.4\"\/1.5 x 0.9 cm","og_description":"Triggerless clasps sturdy connecting your necklaces and bracelets without any fiddly. Those clasps never open up by itself! Hypoallergenic. No lead.  Material: Brass Plating: Rhodium\/Gold Shape: Oval Size: 0.6 x 0.4\"\/1.5 x 0.9 cm Price for 1 pcs.","og_url":"https:\/\/creativityshop.eu\/pl\/product\/triggerless-oval-spring-slasp-accessory-for-jewelry-making-plate-rhodium-gold-0-6-x-0-4-1-5-x-0-9-cm\/","og_site_name":"CreativityShopEU","article_modified_time":"2026-01-27T23:31:29+00:00","og_image":[{"width":768,"height":768,"url":"https:\/\/creativityshop.eu\/wp-content\/uploads\/2023\/03\/jcc018_ecc015_768.jpg","type":"image\/jpeg"}],"twitter_card":"summary_large_image","twitter_misc":{"Dost\u0119pno\u015b\u0107":"Brak w magazynie"},"schema":{"@context":"https:\/\/schema.org","@graph":[{"@type":"WebPage","@id":"https:\/\/creativityshop.eu\/pl\/product\/triggerless-oval-spring-slasp-accessory-for-jewelry-making-plate-rhodium-gold-0-6-x-0-4-1-5-x-0-9-cm\/","url":"https:\/\/creativityshop.eu\/pl\/product\/triggerless-oval-spring-slasp-accessory-for-jewelry-making-plate-rhodium-gold-0-6-x-0-4-1-5-x-0-9-cm\/","name":"Triggerless Oval Spring \u0421lasp Accessory for jewelry making Plate: Rhodium; Gold; 0.6 x 0.4\"\/1.5 x 0.9 cm - CreativityShopEU","isPartOf":{"@id":"https:\/\/creativityshop.eu\/pl\/#website"},"primaryImageOfPage":{"@id":"https:\/\/creativityshop.eu\/pl\/product\/triggerless-oval-spring-slasp-accessory-for-jewelry-making-plate-rhodium-gold-0-6-x-0-4-1-5-x-0-9-cm\/#primaryimage"},"image":{"@id":"https:\/\/creativityshop.eu\/pl\/product\/triggerless-oval-spring-slasp-accessory-for-jewelry-making-plate-rhodium-gold-0-6-x-0-4-1-5-x-0-9-cm\/#primaryimage"},"thumbnailUrl":"https:\/\/creativityshop.eu\/wp-content\/uploads\/2023\/03\/jcc018_ecc015_768.jpg","datePublished":"2023-03-09T09:23:37+00:00","dateModified":"2026-01-27T23:31:29+00:00","breadcrumb":{"@id":"https:\/\/creativityshop.eu\/pl\/product\/triggerless-oval-spring-slasp-accessory-for-jewelry-making-plate-rhodium-gold-0-6-x-0-4-1-5-x-0-9-cm\/#breadcrumb"},"inLanguage":"pl-PL","potentialAction":[{"@type":"ReadAction","target":["https:\/\/creativityshop.eu\/pl\/product\/triggerless-oval-spring-slasp-accessory-for-jewelry-making-plate-rhodium-gold-0-6-x-0-4-1-5-x-0-9-cm\/"]}]},{"@type":"ImageObject","inLanguage":"pl-PL","@id":"https:\/\/creativityshop.eu\/pl\/product\/triggerless-oval-spring-slasp-accessory-for-jewelry-making-plate-rhodium-gold-0-6-x-0-4-1-5-x-0-9-cm\/#primaryimage","url":"https:\/\/creativityshop.eu\/wp-content\/uploads\/2023\/03\/jcc018_ecc015_768.jpg","contentUrl":"https:\/\/creativityshop.eu\/wp-content\/uploads\/2023\/03\/jcc018_ecc015_768.jpg","width":768,"height":768,"caption":"Triggerless clasp JCC018_ECC015"},{"@type":"BreadcrumbList","@id":"https:\/\/creativityshop.eu\/pl\/product\/triggerless-oval-spring-slasp-accessory-for-jewelry-making-plate-rhodium-gold-0-6-x-0-4-1-5-x-0-9-cm\/#breadcrumb","itemListElement":[{"@type":"ListItem","position":1,"name":"Home","item":"https:\/\/creativityshop.eu\/pl\/"},{"@type":"ListItem","position":2,"name":"Shop","item":"https:\/\/creativityshop.eu\/shop\/"},{"@type":"ListItem","position":3,"name":"Triggerless Oval Spring \u0421lasp Accessory for jewelry making Plate: Rhodium; Gold; 0.6 x 0.4&#8243;\/1.5 x 0.9 cm"}]},{"@type":"WebSite","@id":"https:\/\/creativityshop.eu\/pl\/#website","url":"https:\/\/creativityshop.eu\/pl\/","name":"CreativityShopEU","description":"Embroidery and jewelry components","publisher":{"@id":"https:\/\/creativityshop.eu\/pl\/#organization"},"potentialAction":[{"@type":"SearchAction","target":{"@type":"EntryPoint","urlTemplate":"https:\/\/creativityshop.eu\/pl\/?s={search_term_string}"},"query-input":{"@type":"PropertyValueSpecification","valueRequired":true,"valueName":"search_term_string"}}],"inLanguage":"pl-PL"},{"@type":"Organization","@id":"https:\/\/creativityshop.eu\/pl\/#organization","name":"Creativity Shop OU","url":"https:\/\/creativityshop.eu\/pl\/","logo":{"@type":"ImageObject","inLanguage":"pl-PL","@id":"https:\/\/creativityshop.eu\/pl\/#\/schema\/logo\/image\/","url":"https:\/\/creativityshop.eu\/wp-content\/uploads\/2018\/11\/creativity_shop_logosite2.png","contentUrl":"https:\/\/creativityshop.eu\/wp-content\/uploads\/2018\/11\/creativity_shop_logosite2.png","width":2871,"height":1100,"caption":"Creativity Shop OU"},"image":{"@id":"https:\/\/creativityshop.eu\/pl\/#\/schema\/logo\/image\/"}}]},"og_availability":"out of stock","product_availability":"out of stock","product_condition":"new"},"_links":{"self":[{"href":"https:\/\/creativityshop.eu\/pl\/wp-json\/wp\/v2\/product\/34673","targetHints":{"allow":["GET"]}}],"collection":[{"href":"https:\/\/creativityshop.eu\/pl\/wp-json\/wp\/v2\/product"}],"about":[{"href":"https:\/\/creativityshop.eu\/pl\/wp-json\/wp\/v2\/types\/product"}],"wp:featuredmedia":[{"embeddable":true,"href":"https:\/\/creativityshop.eu\/pl\/wp-json\/wp\/v2\/media\/34681"}],"wp:attachment":[{"href":"https:\/\/creativityshop.eu\/pl\/wp-json\/wp\/v2\/media?parent=34673"}],"wp:term":[{"taxonomy":"product_brand","embeddable":true,"href":"https:\/\/creativityshop.eu\/pl\/wp-json\/wp\/v2\/product_brand?post=34673"},{"taxonomy":"product_cat","embeddable":true,"href":"https:\/\/creativityshop.eu\/pl\/wp-json\/wp\/v2\/product_cat?post=34673"},{"taxonomy":"product_tag","embeddable":true,"href":"https:\/\/creativityshop.eu\/pl\/wp-json\/wp\/v2\/product_tag?post=34673"}],"curies":[{"name":"wp","href":"https:\/\/api.w.org\/{rel}","templated":true}]}}