{"id":34327,"date":"2023-03-07T15:48:57","date_gmt":"2023-03-07T12:48:57","guid":{"rendered":"https:\/\/creativityshop.eu\/?post_type=product&#038;p=34327"},"modified":"2026-01-28T02:25:08","modified_gmt":"2026-01-27T23:25:08","slug":"pendant-big-ring-accessory-for-jewelry-making-plated-with-rhodium-and-gold-diameter-1-2-5-cm","status":"publish","type":"product","link":"https:\/\/creativityshop.eu\/pl\/product\/pendant-big-ring-accessory-for-jewelry-making-plated-with-rhodium-and-gold-diameter-1-2-5-cm\/","title":{"rendered":"Pendant &#8222;Big Ring&#8221; Accessory for jewelry making Plated with rhodium and gold 1&#8243;\/2.5 cm diameter"},"content":{"rendered":"<p><strong>High quality brass pendant &#8222;Big Ring&#8221;, 1&#8243;\/2.5 cm diameter. The thickness of the ring varies from 4 to 1 mm<\/strong><br \/>\n<em>Hypoallergenic. No lead.<\/em><\/p>\n<p><strong>Material:<\/strong> Brass<br \/>\n<strong>Plating:<\/strong> Rhodium\/Gold<br \/>\n<strong>Shape:<\/strong> &#8222;Big Ring&#8221;<br \/>\n<strong>Diameter:<\/strong> 1&#8243;\/2.5 cm<br \/>\n<strong>Thickness:<\/strong> from 1 to 4 mm<br \/>\n<strong>Price for 1 pcs.<\/strong><\/p>\n<p>Jewelry pendants are widely used in the creating of handmade jewelry, they can easily be hung on a metal chain or cord and you will already get a ready-made beautiful decoration. Pendants can be used to create original bracelets, earrings, necklaces, etc. Our store www.creativityshop.eu offers a wide selection of high-quality pendants and other accessories to create beautiful jewelry.<\/p>\n<p><strong>Recommendations for the care.<\/strong><\/p>\n<p>To make your jewelry last longer avoid contact from of hairspray, perfumes, deodorants, sea and chlorinated water. Moisture, as well as the chlorine and sweat can discolor your jewelry.<br \/>\nKeep your jewelry in careful storage to prevent damage and discoloration. To avoid scratches, damage and getting jewelry entangled with one another, it is recommended to store each piece of jewelry separately or in one box without touching each other.<br \/>\nIt is necessary to put on jewelry, when you are already dressed.<br \/>\nTake off the jewelry before going to bed or sports.<br \/>\nDo not overheat in the sun or in the sauna.<\/p>\n<p><em>Product images are for illustrative purposes only and may differ from the actual product. Due to differences in monitors and lightening, colors of products may also appear different to those shown on the site.<\/em><\/p>\n","protected":false},"excerpt":{"rendered":"<p><strong>Jewelry pendant &#8222;Big Ring&#8221; is a good idea for creating beautiful necklaces, bracelets or earrings. <\/strong><strong>Hypoallergenic. No lead.<\/strong><\/p>\n<p><strong>Material:<\/strong> Brass<br \/>\n<strong>Plating:<\/strong> Rhodium\/Gold<br \/>\n<strong>Shape:<\/strong> &#8222;Big Ring&#8221;<br \/>\n<strong>Diameter:<\/strong> 1&#8243;\/2.5 cm<br \/>\n<strong>Thickness:<\/strong> from 1 to 4 mm<br \/>\n<strong>Price for 1 pcs.<\/strong><\/p>\n","protected":false},"featured_media":34336,"template":"","meta":{"_acf_changed":false,"_exactmetrics_skip_tracking":false,"_exactmetrics_sitenote_active":false,"_exactmetrics_sitenote_note":"","_exactmetrics_sitenote_category":0},"product_brand":[],"product_cat":[959,43],"product_tag":[],"class_list":{"0":"post-34327","1":"product","2":"type-product","3":"status-publish","4":"has-post-thumbnail","6":"product_cat-pendants","7":"product_cat-jewelry-components","9":"first","10":"outofstock","11":"taxable","12":"shipping-taxable","13":"product-type-variable","14":"wvs-archive-product-wrapper","15":"add-to-wishlist-after_add_to_cart"},"acf":[],"yoast_head":"<!-- This site is optimized with the Yoast SEO Premium plugin v27.0 (Yoast SEO v27.0) - https:\/\/yoast.com\/product\/yoast-seo-premium-wordpress\/ -->\n<title>Pendant &quot;Big Ring&quot; Accessory for jewelry making Plated with rhodium and gold 1&quot;\/2.5 cm diameter - CreativityShopEU<\/title>\n<meta name=\"robots\" content=\"noindex, follow\" \/>\n<meta property=\"og:locale\" content=\"pl_PL\" \/>\n<meta property=\"og:type\" content=\"article\" \/>\n<meta property=\"og:title\" content=\"Pendant &quot;Big Ring&quot; Accessory for jewelry making Plated with rhodium and gold 1&quot;\/2.5 cm diameter\" \/>\n<meta property=\"og:description\" content=\"Jewelry pendant &quot;Big Ring&quot; is a good idea for creating beautiful necklaces, bracelets or earrings. Hypoallergenic. No lead.  Material: Brass Plating: Rhodium\/Gold Shape: &quot;Big Ring&quot; Diameter: 1&quot;\/2.5 cm Thickness: from 1 to 4 mm Price for 1 pcs.\" \/>\n<meta property=\"og:url\" content=\"https:\/\/creativityshop.eu\/pl\/product\/pendant-big-ring-accessory-for-jewelry-making-plated-with-rhodium-and-gold-diameter-1-2-5-cm\/\" \/>\n<meta property=\"og:site_name\" content=\"CreativityShopEU\" \/>\n<meta property=\"article:modified_time\" content=\"2026-01-27T23:25:08+00:00\" \/>\n<meta property=\"og:image\" content=\"https:\/\/creativityshop.eu\/wp-content\/uploads\/2023\/03\/jr014_01_768.jpg\" \/>\n\t<meta property=\"og:image:width\" content=\"768\" \/>\n\t<meta property=\"og:image:height\" content=\"768\" \/>\n\t<meta property=\"og:image:type\" content=\"image\/jpeg\" \/>\n<meta name=\"twitter:card\" content=\"summary_large_image\" \/>\n<meta name=\"twitter:label1\" content=\"Dost\u0119pno\u015b\u0107\" \/>\n\t<meta name=\"twitter:data1\" content=\"Brak w magazynie\" \/>\n<script type=\"application\/ld+json\" class=\"yoast-schema-graph\">{\"@context\":\"https:\/\/schema.org\",\"@graph\":[{\"@type\":\"WebPage\",\"@id\":\"https:\/\/creativityshop.eu\/pl\/product\/pendant-big-ring-accessory-for-jewelry-making-plated-with-rhodium-and-gold-diameter-1-2-5-cm\/\",\"url\":\"https:\/\/creativityshop.eu\/pl\/product\/pendant-big-ring-accessory-for-jewelry-making-plated-with-rhodium-and-gold-diameter-1-2-5-cm\/\",\"name\":\"Pendant \\\"Big Ring\\\" Accessory for jewelry making Plated with rhodium and gold 1\\\"\/2.5 cm diameter - CreativityShopEU\",\"isPartOf\":{\"@id\":\"https:\/\/creativityshop.eu\/pl\/#website\"},\"primaryImageOfPage\":{\"@id\":\"https:\/\/creativityshop.eu\/pl\/product\/pendant-big-ring-accessory-for-jewelry-making-plated-with-rhodium-and-gold-diameter-1-2-5-cm\/#primaryimage\"},\"image\":{\"@id\":\"https:\/\/creativityshop.eu\/pl\/product\/pendant-big-ring-accessory-for-jewelry-making-plated-with-rhodium-and-gold-diameter-1-2-5-cm\/#primaryimage\"},\"thumbnailUrl\":\"https:\/\/creativityshop.eu\/wp-content\/uploads\/2023\/03\/jr014_01_768.jpg\",\"datePublished\":\"2023-03-07T12:48:57+00:00\",\"dateModified\":\"2026-01-27T23:25:08+00:00\",\"breadcrumb\":{\"@id\":\"https:\/\/creativityshop.eu\/pl\/product\/pendant-big-ring-accessory-for-jewelry-making-plated-with-rhodium-and-gold-diameter-1-2-5-cm\/#breadcrumb\"},\"inLanguage\":\"pl-PL\",\"potentialAction\":[{\"@type\":\"ReadAction\",\"target\":[\"https:\/\/creativityshop.eu\/pl\/product\/pendant-big-ring-accessory-for-jewelry-making-plated-with-rhodium-and-gold-diameter-1-2-5-cm\/\"]}]},{\"@type\":\"ImageObject\",\"inLanguage\":\"pl-PL\",\"@id\":\"https:\/\/creativityshop.eu\/pl\/product\/pendant-big-ring-accessory-for-jewelry-making-plated-with-rhodium-and-gold-diameter-1-2-5-cm\/#primaryimage\",\"url\":\"https:\/\/creativityshop.eu\/wp-content\/uploads\/2023\/03\/jr014_01_768.jpg\",\"contentUrl\":\"https:\/\/creativityshop.eu\/wp-content\/uploads\/2023\/03\/jr014_01_768.jpg\",\"width\":768,\"height\":768,\"caption\":\"Jewelry pendant \u201cBig Ring\u201d JR014\"},{\"@type\":\"BreadcrumbList\",\"@id\":\"https:\/\/creativityshop.eu\/pl\/product\/pendant-big-ring-accessory-for-jewelry-making-plated-with-rhodium-and-gold-diameter-1-2-5-cm\/#breadcrumb\",\"itemListElement\":[{\"@type\":\"ListItem\",\"position\":1,\"name\":\"Home\",\"item\":\"https:\/\/creativityshop.eu\/pl\/\"},{\"@type\":\"ListItem\",\"position\":2,\"name\":\"Shop\",\"item\":\"https:\/\/creativityshop.eu\/shop\/\"},{\"@type\":\"ListItem\",\"position\":3,\"name\":\"Pendant &#8220;Big Ring&#8221; Accessory for jewelry making Plated with rhodium and gold 1&#8243;\/2.5 cm diameter\"}]},{\"@type\":\"WebSite\",\"@id\":\"https:\/\/creativityshop.eu\/pl\/#website\",\"url\":\"https:\/\/creativityshop.eu\/pl\/\",\"name\":\"CreativityShopEU\",\"description\":\"Embroidery and jewelry components\",\"publisher\":{\"@id\":\"https:\/\/creativityshop.eu\/pl\/#organization\"},\"potentialAction\":[{\"@type\":\"SearchAction\",\"target\":{\"@type\":\"EntryPoint\",\"urlTemplate\":\"https:\/\/creativityshop.eu\/pl\/?s={search_term_string}\"},\"query-input\":{\"@type\":\"PropertyValueSpecification\",\"valueRequired\":true,\"valueName\":\"search_term_string\"}}],\"inLanguage\":\"pl-PL\"},{\"@type\":\"Organization\",\"@id\":\"https:\/\/creativityshop.eu\/pl\/#organization\",\"name\":\"Creativity Shop OU\",\"url\":\"https:\/\/creativityshop.eu\/pl\/\",\"logo\":{\"@type\":\"ImageObject\",\"inLanguage\":\"pl-PL\",\"@id\":\"https:\/\/creativityshop.eu\/pl\/#\/schema\/logo\/image\/\",\"url\":\"https:\/\/creativityshop.eu\/wp-content\/uploads\/2018\/11\/creativity_shop_logosite2.png\",\"contentUrl\":\"https:\/\/creativityshop.eu\/wp-content\/uploads\/2018\/11\/creativity_shop_logosite2.png\",\"width\":2871,\"height\":1100,\"caption\":\"Creativity Shop OU\"},\"image\":{\"@id\":\"https:\/\/creativityshop.eu\/pl\/#\/schema\/logo\/image\/\"}}]}<\/script>\n<meta property=\"og:availability\" content=\"out of stock\" \/>\n<meta property=\"product:availability\" content=\"out of stock\" \/>\n<meta property=\"product:condition\" content=\"new\" \/>\n<!-- \/ Yoast SEO Premium plugin. -->","yoast_head_json":{"title":"Pendant \"Big Ring\" Accessory for jewelry making Plated with rhodium and gold 1\"\/2.5 cm diameter - CreativityShopEU","robots":{"index":"noindex","follow":"follow"},"og_locale":"pl_PL","og_type":"article","og_title":"Pendant \"Big Ring\" Accessory for jewelry making Plated with rhodium and gold 1\"\/2.5 cm diameter","og_description":"Jewelry pendant \"Big Ring\" is a good idea for creating beautiful necklaces, bracelets or earrings. Hypoallergenic. No lead.  Material: Brass Plating: Rhodium\/Gold Shape: \"Big Ring\" Diameter: 1\"\/2.5 cm Thickness: from 1 to 4 mm Price for 1 pcs.","og_url":"https:\/\/creativityshop.eu\/pl\/product\/pendant-big-ring-accessory-for-jewelry-making-plated-with-rhodium-and-gold-diameter-1-2-5-cm\/","og_site_name":"CreativityShopEU","article_modified_time":"2026-01-27T23:25:08+00:00","og_image":[{"width":768,"height":768,"url":"https:\/\/creativityshop.eu\/wp-content\/uploads\/2023\/03\/jr014_01_768.jpg","type":"image\/jpeg"}],"twitter_card":"summary_large_image","twitter_misc":{"Dost\u0119pno\u015b\u0107":"Brak w magazynie"},"schema":{"@context":"https:\/\/schema.org","@graph":[{"@type":"WebPage","@id":"https:\/\/creativityshop.eu\/pl\/product\/pendant-big-ring-accessory-for-jewelry-making-plated-with-rhodium-and-gold-diameter-1-2-5-cm\/","url":"https:\/\/creativityshop.eu\/pl\/product\/pendant-big-ring-accessory-for-jewelry-making-plated-with-rhodium-and-gold-diameter-1-2-5-cm\/","name":"Pendant \"Big Ring\" Accessory for jewelry making Plated with rhodium and gold 1\"\/2.5 cm diameter - CreativityShopEU","isPartOf":{"@id":"https:\/\/creativityshop.eu\/pl\/#website"},"primaryImageOfPage":{"@id":"https:\/\/creativityshop.eu\/pl\/product\/pendant-big-ring-accessory-for-jewelry-making-plated-with-rhodium-and-gold-diameter-1-2-5-cm\/#primaryimage"},"image":{"@id":"https:\/\/creativityshop.eu\/pl\/product\/pendant-big-ring-accessory-for-jewelry-making-plated-with-rhodium-and-gold-diameter-1-2-5-cm\/#primaryimage"},"thumbnailUrl":"https:\/\/creativityshop.eu\/wp-content\/uploads\/2023\/03\/jr014_01_768.jpg","datePublished":"2023-03-07T12:48:57+00:00","dateModified":"2026-01-27T23:25:08+00:00","breadcrumb":{"@id":"https:\/\/creativityshop.eu\/pl\/product\/pendant-big-ring-accessory-for-jewelry-making-plated-with-rhodium-and-gold-diameter-1-2-5-cm\/#breadcrumb"},"inLanguage":"pl-PL","potentialAction":[{"@type":"ReadAction","target":["https:\/\/creativityshop.eu\/pl\/product\/pendant-big-ring-accessory-for-jewelry-making-plated-with-rhodium-and-gold-diameter-1-2-5-cm\/"]}]},{"@type":"ImageObject","inLanguage":"pl-PL","@id":"https:\/\/creativityshop.eu\/pl\/product\/pendant-big-ring-accessory-for-jewelry-making-plated-with-rhodium-and-gold-diameter-1-2-5-cm\/#primaryimage","url":"https:\/\/creativityshop.eu\/wp-content\/uploads\/2023\/03\/jr014_01_768.jpg","contentUrl":"https:\/\/creativityshop.eu\/wp-content\/uploads\/2023\/03\/jr014_01_768.jpg","width":768,"height":768,"caption":"Jewelry pendant \u201cBig Ring\u201d JR014"},{"@type":"BreadcrumbList","@id":"https:\/\/creativityshop.eu\/pl\/product\/pendant-big-ring-accessory-for-jewelry-making-plated-with-rhodium-and-gold-diameter-1-2-5-cm\/#breadcrumb","itemListElement":[{"@type":"ListItem","position":1,"name":"Home","item":"https:\/\/creativityshop.eu\/pl\/"},{"@type":"ListItem","position":2,"name":"Shop","item":"https:\/\/creativityshop.eu\/shop\/"},{"@type":"ListItem","position":3,"name":"Pendant &#8220;Big Ring&#8221; Accessory for jewelry making Plated with rhodium and gold 1&#8243;\/2.5 cm diameter"}]},{"@type":"WebSite","@id":"https:\/\/creativityshop.eu\/pl\/#website","url":"https:\/\/creativityshop.eu\/pl\/","name":"CreativityShopEU","description":"Embroidery and jewelry components","publisher":{"@id":"https:\/\/creativityshop.eu\/pl\/#organization"},"potentialAction":[{"@type":"SearchAction","target":{"@type":"EntryPoint","urlTemplate":"https:\/\/creativityshop.eu\/pl\/?s={search_term_string}"},"query-input":{"@type":"PropertyValueSpecification","valueRequired":true,"valueName":"search_term_string"}}],"inLanguage":"pl-PL"},{"@type":"Organization","@id":"https:\/\/creativityshop.eu\/pl\/#organization","name":"Creativity Shop OU","url":"https:\/\/creativityshop.eu\/pl\/","logo":{"@type":"ImageObject","inLanguage":"pl-PL","@id":"https:\/\/creativityshop.eu\/pl\/#\/schema\/logo\/image\/","url":"https:\/\/creativityshop.eu\/wp-content\/uploads\/2018\/11\/creativity_shop_logosite2.png","contentUrl":"https:\/\/creativityshop.eu\/wp-content\/uploads\/2018\/11\/creativity_shop_logosite2.png","width":2871,"height":1100,"caption":"Creativity Shop OU"},"image":{"@id":"https:\/\/creativityshop.eu\/pl\/#\/schema\/logo\/image\/"}}]},"og_availability":"out of stock","product_availability":"out of stock","product_condition":"new"},"_links":{"self":[{"href":"https:\/\/creativityshop.eu\/pl\/wp-json\/wp\/v2\/product\/34327","targetHints":{"allow":["GET"]}}],"collection":[{"href":"https:\/\/creativityshop.eu\/pl\/wp-json\/wp\/v2\/product"}],"about":[{"href":"https:\/\/creativityshop.eu\/pl\/wp-json\/wp\/v2\/types\/product"}],"wp:featuredmedia":[{"embeddable":true,"href":"https:\/\/creativityshop.eu\/pl\/wp-json\/wp\/v2\/media\/34336"}],"wp:attachment":[{"href":"https:\/\/creativityshop.eu\/pl\/wp-json\/wp\/v2\/media?parent=34327"}],"wp:term":[{"taxonomy":"product_brand","embeddable":true,"href":"https:\/\/creativityshop.eu\/pl\/wp-json\/wp\/v2\/product_brand?post=34327"},{"taxonomy":"product_cat","embeddable":true,"href":"https:\/\/creativityshop.eu\/pl\/wp-json\/wp\/v2\/product_cat?post=34327"},{"taxonomy":"product_tag","embeddable":true,"href":"https:\/\/creativityshop.eu\/pl\/wp-json\/wp\/v2\/product_tag?post=34327"}],"curies":[{"name":"wp","href":"https:\/\/api.w.org\/{rel}","templated":true}]}}