{"id":33925,"date":"2023-03-02T15:09:58","date_gmt":"2023-03-02T12:09:58","guid":{"rendered":"https:\/\/creativityshop.eu\/?post_type=product&#038;p=33925"},"modified":"2025-05-30T18:49:06","modified_gmt":"2025-05-30T15:49:06","slug":"beading-foundation-for-embroidery-work-beadsmith-black-4-25x5-5-bfbk4-5-4","status":"publish","type":"product","link":"https:\/\/creativityshop.eu\/pl\/product\/beading-foundation-for-embroidery-work-beadsmith-black-4-25x5-5-bfbk4-5-4\/","title":{"rendered":"Beading Foundation For Embroidery Work Felt BeadSmith Black 4.25&#215;5.5&#8243; BFBK4.5-4"},"content":{"rendered":"<p><strong>Color:<\/strong> Black<br \/>\n<strong>Size:<\/strong> 4.25\u2033x5.5\u2033\/10.5cm x 14 cm<br \/>\n<strong>Material:<\/strong> 100% polyester<br \/>\n<strong>Thickness:<\/strong> 1.5 &#8211; 2 mm<br \/>\n<strong>Country of origin:<\/strong> USA<br \/>\n<strong>Brand:<\/strong> BeadSmith<br \/>\nPrice per 1 sheet.<\/p>\n<p>BeadSmith Beading Foundation is a stiff and durable material it&#8217;s great for bead embroidery, cabochon beading, sewing. This foundations is maintain its shape and very easy to sew through. BeadSmith Beading Foundation is washable, shrink resistant. It is dyeable and works well with permanent markers and iron-on transfers! You can draw, trace on beading foundation and glue-on cabochons.<\/p>\n<p><strong>Recommendations for the care.<\/strong><\/p>\n<p>Please wash by hand and leave dry.<\/p>\n<p><em>Product images are for illustrative purposes only and may differ from the actual product. Due to differences in monitors and lightening, colors of products may also appear different to those shown on the site.<\/em><\/p>\n","protected":false},"excerpt":{"rendered":"<p><strong>The BeadSmith embroidery base is a strong and durable material for bead embroidery, cabochon beading, sewing, etc.<\/strong><\/p>\n<p><strong>Color:<\/strong> Black<br \/>\n<strong>Size:<\/strong> 4.25\u2033x5.5\u2033\/10.5cm x 14 cm<br \/>\n<strong>Material:<\/strong> 100% polyester<br \/>\n<strong>Thickness:<\/strong> 1.5 &#8211; 2 mm<br \/>\n<strong>Country of origin:<\/strong> USA<br \/>\n<strong>Brand:<\/strong> BeadSmith<br \/>\nPrice per 1 sheet.<\/p>\n","protected":false},"featured_media":33927,"template":"","meta":{"_acf_changed":false,"_exactmetrics_skip_tracking":false,"_exactmetrics_sitenote_active":false,"_exactmetrics_sitenote_note":"","_exactmetrics_sitenote_category":0},"product_brand":[],"product_cat":[351,308],"product_tag":[],"class_list":{"0":"post-33925","1":"product","2":"type-product","3":"status-publish","4":"has-post-thumbnail","6":"product_cat-embroidery-backing","7":"product_cat-felt","9":"first","10":"instock","11":"taxable","12":"shipping-taxable","13":"purchasable","14":"product-type-simple","15":"add-to-wishlist-after_add_to_cart"},"acf":[],"yoast_head":"<!-- This site is optimized with the Yoast SEO Premium plugin v27.0 (Yoast SEO v27.0) - https:\/\/yoast.com\/product\/yoast-seo-premium-wordpress\/ -->\n<title>Beading Foundation For Embroidery Work Felt BeadSmith Black 4.25x5.5&quot; BFBK4.5-4 - CreativityShopEU<\/title>\n<meta name=\"robots\" content=\"noindex, follow\" \/>\n<meta property=\"og:locale\" content=\"pl_PL\" \/>\n<meta property=\"og:type\" content=\"article\" \/>\n<meta property=\"og:title\" content=\"Beading Foundation For Embroidery Work Felt BeadSmith Black 4.25x5.5&quot; BFBK4.5-4\" \/>\n<meta property=\"og:description\" content=\"The BeadSmith embroidery base is a strong and durable material for bead embroidery, cabochon beading, sewing, etc.  Color: Black Size: 4.25\u2033x5.5\u2033\/10.5cm x 14 cm Material: 100% polyester Thickness: 1.5 - 2 mm Country of origin: USA Brand: BeadSmith Price per 1 sheet.\" \/>\n<meta property=\"og:url\" content=\"https:\/\/creativityshop.eu\/pl\/product\/beading-foundation-for-embroidery-work-beadsmith-black-4-25x5-5-bfbk4-5-4\/\" \/>\n<meta property=\"og:site_name\" content=\"CreativityShopEU\" \/>\n<meta property=\"article:modified_time\" content=\"2025-05-30T15:49:06+00:00\" \/>\n<meta property=\"og:image\" content=\"https:\/\/creativityshop.eu\/wp-content\/uploads\/2023\/03\/bfbk4_768x768.jpg\" \/>\n\t<meta property=\"og:image:width\" content=\"768\" \/>\n\t<meta property=\"og:image:height\" content=\"768\" \/>\n\t<meta property=\"og:image:type\" content=\"image\/jpeg\" \/>\n<meta name=\"twitter:card\" content=\"summary_large_image\" \/>\n<meta name=\"twitter:label1\" content=\"Cena\" \/>\n\t<meta name=\"twitter:data1\" content=\"&euro;1.54\" \/>\n\t<meta name=\"twitter:label2\" content=\"Dost\u0119pno\u015b\u0107\" \/>\n\t<meta name=\"twitter:data2\" content=\"Dost\u0119pny\" \/>\n<script type=\"application\/ld+json\" class=\"yoast-schema-graph\">{\"@context\":\"https:\/\/schema.org\",\"@graph\":[{\"@type\":\"WebPage\",\"@id\":\"https:\/\/creativityshop.eu\/pl\/product\/beading-foundation-for-embroidery-work-beadsmith-black-4-25x5-5-bfbk4-5-4\/\",\"url\":\"https:\/\/creativityshop.eu\/pl\/product\/beading-foundation-for-embroidery-work-beadsmith-black-4-25x5-5-bfbk4-5-4\/\",\"name\":\"Beading Foundation For Embroidery Work Felt BeadSmith Black 4.25x5.5\\\" BFBK4.5-4 - CreativityShopEU\",\"isPartOf\":{\"@id\":\"https:\/\/creativityshop.eu\/pl\/#website\"},\"primaryImageOfPage\":{\"@id\":\"https:\/\/creativityshop.eu\/pl\/product\/beading-foundation-for-embroidery-work-beadsmith-black-4-25x5-5-bfbk4-5-4\/#primaryimage\"},\"image\":{\"@id\":\"https:\/\/creativityshop.eu\/pl\/product\/beading-foundation-for-embroidery-work-beadsmith-black-4-25x5-5-bfbk4-5-4\/#primaryimage\"},\"thumbnailUrl\":\"https:\/\/creativityshop.eu\/wp-content\/uploads\/2023\/03\/bfbk4_768x768.jpg\",\"datePublished\":\"2023-03-02T12:09:58+00:00\",\"dateModified\":\"2025-05-30T15:49:06+00:00\",\"breadcrumb\":{\"@id\":\"https:\/\/creativityshop.eu\/pl\/product\/beading-foundation-for-embroidery-work-beadsmith-black-4-25x5-5-bfbk4-5-4\/#breadcrumb\"},\"inLanguage\":\"pl-PL\",\"potentialAction\":[{\"@type\":\"ReadAction\",\"target\":[\"https:\/\/creativityshop.eu\/pl\/product\/beading-foundation-for-embroidery-work-beadsmith-black-4-25x5-5-bfbk4-5-4\/\"]}]},{\"@type\":\"ImageObject\",\"inLanguage\":\"pl-PL\",\"@id\":\"https:\/\/creativityshop.eu\/pl\/product\/beading-foundation-for-embroidery-work-beadsmith-black-4-25x5-5-bfbk4-5-4\/#primaryimage\",\"url\":\"https:\/\/creativityshop.eu\/wp-content\/uploads\/2023\/03\/bfbk4_768x768.jpg\",\"contentUrl\":\"https:\/\/creativityshop.eu\/wp-content\/uploads\/2023\/03\/bfbk4_768x768.jpg\",\"width\":768,\"height\":768,\"caption\":\"Beading Foundation BeadSmith White BFBK4.5-4\"},{\"@type\":\"BreadcrumbList\",\"@id\":\"https:\/\/creativityshop.eu\/pl\/product\/beading-foundation-for-embroidery-work-beadsmith-black-4-25x5-5-bfbk4-5-4\/#breadcrumb\",\"itemListElement\":[{\"@type\":\"ListItem\",\"position\":1,\"name\":\"Home\",\"item\":\"https:\/\/creativityshop.eu\/pl\/\"},{\"@type\":\"ListItem\",\"position\":2,\"name\":\"Shop\",\"item\":\"https:\/\/creativityshop.eu\/shop\/\"},{\"@type\":\"ListItem\",\"position\":3,\"name\":\"Beading Foundation For Embroidery Work Felt BeadSmith Black 4.25&#215;5.5&#8243; BFBK4.5-4\"}]},{\"@type\":\"WebSite\",\"@id\":\"https:\/\/creativityshop.eu\/pl\/#website\",\"url\":\"https:\/\/creativityshop.eu\/pl\/\",\"name\":\"CreativityShopEU\",\"description\":\"Embroidery and jewelry components\",\"publisher\":{\"@id\":\"https:\/\/creativityshop.eu\/pl\/#organization\"},\"potentialAction\":[{\"@type\":\"SearchAction\",\"target\":{\"@type\":\"EntryPoint\",\"urlTemplate\":\"https:\/\/creativityshop.eu\/pl\/?s={search_term_string}\"},\"query-input\":{\"@type\":\"PropertyValueSpecification\",\"valueRequired\":true,\"valueName\":\"search_term_string\"}}],\"inLanguage\":\"pl-PL\"},{\"@type\":\"Organization\",\"@id\":\"https:\/\/creativityshop.eu\/pl\/#organization\",\"name\":\"Creativity Shop OU\",\"url\":\"https:\/\/creativityshop.eu\/pl\/\",\"logo\":{\"@type\":\"ImageObject\",\"inLanguage\":\"pl-PL\",\"@id\":\"https:\/\/creativityshop.eu\/pl\/#\/schema\/logo\/image\/\",\"url\":\"https:\/\/creativityshop.eu\/wp-content\/uploads\/2018\/11\/creativity_shop_logosite2.png\",\"contentUrl\":\"https:\/\/creativityshop.eu\/wp-content\/uploads\/2018\/11\/creativity_shop_logosite2.png\",\"width\":2871,\"height\":1100,\"caption\":\"Creativity Shop OU\"},\"image\":{\"@id\":\"https:\/\/creativityshop.eu\/pl\/#\/schema\/logo\/image\/\"}}]}<\/script>\n<meta property=\"product:price:amount\" content=\"1.54\" \/>\n<meta property=\"product:price:currency\" content=\"EUR\" \/>\n<meta property=\"og:availability\" content=\"instock\" \/>\n<meta property=\"product:availability\" content=\"instock\" \/>\n<meta property=\"product:retailer_item_id\" content=\"BFBK4.5-4\" \/>\n<meta property=\"product:condition\" content=\"new\" \/>\n<!-- \/ Yoast SEO Premium plugin. -->","yoast_head_json":{"title":"Beading Foundation For Embroidery Work Felt BeadSmith Black 4.25x5.5\" BFBK4.5-4 - CreativityShopEU","robots":{"index":"noindex","follow":"follow"},"og_locale":"pl_PL","og_type":"article","og_title":"Beading Foundation For Embroidery Work Felt BeadSmith Black 4.25x5.5\" BFBK4.5-4","og_description":"The BeadSmith embroidery base is a strong and durable material for bead embroidery, cabochon beading, sewing, etc.  Color: Black Size: 4.25\u2033x5.5\u2033\/10.5cm x 14 cm Material: 100% polyester Thickness: 1.5 - 2 mm Country of origin: USA Brand: BeadSmith Price per 1 sheet.","og_url":"https:\/\/creativityshop.eu\/pl\/product\/beading-foundation-for-embroidery-work-beadsmith-black-4-25x5-5-bfbk4-5-4\/","og_site_name":"CreativityShopEU","article_modified_time":"2025-05-30T15:49:06+00:00","og_image":[{"width":768,"height":768,"url":"https:\/\/creativityshop.eu\/wp-content\/uploads\/2023\/03\/bfbk4_768x768.jpg","type":"image\/jpeg"}],"twitter_card":"summary_large_image","twitter_misc":{"Cena":"&euro;1.54","Dost\u0119pno\u015b\u0107":"Dost\u0119pny"},"schema":{"@context":"https:\/\/schema.org","@graph":[{"@type":"WebPage","@id":"https:\/\/creativityshop.eu\/pl\/product\/beading-foundation-for-embroidery-work-beadsmith-black-4-25x5-5-bfbk4-5-4\/","url":"https:\/\/creativityshop.eu\/pl\/product\/beading-foundation-for-embroidery-work-beadsmith-black-4-25x5-5-bfbk4-5-4\/","name":"Beading Foundation For Embroidery Work Felt BeadSmith Black 4.25x5.5\" BFBK4.5-4 - CreativityShopEU","isPartOf":{"@id":"https:\/\/creativityshop.eu\/pl\/#website"},"primaryImageOfPage":{"@id":"https:\/\/creativityshop.eu\/pl\/product\/beading-foundation-for-embroidery-work-beadsmith-black-4-25x5-5-bfbk4-5-4\/#primaryimage"},"image":{"@id":"https:\/\/creativityshop.eu\/pl\/product\/beading-foundation-for-embroidery-work-beadsmith-black-4-25x5-5-bfbk4-5-4\/#primaryimage"},"thumbnailUrl":"https:\/\/creativityshop.eu\/wp-content\/uploads\/2023\/03\/bfbk4_768x768.jpg","datePublished":"2023-03-02T12:09:58+00:00","dateModified":"2025-05-30T15:49:06+00:00","breadcrumb":{"@id":"https:\/\/creativityshop.eu\/pl\/product\/beading-foundation-for-embroidery-work-beadsmith-black-4-25x5-5-bfbk4-5-4\/#breadcrumb"},"inLanguage":"pl-PL","potentialAction":[{"@type":"ReadAction","target":["https:\/\/creativityshop.eu\/pl\/product\/beading-foundation-for-embroidery-work-beadsmith-black-4-25x5-5-bfbk4-5-4\/"]}]},{"@type":"ImageObject","inLanguage":"pl-PL","@id":"https:\/\/creativityshop.eu\/pl\/product\/beading-foundation-for-embroidery-work-beadsmith-black-4-25x5-5-bfbk4-5-4\/#primaryimage","url":"https:\/\/creativityshop.eu\/wp-content\/uploads\/2023\/03\/bfbk4_768x768.jpg","contentUrl":"https:\/\/creativityshop.eu\/wp-content\/uploads\/2023\/03\/bfbk4_768x768.jpg","width":768,"height":768,"caption":"Beading Foundation BeadSmith White BFBK4.5-4"},{"@type":"BreadcrumbList","@id":"https:\/\/creativityshop.eu\/pl\/product\/beading-foundation-for-embroidery-work-beadsmith-black-4-25x5-5-bfbk4-5-4\/#breadcrumb","itemListElement":[{"@type":"ListItem","position":1,"name":"Home","item":"https:\/\/creativityshop.eu\/pl\/"},{"@type":"ListItem","position":2,"name":"Shop","item":"https:\/\/creativityshop.eu\/shop\/"},{"@type":"ListItem","position":3,"name":"Beading Foundation For Embroidery Work Felt BeadSmith Black 4.25&#215;5.5&#8243; BFBK4.5-4"}]},{"@type":"WebSite","@id":"https:\/\/creativityshop.eu\/pl\/#website","url":"https:\/\/creativityshop.eu\/pl\/","name":"CreativityShopEU","description":"Embroidery and jewelry components","publisher":{"@id":"https:\/\/creativityshop.eu\/pl\/#organization"},"potentialAction":[{"@type":"SearchAction","target":{"@type":"EntryPoint","urlTemplate":"https:\/\/creativityshop.eu\/pl\/?s={search_term_string}"},"query-input":{"@type":"PropertyValueSpecification","valueRequired":true,"valueName":"search_term_string"}}],"inLanguage":"pl-PL"},{"@type":"Organization","@id":"https:\/\/creativityshop.eu\/pl\/#organization","name":"Creativity Shop OU","url":"https:\/\/creativityshop.eu\/pl\/","logo":{"@type":"ImageObject","inLanguage":"pl-PL","@id":"https:\/\/creativityshop.eu\/pl\/#\/schema\/logo\/image\/","url":"https:\/\/creativityshop.eu\/wp-content\/uploads\/2018\/11\/creativity_shop_logosite2.png","contentUrl":"https:\/\/creativityshop.eu\/wp-content\/uploads\/2018\/11\/creativity_shop_logosite2.png","width":2871,"height":1100,"caption":"Creativity Shop OU"},"image":{"@id":"https:\/\/creativityshop.eu\/pl\/#\/schema\/logo\/image\/"}}]},"product_price_amount":"1.54","product_price_currency":"EUR","og_availability":"instock","product_availability":"instock","product_retailer_item_id":"BFBK4.5-4","product_condition":"new"},"_links":{"self":[{"href":"https:\/\/creativityshop.eu\/pl\/wp-json\/wp\/v2\/product\/33925","targetHints":{"allow":["GET"]}}],"collection":[{"href":"https:\/\/creativityshop.eu\/pl\/wp-json\/wp\/v2\/product"}],"about":[{"href":"https:\/\/creativityshop.eu\/pl\/wp-json\/wp\/v2\/types\/product"}],"wp:featuredmedia":[{"embeddable":true,"href":"https:\/\/creativityshop.eu\/pl\/wp-json\/wp\/v2\/media\/33927"}],"wp:attachment":[{"href":"https:\/\/creativityshop.eu\/pl\/wp-json\/wp\/v2\/media?parent=33925"}],"wp:term":[{"taxonomy":"product_brand","embeddable":true,"href":"https:\/\/creativityshop.eu\/pl\/wp-json\/wp\/v2\/product_brand?post=33925"},{"taxonomy":"product_cat","embeddable":true,"href":"https:\/\/creativityshop.eu\/pl\/wp-json\/wp\/v2\/product_cat?post=33925"},{"taxonomy":"product_tag","embeddable":true,"href":"https:\/\/creativityshop.eu\/pl\/wp-json\/wp\/v2\/product_tag?post=33925"}],"curies":[{"name":"wp","href":"https:\/\/api.w.org\/{rel}","templated":true}]}}