{"id":33919,"date":"2023-03-02T14:25:20","date_gmt":"2023-03-02T11:25:20","guid":{"rendered":"https:\/\/creativityshop.eu\/?post_type=product&#038;p=33919"},"modified":"2025-05-30T19:18:06","modified_gmt":"2025-05-30T16:18:06","slug":"e6000-jewelry-amp-bead-glue-precision-tips-for-jewelry-and-beads-e6007","status":"publish","type":"product","link":"https:\/\/creativityshop.eu\/pl\/product\/e6000-jewelry-amp-bead-glue-precision-tips-for-jewelry-and-beads-e6007\/","title":{"rendered":"E6000 Jewelry &amp; Bead Glue precision tips for jewelry and beads E6007"},"content":{"rendered":"<p><strong>Color:<\/strong> Transparent<br \/>\n<strong>Size:<\/strong> tube 1.0 fl oz (29.5 ml)<br \/>\n<strong>Brand:<\/strong> BeadSmith<br \/>\n<strong>Country of origin:<\/strong> USA<br \/>\nPrice for one tube<\/p>\n<p>The glue E6000 Jewelry &amp; Bead is transparent and waterproof. It easily adheres to polymer clay, metals, wood, leather and much more. 4 replaceable tips, allow you to carefully apply glue to stones, gems, beads and most types of jewelry metals. E6000 Jewelry &amp; Bead is exceptionally durable, creates an elastic fixation that does not crack, does not turn yellow and does not become brittle under load. The glue E6000 Jewelry &amp; Bead dries clear, stains after curing and is resistant to atmospheric influences. The ideal temperature range for application is from 50 to 90 \u00b0F (10 to 32 \u00b0C). However, a fully cured adhesive can withstand temperatures from -40 to 180\u00b0F (-40 to 82\u00b0C) intermittently.<\/p>\n<p><strong>Recommendations for use.<\/strong><\/p>\n<p>Test small area of surface before use. Surface should be clean, dry and free of dirt. For best<br \/>\nresults, lightly roughen surface before use. Puncture seal in neck of tube using a precision tip. Replace cap. Screw precision tip into top of tube cap. Replace with fresh tip as needed. Apply directly to surfaces to be bonded or repaired. When finished, unscrew precision tip and replace it with the provided plug. Allow 24 hours for curing. Depending on materials and temperature, maximum strength may not be reached for 48 to 72 hours. For future easy cap removal, apply a thin coat of petroleum jelly to the threads of the tube before replacing the cap. Clean uncured adhesive with acetone or citrus-based solvents. Cured material may be removed by cutting or scraping. Product is paintable and immediately resistant to precipitation upon application.<\/p>\n<p><strong>NOTE:<\/strong> May damage finished surfaces. Avoid such contact until completely cured. Not recommended for use on polystyrene, polyethylene, polypropylene or paper products. Not recommended for any items that come into contact with food, drinking water or animals. Do not dry clean.<\/p>\n<p><strong>WARNING:<\/strong> In case of contact with the skin, wash it with soap and water. In case of contact with eyes, rinse them for 15 minutes with plenty of water. If swallowed, do not try to induce vomiting. Get medical attention. KEEP AWAY FROM CHILDREN!<\/p>\n","protected":false},"excerpt":{"rendered":"<p><strong>The glue E6000 Jewelry &amp; Bead for precision applications! Perfect for securing knots and permanently attaching most any type of stone, gem, crystal or bead to jewelry findings and base metal, silver, copper and gold jewelry pieces.<\/strong><\/p>\n<p><strong>Color:<\/strong> Transparent<br \/>\n<strong>Size:<\/strong> tube 1.0 fl oz (29.5 ml)<br \/>\n<strong>Brand:<\/strong> BeadSmith<br \/>\n<strong>Country of origin:<\/strong> USA<br \/>\nPrice for one tube<\/p>\n","protected":false},"featured_media":33921,"template":"","meta":{"_acf_changed":false,"_exactmetrics_skip_tracking":false,"_exactmetrics_sitenote_active":false,"_exactmetrics_sitenote_note":"","_exactmetrics_sitenote_category":0},"product_brand":[],"product_cat":[552],"product_tag":[],"class_list":{"0":"post-33919","1":"product","2":"type-product","3":"status-publish","4":"has-post-thumbnail","6":"product_cat-glue","7":"product_shipping_class-heavy-products","9":"first","10":"outofstock","11":"taxable","12":"shipping-taxable","13":"purchasable","14":"product-type-simple","15":"add-to-wishlist-after_add_to_cart"},"acf":[],"yoast_head":"<!-- This site is optimized with the Yoast SEO Premium plugin v27.0 (Yoast SEO v27.0) - https:\/\/yoast.com\/product\/yoast-seo-premium-wordpress\/ -->\n<title>E6000 Jewelry &amp; Bead Glue precision tips for jewelry and beads E6007 - CreativityShopEU<\/title>\n<meta name=\"robots\" content=\"noindex, follow\" \/>\n<meta property=\"og:locale\" content=\"pl_PL\" \/>\n<meta property=\"og:type\" content=\"article\" \/>\n<meta property=\"og:title\" content=\"E6000 Jewelry &amp; Bead Glue precision tips for jewelry and beads E6007\" \/>\n<meta property=\"og:description\" content=\"The glue E6000 Jewelry &amp; Bead for precision applications! Perfect for securing knots and permanently attaching most any type of stone, gem, crystal or bead to jewelry findings and base metal, silver, copper and gold jewelry pieces.  Color: Transparent Size: tube 1.0 fl oz (29.5 ml) Brand: BeadSmith Country of origin: USA Price for one tube\" \/>\n<meta property=\"og:url\" content=\"https:\/\/creativityshop.eu\/pl\/product\/e6000-jewelry-amp-bead-glue-precision-tips-for-jewelry-and-beads-e6007\/\" \/>\n<meta property=\"og:site_name\" content=\"CreativityShopEU\" \/>\n<meta property=\"article:modified_time\" content=\"2025-05-30T16:18:06+00:00\" \/>\n<meta property=\"og:image\" content=\"https:\/\/creativityshop.eu\/wp-content\/uploads\/2023\/03\/e6007_768x768.jpg\" \/>\n\t<meta property=\"og:image:width\" content=\"768\" \/>\n\t<meta property=\"og:image:height\" content=\"768\" \/>\n\t<meta property=\"og:image:type\" content=\"image\/jpeg\" \/>\n<meta name=\"twitter:card\" content=\"summary_large_image\" \/>\n<meta name=\"twitter:label1\" content=\"Cena\" \/>\n\t<meta name=\"twitter:data1\" content=\"&euro;7.81\" \/>\n\t<meta name=\"twitter:label2\" content=\"Dost\u0119pno\u015b\u0107\" \/>\n\t<meta name=\"twitter:data2\" content=\"Brak w magazynie\" \/>\n<script type=\"application\/ld+json\" class=\"yoast-schema-graph\">{\"@context\":\"https:\/\/schema.org\",\"@graph\":[{\"@type\":\"WebPage\",\"@id\":\"https:\/\/creativityshop.eu\/pl\/product\/e6000-jewelry-amp-bead-glue-precision-tips-for-jewelry-and-beads-e6007\/\",\"url\":\"https:\/\/creativityshop.eu\/pl\/product\/e6000-jewelry-amp-bead-glue-precision-tips-for-jewelry-and-beads-e6007\/\",\"name\":\"E6000 Jewelry &amp; Bead Glue precision tips for jewelry and beads E6007 - CreativityShopEU\",\"isPartOf\":{\"@id\":\"https:\/\/creativityshop.eu\/pl\/#website\"},\"primaryImageOfPage\":{\"@id\":\"https:\/\/creativityshop.eu\/pl\/product\/e6000-jewelry-amp-bead-glue-precision-tips-for-jewelry-and-beads-e6007\/#primaryimage\"},\"image\":{\"@id\":\"https:\/\/creativityshop.eu\/pl\/product\/e6000-jewelry-amp-bead-glue-precision-tips-for-jewelry-and-beads-e6007\/#primaryimage\"},\"thumbnailUrl\":\"https:\/\/creativityshop.eu\/wp-content\/uploads\/2023\/03\/e6007_768x768.jpg\",\"datePublished\":\"2023-03-02T11:25:20+00:00\",\"dateModified\":\"2025-05-30T16:18:06+00:00\",\"breadcrumb\":{\"@id\":\"https:\/\/creativityshop.eu\/pl\/product\/e6000-jewelry-amp-bead-glue-precision-tips-for-jewelry-and-beads-e6007\/#breadcrumb\"},\"inLanguage\":\"pl-PL\",\"potentialAction\":[{\"@type\":\"ReadAction\",\"target\":[\"https:\/\/creativityshop.eu\/pl\/product\/e6000-jewelry-amp-bead-glue-precision-tips-for-jewelry-and-beads-e6007\/\"]}]},{\"@type\":\"ImageObject\",\"inLanguage\":\"pl-PL\",\"@id\":\"https:\/\/creativityshop.eu\/pl\/product\/e6000-jewelry-amp-bead-glue-precision-tips-for-jewelry-and-beads-e6007\/#primaryimage\",\"url\":\"https:\/\/creativityshop.eu\/wp-content\/uploads\/2023\/03\/e6007_768x768.jpg\",\"contentUrl\":\"https:\/\/creativityshop.eu\/wp-content\/uploads\/2023\/03\/e6007_768x768.jpg\",\"width\":768,\"height\":768,\"caption\":\"E6000 Jewelry & Bead Glue\"},{\"@type\":\"BreadcrumbList\",\"@id\":\"https:\/\/creativityshop.eu\/pl\/product\/e6000-jewelry-amp-bead-glue-precision-tips-for-jewelry-and-beads-e6007\/#breadcrumb\",\"itemListElement\":[{\"@type\":\"ListItem\",\"position\":1,\"name\":\"Home\",\"item\":\"https:\/\/creativityshop.eu\/pl\/\"},{\"@type\":\"ListItem\",\"position\":2,\"name\":\"Shop\",\"item\":\"https:\/\/creativityshop.eu\/shop\/\"},{\"@type\":\"ListItem\",\"position\":3,\"name\":\"E6000 Jewelry &amp; Bead Glue precision tips for jewelry and beads E6007\"}]},{\"@type\":\"WebSite\",\"@id\":\"https:\/\/creativityshop.eu\/pl\/#website\",\"url\":\"https:\/\/creativityshop.eu\/pl\/\",\"name\":\"CreativityShopEU\",\"description\":\"Embroidery and jewelry components\",\"publisher\":{\"@id\":\"https:\/\/creativityshop.eu\/pl\/#organization\"},\"potentialAction\":[{\"@type\":\"SearchAction\",\"target\":{\"@type\":\"EntryPoint\",\"urlTemplate\":\"https:\/\/creativityshop.eu\/pl\/?s={search_term_string}\"},\"query-input\":{\"@type\":\"PropertyValueSpecification\",\"valueRequired\":true,\"valueName\":\"search_term_string\"}}],\"inLanguage\":\"pl-PL\"},{\"@type\":\"Organization\",\"@id\":\"https:\/\/creativityshop.eu\/pl\/#organization\",\"name\":\"Creativity Shop OU\",\"url\":\"https:\/\/creativityshop.eu\/pl\/\",\"logo\":{\"@type\":\"ImageObject\",\"inLanguage\":\"pl-PL\",\"@id\":\"https:\/\/creativityshop.eu\/pl\/#\/schema\/logo\/image\/\",\"url\":\"https:\/\/creativityshop.eu\/wp-content\/uploads\/2018\/11\/creativity_shop_logosite2.png\",\"contentUrl\":\"https:\/\/creativityshop.eu\/wp-content\/uploads\/2018\/11\/creativity_shop_logosite2.png\",\"width\":2871,\"height\":1100,\"caption\":\"Creativity Shop OU\"},\"image\":{\"@id\":\"https:\/\/creativityshop.eu\/pl\/#\/schema\/logo\/image\/\"}}]}<\/script>\n<meta property=\"product:price:amount\" content=\"7.81\" \/>\n<meta property=\"product:price:currency\" content=\"EUR\" \/>\n<meta property=\"og:availability\" content=\"out of stock\" \/>\n<meta property=\"product:availability\" content=\"out of stock\" \/>\n<meta property=\"product:retailer_item_id\" content=\"E6007\" \/>\n<meta property=\"product:condition\" content=\"new\" \/>\n<!-- \/ Yoast SEO Premium plugin. -->","yoast_head_json":{"title":"E6000 Jewelry &amp; Bead Glue precision tips for jewelry and beads E6007 - CreativityShopEU","robots":{"index":"noindex","follow":"follow"},"og_locale":"pl_PL","og_type":"article","og_title":"E6000 Jewelry &amp; Bead Glue precision tips for jewelry and beads E6007","og_description":"The glue E6000 Jewelry &amp; Bead for precision applications! Perfect for securing knots and permanently attaching most any type of stone, gem, crystal or bead to jewelry findings and base metal, silver, copper and gold jewelry pieces.  Color: Transparent Size: tube 1.0 fl oz (29.5 ml) Brand: BeadSmith Country of origin: USA Price for one tube","og_url":"https:\/\/creativityshop.eu\/pl\/product\/e6000-jewelry-amp-bead-glue-precision-tips-for-jewelry-and-beads-e6007\/","og_site_name":"CreativityShopEU","article_modified_time":"2025-05-30T16:18:06+00:00","og_image":[{"width":768,"height":768,"url":"https:\/\/creativityshop.eu\/wp-content\/uploads\/2023\/03\/e6007_768x768.jpg","type":"image\/jpeg"}],"twitter_card":"summary_large_image","twitter_misc":{"Cena":"&euro;7.81","Dost\u0119pno\u015b\u0107":"Brak w magazynie"},"schema":{"@context":"https:\/\/schema.org","@graph":[{"@type":"WebPage","@id":"https:\/\/creativityshop.eu\/pl\/product\/e6000-jewelry-amp-bead-glue-precision-tips-for-jewelry-and-beads-e6007\/","url":"https:\/\/creativityshop.eu\/pl\/product\/e6000-jewelry-amp-bead-glue-precision-tips-for-jewelry-and-beads-e6007\/","name":"E6000 Jewelry &amp; Bead Glue precision tips for jewelry and beads E6007 - CreativityShopEU","isPartOf":{"@id":"https:\/\/creativityshop.eu\/pl\/#website"},"primaryImageOfPage":{"@id":"https:\/\/creativityshop.eu\/pl\/product\/e6000-jewelry-amp-bead-glue-precision-tips-for-jewelry-and-beads-e6007\/#primaryimage"},"image":{"@id":"https:\/\/creativityshop.eu\/pl\/product\/e6000-jewelry-amp-bead-glue-precision-tips-for-jewelry-and-beads-e6007\/#primaryimage"},"thumbnailUrl":"https:\/\/creativityshop.eu\/wp-content\/uploads\/2023\/03\/e6007_768x768.jpg","datePublished":"2023-03-02T11:25:20+00:00","dateModified":"2025-05-30T16:18:06+00:00","breadcrumb":{"@id":"https:\/\/creativityshop.eu\/pl\/product\/e6000-jewelry-amp-bead-glue-precision-tips-for-jewelry-and-beads-e6007\/#breadcrumb"},"inLanguage":"pl-PL","potentialAction":[{"@type":"ReadAction","target":["https:\/\/creativityshop.eu\/pl\/product\/e6000-jewelry-amp-bead-glue-precision-tips-for-jewelry-and-beads-e6007\/"]}]},{"@type":"ImageObject","inLanguage":"pl-PL","@id":"https:\/\/creativityshop.eu\/pl\/product\/e6000-jewelry-amp-bead-glue-precision-tips-for-jewelry-and-beads-e6007\/#primaryimage","url":"https:\/\/creativityshop.eu\/wp-content\/uploads\/2023\/03\/e6007_768x768.jpg","contentUrl":"https:\/\/creativityshop.eu\/wp-content\/uploads\/2023\/03\/e6007_768x768.jpg","width":768,"height":768,"caption":"E6000 Jewelry & Bead Glue"},{"@type":"BreadcrumbList","@id":"https:\/\/creativityshop.eu\/pl\/product\/e6000-jewelry-amp-bead-glue-precision-tips-for-jewelry-and-beads-e6007\/#breadcrumb","itemListElement":[{"@type":"ListItem","position":1,"name":"Home","item":"https:\/\/creativityshop.eu\/pl\/"},{"@type":"ListItem","position":2,"name":"Shop","item":"https:\/\/creativityshop.eu\/shop\/"},{"@type":"ListItem","position":3,"name":"E6000 Jewelry &amp; Bead Glue precision tips for jewelry and beads E6007"}]},{"@type":"WebSite","@id":"https:\/\/creativityshop.eu\/pl\/#website","url":"https:\/\/creativityshop.eu\/pl\/","name":"CreativityShopEU","description":"Embroidery and jewelry components","publisher":{"@id":"https:\/\/creativityshop.eu\/pl\/#organization"},"potentialAction":[{"@type":"SearchAction","target":{"@type":"EntryPoint","urlTemplate":"https:\/\/creativityshop.eu\/pl\/?s={search_term_string}"},"query-input":{"@type":"PropertyValueSpecification","valueRequired":true,"valueName":"search_term_string"}}],"inLanguage":"pl-PL"},{"@type":"Organization","@id":"https:\/\/creativityshop.eu\/pl\/#organization","name":"Creativity Shop OU","url":"https:\/\/creativityshop.eu\/pl\/","logo":{"@type":"ImageObject","inLanguage":"pl-PL","@id":"https:\/\/creativityshop.eu\/pl\/#\/schema\/logo\/image\/","url":"https:\/\/creativityshop.eu\/wp-content\/uploads\/2018\/11\/creativity_shop_logosite2.png","contentUrl":"https:\/\/creativityshop.eu\/wp-content\/uploads\/2018\/11\/creativity_shop_logosite2.png","width":2871,"height":1100,"caption":"Creativity Shop OU"},"image":{"@id":"https:\/\/creativityshop.eu\/pl\/#\/schema\/logo\/image\/"}}]},"product_price_amount":"7.81","product_price_currency":"EUR","og_availability":"out of stock","product_availability":"out of stock","product_retailer_item_id":"E6007","product_condition":"new"},"_links":{"self":[{"href":"https:\/\/creativityshop.eu\/pl\/wp-json\/wp\/v2\/product\/33919","targetHints":{"allow":["GET"]}}],"collection":[{"href":"https:\/\/creativityshop.eu\/pl\/wp-json\/wp\/v2\/product"}],"about":[{"href":"https:\/\/creativityshop.eu\/pl\/wp-json\/wp\/v2\/types\/product"}],"wp:featuredmedia":[{"embeddable":true,"href":"https:\/\/creativityshop.eu\/pl\/wp-json\/wp\/v2\/media\/33921"}],"wp:attachment":[{"href":"https:\/\/creativityshop.eu\/pl\/wp-json\/wp\/v2\/media?parent=33919"}],"wp:term":[{"taxonomy":"product_brand","embeddable":true,"href":"https:\/\/creativityshop.eu\/pl\/wp-json\/wp\/v2\/product_brand?post=33919"},{"taxonomy":"product_cat","embeddable":true,"href":"https:\/\/creativityshop.eu\/pl\/wp-json\/wp\/v2\/product_cat?post=33919"},{"taxonomy":"product_tag","embeddable":true,"href":"https:\/\/creativityshop.eu\/pl\/wp-json\/wp\/v2\/product_tag?post=33919"}],"curies":[{"name":"wp","href":"https:\/\/api.w.org\/{rel}","templated":true}]}}