{"id":33909,"date":"2023-03-02T13:36:15","date_gmt":"2023-03-02T10:36:15","guid":{"rendered":"https:\/\/creativityshop.eu\/?post_type=product&#038;p=33909"},"modified":"2024-02-13T19:56:30","modified_gmt":"2024-02-13T16:56:30","slug":"anti-tranish-paper-strips-2x7-shine-rite-breadsmith-atp278","status":"publish","type":"product","link":"https:\/\/creativityshop.eu\/pl\/product\/anti-tranish-paper-strips-2x7-shine-rite-breadsmith-atp278\/","title":{"rendered":"Anti-tarnish paper strips 2&#215;7&#8243; Shine Rite BeadSmith ATP278"},"content":{"rendered":"<p><strong>Color:<\/strong> Black<br \/>\n<strong>Size:<\/strong> 2\u2033x7\u2033\/5.8cm x 17.8 cm<br \/>\n<strong>Material:<\/strong> Paper<br \/>\n<strong>Country of origin:<\/strong> USA<br \/>\n<strong>Brand:<\/strong> BeadSmith<br \/>\nPrice per one package, 8 strips per bag.<\/p>\n<p>The &#8222;Shiny Rite&#8221; paper Strips will protect your jewelry, flatware, serving pieces, musical instruments and other items from unsightly discoloration or tarnish. Anti &#8211; tarnish Strips &#8222;Shine Rite&#8221; are made from a special paper material with 3M\u2122 Tarni-Shield\u2122 technology which is completely safe and non-toxic. Simply place a strip near polished metal in an enclosed area, such as jewelry cases, storage bags or boxes, silverware chests, musical instrument cases ect. One piece protects for approximately 6 months! One strip protects one cubic foot of air space.<\/p>\n<p><strong>Recommendations for the care.<\/strong><\/p>\n<p>Store unused strips in a sealed, airtight bag.<\/p>\n<p><em>Product images are for illustrative purposes only and may differ from the actual product. Due to differences in monitors and lightening, colors of products may also appear different to those shown on the site.<\/em><\/p>\n","protected":false},"excerpt":{"rendered":"<p><strong>Shine Rite Anti-tarnish Strips will help you to protect silver, nickel, copper, bronze, tin and gold from the discoloration and tarnish!<\/strong><\/p>\n<p><strong>Color:<\/strong> Black<br \/>\n<strong>Size:<\/strong> 2\u2033x7\u2033\/5.8cm x 17.8 cm<br \/>\n<strong>Material:<\/strong> Paper<br \/>\n<strong>Country of origin:<\/strong> USA<br \/>\n<strong>Brand:<\/strong> BeadSmith<br \/>\nPrice per one package, 8 strips per bag.<\/p>\n","protected":false},"featured_media":33911,"template":"","meta":{"_acf_changed":false,"_exactmetrics_skip_tracking":false,"_exactmetrics_sitenote_active":false,"_exactmetrics_sitenote_note":"","_exactmetrics_sitenote_category":0},"product_brand":[],"product_cat":[404,852],"product_tag":[],"class_list":{"0":"post-33909","1":"product","2":"type-product","3":"status-publish","4":"has-post-thumbnail","6":"product_cat-tools","7":"product_cat-storage-boxes-organisers","9":"first","10":"instock","11":"taxable","12":"shipping-taxable","13":"purchasable","14":"product-type-simple","15":"add-to-wishlist-after_add_to_cart"},"acf":[],"yoast_head":"<!-- This site is optimized with the Yoast SEO Premium plugin v27.0 (Yoast SEO v27.0) - https:\/\/yoast.com\/product\/yoast-seo-premium-wordpress\/ -->\n<title>Anti-tarnish paper strips 2x7&quot; Shine Rite BeadSmith ATP278 - CreativityShopEU<\/title>\n<meta name=\"robots\" content=\"noindex, follow\" \/>\n<meta property=\"og:locale\" content=\"pl_PL\" \/>\n<meta property=\"og:type\" content=\"article\" \/>\n<meta property=\"og:title\" content=\"Anti-tarnish paper strips 2x7&quot; Shine Rite BeadSmith ATP278\" \/>\n<meta property=\"og:description\" content=\"Shine Rite Anti-tarnish Strips will help you to protect silver, nickel, copper, bronze, tin and gold from the discoloration and tarnish!  Color: Black Size: 2\u2033x7\u2033\/5.8cm x 17.8 cm Material: Paper Country of origin: USA Brand: BeadSmith Price per one package, 8 strips per bag.\" \/>\n<meta property=\"og:url\" content=\"https:\/\/creativityshop.eu\/pl\/product\/anti-tranish-paper-strips-2x7-shine-rite-breadsmith-atp278\/\" \/>\n<meta property=\"og:site_name\" content=\"CreativityShopEU\" \/>\n<meta property=\"article:modified_time\" content=\"2024-02-13T16:56:30+00:00\" \/>\n<meta property=\"og:image\" content=\"https:\/\/creativityshop.eu\/wp-content\/uploads\/2023\/03\/atp278_768h768.jpg\" \/>\n\t<meta property=\"og:image:width\" content=\"768\" \/>\n\t<meta property=\"og:image:height\" content=\"768\" \/>\n\t<meta property=\"og:image:type\" content=\"image\/jpeg\" \/>\n<meta name=\"twitter:card\" content=\"summary_large_image\" \/>\n<meta name=\"twitter:label1\" content=\"Cena\" \/>\n\t<meta name=\"twitter:data1\" content=\"&euro;2.02\" \/>\n\t<meta name=\"twitter:label2\" content=\"Dost\u0119pno\u015b\u0107\" \/>\n\t<meta name=\"twitter:data2\" content=\"Dost\u0119pny\" \/>\n<script type=\"application\/ld+json\" class=\"yoast-schema-graph\">{\"@context\":\"https:\/\/schema.org\",\"@graph\":[{\"@type\":\"WebPage\",\"@id\":\"https:\/\/creativityshop.eu\/pl\/product\/anti-tranish-paper-strips-2x7-shine-rite-breadsmith-atp278\/\",\"url\":\"https:\/\/creativityshop.eu\/pl\/product\/anti-tranish-paper-strips-2x7-shine-rite-breadsmith-atp278\/\",\"name\":\"Anti-tarnish paper strips 2x7\\\" Shine Rite BeadSmith ATP278 - CreativityShopEU\",\"isPartOf\":{\"@id\":\"https:\/\/creativityshop.eu\/pl\/#website\"},\"primaryImageOfPage\":{\"@id\":\"https:\/\/creativityshop.eu\/pl\/product\/anti-tranish-paper-strips-2x7-shine-rite-breadsmith-atp278\/#primaryimage\"},\"image\":{\"@id\":\"https:\/\/creativityshop.eu\/pl\/product\/anti-tranish-paper-strips-2x7-shine-rite-breadsmith-atp278\/#primaryimage\"},\"thumbnailUrl\":\"https:\/\/creativityshop.eu\/wp-content\/uploads\/2023\/03\/atp278_768h768.jpg\",\"datePublished\":\"2023-03-02T10:36:15+00:00\",\"dateModified\":\"2024-02-13T16:56:30+00:00\",\"breadcrumb\":{\"@id\":\"https:\/\/creativityshop.eu\/pl\/product\/anti-tranish-paper-strips-2x7-shine-rite-breadsmith-atp278\/#breadcrumb\"},\"inLanguage\":\"pl-PL\",\"potentialAction\":[{\"@type\":\"ReadAction\",\"target\":[\"https:\/\/creativityshop.eu\/pl\/product\/anti-tranish-paper-strips-2x7-shine-rite-breadsmith-atp278\/\"]}]},{\"@type\":\"ImageObject\",\"inLanguage\":\"pl-PL\",\"@id\":\"https:\/\/creativityshop.eu\/pl\/product\/anti-tranish-paper-strips-2x7-shine-rite-breadsmith-atp278\/#primaryimage\",\"url\":\"https:\/\/creativityshop.eu\/wp-content\/uploads\/2023\/03\/atp278_768h768.jpg\",\"contentUrl\":\"https:\/\/creativityshop.eu\/wp-content\/uploads\/2023\/03\/atp278_768h768.jpg\",\"width\":768,\"height\":768,\"caption\":\"Anti-tranish paper strips Shine Rite BreadSmith 2x7\\\"\"},{\"@type\":\"BreadcrumbList\",\"@id\":\"https:\/\/creativityshop.eu\/pl\/product\/anti-tranish-paper-strips-2x7-shine-rite-breadsmith-atp278\/#breadcrumb\",\"itemListElement\":[{\"@type\":\"ListItem\",\"position\":1,\"name\":\"Home\",\"item\":\"https:\/\/creativityshop.eu\/pl\/\"},{\"@type\":\"ListItem\",\"position\":2,\"name\":\"Shop\",\"item\":\"https:\/\/creativityshop.eu\/shop\/\"},{\"@type\":\"ListItem\",\"position\":3,\"name\":\"Anti-tarnish paper strips 2&#215;7&#8243; Shine Rite BeadSmith ATP278\"}]},{\"@type\":\"WebSite\",\"@id\":\"https:\/\/creativityshop.eu\/pl\/#website\",\"url\":\"https:\/\/creativityshop.eu\/pl\/\",\"name\":\"CreativityShopEU\",\"description\":\"Embroidery and jewelry components\",\"publisher\":{\"@id\":\"https:\/\/creativityshop.eu\/pl\/#organization\"},\"potentialAction\":[{\"@type\":\"SearchAction\",\"target\":{\"@type\":\"EntryPoint\",\"urlTemplate\":\"https:\/\/creativityshop.eu\/pl\/?s={search_term_string}\"},\"query-input\":{\"@type\":\"PropertyValueSpecification\",\"valueRequired\":true,\"valueName\":\"search_term_string\"}}],\"inLanguage\":\"pl-PL\"},{\"@type\":\"Organization\",\"@id\":\"https:\/\/creativityshop.eu\/pl\/#organization\",\"name\":\"Creativity Shop OU\",\"url\":\"https:\/\/creativityshop.eu\/pl\/\",\"logo\":{\"@type\":\"ImageObject\",\"inLanguage\":\"pl-PL\",\"@id\":\"https:\/\/creativityshop.eu\/pl\/#\/schema\/logo\/image\/\",\"url\":\"https:\/\/creativityshop.eu\/wp-content\/uploads\/2018\/11\/creativity_shop_logosite2.png\",\"contentUrl\":\"https:\/\/creativityshop.eu\/wp-content\/uploads\/2018\/11\/creativity_shop_logosite2.png\",\"width\":2871,\"height\":1100,\"caption\":\"Creativity Shop OU\"},\"image\":{\"@id\":\"https:\/\/creativityshop.eu\/pl\/#\/schema\/logo\/image\/\"}}]}<\/script>\n<meta property=\"product:price:amount\" content=\"2.02\" \/>\n<meta property=\"product:price:currency\" content=\"EUR\" \/>\n<meta property=\"og:availability\" content=\"instock\" \/>\n<meta property=\"product:availability\" content=\"instock\" \/>\n<meta property=\"product:retailer_item_id\" content=\"ATP278\" \/>\n<meta property=\"product:condition\" content=\"new\" \/>\n<!-- \/ Yoast SEO Premium plugin. -->","yoast_head_json":{"title":"Anti-tarnish paper strips 2x7\" Shine Rite BeadSmith ATP278 - CreativityShopEU","robots":{"index":"noindex","follow":"follow"},"og_locale":"pl_PL","og_type":"article","og_title":"Anti-tarnish paper strips 2x7\" Shine Rite BeadSmith ATP278","og_description":"Shine Rite Anti-tarnish Strips will help you to protect silver, nickel, copper, bronze, tin and gold from the discoloration and tarnish!  Color: Black Size: 2\u2033x7\u2033\/5.8cm x 17.8 cm Material: Paper Country of origin: USA Brand: BeadSmith Price per one package, 8 strips per bag.","og_url":"https:\/\/creativityshop.eu\/pl\/product\/anti-tranish-paper-strips-2x7-shine-rite-breadsmith-atp278\/","og_site_name":"CreativityShopEU","article_modified_time":"2024-02-13T16:56:30+00:00","og_image":[{"width":768,"height":768,"url":"https:\/\/creativityshop.eu\/wp-content\/uploads\/2023\/03\/atp278_768h768.jpg","type":"image\/jpeg"}],"twitter_card":"summary_large_image","twitter_misc":{"Cena":"&euro;2.02","Dost\u0119pno\u015b\u0107":"Dost\u0119pny"},"schema":{"@context":"https:\/\/schema.org","@graph":[{"@type":"WebPage","@id":"https:\/\/creativityshop.eu\/pl\/product\/anti-tranish-paper-strips-2x7-shine-rite-breadsmith-atp278\/","url":"https:\/\/creativityshop.eu\/pl\/product\/anti-tranish-paper-strips-2x7-shine-rite-breadsmith-atp278\/","name":"Anti-tarnish paper strips 2x7\" Shine Rite BeadSmith ATP278 - CreativityShopEU","isPartOf":{"@id":"https:\/\/creativityshop.eu\/pl\/#website"},"primaryImageOfPage":{"@id":"https:\/\/creativityshop.eu\/pl\/product\/anti-tranish-paper-strips-2x7-shine-rite-breadsmith-atp278\/#primaryimage"},"image":{"@id":"https:\/\/creativityshop.eu\/pl\/product\/anti-tranish-paper-strips-2x7-shine-rite-breadsmith-atp278\/#primaryimage"},"thumbnailUrl":"https:\/\/creativityshop.eu\/wp-content\/uploads\/2023\/03\/atp278_768h768.jpg","datePublished":"2023-03-02T10:36:15+00:00","dateModified":"2024-02-13T16:56:30+00:00","breadcrumb":{"@id":"https:\/\/creativityshop.eu\/pl\/product\/anti-tranish-paper-strips-2x7-shine-rite-breadsmith-atp278\/#breadcrumb"},"inLanguage":"pl-PL","potentialAction":[{"@type":"ReadAction","target":["https:\/\/creativityshop.eu\/pl\/product\/anti-tranish-paper-strips-2x7-shine-rite-breadsmith-atp278\/"]}]},{"@type":"ImageObject","inLanguage":"pl-PL","@id":"https:\/\/creativityshop.eu\/pl\/product\/anti-tranish-paper-strips-2x7-shine-rite-breadsmith-atp278\/#primaryimage","url":"https:\/\/creativityshop.eu\/wp-content\/uploads\/2023\/03\/atp278_768h768.jpg","contentUrl":"https:\/\/creativityshop.eu\/wp-content\/uploads\/2023\/03\/atp278_768h768.jpg","width":768,"height":768,"caption":"Anti-tranish paper strips Shine Rite BreadSmith 2x7\""},{"@type":"BreadcrumbList","@id":"https:\/\/creativityshop.eu\/pl\/product\/anti-tranish-paper-strips-2x7-shine-rite-breadsmith-atp278\/#breadcrumb","itemListElement":[{"@type":"ListItem","position":1,"name":"Home","item":"https:\/\/creativityshop.eu\/pl\/"},{"@type":"ListItem","position":2,"name":"Shop","item":"https:\/\/creativityshop.eu\/shop\/"},{"@type":"ListItem","position":3,"name":"Anti-tarnish paper strips 2&#215;7&#8243; Shine Rite BeadSmith ATP278"}]},{"@type":"WebSite","@id":"https:\/\/creativityshop.eu\/pl\/#website","url":"https:\/\/creativityshop.eu\/pl\/","name":"CreativityShopEU","description":"Embroidery and jewelry components","publisher":{"@id":"https:\/\/creativityshop.eu\/pl\/#organization"},"potentialAction":[{"@type":"SearchAction","target":{"@type":"EntryPoint","urlTemplate":"https:\/\/creativityshop.eu\/pl\/?s={search_term_string}"},"query-input":{"@type":"PropertyValueSpecification","valueRequired":true,"valueName":"search_term_string"}}],"inLanguage":"pl-PL"},{"@type":"Organization","@id":"https:\/\/creativityshop.eu\/pl\/#organization","name":"Creativity Shop OU","url":"https:\/\/creativityshop.eu\/pl\/","logo":{"@type":"ImageObject","inLanguage":"pl-PL","@id":"https:\/\/creativityshop.eu\/pl\/#\/schema\/logo\/image\/","url":"https:\/\/creativityshop.eu\/wp-content\/uploads\/2018\/11\/creativity_shop_logosite2.png","contentUrl":"https:\/\/creativityshop.eu\/wp-content\/uploads\/2018\/11\/creativity_shop_logosite2.png","width":2871,"height":1100,"caption":"Creativity Shop OU"},"image":{"@id":"https:\/\/creativityshop.eu\/pl\/#\/schema\/logo\/image\/"}}]},"product_price_amount":"2.02","product_price_currency":"EUR","og_availability":"instock","product_availability":"instock","product_retailer_item_id":"ATP278","product_condition":"new"},"_links":{"self":[{"href":"https:\/\/creativityshop.eu\/pl\/wp-json\/wp\/v2\/product\/33909","targetHints":{"allow":["GET"]}}],"collection":[{"href":"https:\/\/creativityshop.eu\/pl\/wp-json\/wp\/v2\/product"}],"about":[{"href":"https:\/\/creativityshop.eu\/pl\/wp-json\/wp\/v2\/types\/product"}],"wp:featuredmedia":[{"embeddable":true,"href":"https:\/\/creativityshop.eu\/pl\/wp-json\/wp\/v2\/media\/33911"}],"wp:attachment":[{"href":"https:\/\/creativityshop.eu\/pl\/wp-json\/wp\/v2\/media?parent=33909"}],"wp:term":[{"taxonomy":"product_brand","embeddable":true,"href":"https:\/\/creativityshop.eu\/pl\/wp-json\/wp\/v2\/product_brand?post=33909"},{"taxonomy":"product_cat","embeddable":true,"href":"https:\/\/creativityshop.eu\/pl\/wp-json\/wp\/v2\/product_cat?post=33909"},{"taxonomy":"product_tag","embeddable":true,"href":"https:\/\/creativityshop.eu\/pl\/wp-json\/wp\/v2\/product_tag?post=33909"}],"curies":[{"name":"wp","href":"https:\/\/api.w.org\/{rel}","templated":true}]}}