{"id":33878,"date":"2023-02-28T17:43:47","date_gmt":"2023-02-28T14:43:47","guid":{"rendered":"https:\/\/creativityshop.eu\/?post_type=product&#038;p=33878"},"modified":"2024-06-22T01:09:02","modified_gmt":"2024-06-21T22:09:02","slug":"ultrasuede-fabric-faux-suede-for-embroidery-and-jewelry-making-color-classic-navy-0258","status":"publish","type":"product","link":"https:\/\/creativityshop.eu\/pl\/product\/ultrasuede-fabric-faux-suede-for-embroidery-and-jewelry-making-color-classic-navy-0258\/","title":{"rendered":"Ultrasuede Fabric Faux Suede for embroidery and jewelry making color Classic Navy #0258"},"content":{"rendered":"<p><strong>Color:<\/strong> Classic Navy #0258<br \/>\n<strong>Size:<\/strong> 8.5&#8243;x 4.25&#8243;\/21.6cm x 10.8 cm<br \/>\n<strong>Thickness:<\/strong>0.8 mm<br \/>\n<strong>Material:<\/strong> Ultrasuede<br \/>\n<strong>Country of origin:<\/strong> USA<br \/>\nPrice per one sheet in hangable plastic tube<\/p>\n<p>Ultrasuede is a wonderful synthetic surface for any embroidery project, which creates the perfect backdrop and support for your embroidery or jewerly. This fabric is multipurpose and easy to care for, soft feel, lightweight, durable and modern.<br \/>\nUltrasuede fabric never sags, shrinks or loses its shape, so edges will stay crisp and clean over a lifetime of use. This allows use Ultrasuede for cabochon beading and bead applique techniques with ease. Ultrasuede fabric is resistance to stains and odors, easy to clean, highly abrasion resistant, UV resistant, completely waterproof. Available in an array of colors. In our store www.creativityshop.eu you will find the color that best matches the palette of your project.<\/p>\n<p><strong>Recommendations for the care<\/strong><\/p>\n<p>Brush the Ultrasuede regularly by a medium-bristle brush. Ultrasuede is designed to be machine-washable. However, we recommend that you use the gentle cycle and wash separately. You can also hand wash the fabric. In addition, all Ultrasuede fabrics can be dry-cleaned.<\/p>\n","protected":false},"excerpt":{"rendered":"<p><strong>Ultrasuede\u00ae ST is an extremely soft but durable material that can be used as a base for beading cabochons and beaded appliques.<\/strong><\/p>\n<p><strong>Color:<\/strong> Classic Navy #0258<br \/>\n<strong>Size:<\/strong> 8.5&#8243;x 4.25&#8243;\/21.6cm x 10.8 cm<br \/>\n<strong>Thickness:<\/strong>0.8 mm<br \/>\n<strong>Material:<\/strong> Ultrasuede<br \/>\n<strong>Country of origin:<\/strong> USA<br \/>\nPrice per one sheet in hangable plastic tube<\/p>\n","protected":false},"featured_media":33880,"template":"","meta":{"_acf_changed":false,"_exactmetrics_skip_tracking":false,"_exactmetrics_sitenote_active":false,"_exactmetrics_sitenote_note":"","_exactmetrics_sitenote_category":0},"product_brand":[],"product_cat":[351,352],"product_tag":[],"class_list":{"0":"post-33878","1":"product","2":"type-product","3":"status-publish","4":"has-post-thumbnail","6":"product_cat-embroidery-backing","7":"product_cat-faux-suede","9":"first","10":"instock","11":"taxable","12":"shipping-taxable","13":"purchasable","14":"product-type-simple","15":"add-to-wishlist-after_add_to_cart"},"acf":[],"yoast_head":"<!-- This site is optimized with the Yoast SEO Premium plugin v27.0 (Yoast SEO v27.0) - https:\/\/yoast.com\/product\/yoast-seo-premium-wordpress\/ -->\n<title>Ultrasuede Fabric Faux Suede for embroidery and jewelry making color Classic Navy #0258 - CreativityShopEU<\/title>\n<meta name=\"robots\" content=\"noindex, follow\" \/>\n<meta property=\"og:locale\" content=\"pl_PL\" \/>\n<meta property=\"og:type\" content=\"article\" \/>\n<meta property=\"og:title\" content=\"Ultrasuede Fabric Faux Suede for embroidery and jewelry making color Classic Navy #0258\" \/>\n<meta property=\"og:description\" content=\"Ultrasuede\u00ae ST is an extremely soft but durable material that can be used as a base for beading cabochons and beaded appliques.  Color: Classic Navy #0258 Size: 8.5&quot;x 4.25&quot;\/21.6cm x 10.8 cm Thickness:0.8 mm Material: Ultrasuede Country of origin: USA Price per one sheet in hangable plastic tube\" \/>\n<meta property=\"og:url\" content=\"https:\/\/creativityshop.eu\/pl\/product\/ultrasuede-fabric-faux-suede-for-embroidery-and-jewelry-making-color-classic-navy-0258\/\" \/>\n<meta property=\"og:site_name\" content=\"CreativityShopEU\" \/>\n<meta property=\"article:modified_time\" content=\"2024-06-21T22:09:02+00:00\" \/>\n<meta property=\"og:image\" content=\"https:\/\/creativityshop.eu\/wp-content\/uploads\/2023\/02\/0258-2.jpg\" \/>\n\t<meta property=\"og:image:width\" content=\"768\" \/>\n\t<meta property=\"og:image:height\" content=\"768\" \/>\n\t<meta property=\"og:image:type\" content=\"image\/jpeg\" \/>\n<meta name=\"twitter:card\" content=\"summary_large_image\" \/>\n<meta name=\"twitter:label1\" content=\"Cena\" \/>\n\t<meta name=\"twitter:data1\" content=\"&euro;4.41\" \/>\n\t<meta name=\"twitter:label2\" content=\"Dost\u0119pno\u015b\u0107\" \/>\n\t<meta name=\"twitter:data2\" content=\"Dost\u0119pny\" \/>\n<script type=\"application\/ld+json\" class=\"yoast-schema-graph\">{\"@context\":\"https:\/\/schema.org\",\"@graph\":[{\"@type\":\"WebPage\",\"@id\":\"https:\/\/creativityshop.eu\/pl\/product\/ultrasuede-fabric-faux-suede-for-embroidery-and-jewelry-making-color-classic-navy-0258\/\",\"url\":\"https:\/\/creativityshop.eu\/pl\/product\/ultrasuede-fabric-faux-suede-for-embroidery-and-jewelry-making-color-classic-navy-0258\/\",\"name\":\"Ultrasuede Fabric Faux Suede for embroidery and jewelry making color Classic Navy #0258 - CreativityShopEU\",\"isPartOf\":{\"@id\":\"https:\/\/creativityshop.eu\/pl\/#website\"},\"primaryImageOfPage\":{\"@id\":\"https:\/\/creativityshop.eu\/pl\/product\/ultrasuede-fabric-faux-suede-for-embroidery-and-jewelry-making-color-classic-navy-0258\/#primaryimage\"},\"image\":{\"@id\":\"https:\/\/creativityshop.eu\/pl\/product\/ultrasuede-fabric-faux-suede-for-embroidery-and-jewelry-making-color-classic-navy-0258\/#primaryimage\"},\"thumbnailUrl\":\"https:\/\/creativityshop.eu\/wp-content\/uploads\/2023\/02\/0258-2.jpg\",\"datePublished\":\"2023-02-28T14:43:47+00:00\",\"dateModified\":\"2024-06-21T22:09:02+00:00\",\"breadcrumb\":{\"@id\":\"https:\/\/creativityshop.eu\/pl\/product\/ultrasuede-fabric-faux-suede-for-embroidery-and-jewelry-making-color-classic-navy-0258\/#breadcrumb\"},\"inLanguage\":\"pl-PL\",\"potentialAction\":[{\"@type\":\"ReadAction\",\"target\":[\"https:\/\/creativityshop.eu\/pl\/product\/ultrasuede-fabric-faux-suede-for-embroidery-and-jewelry-making-color-classic-navy-0258\/\"]}]},{\"@type\":\"ImageObject\",\"inLanguage\":\"pl-PL\",\"@id\":\"https:\/\/creativityshop.eu\/pl\/product\/ultrasuede-fabric-faux-suede-for-embroidery-and-jewelry-making-color-classic-navy-0258\/#primaryimage\",\"url\":\"https:\/\/creativityshop.eu\/wp-content\/uploads\/2023\/02\/0258-2.jpg\",\"contentUrl\":\"https:\/\/creativityshop.eu\/wp-content\/uploads\/2023\/02\/0258-2.jpg\",\"width\":768,\"height\":768,\"caption\":\"Ultrasuede Fabric US0258-TB84\"},{\"@type\":\"BreadcrumbList\",\"@id\":\"https:\/\/creativityshop.eu\/pl\/product\/ultrasuede-fabric-faux-suede-for-embroidery-and-jewelry-making-color-classic-navy-0258\/#breadcrumb\",\"itemListElement\":[{\"@type\":\"ListItem\",\"position\":1,\"name\":\"Home\",\"item\":\"https:\/\/creativityshop.eu\/pl\/\"},{\"@type\":\"ListItem\",\"position\":2,\"name\":\"Shop\",\"item\":\"https:\/\/creativityshop.eu\/shop\/\"},{\"@type\":\"ListItem\",\"position\":3,\"name\":\"Ultrasuede Fabric Faux Suede for embroidery and jewelry making color Classic Navy #0258\"}]},{\"@type\":\"WebSite\",\"@id\":\"https:\/\/creativityshop.eu\/pl\/#website\",\"url\":\"https:\/\/creativityshop.eu\/pl\/\",\"name\":\"CreativityShopEU\",\"description\":\"Embroidery and jewelry components\",\"publisher\":{\"@id\":\"https:\/\/creativityshop.eu\/pl\/#organization\"},\"potentialAction\":[{\"@type\":\"SearchAction\",\"target\":{\"@type\":\"EntryPoint\",\"urlTemplate\":\"https:\/\/creativityshop.eu\/pl\/?s={search_term_string}\"},\"query-input\":{\"@type\":\"PropertyValueSpecification\",\"valueRequired\":true,\"valueName\":\"search_term_string\"}}],\"inLanguage\":\"pl-PL\"},{\"@type\":\"Organization\",\"@id\":\"https:\/\/creativityshop.eu\/pl\/#organization\",\"name\":\"Creativity Shop OU\",\"url\":\"https:\/\/creativityshop.eu\/pl\/\",\"logo\":{\"@type\":\"ImageObject\",\"inLanguage\":\"pl-PL\",\"@id\":\"https:\/\/creativityshop.eu\/pl\/#\/schema\/logo\/image\/\",\"url\":\"https:\/\/creativityshop.eu\/wp-content\/uploads\/2018\/11\/creativity_shop_logosite2.png\",\"contentUrl\":\"https:\/\/creativityshop.eu\/wp-content\/uploads\/2018\/11\/creativity_shop_logosite2.png\",\"width\":2871,\"height\":1100,\"caption\":\"Creativity Shop OU\"},\"image\":{\"@id\":\"https:\/\/creativityshop.eu\/pl\/#\/schema\/logo\/image\/\"}}]}<\/script>\n<meta property=\"product:price:amount\" content=\"4.41\" \/>\n<meta property=\"product:price:currency\" content=\"EUR\" \/>\n<meta property=\"og:availability\" content=\"instock\" \/>\n<meta property=\"product:availability\" content=\"instock\" \/>\n<meta property=\"product:retailer_item_id\" content=\"US0258-TB84\" \/>\n<meta property=\"product:condition\" content=\"new\" \/>\n<!-- \/ Yoast SEO Premium plugin. -->","yoast_head_json":{"title":"Ultrasuede Fabric Faux Suede for embroidery and jewelry making color Classic Navy #0258 - CreativityShopEU","robots":{"index":"noindex","follow":"follow"},"og_locale":"pl_PL","og_type":"article","og_title":"Ultrasuede Fabric Faux Suede for embroidery and jewelry making color Classic Navy #0258","og_description":"Ultrasuede\u00ae ST is an extremely soft but durable material that can be used as a base for beading cabochons and beaded appliques.  Color: Classic Navy #0258 Size: 8.5\"x 4.25\"\/21.6cm x 10.8 cm Thickness:0.8 mm Material: Ultrasuede Country of origin: USA Price per one sheet in hangable plastic tube","og_url":"https:\/\/creativityshop.eu\/pl\/product\/ultrasuede-fabric-faux-suede-for-embroidery-and-jewelry-making-color-classic-navy-0258\/","og_site_name":"CreativityShopEU","article_modified_time":"2024-06-21T22:09:02+00:00","og_image":[{"width":768,"height":768,"url":"https:\/\/creativityshop.eu\/wp-content\/uploads\/2023\/02\/0258-2.jpg","type":"image\/jpeg"}],"twitter_card":"summary_large_image","twitter_misc":{"Cena":"&euro;4.41","Dost\u0119pno\u015b\u0107":"Dost\u0119pny"},"schema":{"@context":"https:\/\/schema.org","@graph":[{"@type":"WebPage","@id":"https:\/\/creativityshop.eu\/pl\/product\/ultrasuede-fabric-faux-suede-for-embroidery-and-jewelry-making-color-classic-navy-0258\/","url":"https:\/\/creativityshop.eu\/pl\/product\/ultrasuede-fabric-faux-suede-for-embroidery-and-jewelry-making-color-classic-navy-0258\/","name":"Ultrasuede Fabric Faux Suede for embroidery and jewelry making color Classic Navy #0258 - CreativityShopEU","isPartOf":{"@id":"https:\/\/creativityshop.eu\/pl\/#website"},"primaryImageOfPage":{"@id":"https:\/\/creativityshop.eu\/pl\/product\/ultrasuede-fabric-faux-suede-for-embroidery-and-jewelry-making-color-classic-navy-0258\/#primaryimage"},"image":{"@id":"https:\/\/creativityshop.eu\/pl\/product\/ultrasuede-fabric-faux-suede-for-embroidery-and-jewelry-making-color-classic-navy-0258\/#primaryimage"},"thumbnailUrl":"https:\/\/creativityshop.eu\/wp-content\/uploads\/2023\/02\/0258-2.jpg","datePublished":"2023-02-28T14:43:47+00:00","dateModified":"2024-06-21T22:09:02+00:00","breadcrumb":{"@id":"https:\/\/creativityshop.eu\/pl\/product\/ultrasuede-fabric-faux-suede-for-embroidery-and-jewelry-making-color-classic-navy-0258\/#breadcrumb"},"inLanguage":"pl-PL","potentialAction":[{"@type":"ReadAction","target":["https:\/\/creativityshop.eu\/pl\/product\/ultrasuede-fabric-faux-suede-for-embroidery-and-jewelry-making-color-classic-navy-0258\/"]}]},{"@type":"ImageObject","inLanguage":"pl-PL","@id":"https:\/\/creativityshop.eu\/pl\/product\/ultrasuede-fabric-faux-suede-for-embroidery-and-jewelry-making-color-classic-navy-0258\/#primaryimage","url":"https:\/\/creativityshop.eu\/wp-content\/uploads\/2023\/02\/0258-2.jpg","contentUrl":"https:\/\/creativityshop.eu\/wp-content\/uploads\/2023\/02\/0258-2.jpg","width":768,"height":768,"caption":"Ultrasuede Fabric US0258-TB84"},{"@type":"BreadcrumbList","@id":"https:\/\/creativityshop.eu\/pl\/product\/ultrasuede-fabric-faux-suede-for-embroidery-and-jewelry-making-color-classic-navy-0258\/#breadcrumb","itemListElement":[{"@type":"ListItem","position":1,"name":"Home","item":"https:\/\/creativityshop.eu\/pl\/"},{"@type":"ListItem","position":2,"name":"Shop","item":"https:\/\/creativityshop.eu\/shop\/"},{"@type":"ListItem","position":3,"name":"Ultrasuede Fabric Faux Suede for embroidery and jewelry making color Classic Navy #0258"}]},{"@type":"WebSite","@id":"https:\/\/creativityshop.eu\/pl\/#website","url":"https:\/\/creativityshop.eu\/pl\/","name":"CreativityShopEU","description":"Embroidery and jewelry components","publisher":{"@id":"https:\/\/creativityshop.eu\/pl\/#organization"},"potentialAction":[{"@type":"SearchAction","target":{"@type":"EntryPoint","urlTemplate":"https:\/\/creativityshop.eu\/pl\/?s={search_term_string}"},"query-input":{"@type":"PropertyValueSpecification","valueRequired":true,"valueName":"search_term_string"}}],"inLanguage":"pl-PL"},{"@type":"Organization","@id":"https:\/\/creativityshop.eu\/pl\/#organization","name":"Creativity Shop OU","url":"https:\/\/creativityshop.eu\/pl\/","logo":{"@type":"ImageObject","inLanguage":"pl-PL","@id":"https:\/\/creativityshop.eu\/pl\/#\/schema\/logo\/image\/","url":"https:\/\/creativityshop.eu\/wp-content\/uploads\/2018\/11\/creativity_shop_logosite2.png","contentUrl":"https:\/\/creativityshop.eu\/wp-content\/uploads\/2018\/11\/creativity_shop_logosite2.png","width":2871,"height":1100,"caption":"Creativity Shop OU"},"image":{"@id":"https:\/\/creativityshop.eu\/pl\/#\/schema\/logo\/image\/"}}]},"product_price_amount":"4.41","product_price_currency":"EUR","og_availability":"instock","product_availability":"instock","product_retailer_item_id":"US0258-TB84","product_condition":"new"},"_links":{"self":[{"href":"https:\/\/creativityshop.eu\/pl\/wp-json\/wp\/v2\/product\/33878","targetHints":{"allow":["GET"]}}],"collection":[{"href":"https:\/\/creativityshop.eu\/pl\/wp-json\/wp\/v2\/product"}],"about":[{"href":"https:\/\/creativityshop.eu\/pl\/wp-json\/wp\/v2\/types\/product"}],"wp:featuredmedia":[{"embeddable":true,"href":"https:\/\/creativityshop.eu\/pl\/wp-json\/wp\/v2\/media\/33880"}],"wp:attachment":[{"href":"https:\/\/creativityshop.eu\/pl\/wp-json\/wp\/v2\/media?parent=33878"}],"wp:term":[{"taxonomy":"product_brand","embeddable":true,"href":"https:\/\/creativityshop.eu\/pl\/wp-json\/wp\/v2\/product_brand?post=33878"},{"taxonomy":"product_cat","embeddable":true,"href":"https:\/\/creativityshop.eu\/pl\/wp-json\/wp\/v2\/product_cat?post=33878"},{"taxonomy":"product_tag","embeddable":true,"href":"https:\/\/creativityshop.eu\/pl\/wp-json\/wp\/v2\/product_tag?post=33878"}],"curies":[{"name":"wp","href":"https:\/\/api.w.org\/{rel}","templated":true}]}}