{"id":33735,"date":"2023-02-14T11:57:06","date_gmt":"2023-02-14T08:57:06","guid":{"rendered":"https:\/\/creativityshop.eu\/?post_type=product&#038;p=33735"},"modified":"2026-01-28T02:24:16","modified_gmt":"2026-01-27T23:24:16","slug":"metallized-twisted-zari-thread-skeins-goldwork-embroidery-cord-silver-z001","status":"publish","type":"product","link":"https:\/\/creativityshop.eu\/pl\/product\/metallized-twisted-zari-thread-skeins-goldwork-embroidery-cord-silver-z001\/","title":{"rendered":"Metallized twisted Zari thread Skeins Goldwork Embroidery Cord Silver Z001"},"content":{"rendered":"<p><strong>Silver metallized twisted thread \/ Zari thread \/ Embroidery Cord<\/strong><\/p>\n<p>Color: Silver<br \/>\nAvailable diameters: 2 mm<br \/>\nMaterial: cotton, foil<br \/>\nCountry of origin: India<br \/>\nPrice for 1 skein<\/p>\n<p>Silver metallized twisted thread (Zari thread) is one of the popular materials in needlework and gold sewing. Twisted metallized thread made of three separate cotton threads that are spined like a cord. Each of the threads is wrapped in metal. This twisted metallic thread (Zari) brings designs to life with sparkle. Rich texture dimension and dazzling embroidery is guaranteed with this sparkling metallized embroidery thread. This thread is perfect for fashion, costume, furnishings, craft and jewelry.<br \/>\nTwisted metallic thread is widely used in various traditional Indian embroidery Zardosi, Karaoke Bel, Makaish, Tilla or Mirror Work, Gota and Kinari. With a twisted Zari thread, the contour of the drawing is sheathed or a figure is filled in. Sew the metallized twisted thread with small cross stitches to the fabric, cloth or leather and enjoy the result!<br \/>\nIn our store www.creativityshop.eu you can find a wide range of threads and threads for embroidery of various colors and sizes.<\/p>\n<p><strong>Recommendations for the care of metallized threads.<\/strong><\/p>\n<p>Wrap the box with paper to store golden and silver threads to avoid them darken.<\/p>\n","protected":false},"excerpt":{"rendered":"<p><strong>Silver metallized twisted thread \/ Zari thread \/ Embroidery Cord<\/strong><\/p>\n<p>Color: Silver<br \/>\nAvailable diameters: 2 mm<br \/>\nMaterial: cotton, foil<br \/>\nCountry of origin: India<br \/>\nPrice for 1 skein<\/p>\n","protected":false},"featured_media":33736,"template":"","meta":{"_acf_changed":false,"_exactmetrics_skip_tracking":false,"_exactmetrics_sitenote_active":false,"_exactmetrics_sitenote_note":"","_exactmetrics_sitenote_category":0},"product_brand":[],"product_cat":[379,526],"product_tag":[],"class_list":{"0":"post-33735","1":"product","2":"type-product","3":"status-publish","4":"has-post-thumbnail","6":"product_cat-threads-cords","7":"product_cat-embroidery-threads","9":"first","10":"outofstock","11":"taxable","12":"shipping-taxable","13":"purchasable","14":"product-type-simple","15":"add-to-wishlist-after_add_to_cart"},"acf":[],"yoast_head":"<!-- This site is optimized with the Yoast SEO Premium plugin v27.0 (Yoast SEO v27.0) - https:\/\/yoast.com\/product\/yoast-seo-premium-wordpress\/ -->\n<title>Metallized twisted Zari thread Skeins Goldwork Embroidery Cord Silver Z001 - CreativityShopEU<\/title>\n<meta name=\"robots\" content=\"noindex, follow\" \/>\n<meta property=\"og:locale\" content=\"pl_PL\" \/>\n<meta property=\"og:type\" content=\"article\" \/>\n<meta property=\"og:title\" content=\"Metallized twisted Zari thread Skeins Goldwork Embroidery Cord Silver Z001\" \/>\n<meta property=\"og:description\" content=\"Silver metallized twisted thread \/ Zari thread \/ Embroidery Cord  Color: Silver Available diameters: 2 mm Material: cotton, foil Country of origin: India Price for 1 skein\" \/>\n<meta property=\"og:url\" content=\"https:\/\/creativityshop.eu\/pl\/product\/metallized-twisted-zari-thread-skeins-goldwork-embroidery-cord-silver-z001\/\" \/>\n<meta property=\"og:site_name\" content=\"CreativityShopEU\" \/>\n<meta property=\"article:modified_time\" content=\"2026-01-27T23:24:16+00:00\" \/>\n<meta property=\"og:image\" content=\"https:\/\/creativityshop.eu\/wp-content\/uploads\/2023\/02\/z003.jpg\" \/>\n\t<meta property=\"og:image:width\" content=\"768\" \/>\n\t<meta property=\"og:image:height\" content=\"768\" \/>\n\t<meta property=\"og:image:type\" content=\"image\/jpeg\" \/>\n<meta name=\"twitter:card\" content=\"summary_large_image\" \/>\n<meta name=\"twitter:label1\" content=\"Cena\" \/>\n\t<meta name=\"twitter:data1\" content=\"&#036;2.50\" \/>\n\t<meta name=\"twitter:label2\" content=\"Dost\u0119pno\u015b\u0107\" \/>\n\t<meta name=\"twitter:data2\" content=\"Brak w magazynie\" \/>\n<script type=\"application\/ld+json\" class=\"yoast-schema-graph\">{\"@context\":\"https:\/\/schema.org\",\"@graph\":[{\"@type\":\"WebPage\",\"@id\":\"https:\/\/creativityshop.eu\/pl\/product\/metallized-twisted-zari-thread-skeins-goldwork-embroidery-cord-silver-z001\/\",\"url\":\"https:\/\/creativityshop.eu\/pl\/product\/metallized-twisted-zari-thread-skeins-goldwork-embroidery-cord-silver-z001\/\",\"name\":\"Metallized twisted Zari thread Skeins Goldwork Embroidery Cord Silver Z001 - CreativityShopEU\",\"isPartOf\":{\"@id\":\"https:\/\/creativityshop.eu\/pl\/#website\"},\"primaryImageOfPage\":{\"@id\":\"https:\/\/creativityshop.eu\/pl\/product\/metallized-twisted-zari-thread-skeins-goldwork-embroidery-cord-silver-z001\/#primaryimage\"},\"image\":{\"@id\":\"https:\/\/creativityshop.eu\/pl\/product\/metallized-twisted-zari-thread-skeins-goldwork-embroidery-cord-silver-z001\/#primaryimage\"},\"thumbnailUrl\":\"https:\/\/creativityshop.eu\/wp-content\/uploads\/2023\/02\/z003.jpg\",\"datePublished\":\"2023-02-14T08:57:06+00:00\",\"dateModified\":\"2026-01-27T23:24:16+00:00\",\"breadcrumb\":{\"@id\":\"https:\/\/creativityshop.eu\/pl\/product\/metallized-twisted-zari-thread-skeins-goldwork-embroidery-cord-silver-z001\/#breadcrumb\"},\"inLanguage\":\"pl-PL\",\"potentialAction\":[{\"@type\":\"ReadAction\",\"target\":[\"https:\/\/creativityshop.eu\/pl\/product\/metallized-twisted-zari-thread-skeins-goldwork-embroidery-cord-silver-z001\/\"]}]},{\"@type\":\"ImageObject\",\"inLanguage\":\"pl-PL\",\"@id\":\"https:\/\/creativityshop.eu\/pl\/product\/metallized-twisted-zari-thread-skeins-goldwork-embroidery-cord-silver-z001\/#primaryimage\",\"url\":\"https:\/\/creativityshop.eu\/wp-content\/uploads\/2023\/02\/z003.jpg\",\"contentUrl\":\"https:\/\/creativityshop.eu\/wp-content\/uploads\/2023\/02\/z003.jpg\",\"width\":768,\"height\":768,\"caption\":\"Silver metallized twisted Zari thread z001\"},{\"@type\":\"BreadcrumbList\",\"@id\":\"https:\/\/creativityshop.eu\/pl\/product\/metallized-twisted-zari-thread-skeins-goldwork-embroidery-cord-silver-z001\/#breadcrumb\",\"itemListElement\":[{\"@type\":\"ListItem\",\"position\":1,\"name\":\"Home\",\"item\":\"https:\/\/creativityshop.eu\/pl\/\"},{\"@type\":\"ListItem\",\"position\":2,\"name\":\"Shop\",\"item\":\"https:\/\/creativityshop.eu\/shop\/\"},{\"@type\":\"ListItem\",\"position\":3,\"name\":\"Metallized twisted Zari thread Skeins Goldwork Embroidery Cord Silver Z001\"}]},{\"@type\":\"WebSite\",\"@id\":\"https:\/\/creativityshop.eu\/pl\/#website\",\"url\":\"https:\/\/creativityshop.eu\/pl\/\",\"name\":\"CreativityShopEU\",\"description\":\"Embroidery and jewelry components\",\"publisher\":{\"@id\":\"https:\/\/creativityshop.eu\/pl\/#organization\"},\"potentialAction\":[{\"@type\":\"SearchAction\",\"target\":{\"@type\":\"EntryPoint\",\"urlTemplate\":\"https:\/\/creativityshop.eu\/pl\/?s={search_term_string}\"},\"query-input\":{\"@type\":\"PropertyValueSpecification\",\"valueRequired\":true,\"valueName\":\"search_term_string\"}}],\"inLanguage\":\"pl-PL\"},{\"@type\":\"Organization\",\"@id\":\"https:\/\/creativityshop.eu\/pl\/#organization\",\"name\":\"Creativity Shop OU\",\"url\":\"https:\/\/creativityshop.eu\/pl\/\",\"logo\":{\"@type\":\"ImageObject\",\"inLanguage\":\"pl-PL\",\"@id\":\"https:\/\/creativityshop.eu\/pl\/#\/schema\/logo\/image\/\",\"url\":\"https:\/\/creativityshop.eu\/wp-content\/uploads\/2018\/11\/creativity_shop_logosite2.png\",\"contentUrl\":\"https:\/\/creativityshop.eu\/wp-content\/uploads\/2018\/11\/creativity_shop_logosite2.png\",\"width\":2871,\"height\":1100,\"caption\":\"Creativity Shop OU\"},\"image\":{\"@id\":\"https:\/\/creativityshop.eu\/pl\/#\/schema\/logo\/image\/\"}}]}<\/script>\n<meta property=\"product:price:amount\" content=\"2.50\" \/>\n<meta property=\"product:price:currency\" content=\"USD\" \/>\n<meta property=\"og:availability\" content=\"out of stock\" \/>\n<meta property=\"product:availability\" content=\"out of stock\" \/>\n<meta property=\"product:retailer_item_id\" content=\"Z001\" \/>\n<meta property=\"product:condition\" content=\"new\" \/>\n<!-- \/ Yoast SEO Premium plugin. -->","yoast_head_json":{"title":"Metallized twisted Zari thread Skeins Goldwork Embroidery Cord Silver Z001 - CreativityShopEU","robots":{"index":"noindex","follow":"follow"},"og_locale":"pl_PL","og_type":"article","og_title":"Metallized twisted Zari thread Skeins Goldwork Embroidery Cord Silver Z001","og_description":"Silver metallized twisted thread \/ Zari thread \/ Embroidery Cord  Color: Silver Available diameters: 2 mm Material: cotton, foil Country of origin: India Price for 1 skein","og_url":"https:\/\/creativityshop.eu\/pl\/product\/metallized-twisted-zari-thread-skeins-goldwork-embroidery-cord-silver-z001\/","og_site_name":"CreativityShopEU","article_modified_time":"2026-01-27T23:24:16+00:00","og_image":[{"width":768,"height":768,"url":"https:\/\/creativityshop.eu\/wp-content\/uploads\/2023\/02\/z003.jpg","type":"image\/jpeg"}],"twitter_card":"summary_large_image","twitter_misc":{"Cena":"&#36;2.50","Dost\u0119pno\u015b\u0107":"Brak w magazynie"},"schema":{"@context":"https:\/\/schema.org","@graph":[{"@type":"WebPage","@id":"https:\/\/creativityshop.eu\/pl\/product\/metallized-twisted-zari-thread-skeins-goldwork-embroidery-cord-silver-z001\/","url":"https:\/\/creativityshop.eu\/pl\/product\/metallized-twisted-zari-thread-skeins-goldwork-embroidery-cord-silver-z001\/","name":"Metallized twisted Zari thread Skeins Goldwork Embroidery Cord Silver Z001 - CreativityShopEU","isPartOf":{"@id":"https:\/\/creativityshop.eu\/pl\/#website"},"primaryImageOfPage":{"@id":"https:\/\/creativityshop.eu\/pl\/product\/metallized-twisted-zari-thread-skeins-goldwork-embroidery-cord-silver-z001\/#primaryimage"},"image":{"@id":"https:\/\/creativityshop.eu\/pl\/product\/metallized-twisted-zari-thread-skeins-goldwork-embroidery-cord-silver-z001\/#primaryimage"},"thumbnailUrl":"https:\/\/creativityshop.eu\/wp-content\/uploads\/2023\/02\/z003.jpg","datePublished":"2023-02-14T08:57:06+00:00","dateModified":"2026-01-27T23:24:16+00:00","breadcrumb":{"@id":"https:\/\/creativityshop.eu\/pl\/product\/metallized-twisted-zari-thread-skeins-goldwork-embroidery-cord-silver-z001\/#breadcrumb"},"inLanguage":"pl-PL","potentialAction":[{"@type":"ReadAction","target":["https:\/\/creativityshop.eu\/pl\/product\/metallized-twisted-zari-thread-skeins-goldwork-embroidery-cord-silver-z001\/"]}]},{"@type":"ImageObject","inLanguage":"pl-PL","@id":"https:\/\/creativityshop.eu\/pl\/product\/metallized-twisted-zari-thread-skeins-goldwork-embroidery-cord-silver-z001\/#primaryimage","url":"https:\/\/creativityshop.eu\/wp-content\/uploads\/2023\/02\/z003.jpg","contentUrl":"https:\/\/creativityshop.eu\/wp-content\/uploads\/2023\/02\/z003.jpg","width":768,"height":768,"caption":"Silver metallized twisted Zari thread z001"},{"@type":"BreadcrumbList","@id":"https:\/\/creativityshop.eu\/pl\/product\/metallized-twisted-zari-thread-skeins-goldwork-embroidery-cord-silver-z001\/#breadcrumb","itemListElement":[{"@type":"ListItem","position":1,"name":"Home","item":"https:\/\/creativityshop.eu\/pl\/"},{"@type":"ListItem","position":2,"name":"Shop","item":"https:\/\/creativityshop.eu\/shop\/"},{"@type":"ListItem","position":3,"name":"Metallized twisted Zari thread Skeins Goldwork Embroidery Cord Silver Z001"}]},{"@type":"WebSite","@id":"https:\/\/creativityshop.eu\/pl\/#website","url":"https:\/\/creativityshop.eu\/pl\/","name":"CreativityShopEU","description":"Embroidery and jewelry components","publisher":{"@id":"https:\/\/creativityshop.eu\/pl\/#organization"},"potentialAction":[{"@type":"SearchAction","target":{"@type":"EntryPoint","urlTemplate":"https:\/\/creativityshop.eu\/pl\/?s={search_term_string}"},"query-input":{"@type":"PropertyValueSpecification","valueRequired":true,"valueName":"search_term_string"}}],"inLanguage":"pl-PL"},{"@type":"Organization","@id":"https:\/\/creativityshop.eu\/pl\/#organization","name":"Creativity Shop OU","url":"https:\/\/creativityshop.eu\/pl\/","logo":{"@type":"ImageObject","inLanguage":"pl-PL","@id":"https:\/\/creativityshop.eu\/pl\/#\/schema\/logo\/image\/","url":"https:\/\/creativityshop.eu\/wp-content\/uploads\/2018\/11\/creativity_shop_logosite2.png","contentUrl":"https:\/\/creativityshop.eu\/wp-content\/uploads\/2018\/11\/creativity_shop_logosite2.png","width":2871,"height":1100,"caption":"Creativity Shop OU"},"image":{"@id":"https:\/\/creativityshop.eu\/pl\/#\/schema\/logo\/image\/"}}]},"product_price_amount":"2.50","product_price_currency":"USD","og_availability":"out of stock","product_availability":"out of stock","product_retailer_item_id":"Z001","product_condition":"new"},"_links":{"self":[{"href":"https:\/\/creativityshop.eu\/pl\/wp-json\/wp\/v2\/product\/33735","targetHints":{"allow":["GET"]}}],"collection":[{"href":"https:\/\/creativityshop.eu\/pl\/wp-json\/wp\/v2\/product"}],"about":[{"href":"https:\/\/creativityshop.eu\/pl\/wp-json\/wp\/v2\/types\/product"}],"wp:featuredmedia":[{"embeddable":true,"href":"https:\/\/creativityshop.eu\/pl\/wp-json\/wp\/v2\/media\/33736"}],"wp:attachment":[{"href":"https:\/\/creativityshop.eu\/pl\/wp-json\/wp\/v2\/media?parent=33735"}],"wp:term":[{"taxonomy":"product_brand","embeddable":true,"href":"https:\/\/creativityshop.eu\/pl\/wp-json\/wp\/v2\/product_brand?post=33735"},{"taxonomy":"product_cat","embeddable":true,"href":"https:\/\/creativityshop.eu\/pl\/wp-json\/wp\/v2\/product_cat?post=33735"},{"taxonomy":"product_tag","embeddable":true,"href":"https:\/\/creativityshop.eu\/pl\/wp-json\/wp\/v2\/product_tag?post=33735"}],"curies":[{"name":"wp","href":"https:\/\/api.w.org\/{rel}","templated":true}]}}