{"id":33379,"date":"2023-02-09T13:34:07","date_gmt":"2023-02-09T10:34:07","guid":{"rendered":"https:\/\/creativityshop.eu\/?post_type=product&#038;p=33379"},"modified":"2026-04-07T01:38:28","modified_gmt":"2026-04-06T22:38:28","slug":"smooth-french-metallic-wire-goldwork-embroidery-metallic-thread-glossy-k5024","status":"publish","type":"product","link":"https:\/\/creativityshop.eu\/pl\/product\/smooth-french-metallic-wire-goldwork-embroidery-metallic-thread-glossy-k5024\/","title":{"rendered":"Smooth French Metallic Wire Goldwork Embroidery Metallic thread glossy DarkGoldenrod K5024"},"content":{"rendered":"<p>Color: DarkGoldenrod<br \/>\nAvailable diameters: 1 mm<br \/>\nMaterial: Copper<br \/>\nCountry of origin: India<br \/>\nPrice per 5 grams<\/p>\n<p>This French wire is made for embroidery and jewelry making. The copper wire has a beautiful gloss and is coiled in a graceful spring manner. Spring copper metallic thread (French wire) is widely used in making traditional embroidery work and jewelry making. Wires are very flexible, expands into fine coil spring upon pull.<br \/>\nThis metallic wire for embroidery made in India. In India, French wire is called Dabka. Also known as bullion wire or Nakshi.<br \/>\nYou can find a wide range of embroidery wires and threads from www.creativityshop.eu<\/p>\n<p><strong>This a Smooth French wire<\/strong><\/p>\n<p>Smooth French Wire is easily stretched and deformed during embroidery. Usually the Smooth French Wire is cut into a small pieces and then sewed with threads. Smooth French Wire well and takes any shape, therefore it is used for decorative stitches in embroidery and processing details. Smooth French Wire is made by winding on round billets. French wire is really smooth to touch and has a velvety finish. All the wires are electroplated to get the color except the Matte French Wire. It is dyed to get the desired color.<\/p>\n<p><strong>Instructions for the care of French wire embroidery<\/strong><\/p>\n<p>French wire metal embroideries are very delicate. They shouldn&#8217;t be machine-washed nor dry-cleaned. Avoid all contact with water, acids or alcohol. Please, avoid long exposures to heat and light! To keep your embroideries glossy as long as possible, hold them in the dark places.<br \/>\nTake a special attention to the scissors or wire cutter, when you are working with a French wire. Your tools must be very sharp and without notches, otherwise there will be hooks on the wire. Avoid stretching and deformation of the spring, when you embroidering.<\/p>\n","protected":false},"excerpt":{"rendered":"<p><strong>Smooth french wire\/Dabka wire for Goldwork Embroidery Tambour, Luneville, Lesage, Purl Smooth<\/strong><\/p>\n<p>Color: DarkGoldenrod<br \/>\nAvailable diameters: 1 mm<br \/>\nMaterial: Copper<br \/>\nCountry of origin: India<br \/>\nPrice per 5 grams<\/p>\n","protected":false},"featured_media":33381,"template":"","meta":{"_acf_changed":false,"_exactmetrics_skip_tracking":false,"_exactmetrics_sitenote_active":false,"_exactmetrics_sitenote_note":"","_exactmetrics_sitenote_category":0},"product_brand":[],"product_cat":[213,214],"product_tag":[],"class_list":{"0":"post-33379","1":"product","2":"type-product","3":"status-publish","4":"has-post-thumbnail","6":"product_cat-french-wires","7":"product_cat-smooth-french-wire","9":"first","10":"instock","11":"taxable","12":"shipping-taxable","13":"purchasable","14":"product-type-simple","15":"add-to-wishlist-after_add_to_cart"},"acf":[],"yoast_head":"<!-- This site is optimized with the Yoast SEO Premium plugin v27.0 (Yoast SEO v27.0) - https:\/\/yoast.com\/product\/yoast-seo-premium-wordpress\/ -->\n<title>Smooth French Metallic Wire Goldwork Embroidery Metallic thread glossy DarkGoldenrod K5024 - CreativityShopEU<\/title>\n<meta name=\"robots\" content=\"noindex, follow\" \/>\n<meta property=\"og:locale\" content=\"pl_PL\" \/>\n<meta property=\"og:type\" content=\"article\" \/>\n<meta property=\"og:title\" content=\"Smooth French Metallic Wire Goldwork Embroidery Metallic thread glossy DarkGoldenrod K5024\" \/>\n<meta property=\"og:description\" content=\"Smooth french wire\/Dabka wire for Goldwork Embroidery Tambour, Luneville, Lesage, Purl Smooth  Color: DarkGoldenrod Available diameters: 1 mm Material: Copper Country of origin: India Price per 5 grams\" \/>\n<meta property=\"og:url\" content=\"https:\/\/creativityshop.eu\/pl\/product\/smooth-french-metallic-wire-goldwork-embroidery-metallic-thread-glossy-k5024\/\" \/>\n<meta property=\"og:site_name\" content=\"CreativityShopEU\" \/>\n<meta property=\"article:modified_time\" content=\"2026-04-06T22:38:28+00:00\" \/>\n<meta property=\"og:image\" content=\"https:\/\/creativityshop.eu\/wp-content\/uploads\/2023\/02\/k5024.jpg\" \/>\n\t<meta property=\"og:image:width\" content=\"768\" \/>\n\t<meta property=\"og:image:height\" content=\"768\" \/>\n\t<meta property=\"og:image:type\" content=\"image\/jpeg\" \/>\n<meta name=\"twitter:card\" content=\"summary_large_image\" \/>\n<meta name=\"twitter:label1\" content=\"Cena\" \/>\n\t<meta name=\"twitter:data1\" content=\"&euro;1.00\" \/>\n\t<meta name=\"twitter:label2\" content=\"Dost\u0119pno\u015b\u0107\" \/>\n\t<meta name=\"twitter:data2\" content=\"Dost\u0119pny\" \/>\n<script type=\"application\/ld+json\" class=\"yoast-schema-graph\">{\"@context\":\"https:\/\/schema.org\",\"@graph\":[{\"@type\":\"WebPage\",\"@id\":\"https:\/\/creativityshop.eu\/pl\/product\/smooth-french-metallic-wire-goldwork-embroidery-metallic-thread-glossy-k5024\/\",\"url\":\"https:\/\/creativityshop.eu\/pl\/product\/smooth-french-metallic-wire-goldwork-embroidery-metallic-thread-glossy-k5024\/\",\"name\":\"Smooth French Metallic Wire Goldwork Embroidery Metallic thread glossy DarkGoldenrod K5024 - CreativityShopEU\",\"isPartOf\":{\"@id\":\"https:\/\/creativityshop.eu\/pl\/#website\"},\"primaryImageOfPage\":{\"@id\":\"https:\/\/creativityshop.eu\/pl\/product\/smooth-french-metallic-wire-goldwork-embroidery-metallic-thread-glossy-k5024\/#primaryimage\"},\"image\":{\"@id\":\"https:\/\/creativityshop.eu\/pl\/product\/smooth-french-metallic-wire-goldwork-embroidery-metallic-thread-glossy-k5024\/#primaryimage\"},\"thumbnailUrl\":\"https:\/\/creativityshop.eu\/wp-content\/uploads\/2023\/02\/k5024.jpg\",\"datePublished\":\"2023-02-09T10:34:07+00:00\",\"dateModified\":\"2026-04-06T22:38:28+00:00\",\"breadcrumb\":{\"@id\":\"https:\/\/creativityshop.eu\/pl\/product\/smooth-french-metallic-wire-goldwork-embroidery-metallic-thread-glossy-k5024\/#breadcrumb\"},\"inLanguage\":\"pl-PL\",\"potentialAction\":[{\"@type\":\"ReadAction\",\"target\":[\"https:\/\/creativityshop.eu\/pl\/product\/smooth-french-metallic-wire-goldwork-embroidery-metallic-thread-glossy-k5024\/\"]}]},{\"@type\":\"ImageObject\",\"inLanguage\":\"pl-PL\",\"@id\":\"https:\/\/creativityshop.eu\/pl\/product\/smooth-french-metallic-wire-goldwork-embroidery-metallic-thread-glossy-k5024\/#primaryimage\",\"url\":\"https:\/\/creativityshop.eu\/wp-content\/uploads\/2023\/02\/k5024.jpg\",\"contentUrl\":\"https:\/\/creativityshop.eu\/wp-content\/uploads\/2023\/02\/k5024.jpg\",\"width\":768,\"height\":768,\"caption\":\"Smooth French Wise Metallic thread glossy K5024\"},{\"@type\":\"BreadcrumbList\",\"@id\":\"https:\/\/creativityshop.eu\/pl\/product\/smooth-french-metallic-wire-goldwork-embroidery-metallic-thread-glossy-k5024\/#breadcrumb\",\"itemListElement\":[{\"@type\":\"ListItem\",\"position\":1,\"name\":\"Home\",\"item\":\"https:\/\/creativityshop.eu\/pl\/\"},{\"@type\":\"ListItem\",\"position\":2,\"name\":\"Shop\",\"item\":\"https:\/\/creativityshop.eu\/shop\/\"},{\"@type\":\"ListItem\",\"position\":3,\"name\":\"Smooth French Metallic Wire Goldwork Embroidery Metallic thread glossy DarkGoldenrod K5024\"}]},{\"@type\":\"WebSite\",\"@id\":\"https:\/\/creativityshop.eu\/pl\/#website\",\"url\":\"https:\/\/creativityshop.eu\/pl\/\",\"name\":\"CreativityShopEU\",\"description\":\"Embroidery and jewelry components\",\"publisher\":{\"@id\":\"https:\/\/creativityshop.eu\/pl\/#organization\"},\"potentialAction\":[{\"@type\":\"SearchAction\",\"target\":{\"@type\":\"EntryPoint\",\"urlTemplate\":\"https:\/\/creativityshop.eu\/pl\/?s={search_term_string}\"},\"query-input\":{\"@type\":\"PropertyValueSpecification\",\"valueRequired\":true,\"valueName\":\"search_term_string\"}}],\"inLanguage\":\"pl-PL\"},{\"@type\":\"Organization\",\"@id\":\"https:\/\/creativityshop.eu\/pl\/#organization\",\"name\":\"Creativity Shop OU\",\"url\":\"https:\/\/creativityshop.eu\/pl\/\",\"logo\":{\"@type\":\"ImageObject\",\"inLanguage\":\"pl-PL\",\"@id\":\"https:\/\/creativityshop.eu\/pl\/#\/schema\/logo\/image\/\",\"url\":\"https:\/\/creativityshop.eu\/wp-content\/uploads\/2018\/11\/creativity_shop_logosite2.png\",\"contentUrl\":\"https:\/\/creativityshop.eu\/wp-content\/uploads\/2018\/11\/creativity_shop_logosite2.png\",\"width\":2871,\"height\":1100,\"caption\":\"Creativity Shop OU\"},\"image\":{\"@id\":\"https:\/\/creativityshop.eu\/pl\/#\/schema\/logo\/image\/\"}}]}<\/script>\n<meta property=\"product:price:amount\" content=\"1.00\" \/>\n<meta property=\"product:price:currency\" content=\"EUR\" \/>\n<meta property=\"og:availability\" content=\"instock\" \/>\n<meta property=\"product:availability\" content=\"instock\" \/>\n<meta property=\"product:retailer_item_id\" content=\"K5024\" \/>\n<meta property=\"product:condition\" content=\"new\" \/>\n<!-- \/ Yoast SEO Premium plugin. -->","yoast_head_json":{"title":"Smooth French Metallic Wire Goldwork Embroidery Metallic thread glossy DarkGoldenrod K5024 - CreativityShopEU","robots":{"index":"noindex","follow":"follow"},"og_locale":"pl_PL","og_type":"article","og_title":"Smooth French Metallic Wire Goldwork Embroidery Metallic thread glossy DarkGoldenrod K5024","og_description":"Smooth french wire\/Dabka wire for Goldwork Embroidery Tambour, Luneville, Lesage, Purl Smooth  Color: DarkGoldenrod Available diameters: 1 mm Material: Copper Country of origin: India Price per 5 grams","og_url":"https:\/\/creativityshop.eu\/pl\/product\/smooth-french-metallic-wire-goldwork-embroidery-metallic-thread-glossy-k5024\/","og_site_name":"CreativityShopEU","article_modified_time":"2026-04-06T22:38:28+00:00","og_image":[{"width":768,"height":768,"url":"https:\/\/creativityshop.eu\/wp-content\/uploads\/2023\/02\/k5024.jpg","type":"image\/jpeg"}],"twitter_card":"summary_large_image","twitter_misc":{"Cena":"&euro;1.00","Dost\u0119pno\u015b\u0107":"Dost\u0119pny"},"schema":{"@context":"https:\/\/schema.org","@graph":[{"@type":"WebPage","@id":"https:\/\/creativityshop.eu\/pl\/product\/smooth-french-metallic-wire-goldwork-embroidery-metallic-thread-glossy-k5024\/","url":"https:\/\/creativityshop.eu\/pl\/product\/smooth-french-metallic-wire-goldwork-embroidery-metallic-thread-glossy-k5024\/","name":"Smooth French Metallic Wire Goldwork Embroidery Metallic thread glossy DarkGoldenrod K5024 - CreativityShopEU","isPartOf":{"@id":"https:\/\/creativityshop.eu\/pl\/#website"},"primaryImageOfPage":{"@id":"https:\/\/creativityshop.eu\/pl\/product\/smooth-french-metallic-wire-goldwork-embroidery-metallic-thread-glossy-k5024\/#primaryimage"},"image":{"@id":"https:\/\/creativityshop.eu\/pl\/product\/smooth-french-metallic-wire-goldwork-embroidery-metallic-thread-glossy-k5024\/#primaryimage"},"thumbnailUrl":"https:\/\/creativityshop.eu\/wp-content\/uploads\/2023\/02\/k5024.jpg","datePublished":"2023-02-09T10:34:07+00:00","dateModified":"2026-04-06T22:38:28+00:00","breadcrumb":{"@id":"https:\/\/creativityshop.eu\/pl\/product\/smooth-french-metallic-wire-goldwork-embroidery-metallic-thread-glossy-k5024\/#breadcrumb"},"inLanguage":"pl-PL","potentialAction":[{"@type":"ReadAction","target":["https:\/\/creativityshop.eu\/pl\/product\/smooth-french-metallic-wire-goldwork-embroidery-metallic-thread-glossy-k5024\/"]}]},{"@type":"ImageObject","inLanguage":"pl-PL","@id":"https:\/\/creativityshop.eu\/pl\/product\/smooth-french-metallic-wire-goldwork-embroidery-metallic-thread-glossy-k5024\/#primaryimage","url":"https:\/\/creativityshop.eu\/wp-content\/uploads\/2023\/02\/k5024.jpg","contentUrl":"https:\/\/creativityshop.eu\/wp-content\/uploads\/2023\/02\/k5024.jpg","width":768,"height":768,"caption":"Smooth French Wise Metallic thread glossy K5024"},{"@type":"BreadcrumbList","@id":"https:\/\/creativityshop.eu\/pl\/product\/smooth-french-metallic-wire-goldwork-embroidery-metallic-thread-glossy-k5024\/#breadcrumb","itemListElement":[{"@type":"ListItem","position":1,"name":"Home","item":"https:\/\/creativityshop.eu\/pl\/"},{"@type":"ListItem","position":2,"name":"Shop","item":"https:\/\/creativityshop.eu\/shop\/"},{"@type":"ListItem","position":3,"name":"Smooth French Metallic Wire Goldwork Embroidery Metallic thread glossy DarkGoldenrod K5024"}]},{"@type":"WebSite","@id":"https:\/\/creativityshop.eu\/pl\/#website","url":"https:\/\/creativityshop.eu\/pl\/","name":"CreativityShopEU","description":"Embroidery and jewelry components","publisher":{"@id":"https:\/\/creativityshop.eu\/pl\/#organization"},"potentialAction":[{"@type":"SearchAction","target":{"@type":"EntryPoint","urlTemplate":"https:\/\/creativityshop.eu\/pl\/?s={search_term_string}"},"query-input":{"@type":"PropertyValueSpecification","valueRequired":true,"valueName":"search_term_string"}}],"inLanguage":"pl-PL"},{"@type":"Organization","@id":"https:\/\/creativityshop.eu\/pl\/#organization","name":"Creativity Shop OU","url":"https:\/\/creativityshop.eu\/pl\/","logo":{"@type":"ImageObject","inLanguage":"pl-PL","@id":"https:\/\/creativityshop.eu\/pl\/#\/schema\/logo\/image\/","url":"https:\/\/creativityshop.eu\/wp-content\/uploads\/2018\/11\/creativity_shop_logosite2.png","contentUrl":"https:\/\/creativityshop.eu\/wp-content\/uploads\/2018\/11\/creativity_shop_logosite2.png","width":2871,"height":1100,"caption":"Creativity Shop OU"},"image":{"@id":"https:\/\/creativityshop.eu\/pl\/#\/schema\/logo\/image\/"}}]},"product_price_amount":"1.00","product_price_currency":"EUR","og_availability":"instock","product_availability":"instock","product_retailer_item_id":"K5024","product_condition":"new"},"_links":{"self":[{"href":"https:\/\/creativityshop.eu\/pl\/wp-json\/wp\/v2\/product\/33379","targetHints":{"allow":["GET"]}}],"collection":[{"href":"https:\/\/creativityshop.eu\/pl\/wp-json\/wp\/v2\/product"}],"about":[{"href":"https:\/\/creativityshop.eu\/pl\/wp-json\/wp\/v2\/types\/product"}],"wp:featuredmedia":[{"embeddable":true,"href":"https:\/\/creativityshop.eu\/pl\/wp-json\/wp\/v2\/media\/33381"}],"wp:attachment":[{"href":"https:\/\/creativityshop.eu\/pl\/wp-json\/wp\/v2\/media?parent=33379"}],"wp:term":[{"taxonomy":"product_brand","embeddable":true,"href":"https:\/\/creativityshop.eu\/pl\/wp-json\/wp\/v2\/product_brand?post=33379"},{"taxonomy":"product_cat","embeddable":true,"href":"https:\/\/creativityshop.eu\/pl\/wp-json\/wp\/v2\/product_cat?post=33379"},{"taxonomy":"product_tag","embeddable":true,"href":"https:\/\/creativityshop.eu\/pl\/wp-json\/wp\/v2\/product_tag?post=33379"}],"curies":[{"name":"wp","href":"https:\/\/api.w.org\/{rel}","templated":true}]}}