{"id":33128,"date":"2023-02-05T01:10:23","date_gmt":"2023-02-04T22:10:23","guid":{"rendered":"https:\/\/creativityshop.eu\/?post_type=product&#038;p=33128"},"modified":"2024-03-21T12:31:21","modified_gmt":"2024-03-21T09:31:21","slug":"dmc-mouline-color-variations-dmc-floss-cotton-embroidery-thread-cross-stitch-dmc-color-variations-floss-417f-4210","status":"publish","type":"product","link":"https:\/\/creativityshop.eu\/pl\/product\/dmc-mouline-color-variations-dmc-floss-cotton-embroidery-thread-cross-stitch-dmc-color-variations-floss-417f-4210\/","title":{"rendered":"DMC Mouline Color Variations DMC Floss Cotton Embroidery Thread Cross Stitch DMC Color Variations Floss 417F-4210"},"content":{"rendered":"<h4>DMC Floss (Mouline) &#8211; the world&#8217;s most famous and popular cross stitch and embroidery thread.<\/h4>\n<p>Color No: 4210 (Radiant Ruby: 915; 814; 777; 498)<br \/>\nLength: 8 meters (8.7 yards)\/6 strands<br \/>\nMaterial: 100% cotton<br \/>\nOrigin: France<br \/>\nPrice for 1 skein<\/p>\n<p>DMC Color Variations floss is a colorful cotton thread for embroidery with a wide color palette. By making just a few stitches with one DMC Color Variations embroidery thread, you will give your embroidery new shades. The DMC Color Variations thread is made of 100% cotton dyed with DMC colors resistant to fading.<\/p>\n<p>Bring your Creations to life and get a unique and modern result.<br \/>\nDMC Color Variations embroidery thread suits for all embroidery stitches, cross stitch, red stitch.<br \/>\nSkein is available in 36 colors<\/p>\n","protected":false},"excerpt":{"rendered":"<p><strong>DMC Floss (Mouline) &#8211; the world&#8217;s most famous and popular cross stitch and embroidery thread.<\/strong><\/p>\n<p>Color No: 4210 (Radiant Ruby: 915; 814; 777; 498)<br \/>\nLength: 8 meters (8.7 yards)\/6 strands<br \/>\nMaterial: 100% cotton<br \/>\nOrigin: France<br \/>\nPrice for 1 skein<\/p>\n","protected":false},"featured_media":33130,"template":"","meta":{"_acf_changed":false,"_exactmetrics_skip_tracking":false,"_exactmetrics_sitenote_active":false,"_exactmetrics_sitenote_note":"","_exactmetrics_sitenote_category":0},"product_brand":[],"product_cat":[977,969,379],"product_tag":[996,998,988,986],"class_list":{"0":"post-33128","1":"product","2":"type-product","3":"status-publish","4":"has-post-thumbnail","6":"product_cat-dmc-floss-color-variations-417f","7":"product_cat-dmc-floss-mouline","8":"product_cat-threads-cords","9":"product_tag-dmc-color-variations-floss","10":"product_tag-dmc-cross-stitch-floss","11":"product_tag-dmc-thread","12":"product_tag-embroidery-thread","14":"first","15":"instock","16":"taxable","17":"shipping-taxable","18":"purchasable","19":"product-type-simple","20":"add-to-wishlist-after_add_to_cart"},"acf":[],"yoast_head":"<!-- This site is optimized with the Yoast SEO Premium plugin v27.0 (Yoast SEO v27.0) - https:\/\/yoast.com\/product\/yoast-seo-premium-wordpress\/ -->\n<title>DMC Mouline Color Variations DMC Floss Cotton Embroidery Thread Cross Stitch DMC Color Variations Floss 417F-4210 - CreativityShopEU<\/title>\n<meta name=\"robots\" content=\"noindex, follow\" \/>\n<meta property=\"og:locale\" content=\"pl_PL\" \/>\n<meta property=\"og:type\" content=\"article\" \/>\n<meta property=\"og:title\" content=\"DMC Mouline Color Variations DMC Floss Cotton Embroidery Thread Cross Stitch DMC Color Variations Floss 417F-4210\" \/>\n<meta property=\"og:description\" content=\"DMC Floss (Mouline) - the world&#039;s most famous and popular cross stitch and embroidery thread.  Color No: 4210 (Radiant Ruby: 915; 814; 777; 498) Length: 8 meters (8.7 yards)\/6 strands Material: 100% cotton Origin: France Price for 1 skein\" \/>\n<meta property=\"og:url\" content=\"https:\/\/creativityshop.eu\/pl\/product\/dmc-mouline-color-variations-dmc-floss-cotton-embroidery-thread-cross-stitch-dmc-color-variations-floss-417f-4210\/\" \/>\n<meta property=\"og:site_name\" content=\"CreativityShopEU\" \/>\n<meta property=\"article:modified_time\" content=\"2024-03-21T09:31:21+00:00\" \/>\n<meta property=\"og:image\" content=\"https:\/\/creativityshop.eu\/wp-content\/uploads\/2023\/02\/dmc-floss-mouline-417f-4210.jpg\" \/>\n\t<meta property=\"og:image:width\" content=\"768\" \/>\n\t<meta property=\"og:image:height\" content=\"768\" \/>\n\t<meta property=\"og:image:type\" content=\"image\/jpeg\" \/>\n<meta name=\"twitter:card\" content=\"summary_large_image\" \/>\n<meta name=\"twitter:label1\" content=\"Cena\" \/>\n\t<meta name=\"twitter:data1\" content=\"&euro;1.13\" \/>\n\t<meta name=\"twitter:label2\" content=\"Dost\u0119pno\u015b\u0107\" \/>\n\t<meta name=\"twitter:data2\" content=\"Dost\u0119pny\" \/>\n<script type=\"application\/ld+json\" class=\"yoast-schema-graph\">{\"@context\":\"https:\/\/schema.org\",\"@graph\":[{\"@type\":\"WebPage\",\"@id\":\"https:\/\/creativityshop.eu\/pl\/product\/dmc-mouline-color-variations-dmc-floss-cotton-embroidery-thread-cross-stitch-dmc-color-variations-floss-417f-4210\/\",\"url\":\"https:\/\/creativityshop.eu\/pl\/product\/dmc-mouline-color-variations-dmc-floss-cotton-embroidery-thread-cross-stitch-dmc-color-variations-floss-417f-4210\/\",\"name\":\"DMC Mouline Color Variations DMC Floss Cotton Embroidery Thread Cross Stitch DMC Color Variations Floss 417F-4210 - CreativityShopEU\",\"isPartOf\":{\"@id\":\"https:\/\/creativityshop.eu\/pl\/#website\"},\"primaryImageOfPage\":{\"@id\":\"https:\/\/creativityshop.eu\/pl\/product\/dmc-mouline-color-variations-dmc-floss-cotton-embroidery-thread-cross-stitch-dmc-color-variations-floss-417f-4210\/#primaryimage\"},\"image\":{\"@id\":\"https:\/\/creativityshop.eu\/pl\/product\/dmc-mouline-color-variations-dmc-floss-cotton-embroidery-thread-cross-stitch-dmc-color-variations-floss-417f-4210\/#primaryimage\"},\"thumbnailUrl\":\"https:\/\/creativityshop.eu\/wp-content\/uploads\/2023\/02\/dmc-floss-mouline-417f-4210.jpg\",\"datePublished\":\"2023-02-04T22:10:23+00:00\",\"dateModified\":\"2024-03-21T09:31:21+00:00\",\"breadcrumb\":{\"@id\":\"https:\/\/creativityshop.eu\/pl\/product\/dmc-mouline-color-variations-dmc-floss-cotton-embroidery-thread-cross-stitch-dmc-color-variations-floss-417f-4210\/#breadcrumb\"},\"inLanguage\":\"pl-PL\",\"potentialAction\":[{\"@type\":\"ReadAction\",\"target\":[\"https:\/\/creativityshop.eu\/pl\/product\/dmc-mouline-color-variations-dmc-floss-cotton-embroidery-thread-cross-stitch-dmc-color-variations-floss-417f-4210\/\"]}]},{\"@type\":\"ImageObject\",\"inLanguage\":\"pl-PL\",\"@id\":\"https:\/\/creativityshop.eu\/pl\/product\/dmc-mouline-color-variations-dmc-floss-cotton-embroidery-thread-cross-stitch-dmc-color-variations-floss-417f-4210\/#primaryimage\",\"url\":\"https:\/\/creativityshop.eu\/wp-content\/uploads\/2023\/02\/dmc-floss-mouline-417f-4210.jpg\",\"contentUrl\":\"https:\/\/creativityshop.eu\/wp-content\/uploads\/2023\/02\/dmc-floss-mouline-417f-4210.jpg\",\"width\":768,\"height\":768,\"caption\":\"DMC Color Variations 417F-4210\"},{\"@type\":\"BreadcrumbList\",\"@id\":\"https:\/\/creativityshop.eu\/pl\/product\/dmc-mouline-color-variations-dmc-floss-cotton-embroidery-thread-cross-stitch-dmc-color-variations-floss-417f-4210\/#breadcrumb\",\"itemListElement\":[{\"@type\":\"ListItem\",\"position\":1,\"name\":\"Home\",\"item\":\"https:\/\/creativityshop.eu\/pl\/\"},{\"@type\":\"ListItem\",\"position\":2,\"name\":\"Shop\",\"item\":\"https:\/\/creativityshop.eu\/shop\/\"},{\"@type\":\"ListItem\",\"position\":3,\"name\":\"DMC Mouline Color Variations DMC Floss Cotton Embroidery Thread Cross Stitch DMC Color Variations Floss 417F-4210\"}]},{\"@type\":\"WebSite\",\"@id\":\"https:\/\/creativityshop.eu\/pl\/#website\",\"url\":\"https:\/\/creativityshop.eu\/pl\/\",\"name\":\"CreativityShopEU\",\"description\":\"Embroidery and jewelry components\",\"publisher\":{\"@id\":\"https:\/\/creativityshop.eu\/pl\/#organization\"},\"potentialAction\":[{\"@type\":\"SearchAction\",\"target\":{\"@type\":\"EntryPoint\",\"urlTemplate\":\"https:\/\/creativityshop.eu\/pl\/?s={search_term_string}\"},\"query-input\":{\"@type\":\"PropertyValueSpecification\",\"valueRequired\":true,\"valueName\":\"search_term_string\"}}],\"inLanguage\":\"pl-PL\"},{\"@type\":\"Organization\",\"@id\":\"https:\/\/creativityshop.eu\/pl\/#organization\",\"name\":\"Creativity Shop OU\",\"url\":\"https:\/\/creativityshop.eu\/pl\/\",\"logo\":{\"@type\":\"ImageObject\",\"inLanguage\":\"pl-PL\",\"@id\":\"https:\/\/creativityshop.eu\/pl\/#\/schema\/logo\/image\/\",\"url\":\"https:\/\/creativityshop.eu\/wp-content\/uploads\/2018\/11\/creativity_shop_logosite2.png\",\"contentUrl\":\"https:\/\/creativityshop.eu\/wp-content\/uploads\/2018\/11\/creativity_shop_logosite2.png\",\"width\":2871,\"height\":1100,\"caption\":\"Creativity Shop OU\"},\"image\":{\"@id\":\"https:\/\/creativityshop.eu\/pl\/#\/schema\/logo\/image\/\"}}]}<\/script>\n<meta property=\"product:price:amount\" content=\"1.13\" \/>\n<meta property=\"product:price:currency\" content=\"EUR\" \/>\n<meta property=\"og:availability\" content=\"instock\" \/>\n<meta property=\"product:availability\" content=\"instock\" \/>\n<meta property=\"product:retailer_item_id\" content=\"417F-4210\" \/>\n<meta property=\"product:condition\" content=\"new\" \/>\n<!-- \/ Yoast SEO Premium plugin. -->","yoast_head_json":{"title":"DMC Mouline Color Variations DMC Floss Cotton Embroidery Thread Cross Stitch DMC Color Variations Floss 417F-4210 - CreativityShopEU","robots":{"index":"noindex","follow":"follow"},"og_locale":"pl_PL","og_type":"article","og_title":"DMC Mouline Color Variations DMC Floss Cotton Embroidery Thread Cross Stitch DMC Color Variations Floss 417F-4210","og_description":"DMC Floss (Mouline) - the world's most famous and popular cross stitch and embroidery thread.  Color No: 4210 (Radiant Ruby: 915; 814; 777; 498) Length: 8 meters (8.7 yards)\/6 strands Material: 100% cotton Origin: France Price for 1 skein","og_url":"https:\/\/creativityshop.eu\/pl\/product\/dmc-mouline-color-variations-dmc-floss-cotton-embroidery-thread-cross-stitch-dmc-color-variations-floss-417f-4210\/","og_site_name":"CreativityShopEU","article_modified_time":"2024-03-21T09:31:21+00:00","og_image":[{"width":768,"height":768,"url":"https:\/\/creativityshop.eu\/wp-content\/uploads\/2023\/02\/dmc-floss-mouline-417f-4210.jpg","type":"image\/jpeg"}],"twitter_card":"summary_large_image","twitter_misc":{"Cena":"&euro;1.13","Dost\u0119pno\u015b\u0107":"Dost\u0119pny"},"schema":{"@context":"https:\/\/schema.org","@graph":[{"@type":"WebPage","@id":"https:\/\/creativityshop.eu\/pl\/product\/dmc-mouline-color-variations-dmc-floss-cotton-embroidery-thread-cross-stitch-dmc-color-variations-floss-417f-4210\/","url":"https:\/\/creativityshop.eu\/pl\/product\/dmc-mouline-color-variations-dmc-floss-cotton-embroidery-thread-cross-stitch-dmc-color-variations-floss-417f-4210\/","name":"DMC Mouline Color Variations DMC Floss Cotton Embroidery Thread Cross Stitch DMC Color Variations Floss 417F-4210 - CreativityShopEU","isPartOf":{"@id":"https:\/\/creativityshop.eu\/pl\/#website"},"primaryImageOfPage":{"@id":"https:\/\/creativityshop.eu\/pl\/product\/dmc-mouline-color-variations-dmc-floss-cotton-embroidery-thread-cross-stitch-dmc-color-variations-floss-417f-4210\/#primaryimage"},"image":{"@id":"https:\/\/creativityshop.eu\/pl\/product\/dmc-mouline-color-variations-dmc-floss-cotton-embroidery-thread-cross-stitch-dmc-color-variations-floss-417f-4210\/#primaryimage"},"thumbnailUrl":"https:\/\/creativityshop.eu\/wp-content\/uploads\/2023\/02\/dmc-floss-mouline-417f-4210.jpg","datePublished":"2023-02-04T22:10:23+00:00","dateModified":"2024-03-21T09:31:21+00:00","breadcrumb":{"@id":"https:\/\/creativityshop.eu\/pl\/product\/dmc-mouline-color-variations-dmc-floss-cotton-embroidery-thread-cross-stitch-dmc-color-variations-floss-417f-4210\/#breadcrumb"},"inLanguage":"pl-PL","potentialAction":[{"@type":"ReadAction","target":["https:\/\/creativityshop.eu\/pl\/product\/dmc-mouline-color-variations-dmc-floss-cotton-embroidery-thread-cross-stitch-dmc-color-variations-floss-417f-4210\/"]}]},{"@type":"ImageObject","inLanguage":"pl-PL","@id":"https:\/\/creativityshop.eu\/pl\/product\/dmc-mouline-color-variations-dmc-floss-cotton-embroidery-thread-cross-stitch-dmc-color-variations-floss-417f-4210\/#primaryimage","url":"https:\/\/creativityshop.eu\/wp-content\/uploads\/2023\/02\/dmc-floss-mouline-417f-4210.jpg","contentUrl":"https:\/\/creativityshop.eu\/wp-content\/uploads\/2023\/02\/dmc-floss-mouline-417f-4210.jpg","width":768,"height":768,"caption":"DMC Color Variations 417F-4210"},{"@type":"BreadcrumbList","@id":"https:\/\/creativityshop.eu\/pl\/product\/dmc-mouline-color-variations-dmc-floss-cotton-embroidery-thread-cross-stitch-dmc-color-variations-floss-417f-4210\/#breadcrumb","itemListElement":[{"@type":"ListItem","position":1,"name":"Home","item":"https:\/\/creativityshop.eu\/pl\/"},{"@type":"ListItem","position":2,"name":"Shop","item":"https:\/\/creativityshop.eu\/shop\/"},{"@type":"ListItem","position":3,"name":"DMC Mouline Color Variations DMC Floss Cotton Embroidery Thread Cross Stitch DMC Color Variations Floss 417F-4210"}]},{"@type":"WebSite","@id":"https:\/\/creativityshop.eu\/pl\/#website","url":"https:\/\/creativityshop.eu\/pl\/","name":"CreativityShopEU","description":"Embroidery and jewelry components","publisher":{"@id":"https:\/\/creativityshop.eu\/pl\/#organization"},"potentialAction":[{"@type":"SearchAction","target":{"@type":"EntryPoint","urlTemplate":"https:\/\/creativityshop.eu\/pl\/?s={search_term_string}"},"query-input":{"@type":"PropertyValueSpecification","valueRequired":true,"valueName":"search_term_string"}}],"inLanguage":"pl-PL"},{"@type":"Organization","@id":"https:\/\/creativityshop.eu\/pl\/#organization","name":"Creativity Shop OU","url":"https:\/\/creativityshop.eu\/pl\/","logo":{"@type":"ImageObject","inLanguage":"pl-PL","@id":"https:\/\/creativityshop.eu\/pl\/#\/schema\/logo\/image\/","url":"https:\/\/creativityshop.eu\/wp-content\/uploads\/2018\/11\/creativity_shop_logosite2.png","contentUrl":"https:\/\/creativityshop.eu\/wp-content\/uploads\/2018\/11\/creativity_shop_logosite2.png","width":2871,"height":1100,"caption":"Creativity Shop OU"},"image":{"@id":"https:\/\/creativityshop.eu\/pl\/#\/schema\/logo\/image\/"}}]},"product_price_amount":"1.13","product_price_currency":"EUR","og_availability":"instock","product_availability":"instock","product_retailer_item_id":"417F-4210","product_condition":"new"},"_links":{"self":[{"href":"https:\/\/creativityshop.eu\/pl\/wp-json\/wp\/v2\/product\/33128","targetHints":{"allow":["GET"]}}],"collection":[{"href":"https:\/\/creativityshop.eu\/pl\/wp-json\/wp\/v2\/product"}],"about":[{"href":"https:\/\/creativityshop.eu\/pl\/wp-json\/wp\/v2\/types\/product"}],"wp:featuredmedia":[{"embeddable":true,"href":"https:\/\/creativityshop.eu\/pl\/wp-json\/wp\/v2\/media\/33130"}],"wp:attachment":[{"href":"https:\/\/creativityshop.eu\/pl\/wp-json\/wp\/v2\/media?parent=33128"}],"wp:term":[{"taxonomy":"product_brand","embeddable":true,"href":"https:\/\/creativityshop.eu\/pl\/wp-json\/wp\/v2\/product_brand?post=33128"},{"taxonomy":"product_cat","embeddable":true,"href":"https:\/\/creativityshop.eu\/pl\/wp-json\/wp\/v2\/product_cat?post=33128"},{"taxonomy":"product_tag","embeddable":true,"href":"https:\/\/creativityshop.eu\/pl\/wp-json\/wp\/v2\/product_tag?post=33128"}],"curies":[{"name":"wp","href":"https:\/\/api.w.org\/{rel}","templated":true}]}}