{"id":32687,"date":"2023-02-01T18:43:55","date_gmt":"2023-02-01T15:43:55","guid":{"rendered":"https:\/\/creativityshop.eu\/?post_type=product&#038;p=32687"},"modified":"2024-04-01T16:45:43","modified_gmt":"2024-04-01T13:45:43","slug":"dmc-floss-mouline-cross-stitch-amp-embroidery-satin-effect-thread-dmc-mulinee-1008f-s800","status":"publish","type":"product","link":"https:\/\/creativityshop.eu\/pl\/product\/dmc-floss-mouline-cross-stitch-amp-embroidery-satin-effect-thread-dmc-mulinee-1008f-s800\/","title":{"rendered":"DMC Satin Floss\/Mouline Satin, Cross Stitch &amp; Satin Embroidery Thread, DMC Embroidery Floss #1008F-S800"},"content":{"rendered":"<h4>DMC Floss (Mouline) &#8211; the world&#8217;s most famous and popular cross stitch and embroidery thread.<\/h4>\n<p>Color No: 800 (Pale Delft Blue)<br \/>\nLength: 8 meters (8.7 yards)\/6 strands<br \/>\nMaterial: 100% viscose<br \/>\nOrigin: France<br \/>\nPrice for 1 skein<\/p>\n<p>This is the most glossy DMC embroidery thread. Made from 100% viscose, it glides easily over the fabric. The thread has a bright and intense color. With six easily separated size 25 strands, DMC Satin is perfect for surface embroidery and adding depth to your project.<\/p>\n<p>CARE &amp; WASHING<br \/>\nDMC Satin Stranded Cotton is 100% colorfast. It can be washed multiple times at 60\u00b0C but please take into account the care instructions for the fabric you have embroidered.<\/p>\n","protected":false},"excerpt":{"rendered":"<p><strong>DMC Floss (Mouline) &#8211; the world&#8217;s most famous and popular cross stitch and embroidery thread.<\/strong><\/p>\n<p>Color No: 800 (Pale Delft Blue)<br \/>\nLength: 8 meters (8.7 yards)\/6 strands<br \/>\nMaterial: 100% viscose<br \/>\nOrigin: France<br \/>\nPrice for 1 skein<\/p>\n","protected":false},"featured_media":29486,"template":"","meta":{"_acf_changed":false,"_exactmetrics_skip_tracking":false,"_exactmetrics_sitenote_active":false,"_exactmetrics_sitenote_note":"","_exactmetrics_sitenote_category":0},"product_brand":[],"product_cat":[972,969,379],"product_tag":[998,1046,988,986],"class_list":{"0":"post-32687","1":"product","2":"type-product","3":"status-publish","4":"has-post-thumbnail","6":"product_cat-dmc-floss-satin-effect-1008f","7":"product_cat-dmc-floss-mouline","8":"product_cat-threads-cords","9":"product_tag-dmc-cross-stitch-floss","10":"product_tag-dmc-satin-effect","11":"product_tag-dmc-thread","12":"product_tag-embroidery-thread","14":"first","15":"instock","16":"taxable","17":"shipping-taxable","18":"purchasable","19":"product-type-simple","20":"add-to-wishlist-after_add_to_cart"},"acf":[],"yoast_head":"<!-- This site is optimized with the Yoast SEO Premium plugin v27.0 (Yoast SEO v27.0) - https:\/\/yoast.com\/product\/yoast-seo-premium-wordpress\/ -->\n<title>DMC Satin Floss\/Mouline Satin, Cross Stitch &amp; Satin Embroidery Thread, DMC Embroidery Floss #1008F-S800 - CreativityShopEU<\/title>\n<meta name=\"robots\" content=\"noindex, follow\" \/>\n<meta property=\"og:locale\" content=\"pl_PL\" \/>\n<meta property=\"og:type\" content=\"article\" \/>\n<meta property=\"og:title\" content=\"DMC Satin Floss\/Mouline Satin, Cross Stitch &amp; Satin Embroidery Thread, DMC Embroidery Floss #1008F-S800\" \/>\n<meta property=\"og:description\" content=\"DMC Floss (Mouline) - the world&#039;s most famous and popular cross stitch and embroidery thread.  Color No: 800 (Pale Delft Blue) Length: 8 meters (8.7 yards)\/6 strands Material: 100% viscose Origin: France Price for 1 skein\" \/>\n<meta property=\"og:url\" content=\"https:\/\/creativityshop.eu\/pl\/product\/dmc-floss-mouline-cross-stitch-amp-embroidery-satin-effect-thread-dmc-mulinee-1008f-s800\/\" \/>\n<meta property=\"og:site_name\" content=\"CreativityShopEU\" \/>\n<meta property=\"article:modified_time\" content=\"2024-04-01T13:45:43+00:00\" \/>\n<meta property=\"og:image\" content=\"https:\/\/creativityshop.eu\/wp-content\/uploads\/2021\/11\/dmc-floss-mouline-1008f-s800.jpg\" \/>\n\t<meta property=\"og:image:width\" content=\"768\" \/>\n\t<meta property=\"og:image:height\" content=\"768\" \/>\n\t<meta property=\"og:image:type\" content=\"image\/jpeg\" \/>\n<meta name=\"twitter:card\" content=\"summary_large_image\" \/>\n<meta name=\"twitter:label1\" content=\"Cena\" \/>\n\t<meta name=\"twitter:data1\" content=\"&#036;1.37\" \/>\n\t<meta name=\"twitter:label2\" content=\"Dost\u0119pno\u015b\u0107\" \/>\n\t<meta name=\"twitter:data2\" content=\"Dost\u0119pny\" \/>\n<script type=\"application\/ld+json\" class=\"yoast-schema-graph\">{\"@context\":\"https:\/\/schema.org\",\"@graph\":[{\"@type\":\"WebPage\",\"@id\":\"https:\/\/creativityshop.eu\/pl\/product\/dmc-floss-mouline-cross-stitch-amp-embroidery-satin-effect-thread-dmc-mulinee-1008f-s800\/\",\"url\":\"https:\/\/creativityshop.eu\/pl\/product\/dmc-floss-mouline-cross-stitch-amp-embroidery-satin-effect-thread-dmc-mulinee-1008f-s800\/\",\"name\":\"DMC Satin Floss\/Mouline Satin, Cross Stitch &amp; Satin Embroidery Thread, DMC Embroidery Floss #1008F-S800 - CreativityShopEU\",\"isPartOf\":{\"@id\":\"https:\/\/creativityshop.eu\/pl\/#website\"},\"primaryImageOfPage\":{\"@id\":\"https:\/\/creativityshop.eu\/pl\/product\/dmc-floss-mouline-cross-stitch-amp-embroidery-satin-effect-thread-dmc-mulinee-1008f-s800\/#primaryimage\"},\"image\":{\"@id\":\"https:\/\/creativityshop.eu\/pl\/product\/dmc-floss-mouline-cross-stitch-amp-embroidery-satin-effect-thread-dmc-mulinee-1008f-s800\/#primaryimage\"},\"thumbnailUrl\":\"https:\/\/creativityshop.eu\/wp-content\/uploads\/2021\/11\/dmc-floss-mouline-1008f-s800.jpg\",\"datePublished\":\"2023-02-01T15:43:55+00:00\",\"dateModified\":\"2024-04-01T13:45:43+00:00\",\"breadcrumb\":{\"@id\":\"https:\/\/creativityshop.eu\/pl\/product\/dmc-floss-mouline-cross-stitch-amp-embroidery-satin-effect-thread-dmc-mulinee-1008f-s800\/#breadcrumb\"},\"inLanguage\":\"pl-PL\",\"potentialAction\":[{\"@type\":\"ReadAction\",\"target\":[\"https:\/\/creativityshop.eu\/pl\/product\/dmc-floss-mouline-cross-stitch-amp-embroidery-satin-effect-thread-dmc-mulinee-1008f-s800\/\"]}]},{\"@type\":\"ImageObject\",\"inLanguage\":\"pl-PL\",\"@id\":\"https:\/\/creativityshop.eu\/pl\/product\/dmc-floss-mouline-cross-stitch-amp-embroidery-satin-effect-thread-dmc-mulinee-1008f-s800\/#primaryimage\",\"url\":\"https:\/\/creativityshop.eu\/wp-content\/uploads\/2021\/11\/dmc-floss-mouline-1008f-s800.jpg\",\"contentUrl\":\"https:\/\/creativityshop.eu\/wp-content\/uploads\/2021\/11\/dmc-floss-mouline-1008f-s800.jpg\",\"width\":768,\"height\":768,\"caption\":\"DMC Satin Effect Thread 1008F-S800\"},{\"@type\":\"BreadcrumbList\",\"@id\":\"https:\/\/creativityshop.eu\/pl\/product\/dmc-floss-mouline-cross-stitch-amp-embroidery-satin-effect-thread-dmc-mulinee-1008f-s800\/#breadcrumb\",\"itemListElement\":[{\"@type\":\"ListItem\",\"position\":1,\"name\":\"Home\",\"item\":\"https:\/\/creativityshop.eu\/pl\/\"},{\"@type\":\"ListItem\",\"position\":2,\"name\":\"Shop\",\"item\":\"https:\/\/creativityshop.eu\/shop\/\"},{\"@type\":\"ListItem\",\"position\":3,\"name\":\"DMC Satin Floss\/Mouline Satin, Cross Stitch &amp; Satin Embroidery Thread, DMC Embroidery Floss #1008F-S800\"}]},{\"@type\":\"WebSite\",\"@id\":\"https:\/\/creativityshop.eu\/pl\/#website\",\"url\":\"https:\/\/creativityshop.eu\/pl\/\",\"name\":\"CreativityShopEU\",\"description\":\"Embroidery and jewelry components\",\"publisher\":{\"@id\":\"https:\/\/creativityshop.eu\/pl\/#organization\"},\"potentialAction\":[{\"@type\":\"SearchAction\",\"target\":{\"@type\":\"EntryPoint\",\"urlTemplate\":\"https:\/\/creativityshop.eu\/pl\/?s={search_term_string}\"},\"query-input\":{\"@type\":\"PropertyValueSpecification\",\"valueRequired\":true,\"valueName\":\"search_term_string\"}}],\"inLanguage\":\"pl-PL\"},{\"@type\":\"Organization\",\"@id\":\"https:\/\/creativityshop.eu\/pl\/#organization\",\"name\":\"Creativity Shop OU\",\"url\":\"https:\/\/creativityshop.eu\/pl\/\",\"logo\":{\"@type\":\"ImageObject\",\"inLanguage\":\"pl-PL\",\"@id\":\"https:\/\/creativityshop.eu\/pl\/#\/schema\/logo\/image\/\",\"url\":\"https:\/\/creativityshop.eu\/wp-content\/uploads\/2018\/11\/creativity_shop_logosite2.png\",\"contentUrl\":\"https:\/\/creativityshop.eu\/wp-content\/uploads\/2018\/11\/creativity_shop_logosite2.png\",\"width\":2871,\"height\":1100,\"caption\":\"Creativity Shop OU\"},\"image\":{\"@id\":\"https:\/\/creativityshop.eu\/pl\/#\/schema\/logo\/image\/\"}}]}<\/script>\n<meta property=\"product:price:amount\" content=\"1.37\" \/>\n<meta property=\"product:price:currency\" content=\"USD\" \/>\n<meta property=\"og:availability\" content=\"instock\" \/>\n<meta property=\"product:availability\" content=\"instock\" \/>\n<meta property=\"product:retailer_item_id\" content=\"1008F-S800\" \/>\n<meta property=\"product:condition\" content=\"new\" \/>\n<!-- \/ Yoast SEO Premium plugin. -->","yoast_head_json":{"title":"DMC Satin Floss\/Mouline Satin, Cross Stitch &amp; Satin Embroidery Thread, DMC Embroidery Floss #1008F-S800 - CreativityShopEU","robots":{"index":"noindex","follow":"follow"},"og_locale":"pl_PL","og_type":"article","og_title":"DMC Satin Floss\/Mouline Satin, Cross Stitch &amp; Satin Embroidery Thread, DMC Embroidery Floss #1008F-S800","og_description":"DMC Floss (Mouline) - the world's most famous and popular cross stitch and embroidery thread.  Color No: 800 (Pale Delft Blue) Length: 8 meters (8.7 yards)\/6 strands Material: 100% viscose Origin: France Price for 1 skein","og_url":"https:\/\/creativityshop.eu\/pl\/product\/dmc-floss-mouline-cross-stitch-amp-embroidery-satin-effect-thread-dmc-mulinee-1008f-s800\/","og_site_name":"CreativityShopEU","article_modified_time":"2024-04-01T13:45:43+00:00","og_image":[{"width":768,"height":768,"url":"https:\/\/creativityshop.eu\/wp-content\/uploads\/2021\/11\/dmc-floss-mouline-1008f-s800.jpg","type":"image\/jpeg"}],"twitter_card":"summary_large_image","twitter_misc":{"Cena":"&#36;1.37","Dost\u0119pno\u015b\u0107":"Dost\u0119pny"},"schema":{"@context":"https:\/\/schema.org","@graph":[{"@type":"WebPage","@id":"https:\/\/creativityshop.eu\/pl\/product\/dmc-floss-mouline-cross-stitch-amp-embroidery-satin-effect-thread-dmc-mulinee-1008f-s800\/","url":"https:\/\/creativityshop.eu\/pl\/product\/dmc-floss-mouline-cross-stitch-amp-embroidery-satin-effect-thread-dmc-mulinee-1008f-s800\/","name":"DMC Satin Floss\/Mouline Satin, Cross Stitch &amp; Satin Embroidery Thread, DMC Embroidery Floss #1008F-S800 - CreativityShopEU","isPartOf":{"@id":"https:\/\/creativityshop.eu\/pl\/#website"},"primaryImageOfPage":{"@id":"https:\/\/creativityshop.eu\/pl\/product\/dmc-floss-mouline-cross-stitch-amp-embroidery-satin-effect-thread-dmc-mulinee-1008f-s800\/#primaryimage"},"image":{"@id":"https:\/\/creativityshop.eu\/pl\/product\/dmc-floss-mouline-cross-stitch-amp-embroidery-satin-effect-thread-dmc-mulinee-1008f-s800\/#primaryimage"},"thumbnailUrl":"https:\/\/creativityshop.eu\/wp-content\/uploads\/2021\/11\/dmc-floss-mouline-1008f-s800.jpg","datePublished":"2023-02-01T15:43:55+00:00","dateModified":"2024-04-01T13:45:43+00:00","breadcrumb":{"@id":"https:\/\/creativityshop.eu\/pl\/product\/dmc-floss-mouline-cross-stitch-amp-embroidery-satin-effect-thread-dmc-mulinee-1008f-s800\/#breadcrumb"},"inLanguage":"pl-PL","potentialAction":[{"@type":"ReadAction","target":["https:\/\/creativityshop.eu\/pl\/product\/dmc-floss-mouline-cross-stitch-amp-embroidery-satin-effect-thread-dmc-mulinee-1008f-s800\/"]}]},{"@type":"ImageObject","inLanguage":"pl-PL","@id":"https:\/\/creativityshop.eu\/pl\/product\/dmc-floss-mouline-cross-stitch-amp-embroidery-satin-effect-thread-dmc-mulinee-1008f-s800\/#primaryimage","url":"https:\/\/creativityshop.eu\/wp-content\/uploads\/2021\/11\/dmc-floss-mouline-1008f-s800.jpg","contentUrl":"https:\/\/creativityshop.eu\/wp-content\/uploads\/2021\/11\/dmc-floss-mouline-1008f-s800.jpg","width":768,"height":768,"caption":"DMC Satin Effect Thread 1008F-S800"},{"@type":"BreadcrumbList","@id":"https:\/\/creativityshop.eu\/pl\/product\/dmc-floss-mouline-cross-stitch-amp-embroidery-satin-effect-thread-dmc-mulinee-1008f-s800\/#breadcrumb","itemListElement":[{"@type":"ListItem","position":1,"name":"Home","item":"https:\/\/creativityshop.eu\/pl\/"},{"@type":"ListItem","position":2,"name":"Shop","item":"https:\/\/creativityshop.eu\/shop\/"},{"@type":"ListItem","position":3,"name":"DMC Satin Floss\/Mouline Satin, Cross Stitch &amp; Satin Embroidery Thread, DMC Embroidery Floss #1008F-S800"}]},{"@type":"WebSite","@id":"https:\/\/creativityshop.eu\/pl\/#website","url":"https:\/\/creativityshop.eu\/pl\/","name":"CreativityShopEU","description":"Embroidery and jewelry components","publisher":{"@id":"https:\/\/creativityshop.eu\/pl\/#organization"},"potentialAction":[{"@type":"SearchAction","target":{"@type":"EntryPoint","urlTemplate":"https:\/\/creativityshop.eu\/pl\/?s={search_term_string}"},"query-input":{"@type":"PropertyValueSpecification","valueRequired":true,"valueName":"search_term_string"}}],"inLanguage":"pl-PL"},{"@type":"Organization","@id":"https:\/\/creativityshop.eu\/pl\/#organization","name":"Creativity Shop OU","url":"https:\/\/creativityshop.eu\/pl\/","logo":{"@type":"ImageObject","inLanguage":"pl-PL","@id":"https:\/\/creativityshop.eu\/pl\/#\/schema\/logo\/image\/","url":"https:\/\/creativityshop.eu\/wp-content\/uploads\/2018\/11\/creativity_shop_logosite2.png","contentUrl":"https:\/\/creativityshop.eu\/wp-content\/uploads\/2018\/11\/creativity_shop_logosite2.png","width":2871,"height":1100,"caption":"Creativity Shop OU"},"image":{"@id":"https:\/\/creativityshop.eu\/pl\/#\/schema\/logo\/image\/"}}]},"product_price_amount":"1.37","product_price_currency":"USD","og_availability":"instock","product_availability":"instock","product_retailer_item_id":"1008F-S800","product_condition":"new"},"_links":{"self":[{"href":"https:\/\/creativityshop.eu\/pl\/wp-json\/wp\/v2\/product\/32687","targetHints":{"allow":["GET"]}}],"collection":[{"href":"https:\/\/creativityshop.eu\/pl\/wp-json\/wp\/v2\/product"}],"about":[{"href":"https:\/\/creativityshop.eu\/pl\/wp-json\/wp\/v2\/types\/product"}],"wp:featuredmedia":[{"embeddable":true,"href":"https:\/\/creativityshop.eu\/pl\/wp-json\/wp\/v2\/media\/29486"}],"wp:attachment":[{"href":"https:\/\/creativityshop.eu\/pl\/wp-json\/wp\/v2\/media?parent=32687"}],"wp:term":[{"taxonomy":"product_brand","embeddable":true,"href":"https:\/\/creativityshop.eu\/pl\/wp-json\/wp\/v2\/product_brand?post=32687"},{"taxonomy":"product_cat","embeddable":true,"href":"https:\/\/creativityshop.eu\/pl\/wp-json\/wp\/v2\/product_cat?post=32687"},{"taxonomy":"product_tag","embeddable":true,"href":"https:\/\/creativityshop.eu\/pl\/wp-json\/wp\/v2\/product_tag?post=32687"}],"curies":[{"name":"wp","href":"https:\/\/api.w.org\/{rel}","templated":true}]}}