{"id":32634,"date":"2023-02-01T15:27:13","date_gmt":"2023-02-01T12:27:13","guid":{"rendered":"https:\/\/creativityshop.eu\/?post_type=product&#038;p=32634"},"modified":"2024-02-13T20:20:16","modified_gmt":"2024-02-13T17:20:16","slug":"dmc-floss-mouline-cross-stitch-amp-embroidery-satin-effect-thread-dmc-mulinee-1008f_s307","status":"publish","type":"product","link":"https:\/\/creativityshop.eu\/pl\/product\/dmc-floss-mouline-cross-stitch-amp-embroidery-satin-effect-thread-dmc-mulinee-1008f_s307\/","title":{"rendered":"DMC Satin Floss\/Mouline Satin, Cross Stitch &amp; Satin Embroidery Thread, DMC Embroidery Floss #1008F-S307"},"content":{"rendered":"<h4>DMC Floss (Mouline) &#8211; the world&#8217;s most famous and popular cross stitch and embroidery thread.<\/h4>\n<p>Color No: 307 (Lemon)<br \/>\nLength: 8 meters (8.7 yards)\/6 strands<br \/>\nMaterial: 100% viscose<br \/>\nOrigin: France<br \/>\nPrice for 1 skein<\/p>\n<p>DMC Satin Embroidery Thread is made of 100% viscose fiber. In addition to the fact that the DMC satin embroidery thread looks silky, it is very soft and glides easily over the fabric. The thread has a bright and intense color. With six easily separated size 25 threads you can use DMC Satin Embroidery Thread for all types of embroidery, including traditional embroidery and cross stitch. Use DMC Satin Embroidery Thread for all embroidery stitches, cross stitch, encroaching satin stitch, flat satin stitch. DMC Satin Embroidery thread is 100% resistant to fading. Brighten your projects with DMC Satin Embroidery thread!<\/p>\n<p>CARE &amp; WASHING<br \/>\nDMC Satin Stranded Cotton is 100% colorfast. It can be washed multiple times at 60\u00b0C but please take into account the care instructions for the fabric you have embroidered.<\/p>\n","protected":false},"excerpt":{"rendered":"<p><strong>DMC Floss (Mouline) &#8211; the world&#8217;s most famous and popular cross stitch and embroidery thread.<\/strong><\/p>\n<p>Color No: 307 (Lemon)<br \/>\nLength: 8 meters (8.7 yards)\/6 strands<br \/>\nMaterial: 100% viscose<br \/>\nOrigin: France<br \/>\nPrice for 1 skein<\/p>\n","protected":false},"featured_media":29426,"template":"","meta":{"_acf_changed":false,"_exactmetrics_skip_tracking":false,"_exactmetrics_sitenote_active":false,"_exactmetrics_sitenote_note":"","_exactmetrics_sitenote_category":0},"product_brand":[],"product_cat":[972,969,379],"product_tag":[990,998,988,986],"class_list":{"0":"post-32634","1":"product","2":"type-product","3":"status-publish","4":"has-post-thumbnail","6":"product_cat-dmc-floss-satin-effect-1008f","7":"product_cat-dmc-floss-mouline","8":"product_cat-threads-cords","9":"product_tag-dmc-cotton-floss","10":"product_tag-dmc-cross-stitch-floss","11":"product_tag-dmc-thread","12":"product_tag-embroidery-thread","14":"first","15":"instock","16":"taxable","17":"shipping-taxable","18":"purchasable","19":"product-type-simple","20":"add-to-wishlist-after_add_to_cart"},"acf":[],"yoast_head":"<!-- This site is optimized with the Yoast SEO Premium plugin v27.0 (Yoast SEO v27.0) - https:\/\/yoast.com\/product\/yoast-seo-premium-wordpress\/ -->\n<title>DMC Satin Floss\/Mouline Satin, Cross Stitch &amp; Satin Embroidery Thread, DMC Embroidery Floss #1008F-S307 - CreativityShopEU<\/title>\n<meta name=\"robots\" content=\"noindex, follow\" \/>\n<meta property=\"og:locale\" content=\"pl_PL\" \/>\n<meta property=\"og:type\" content=\"article\" \/>\n<meta property=\"og:title\" content=\"DMC Satin Floss\/Mouline Satin, Cross Stitch &amp; Satin Embroidery Thread, DMC Embroidery Floss #1008F-S307\" \/>\n<meta property=\"og:description\" content=\"DMC Floss (Mouline) - the world&#039;s most famous and popular cross stitch and embroidery thread.  Color No: 307 (Lemon) Length: 8 meters (8.7 yards)\/6 strands Material: 100% viscose Origin: France Price for 1 skein\" \/>\n<meta property=\"og:url\" content=\"https:\/\/creativityshop.eu\/pl\/product\/dmc-floss-mouline-cross-stitch-amp-embroidery-satin-effect-thread-dmc-mulinee-1008f_s307\/\" \/>\n<meta property=\"og:site_name\" content=\"CreativityShopEU\" \/>\n<meta property=\"article:modified_time\" content=\"2024-02-13T17:20:16+00:00\" \/>\n<meta property=\"og:image\" content=\"https:\/\/creativityshop.eu\/wp-content\/uploads\/2021\/11\/dmc-floss-mouline-1008f-s307.jpg\" \/>\n\t<meta property=\"og:image:width\" content=\"768\" \/>\n\t<meta property=\"og:image:height\" content=\"768\" \/>\n\t<meta property=\"og:image:type\" content=\"image\/jpeg\" \/>\n<meta name=\"twitter:card\" content=\"summary_large_image\" \/>\n<meta name=\"twitter:label1\" content=\"Cena\" \/>\n\t<meta name=\"twitter:data1\" content=\"&euro;1.37\" \/>\n\t<meta name=\"twitter:label2\" content=\"Dost\u0119pno\u015b\u0107\" \/>\n\t<meta name=\"twitter:data2\" content=\"Dost\u0119pny\" \/>\n<script type=\"application\/ld+json\" class=\"yoast-schema-graph\">{\"@context\":\"https:\/\/schema.org\",\"@graph\":[{\"@type\":\"WebPage\",\"@id\":\"https:\/\/creativityshop.eu\/pl\/product\/dmc-floss-mouline-cross-stitch-amp-embroidery-satin-effect-thread-dmc-mulinee-1008f_s307\/\",\"url\":\"https:\/\/creativityshop.eu\/pl\/product\/dmc-floss-mouline-cross-stitch-amp-embroidery-satin-effect-thread-dmc-mulinee-1008f_s307\/\",\"name\":\"DMC Satin Floss\/Mouline Satin, Cross Stitch &amp; Satin Embroidery Thread, DMC Embroidery Floss #1008F-S307 - CreativityShopEU\",\"isPartOf\":{\"@id\":\"https:\/\/creativityshop.eu\/pl\/#website\"},\"primaryImageOfPage\":{\"@id\":\"https:\/\/creativityshop.eu\/pl\/product\/dmc-floss-mouline-cross-stitch-amp-embroidery-satin-effect-thread-dmc-mulinee-1008f_s307\/#primaryimage\"},\"image\":{\"@id\":\"https:\/\/creativityshop.eu\/pl\/product\/dmc-floss-mouline-cross-stitch-amp-embroidery-satin-effect-thread-dmc-mulinee-1008f_s307\/#primaryimage\"},\"thumbnailUrl\":\"https:\/\/creativityshop.eu\/wp-content\/uploads\/2021\/11\/dmc-floss-mouline-1008f-s307.jpg\",\"datePublished\":\"2023-02-01T12:27:13+00:00\",\"dateModified\":\"2024-02-13T17:20:16+00:00\",\"breadcrumb\":{\"@id\":\"https:\/\/creativityshop.eu\/pl\/product\/dmc-floss-mouline-cross-stitch-amp-embroidery-satin-effect-thread-dmc-mulinee-1008f_s307\/#breadcrumb\"},\"inLanguage\":\"pl-PL\",\"potentialAction\":[{\"@type\":\"ReadAction\",\"target\":[\"https:\/\/creativityshop.eu\/pl\/product\/dmc-floss-mouline-cross-stitch-amp-embroidery-satin-effect-thread-dmc-mulinee-1008f_s307\/\"]}]},{\"@type\":\"ImageObject\",\"inLanguage\":\"pl-PL\",\"@id\":\"https:\/\/creativityshop.eu\/pl\/product\/dmc-floss-mouline-cross-stitch-amp-embroidery-satin-effect-thread-dmc-mulinee-1008f_s307\/#primaryimage\",\"url\":\"https:\/\/creativityshop.eu\/wp-content\/uploads\/2021\/11\/dmc-floss-mouline-1008f-s307.jpg\",\"contentUrl\":\"https:\/\/creativityshop.eu\/wp-content\/uploads\/2021\/11\/dmc-floss-mouline-1008f-s307.jpg\",\"width\":768,\"height\":768,\"caption\":\"DMC Satin Effect Thread 1008F-S307\"},{\"@type\":\"BreadcrumbList\",\"@id\":\"https:\/\/creativityshop.eu\/pl\/product\/dmc-floss-mouline-cross-stitch-amp-embroidery-satin-effect-thread-dmc-mulinee-1008f_s307\/#breadcrumb\",\"itemListElement\":[{\"@type\":\"ListItem\",\"position\":1,\"name\":\"Home\",\"item\":\"https:\/\/creativityshop.eu\/pl\/\"},{\"@type\":\"ListItem\",\"position\":2,\"name\":\"Shop\",\"item\":\"https:\/\/creativityshop.eu\/shop\/\"},{\"@type\":\"ListItem\",\"position\":3,\"name\":\"DMC Satin Floss\/Mouline Satin, Cross Stitch &amp; Satin Embroidery Thread, DMC Embroidery Floss #1008F-S307\"}]},{\"@type\":\"WebSite\",\"@id\":\"https:\/\/creativityshop.eu\/pl\/#website\",\"url\":\"https:\/\/creativityshop.eu\/pl\/\",\"name\":\"CreativityShopEU\",\"description\":\"Embroidery and jewelry components\",\"publisher\":{\"@id\":\"https:\/\/creativityshop.eu\/pl\/#organization\"},\"potentialAction\":[{\"@type\":\"SearchAction\",\"target\":{\"@type\":\"EntryPoint\",\"urlTemplate\":\"https:\/\/creativityshop.eu\/pl\/?s={search_term_string}\"},\"query-input\":{\"@type\":\"PropertyValueSpecification\",\"valueRequired\":true,\"valueName\":\"search_term_string\"}}],\"inLanguage\":\"pl-PL\"},{\"@type\":\"Organization\",\"@id\":\"https:\/\/creativityshop.eu\/pl\/#organization\",\"name\":\"Creativity Shop OU\",\"url\":\"https:\/\/creativityshop.eu\/pl\/\",\"logo\":{\"@type\":\"ImageObject\",\"inLanguage\":\"pl-PL\",\"@id\":\"https:\/\/creativityshop.eu\/pl\/#\/schema\/logo\/image\/\",\"url\":\"https:\/\/creativityshop.eu\/wp-content\/uploads\/2018\/11\/creativity_shop_logosite2.png\",\"contentUrl\":\"https:\/\/creativityshop.eu\/wp-content\/uploads\/2018\/11\/creativity_shop_logosite2.png\",\"width\":2871,\"height\":1100,\"caption\":\"Creativity Shop OU\"},\"image\":{\"@id\":\"https:\/\/creativityshop.eu\/pl\/#\/schema\/logo\/image\/\"}}]}<\/script>\n<meta property=\"product:price:amount\" content=\"1.37\" \/>\n<meta property=\"product:price:currency\" content=\"EUR\" \/>\n<meta property=\"og:availability\" content=\"instock\" \/>\n<meta property=\"product:availability\" content=\"instock\" \/>\n<meta property=\"product:retailer_item_id\" content=\"1008F-S307\" \/>\n<meta property=\"product:condition\" content=\"new\" \/>\n<!-- \/ Yoast SEO Premium plugin. -->","yoast_head_json":{"title":"DMC Satin Floss\/Mouline Satin, Cross Stitch &amp; Satin Embroidery Thread, DMC Embroidery Floss #1008F-S307 - CreativityShopEU","robots":{"index":"noindex","follow":"follow"},"og_locale":"pl_PL","og_type":"article","og_title":"DMC Satin Floss\/Mouline Satin, Cross Stitch &amp; Satin Embroidery Thread, DMC Embroidery Floss #1008F-S307","og_description":"DMC Floss (Mouline) - the world's most famous and popular cross stitch and embroidery thread.  Color No: 307 (Lemon) Length: 8 meters (8.7 yards)\/6 strands Material: 100% viscose Origin: France Price for 1 skein","og_url":"https:\/\/creativityshop.eu\/pl\/product\/dmc-floss-mouline-cross-stitch-amp-embroidery-satin-effect-thread-dmc-mulinee-1008f_s307\/","og_site_name":"CreativityShopEU","article_modified_time":"2024-02-13T17:20:16+00:00","og_image":[{"width":768,"height":768,"url":"https:\/\/creativityshop.eu\/wp-content\/uploads\/2021\/11\/dmc-floss-mouline-1008f-s307.jpg","type":"image\/jpeg"}],"twitter_card":"summary_large_image","twitter_misc":{"Cena":"&euro;1.37","Dost\u0119pno\u015b\u0107":"Dost\u0119pny"},"schema":{"@context":"https:\/\/schema.org","@graph":[{"@type":"WebPage","@id":"https:\/\/creativityshop.eu\/pl\/product\/dmc-floss-mouline-cross-stitch-amp-embroidery-satin-effect-thread-dmc-mulinee-1008f_s307\/","url":"https:\/\/creativityshop.eu\/pl\/product\/dmc-floss-mouline-cross-stitch-amp-embroidery-satin-effect-thread-dmc-mulinee-1008f_s307\/","name":"DMC Satin Floss\/Mouline Satin, Cross Stitch &amp; Satin Embroidery Thread, DMC Embroidery Floss #1008F-S307 - CreativityShopEU","isPartOf":{"@id":"https:\/\/creativityshop.eu\/pl\/#website"},"primaryImageOfPage":{"@id":"https:\/\/creativityshop.eu\/pl\/product\/dmc-floss-mouline-cross-stitch-amp-embroidery-satin-effect-thread-dmc-mulinee-1008f_s307\/#primaryimage"},"image":{"@id":"https:\/\/creativityshop.eu\/pl\/product\/dmc-floss-mouline-cross-stitch-amp-embroidery-satin-effect-thread-dmc-mulinee-1008f_s307\/#primaryimage"},"thumbnailUrl":"https:\/\/creativityshop.eu\/wp-content\/uploads\/2021\/11\/dmc-floss-mouline-1008f-s307.jpg","datePublished":"2023-02-01T12:27:13+00:00","dateModified":"2024-02-13T17:20:16+00:00","breadcrumb":{"@id":"https:\/\/creativityshop.eu\/pl\/product\/dmc-floss-mouline-cross-stitch-amp-embroidery-satin-effect-thread-dmc-mulinee-1008f_s307\/#breadcrumb"},"inLanguage":"pl-PL","potentialAction":[{"@type":"ReadAction","target":["https:\/\/creativityshop.eu\/pl\/product\/dmc-floss-mouline-cross-stitch-amp-embroidery-satin-effect-thread-dmc-mulinee-1008f_s307\/"]}]},{"@type":"ImageObject","inLanguage":"pl-PL","@id":"https:\/\/creativityshop.eu\/pl\/product\/dmc-floss-mouline-cross-stitch-amp-embroidery-satin-effect-thread-dmc-mulinee-1008f_s307\/#primaryimage","url":"https:\/\/creativityshop.eu\/wp-content\/uploads\/2021\/11\/dmc-floss-mouline-1008f-s307.jpg","contentUrl":"https:\/\/creativityshop.eu\/wp-content\/uploads\/2021\/11\/dmc-floss-mouline-1008f-s307.jpg","width":768,"height":768,"caption":"DMC Satin Effect Thread 1008F-S307"},{"@type":"BreadcrumbList","@id":"https:\/\/creativityshop.eu\/pl\/product\/dmc-floss-mouline-cross-stitch-amp-embroidery-satin-effect-thread-dmc-mulinee-1008f_s307\/#breadcrumb","itemListElement":[{"@type":"ListItem","position":1,"name":"Home","item":"https:\/\/creativityshop.eu\/pl\/"},{"@type":"ListItem","position":2,"name":"Shop","item":"https:\/\/creativityshop.eu\/shop\/"},{"@type":"ListItem","position":3,"name":"DMC Satin Floss\/Mouline Satin, Cross Stitch &amp; Satin Embroidery Thread, DMC Embroidery Floss #1008F-S307"}]},{"@type":"WebSite","@id":"https:\/\/creativityshop.eu\/pl\/#website","url":"https:\/\/creativityshop.eu\/pl\/","name":"CreativityShopEU","description":"Embroidery and jewelry components","publisher":{"@id":"https:\/\/creativityshop.eu\/pl\/#organization"},"potentialAction":[{"@type":"SearchAction","target":{"@type":"EntryPoint","urlTemplate":"https:\/\/creativityshop.eu\/pl\/?s={search_term_string}"},"query-input":{"@type":"PropertyValueSpecification","valueRequired":true,"valueName":"search_term_string"}}],"inLanguage":"pl-PL"},{"@type":"Organization","@id":"https:\/\/creativityshop.eu\/pl\/#organization","name":"Creativity Shop OU","url":"https:\/\/creativityshop.eu\/pl\/","logo":{"@type":"ImageObject","inLanguage":"pl-PL","@id":"https:\/\/creativityshop.eu\/pl\/#\/schema\/logo\/image\/","url":"https:\/\/creativityshop.eu\/wp-content\/uploads\/2018\/11\/creativity_shop_logosite2.png","contentUrl":"https:\/\/creativityshop.eu\/wp-content\/uploads\/2018\/11\/creativity_shop_logosite2.png","width":2871,"height":1100,"caption":"Creativity Shop OU"},"image":{"@id":"https:\/\/creativityshop.eu\/pl\/#\/schema\/logo\/image\/"}}]},"product_price_amount":"1.37","product_price_currency":"EUR","og_availability":"instock","product_availability":"instock","product_retailer_item_id":"1008F-S307","product_condition":"new"},"_links":{"self":[{"href":"https:\/\/creativityshop.eu\/pl\/wp-json\/wp\/v2\/product\/32634","targetHints":{"allow":["GET"]}}],"collection":[{"href":"https:\/\/creativityshop.eu\/pl\/wp-json\/wp\/v2\/product"}],"about":[{"href":"https:\/\/creativityshop.eu\/pl\/wp-json\/wp\/v2\/types\/product"}],"wp:featuredmedia":[{"embeddable":true,"href":"https:\/\/creativityshop.eu\/pl\/wp-json\/wp\/v2\/media\/29426"}],"wp:attachment":[{"href":"https:\/\/creativityshop.eu\/pl\/wp-json\/wp\/v2\/media?parent=32634"}],"wp:term":[{"taxonomy":"product_brand","embeddable":true,"href":"https:\/\/creativityshop.eu\/pl\/wp-json\/wp\/v2\/product_brand?post=32634"},{"taxonomy":"product_cat","embeddable":true,"href":"https:\/\/creativityshop.eu\/pl\/wp-json\/wp\/v2\/product_cat?post=32634"},{"taxonomy":"product_tag","embeddable":true,"href":"https:\/\/creativityshop.eu\/pl\/wp-json\/wp\/v2\/product_tag?post=32634"}],"curies":[{"name":"wp","href":"https:\/\/api.w.org\/{rel}","templated":true}]}}