{"id":31365,"date":"2022-05-01T20:58:14","date_gmt":"2022-05-01T17:58:14","guid":{"rendered":"https:\/\/creativityshop.eu\/?post_type=product&#038;p=31365"},"modified":"2026-01-28T01:56:48","modified_gmt":"2026-01-27T22:56:48","slug":"clasp-crab-claw-anchor-tail-drop-pendant-silver-gold-plated-7x15x65-mm","status":"publish","type":"product","link":"https:\/\/creativityshop.eu\/pl\/product\/clasp-crab-claw-anchor-tail-drop-pendant-silver-gold-plated-7x15x65-mm\/","title":{"rendered":"Clasp, Crab Claw, Anchor Tail, Drop Pendant, Silver\/Gold Plated, 7x15x65 mm"},"content":{"rendered":"<p><strong>High-quality brass crab claw clasp with anchor chain tail and the &#8222;Drop&#8221; Pendant<\/strong><br \/>\nHypoallergenic. No lead.<\/p>\n<p>Material: Brass<br \/>\nPlating: Rhodium\/Gold<br \/>\nType: Crab Claw, Chain Tail, Drop Pendant<br \/>\nClasp Size: 7&#215;15 mm<br \/>\nTail size: 50 mm<br \/>\nTotal length: 65 mm<br \/>\nPrice for 1 pcs<\/p>\n<p>This product is a part of the Creativity Shop range of pendant findings that we are always happy to deliver you.<br \/>\nProduct images are for illustrative purposes only and may differ from the actual product. Due to differences in monitors and lightening, colors of products may also appear different to those shown on the site.<\/p>\n","protected":false},"excerpt":{"rendered":"<p><strong>High quality brass crab claw clasp with anchor chain tail and the &#8222;drop&#8221; Pendant<\/strong><br \/>\nHypoallergenic. No lead.<\/p>\n<p>Material: Brass<br \/>\nPlating: Rhodium\/Gold<br \/>\nType: Crab Claw, Chain Tail, Drop Pendant<br \/>\nClasp Size: 7&#215;15 mm<br \/>\nTail size: 50 mm<br \/>\nTotal length: 65 mm<br \/>\nPrice for 1 pcs<\/p>\n","protected":false},"featured_media":31079,"template":"","meta":{"_acf_changed":false,"_exactmetrics_skip_tracking":false,"_exactmetrics_sitenote_active":false,"_exactmetrics_sitenote_note":"","_exactmetrics_sitenote_category":0},"product_brand":[],"product_cat":[961,43],"product_tag":[],"class_list":{"0":"post-31365","1":"product","2":"type-product","3":"status-publish","4":"has-post-thumbnail","6":"product_cat-clasps-clamps-closures","7":"product_cat-jewelry-components","9":"first","10":"outofstock","11":"taxable","12":"shipping-taxable","13":"product-type-variable","14":"wvs-archive-product-wrapper","15":"add-to-wishlist-after_add_to_cart"},"acf":[],"yoast_head":"<!-- This site is optimized with the Yoast SEO Premium plugin v27.0 (Yoast SEO v27.0) - https:\/\/yoast.com\/product\/yoast-seo-premium-wordpress\/ -->\n<title>Clasp, Crab Claw, Anchor Tail, Drop Pendant, Silver\/Gold Plated, 7x15x65 mm - CreativityShopEU<\/title>\n<meta name=\"robots\" content=\"noindex, follow\" \/>\n<meta property=\"og:locale\" content=\"pl_PL\" \/>\n<meta property=\"og:type\" content=\"article\" \/>\n<meta property=\"og:title\" content=\"Clasp, Crab Claw, Anchor Tail, Drop Pendant, Silver\/Gold Plated, 7x15x65 mm\" \/>\n<meta property=\"og:description\" content=\"High quality brass crab claw clasp with anchor chain tail and the &quot;drop&quot; Pendant Hypoallergenic. No lead.  Material: Brass Plating: Rhodium\/Gold Type: Crab Claw, Chain Tail, Drop Pendant Clasp Size: 7x15 mm Tail size: 50 mm Total length: 65 mm Price for 1 pcs\" \/>\n<meta property=\"og:url\" content=\"https:\/\/creativityshop.eu\/pl\/product\/clasp-crab-claw-anchor-tail-drop-pendant-silver-gold-plated-7x15x65-mm\/\" \/>\n<meta property=\"og:site_name\" content=\"CreativityShopEU\" \/>\n<meta property=\"article:modified_time\" content=\"2026-01-27T22:56:48+00:00\" \/>\n<meta property=\"og:image\" content=\"https:\/\/creativityshop.eu\/wp-content\/uploads\/2022\/04\/crab-claw-anchor-tail-drop-jcc007-jcc008-jcc009-jcc010-jcc011-jcc012.jpg\" \/>\n\t<meta property=\"og:image:width\" content=\"768\" \/>\n\t<meta property=\"og:image:height\" content=\"768\" \/>\n\t<meta property=\"og:image:type\" content=\"image\/jpeg\" \/>\n<meta name=\"twitter:card\" content=\"summary_large_image\" \/>\n<meta name=\"twitter:label1\" content=\"Dost\u0119pno\u015b\u0107\" \/>\n\t<meta name=\"twitter:data1\" content=\"Brak w magazynie\" \/>\n<script type=\"application\/ld+json\" class=\"yoast-schema-graph\">{\"@context\":\"https:\/\/schema.org\",\"@graph\":[{\"@type\":\"WebPage\",\"@id\":\"https:\/\/creativityshop.eu\/pl\/product\/clasp-crab-claw-anchor-tail-drop-pendant-silver-gold-plated-7x15x65-mm\/\",\"url\":\"https:\/\/creativityshop.eu\/pl\/product\/clasp-crab-claw-anchor-tail-drop-pendant-silver-gold-plated-7x15x65-mm\/\",\"name\":\"Clasp, Crab Claw, Anchor Tail, Drop Pendant, Silver\/Gold Plated, 7x15x65 mm - CreativityShopEU\",\"isPartOf\":{\"@id\":\"https:\/\/creativityshop.eu\/pl\/#website\"},\"primaryImageOfPage\":{\"@id\":\"https:\/\/creativityshop.eu\/pl\/product\/clasp-crab-claw-anchor-tail-drop-pendant-silver-gold-plated-7x15x65-mm\/#primaryimage\"},\"image\":{\"@id\":\"https:\/\/creativityshop.eu\/pl\/product\/clasp-crab-claw-anchor-tail-drop-pendant-silver-gold-plated-7x15x65-mm\/#primaryimage\"},\"thumbnailUrl\":\"https:\/\/creativityshop.eu\/wp-content\/uploads\/2022\/04\/crab-claw-anchor-tail-drop-jcc007-jcc008-jcc009-jcc010-jcc011-jcc012.jpg\",\"datePublished\":\"2022-05-01T17:58:14+00:00\",\"dateModified\":\"2026-01-27T22:56:48+00:00\",\"breadcrumb\":{\"@id\":\"https:\/\/creativityshop.eu\/pl\/product\/clasp-crab-claw-anchor-tail-drop-pendant-silver-gold-plated-7x15x65-mm\/#breadcrumb\"},\"inLanguage\":\"pl-PL\",\"potentialAction\":[{\"@type\":\"ReadAction\",\"target\":[\"https:\/\/creativityshop.eu\/pl\/product\/clasp-crab-claw-anchor-tail-drop-pendant-silver-gold-plated-7x15x65-mm\/\"]}]},{\"@type\":\"ImageObject\",\"inLanguage\":\"pl-PL\",\"@id\":\"https:\/\/creativityshop.eu\/pl\/product\/clasp-crab-claw-anchor-tail-drop-pendant-silver-gold-plated-7x15x65-mm\/#primaryimage\",\"url\":\"https:\/\/creativityshop.eu\/wp-content\/uploads\/2022\/04\/crab-claw-anchor-tail-drop-jcc007-jcc008-jcc009-jcc010-jcc011-jcc012.jpg\",\"contentUrl\":\"https:\/\/creativityshop.eu\/wp-content\/uploads\/2022\/04\/crab-claw-anchor-tail-drop-jcc007-jcc008-jcc009-jcc010-jcc011-jcc012.jpg\",\"width\":768,\"height\":768,\"caption\":\"Crab Claw, Anchor Tail, Drop JCC007, JCC008, JCC009, JCC010, JCC011, JCC012\"},{\"@type\":\"BreadcrumbList\",\"@id\":\"https:\/\/creativityshop.eu\/pl\/product\/clasp-crab-claw-anchor-tail-drop-pendant-silver-gold-plated-7x15x65-mm\/#breadcrumb\",\"itemListElement\":[{\"@type\":\"ListItem\",\"position\":1,\"name\":\"Home\",\"item\":\"https:\/\/creativityshop.eu\/pl\/\"},{\"@type\":\"ListItem\",\"position\":2,\"name\":\"Shop\",\"item\":\"https:\/\/creativityshop.eu\/shop\/\"},{\"@type\":\"ListItem\",\"position\":3,\"name\":\"Clasp, Crab Claw, Anchor Tail, Drop Pendant, Silver\/Gold Plated, 7x15x65 mm\"}]},{\"@type\":\"WebSite\",\"@id\":\"https:\/\/creativityshop.eu\/pl\/#website\",\"url\":\"https:\/\/creativityshop.eu\/pl\/\",\"name\":\"CreativityShopEU\",\"description\":\"Embroidery and jewelry components\",\"publisher\":{\"@id\":\"https:\/\/creativityshop.eu\/pl\/#organization\"},\"potentialAction\":[{\"@type\":\"SearchAction\",\"target\":{\"@type\":\"EntryPoint\",\"urlTemplate\":\"https:\/\/creativityshop.eu\/pl\/?s={search_term_string}\"},\"query-input\":{\"@type\":\"PropertyValueSpecification\",\"valueRequired\":true,\"valueName\":\"search_term_string\"}}],\"inLanguage\":\"pl-PL\"},{\"@type\":\"Organization\",\"@id\":\"https:\/\/creativityshop.eu\/pl\/#organization\",\"name\":\"Creativity Shop OU\",\"url\":\"https:\/\/creativityshop.eu\/pl\/\",\"logo\":{\"@type\":\"ImageObject\",\"inLanguage\":\"pl-PL\",\"@id\":\"https:\/\/creativityshop.eu\/pl\/#\/schema\/logo\/image\/\",\"url\":\"https:\/\/creativityshop.eu\/wp-content\/uploads\/2018\/11\/creativity_shop_logosite2.png\",\"contentUrl\":\"https:\/\/creativityshop.eu\/wp-content\/uploads\/2018\/11\/creativity_shop_logosite2.png\",\"width\":2871,\"height\":1100,\"caption\":\"Creativity Shop OU\"},\"image\":{\"@id\":\"https:\/\/creativityshop.eu\/pl\/#\/schema\/logo\/image\/\"}}]}<\/script>\n<meta property=\"og:availability\" content=\"out of stock\" \/>\n<meta property=\"product:availability\" content=\"out of stock\" \/>\n<meta property=\"product:condition\" content=\"new\" \/>\n<!-- \/ Yoast SEO Premium plugin. -->","yoast_head_json":{"title":"Clasp, Crab Claw, Anchor Tail, Drop Pendant, Silver\/Gold Plated, 7x15x65 mm - CreativityShopEU","robots":{"index":"noindex","follow":"follow"},"og_locale":"pl_PL","og_type":"article","og_title":"Clasp, Crab Claw, Anchor Tail, Drop Pendant, Silver\/Gold Plated, 7x15x65 mm","og_description":"High quality brass crab claw clasp with anchor chain tail and the \"drop\" Pendant Hypoallergenic. No lead.  Material: Brass Plating: Rhodium\/Gold Type: Crab Claw, Chain Tail, Drop Pendant Clasp Size: 7x15 mm Tail size: 50 mm Total length: 65 mm Price for 1 pcs","og_url":"https:\/\/creativityshop.eu\/pl\/product\/clasp-crab-claw-anchor-tail-drop-pendant-silver-gold-plated-7x15x65-mm\/","og_site_name":"CreativityShopEU","article_modified_time":"2026-01-27T22:56:48+00:00","og_image":[{"width":768,"height":768,"url":"https:\/\/creativityshop.eu\/wp-content\/uploads\/2022\/04\/crab-claw-anchor-tail-drop-jcc007-jcc008-jcc009-jcc010-jcc011-jcc012.jpg","type":"image\/jpeg"}],"twitter_card":"summary_large_image","twitter_misc":{"Dost\u0119pno\u015b\u0107":"Brak w magazynie"},"schema":{"@context":"https:\/\/schema.org","@graph":[{"@type":"WebPage","@id":"https:\/\/creativityshop.eu\/pl\/product\/clasp-crab-claw-anchor-tail-drop-pendant-silver-gold-plated-7x15x65-mm\/","url":"https:\/\/creativityshop.eu\/pl\/product\/clasp-crab-claw-anchor-tail-drop-pendant-silver-gold-plated-7x15x65-mm\/","name":"Clasp, Crab Claw, Anchor Tail, Drop Pendant, Silver\/Gold Plated, 7x15x65 mm - CreativityShopEU","isPartOf":{"@id":"https:\/\/creativityshop.eu\/pl\/#website"},"primaryImageOfPage":{"@id":"https:\/\/creativityshop.eu\/pl\/product\/clasp-crab-claw-anchor-tail-drop-pendant-silver-gold-plated-7x15x65-mm\/#primaryimage"},"image":{"@id":"https:\/\/creativityshop.eu\/pl\/product\/clasp-crab-claw-anchor-tail-drop-pendant-silver-gold-plated-7x15x65-mm\/#primaryimage"},"thumbnailUrl":"https:\/\/creativityshop.eu\/wp-content\/uploads\/2022\/04\/crab-claw-anchor-tail-drop-jcc007-jcc008-jcc009-jcc010-jcc011-jcc012.jpg","datePublished":"2022-05-01T17:58:14+00:00","dateModified":"2026-01-27T22:56:48+00:00","breadcrumb":{"@id":"https:\/\/creativityshop.eu\/pl\/product\/clasp-crab-claw-anchor-tail-drop-pendant-silver-gold-plated-7x15x65-mm\/#breadcrumb"},"inLanguage":"pl-PL","potentialAction":[{"@type":"ReadAction","target":["https:\/\/creativityshop.eu\/pl\/product\/clasp-crab-claw-anchor-tail-drop-pendant-silver-gold-plated-7x15x65-mm\/"]}]},{"@type":"ImageObject","inLanguage":"pl-PL","@id":"https:\/\/creativityshop.eu\/pl\/product\/clasp-crab-claw-anchor-tail-drop-pendant-silver-gold-plated-7x15x65-mm\/#primaryimage","url":"https:\/\/creativityshop.eu\/wp-content\/uploads\/2022\/04\/crab-claw-anchor-tail-drop-jcc007-jcc008-jcc009-jcc010-jcc011-jcc012.jpg","contentUrl":"https:\/\/creativityshop.eu\/wp-content\/uploads\/2022\/04\/crab-claw-anchor-tail-drop-jcc007-jcc008-jcc009-jcc010-jcc011-jcc012.jpg","width":768,"height":768,"caption":"Crab Claw, Anchor Tail, Drop JCC007, JCC008, JCC009, JCC010, JCC011, JCC012"},{"@type":"BreadcrumbList","@id":"https:\/\/creativityshop.eu\/pl\/product\/clasp-crab-claw-anchor-tail-drop-pendant-silver-gold-plated-7x15x65-mm\/#breadcrumb","itemListElement":[{"@type":"ListItem","position":1,"name":"Home","item":"https:\/\/creativityshop.eu\/pl\/"},{"@type":"ListItem","position":2,"name":"Shop","item":"https:\/\/creativityshop.eu\/shop\/"},{"@type":"ListItem","position":3,"name":"Clasp, Crab Claw, Anchor Tail, Drop Pendant, Silver\/Gold Plated, 7x15x65 mm"}]},{"@type":"WebSite","@id":"https:\/\/creativityshop.eu\/pl\/#website","url":"https:\/\/creativityshop.eu\/pl\/","name":"CreativityShopEU","description":"Embroidery and jewelry components","publisher":{"@id":"https:\/\/creativityshop.eu\/pl\/#organization"},"potentialAction":[{"@type":"SearchAction","target":{"@type":"EntryPoint","urlTemplate":"https:\/\/creativityshop.eu\/pl\/?s={search_term_string}"},"query-input":{"@type":"PropertyValueSpecification","valueRequired":true,"valueName":"search_term_string"}}],"inLanguage":"pl-PL"},{"@type":"Organization","@id":"https:\/\/creativityshop.eu\/pl\/#organization","name":"Creativity Shop OU","url":"https:\/\/creativityshop.eu\/pl\/","logo":{"@type":"ImageObject","inLanguage":"pl-PL","@id":"https:\/\/creativityshop.eu\/pl\/#\/schema\/logo\/image\/","url":"https:\/\/creativityshop.eu\/wp-content\/uploads\/2018\/11\/creativity_shop_logosite2.png","contentUrl":"https:\/\/creativityshop.eu\/wp-content\/uploads\/2018\/11\/creativity_shop_logosite2.png","width":2871,"height":1100,"caption":"Creativity Shop OU"},"image":{"@id":"https:\/\/creativityshop.eu\/pl\/#\/schema\/logo\/image\/"}}]},"og_availability":"out of stock","product_availability":"out of stock","product_condition":"new"},"_links":{"self":[{"href":"https:\/\/creativityshop.eu\/pl\/wp-json\/wp\/v2\/product\/31365","targetHints":{"allow":["GET"]}}],"collection":[{"href":"https:\/\/creativityshop.eu\/pl\/wp-json\/wp\/v2\/product"}],"about":[{"href":"https:\/\/creativityshop.eu\/pl\/wp-json\/wp\/v2\/types\/product"}],"wp:featuredmedia":[{"embeddable":true,"href":"https:\/\/creativityshop.eu\/pl\/wp-json\/wp\/v2\/media\/31079"}],"wp:attachment":[{"href":"https:\/\/creativityshop.eu\/pl\/wp-json\/wp\/v2\/media?parent=31365"}],"wp:term":[{"taxonomy":"product_brand","embeddable":true,"href":"https:\/\/creativityshop.eu\/pl\/wp-json\/wp\/v2\/product_brand?post=31365"},{"taxonomy":"product_cat","embeddable":true,"href":"https:\/\/creativityshop.eu\/pl\/wp-json\/wp\/v2\/product_cat?post=31365"},{"taxonomy":"product_tag","embeddable":true,"href":"https:\/\/creativityshop.eu\/pl\/wp-json\/wp\/v2\/product_tag?post=31365"}],"curies":[{"name":"wp","href":"https:\/\/api.w.org\/{rel}","templated":true}]}}