{"id":31320,"date":"2022-04-21T15:29:56","date_gmt":"2022-04-21T12:29:56","guid":{"rendered":"https:\/\/creativityshop.eu\/?post_type=product&#038;p=31320"},"modified":"2026-01-28T02:30:12","modified_gmt":"2026-01-27T23:30:12","slug":"split-rings-gold-rhodium-plating-premium-quality-6-mm-pack-of-10","status":"publish","type":"product","link":"https:\/\/creativityshop.eu\/pl\/product\/split-rings-gold-rhodium-plating-premium-quality-6-mm-pack-of-10\/","title":{"rendered":"Split Rings Gold\/Rhodium Plating, Premium Quality, 6 mm, Pack of 10"},"content":{"rendered":"<h3>Premium Quality Split Rings, pack of 10 pcs<\/h3>\n<p>Plating: Gold\/Rhodium<br \/>\nMaterial: Brass<br \/>\nSize: 6mm<br \/>\nPrice for 10 pcs<\/p>\n<p>Silver\/Gold coloured brass split rings from the range of jewellery findings, which includes the most popular items in various finishes.<\/p>\n<p>Product images are for illustrative purposes only and may differ from the actual product. Due to differences in monitors and lightening, colors of products may also appear different to those shown on the site.<\/p>\n","protected":false},"excerpt":{"rendered":"<p><strong>Premium Quality Split Rings, pack of 10 pcs<\/strong><\/p>\n<p>Plating: Gold\/Rhodium<br \/>\nMaterial: Brass<br \/>\nSize: 6mm<br \/>\nPrice for 10 pcs<\/p>\n","protected":false},"featured_media":31103,"template":"","meta":{"_acf_changed":false,"_exactmetrics_skip_tracking":false,"_exactmetrics_sitenote_active":false,"_exactmetrics_sitenote_note":"","_exactmetrics_sitenote_category":0},"product_brand":[],"product_cat":[43,417],"product_tag":[],"class_list":{"0":"post-31320","1":"product","2":"type-product","3":"status-publish","4":"has-post-thumbnail","6":"product_cat-jewelry-components","7":"product_cat-jump-amp-split-rings","9":"first","10":"outofstock","11":"taxable","12":"shipping-taxable","13":"product-type-variable","14":"wvs-archive-product-wrapper","15":"add-to-wishlist-after_add_to_cart"},"acf":[],"yoast_head":"<!-- This site is optimized with the Yoast SEO Premium plugin v27.0 (Yoast SEO v27.0) - https:\/\/yoast.com\/product\/yoast-seo-premium-wordpress\/ -->\n<title>Split Rings Gold\/Rhodium Plating, Premium Quality, 6 mm, Pack of 10 - CreativityShopEU<\/title>\n<meta name=\"robots\" content=\"noindex, follow\" \/>\n<meta property=\"og:locale\" content=\"pl_PL\" \/>\n<meta property=\"og:type\" content=\"article\" \/>\n<meta property=\"og:title\" content=\"Split Rings Gold\/Rhodium Plating, Premium Quality, 6 mm, Pack of 10\" \/>\n<meta property=\"og:description\" content=\"Premium Quality Split Rings, pack of 10 pcs  Plating: Gold\/Rhodium Material: Brass Size: 6mm Price for 10 pcs\" \/>\n<meta property=\"og:url\" content=\"https:\/\/creativityshop.eu\/pl\/product\/split-rings-gold-rhodium-plating-premium-quality-6-mm-pack-of-10\/\" \/>\n<meta property=\"og:site_name\" content=\"CreativityShopEU\" \/>\n<meta property=\"article:modified_time\" content=\"2026-01-27T23:30:12+00:00\" \/>\n<meta property=\"og:image\" content=\"https:\/\/creativityshop.eu\/wp-content\/uploads\/2022\/04\/split-rings-rhodium-sri01.jpg\" \/>\n\t<meta property=\"og:image:width\" content=\"768\" \/>\n\t<meta property=\"og:image:height\" content=\"768\" \/>\n\t<meta property=\"og:image:type\" content=\"image\/jpeg\" \/>\n<meta name=\"twitter:card\" content=\"summary_large_image\" \/>\n<meta name=\"twitter:label1\" content=\"Dost\u0119pno\u015b\u0107\" \/>\n\t<meta name=\"twitter:data1\" content=\"Brak w magazynie\" \/>\n<script type=\"application\/ld+json\" class=\"yoast-schema-graph\">{\"@context\":\"https:\/\/schema.org\",\"@graph\":[{\"@type\":\"WebPage\",\"@id\":\"https:\/\/creativityshop.eu\/pl\/product\/split-rings-gold-rhodium-plating-premium-quality-6-mm-pack-of-10\/\",\"url\":\"https:\/\/creativityshop.eu\/pl\/product\/split-rings-gold-rhodium-plating-premium-quality-6-mm-pack-of-10\/\",\"name\":\"Split Rings Gold\/Rhodium Plating, Premium Quality, 6 mm, Pack of 10 - CreativityShopEU\",\"isPartOf\":{\"@id\":\"https:\/\/creativityshop.eu\/pl\/#website\"},\"primaryImageOfPage\":{\"@id\":\"https:\/\/creativityshop.eu\/pl\/product\/split-rings-gold-rhodium-plating-premium-quality-6-mm-pack-of-10\/#primaryimage\"},\"image\":{\"@id\":\"https:\/\/creativityshop.eu\/pl\/product\/split-rings-gold-rhodium-plating-premium-quality-6-mm-pack-of-10\/#primaryimage\"},\"thumbnailUrl\":\"https:\/\/creativityshop.eu\/wp-content\/uploads\/2022\/04\/split-rings-rhodium-sri01.jpg\",\"datePublished\":\"2022-04-21T12:29:56+00:00\",\"dateModified\":\"2026-01-27T23:30:12+00:00\",\"breadcrumb\":{\"@id\":\"https:\/\/creativityshop.eu\/pl\/product\/split-rings-gold-rhodium-plating-premium-quality-6-mm-pack-of-10\/#breadcrumb\"},\"inLanguage\":\"pl-PL\",\"potentialAction\":[{\"@type\":\"ReadAction\",\"target\":[\"https:\/\/creativityshop.eu\/pl\/product\/split-rings-gold-rhodium-plating-premium-quality-6-mm-pack-of-10\/\"]}]},{\"@type\":\"ImageObject\",\"inLanguage\":\"pl-PL\",\"@id\":\"https:\/\/creativityshop.eu\/pl\/product\/split-rings-gold-rhodium-plating-premium-quality-6-mm-pack-of-10\/#primaryimage\",\"url\":\"https:\/\/creativityshop.eu\/wp-content\/uploads\/2022\/04\/split-rings-rhodium-sri01.jpg\",\"contentUrl\":\"https:\/\/creativityshop.eu\/wp-content\/uploads\/2022\/04\/split-rings-rhodium-sri01.jpg\",\"width\":768,\"height\":768,\"caption\":\"Split Rings Rhodium SRI01\"},{\"@type\":\"BreadcrumbList\",\"@id\":\"https:\/\/creativityshop.eu\/pl\/product\/split-rings-gold-rhodium-plating-premium-quality-6-mm-pack-of-10\/#breadcrumb\",\"itemListElement\":[{\"@type\":\"ListItem\",\"position\":1,\"name\":\"Home\",\"item\":\"https:\/\/creativityshop.eu\/pl\/\"},{\"@type\":\"ListItem\",\"position\":2,\"name\":\"Shop\",\"item\":\"https:\/\/creativityshop.eu\/shop\/\"},{\"@type\":\"ListItem\",\"position\":3,\"name\":\"Split Rings Gold\/Rhodium Plating, Premium Quality, 6 mm, Pack of 10\"}]},{\"@type\":\"WebSite\",\"@id\":\"https:\/\/creativityshop.eu\/pl\/#website\",\"url\":\"https:\/\/creativityshop.eu\/pl\/\",\"name\":\"CreativityShopEU\",\"description\":\"Embroidery and jewelry components\",\"publisher\":{\"@id\":\"https:\/\/creativityshop.eu\/pl\/#organization\"},\"potentialAction\":[{\"@type\":\"SearchAction\",\"target\":{\"@type\":\"EntryPoint\",\"urlTemplate\":\"https:\/\/creativityshop.eu\/pl\/?s={search_term_string}\"},\"query-input\":{\"@type\":\"PropertyValueSpecification\",\"valueRequired\":true,\"valueName\":\"search_term_string\"}}],\"inLanguage\":\"pl-PL\"},{\"@type\":\"Organization\",\"@id\":\"https:\/\/creativityshop.eu\/pl\/#organization\",\"name\":\"Creativity Shop OU\",\"url\":\"https:\/\/creativityshop.eu\/pl\/\",\"logo\":{\"@type\":\"ImageObject\",\"inLanguage\":\"pl-PL\",\"@id\":\"https:\/\/creativityshop.eu\/pl\/#\/schema\/logo\/image\/\",\"url\":\"https:\/\/creativityshop.eu\/wp-content\/uploads\/2018\/11\/creativity_shop_logosite2.png\",\"contentUrl\":\"https:\/\/creativityshop.eu\/wp-content\/uploads\/2018\/11\/creativity_shop_logosite2.png\",\"width\":2871,\"height\":1100,\"caption\":\"Creativity Shop OU\"},\"image\":{\"@id\":\"https:\/\/creativityshop.eu\/pl\/#\/schema\/logo\/image\/\"}}]}<\/script>\n<meta property=\"og:availability\" content=\"out of stock\" \/>\n<meta property=\"product:availability\" content=\"out of stock\" \/>\n<meta property=\"product:condition\" content=\"new\" \/>\n<!-- \/ Yoast SEO Premium plugin. -->","yoast_head_json":{"title":"Split Rings Gold\/Rhodium Plating, Premium Quality, 6 mm, Pack of 10 - CreativityShopEU","robots":{"index":"noindex","follow":"follow"},"og_locale":"pl_PL","og_type":"article","og_title":"Split Rings Gold\/Rhodium Plating, Premium Quality, 6 mm, Pack of 10","og_description":"Premium Quality Split Rings, pack of 10 pcs  Plating: Gold\/Rhodium Material: Brass Size: 6mm Price for 10 pcs","og_url":"https:\/\/creativityshop.eu\/pl\/product\/split-rings-gold-rhodium-plating-premium-quality-6-mm-pack-of-10\/","og_site_name":"CreativityShopEU","article_modified_time":"2026-01-27T23:30:12+00:00","og_image":[{"width":768,"height":768,"url":"https:\/\/creativityshop.eu\/wp-content\/uploads\/2022\/04\/split-rings-rhodium-sri01.jpg","type":"image\/jpeg"}],"twitter_card":"summary_large_image","twitter_misc":{"Dost\u0119pno\u015b\u0107":"Brak w magazynie"},"schema":{"@context":"https:\/\/schema.org","@graph":[{"@type":"WebPage","@id":"https:\/\/creativityshop.eu\/pl\/product\/split-rings-gold-rhodium-plating-premium-quality-6-mm-pack-of-10\/","url":"https:\/\/creativityshop.eu\/pl\/product\/split-rings-gold-rhodium-plating-premium-quality-6-mm-pack-of-10\/","name":"Split Rings Gold\/Rhodium Plating, Premium Quality, 6 mm, Pack of 10 - CreativityShopEU","isPartOf":{"@id":"https:\/\/creativityshop.eu\/pl\/#website"},"primaryImageOfPage":{"@id":"https:\/\/creativityshop.eu\/pl\/product\/split-rings-gold-rhodium-plating-premium-quality-6-mm-pack-of-10\/#primaryimage"},"image":{"@id":"https:\/\/creativityshop.eu\/pl\/product\/split-rings-gold-rhodium-plating-premium-quality-6-mm-pack-of-10\/#primaryimage"},"thumbnailUrl":"https:\/\/creativityshop.eu\/wp-content\/uploads\/2022\/04\/split-rings-rhodium-sri01.jpg","datePublished":"2022-04-21T12:29:56+00:00","dateModified":"2026-01-27T23:30:12+00:00","breadcrumb":{"@id":"https:\/\/creativityshop.eu\/pl\/product\/split-rings-gold-rhodium-plating-premium-quality-6-mm-pack-of-10\/#breadcrumb"},"inLanguage":"pl-PL","potentialAction":[{"@type":"ReadAction","target":["https:\/\/creativityshop.eu\/pl\/product\/split-rings-gold-rhodium-plating-premium-quality-6-mm-pack-of-10\/"]}]},{"@type":"ImageObject","inLanguage":"pl-PL","@id":"https:\/\/creativityshop.eu\/pl\/product\/split-rings-gold-rhodium-plating-premium-quality-6-mm-pack-of-10\/#primaryimage","url":"https:\/\/creativityshop.eu\/wp-content\/uploads\/2022\/04\/split-rings-rhodium-sri01.jpg","contentUrl":"https:\/\/creativityshop.eu\/wp-content\/uploads\/2022\/04\/split-rings-rhodium-sri01.jpg","width":768,"height":768,"caption":"Split Rings Rhodium SRI01"},{"@type":"BreadcrumbList","@id":"https:\/\/creativityshop.eu\/pl\/product\/split-rings-gold-rhodium-plating-premium-quality-6-mm-pack-of-10\/#breadcrumb","itemListElement":[{"@type":"ListItem","position":1,"name":"Home","item":"https:\/\/creativityshop.eu\/pl\/"},{"@type":"ListItem","position":2,"name":"Shop","item":"https:\/\/creativityshop.eu\/shop\/"},{"@type":"ListItem","position":3,"name":"Split Rings Gold\/Rhodium Plating, Premium Quality, 6 mm, Pack of 10"}]},{"@type":"WebSite","@id":"https:\/\/creativityshop.eu\/pl\/#website","url":"https:\/\/creativityshop.eu\/pl\/","name":"CreativityShopEU","description":"Embroidery and jewelry components","publisher":{"@id":"https:\/\/creativityshop.eu\/pl\/#organization"},"potentialAction":[{"@type":"SearchAction","target":{"@type":"EntryPoint","urlTemplate":"https:\/\/creativityshop.eu\/pl\/?s={search_term_string}"},"query-input":{"@type":"PropertyValueSpecification","valueRequired":true,"valueName":"search_term_string"}}],"inLanguage":"pl-PL"},{"@type":"Organization","@id":"https:\/\/creativityshop.eu\/pl\/#organization","name":"Creativity Shop OU","url":"https:\/\/creativityshop.eu\/pl\/","logo":{"@type":"ImageObject","inLanguage":"pl-PL","@id":"https:\/\/creativityshop.eu\/pl\/#\/schema\/logo\/image\/","url":"https:\/\/creativityshop.eu\/wp-content\/uploads\/2018\/11\/creativity_shop_logosite2.png","contentUrl":"https:\/\/creativityshop.eu\/wp-content\/uploads\/2018\/11\/creativity_shop_logosite2.png","width":2871,"height":1100,"caption":"Creativity Shop OU"},"image":{"@id":"https:\/\/creativityshop.eu\/pl\/#\/schema\/logo\/image\/"}}]},"og_availability":"out of stock","product_availability":"out of stock","product_condition":"new"},"_links":{"self":[{"href":"https:\/\/creativityshop.eu\/pl\/wp-json\/wp\/v2\/product\/31320","targetHints":{"allow":["GET"]}}],"collection":[{"href":"https:\/\/creativityshop.eu\/pl\/wp-json\/wp\/v2\/product"}],"about":[{"href":"https:\/\/creativityshop.eu\/pl\/wp-json\/wp\/v2\/types\/product"}],"wp:featuredmedia":[{"embeddable":true,"href":"https:\/\/creativityshop.eu\/pl\/wp-json\/wp\/v2\/media\/31103"}],"wp:attachment":[{"href":"https:\/\/creativityshop.eu\/pl\/wp-json\/wp\/v2\/media?parent=31320"}],"wp:term":[{"taxonomy":"product_brand","embeddable":true,"href":"https:\/\/creativityshop.eu\/pl\/wp-json\/wp\/v2\/product_brand?post=31320"},{"taxonomy":"product_cat","embeddable":true,"href":"https:\/\/creativityshop.eu\/pl\/wp-json\/wp\/v2\/product_cat?post=31320"},{"taxonomy":"product_tag","embeddable":true,"href":"https:\/\/creativityshop.eu\/pl\/wp-json\/wp\/v2\/product_tag?post=31320"}],"curies":[{"name":"wp","href":"https:\/\/api.w.org\/{rel}","templated":true}]}}