{"id":31014,"date":"2022-04-17T18:21:12","date_gmt":"2022-04-17T15:21:12","guid":{"rendered":"https:\/\/creativityshop.eu\/?post_type=product&#038;p=31014"},"modified":"2026-01-28T01:57:05","modified_gmt":"2026-01-27T22:57:05","slug":"clasp-crab-claw-anchor-tail-heart-tip-silver-gold-plated-5x10x65-mm","status":"publish","type":"product","link":"https:\/\/creativityshop.eu\/pl\/product\/clasp-crab-claw-anchor-tail-heart-tip-silver-gold-plated-5x10x65-mm\/","title":{"rendered":"Clasp, Crab Claw, Anchor Tail, Heart Pendant, Silver\/Gold Plated, 5x10x65 mm"},"content":{"rendered":"<p><strong>High-quality brass crab claw clasp with anchor chain tail and the &#8222;heart&#8221; pendant<\/strong><br \/>\nHypoallergenic. No lead.<\/p>\n<p>Material: Brass<br \/>\nPlating: Rhodium\/Gold<br \/>\nType: Crab Claw, Chain Tail, Heart Pendant<br \/>\nClasp Size: 5&#215;10 mm<br \/>\nTail size: 60 mm<br \/>\nTotal length: 65 mm<br \/>\nPrice for 1 pcs<\/p>\n<p>This product is a part of the Creativity Shop range of pendant findings that we are always happy to deliver to you.<br \/>\nProduct images are for illustrative purposes only and may differ from the actual product. Due to differences in monitors and lighting, the colors of products may also appear different from those shown on the site.<\/p>\n","protected":false},"excerpt":{"rendered":"<p><strong>High quality brass crab claw clasp with anchor chain tail and the &#8222;heart&#8221; pendant<\/strong><br \/>\nHypoallergenic. No lead.<\/p>\n<p>Material: Brass<br \/>\nPlating: Rhodium\/Gold<br \/>\nType: Crab Claw, Chain Tail, Heart Pendant<br \/>\nClasp Size: 5&#215;10 mm<br \/>\nTail size: 60 mm<br \/>\nTotal length: 65 mm<br \/>\nPrice for 1 pcs<\/p>\n","protected":false},"featured_media":25045,"template":"","meta":{"_acf_changed":false,"_exactmetrics_skip_tracking":false,"_exactmetrics_sitenote_active":false,"_exactmetrics_sitenote_note":"","_exactmetrics_sitenote_category":0},"product_brand":[],"product_cat":[961,43],"product_tag":[],"class_list":{"0":"post-31014","1":"product","2":"type-product","3":"status-publish","4":"has-post-thumbnail","6":"product_cat-clasps-clamps-closures","7":"product_cat-jewelry-components","9":"first","10":"outofstock","11":"taxable","12":"shipping-taxable","13":"product-type-variable","14":"wvs-archive-product-wrapper","15":"add-to-wishlist-after_add_to_cart"},"acf":[],"yoast_head":"<!-- This site is optimized with the Yoast SEO Premium plugin v27.0 (Yoast SEO v27.0) - https:\/\/yoast.com\/product\/yoast-seo-premium-wordpress\/ -->\n<title>Clasp, Crab Claw, Anchor Tail, Heart Pendant, Silver\/Gold Plated, 5x10x65 mm - CreativityShopEU<\/title>\n<meta name=\"robots\" content=\"noindex, follow\" \/>\n<meta property=\"og:locale\" content=\"pl_PL\" \/>\n<meta property=\"og:type\" content=\"article\" \/>\n<meta property=\"og:title\" content=\"Clasp, Crab Claw, Anchor Tail, Heart Pendant, Silver\/Gold Plated, 5x10x65 mm\" \/>\n<meta property=\"og:description\" content=\"High quality brass crab claw clasp with anchor chain tail and the &quot;heart&quot; pendant Hypoallergenic. No lead.  Material: Brass Plating: Rhodium\/Gold Type: Crab Claw, Chain Tail, Heart Pendant Clasp Size: 5x10 mm Tail size: 60 mm Total length: 65 mm Price for 1 pcs\" \/>\n<meta property=\"og:url\" content=\"https:\/\/creativityshop.eu\/pl\/product\/clasp-crab-claw-anchor-tail-heart-tip-silver-gold-plated-5x10x65-mm\/\" \/>\n<meta property=\"og:site_name\" content=\"CreativityShopEU\" \/>\n<meta property=\"article:modified_time\" content=\"2026-01-27T22:57:05+00:00\" \/>\n<meta property=\"og:image\" content=\"https:\/\/creativityshop.eu\/wp-content\/uploads\/2021\/06\/chain-clasp-crab-claw-lobster-heart-end-rhodium-gold-jcc003-jcc004-2.jpg\" \/>\n\t<meta property=\"og:image:width\" content=\"768\" \/>\n\t<meta property=\"og:image:height\" content=\"768\" \/>\n\t<meta property=\"og:image:type\" content=\"image\/jpeg\" \/>\n<meta name=\"twitter:card\" content=\"summary_large_image\" \/>\n<meta name=\"twitter:label1\" content=\"Dost\u0119pno\u015b\u0107\" \/>\n\t<meta name=\"twitter:data1\" content=\"Brak w magazynie\" \/>\n<script type=\"application\/ld+json\" class=\"yoast-schema-graph\">{\"@context\":\"https:\/\/schema.org\",\"@graph\":[{\"@type\":\"WebPage\",\"@id\":\"https:\/\/creativityshop.eu\/pl\/product\/clasp-crab-claw-anchor-tail-heart-tip-silver-gold-plated-5x10x65-mm\/\",\"url\":\"https:\/\/creativityshop.eu\/pl\/product\/clasp-crab-claw-anchor-tail-heart-tip-silver-gold-plated-5x10x65-mm\/\",\"name\":\"Clasp, Crab Claw, Anchor Tail, Heart Pendant, Silver\/Gold Plated, 5x10x65 mm - CreativityShopEU\",\"isPartOf\":{\"@id\":\"https:\/\/creativityshop.eu\/pl\/#website\"},\"primaryImageOfPage\":{\"@id\":\"https:\/\/creativityshop.eu\/pl\/product\/clasp-crab-claw-anchor-tail-heart-tip-silver-gold-plated-5x10x65-mm\/#primaryimage\"},\"image\":{\"@id\":\"https:\/\/creativityshop.eu\/pl\/product\/clasp-crab-claw-anchor-tail-heart-tip-silver-gold-plated-5x10x65-mm\/#primaryimage\"},\"thumbnailUrl\":\"https:\/\/creativityshop.eu\/wp-content\/uploads\/2021\/06\/chain-clasp-crab-claw-lobster-heart-end-rhodium-gold-jcc003-jcc004-2.jpg\",\"datePublished\":\"2022-04-17T15:21:12+00:00\",\"dateModified\":\"2026-01-27T22:57:05+00:00\",\"breadcrumb\":{\"@id\":\"https:\/\/creativityshop.eu\/pl\/product\/clasp-crab-claw-anchor-tail-heart-tip-silver-gold-plated-5x10x65-mm\/#breadcrumb\"},\"inLanguage\":\"pl-PL\",\"potentialAction\":[{\"@type\":\"ReadAction\",\"target\":[\"https:\/\/creativityshop.eu\/pl\/product\/clasp-crab-claw-anchor-tail-heart-tip-silver-gold-plated-5x10x65-mm\/\"]}]},{\"@type\":\"ImageObject\",\"inLanguage\":\"pl-PL\",\"@id\":\"https:\/\/creativityshop.eu\/pl\/product\/clasp-crab-claw-anchor-tail-heart-tip-silver-gold-plated-5x10x65-mm\/#primaryimage\",\"url\":\"https:\/\/creativityshop.eu\/wp-content\/uploads\/2021\/06\/chain-clasp-crab-claw-lobster-heart-end-rhodium-gold-jcc003-jcc004-2.jpg\",\"contentUrl\":\"https:\/\/creativityshop.eu\/wp-content\/uploads\/2021\/06\/chain-clasp-crab-claw-lobster-heart-end-rhodium-gold-jcc003-jcc004-2.jpg\",\"width\":768,\"height\":768,\"caption\":\"Chain Clasp Crab Claw Lobster Heart End Rhodium, Gold JCC003-JCC004\"},{\"@type\":\"BreadcrumbList\",\"@id\":\"https:\/\/creativityshop.eu\/pl\/product\/clasp-crab-claw-anchor-tail-heart-tip-silver-gold-plated-5x10x65-mm\/#breadcrumb\",\"itemListElement\":[{\"@type\":\"ListItem\",\"position\":1,\"name\":\"Home\",\"item\":\"https:\/\/creativityshop.eu\/pl\/\"},{\"@type\":\"ListItem\",\"position\":2,\"name\":\"Shop\",\"item\":\"https:\/\/creativityshop.eu\/shop\/\"},{\"@type\":\"ListItem\",\"position\":3,\"name\":\"Clasp, Crab Claw, Anchor Tail, Heart Pendant, Silver\/Gold Plated, 5x10x65 mm\"}]},{\"@type\":\"WebSite\",\"@id\":\"https:\/\/creativityshop.eu\/pl\/#website\",\"url\":\"https:\/\/creativityshop.eu\/pl\/\",\"name\":\"CreativityShopEU\",\"description\":\"Embroidery and jewelry components\",\"publisher\":{\"@id\":\"https:\/\/creativityshop.eu\/pl\/#organization\"},\"potentialAction\":[{\"@type\":\"SearchAction\",\"target\":{\"@type\":\"EntryPoint\",\"urlTemplate\":\"https:\/\/creativityshop.eu\/pl\/?s={search_term_string}\"},\"query-input\":{\"@type\":\"PropertyValueSpecification\",\"valueRequired\":true,\"valueName\":\"search_term_string\"}}],\"inLanguage\":\"pl-PL\"},{\"@type\":\"Organization\",\"@id\":\"https:\/\/creativityshop.eu\/pl\/#organization\",\"name\":\"Creativity Shop OU\",\"url\":\"https:\/\/creativityshop.eu\/pl\/\",\"logo\":{\"@type\":\"ImageObject\",\"inLanguage\":\"pl-PL\",\"@id\":\"https:\/\/creativityshop.eu\/pl\/#\/schema\/logo\/image\/\",\"url\":\"https:\/\/creativityshop.eu\/wp-content\/uploads\/2018\/11\/creativity_shop_logosite2.png\",\"contentUrl\":\"https:\/\/creativityshop.eu\/wp-content\/uploads\/2018\/11\/creativity_shop_logosite2.png\",\"width\":2871,\"height\":1100,\"caption\":\"Creativity Shop OU\"},\"image\":{\"@id\":\"https:\/\/creativityshop.eu\/pl\/#\/schema\/logo\/image\/\"}}]}<\/script>\n<meta property=\"og:availability\" content=\"out of stock\" \/>\n<meta property=\"product:availability\" content=\"out of stock\" \/>\n<meta property=\"product:condition\" content=\"new\" \/>\n<!-- \/ Yoast SEO Premium plugin. -->","yoast_head_json":{"title":"Clasp, Crab Claw, Anchor Tail, Heart Pendant, Silver\/Gold Plated, 5x10x65 mm - CreativityShopEU","robots":{"index":"noindex","follow":"follow"},"og_locale":"pl_PL","og_type":"article","og_title":"Clasp, Crab Claw, Anchor Tail, Heart Pendant, Silver\/Gold Plated, 5x10x65 mm","og_description":"High quality brass crab claw clasp with anchor chain tail and the \"heart\" pendant Hypoallergenic. No lead.  Material: Brass Plating: Rhodium\/Gold Type: Crab Claw, Chain Tail, Heart Pendant Clasp Size: 5x10 mm Tail size: 60 mm Total length: 65 mm Price for 1 pcs","og_url":"https:\/\/creativityshop.eu\/pl\/product\/clasp-crab-claw-anchor-tail-heart-tip-silver-gold-plated-5x10x65-mm\/","og_site_name":"CreativityShopEU","article_modified_time":"2026-01-27T22:57:05+00:00","og_image":[{"width":768,"height":768,"url":"https:\/\/creativityshop.eu\/wp-content\/uploads\/2021\/06\/chain-clasp-crab-claw-lobster-heart-end-rhodium-gold-jcc003-jcc004-2.jpg","type":"image\/jpeg"}],"twitter_card":"summary_large_image","twitter_misc":{"Dost\u0119pno\u015b\u0107":"Brak w magazynie"},"schema":{"@context":"https:\/\/schema.org","@graph":[{"@type":"WebPage","@id":"https:\/\/creativityshop.eu\/pl\/product\/clasp-crab-claw-anchor-tail-heart-tip-silver-gold-plated-5x10x65-mm\/","url":"https:\/\/creativityshop.eu\/pl\/product\/clasp-crab-claw-anchor-tail-heart-tip-silver-gold-plated-5x10x65-mm\/","name":"Clasp, Crab Claw, Anchor Tail, Heart Pendant, Silver\/Gold Plated, 5x10x65 mm - CreativityShopEU","isPartOf":{"@id":"https:\/\/creativityshop.eu\/pl\/#website"},"primaryImageOfPage":{"@id":"https:\/\/creativityshop.eu\/pl\/product\/clasp-crab-claw-anchor-tail-heart-tip-silver-gold-plated-5x10x65-mm\/#primaryimage"},"image":{"@id":"https:\/\/creativityshop.eu\/pl\/product\/clasp-crab-claw-anchor-tail-heart-tip-silver-gold-plated-5x10x65-mm\/#primaryimage"},"thumbnailUrl":"https:\/\/creativityshop.eu\/wp-content\/uploads\/2021\/06\/chain-clasp-crab-claw-lobster-heart-end-rhodium-gold-jcc003-jcc004-2.jpg","datePublished":"2022-04-17T15:21:12+00:00","dateModified":"2026-01-27T22:57:05+00:00","breadcrumb":{"@id":"https:\/\/creativityshop.eu\/pl\/product\/clasp-crab-claw-anchor-tail-heart-tip-silver-gold-plated-5x10x65-mm\/#breadcrumb"},"inLanguage":"pl-PL","potentialAction":[{"@type":"ReadAction","target":["https:\/\/creativityshop.eu\/pl\/product\/clasp-crab-claw-anchor-tail-heart-tip-silver-gold-plated-5x10x65-mm\/"]}]},{"@type":"ImageObject","inLanguage":"pl-PL","@id":"https:\/\/creativityshop.eu\/pl\/product\/clasp-crab-claw-anchor-tail-heart-tip-silver-gold-plated-5x10x65-mm\/#primaryimage","url":"https:\/\/creativityshop.eu\/wp-content\/uploads\/2021\/06\/chain-clasp-crab-claw-lobster-heart-end-rhodium-gold-jcc003-jcc004-2.jpg","contentUrl":"https:\/\/creativityshop.eu\/wp-content\/uploads\/2021\/06\/chain-clasp-crab-claw-lobster-heart-end-rhodium-gold-jcc003-jcc004-2.jpg","width":768,"height":768,"caption":"Chain Clasp Crab Claw Lobster Heart End Rhodium, Gold JCC003-JCC004"},{"@type":"BreadcrumbList","@id":"https:\/\/creativityshop.eu\/pl\/product\/clasp-crab-claw-anchor-tail-heart-tip-silver-gold-plated-5x10x65-mm\/#breadcrumb","itemListElement":[{"@type":"ListItem","position":1,"name":"Home","item":"https:\/\/creativityshop.eu\/pl\/"},{"@type":"ListItem","position":2,"name":"Shop","item":"https:\/\/creativityshop.eu\/shop\/"},{"@type":"ListItem","position":3,"name":"Clasp, Crab Claw, Anchor Tail, Heart Pendant, Silver\/Gold Plated, 5x10x65 mm"}]},{"@type":"WebSite","@id":"https:\/\/creativityshop.eu\/pl\/#website","url":"https:\/\/creativityshop.eu\/pl\/","name":"CreativityShopEU","description":"Embroidery and jewelry components","publisher":{"@id":"https:\/\/creativityshop.eu\/pl\/#organization"},"potentialAction":[{"@type":"SearchAction","target":{"@type":"EntryPoint","urlTemplate":"https:\/\/creativityshop.eu\/pl\/?s={search_term_string}"},"query-input":{"@type":"PropertyValueSpecification","valueRequired":true,"valueName":"search_term_string"}}],"inLanguage":"pl-PL"},{"@type":"Organization","@id":"https:\/\/creativityshop.eu\/pl\/#organization","name":"Creativity Shop OU","url":"https:\/\/creativityshop.eu\/pl\/","logo":{"@type":"ImageObject","inLanguage":"pl-PL","@id":"https:\/\/creativityshop.eu\/pl\/#\/schema\/logo\/image\/","url":"https:\/\/creativityshop.eu\/wp-content\/uploads\/2018\/11\/creativity_shop_logosite2.png","contentUrl":"https:\/\/creativityshop.eu\/wp-content\/uploads\/2018\/11\/creativity_shop_logosite2.png","width":2871,"height":1100,"caption":"Creativity Shop OU"},"image":{"@id":"https:\/\/creativityshop.eu\/pl\/#\/schema\/logo\/image\/"}}]},"og_availability":"out of stock","product_availability":"out of stock","product_condition":"new"},"_links":{"self":[{"href":"https:\/\/creativityshop.eu\/pl\/wp-json\/wp\/v2\/product\/31014","targetHints":{"allow":["GET"]}}],"collection":[{"href":"https:\/\/creativityshop.eu\/pl\/wp-json\/wp\/v2\/product"}],"about":[{"href":"https:\/\/creativityshop.eu\/pl\/wp-json\/wp\/v2\/types\/product"}],"wp:featuredmedia":[{"embeddable":true,"href":"https:\/\/creativityshop.eu\/pl\/wp-json\/wp\/v2\/media\/25045"}],"wp:attachment":[{"href":"https:\/\/creativityshop.eu\/pl\/wp-json\/wp\/v2\/media?parent=31014"}],"wp:term":[{"taxonomy":"product_brand","embeddable":true,"href":"https:\/\/creativityshop.eu\/pl\/wp-json\/wp\/v2\/product_brand?post=31014"},{"taxonomy":"product_cat","embeddable":true,"href":"https:\/\/creativityshop.eu\/pl\/wp-json\/wp\/v2\/product_cat?post=31014"},{"taxonomy":"product_tag","embeddable":true,"href":"https:\/\/creativityshop.eu\/pl\/wp-json\/wp\/v2\/product_tag?post=31014"}],"curies":[{"name":"wp","href":"https:\/\/api.w.org\/{rel}","templated":true}]}}