{"id":30876,"date":"2022-04-13T14:14:30","date_gmt":"2022-04-13T11:14:30","guid":{"rendered":"https:\/\/creativityshop.eu\/?post_type=product&#038;p=30876"},"modified":"2026-03-07T01:28:26","modified_gmt":"2026-03-06T22:28:26","slug":"toho-round-seed-beads-15-0-silver-lined-light-topaz-tr-15-22","status":"publish","type":"product","link":"https:\/\/creativityshop.eu\/pl\/product\/toho-round-seed-beads-15-0-silver-lined-light-topaz-tr-15-22\/","title":{"rendered":"TOHO Round Seed Beads 15\/0 Silver-Lined Light Topaz, TR-15-22"},"content":{"rendered":"<h3>Toho round seed beads TR-15-22<\/h3>\n<p>Color: Silver-Lined Light Topaz<br \/>\nSize: 15\/0<br \/>\nHole size: 0.7 mm<br \/>\nOrigin: Japan<br \/>\nPrice for 5 g<\/p>\n<p>TOHO Round 15\/0 are high-quality Japanese seed beads with perfectly regular shape and larger hole diameter. They would be best strung on NYMO beading thread. Thanks to their precise shape, TOHO seed beads are ideal for bead weaving and bezeling cabochons or rivoli.<br \/>\nProduct images are for illustrative purposes only and may differ from the actual product. Due to differences in monitors and lightening, colours of products may also appear different to those shown on the site.<\/p>\n","protected":false},"excerpt":{"rendered":"<p><strong>Toho round seed beads TR-15-22<\/strong><\/p>\n<p>Color: Silver-Lined Light Topaz<br \/>\nSize: 15\/0<br \/>\nHole size: 0.7 mm<br \/>\nOrigin: Japan<br \/>\nPrice for 5 g<\/p>\n","protected":false},"featured_media":30804,"template":"","meta":{"_acf_changed":false,"_exactmetrics_skip_tracking":false,"_exactmetrics_sitenote_active":false,"_exactmetrics_sitenote_note":"","_exactmetrics_sitenote_category":0},"product_brand":[],"product_cat":[244,248],"product_tag":[],"class_list":{"0":"post-30876","1":"product","2":"type-product","3":"status-publish","4":"has-post-thumbnail","6":"product_cat-toho-beads","7":"product_cat-toho-round-seed-beads-15-0","9":"first","10":"instock","11":"taxable","12":"shipping-taxable","13":"purchasable","14":"product-type-simple","15":"add-to-wishlist-after_add_to_cart"},"acf":[],"yoast_head":"<!-- This site is optimized with the Yoast SEO Premium plugin v27.0 (Yoast SEO v27.0) - https:\/\/yoast.com\/product\/yoast-seo-premium-wordpress\/ -->\n<title>TOHO Round Seed Beads 15\/0 Silver-Lined Light Topaz, TR-15-22 - CreativityShopEU<\/title>\n<meta name=\"robots\" content=\"noindex, follow\" \/>\n<meta property=\"og:locale\" content=\"pl_PL\" \/>\n<meta property=\"og:type\" content=\"article\" \/>\n<meta property=\"og:title\" content=\"TOHO Round Seed Beads 15\/0 Silver-Lined Light Topaz, TR-15-22\" \/>\n<meta property=\"og:description\" content=\"Toho round seed beads TR-15-22  Color: Silver-Lined Light Topaz Size: 15\/0 Hole size: 0.7 mm Origin: Japan Price for 5 g\" \/>\n<meta property=\"og:url\" content=\"https:\/\/creativityshop.eu\/pl\/product\/toho-round-seed-beads-15-0-silver-lined-light-topaz-tr-15-22\/\" \/>\n<meta property=\"og:site_name\" content=\"CreativityShopEU\" \/>\n<meta property=\"article:modified_time\" content=\"2026-03-06T22:28:26+00:00\" \/>\n<meta property=\"og:image\" content=\"https:\/\/creativityshop.eu\/wp-content\/uploads\/2022\/04\/tr-15-22-toho-round-seed-beads.jpg\" \/>\n\t<meta property=\"og:image:width\" content=\"768\" \/>\n\t<meta property=\"og:image:height\" content=\"768\" \/>\n\t<meta property=\"og:image:type\" content=\"image\/jpeg\" \/>\n<meta name=\"twitter:card\" content=\"summary_large_image\" \/>\n<meta name=\"twitter:label1\" content=\"Cena\" \/>\n\t<meta name=\"twitter:data1\" content=\"&euro;0.85\" \/>\n\t<meta name=\"twitter:label2\" content=\"Dost\u0119pno\u015b\u0107\" \/>\n\t<meta name=\"twitter:data2\" content=\"Dost\u0119pny\" \/>\n<script type=\"application\/ld+json\" class=\"yoast-schema-graph\">{\"@context\":\"https:\/\/schema.org\",\"@graph\":[{\"@type\":\"WebPage\",\"@id\":\"https:\/\/creativityshop.eu\/pl\/product\/toho-round-seed-beads-15-0-silver-lined-light-topaz-tr-15-22\/\",\"url\":\"https:\/\/creativityshop.eu\/pl\/product\/toho-round-seed-beads-15-0-silver-lined-light-topaz-tr-15-22\/\",\"name\":\"TOHO Round Seed Beads 15\/0 Silver-Lined Light Topaz, TR-15-22 - CreativityShopEU\",\"isPartOf\":{\"@id\":\"https:\/\/creativityshop.eu\/pl\/#website\"},\"primaryImageOfPage\":{\"@id\":\"https:\/\/creativityshop.eu\/pl\/product\/toho-round-seed-beads-15-0-silver-lined-light-topaz-tr-15-22\/#primaryimage\"},\"image\":{\"@id\":\"https:\/\/creativityshop.eu\/pl\/product\/toho-round-seed-beads-15-0-silver-lined-light-topaz-tr-15-22\/#primaryimage\"},\"thumbnailUrl\":\"https:\/\/creativityshop.eu\/wp-content\/uploads\/2022\/04\/tr-15-22-toho-round-seed-beads.jpg\",\"datePublished\":\"2022-04-13T11:14:30+00:00\",\"dateModified\":\"2026-03-06T22:28:26+00:00\",\"breadcrumb\":{\"@id\":\"https:\/\/creativityshop.eu\/pl\/product\/toho-round-seed-beads-15-0-silver-lined-light-topaz-tr-15-22\/#breadcrumb\"},\"inLanguage\":\"pl-PL\",\"potentialAction\":[{\"@type\":\"ReadAction\",\"target\":[\"https:\/\/creativityshop.eu\/pl\/product\/toho-round-seed-beads-15-0-silver-lined-light-topaz-tr-15-22\/\"]}]},{\"@type\":\"ImageObject\",\"inLanguage\":\"pl-PL\",\"@id\":\"https:\/\/creativityshop.eu\/pl\/product\/toho-round-seed-beads-15-0-silver-lined-light-topaz-tr-15-22\/#primaryimage\",\"url\":\"https:\/\/creativityshop.eu\/wp-content\/uploads\/2022\/04\/tr-15-22-toho-round-seed-beads.jpg\",\"contentUrl\":\"https:\/\/creativityshop.eu\/wp-content\/uploads\/2022\/04\/tr-15-22-toho-round-seed-beads.jpg\",\"width\":768,\"height\":768,\"caption\":\"TR-15-22 Toho round seed beads\"},{\"@type\":\"BreadcrumbList\",\"@id\":\"https:\/\/creativityshop.eu\/pl\/product\/toho-round-seed-beads-15-0-silver-lined-light-topaz-tr-15-22\/#breadcrumb\",\"itemListElement\":[{\"@type\":\"ListItem\",\"position\":1,\"name\":\"Home\",\"item\":\"https:\/\/creativityshop.eu\/pl\/\"},{\"@type\":\"ListItem\",\"position\":2,\"name\":\"Shop\",\"item\":\"https:\/\/creativityshop.eu\/shop\/\"},{\"@type\":\"ListItem\",\"position\":3,\"name\":\"TOHO Round Seed Beads 15\/0 Silver-Lined Light Topaz, TR-15-22\"}]},{\"@type\":\"WebSite\",\"@id\":\"https:\/\/creativityshop.eu\/pl\/#website\",\"url\":\"https:\/\/creativityshop.eu\/pl\/\",\"name\":\"CreativityShopEU\",\"description\":\"Embroidery and jewelry components\",\"publisher\":{\"@id\":\"https:\/\/creativityshop.eu\/pl\/#organization\"},\"potentialAction\":[{\"@type\":\"SearchAction\",\"target\":{\"@type\":\"EntryPoint\",\"urlTemplate\":\"https:\/\/creativityshop.eu\/pl\/?s={search_term_string}\"},\"query-input\":{\"@type\":\"PropertyValueSpecification\",\"valueRequired\":true,\"valueName\":\"search_term_string\"}}],\"inLanguage\":\"pl-PL\"},{\"@type\":\"Organization\",\"@id\":\"https:\/\/creativityshop.eu\/pl\/#organization\",\"name\":\"Creativity Shop OU\",\"url\":\"https:\/\/creativityshop.eu\/pl\/\",\"logo\":{\"@type\":\"ImageObject\",\"inLanguage\":\"pl-PL\",\"@id\":\"https:\/\/creativityshop.eu\/pl\/#\/schema\/logo\/image\/\",\"url\":\"https:\/\/creativityshop.eu\/wp-content\/uploads\/2018\/11\/creativity_shop_logosite2.png\",\"contentUrl\":\"https:\/\/creativityshop.eu\/wp-content\/uploads\/2018\/11\/creativity_shop_logosite2.png\",\"width\":2871,\"height\":1100,\"caption\":\"Creativity Shop OU\"},\"image\":{\"@id\":\"https:\/\/creativityshop.eu\/pl\/#\/schema\/logo\/image\/\"}}]}<\/script>\n<meta property=\"product:price:amount\" content=\"0.85\" \/>\n<meta property=\"product:price:currency\" content=\"EUR\" \/>\n<meta property=\"og:availability\" content=\"instock\" \/>\n<meta property=\"product:availability\" content=\"instock\" \/>\n<meta property=\"product:retailer_item_id\" content=\"TR-15-22\" \/>\n<meta property=\"product:condition\" content=\"new\" \/>\n<!-- \/ Yoast SEO Premium plugin. -->","yoast_head_json":{"title":"TOHO Round Seed Beads 15\/0 Silver-Lined Light Topaz, TR-15-22 - CreativityShopEU","robots":{"index":"noindex","follow":"follow"},"og_locale":"pl_PL","og_type":"article","og_title":"TOHO Round Seed Beads 15\/0 Silver-Lined Light Topaz, TR-15-22","og_description":"Toho round seed beads TR-15-22  Color: Silver-Lined Light Topaz Size: 15\/0 Hole size: 0.7 mm Origin: Japan Price for 5 g","og_url":"https:\/\/creativityshop.eu\/pl\/product\/toho-round-seed-beads-15-0-silver-lined-light-topaz-tr-15-22\/","og_site_name":"CreativityShopEU","article_modified_time":"2026-03-06T22:28:26+00:00","og_image":[{"width":768,"height":768,"url":"https:\/\/creativityshop.eu\/wp-content\/uploads\/2022\/04\/tr-15-22-toho-round-seed-beads.jpg","type":"image\/jpeg"}],"twitter_card":"summary_large_image","twitter_misc":{"Cena":"&euro;0.85","Dost\u0119pno\u015b\u0107":"Dost\u0119pny"},"schema":{"@context":"https:\/\/schema.org","@graph":[{"@type":"WebPage","@id":"https:\/\/creativityshop.eu\/pl\/product\/toho-round-seed-beads-15-0-silver-lined-light-topaz-tr-15-22\/","url":"https:\/\/creativityshop.eu\/pl\/product\/toho-round-seed-beads-15-0-silver-lined-light-topaz-tr-15-22\/","name":"TOHO Round Seed Beads 15\/0 Silver-Lined Light Topaz, TR-15-22 - CreativityShopEU","isPartOf":{"@id":"https:\/\/creativityshop.eu\/pl\/#website"},"primaryImageOfPage":{"@id":"https:\/\/creativityshop.eu\/pl\/product\/toho-round-seed-beads-15-0-silver-lined-light-topaz-tr-15-22\/#primaryimage"},"image":{"@id":"https:\/\/creativityshop.eu\/pl\/product\/toho-round-seed-beads-15-0-silver-lined-light-topaz-tr-15-22\/#primaryimage"},"thumbnailUrl":"https:\/\/creativityshop.eu\/wp-content\/uploads\/2022\/04\/tr-15-22-toho-round-seed-beads.jpg","datePublished":"2022-04-13T11:14:30+00:00","dateModified":"2026-03-06T22:28:26+00:00","breadcrumb":{"@id":"https:\/\/creativityshop.eu\/pl\/product\/toho-round-seed-beads-15-0-silver-lined-light-topaz-tr-15-22\/#breadcrumb"},"inLanguage":"pl-PL","potentialAction":[{"@type":"ReadAction","target":["https:\/\/creativityshop.eu\/pl\/product\/toho-round-seed-beads-15-0-silver-lined-light-topaz-tr-15-22\/"]}]},{"@type":"ImageObject","inLanguage":"pl-PL","@id":"https:\/\/creativityshop.eu\/pl\/product\/toho-round-seed-beads-15-0-silver-lined-light-topaz-tr-15-22\/#primaryimage","url":"https:\/\/creativityshop.eu\/wp-content\/uploads\/2022\/04\/tr-15-22-toho-round-seed-beads.jpg","contentUrl":"https:\/\/creativityshop.eu\/wp-content\/uploads\/2022\/04\/tr-15-22-toho-round-seed-beads.jpg","width":768,"height":768,"caption":"TR-15-22 Toho round seed beads"},{"@type":"BreadcrumbList","@id":"https:\/\/creativityshop.eu\/pl\/product\/toho-round-seed-beads-15-0-silver-lined-light-topaz-tr-15-22\/#breadcrumb","itemListElement":[{"@type":"ListItem","position":1,"name":"Home","item":"https:\/\/creativityshop.eu\/pl\/"},{"@type":"ListItem","position":2,"name":"Shop","item":"https:\/\/creativityshop.eu\/shop\/"},{"@type":"ListItem","position":3,"name":"TOHO Round Seed Beads 15\/0 Silver-Lined Light Topaz, TR-15-22"}]},{"@type":"WebSite","@id":"https:\/\/creativityshop.eu\/pl\/#website","url":"https:\/\/creativityshop.eu\/pl\/","name":"CreativityShopEU","description":"Embroidery and jewelry components","publisher":{"@id":"https:\/\/creativityshop.eu\/pl\/#organization"},"potentialAction":[{"@type":"SearchAction","target":{"@type":"EntryPoint","urlTemplate":"https:\/\/creativityshop.eu\/pl\/?s={search_term_string}"},"query-input":{"@type":"PropertyValueSpecification","valueRequired":true,"valueName":"search_term_string"}}],"inLanguage":"pl-PL"},{"@type":"Organization","@id":"https:\/\/creativityshop.eu\/pl\/#organization","name":"Creativity Shop OU","url":"https:\/\/creativityshop.eu\/pl\/","logo":{"@type":"ImageObject","inLanguage":"pl-PL","@id":"https:\/\/creativityshop.eu\/pl\/#\/schema\/logo\/image\/","url":"https:\/\/creativityshop.eu\/wp-content\/uploads\/2018\/11\/creativity_shop_logosite2.png","contentUrl":"https:\/\/creativityshop.eu\/wp-content\/uploads\/2018\/11\/creativity_shop_logosite2.png","width":2871,"height":1100,"caption":"Creativity Shop OU"},"image":{"@id":"https:\/\/creativityshop.eu\/pl\/#\/schema\/logo\/image\/"}}]},"product_price_amount":"0.85","product_price_currency":"EUR","og_availability":"instock","product_availability":"instock","product_retailer_item_id":"TR-15-22","product_condition":"new"},"_links":{"self":[{"href":"https:\/\/creativityshop.eu\/pl\/wp-json\/wp\/v2\/product\/30876","targetHints":{"allow":["GET"]}}],"collection":[{"href":"https:\/\/creativityshop.eu\/pl\/wp-json\/wp\/v2\/product"}],"about":[{"href":"https:\/\/creativityshop.eu\/pl\/wp-json\/wp\/v2\/types\/product"}],"wp:featuredmedia":[{"embeddable":true,"href":"https:\/\/creativityshop.eu\/pl\/wp-json\/wp\/v2\/media\/30804"}],"wp:attachment":[{"href":"https:\/\/creativityshop.eu\/pl\/wp-json\/wp\/v2\/media?parent=30876"}],"wp:term":[{"taxonomy":"product_brand","embeddable":true,"href":"https:\/\/creativityshop.eu\/pl\/wp-json\/wp\/v2\/product_brand?post=30876"},{"taxonomy":"product_cat","embeddable":true,"href":"https:\/\/creativityshop.eu\/pl\/wp-json\/wp\/v2\/product_cat?post=30876"},{"taxonomy":"product_tag","embeddable":true,"href":"https:\/\/creativityshop.eu\/pl\/wp-json\/wp\/v2\/product_tag?post=30876"}],"curies":[{"name":"wp","href":"https:\/\/api.w.org\/{rel}","templated":true}]}}