{"id":30654,"date":"2022-04-10T17:24:40","date_gmt":"2022-04-10T14:24:40","guid":{"rendered":"https:\/\/creativityshop.eu\/?post_type=product&#038;p=30654"},"modified":"2026-02-09T16:48:11","modified_gmt":"2026-02-09T13:48:11","slug":"toho-demi-round-beads-11-0-2-2mm-gold-lustered-dark-amethyst-tn-11-205","status":"publish","type":"product","link":"https:\/\/creativityshop.eu\/pl\/product\/toho-demi-round-beads-11-0-2-2mm-gold-lustered-dark-amethyst-tn-11-205\/","title":{"rendered":"TOHO Demi Round Beads 11\/0 2.2mm Gold-Lustered Dark Amethyst, TN-11-205"},"content":{"rendered":"<h3>TOHO Demi Round seed beads TN-11-205<\/h3>\n<p>Color: Gold-Lustered Dark Amethyst<br \/>\nSize: 11\/0<br \/>\nHole size: 0.8 mm<br \/>\nOrigin: Japan<br \/>\nPrice for 5 g<\/p>\n<p>TOHO Demi-Round 11\/0 are high-quality Japanese seed beads in the shape of a ring which are lighter and thinner by half in comparison with TOHO Round 11\/0. They will be best strung on the NYMO beading thread. Because of their precise shape, TOHO seed beads are ideal for bead weaving and bezeled jewellery<br \/>\nProduct images are for illustrative purposes only and may differ from the actual product. Due to differences in monitors and lightening, colours of products may also appear different to those shown on the site.<\/p>\n","protected":false},"excerpt":{"rendered":"<p><strong>TOHO Demi Round seed beads TN-11-205<\/strong><br \/>\nColor: Gold-Lustered Dark Amethyst<br \/>\nSize: 11\/0<br \/>\nHole size: 0.8 mm<br \/>\nOrigin: Japan<br \/>\nPrice for 5 g<\/p>\n","protected":false},"featured_media":30550,"template":"","meta":{"_acf_changed":false,"_exactmetrics_skip_tracking":false,"_exactmetrics_sitenote_active":false,"_exactmetrics_sitenote_note":"","_exactmetrics_sitenote_category":0},"product_brand":[],"product_cat":[244,245],"product_tag":[],"class_list":{"0":"post-30654","1":"product","2":"type-product","3":"status-publish","4":"has-post-thumbnail","6":"product_cat-toho-beads","7":"product_cat-toho-demi-round-11-0","9":"first","10":"instock","11":"taxable","12":"shipping-taxable","13":"purchasable","14":"product-type-simple","15":"add-to-wishlist-after_add_to_cart"},"acf":[],"yoast_head":"<!-- This site is optimized with the Yoast SEO Premium plugin v27.0 (Yoast SEO v27.0) - https:\/\/yoast.com\/product\/yoast-seo-premium-wordpress\/ -->\n<title>TOHO Demi Round Beads 11\/0 2.2mm Gold-Lustered Dark Amethyst, TN-11-205 - CreativityShopEU<\/title>\n<meta name=\"robots\" content=\"noindex, follow\" \/>\n<meta property=\"og:locale\" content=\"pl_PL\" \/>\n<meta property=\"og:type\" content=\"article\" \/>\n<meta property=\"og:title\" content=\"TOHO Demi Round Beads 11\/0 2.2mm Gold-Lustered Dark Amethyst, TN-11-205\" \/>\n<meta property=\"og:description\" content=\"TOHO Demi Round seed beads TN-11-205 Color: Gold-Lustered Dark Amethyst Size: 11\/0 Hole size: 0.8 mm Origin: Japan Price for 5 g\" \/>\n<meta property=\"og:url\" content=\"https:\/\/creativityshop.eu\/pl\/product\/toho-demi-round-beads-11-0-2-2mm-gold-lustered-dark-amethyst-tn-11-205\/\" \/>\n<meta property=\"og:site_name\" content=\"CreativityShopEU\" \/>\n<meta property=\"article:modified_time\" content=\"2026-02-09T13:48:11+00:00\" \/>\n<meta property=\"og:image\" content=\"https:\/\/creativityshop.eu\/wp-content\/uploads\/2022\/04\/toho-seed-beads-tn-11-205.jpg\" \/>\n\t<meta property=\"og:image:width\" content=\"768\" \/>\n\t<meta property=\"og:image:height\" content=\"768\" \/>\n\t<meta property=\"og:image:type\" content=\"image\/jpeg\" \/>\n<meta name=\"twitter:card\" content=\"summary_large_image\" \/>\n<meta name=\"twitter:label1\" content=\"Cena\" \/>\n\t<meta name=\"twitter:data1\" content=\"&euro;2.01\" \/>\n\t<meta name=\"twitter:label2\" content=\"Dost\u0119pno\u015b\u0107\" \/>\n\t<meta name=\"twitter:data2\" content=\"Dost\u0119pny\" \/>\n<script type=\"application\/ld+json\" class=\"yoast-schema-graph\">{\"@context\":\"https:\/\/schema.org\",\"@graph\":[{\"@type\":\"WebPage\",\"@id\":\"https:\/\/creativityshop.eu\/pl\/product\/toho-demi-round-beads-11-0-2-2mm-gold-lustered-dark-amethyst-tn-11-205\/\",\"url\":\"https:\/\/creativityshop.eu\/pl\/product\/toho-demi-round-beads-11-0-2-2mm-gold-lustered-dark-amethyst-tn-11-205\/\",\"name\":\"TOHO Demi Round Beads 11\/0 2.2mm Gold-Lustered Dark Amethyst, TN-11-205 - CreativityShopEU\",\"isPartOf\":{\"@id\":\"https:\/\/creativityshop.eu\/pl\/#website\"},\"primaryImageOfPage\":{\"@id\":\"https:\/\/creativityshop.eu\/pl\/product\/toho-demi-round-beads-11-0-2-2mm-gold-lustered-dark-amethyst-tn-11-205\/#primaryimage\"},\"image\":{\"@id\":\"https:\/\/creativityshop.eu\/pl\/product\/toho-demi-round-beads-11-0-2-2mm-gold-lustered-dark-amethyst-tn-11-205\/#primaryimage\"},\"thumbnailUrl\":\"https:\/\/creativityshop.eu\/wp-content\/uploads\/2022\/04\/toho-seed-beads-tn-11-205.jpg\",\"datePublished\":\"2022-04-10T14:24:40+00:00\",\"dateModified\":\"2026-02-09T13:48:11+00:00\",\"breadcrumb\":{\"@id\":\"https:\/\/creativityshop.eu\/pl\/product\/toho-demi-round-beads-11-0-2-2mm-gold-lustered-dark-amethyst-tn-11-205\/#breadcrumb\"},\"inLanguage\":\"pl-PL\",\"potentialAction\":[{\"@type\":\"ReadAction\",\"target\":[\"https:\/\/creativityshop.eu\/pl\/product\/toho-demi-round-beads-11-0-2-2mm-gold-lustered-dark-amethyst-tn-11-205\/\"]}]},{\"@type\":\"ImageObject\",\"inLanguage\":\"pl-PL\",\"@id\":\"https:\/\/creativityshop.eu\/pl\/product\/toho-demi-round-beads-11-0-2-2mm-gold-lustered-dark-amethyst-tn-11-205\/#primaryimage\",\"url\":\"https:\/\/creativityshop.eu\/wp-content\/uploads\/2022\/04\/toho-seed-beads-tn-11-205.jpg\",\"contentUrl\":\"https:\/\/creativityshop.eu\/wp-content\/uploads\/2022\/04\/toho-seed-beads-tn-11-205.jpg\",\"width\":768,\"height\":768,\"caption\":\"Toho seed beads TN-11-205\"},{\"@type\":\"BreadcrumbList\",\"@id\":\"https:\/\/creativityshop.eu\/pl\/product\/toho-demi-round-beads-11-0-2-2mm-gold-lustered-dark-amethyst-tn-11-205\/#breadcrumb\",\"itemListElement\":[{\"@type\":\"ListItem\",\"position\":1,\"name\":\"Home\",\"item\":\"https:\/\/creativityshop.eu\/pl\/\"},{\"@type\":\"ListItem\",\"position\":2,\"name\":\"Shop\",\"item\":\"https:\/\/creativityshop.eu\/shop\/\"},{\"@type\":\"ListItem\",\"position\":3,\"name\":\"TOHO Demi Round Beads 11\/0 2.2mm Gold-Lustered Dark Amethyst, TN-11-205\"}]},{\"@type\":\"WebSite\",\"@id\":\"https:\/\/creativityshop.eu\/pl\/#website\",\"url\":\"https:\/\/creativityshop.eu\/pl\/\",\"name\":\"CreativityShopEU\",\"description\":\"Embroidery and jewelry components\",\"publisher\":{\"@id\":\"https:\/\/creativityshop.eu\/pl\/#organization\"},\"potentialAction\":[{\"@type\":\"SearchAction\",\"target\":{\"@type\":\"EntryPoint\",\"urlTemplate\":\"https:\/\/creativityshop.eu\/pl\/?s={search_term_string}\"},\"query-input\":{\"@type\":\"PropertyValueSpecification\",\"valueRequired\":true,\"valueName\":\"search_term_string\"}}],\"inLanguage\":\"pl-PL\"},{\"@type\":\"Organization\",\"@id\":\"https:\/\/creativityshop.eu\/pl\/#organization\",\"name\":\"Creativity Shop OU\",\"url\":\"https:\/\/creativityshop.eu\/pl\/\",\"logo\":{\"@type\":\"ImageObject\",\"inLanguage\":\"pl-PL\",\"@id\":\"https:\/\/creativityshop.eu\/pl\/#\/schema\/logo\/image\/\",\"url\":\"https:\/\/creativityshop.eu\/wp-content\/uploads\/2018\/11\/creativity_shop_logosite2.png\",\"contentUrl\":\"https:\/\/creativityshop.eu\/wp-content\/uploads\/2018\/11\/creativity_shop_logosite2.png\",\"width\":2871,\"height\":1100,\"caption\":\"Creativity Shop OU\"},\"image\":{\"@id\":\"https:\/\/creativityshop.eu\/pl\/#\/schema\/logo\/image\/\"}}]}<\/script>\n<meta property=\"product:price:amount\" content=\"2.01\" \/>\n<meta property=\"product:price:currency\" content=\"EUR\" \/>\n<meta property=\"og:availability\" content=\"instock\" \/>\n<meta property=\"product:availability\" content=\"instock\" \/>\n<meta property=\"product:retailer_item_id\" content=\"TN-11-205\" \/>\n<meta property=\"product:condition\" content=\"new\" \/>\n<!-- \/ Yoast SEO Premium plugin. -->","yoast_head_json":{"title":"TOHO Demi Round Beads 11\/0 2.2mm Gold-Lustered Dark Amethyst, TN-11-205 - CreativityShopEU","robots":{"index":"noindex","follow":"follow"},"og_locale":"pl_PL","og_type":"article","og_title":"TOHO Demi Round Beads 11\/0 2.2mm Gold-Lustered Dark Amethyst, TN-11-205","og_description":"TOHO Demi Round seed beads TN-11-205 Color: Gold-Lustered Dark Amethyst Size: 11\/0 Hole size: 0.8 mm Origin: Japan Price for 5 g","og_url":"https:\/\/creativityshop.eu\/pl\/product\/toho-demi-round-beads-11-0-2-2mm-gold-lustered-dark-amethyst-tn-11-205\/","og_site_name":"CreativityShopEU","article_modified_time":"2026-02-09T13:48:11+00:00","og_image":[{"width":768,"height":768,"url":"https:\/\/creativityshop.eu\/wp-content\/uploads\/2022\/04\/toho-seed-beads-tn-11-205.jpg","type":"image\/jpeg"}],"twitter_card":"summary_large_image","twitter_misc":{"Cena":"&euro;2.01","Dost\u0119pno\u015b\u0107":"Dost\u0119pny"},"schema":{"@context":"https:\/\/schema.org","@graph":[{"@type":"WebPage","@id":"https:\/\/creativityshop.eu\/pl\/product\/toho-demi-round-beads-11-0-2-2mm-gold-lustered-dark-amethyst-tn-11-205\/","url":"https:\/\/creativityshop.eu\/pl\/product\/toho-demi-round-beads-11-0-2-2mm-gold-lustered-dark-amethyst-tn-11-205\/","name":"TOHO Demi Round Beads 11\/0 2.2mm Gold-Lustered Dark Amethyst, TN-11-205 - CreativityShopEU","isPartOf":{"@id":"https:\/\/creativityshop.eu\/pl\/#website"},"primaryImageOfPage":{"@id":"https:\/\/creativityshop.eu\/pl\/product\/toho-demi-round-beads-11-0-2-2mm-gold-lustered-dark-amethyst-tn-11-205\/#primaryimage"},"image":{"@id":"https:\/\/creativityshop.eu\/pl\/product\/toho-demi-round-beads-11-0-2-2mm-gold-lustered-dark-amethyst-tn-11-205\/#primaryimage"},"thumbnailUrl":"https:\/\/creativityshop.eu\/wp-content\/uploads\/2022\/04\/toho-seed-beads-tn-11-205.jpg","datePublished":"2022-04-10T14:24:40+00:00","dateModified":"2026-02-09T13:48:11+00:00","breadcrumb":{"@id":"https:\/\/creativityshop.eu\/pl\/product\/toho-demi-round-beads-11-0-2-2mm-gold-lustered-dark-amethyst-tn-11-205\/#breadcrumb"},"inLanguage":"pl-PL","potentialAction":[{"@type":"ReadAction","target":["https:\/\/creativityshop.eu\/pl\/product\/toho-demi-round-beads-11-0-2-2mm-gold-lustered-dark-amethyst-tn-11-205\/"]}]},{"@type":"ImageObject","inLanguage":"pl-PL","@id":"https:\/\/creativityshop.eu\/pl\/product\/toho-demi-round-beads-11-0-2-2mm-gold-lustered-dark-amethyst-tn-11-205\/#primaryimage","url":"https:\/\/creativityshop.eu\/wp-content\/uploads\/2022\/04\/toho-seed-beads-tn-11-205.jpg","contentUrl":"https:\/\/creativityshop.eu\/wp-content\/uploads\/2022\/04\/toho-seed-beads-tn-11-205.jpg","width":768,"height":768,"caption":"Toho seed beads TN-11-205"},{"@type":"BreadcrumbList","@id":"https:\/\/creativityshop.eu\/pl\/product\/toho-demi-round-beads-11-0-2-2mm-gold-lustered-dark-amethyst-tn-11-205\/#breadcrumb","itemListElement":[{"@type":"ListItem","position":1,"name":"Home","item":"https:\/\/creativityshop.eu\/pl\/"},{"@type":"ListItem","position":2,"name":"Shop","item":"https:\/\/creativityshop.eu\/shop\/"},{"@type":"ListItem","position":3,"name":"TOHO Demi Round Beads 11\/0 2.2mm Gold-Lustered Dark Amethyst, TN-11-205"}]},{"@type":"WebSite","@id":"https:\/\/creativityshop.eu\/pl\/#website","url":"https:\/\/creativityshop.eu\/pl\/","name":"CreativityShopEU","description":"Embroidery and jewelry components","publisher":{"@id":"https:\/\/creativityshop.eu\/pl\/#organization"},"potentialAction":[{"@type":"SearchAction","target":{"@type":"EntryPoint","urlTemplate":"https:\/\/creativityshop.eu\/pl\/?s={search_term_string}"},"query-input":{"@type":"PropertyValueSpecification","valueRequired":true,"valueName":"search_term_string"}}],"inLanguage":"pl-PL"},{"@type":"Organization","@id":"https:\/\/creativityshop.eu\/pl\/#organization","name":"Creativity Shop OU","url":"https:\/\/creativityshop.eu\/pl\/","logo":{"@type":"ImageObject","inLanguage":"pl-PL","@id":"https:\/\/creativityshop.eu\/pl\/#\/schema\/logo\/image\/","url":"https:\/\/creativityshop.eu\/wp-content\/uploads\/2018\/11\/creativity_shop_logosite2.png","contentUrl":"https:\/\/creativityshop.eu\/wp-content\/uploads\/2018\/11\/creativity_shop_logosite2.png","width":2871,"height":1100,"caption":"Creativity Shop OU"},"image":{"@id":"https:\/\/creativityshop.eu\/pl\/#\/schema\/logo\/image\/"}}]},"product_price_amount":"2.01","product_price_currency":"EUR","og_availability":"instock","product_availability":"instock","product_retailer_item_id":"TN-11-205","product_condition":"new"},"_links":{"self":[{"href":"https:\/\/creativityshop.eu\/pl\/wp-json\/wp\/v2\/product\/30654","targetHints":{"allow":["GET"]}}],"collection":[{"href":"https:\/\/creativityshop.eu\/pl\/wp-json\/wp\/v2\/product"}],"about":[{"href":"https:\/\/creativityshop.eu\/pl\/wp-json\/wp\/v2\/types\/product"}],"wp:featuredmedia":[{"embeddable":true,"href":"https:\/\/creativityshop.eu\/pl\/wp-json\/wp\/v2\/media\/30550"}],"wp:attachment":[{"href":"https:\/\/creativityshop.eu\/pl\/wp-json\/wp\/v2\/media?parent=30654"}],"wp:term":[{"taxonomy":"product_brand","embeddable":true,"href":"https:\/\/creativityshop.eu\/pl\/wp-json\/wp\/v2\/product_brand?post=30654"},{"taxonomy":"product_cat","embeddable":true,"href":"https:\/\/creativityshop.eu\/pl\/wp-json\/wp\/v2\/product_cat?post=30654"},{"taxonomy":"product_tag","embeddable":true,"href":"https:\/\/creativityshop.eu\/pl\/wp-json\/wp\/v2\/product_tag?post=30654"}],"curies":[{"name":"wp","href":"https:\/\/api.w.org\/{rel}","templated":true}]}}