{"id":30497,"date":"2022-04-02T03:11:23","date_gmt":"2022-04-02T00:11:23","guid":{"rendered":"https:\/\/creativityshop.eu\/?post_type=product&#038;p=30497"},"modified":"2024-02-13T20:20:27","modified_gmt":"2024-02-13T17:20:27","slug":"dmc-diamant-metallic-embroidery-thread-light-silver-380-d168-35m","status":"publish","type":"product","link":"https:\/\/creativityshop.eu\/pl\/product\/dmc-diamant-metallic-embroidery-thread-light-silver-380-d168-35m\/","title":{"rendered":"DMC Diamant &#8211; Metallic Embroidery Thread, Light Silver 380-D168, 35m"},"content":{"rendered":"<h2>Metallic Embroidery Thread &#8211; DMC Diamant<\/h2>\n<p>Material: 72% viscose, 28% metalized polyester<br \/>\nSpool length: 35 m<br \/>\nColor: Light Silver #D168<br \/>\nBrand origin: France<br \/>\nMade in France<\/p>\n<p>Diamant metallic thread is\u00a0a smooth,\u00a0single-strand, non-divisible thread,\u00a0that\u00a0adds instant shine to any needlecraft project. This soft, tangle-free floss will keep it\u2019s twist as you stitch, allowing it to glide effortlessly through nearly any fabric &#8211; whether it\u2019s cotton, linen, silk or satin &#8211; and making it perfect for both cross stitch and traditional embroidery. One strand is equivalent to two strands of DMC\u2019s Stranded Cotton Embroidery Thread.<\/p>\n<p>35 m<br \/>\nD140 89% viscose, 11% polyester<br \/>\nD225, D317, D5200, D321, D699, D310, 100% polyester<br \/>\nD3821, D3852, D168, D415, D301, 72% viscose, 28% metalized polyester.<\/p>\n","protected":false},"excerpt":{"rendered":"<p><strong>Metallic Embroidery Thread &#8211; DMC Diamant<\/strong><\/p>\n<p>Material: 72% viscose, 28% metalized polyester<br \/>\nSpool length: 35 m<br \/>\nColor: Light Silver #D168<br \/>\nBrand origin: France<br \/>\nMade in France<\/p>\n","protected":false},"featured_media":30490,"template":"","meta":{"_acf_changed":false,"_exactmetrics_skip_tracking":false,"_exactmetrics_sitenote_active":false,"_exactmetrics_sitenote_note":"","_exactmetrics_sitenote_category":0},"product_brand":[],"product_cat":[1014,379,526],"product_tag":[],"class_list":{"0":"post-30497","1":"product","2":"type-product","3":"status-publish","4":"has-post-thumbnail","6":"product_cat-dmc-metallic-thread-diamant","7":"product_cat-threads-cords","8":"product_cat-embroidery-threads","10":"first","11":"outofstock","12":"taxable","13":"shipping-taxable","14":"purchasable","15":"product-type-simple","16":"add-to-wishlist-after_add_to_cart"},"acf":[],"yoast_head":"<!-- This site is optimized with the Yoast SEO Premium plugin v27.0 (Yoast SEO v27.0) - https:\/\/yoast.com\/product\/yoast-seo-premium-wordpress\/ -->\n<title>DMC Diamant - Metallic Embroidery Thread, Light Silver 380-D168, 35m - CreativityShopEU<\/title>\n<meta name=\"robots\" content=\"noindex, follow\" \/>\n<meta property=\"og:locale\" content=\"pl_PL\" \/>\n<meta property=\"og:type\" content=\"article\" \/>\n<meta property=\"og:title\" content=\"DMC Diamant - Metallic Embroidery Thread, Light Silver 380-D168, 35m\" \/>\n<meta property=\"og:description\" content=\"Metallic Embroidery Thread - DMC Diamant  Material: 72% viscose, 28% metalized polyester Spool length: 35 m Color: Light Silver #D168 Brand origin: France Made in France\" \/>\n<meta property=\"og:url\" content=\"https:\/\/creativityshop.eu\/pl\/product\/dmc-diamant-metallic-embroidery-thread-light-silver-380-d168-35m\/\" \/>\n<meta property=\"og:site_name\" content=\"CreativityShopEU\" \/>\n<meta property=\"article:modified_time\" content=\"2024-02-13T17:20:27+00:00\" \/>\n<meta property=\"og:image\" content=\"https:\/\/creativityshop.eu\/wp-content\/uploads\/2022\/04\/dmc-metallic-thread-380-d168.jpg\" \/>\n\t<meta property=\"og:image:width\" content=\"768\" \/>\n\t<meta property=\"og:image:height\" content=\"768\" \/>\n\t<meta property=\"og:image:type\" content=\"image\/jpeg\" \/>\n<meta name=\"twitter:card\" content=\"summary_large_image\" \/>\n<meta name=\"twitter:label1\" content=\"Cena\" \/>\n\t<meta name=\"twitter:data1\" content=\"&#036;2.99\" \/>\n\t<meta name=\"twitter:label2\" content=\"Dost\u0119pno\u015b\u0107\" \/>\n\t<meta name=\"twitter:data2\" content=\"Brak w magazynie\" \/>\n<script type=\"application\/ld+json\" class=\"yoast-schema-graph\">{\"@context\":\"https:\/\/schema.org\",\"@graph\":[{\"@type\":\"WebPage\",\"@id\":\"https:\/\/creativityshop.eu\/pl\/product\/dmc-diamant-metallic-embroidery-thread-light-silver-380-d168-35m\/\",\"url\":\"https:\/\/creativityshop.eu\/pl\/product\/dmc-diamant-metallic-embroidery-thread-light-silver-380-d168-35m\/\",\"name\":\"DMC Diamant - Metallic Embroidery Thread, Light Silver 380-D168, 35m - CreativityShopEU\",\"isPartOf\":{\"@id\":\"https:\/\/creativityshop.eu\/pl\/#website\"},\"primaryImageOfPage\":{\"@id\":\"https:\/\/creativityshop.eu\/pl\/product\/dmc-diamant-metallic-embroidery-thread-light-silver-380-d168-35m\/#primaryimage\"},\"image\":{\"@id\":\"https:\/\/creativityshop.eu\/pl\/product\/dmc-diamant-metallic-embroidery-thread-light-silver-380-d168-35m\/#primaryimage\"},\"thumbnailUrl\":\"https:\/\/creativityshop.eu\/wp-content\/uploads\/2022\/04\/dmc-metallic-thread-380-d168.jpg\",\"datePublished\":\"2022-04-02T00:11:23+00:00\",\"dateModified\":\"2024-02-13T17:20:27+00:00\",\"breadcrumb\":{\"@id\":\"https:\/\/creativityshop.eu\/pl\/product\/dmc-diamant-metallic-embroidery-thread-light-silver-380-d168-35m\/#breadcrumb\"},\"inLanguage\":\"pl-PL\",\"potentialAction\":[{\"@type\":\"ReadAction\",\"target\":[\"https:\/\/creativityshop.eu\/pl\/product\/dmc-diamant-metallic-embroidery-thread-light-silver-380-d168-35m\/\"]}]},{\"@type\":\"ImageObject\",\"inLanguage\":\"pl-PL\",\"@id\":\"https:\/\/creativityshop.eu\/pl\/product\/dmc-diamant-metallic-embroidery-thread-light-silver-380-d168-35m\/#primaryimage\",\"url\":\"https:\/\/creativityshop.eu\/wp-content\/uploads\/2022\/04\/dmc-metallic-thread-380-d168.jpg\",\"contentUrl\":\"https:\/\/creativityshop.eu\/wp-content\/uploads\/2022\/04\/dmc-metallic-thread-380-d168.jpg\",\"width\":768,\"height\":768,\"caption\":\"DMC Metallic Thread 380-D168\"},{\"@type\":\"BreadcrumbList\",\"@id\":\"https:\/\/creativityshop.eu\/pl\/product\/dmc-diamant-metallic-embroidery-thread-light-silver-380-d168-35m\/#breadcrumb\",\"itemListElement\":[{\"@type\":\"ListItem\",\"position\":1,\"name\":\"Home\",\"item\":\"https:\/\/creativityshop.eu\/pl\/\"},{\"@type\":\"ListItem\",\"position\":2,\"name\":\"Shop\",\"item\":\"https:\/\/creativityshop.eu\/shop\/\"},{\"@type\":\"ListItem\",\"position\":3,\"name\":\"DMC Diamant &#8211; Metallic Embroidery Thread, Light Silver 380-D168, 35m\"}]},{\"@type\":\"WebSite\",\"@id\":\"https:\/\/creativityshop.eu\/pl\/#website\",\"url\":\"https:\/\/creativityshop.eu\/pl\/\",\"name\":\"CreativityShopEU\",\"description\":\"Embroidery and jewelry components\",\"publisher\":{\"@id\":\"https:\/\/creativityshop.eu\/pl\/#organization\"},\"potentialAction\":[{\"@type\":\"SearchAction\",\"target\":{\"@type\":\"EntryPoint\",\"urlTemplate\":\"https:\/\/creativityshop.eu\/pl\/?s={search_term_string}\"},\"query-input\":{\"@type\":\"PropertyValueSpecification\",\"valueRequired\":true,\"valueName\":\"search_term_string\"}}],\"inLanguage\":\"pl-PL\"},{\"@type\":\"Organization\",\"@id\":\"https:\/\/creativityshop.eu\/pl\/#organization\",\"name\":\"Creativity Shop OU\",\"url\":\"https:\/\/creativityshop.eu\/pl\/\",\"logo\":{\"@type\":\"ImageObject\",\"inLanguage\":\"pl-PL\",\"@id\":\"https:\/\/creativityshop.eu\/pl\/#\/schema\/logo\/image\/\",\"url\":\"https:\/\/creativityshop.eu\/wp-content\/uploads\/2018\/11\/creativity_shop_logosite2.png\",\"contentUrl\":\"https:\/\/creativityshop.eu\/wp-content\/uploads\/2018\/11\/creativity_shop_logosite2.png\",\"width\":2871,\"height\":1100,\"caption\":\"Creativity Shop OU\"},\"image\":{\"@id\":\"https:\/\/creativityshop.eu\/pl\/#\/schema\/logo\/image\/\"}}]}<\/script>\n<meta property=\"product:price:amount\" content=\"2.99\" \/>\n<meta property=\"product:price:currency\" content=\"USD\" \/>\n<meta property=\"og:availability\" content=\"out of stock\" \/>\n<meta property=\"product:availability\" content=\"out of stock\" \/>\n<meta property=\"product:retailer_item_id\" content=\"380-D168\" \/>\n<meta property=\"product:condition\" content=\"new\" \/>\n<!-- \/ Yoast SEO Premium plugin. -->","yoast_head_json":{"title":"DMC Diamant - Metallic Embroidery Thread, Light Silver 380-D168, 35m - CreativityShopEU","robots":{"index":"noindex","follow":"follow"},"og_locale":"pl_PL","og_type":"article","og_title":"DMC Diamant - Metallic Embroidery Thread, Light Silver 380-D168, 35m","og_description":"Metallic Embroidery Thread - DMC Diamant  Material: 72% viscose, 28% metalized polyester Spool length: 35 m Color: Light Silver #D168 Brand origin: France Made in France","og_url":"https:\/\/creativityshop.eu\/pl\/product\/dmc-diamant-metallic-embroidery-thread-light-silver-380-d168-35m\/","og_site_name":"CreativityShopEU","article_modified_time":"2024-02-13T17:20:27+00:00","og_image":[{"width":768,"height":768,"url":"https:\/\/creativityshop.eu\/wp-content\/uploads\/2022\/04\/dmc-metallic-thread-380-d168.jpg","type":"image\/jpeg"}],"twitter_card":"summary_large_image","twitter_misc":{"Cena":"&#36;2.99","Dost\u0119pno\u015b\u0107":"Brak w magazynie"},"schema":{"@context":"https:\/\/schema.org","@graph":[{"@type":"WebPage","@id":"https:\/\/creativityshop.eu\/pl\/product\/dmc-diamant-metallic-embroidery-thread-light-silver-380-d168-35m\/","url":"https:\/\/creativityshop.eu\/pl\/product\/dmc-diamant-metallic-embroidery-thread-light-silver-380-d168-35m\/","name":"DMC Diamant - Metallic Embroidery Thread, Light Silver 380-D168, 35m - CreativityShopEU","isPartOf":{"@id":"https:\/\/creativityshop.eu\/pl\/#website"},"primaryImageOfPage":{"@id":"https:\/\/creativityshop.eu\/pl\/product\/dmc-diamant-metallic-embroidery-thread-light-silver-380-d168-35m\/#primaryimage"},"image":{"@id":"https:\/\/creativityshop.eu\/pl\/product\/dmc-diamant-metallic-embroidery-thread-light-silver-380-d168-35m\/#primaryimage"},"thumbnailUrl":"https:\/\/creativityshop.eu\/wp-content\/uploads\/2022\/04\/dmc-metallic-thread-380-d168.jpg","datePublished":"2022-04-02T00:11:23+00:00","dateModified":"2024-02-13T17:20:27+00:00","breadcrumb":{"@id":"https:\/\/creativityshop.eu\/pl\/product\/dmc-diamant-metallic-embroidery-thread-light-silver-380-d168-35m\/#breadcrumb"},"inLanguage":"pl-PL","potentialAction":[{"@type":"ReadAction","target":["https:\/\/creativityshop.eu\/pl\/product\/dmc-diamant-metallic-embroidery-thread-light-silver-380-d168-35m\/"]}]},{"@type":"ImageObject","inLanguage":"pl-PL","@id":"https:\/\/creativityshop.eu\/pl\/product\/dmc-diamant-metallic-embroidery-thread-light-silver-380-d168-35m\/#primaryimage","url":"https:\/\/creativityshop.eu\/wp-content\/uploads\/2022\/04\/dmc-metallic-thread-380-d168.jpg","contentUrl":"https:\/\/creativityshop.eu\/wp-content\/uploads\/2022\/04\/dmc-metallic-thread-380-d168.jpg","width":768,"height":768,"caption":"DMC Metallic Thread 380-D168"},{"@type":"BreadcrumbList","@id":"https:\/\/creativityshop.eu\/pl\/product\/dmc-diamant-metallic-embroidery-thread-light-silver-380-d168-35m\/#breadcrumb","itemListElement":[{"@type":"ListItem","position":1,"name":"Home","item":"https:\/\/creativityshop.eu\/pl\/"},{"@type":"ListItem","position":2,"name":"Shop","item":"https:\/\/creativityshop.eu\/shop\/"},{"@type":"ListItem","position":3,"name":"DMC Diamant &#8211; Metallic Embroidery Thread, Light Silver 380-D168, 35m"}]},{"@type":"WebSite","@id":"https:\/\/creativityshop.eu\/pl\/#website","url":"https:\/\/creativityshop.eu\/pl\/","name":"CreativityShopEU","description":"Embroidery and jewelry components","publisher":{"@id":"https:\/\/creativityshop.eu\/pl\/#organization"},"potentialAction":[{"@type":"SearchAction","target":{"@type":"EntryPoint","urlTemplate":"https:\/\/creativityshop.eu\/pl\/?s={search_term_string}"},"query-input":{"@type":"PropertyValueSpecification","valueRequired":true,"valueName":"search_term_string"}}],"inLanguage":"pl-PL"},{"@type":"Organization","@id":"https:\/\/creativityshop.eu\/pl\/#organization","name":"Creativity Shop OU","url":"https:\/\/creativityshop.eu\/pl\/","logo":{"@type":"ImageObject","inLanguage":"pl-PL","@id":"https:\/\/creativityshop.eu\/pl\/#\/schema\/logo\/image\/","url":"https:\/\/creativityshop.eu\/wp-content\/uploads\/2018\/11\/creativity_shop_logosite2.png","contentUrl":"https:\/\/creativityshop.eu\/wp-content\/uploads\/2018\/11\/creativity_shop_logosite2.png","width":2871,"height":1100,"caption":"Creativity Shop OU"},"image":{"@id":"https:\/\/creativityshop.eu\/pl\/#\/schema\/logo\/image\/"}}]},"product_price_amount":"2.99","product_price_currency":"USD","og_availability":"out of stock","product_availability":"out of stock","product_retailer_item_id":"380-D168","product_condition":"new"},"_links":{"self":[{"href":"https:\/\/creativityshop.eu\/pl\/wp-json\/wp\/v2\/product\/30497","targetHints":{"allow":["GET"]}}],"collection":[{"href":"https:\/\/creativityshop.eu\/pl\/wp-json\/wp\/v2\/product"}],"about":[{"href":"https:\/\/creativityshop.eu\/pl\/wp-json\/wp\/v2\/types\/product"}],"wp:featuredmedia":[{"embeddable":true,"href":"https:\/\/creativityshop.eu\/pl\/wp-json\/wp\/v2\/media\/30490"}],"wp:attachment":[{"href":"https:\/\/creativityshop.eu\/pl\/wp-json\/wp\/v2\/media?parent=30497"}],"wp:term":[{"taxonomy":"product_brand","embeddable":true,"href":"https:\/\/creativityshop.eu\/pl\/wp-json\/wp\/v2\/product_brand?post=30497"},{"taxonomy":"product_cat","embeddable":true,"href":"https:\/\/creativityshop.eu\/pl\/wp-json\/wp\/v2\/product_cat?post=30497"},{"taxonomy":"product_tag","embeddable":true,"href":"https:\/\/creativityshop.eu\/pl\/wp-json\/wp\/v2\/product_tag?post=30497"}],"curies":[{"name":"wp","href":"https:\/\/api.w.org\/{rel}","templated":true}]}}